{"id":7449,"date":"2025-09-12T16:26:16","date_gmt":"2025-09-12T08:26:16","guid":{"rendered":"https:\/\/www.qualitester.com\/?page_id=7449"},"modified":"2025-09-12T16:28:00","modified_gmt":"2025-09-12T08:28:00","slug":"loop-tack-tester","status":"publish","type":"page","link":"https:\/\/www.qualitester.com\/sv\/applications\/loop-tack-tester\/","title":{"rendered":"Loop Tack Tester f\u00f6r ASTM D6195 testning av limprestanda"},"content":{"rendered":"<p><a href=\"https:\/\/www.qualitester.com\/sv\/?s=LTT\"><img fetchpriority=\"high\" decoding=\"async\" class=\"wp-image-7452 alignleft\" src=\"https:\/\/www.qualitester.com\/wp-content\/uploads\/2025\/09\/LTT-01-Loop-Tack-Tester--277x300.webp\" alt=\"\u00d6glan Tack Tester\" width=\"245\" height=\"265\" srcset=\"https:\/\/www.qualitester.com\/wp-content\/uploads\/2025\/09\/LTT-01-Loop-Tack-Tester--277x300.webp 277w, https:\/\/www.qualitester.com\/wp-content\/uploads\/2025\/09\/LTT-01-Loop-Tack-Tester--11x12.webp 11w, https:\/\/www.qualitester.com\/wp-content\/uploads\/2025\/09\/LTT-01-Loop-Tack-Tester-.webp 600w\" sizes=\"(max-width: 245px) 100vw, 245px\" \/><\/a>Tryckk\u00e4nsliga lim (PSA) anv\u00e4nds ofta i f\u00f6rpackningar, medicintekniska produkter, elektronik och konsumentvaror. Deras f\u00f6rm\u00e5ga att <strong data-start=\"481\" data-end=\"512\">omedelbar och tillf\u00f6rlitlig bindning<\/strong> \u00e4r avg\u00f6rande f\u00f6r produktprestanda och kundn\u00f6jdhet. F\u00f6r att utv\u00e4rdera denna egenskap <strong data-start=\"604\" data-end=\"624\">\u00d6glan Tack Tester<\/strong> ger standardiserade, repeterbara m\u00e4tningar av den initiala bindningskraften, eller <em data-start=\"705\" data-end=\"711\">tack<\/em>. F\u00f6ljande <strong data-start=\"723\" data-end=\"737\">ASTM D6195<\/strong>, Med dessa tester s\u00e4kerst\u00e4lls korrekta och j\u00e4mf\u00f6rbara resultat som v\u00e4gleder b\u00e5de produktutveckling och kvalitetskontroll.<\/p>\n<hr \/>\n<h2>testutrustning f\u00f6r sj\u00e4lvh\u00e4ftande slinga och dess betydelse<\/h2>\n<p data-start=\"914\" data-end=\"1160\"><strong data-start=\"914\" data-end=\"951\">Testutrustning f\u00f6r sj\u00e4lvh\u00e4ftande loop tack<\/strong> \u00e4r utformat f\u00f6r att m\u00e4ta bindningsf\u00f6rm\u00e5gan vid \u201cf\u00f6rsta kontakt\u201d f\u00f6r PSA-produkter, t.ex. tejper, etiketter och klisterm\u00e4rken. Detta test \u00e4r s\u00e4rskilt viktigt f\u00f6r industrier d\u00e4r <strong data-start=\"1122\" data-end=\"1144\">omedelbar vidh\u00e4ftning<\/strong> \u00e4r viktigt:<\/p>\n<ul data-start=\"1162\" data-end=\"1409\">\n<li data-start=\"1162\" data-end=\"1236\">\n<p data-start=\"1164\" data-end=\"1236\"><strong data-start=\"1164\" data-end=\"1194\">F\u00f6rpackningslinjer med h\u00f6g hastighet<\/strong>, d\u00e4r etiketter m\u00e5ste f\u00e4stas utan dr\u00f6jsm\u00e5l.<\/p>\n<\/li>\n<li data-start=\"1237\" data-end=\"1315\">\n<p data-start=\"1239\" data-end=\"1315\"><strong data-start=\"1239\" data-end=\"1269\">Medicinska tejper och bandage<\/strong>, vilket kr\u00e4ver snabb och s\u00e4ker vidh\u00e4ftning till huden.<\/p>\n<\/li>\n<li data-start=\"1316\" data-end=\"1409\">\n<p data-start=\"1318\" data-end=\"1409\"><strong data-start=\"1318\" data-end=\"1341\">Elektronisk montering<\/strong>, d\u00e4r skyddsfilmer eller sj\u00e4lvh\u00e4ftande skikt m\u00e5ste f\u00e4sta omedelbart.<\/p>\n<\/li>\n<\/ul>\n<p data-start=\"1411\" data-end=\"1445\">ASTM D6195 beskriver tv\u00e5 metoder:<\/p>\n<ul data-start=\"1446\" data-end=\"1698\">\n<li data-start=\"1446\" data-end=\"1533\">\n<p data-start=\"1448\" data-end=\"1533\"><strong data-start=\"1448\" data-end=\"1460\">Metod A<\/strong>: Med hj\u00e4lp av en dragprovare med en 175 mm (7 tum) l\u00e5ng tejpremsa.<\/p>\n<\/li>\n<li data-start=\"1534\" data-end=\"1698\">\n<p data-start=\"1536\" data-end=\"1698\"><strong data-start=\"1536\" data-end=\"1548\">Metod B<\/strong>: Anv\u00e4nda en dedikerad <strong data-start=\"1568\" data-end=\"1588\">\u00d6glan Tack Tester<\/strong>, utformad f\u00f6r att m\u00e4ta den maximala kraft som kr\u00e4vs f\u00f6r att lossa en tejpslinga fr\u00e5n en 25\u00d725 mm stor yta av rostfritt st\u00e5l.<\/p>\n<\/li>\n<\/ul>\n<p data-start=\"1700\" data-end=\"1841\">B\u00e5da metoderna s\u00e4kerst\u00e4ller standardiserad utv\u00e4rdering, vilket ger <strong data-start=\"1755\" data-end=\"1776\">kvantitativa data<\/strong> som \u00e4r j\u00e4mf\u00f6rbara mellan laboratorier, produkter och partier.<\/p>\n<hr \/>\n<h2 data-start=\"1700\" data-end=\"1841\">Hur en <a href=\"https:\/\/www.qualitester.com\/sv\/?s=LTT\">\u00d6glan Tack Tester<\/a> Verk<\/h2>\n<p data-start=\"1883\" data-end=\"1953\">Testprocessen f\u00f6r en <strong data-start=\"1908\" data-end=\"1928\">\u00d6glan Tack Tester<\/strong> \u00e4r enkel men \u00e4nd\u00e5 exakt:<\/p>\n<ol data-start=\"1955\" data-end=\"2221\">\n<li data-start=\"1955\" data-end=\"2028\">\n<p data-start=\"1958\" data-end=\"2028\">En remsa av sj\u00e4lvh\u00e4ftande tejp formas till en \u00f6gla med den klibbiga sidan ut\u00e5t.<\/p>\n<\/li>\n<li data-start=\"2029\" data-end=\"2118\">\n<p data-start=\"2032\" data-end=\"2118\">Slingan appliceras f\u00f6rsiktigt p\u00e5 en rostfri st\u00e5lplatta under <strong data-start=\"2092\" data-end=\"2115\">endast sin egen vikt<\/strong>.<\/p>\n<\/li>\n<li data-start=\"2119\" data-end=\"2221\">\n<p data-start=\"2122\" data-end=\"2221\">Testaren drar bort slingan medan han registrerar <strong data-start=\"2173\" data-end=\"2199\">maximal kraft som kr\u00e4vs<\/strong> f\u00f6r att lossa bandet.<\/p>\n<\/li>\n<\/ol>\n<p data-start=\"2223\" data-end=\"2461\">Den uppm\u00e4tta <strong data-start=\"2236\" data-end=\"2250\">maximal kraft<\/strong> indikerar limmets initiala klibbighet. Denna metod simulerar verkliga f\u00f6rh\u00e5llanden d\u00e4r lim m\u00e5ste f\u00e4sta snabbt med minimalt tryck, t.ex. i <strong data-start=\"2404\" data-end=\"2458\">applikationer f\u00f6r etikettering, f\u00f6rsegling eller skyddsfilm<\/strong>.<\/p>\n<hr \/>\n<h2 data-start=\"2223\" data-end=\"2461\">Ut\u00f6kade till\u00e4mpningar inom olika branscher<\/h2>\n<p data-start=\"2514\" data-end=\"2596\">Den <strong data-start=\"2518\" data-end=\"2538\">\u00d6glan Tack Tester<\/strong> har ett brett anv\u00e4ndningsomr\u00e5de ut\u00f6ver grundl\u00e4ggande PSA-testning:<\/p>\n<ul data-start=\"2598\" data-end=\"3261\">\n<li data-start=\"2598\" data-end=\"2732\">\n<p data-start=\"2600\" data-end=\"2732\"><strong data-start=\"2600\" data-end=\"2622\">F\u00f6rpackningsindustrin<\/strong>: S\u00e4kerst\u00e4ller att etiketter, f\u00f6rseglingsband och skyddsfilmer f\u00e4ster tillf\u00f6rlitligt p\u00e5 kartonger, flaskor eller flexibla filmer.<\/p>\n<\/li>\n<li data-start=\"2733\" data-end=\"2864\">\n<p data-start=\"2735\" data-end=\"2864\"><strong data-start=\"2735\" data-end=\"2754\">Medicintekniska produkter<\/strong>: Utv\u00e4rderar prestanda f\u00f6r bandage, medicinska tejper och pl\u00e5ster f\u00f6r omedelbar vidh\u00e4ftning och patients\u00e4kerhet.<\/p>\n<\/li>\n<li data-start=\"2865\" data-end=\"2996\">\n<p data-start=\"2867\" data-end=\"2996\"><strong data-start=\"2867\" data-end=\"2897\">Elektronik och fordonsindustri<\/strong>: Bekr\u00e4ftar att lim f\u00f6r skyddsfilmer, monteringsdelar eller isoleringsskikt f\u00e4ster omedelbart.<\/p>\n<\/li>\n<li data-start=\"2997\" data-end=\"3120\">\n<p data-start=\"2999\" data-end=\"3120\"><strong data-start=\"2999\" data-end=\"3030\">Konsumentvaror och textilier<\/strong>: Testar etiketter, klisterm\u00e4rken och sj\u00e4lvh\u00e4ftande tillbeh\u00f6r med avseende p\u00e5 h\u00e5llbarhet och prestanda.<\/p>\n<\/li>\n<li data-start=\"3121\" data-end=\"3261\">\n<p data-start=\"3123\" data-end=\"3261\"><strong data-start=\"3123\" data-end=\"3160\">Dagliga kemikalier &amp; l\u00e4kemedel<\/strong>: Bed\u00f6mer f\u00f6rpackningsetiketter f\u00f6r att s\u00e4kerst\u00e4lla att de bibeh\u00e5ller vidh\u00e4ftningen under lagrings- och hanteringsf\u00f6rh\u00e5llanden.<\/p>\n<\/li>\n<\/ul>\n<p data-start=\"3263\" data-end=\"3429\">Genom att utf\u00f6ra <strong data-start=\"3277\" data-end=\"3298\">test av \u00f6glel\u00e5sning<\/strong>, minskar tillverkarna risken f\u00f6r fel p\u00e5 limmet, f\u00f6rb\u00e4ttrar kvalitetss\u00e4kringen och \u00f6kar <strong data-start=\"3391\" data-end=\"3426\">kundn\u00f6jdhet och f\u00f6rtroende<\/strong>.<\/p>\n<hr \/>\n<h2 data-start=\"3263\" data-end=\"3429\">F\u00f6rdelar med Cell Instruments Loop Tack Tester<\/h2>\n<p data-start=\"3490\" data-end=\"3592\">Cell Instruments erbjuder <strong data-start=\"3514\" data-end=\"3545\">precision Loop Tack Testers<\/strong> konstruerad f\u00f6r tillf\u00f6rlitlig utv\u00e4rdering av lim:<\/p>\n<ul data-start=\"3594\" data-end=\"4110\">\n<li data-start=\"3594\" data-end=\"3675\">\n<p data-start=\"3596\" data-end=\"3675\"><strong data-start=\"3596\" data-end=\"3621\">\u00d6verensst\u00e4mmelse med ASTM D6195<\/strong>: S\u00e4kerst\u00e4ller att testresultaten uppfyller internationella standarder.<\/p>\n<\/li>\n<li data-start=\"3676\" data-end=\"3788\">\n<p data-start=\"3678\" data-end=\"3788\"><strong data-start=\"3678\" data-end=\"3713\">H\u00f6g noggrannhet och repeterbarhet<\/strong>: Digitala sensorer och kontrollerade testf\u00f6rh\u00e5llanden minimerar den m\u00e4nskliga faktorn.<\/p>\n<\/li>\n<li data-start=\"3789\" data-end=\"3894\">\n<p data-start=\"3791\" data-end=\"3894\"><strong data-start=\"3791\" data-end=\"3818\">Anv\u00e4ndarv\u00e4nligt gr\u00e4nssnitt<\/strong>: F\u00f6renklad drift, vilket g\u00f6r rutintester snabbare och mer konsekventa.<\/p>\n<\/li>\n<li data-start=\"3895\" data-end=\"4003\">\n<p data-start=\"3897\" data-end=\"4003\"><strong data-start=\"3897\" data-end=\"3921\">Anpassningsbara alternativ<\/strong>: Anpassningsbar till olika tejptyper, underlagsmaterial och testf\u00f6rh\u00e5llanden.<\/p>\n<\/li>\n<li data-start=\"4004\" data-end=\"4110\">\n<p data-start=\"4006\" data-end=\"4110\"><strong data-start=\"4006\" data-end=\"4037\">Dataregistrering och analys<\/strong>: Registrerar m\u00e4tv\u00e4rden f\u00f6r toppkraft f\u00f6r omfattande kvalitetsdokumentation.<\/p>\n<\/li>\n<\/ul>\n<p data-start=\"4112\" data-end=\"4293\">Dessa f\u00f6rdelar g\u00f6r att <strong data-start=\"4138\" data-end=\"4175\">Cell Instruments Loop Tack Tester<\/strong> idealisk f\u00f6r <strong data-start=\"4186\" data-end=\"4245\">laboratorier, FoU-team och kvalitetskontroll i produktionen<\/strong>, vilket ger f\u00f6rtroende f\u00f6r utv\u00e4rdering av lim.<\/p>\n<hr \/>\n<h2 data-start=\"4112\" data-end=\"4293\">B\u00e4sta praxis f\u00f6r Loop Tack-testning<\/h2>\n<p data-start=\"4343\" data-end=\"4387\">F\u00f6r att s\u00e4kerst\u00e4lla korrekta och meningsfulla resultat:<\/p>\n<ol data-start=\"4389\" data-end=\"4844\">\n<li data-start=\"4389\" data-end=\"4473\">\n<p data-start=\"4392\" data-end=\"4473\"><strong data-start=\"4392\" data-end=\"4418\">Konditionera limmet<\/strong> vid normal temperatur och luftfuktighet f\u00f6re provning.<\/p>\n<\/li>\n<li data-start=\"4474\" data-end=\"4571\">\n<p data-start=\"4477\" data-end=\"4571\"><strong data-start=\"4477\" data-end=\"4516\">Reng\u00f6r underlaget av rostfritt st\u00e5l<\/strong> f\u00f6r att avl\u00e4gsna damm eller fett som kan p\u00e5verka vidh\u00e4ftningen.<\/p>\n<\/li>\n<li data-start=\"4572\" data-end=\"4675\">\n<p data-start=\"4575\" data-end=\"4675\"><strong data-start=\"4575\" data-end=\"4609\">Anv\u00e4nd konsekventa slingdimensioner<\/strong> (t.ex. 25\u00d725 mm kontaktyta) och bibeh\u00e5lla en j\u00e4mn vikt p\u00e5 tejpen.<\/p>\n<\/li>\n<li data-start=\"4676\" data-end=\"4755\">\n<p style=\"text-align: left;\" data-start=\"4679\" data-end=\"4755\"><strong data-start=\"4679\" data-end=\"4710\">F\u00f6lj <a href=\"https:\/\/store.astm.org\/d6195-03r19.html\" target=\"_blank\" rel=\"noopener nofollow\">ASTM D6195<\/a> protokoll<\/strong> f\u00f6r att uppn\u00e5 repeterbara och j\u00e4mf\u00f6rbara resultat.<\/p>\n<\/li>\n<li data-start=\"4756\" data-end=\"4844\">\n<p data-start=\"4759\" data-end=\"4844\"><strong data-start=\"4759\" data-end=\"4788\">Dokumentera alla m\u00e4tningar<\/strong> f\u00f6r att sp\u00e5ra prestandatrender och produktf\u00f6rb\u00e4ttringar.<\/p>\n<\/li>\n<\/ol>\n<p data-start=\"4846\" data-end=\"5009\">Genom att f\u00f6lja dessa metoder kan tillverkarna <strong data-start=\"4894\" data-end=\"4928\">optimera limformuleringar<\/strong>, fels\u00f6ka problem med bindning och validera nya produkter innan de sl\u00e4pps p\u00e5 marknaden.<\/p>\n<hr \/>\n<h2 data-start=\"5016\" data-end=\"5031\">Slutsats<\/h2>\n<p data-start=\"5033\" data-end=\"5393\">Den <strong data-start=\"5037\" data-end=\"5057\">\u00d6glan Tack Tester<\/strong> \u00e4r ett viktigt verktyg f\u00f6r att utv\u00e4rdera <strong data-start=\"5093\" data-end=\"5122\">initial vidh\u00e4ftningsstyrka<\/strong> av tryckk\u00e4nsliga lim i \u00f6verensst\u00e4mmelse med <strong data-start=\"5174\" data-end=\"5188\">ASTM D6195<\/strong>. Dess standardiserade testmetoder, s\u00e4rskilt n\u00e4r man anv\u00e4nder <strong data-start=\"5246\" data-end=\"5283\">testutrustning f\u00f6r sj\u00e4lvh\u00e4ftande loop tack<\/strong>, hj\u00e4lper tillverkarna att uppr\u00e4tth\u00e5lla en j\u00e4mn kvalitet, minska antalet produktfel och s\u00e4kerst\u00e4lla kundn\u00f6jdhet.<\/p>\n<p data-start=\"5395\" data-end=\"5752\">F\u00f6r f\u00f6retag som s\u00f6ker <strong data-start=\"5417\" data-end=\"5481\">tillf\u00f6rlitliga, exakta och kompatibla l\u00f6sningar f\u00f6r limtestning<\/strong>, den <strong data-start=\"5487\" data-end=\"5524\"><a href=\"https:\/\/www.qualitester.com\/sv\/\">Cellinstrument<\/a> \u00d6glan Tack Tester<\/strong> erbjuder precision, h\u00e5llbarhet och flexibilitet inom ett brett spektrum av branscher. Att investera i h\u00f6gkvalitativ testutrustning f\u00f6r loop tack s\u00e4kerst\u00e4ller <strong data-start=\"5668\" data-end=\"5749\">b\u00e4ttre produktprestanda, s\u00e4krare anv\u00e4ndning och l\u00e5ngsiktig konkurrenskraft p\u00e5 marknaden<\/strong>.<\/p>","protected":false},"excerpt":{"rendered":"<p>Pressure-sensitive adhesives (PSAs) are widely used in packaging, medical devices, electronics, and consumer goods. Their ability to bond instantly and reliably is critical to product performance and customer satisfaction. To evaluate this property, a Loop Tack Tester provides standardized, repeatable measurements of the initial bonding force, or tack. Following ASTM D6195, this testing ensures accurate &hellip;<\/p>\n<p class=\"read-more\"> <a class=\"\" href=\"https:\/\/www.qualitester.com\/sv\/applications\/loop-tack-tester\/\"> <span class=\"screen-reader-text\">Loop Tack Tester f\u00f6r ASTM D6195 testning av limprestanda<\/span> L\u00e4s mer \"<\/a><\/p>","protected":false},"author":3,"featured_media":0,"parent":6794,"menu_order":0,"comment_status":"closed","ping_status":"closed","template":"","meta":{"site-sidebar-layout":"default","site-content-layout":"default","ast-global-header-display":"","ast-main-header-display":"","ast-hfb-above-header-display":"","ast-hfb-below-header-display":"","ast-hfb-mobile-header-display":"","site-post-title":"","ast-breadcrumbs-content":"","ast-featured-img":"","footer-sml-layout":"","theme-transparent-header-meta":"default","adv-header-id-meta":"","stick-header-meta":"","header-above-stick-meta":"","header-main-stick-meta":"","header-below-stick-meta":"","footnotes":""},"class_list":["post-7449","page","type-page","status-publish","hentry"],"_links":{"self":[{"href":"https:\/\/www.qualitester.com\/sv\/wp-json\/wp\/v2\/pages\/7449","targetHints":{"allow":["GET"]}}],"collection":[{"href":"https:\/\/www.qualitester.com\/sv\/wp-json\/wp\/v2\/pages"}],"about":[{"href":"https:\/\/www.qualitester.com\/sv\/wp-json\/wp\/v2\/types\/page"}],"author":[{"embeddable":true,"href":"https:\/\/www.qualitester.com\/sv\/wp-json\/wp\/v2\/users\/3"}],"replies":[{"embeddable":true,"href":"https:\/\/www.qualitester.com\/sv\/wp-json\/wp\/v2\/comments?post=7449"}],"version-history":[{"count":0,"href":"https:\/\/www.qualitester.com\/sv\/wp-json\/wp\/v2\/pages\/7449\/revisions"}],"up":[{"embeddable":true,"href":"https:\/\/www.qualitester.com\/sv\/wp-json\/wp\/v2\/pages\/6794"}],"wp:attachment":[{"href":"https:\/\/www.qualitester.com\/sv\/wp-json\/wp\/v2\/media?parent=7449"}],"curies":[{"name":"wp","href":"https:\/\/api.w.org\/{rel}","templated":true}]}}