{"id":6805,"date":"2025-07-15T16:40:14","date_gmt":"2025-07-15T08:40:14","guid":{"rendered":"https:\/\/www.qualitester.com\/?page_id=6805"},"modified":"2025-07-15T16:40:14","modified_gmt":"2025-07-15T08:40:14","slug":"astm-f2096","status":"publish","type":"page","link":"https:\/\/www.qualitester.com\/sv\/standards\/astm-f2096\/","title":{"rendered":"ASTM F2096"},"content":{"rendered":"<h1 style=\"text-align: center;\">ASTM F2096<br \/>\n<small>L\u00e4ckagetestning med bruttobubbla<\/small><\/h1>\n<hr \/>\n<p data-start=\"328\" data-end=\"647\"><strong data-start=\"328\" data-end=\"342\"><a href=\"https:\/\/www.qualitester.com\/sv\/\"><img decoding=\"async\" class=\"alignleft wp-image-6814\" src=\"https:\/\/www.qualitester.com\/wp-content\/uploads\/2025\/07\/Headquarters_\u526f\u672c-300x300.webp\" alt=\"ASTM F2096-grov l\u00e4ckagebubbelm\u00e4tare\" width=\"199\" height=\"199\" srcset=\"https:\/\/www.qualitester.com\/wp-content\/uploads\/2025\/07\/Headquarters_\u526f\u672c-300x300.webp 300w, https:\/\/www.qualitester.com\/wp-content\/uploads\/2025\/07\/Headquarters_\u526f\u672c-150x150.webp 150w, https:\/\/www.qualitester.com\/wp-content\/uploads\/2025\/07\/Headquarters_\u526f\u672c-12x12.webp 12w, https:\/\/www.qualitester.com\/wp-content\/uploads\/2025\/07\/Headquarters_\u526f\u672c-100x100.webp 100w, https:\/\/www.qualitester.com\/wp-content\/uploads\/2025\/07\/Headquarters_\u526f\u672c.webp 600w\" sizes=\"(max-width: 199px) 100vw, 199px\" \/><\/a>ASTM F2096<\/strong> \u00e4r en allm\u00e4nt erk\u00e4nd standardtestmetod som anv\u00e4nds f\u00f6r <strong data-start=\"396\" data-end=\"434\">uppt\u00e4cka grova l\u00e4ckor i f\u00f6rpackningar<\/strong> genom intern trycks\u00e4ttning, allm\u00e4nt k\u00e4nd som <strong data-start=\"490\" data-end=\"510\">l\u00e4ckagetest f\u00f6r bubblor<\/strong>. Detta test \u00e4r avg\u00f6rande f\u00f6r kvalitetss\u00e4kringsprotokoll f\u00f6r medicintekniska produkter, l\u00e4kemedel och andra f\u00f6rpackningssektorer med h\u00f6g integritet.<\/p>\n<p data-start=\"649\" data-end=\"924\">Metoden g\u00e5r ut p\u00e5 att s\u00e4nka ner ett paket under vatten och injicera luft inuti. En synlig <strong data-start=\"738\" data-end=\"759\">str\u00f6m av bubblor<\/strong> indikerar en l\u00e4ckagev\u00e4g eller att t\u00e4tningen inte fungerar. Den enkla implementeringen, den visuella tydligheten och f\u00f6rm\u00e5gan att hantera olika f\u00f6rpackningstyper g\u00f6r den till ett alternativ som f\u00f6redras av branschen.<\/p>\n<p data-start=\"926\" data-end=\"1127\">P\u00e5 Cell Instruments erbjuder vi h\u00f6gpresterande testl\u00f6sningar som \u00e4r skr\u00e4ddarsydda f\u00f6r ASTM F2096, inklusive v\u00e5ra <a href=\"https:\/\/www.qualitester.com\/sv\/produkt-2\/sale-gross-bubble-leak-test-equipment\/\"><strong data-start=\"1030\" data-end=\"1065\">GLT-01 Bubbeltestare f\u00f6r bruttol\u00e4ckage<\/strong><\/a>, konstruerad f\u00f6r k\u00e4nsliga och exakta bubbelemissionstester.<\/p>\n<hr \/>\n<h2 data-start=\"926\" data-end=\"1127\">\u00d6versikt \u00f6ver testproceduren f\u00f6r bubbell\u00e4ckage<\/h2>\n<h3 data-start=\"1181\" data-end=\"1227\">Bubble Emission Test f\u00f6r paketintegritet<\/h3>\n<p data-start=\"1229\" data-end=\"1468\">Den <strong data-start=\"1233\" data-end=\"1257\">Test av utsl\u00e4pp av bubblor<\/strong> under ASTM F2096 \u00e4r utformad f\u00f6r att simulera verkliga felscenarier i f\u00f6rpackningar. Den utv\u00e4rderar defekter s\u00e5som <strong data-start=\"1371\" data-end=\"1388\">fel p\u00e5 t\u00e4tningar<\/strong>, <strong data-start=\"1390\" data-end=\"1402\">n\u00e5lh\u00e5l<\/strong>, eller <strong data-start=\"1407\" data-end=\"1426\">materialsprickor<\/strong>, s\u00e4kerst\u00e4lla produktens sterilitet och s\u00e4kerhet.<\/p>\n<p data-start=\"1470\" data-end=\"1506\">Tv\u00e5 prim\u00e4ra f\u00f6rfaranden beskrivs:<\/p>\n<ul>\n<li data-start=\"1510\" data-end=\"1551\"><strong data-start=\"1510\" data-end=\"1527\">Testmetod A<\/strong> f\u00f6r icke por\u00f6sa f\u00f6rpackningar<\/li>\n<li data-start=\"1554\" data-end=\"1607\"><strong data-start=\"1554\" data-end=\"1571\">Testmetod B<\/strong> f\u00f6r por\u00f6sa material (t.ex. Tyvek\u00ae)<\/li>\n<\/ul>\n<p data-start=\"1609\" data-end=\"1640\">De typiska teststegen omfattar:<\/p>\n<ol>\n<li data-start=\"1644\" data-end=\"1690\">Skapar en kontrollerad punktering i f\u00f6rpackningen.<\/li>\n<li data-start=\"1694\" data-end=\"1745\">Den s\u00e4nks ned under cirka 25,4 mm vatten.<\/li>\n<li data-start=\"1749\" data-end=\"1791\">Injicering av luft med ett f\u00f6rutbest\u00e4mt tryck.<\/li>\n<li data-start=\"1795\" data-end=\"1841\">Titta efter bubbelstr\u00f6mmar som indikerar l\u00e4ckage.<\/li>\n<\/ol>\n<p data-start=\"1843\" data-end=\"1972\">Detta <strong data-start=\"1848\" data-end=\"1872\">grov l\u00e4cks\u00f6kning<\/strong> metod \u00e4r <strong data-start=\"1883\" data-end=\"1898\">destruktiv<\/strong> och \u00e4r idealisk f\u00f6r designvalidering, kvalitetskontroll och efterlevnadstestning.<\/p>\n<div class=\"ast-oembed-container\" style=\"height: 100%;\"><iframe title=\"ASTM F2096 grov l\u00e4ckagetestning f\u00f6r medicinska f\u00f6rpackningar\" width=\"500\" height=\"281\" src=\"https:\/\/www.youtube.com\/embed\/r9kJf2d8xDw?feature=oembed\" frameborder=\"0\" allow=\"accelerometer; autoplay; clipboard-write; encrypted-media; gyroscope; picture-in-picture; web-share\" referrerpolicy=\"strict-origin-when-cross-origin\" allowfullscreen><\/iframe><\/div>\n<hr \/>\n<h2 data-start=\"1843\" data-end=\"1972\">Bubbeltestare f\u00f6r grovt l\u00e4ckage: Roll och betydelse<\/h2>\n<p data-start=\"2029\" data-end=\"2136\">F\u00f6r att utf\u00f6ra ASTM F2096 p\u00e5 ett effektivt s\u00e4tt m\u00e5ste en <strong data-start=\"2066\" data-end=\"2094\">bubbelm\u00e4tare f\u00f6r bruttol\u00e4ckage<\/strong> \u00e4r n\u00f6dv\u00e4ndig. Denna apparat best\u00e5r av:<\/p>\n<ul>\n<li data-start=\"2140\" data-end=\"2201\">Ett tryckleveranssystem med en <strong data-start=\"2174\" data-end=\"2201\">reglerventil f\u00f6r avluftning<\/strong><\/li>\n<li data-start=\"2204\" data-end=\"2242\">En transparent <strong data-start=\"2218\" data-end=\"2242\">neds\u00e4nkningstank f\u00f6r vatten<\/strong><\/li>\n<li data-start=\"2245\" data-end=\"2301\">En anordning f\u00f6r punktering och \u00f6vervakning av inre tryck<\/li>\n<\/ul>\n<p data-start=\"2303\" data-end=\"2437\">Genom att anv\u00e4nda en korrekt kalibrerad testare s\u00e4kerst\u00e4lls repeterbara och <strong data-start=\"2361\" data-end=\"2388\">noggrann l\u00e4cks\u00f6kning<\/strong>, vilket minskar antalet falska positiva resultat eller f\u00f6rbisedda defekter.<\/p>\n<p data-start=\"2439\" data-end=\"2534\"><strong data-start=\"2439\" data-end=\"2485\"><a href=\"https:\/\/www.qualitester.com\/sv\/\">Cellinstrument<\/a>\u2019 GLT-01 Testare av bruttol\u00e4ckage<\/strong> \u00e4r specialbyggd f\u00f6r denna standard. Den har st\u00f6d f\u00f6r:<\/p>\n<ul>\n<li data-start=\"2537\" data-end=\"2577\">Exakt l\u00e5gtrycksreglering (0-50 mbar)<\/li>\n<li data-start=\"2580\" data-end=\"2635\">Transparent observationskammare f\u00f6r \u00f6kad synlighet<\/li>\n<li data-start=\"2638\" data-end=\"2687\">Anpassningsbara fixturer f\u00f6r olika f\u00f6rpackningsformat<\/li>\n<\/ul>\n<p data-start=\"2689\" data-end=\"2849\">Detta g\u00f6r den till en idealisk l\u00f6sning f\u00f6r tillverkare inom <strong data-start=\"2742\" data-end=\"2779\">medicin, livsmedel och l\u00e4kemedel<\/strong> industrier som m\u00e5ste f\u00f6lja strikta standarder f\u00f6r f\u00f6rpackningsintegritet.<\/p>\n<hr \/>\n<h2 data-start=\"2689\" data-end=\"2849\">Till\u00e4mpning av ASTM F2096 i industrin<\/h2>\n<h3>Varf\u00f6r ASTM F2096 \u00e4r viktig<\/h3>\n<p data-start=\"2926\" data-end=\"2974\">S\u00e4kerst\u00e4lla <strong data-start=\"2935\" data-end=\"2956\">paketets integritet<\/strong> \u00e4r viktigt f\u00f6r:<\/p>\n<ul>\n<li data-start=\"2977\" data-end=\"3021\"><strong data-start=\"2977\" data-end=\"3000\">Sterilitetss\u00e4kring<\/strong> i medicinska f\u00f6rpackningar<\/li>\n<li data-start=\"3024\" data-end=\"3067\"><strong data-start=\"3024\" data-end=\"3049\">Kontroll av kontaminering<\/strong> i livsmedelsf\u00f6rpackningar<\/li>\n<li data-start=\"3070\" data-end=\"3114\"><strong data-start=\"3070\" data-end=\"3094\">Stabilitet under h\u00e5llbarhetstiden<\/strong> f\u00f6r l\u00e4kemedel<\/li>\n<\/ul>\n<p data-start=\"3116\" data-end=\"3410\">Denna standard st\u00f6der myndigheternas och kundernas f\u00f6rv\u00e4ntningar genom att tillhandah\u00e5lla <strong data-start=\"3189\" data-end=\"3236\">ett visuellt och okomplicerat integritetstest<\/strong> med kvantifierbar k\u00e4nslighet. Enligt standarden kan den uppt\u00e4cka l\u00e4ckor som \u00e4r s\u00e5 sm\u00e5 som <strong data-start=\"3327\" data-end=\"3337\">250 \u03bcm<\/strong> med <strong data-start=\"3343\" data-end=\"3362\">81% sannolikhet<\/strong>, vilket g\u00f6r den l\u00e4mplig f\u00f6r till\u00e4mpningar med h\u00f6g risk.<\/p>\n<p data-start=\"3412\" data-end=\"3563\">Tillverkare som antar ASTM F2096 som en rutinm\u00e4ssig QC-metod visar engagemang f\u00f6r att <strong data-start=\"3496\" data-end=\"3514\">produkts\u00e4kerhet<\/strong>, <strong data-start=\"3516\" data-end=\"3541\">efterlevnad av regelverk<\/strong>, och <strong data-start=\"3547\" data-end=\"3562\">f\u00f6rtroende f\u00f6r varum\u00e4rket<\/strong>.<\/p>\n<hr \/>\n<h2 data-start=\"3412\" data-end=\"3563\">F\u00f6rdelar med att anv\u00e4nda Cell Instruments GLT-01<\/h2>\n<p data-start=\"3616\" data-end=\"3808\">N\u00e4r du utf\u00f6r en <strong data-start=\"3634\" data-end=\"3664\">Testf\u00f6rfarande f\u00f6r bubbell\u00e4ckage<\/strong>, Om du anv\u00e4nder r\u00e4tt utrustning p\u00e5verkar det noggrannheten och effektiviteten avsev\u00e4rt. Den <strong data-start=\"3743\" data-end=\"3778\">GLT-01 Bubbeltestare f\u00f6r bruttol\u00e4ckage<\/strong> fr\u00e5n Cell Instruments erbjuder:<\/p>\n<ul>\n<li data-start=\"3812\" data-end=\"3876\"><strong data-start=\"3812\" data-end=\"3844\">Tillf\u00f6rlitlig tryckreglering<\/strong> f\u00f6r konsekvent testk\u00e4nslighet<\/li>\n<li data-start=\"3879\" data-end=\"3941\"><strong data-start=\"3879\" data-end=\"3902\">Transparent kammare<\/strong> g\u00f6r det enkelt att uppt\u00e4cka sm\u00e5 l\u00e4ckor<\/li>\n<li data-start=\"3944\" data-end=\"4015\"><strong data-start=\"3944\" data-end=\"3964\">Anpassningsbar design<\/strong> l\u00e4mplig f\u00f6r p\u00e5sar, brickor och prover med udda storlek<\/li>\n<li data-start=\"4018\" data-end=\"4093\"><strong data-start=\"4018\" data-end=\"4048\">\u00d6verensst\u00e4mmelse med ASTM F2096<\/strong>, ISO-standarder och GMP-valideringsprotokoll<\/li>\n<\/ul>\n<p data-start=\"4095\" data-end=\"4260\">Denna testare hj\u00e4lper laboratorier och produktionslinjer <strong data-start=\"4139\" data-end=\"4177\">effektivisera sina testprocesser<\/strong>, minska den m\u00e4nskliga faktorn och f\u00f6rb\u00e4ttra repeterbarheten vid utv\u00e4rderingar av f\u00f6rpackningsintegriteten.<\/p>\n<hr \/>\n<h2 data-start=\"4095\" data-end=\"4260\">Slutliga tankar<\/h2>\n<p data-start=\"4286\" data-end=\"4584\"><strong data-start=\"4286\" data-end=\"4300\"><a href=\"http:\/\/www.qualitester.com\/sv\/produkt-2\/sale-gross-bubble-leak-test-equipment\/\"><img fetchpriority=\"high\" decoding=\"async\" class=\"alignright wp-image-6813 size-medium\" src=\"https:\/\/www.qualitester.com\/wp-content\/uploads\/2025\/07\/Bubble-Leak-Test-Equipment-ASTM-F2096-Gross-Leak-Testing_\u526f\u672c-300x300.webp\" alt=\"ASTM F2096-test f\u00f6r bulleremission\" width=\"300\" height=\"300\" srcset=\"https:\/\/www.qualitester.com\/wp-content\/uploads\/2025\/07\/Bubble-Leak-Test-Equipment-ASTM-F2096-Gross-Leak-Testing_\u526f\u672c-300x300.webp 300w, https:\/\/www.qualitester.com\/wp-content\/uploads\/2025\/07\/Bubble-Leak-Test-Equipment-ASTM-F2096-Gross-Leak-Testing_\u526f\u672c-150x150.webp 150w, https:\/\/www.qualitester.com\/wp-content\/uploads\/2025\/07\/Bubble-Leak-Test-Equipment-ASTM-F2096-Gross-Leak-Testing_\u526f\u672c-12x12.webp 12w, https:\/\/www.qualitester.com\/wp-content\/uploads\/2025\/07\/Bubble-Leak-Test-Equipment-ASTM-F2096-Gross-Leak-Testing_\u526f\u672c-100x100.webp 100w, https:\/\/www.qualitester.com\/wp-content\/uploads\/2025\/07\/Bubble-Leak-Test-Equipment-ASTM-F2096-Gross-Leak-Testing_\u526f\u672c.webp 600w\" sizes=\"(max-width: 300px) 100vw, 300px\" \/><\/a>ASTM F2096<\/strong> ger ett praktiskt och effektivt s\u00e4tt att <strong data-start=\"4346\" data-end=\"4370\">grov l\u00e4cks\u00f6kning<\/strong> genom <strong data-start=\"4383\" data-end=\"4407\">Test av utsl\u00e4pp av bubblor<\/strong>. Med r\u00e4tt verktyg, som till exempel <strong data-start=\"4443\" data-end=\"4478\">GLT-01 bubbelm\u00e4tare f\u00f6r bruttol\u00e4ckage<\/strong>, kan f\u00f6retag s\u00e4kerst\u00e4lla att f\u00f6rpackningarna h\u00e5ller h\u00f6g kvalitet, minimera \u00e5terkallelser och uppr\u00e4tth\u00e5lla s\u00e4kerhetsstandarder.<\/p>\n<p data-start=\"4586\" data-end=\"4788\">F\u00f6r tillverkare inom medicin-, livsmedels- och l\u00e4kemedelssektorerna inneb\u00e4r integreringen av ASTM F2096 i deras arbetsfl\u00f6de f\u00f6r kvalitetss\u00e4kring en f\u00f6rst\u00e4rkning av <strong data-start=\"4726\" data-end=\"4751\">efterlevnad av regelverk<\/strong> och \u00f6kar <strong data-start=\"4763\" data-end=\"4786\">konsumenternas f\u00f6rtroende<\/strong>.<\/p>\n<p data-start=\"4790\" data-end=\"4906\">L\u00e4s mer om v\u00e5ra <strong data-start=\"4813\" data-end=\"4823\">GLT-01<\/strong> och hur Cell Instruments kan skr\u00e4ddarsy l\u00f6sningar f\u00f6r dina behov av l\u00e4cks\u00f6kning.<\/p>","protected":false},"excerpt":{"rendered":"<p>ASTM F2096 Gross Bubble Leak Testing ASTM F2096 \u00e4r en allm\u00e4nt erk\u00e4nd standardtestmetod som anv\u00e4nds f\u00f6r att uppt\u00e4cka grova l\u00e4ckor i f\u00f6rpackningar genom intern trycks\u00e4ttning, allm\u00e4nt k\u00e4nd som bubbel l\u00e4ckagetest. Detta test \u00e4r kritiskt i kvalitetss\u00e4kringsprotokoll f\u00f6r medicintekniska produkter, l\u00e4kemedel och andra f\u00f6rpackningssektorer med h\u00f6g integritet. Metoden inneb\u00e4r att man s\u00e4nker ner en f\u00f6rpackning ...<\/p>\n<p class=\"read-more\"> <a class=\"\" href=\"https:\/\/www.qualitester.com\/sv\/standards\/astm-f2096\/\"> <span class=\"screen-reader-text\">ASTM F2096<\/span> L\u00e4s mer \"<\/a><\/p>","protected":false},"author":3,"featured_media":0,"parent":4948,"menu_order":0,"comment_status":"closed","ping_status":"closed","template":"","meta":{"site-sidebar-layout":"default","site-content-layout":"default","ast-global-header-display":"","ast-main-header-display":"","ast-hfb-above-header-display":"","ast-hfb-below-header-display":"","ast-hfb-mobile-header-display":"","site-post-title":"","ast-breadcrumbs-content":"","ast-featured-img":"","footer-sml-layout":"","theme-transparent-header-meta":"default","adv-header-id-meta":"","stick-header-meta":"","header-above-stick-meta":"","header-main-stick-meta":"","header-below-stick-meta":"","footnotes":""},"class_list":["post-6805","page","type-page","status-publish","hentry"],"_links":{"self":[{"href":"https:\/\/www.qualitester.com\/sv\/wp-json\/wp\/v2\/pages\/6805","targetHints":{"allow":["GET"]}}],"collection":[{"href":"https:\/\/www.qualitester.com\/sv\/wp-json\/wp\/v2\/pages"}],"about":[{"href":"https:\/\/www.qualitester.com\/sv\/wp-json\/wp\/v2\/types\/page"}],"author":[{"embeddable":true,"href":"https:\/\/www.qualitester.com\/sv\/wp-json\/wp\/v2\/users\/3"}],"replies":[{"embeddable":true,"href":"https:\/\/www.qualitester.com\/sv\/wp-json\/wp\/v2\/comments?post=6805"}],"version-history":[{"count":0,"href":"https:\/\/www.qualitester.com\/sv\/wp-json\/wp\/v2\/pages\/6805\/revisions"}],"up":[{"embeddable":true,"href":"https:\/\/www.qualitester.com\/sv\/wp-json\/wp\/v2\/pages\/4948"}],"wp:attachment":[{"href":"https:\/\/www.qualitester.com\/sv\/wp-json\/wp\/v2\/media?parent=6805"}],"curies":[{"name":"wp","href":"https:\/\/api.w.org\/{rel}","templated":true}]}}