{"id":6661,"date":"2025-05-12T11:00:20","date_gmt":"2025-05-12T03:00:20","guid":{"rendered":"https:\/\/www.qualitester.com\/?page_id=6661"},"modified":"2025-05-12T11:27:11","modified_gmt":"2025-05-12T03:27:11","slug":"iso-9626","status":"publish","type":"page","link":"https:\/\/www.qualitester.com\/sv\/standards\/iso-9626\/","title":{"rendered":"ISO 9626"},"content":{"rendered":"<h1 style=\"text-align: center;\" data-start=\"553\" data-end=\"1074\">ISO 9626<br \/>\n<small>Test av spruta, n\u00e5l och slang<\/small><\/h1>\n<p class=\"\" data-start=\"553\" data-end=\"1074\"><a href=\"https:\/\/www.qualitester.com\/sv\/standards\/iso-9626\/\"><em data-start=\"553\" data-end=\"563\">ISO 9626<\/em><\/a> definierar den internationella standarden f\u00f6r <strong data-start=\"603\" data-end=\"636\">n\u00e5lslang av rostfritt st\u00e5l<\/strong> anv\u00e4nds vid tillverkning av medicintekniska produkter som hypodermiska n\u00e5lar. ISO 9626 har utvecklats f\u00f6r att garantera s\u00e4kerhet, enhetlighet och prestanda och ger strikta specifikationer f\u00f6r slangdimensioner och mekaniska egenskaper fr\u00e5n 3,4 mm (10 Gauge) till 0,18 mm (34 Gauge). Den g\u00e4ller strikt f\u00f6r <em data-start=\"933\" data-end=\"940\">styv<\/em> slangar av rostfritt st\u00e5l - \u00e4ven flexibla varianter - vilket g\u00f6r dem n\u00f6dv\u00e4ndiga f\u00f6r tillverkare av sprutn\u00e5lar och medicintekniska produkter.<\/p>\n<p class=\"\" data-start=\"1076\" data-end=\"1420\">F\u00f6r kvalitetsansvariga och tillverkare av medicintekniska produkter \u00e4r det avg\u00f6rande att f\u00f6rst\u00e5 ISO 9626. Denna standard reglerar inte bara utformningen av medicinska slangar utan f\u00f6reskriver \u00e4ven specifika tester, t.ex. <strong data-start=\"1286\" data-end=\"1316\">test av sprutn\u00e5l och slang<\/strong>, <strong data-start=\"1318\" data-end=\"1343\">Styvhetstest f\u00f6r n\u00e5lar<\/strong>, <strong data-start=\"1345\" data-end=\"1377\">test av slangens brottmotst\u00e5nd<\/strong>, och <strong data-start=\"1383\" data-end=\"1419\">Test av n\u00e5lens korrosionsbest\u00e4ndighet<\/strong>.<\/p>\n<p class=\"\" data-start=\"1422\" data-end=\"1601\">L\u00e5t oss utforska de viktigaste testmetoderna som kr\u00e4vs enligt ISO 9626 och hur tillverkare kan s\u00e4kerst\u00e4lla efterlevnad med hj\u00e4lp av specialutrustning som Cell Instruments\u2019 <strong data-start=\"1576\" data-end=\"1585\">TS-01<\/strong> och <strong data-start=\"1590\" data-end=\"1600\">NTT-01<\/strong>.<\/p>\n<hr class=\"\" data-start=\"1603\" data-end=\"1606\" \/>\n<h2 data-start=\"1608\" data-end=\"1666\">Testkrav f\u00f6r sprutn\u00e5lsslangar enligt ISO 9626<\/h2>\n<p class=\"\" data-start=\"1668\" data-end=\"1815\">F\u00f6r att s\u00e4kerst\u00e4lla att ett n\u00e5lr\u00f6r i rostfritt st\u00e5l uppfyller denna standard m\u00e5ste tillverkarna utv\u00e4rdera det mot flera kritiska prestandam\u00e5tt. Dessa inkluderar:<\/p>\n<ul>\n<li data-start=\"1819\" data-end=\"1843\"><strong data-start=\"1819\" data-end=\"1843\">Dimensionell noggrannhet<\/strong><\/li>\n<li data-start=\"1846\" data-end=\"1892\"><strong data-start=\"1846\" data-end=\"1873\">V\u00e4ggtjocklek kategori<\/strong> (RW, TW, ETW, UTW)<\/li>\n<li data-start=\"1895\" data-end=\"1930\"><strong data-start=\"1895\" data-end=\"1930\">Materialets h\u00e5llfasthet och integritet<\/strong><\/li>\n<li data-start=\"1933\" data-end=\"1976\"><strong data-start=\"1933\" data-end=\"1976\">Motst\u00e5ndskraft mot deformation och korrosion<\/strong><\/li>\n<\/ul>\n<p class=\"\" data-start=\"1978\" data-end=\"2143\">Varje m\u00e4tv\u00e4rde \u00e4r f\u00f6rknippat med standardiserade testprocedurer f\u00f6r att s\u00e4kerst\u00e4lla slangens kvalitet under hela produktionen och f\u00f6re anv\u00e4ndning i sprutor och andra medicintekniska produkter.<\/p>\n<h3 data-start=\"2150\" data-end=\"2194\"><strong data-start=\"2150\" data-end=\"2194\">1. N\u00e5lstyvhetstest - ISO 9626 bilaga B<\/strong><\/h3>\n<p class=\"\" data-start=\"2196\" data-end=\"2468\">Den <strong data-start=\"2200\" data-end=\"2225\">Styvhetstest f\u00f6r n\u00e5lar<\/strong> utv\u00e4rderar slangens f\u00f6rm\u00e5ga att motst\u00e5 b\u00f6jning under en p\u00e5lagd kraft. Enligt bilaga B till denna standard applicerar en kolv upp till 60 N kraft p\u00e5 mitten av ett n\u00e5lr\u00f6r som st\u00f6ds i b\u00e5da \u00e4ndarna. Avb\u00f6jningen m\u00e4ts sedan exakt.<\/p>\n<p class=\"\" data-start=\"2470\" data-end=\"2595\">Detta test s\u00e4kerst\u00e4ller att slangen beh\u00e5ller sin strukturella integritet under inf\u00f6randet i m\u00e4nniskokroppen utan att b\u00f6jas eller bucklas.<\/p>\n<p class=\"\" data-start=\"2597\" data-end=\"2779\"><strong data-start=\"2597\" data-end=\"2654\">Rekommenderat instrument: <a href=\"https:\/\/www.qualitester.com\/sv\/produkt-2\/medical-needle-tubing-stiffness-tester\/\" target=\"_blank\" rel=\"noopener\">TS-01 Provningsutrustning f\u00f6r r\u00f6rstyvhet<\/a><\/strong><br data-start=\"2654\" data-end=\"2657\" \/>Cell Instruments\u2019 <strong data-start=\"2675\" data-end=\"2684\">TS-01<\/strong> \u00e4r s\u00e4rskilt utformad f\u00f6r styvhetsprovning i enlighet med ISO 9626 bilaga B. Den erbjuder:<\/p>\n<ul>\n<li data-start=\"2783\" data-end=\"2807\">\u00b10,01 N kraftnoggrannhet<\/li>\n<li data-start=\"2810\" data-end=\"2853\">0,01 mm avb\u00f6jning m\u00e4tuppl\u00f6sning<\/li>\n<li data-start=\"2856\" data-end=\"2893\">Variabla testhastigheter (1-500 mm\/min)<\/li>\n<li data-start=\"2896\" data-end=\"2930\">7-tums HMI-peksk\u00e4rm f\u00f6r drift<\/li>\n<li data-start=\"2933\" data-end=\"2973\">Automatisk \u00e5terg\u00e5ng och \u00f6verbelastningsskydd<\/li>\n<\/ul>\n<p class=\"\" data-start=\"2975\" data-end=\"3083\">Med <strong data-start=\"2984\" data-end=\"2993\">TS-01<\/strong>, kan kvalitetskontrollteam med s\u00e4kerhet utv\u00e4rdera den mekaniska styvheten hos n\u00e5lslangar.<\/p>\n<h3 data-start=\"3090\" data-end=\"3141\">2. Test av slangars brottmotst\u00e5nd - ISO 9626 Bilaga C<\/h3>\n<p class=\"\" data-start=\"3143\" data-end=\"3433\">ISO 9626 Bilaga C definierar <strong data-start=\"3172\" data-end=\"3204\">test av slangens brottmotst\u00e5nd<\/strong>, som bed\u00f6mer r\u00f6rets utmattningsprestanda genom upprepade b\u00f6jningscykler. R\u00f6ret \u00e4r fixerat i ena \u00e4nden och b\u00f6js till specificerade vinklar (25\u00b0, 20\u00b0 eller 15\u00b0, beroende p\u00e5 v\u00e4ggtjocklek) under 20 kompletta cykler vid 0,5 Hz.<\/p>\n<p class=\"\" data-start=\"3435\" data-end=\"3542\">Detta test simulerar klinisk anv\u00e4ndning och s\u00e4kerst\u00e4ller att slangen kan motst\u00e5 upprepad belastning utan att g\u00e5 s\u00f6nder.<\/p>\n<p class=\"\" data-start=\"3544\" data-end=\"3746\"><strong data-start=\"3544\" data-end=\"3600\">Rekommenderat instrument: <a href=\"https:\/\/www.qualitester.com\/sv\/produkt-2\/syringe-needle-break-resistance-testing\/\" target=\"_blank\" rel=\"noopener\">NTT-01 Test av sprutn\u00e5lens brottmotst\u00e5nd<\/a><\/strong><br data-start=\"3600\" data-end=\"3603\" \/>Cell Instruments\u2019 <strong data-start=\"3621\" data-end=\"3631\">NTT-01<\/strong> \u00e4r skr\u00e4ddarsydd f\u00f6r att utf\u00f6ra provning av slangars brottmotst\u00e5nd enligt de exakta parametrarna i ISO 9626 Annex C. Den s\u00e4kerst\u00e4ller:<\/p>\n<ul>\n<li>Noggrann kontroll av vinkelf\u00f6rskjutning<\/li>\n<li>Justerbar krafttillf\u00f6rsel<\/li>\n<li>Konsekvent cykelhastighet f\u00f6r utv\u00e4rdering av utmattning<\/li>\n<\/ul>\n<p class=\"\" data-start=\"3878\" data-end=\"3985\">Anv\u00e4ndning av <strong data-start=\"3888\" data-end=\"3898\">NTT-01<\/strong> hj\u00e4lper tillverkare att undvika problem med slangbrott som kan \u00e4ventyra patients\u00e4kerheten.<\/p>\n<hr class=\"\" data-start=\"3987\" data-end=\"3990\" \/>\n<h3 data-start=\"3992\" data-end=\"4047\">3. Korrosionsbest\u00e4ndighetsprovning med n\u00e5l - ISO 9626 bilaga D<\/h3>\n<p class=\"\" data-start=\"4049\" data-end=\"4339\">Den <strong data-start=\"4053\" data-end=\"4089\">Test av n\u00e5lens korrosionsbest\u00e4ndighet<\/strong> m\u00e4ter slangens f\u00f6rm\u00e5ga att motst\u00e5 kemisk exponering. I enlighet med ISO 9626 bilaga D s\u00e4nks slangen delvis ned i en 0,5 mol\/L natriumkloridl\u00f6sning under sju timmar vid 23 \u00b0C. Efter neds\u00e4nkningen inspekteras slangen med avseende p\u00e5 synlig korrosion.<\/p>\n<p class=\"\" data-start=\"4341\" data-end=\"4451\">Detta test \u00e4r avg\u00f6rande f\u00f6r att bekr\u00e4fta biokompatibiliteten och den l\u00e5ngsiktiga h\u00e5llbarheten hos n\u00e5len i rostfritt st\u00e5l.<\/p>\n<p class=\"\" data-start=\"4453\" data-end=\"4622\">Som st\u00f6d f\u00f6r detta f\u00f6rfarande erbjuder Cell Instruments testuppst\u00e4llningar f\u00f6r korrosionsbest\u00e4ndighet som \u00e4r kompatibla med ISO 3696 vattenstandarder och l\u00e4mpliga reagenshanteringssystem.<\/p>\n<hr class=\"\" data-start=\"4624\" data-end=\"4627\" \/>\n<h2 data-start=\"4629\" data-end=\"4668\">F\u00f6rdelar med att f\u00f6lja ISO 9626<\/h2>\n<p class=\"\" data-start=\"4670\" data-end=\"4730\">\u00d6verensst\u00e4mmelse med denna standard s\u00e4kerst\u00e4ller att slangar f\u00f6r sprutor och n\u00e5lar anv\u00e4nds:<\/p>\n<ul>\n<li data-start=\"4734\" data-end=\"4772\">Uppfyller internationella s\u00e4kerhetsstandarder<\/li>\n<li data-start=\"4775\" data-end=\"4830\">Minimerar risken f\u00f6r b\u00f6jning, brott eller korrosion<\/li>\n<li data-start=\"4833\" data-end=\"4882\">F\u00f6rb\u00e4ttrar patientens komfort och enhetens tillf\u00f6rlitlighet<\/li>\n<li data-start=\"4885\" data-end=\"4919\">Effektiviserar myndighetsgodk\u00e4nnanden<\/li>\n<\/ul>\n<p class=\"\" data-start=\"4921\" data-end=\"5071\">Dessutom bidrar efterlevnaden av ISO 9626 till att skapa f\u00f6rtroende hos v\u00e5rdpersonal och slutanv\u00e4ndare samtidigt som produkt\u00e5terkallelser eller kliniska fel minskar.<\/p>\n<hr class=\"\" data-start=\"5073\" data-end=\"5076\" \/>\n<h2 data-start=\"5078\" data-end=\"5138\">Samarbete med Cell Instruments f\u00f6r efterlevnad av ISO 9626<\/h2>\n<p class=\"\" data-start=\"5140\" data-end=\"5408\">Cell Instruments \u00e4r en p\u00e5litlig tillverkare av avancerade <strong data-start=\"5195\" data-end=\"5228\">Testsystem f\u00f6r n\u00e5lslangar<\/strong>. Vi erbjuder h\u00f6gpresterande utrustning som \u00e4r skr\u00e4ddarsydd f\u00f6r att uppfylla dessa standardtestkrav f\u00f6r sprutn\u00e5lsslangar, inklusive styvhet, brottmotst\u00e5nd och korrosionsbest\u00e4ndighet.<\/p>\n<p class=\"\" data-start=\"5410\" data-end=\"5619\">V\u00e5r <strong data-start=\"5414\" data-end=\"5423\">TS-01<\/strong> och <strong data-start=\"5428\" data-end=\"5438\">NTT-01<\/strong> Instrumenten \u00e4r utformade med precisionskontroll, h\u00f6g repeterbarhet och intuitiv anv\u00e4ndning - perfekt f\u00f6r kvalitetss\u00e4kringslaboratorier, spruttillverkare och utvecklare av medicintekniska produkter.<\/p>\n<p><img fetchpriority=\"high\" decoding=\"async\" class=\"alignright wp-image-6666\" src=\"https:\/\/www.qualitester.com\/wp-content\/uploads\/2025\/05\/ISO-9626-300x300.webp\" alt=\"ISO 9626\" width=\"400\" height=\"400\" srcset=\"https:\/\/www.qualitester.com\/wp-content\/uploads\/2025\/05\/ISO-9626-300x300.webp 300w, https:\/\/www.qualitester.com\/wp-content\/uploads\/2025\/05\/ISO-9626-150x150.webp 150w, https:\/\/www.qualitester.com\/wp-content\/uploads\/2025\/05\/ISO-9626-12x12.webp 12w, https:\/\/www.qualitester.com\/wp-content\/uploads\/2025\/05\/ISO-9626-100x100.webp 100w, https:\/\/www.qualitester.com\/wp-content\/uploads\/2025\/05\/ISO-9626.webp 600w\" sizes=\"(max-width: 400px) 100vw, 400px\" \/><\/p>\n<p class=\"\" data-start=\"5621\" data-end=\"5674\">Genom att arbeta med Cell Instruments f\u00e5r du tillg\u00e5ng till:<\/p>\n<ul>\n<li data-start=\"5678\" data-end=\"5724\">Utrustning utformad f\u00f6r strikt ISO-efterlevnad<\/li>\n<li data-start=\"5727\" data-end=\"5784\">Anpassningsbara testl\u00f6sningar f\u00f6r unika produktbehov<\/li>\n<li data-start=\"5787\" data-end=\"5839\">L\u00f6pande teknisk support och kalibreringstj\u00e4nster<\/li>\n<\/ul>\n<p class=\"\" data-start=\"5862\" data-end=\"6249\">Att f\u00f6rst\u00e5 och implementera ISO 9626-standarderna \u00e4r viktigt f\u00f6r alla som arbetar med konstruktion, tillverkning eller kvalitetskontroll av medicinska n\u00e5lslangar. Genom att utf\u00f6ra korrekta <strong data-start=\"6041\" data-end=\"6072\">spruta n\u00e5l slangar tester<\/strong>, inklusive <strong data-start=\"6084\" data-end=\"6104\">n\u00e5lens styvhet<\/strong>, <strong data-start=\"6106\" data-end=\"6133\">brottmotst\u00e5nd f\u00f6r slangar<\/strong>, och <strong data-start=\"6139\" data-end=\"6176\">Korrosionsbest\u00e4ndighetstest f\u00f6r n\u00e5lar<\/strong>, kan tillverkarna garantera prestanda, s\u00e4kerhet och global efterlevnad.<\/p>\n<p class=\"\" data-start=\"6251\" data-end=\"6446\">Cell Instruments \u00e4r din p\u00e5litliga partner n\u00e4r det g\u00e4ller att uppn\u00e5 <a href=\"https:\/\/www.iso.org\/standard\/60480.html\" target=\"_blank\" rel=\"noopener nofollow\">ISO 9626<\/a> testframg\u00e5ng. Med v\u00e5r expertklassade <strong data-start=\"6354\" data-end=\"6363\">TS-01<\/strong> och <strong data-start=\"6368\" data-end=\"6378\">NTT-01<\/strong> system kommer du att m\u00f6ta de tuffaste branschkraven med tillf\u00f6rsikt.<\/p>\n<hr class=\"\" data-start=\"6448\" data-end=\"6451\" \/>\n<h2 data-start=\"6453\" data-end=\"6492\">VANLIGA FR\u00c5GOR<\/h2>\n<p class=\"\" data-start=\"6494\" data-end=\"6712\"><strong data-start=\"6494\" data-end=\"6558\">1. Vilka typer av r\u00f6r av rostfritt st\u00e5l omfattas av ISO 9626?<\/strong><br data-start=\"6558\" data-end=\"6561\" \/>Denna standard g\u00e4ller endast f\u00f6r <em data-start=\"6586\" data-end=\"6593\">styv<\/em> slangar av rostfritt st\u00e5l som anv\u00e4nds i injektionsn\u00e5lar och omfattar inte flexibla slangar p\u00e5 grund av olika mekaniska egenskaper.<\/p>\n<p class=\"\" data-start=\"6714\" data-end=\"6899\"><strong data-start=\"6714\" data-end=\"6764\">2. Varf\u00f6r \u00e4r n\u00e5lstyvhetstestet viktigt?<\/strong><br data-start=\"6764\" data-end=\"6767\" \/>Det s\u00e4kerst\u00e4ller att slangen inte b\u00f6js under medicinsk anv\u00e4ndning, vilket \u00e4r avg\u00f6rande f\u00f6r s\u00e4ker n\u00e5lins\u00e4ttning och exakt l\u00e4kemedelstillf\u00f6rsel.<\/p>\n<p class=\"\" data-start=\"6901\" data-end=\"7104\"><strong data-start=\"6901\" data-end=\"6974\">3. Hur m\u00e5nga b\u00f6jningscykler kr\u00e4vs i brottmotst\u00e5ndstestet?<\/strong><br data-start=\"6974\" data-end=\"6977\" \/>ISO 9626 Bilaga C kr\u00e4ver att slangen genomg\u00e5r <strong data-start=\"7025\" data-end=\"7047\">20 kompletta cykler<\/strong> av riktad b\u00f6jning f\u00f6r att utv\u00e4rdera dess utmattningsh\u00e5llfasthet.<\/p>\n<p class=\"\" data-start=\"7106\" data-end=\"7297\"><strong data-start=\"7106\" data-end=\"7174\">4. Vilka tecken tyder p\u00e5 att korrosionsbest\u00e4ndighetstestet inte fungerar?<\/strong><br data-start=\"7174\" data-end=\"7177\" \/>Synlig korrosion eller missf\u00e4rgning p\u00e5 den neds\u00e4nkta delen av slangen indikerar bristande \u00f6verensst\u00e4mmelse med ISO 9626 Annex D.<\/p>\n<p class=\"\" data-start=\"7299\" data-end=\"7540\"><strong data-start=\"7299\" data-end=\"7375\">5. Kan Cell Instruments tillhandah\u00e5lla skr\u00e4ddarsydd testutrustning f\u00f6r n\u00e5lslangar?<\/strong><br data-start=\"7375\" data-end=\"7378\" \/>Ja, Cell Instruments \u00e4r specialiserat p\u00e5 <strong data-start=\"7415\" data-end=\"7443\">anpassade testl\u00f6sningar<\/strong>, inklusive automatisering och skr\u00e4ddarsydda fixturer, f\u00f6r att st\u00f6dja specifika produkt- och regleringsbehov.<\/p>","protected":false},"excerpt":{"rendered":"<p>ISO 9626 Syringe Needle Tubing Test ISO 9626 defines the international standard for stainless steel needle tubing used in the manufacture of medical devices such as hypodermic needles. Developed to ensure safety, consistency, and performance, ISO 9626 provides rigorous specifications for tubing dimensions and mechanical properties ranging from 3.4 mm (10 Gauge) to 0.18 mm &hellip;<\/p>\n<p class=\"read-more\"> <a class=\"\" href=\"https:\/\/www.qualitester.com\/sv\/standards\/iso-9626\/\"> <span class=\"screen-reader-text\">ISO 9626<\/span> L\u00e4s mer \"<\/a><\/p>","protected":false},"author":4,"featured_media":0,"parent":4948,"menu_order":0,"comment_status":"closed","ping_status":"closed","template":"","meta":{"site-sidebar-layout":"default","site-content-layout":"default","ast-global-header-display":"","ast-main-header-display":"","ast-hfb-above-header-display":"","ast-hfb-below-header-display":"","ast-hfb-mobile-header-display":"","site-post-title":"disabled","ast-breadcrumbs-content":"","ast-featured-img":"","footer-sml-layout":"","theme-transparent-header-meta":"default","adv-header-id-meta":"","stick-header-meta":"","header-above-stick-meta":"","header-main-stick-meta":"","header-below-stick-meta":"","footnotes":""},"class_list":["post-6661","page","type-page","status-publish","hentry"],"_links":{"self":[{"href":"https:\/\/www.qualitester.com\/sv\/wp-json\/wp\/v2\/pages\/6661","targetHints":{"allow":["GET"]}}],"collection":[{"href":"https:\/\/www.qualitester.com\/sv\/wp-json\/wp\/v2\/pages"}],"about":[{"href":"https:\/\/www.qualitester.com\/sv\/wp-json\/wp\/v2\/types\/page"}],"author":[{"embeddable":true,"href":"https:\/\/www.qualitester.com\/sv\/wp-json\/wp\/v2\/users\/4"}],"replies":[{"embeddable":true,"href":"https:\/\/www.qualitester.com\/sv\/wp-json\/wp\/v2\/comments?post=6661"}],"version-history":[{"count":0,"href":"https:\/\/www.qualitester.com\/sv\/wp-json\/wp\/v2\/pages\/6661\/revisions"}],"up":[{"embeddable":true,"href":"https:\/\/www.qualitester.com\/sv\/wp-json\/wp\/v2\/pages\/4948"}],"wp:attachment":[{"href":"https:\/\/www.qualitester.com\/sv\/wp-json\/wp\/v2\/media?parent=6661"}],"curies":[{"name":"wp","href":"https:\/\/api.w.org\/{rel}","templated":true}]}}