{"id":7508,"date":"2025-10-10T16:06:20","date_gmt":"2025-10-10T08:06:20","guid":{"rendered":"https:\/\/www.qualitester.com\/?post_type=product&#038;p=7508"},"modified":"2025-10-10T16:06:21","modified_gmt":"2025-10-10T08:06:21","slug":"tennis-ball-compression-tester","status":"publish","type":"product","link":"https:\/\/www.qualitester.com\/sl\/izdelek\/tennis-ball-compression-tester\/","title":{"rendered":"TBCT-01 Tester stiskanja teni\u0161kih \u017eogic"},"content":{"rendered":"<p data-start=\"459\" data-end=\"877\">V svetu profesionalnega in rekreativnega tenisa, <strong data-start=\"513\" data-end=\"533\">konsistenca kroglice<\/strong> ima klju\u010dno vlogo pri zagotavljanju po\u0161tene igre in uspe\u0161nosti \u0161portnikov. Da bi to dosegli, se proizvajalci in nadzorniki kakovosti zana\u0161ajo na natan\u010dno testno opremo, kot je <strong data-start=\"699\" data-end=\"733\">Tester stiskanja teni\u0161kih \u017eogic<\/strong>. Ta instrument oceni, koliko se \u017eogica za tenis deformira pod dolo\u010deno silo, kar odra\u017ea njeno <strong data-start=\"831\" data-end=\"874\">elasti\u010dnost, pro\u017enost in igrivost<\/strong>.<\/p>\n<p data-start=\"879\" data-end=\"1156\">V skladu z <strong data-start=\"896\" data-end=\"937\">Mednarodna teni\u0161ka zveza (ITF)<\/strong> in . <strong data-start=\"942\" data-end=\"955\">GBT 20045<\/strong>, je testiranje stiskanja eden najpomembnej\u0161ih kazalnikov kakovosti za teni\u0161ke \u017eogice. Premehka ali prete\u017eka \u017eogica lahko bistveno vpliva na igranje in ne ustreza standardom za certificiranje.<\/p>\n<hr data-start=\"1158\" data-end=\"1161\" \/>\n<h2 data-start=\"3930\" data-end=\"4003\">Cell Instruments TBCT-01 Tester za stiskanje teni\u0161kih \u017eogic<\/h2>\n<p data-start=\"4005\" data-end=\"4202\">Za laboratorije in proizvajalce, ki i\u0161\u010dejo strokovno in skladno re\u0161itev, je <strong data-start=\"4091\" data-end=\"4150\">Cell Instruments TBCT-01 Tester za stiskanje teni\u0161kih \u017eogic<\/strong> ponuja zanesljivo in avtomatizirano platformo za testiranje.<img fetchpriority=\"high\" decoding=\"async\" class=\"size-medium wp-image-7510 alignright\" src=\"https:\/\/www.qualitester.com\/wp-content\/uploads\/2025\/10\/TBCT-01-Tennis-Ball-Compression-Tester-300x300.jpg\" alt=\"TBCT-01 Tester stiskanja teni\u0161kih \u017eogic\" width=\"300\" height=\"300\" srcset=\"https:\/\/www.qualitester.com\/wp-content\/uploads\/2025\/10\/TBCT-01-Tennis-Ball-Compression-Tester-300x300.jpg 300w, https:\/\/www.qualitester.com\/wp-content\/uploads\/2025\/10\/TBCT-01-Tennis-Ball-Compression-Tester-150x150.jpg 150w, https:\/\/www.qualitester.com\/wp-content\/uploads\/2025\/10\/TBCT-01-Tennis-Ball-Compression-Tester-12x12.jpg 12w, https:\/\/www.qualitester.com\/wp-content\/uploads\/2025\/10\/TBCT-01-Tennis-Ball-Compression-Tester-100x100.jpg 100w, https:\/\/www.qualitester.com\/wp-content\/uploads\/2025\/10\/TBCT-01-Tennis-Ball-Compression-Tester.jpg 600w\" sizes=\"(max-width: 300px) 100vw, 300px\" \/><\/p>\n<p data-start=\"4204\" data-end=\"4233\"><strong data-start=\"4204\" data-end=\"4231\">Glavne prednosti so:<\/strong><\/p>\n<ul>\n<li data-start=\"4236\" data-end=\"4298\"><strong data-start=\"4236\" data-end=\"4255\">Popolna skladnost<\/strong> s spletno stranjo . <strong data-start=\"4261\" data-end=\"4274\">GBT 20045<\/strong> in . <strong data-start=\"4279\" data-end=\"4295\">ITF TB 03\/01<\/strong>.<\/li>\n<li data-start=\"4301\" data-end=\"4364\"><strong data-start=\"4301\" data-end=\"4333\">Zelo natan\u010dni senzorji sile<\/strong> za merjenje deformacij.<\/li>\n<li data-start=\"4367\" data-end=\"4459\"><strong data-start=\"4367\" data-end=\"4403\">Uporabniku prijazen programski vmesnik<\/strong> za samodejno pridobivanje podatkov in izdelavo poro\u010dil.<\/li>\n<li data-start=\"4462\" data-end=\"4537\"><strong data-start=\"4462\" data-end=\"4500\">Dosleden nadzor pred stiskanjem<\/strong>, kar odpravlja variabilnost upravljavca.<\/li>\n<li data-start=\"4540\" data-end=\"4611\"><strong data-start=\"4540\" data-end=\"4558\">Trajna zasnova<\/strong> primeren za neprekinjeno laboratorijsko ali tovarni\u0161ko uporabo.<\/li>\n<\/ul>\n<p><strong>Glavni parameter:<\/strong><\/p>\n<table style=\"height: 396px;\" width=\"361\">\n<tbody>\n<tr>\n<td width=\"167\">Preskusno obmo\u010dje<\/td>\n<td width=\"337\">20 kg<\/td>\n<\/tr>\n<tr>\n<td width=\"167\">Udar<\/td>\n<td width=\"337\">250 mm (brez plo\u0161\u010d)<\/td>\n<\/tr>\n<tr>\n<td width=\"167\">Hitrost<\/td>\n<td width=\"337\">1-500 mm\/min (nastavljivo)<\/td>\n<\/tr>\n<tr>\n<td width=\"167\">Natan\u010dnost premikanja<\/td>\n<td width=\"337\">+\/-0,01 mm<\/td>\n<\/tr>\n<tr>\n<td width=\"167\">Natan\u010dnost sile<\/td>\n<td width=\"337\">\u00b10,5 % F.S.<\/td>\n<\/tr>\n<tr>\n<td width=\"167\">Premer plo\u0161\u010de<\/td>\n<td width=\"337\">70 mm (do 100 mm)<\/td>\n<\/tr>\n<tr>\n<td width=\"167\">Nadzor in uporabni\u0161ki vmesnik<\/td>\n<td width=\"337\">PLC + 7\u2033 zaslon na dotik HMI<\/td>\n<\/tr>\n<tr>\n<td width=\"167\">Izhod podatkov<\/td>\n<td width=\"337\">Zaslon, mikrotiskalnik (opcija), RS-232 (opcija, izvoz PDF)<\/td>\n<\/tr>\n<tr>\n<td width=\"167\">Napajanje<\/td>\n<td width=\"337\">AC 110~220V 50\/60Hz<\/td>\n<\/tr>\n<\/tbody>\n<\/table>\n<p data-start=\"4613\" data-end=\"4810\">Z vklju\u010ditvijo TBCT-01 v proizvodne ali kontrolne procese lahko uporabniki zagotovijo, da vsaka kroglica izpolnjuje <strong data-start=\"4715\" data-end=\"4754\">mednarodni standardi za igranje<\/strong>, kar izbolj\u0161a zanesljivost izdelka in verodostojnost blagovne znamke.<\/p>\n<hr data-start=\"4812\" data-end=\"4815\" \/>\n<h2 data-start=\"1163\" data-end=\"1217\">Pomen testerja za stiskanje teni\u0161kih \u017eogic<\/h2>\n<p data-start=\"1219\" data-end=\"1516\">A <strong data-start=\"1221\" data-end=\"1255\">Tester stiskanja teni\u0161kih \u017eogic<\/strong> zagotavlja, da vsaka kroglica izpolnjuje standardne specifikacije za deformacijo v nadzorovanih pogojih. Deformacija odra\u017ea ravnovesje med notranjim pritiskom in pro\u017enostjo gume, kar neposredno vpliva na <strong data-start=\"1464\" data-end=\"1501\">hitrost, vi\u0161ina odboja in nadzor<\/strong> med igro.<\/p>\n<p data-start=\"1518\" data-end=\"1914\">Na primer, na profesionalnih teni\u0161kih turnirjih se sprejemajo le \u017eogice, ki so pre\u0161le <strong data-start=\"1596\" data-end=\"1619\">Pravila ITF za tenis<\/strong> za kompresijo in odboj. \u017dogice, ki niso skladne z zahtevami, lahko spremenijo hitrost obra\u010dunov ali ustvarijo nepo\u0161tene prednosti na igri\u0161\u010du. Zato je natan\u010dno testiranje bistveno ne le za proizvajalce, temve\u010d tudi za <strong data-start=\"1818\" data-end=\"1872\">organizatorji turnirjev, agencije za nadzor kakovosti<\/strong>, in <strong data-start=\"1878\" data-end=\"1911\">laboratoriji za \u0161portno opremo<\/strong>.<\/p>\n<hr data-start=\"1916\" data-end=\"1919\" \/>\n<h2 data-start=\"1921\" data-end=\"1958\">Na\u010delo in postopek presku\u0161anja<\/h2>\n<p data-start=\"1960\" data-end=\"2144\">Na\u010delo testiranja izhaja iz <strong data-start=\"2002\" data-end=\"2042\">Deformacijska preskusna metoda ITF TB 03\/01<\/strong>, ki je naveden tudi v <strong data-start=\"2062\" data-end=\"2075\">GBT 20045<\/strong>, ki opredeljuje postopek mehanskega stiskanja teni\u0161kih \u017eogic.<\/p>\n<p data-start=\"2146\" data-end=\"2392\">Pred merjenjem se kroglica <strong data-start=\"2178\" data-end=\"2196\">vnaprej stisnjeno<\/strong> na razdalji <strong data-start=\"2219\" data-end=\"2239\">2,54 cm (1 palec)<\/strong> trikrat vzdol\u017e vsake od treh pravokotnih osi. Ta postopek predhodne priprave odstrani \u201cnastavitev\u201d \u017eogice in zagotovi dosledne rezultate preskusa.<\/p>\n<p data-start=\"2394\" data-end=\"2430\">Ko je predpriprava kon\u010dana:<\/p>\n<ol>\n<li data-start=\"2435\" data-end=\"2515\">\u017dogica se nahaja med <strong data-start=\"2462\" data-end=\"2486\">dve vzporedni plo\u0161\u010di<\/strong> kompresijskega testerja.<\/li>\n<li data-start=\"2519\" data-end=\"2589\">A <strong data-start=\"2521\" data-end=\"2544\">vnaprej dolo\u010dena sila<\/strong> deluje vzdol\u017e premera krogle.<\/li>\n<li data-start=\"2593\" data-end=\"2668\">Rezultat <strong data-start=\"2607\" data-end=\"2641\">deformacija naprej in nazaj<\/strong> so natan\u010dno izmerjene.<\/li>\n<li data-start=\"2672\" data-end=\"2746\">Vrednosti so primerjane s standardnimi razponi, opredeljenimi v ITF in GBT 20045.<\/li>\n<\/ol>\n<p data-start=\"2748\" data-end=\"2908\">Da bi bila \u017eogica primerna za uporabo na turnirju, mora skozi \u017eogico ali z njo biti omejena tudi <strong data-start=\"2829\" data-end=\"2853\">specifi\u010dni merilniki obro\u010dev<\/strong> pod lastno te\u017eo, kar zagotavlja natan\u010dnost dimenzij:<\/p>\n<ul>\n<li data-start=\"2912\" data-end=\"2985\"><strong data-start=\"2912\" data-end=\"2932\">Tip \u017eoge 1 in 2:<\/strong> Preiti mora skozi 6,86 cm in ne skozi 6,54 cm.<\/li>\n<li data-start=\"2988\" data-end=\"3057\"><strong data-start=\"2988\" data-end=\"3004\">Tip krogle 3:<\/strong> Preiti mora skozi 7,30 cm in ne skozi 7,00 cm.<\/li>\n<li data-start=\"3060\" data-end=\"3138\"><strong data-start=\"3060\" data-end=\"3085\">Faza 1 (zelena \u017eoga):<\/strong> Preiti mora skozi 6,86 cm in ne skozi 6,30 cm.<\/li>\n<\/ul>\n<p data-start=\"3140\" data-end=\"3247\">Te natan\u010dne tolerance zagotavljajo enakomeren premer in deformacijske lastnosti v vseh proizvodnih serijah.<\/p>\n<hr data-start=\"3249\" data-end=\"3252\" \/>\n<h2 data-start=\"3254\" data-end=\"3295\">Povezava s pravili ITF in GBT 20045<\/h2>\n<p data-start=\"3297\" data-end=\"3524\">Oba <strong data-start=\"3306\" data-end=\"3329\">Pravila ITF za tenis<\/strong> in . <strong data-start=\"3334\" data-end=\"3347\">GBT 20045<\/strong> poudariti, da je treba deformacijo krogle preskusiti z odobreno napravo za stiskanje, kot je <strong data-start=\"3442\" data-end=\"3470\">modificiran Stevens Stroj<\/strong> ali enakovredno. Tester za stiskanje mora imeti:<\/p>\n<ul>\n<li data-start=\"3528\" data-end=\"3585\">Dva <strong data-start=\"3532\" data-end=\"3553\">enake plo\u0161\u010de<\/strong> osno in vzporedno poravnani.<\/li>\n<li data-start=\"3588\" data-end=\"3671\">A <strong data-start=\"3590\" data-end=\"3616\">naprava za merjenje sile<\/strong> ki lahko zabele\u017ei deformacijo pri uporabljeni obremenitvi.<\/li>\n<li data-start=\"3674\" data-end=\"3744\">Toga in umerjena struktura zagotavlja ponovljivost meritev.<\/li>\n<\/ul>\n<p data-start=\"3746\" data-end=\"3923\">Spletna stran <strong data-start=\"3750\" data-end=\"3784\">Tester deformacije teni\u0161ke \u017eogice<\/strong> na podlagi teh na\u010del zagotavlja natan\u010dne in ponovljive podatke, ki so klju\u010dnega pomena za preverjanje skladnosti \u017eoge z <strong data-start=\"3891\" data-end=\"3920\">Zahteve za odobritev ITF<\/strong>.<\/p>\n<hr data-start=\"3925\" data-end=\"3928\" \/>\n<h2 data-start=\"4817\" data-end=\"4854\">Zakaj je testiranje stiskanja pomembno<\/h2>\n<p data-start=\"4856\" data-end=\"5149\">Testiranje stiskanja zagotavlja objektivne podatke o <strong data-start=\"4907\" data-end=\"4928\">ob\u010dutek in odzivnost<\/strong> teni\u0161ke \u017eogice. Prevelika deformacija pomeni, da je \u017eogica <strong data-start=\"4986\" data-end=\"4998\">premehkoba<\/strong>, zaradi \u010desar je hitrost manj\u0161a, odboj pa manj\u0161i. Premajhna deformacija pomeni <strong data-start=\"5075\" data-end=\"5092\">prevelika trdota<\/strong>, kar lahko pove\u010da utrujenost igralca in zmanj\u0161a nadzor.<\/p>\n<p data-start=\"5151\" data-end=\"5446\">Z <strong data-start=\"5163\" data-end=\"5197\">Tester stiskanja teni\u0161kih \u017eogic<\/strong>, je mogo\u010de te subtilne razlike kvantificirati in popraviti \u017ee na za\u010detku proizvodnje. Ta pristop k testiranju pomaga proizvajalcem ohranjati stabilen profil zmogljivosti v vseh serijah - kar je bistvena zahteva za certificiranje ITF in zadovoljstvo strank.<\/p>\n<hr data-start=\"5448\" data-end=\"5451\" \/>\n<p data-start=\"5471\" data-end=\"5769\">Spletna stran <strong data-start=\"5475\" data-end=\"5509\">Tester stiskanja teni\u0161kih \u017eogic<\/strong> je nepogre\u0161ljiv za zagotavljanje strukturne celovitosti in enakomernosti delovanja teni\u0161kih \u017eogic. Z upo\u0161tevanjem <strong data-start=\"5624\" data-end=\"5647\">Pravila ITF za tenis<\/strong> in . <strong data-start=\"5652\" data-end=\"5665\">GBT 20045<\/strong>, lahko proizvajalci z gotovostjo proizvajajo \u017eoge, ki izpolnjujejo mednarodne standarde za profesionalno igranje.<\/p>\n<p data-start=\"5771\" data-end=\"5961\">Za organizacije, ki i\u0161\u010dejo zanesljive, natan\u010dne in skladne re\u0161itve za testiranje, je <strong data-start=\"5856\" data-end=\"5884\">Celi\u010dni instrumenti TBCT-01<\/strong> zagotavlja idealno izbiro - uravnote\u017eeno razmerje med natan\u010dnostjo, u\u010dinkovitostjo in zanesljivostjo.<\/p>","protected":false},"excerpt":{"rendered":"<p>In the world of professional and recreational tennis, ball consistency plays a crucial role in ensuring fair play and athlete performance. To achieve this, manufacturers and quality inspectors rely on precise testing equipment like the Tennis Ball Compression Tester. This instrument evaluates how much a tennis ball deforms under a specific force, reflecting its elasticity, &hellip;<\/p>\n<p class=\"read-more\"> <a class=\"\" href=\"https:\/\/www.qualitester.com\/sl\/izdelek\/tennis-ball-compression-tester\/\"> <span class=\"screen-reader-text\">TBCT-01 Tester stiskanja teni\u0161kih \u017eogic<\/span> Preberite ve\u010d \u00bb<\/a><\/p>","protected":false},"featured_media":7510,"comment_status":"closed","ping_status":"closed","template":"","meta":{"site-sidebar-layout":"default","site-content-layout":"default","ast-global-header-display":"","ast-main-header-display":"","ast-hfb-above-header-display":"","ast-hfb-below-header-display":"","ast-hfb-mobile-header-display":"","site-post-title":"","ast-breadcrumbs-content":"","ast-featured-img":"","footer-sml-layout":"","theme-transparent-header-meta":"default","adv-header-id-meta":"","stick-header-meta":"","header-above-stick-meta":"","header-main-stick-meta":"","header-below-stick-meta":""},"product_cat":[1186],"product_tag":[],"class_list":{"0":"post-7508","1":"product","2":"type-product","3":"status-publish","4":"has-post-thumbnail","6":"product_cat-compression-tester","7":"desktop-align-left","8":"tablet-align-left","9":"mobile-align-left","11":"first","12":"instock","13":"shipping-taxable","14":"product-type-simple"},"_links":{"self":[{"href":"https:\/\/www.qualitester.com\/sl\/wp-json\/wp\/v2\/product\/7508","targetHints":{"allow":["GET"]}}],"collection":[{"href":"https:\/\/www.qualitester.com\/sl\/wp-json\/wp\/v2\/product"}],"about":[{"href":"https:\/\/www.qualitester.com\/sl\/wp-json\/wp\/v2\/types\/product"}],"replies":[{"embeddable":true,"href":"https:\/\/www.qualitester.com\/sl\/wp-json\/wp\/v2\/comments?post=7508"}],"version-history":[{"count":0,"href":"https:\/\/www.qualitester.com\/sl\/wp-json\/wp\/v2\/product\/7508\/revisions"}],"wp:featuredmedia":[{"embeddable":true,"href":"https:\/\/www.qualitester.com\/sl\/wp-json\/wp\/v2\/media\/7510"}],"wp:attachment":[{"href":"https:\/\/www.qualitester.com\/sl\/wp-json\/wp\/v2\/media?parent=7508"}],"wp:term":[{"taxonomy":"product_cat","embeddable":true,"href":"https:\/\/www.qualitester.com\/sl\/wp-json\/wp\/v2\/product_cat?post=7508"},{"taxonomy":"product_tag","embeddable":true,"href":"https:\/\/www.qualitester.com\/sl\/wp-json\/wp\/v2\/product_tag?post=7508"}],"curies":[{"name":"wp","href":"https:\/\/api.w.org\/{rel}","templated":true}]}}