{"id":6644,"date":"2025-05-07T11:30:19","date_gmt":"2025-05-07T03:30:19","guid":{"rendered":"https:\/\/www.qualitester.com\/?post_type=product&#038;p=6644"},"modified":"2025-05-07T11:30:19","modified_gmt":"2025-05-07T03:30:19","slug":"medical-needle-tubing-stiffness-tester","status":"publish","type":"product","link":"https:\/\/www.qualitester.com\/sl\/izdelek\/medical-needle-tubing-stiffness-tester\/","title":{"rendered":"TS-01 Tester togosti cevi"},"content":{"rendered":"<h2 data-start=\"393\" data-end=\"1063\">Uvod v tester togosti medicinskih igelnih cevi<\/h2>\n<p class=\"\" data-start=\"393\" data-end=\"1063\">Zagotavljanje mehanske celovitosti podko\u017enih igel je na medicinskem podro\u010dju klju\u010dnega pomena. Bistvena lastnost, ki vpliva na u\u010dinkovitost, varnost in uporabnost, je <em data-start=\"621\" data-end=\"639\">togost cevi<\/em>. Na spletni strani . <strong data-start=\"645\" data-end=\"687\">tester togosti medicinskih igelnih cevi<\/strong> zagotavlja standardizirano in natan\u010dno metodo za ocenjevanje togosti cevi iz nerjavnega jekla, ki se uporabljajo pri izdelavi igel. Z nara\u0161\u010danjem globalnih medicinskih standardov, zlasti skladnosti z <a href=\"https:\/\/www.qualitester.com\/sl\/standards\/iso-9626\/\"><strong data-start=\"880\" data-end=\"892\">ISO 9626<\/strong><\/a> in . <strong data-start=\"897\" data-end=\"917\">ISO 9626 Priloga B<\/strong>, so zanesljive preskusne re\u0161itve postale nepogre\u0161ljive za proizvajalce medicinskih pripomo\u010dkov, strokovnjake za nadzor kakovosti in raziskovalne ustanove.<\/p>\n<hr class=\"\" data-start=\"1065\" data-end=\"1068\" \/>\n<h2 data-start=\"1070\" data-end=\"1624\">Pomen togosti igelnih cevi v medicinskih aplikacijah<\/h2>\n<p class=\"\" data-start=\"1070\" data-end=\"1624\">Togost neposredno vpliva na to, da je igla <strong data-start=\"1176\" data-end=\"1219\">sposobnost vstavljanja, strukturna celovitost<\/strong>, in <strong data-start=\"1225\" data-end=\"1241\">uporabni\u0161ki nadzor<\/strong>. Premehka igla se lahko upogne ali zlomi, zaradi \u010desar lahko pride do po\u0161kodb bolnika ali nepravilnega dovajanja zdravil. Nasprotno pa se lahko preve\u010d toga igla med vstavljanjem zlomi ali povzro\u010di nepotrebne po\u0161kodbe. Zato je bistveno dose\u010di optimalno ravnovesje. Spletna stran <strong data-start=\"1497\" data-end=\"1539\">tester togosti medicinskih igelnih cevi<\/strong> ima klju\u010dno vlogo pri koli\u010dinski opredelitvi tega ravnovesja in ohranjanju proizvodnih standardov.<\/p>\n<hr class=\"\" data-start=\"1626\" data-end=\"1629\" \/>\n<h2 data-start=\"1631\" data-end=\"1921\"><strong data-start=\"1631\" data-end=\"1697\">ISO 9626 Testiranje - <\/strong><strong data-start=\"1631\" data-end=\"1697\">ISO 9626 Priloga B<\/strong><\/h2>\n<p class=\"\" data-start=\"1631\" data-end=\"1921\">Mednarodni standard <strong data-start=\"1727\" data-end=\"1744\">ISO 9626:2016<\/strong> opisuje mehanske in dimenzijske zahteve za cevi iz nerjavnega jekla, namenjene za podko\u017ene igle. <strong data-start=\"1858\" data-end=\"1869\">Priloga B<\/strong> zagotavlja posebno metodo za merjenje togosti:<\/p>\n<ul data-start=\"1923\" data-end=\"2213\">\n<li class=\"\" data-start=\"1923\" data-end=\"2014\">\n<p class=\"\" data-start=\"1925\" data-end=\"2014\">A <strong data-start=\"1927\" data-end=\"1955\">znana sila (do 60 N)<\/strong> se pritisne sredinsko na cev, ki je podprta na obeh koncih.<\/p>\n<\/li>\n<li class=\"\" data-start=\"2015\" data-end=\"2085\">\n<p class=\"\" data-start=\"2017\" data-end=\"2085\">Rezultat <strong data-start=\"2031\" data-end=\"2045\">odklon<\/strong> se meri z <strong data-start=\"2063\" data-end=\"2084\">Natan\u010dnost 0,01 mm<\/strong>.<\/p>\n<\/li>\n<li class=\"\" data-start=\"2086\" data-end=\"2213\">\n<p class=\"\" data-start=\"2088\" data-end=\"2213\">Aparat mora vklju\u010devati tupo klinasto <strong data-start=\"2136\" data-end=\"2147\">batni mehanizem<\/strong>, nagnjen na <strong data-start=\"2161\" data-end=\"2168\">60\u00b0<\/strong>, z <strong data-start=\"2177\" data-end=\"2212\">valjasta povr\u0161ina s polmerom 1 mm<\/strong>.<\/p>\n<\/li>\n<\/ul>\n<p class=\"\" data-start=\"2215\" data-end=\"2371\">Spletna stran <strong data-start=\"2219\" data-end=\"2267\">TS-01 Tester togosti medicinskih igelnih cevi<\/strong> je zasnovan posebej za izpolnjevanje te preskusne metode in zagotavlja strogo skladnost s standardi ISO.<\/p>\n<hr class=\"\" data-start=\"2373\" data-end=\"2376\" \/>\n<h2 data-start=\"2378\" data-end=\"2515\"><strong data-start=\"2378\" data-end=\"2418\">Preskusni princip in mehanizem delovanja<\/strong><\/h2>\n<p class=\"\" data-start=\"2378\" data-end=\"2515\">Spletna stran <strong data-start=\"2425\" data-end=\"2467\">tester togosti medicinskih igelnih cevi<\/strong> deluje po preprostem, a u\u010dinkovitem na\u010delu:<\/p>\n<p class=\"\" data-start=\"2517\" data-end=\"2702\"><em data-start=\"2517\" data-end=\"2702\">Na sredino cevi, ki je simetri\u010dno podprta, deluje natan\u010dna sila. Instrument nato zabele\u017ei navpi\u010dni odklon in tako pridobi kvantitativne podatke o togosti.<\/em><\/p>\n<p class=\"\" data-start=\"2704\" data-end=\"2753\">Spletna stran <strong data-start=\"2708\" data-end=\"2723\">Model TS-01<\/strong> z lastnostmi Cell Instruments:<\/p>\n<ul data-start=\"2754\" data-end=\"3112\">\n<li class=\"\" data-start=\"2754\" data-end=\"2864\">\n<p class=\"\" data-start=\"2756\" data-end=\"2864\">Tupo klinasto obliko <strong data-start=\"2777\" data-end=\"2788\">batni mehanizem<\/strong> povezan z <strong data-start=\"2804\" data-end=\"2817\">obremenitvena celica<\/strong>, kar zagotavlja visoko natan\u010dnost meritev (\u00b10,01 N).<\/p>\n<\/li>\n<li class=\"\" data-start=\"2865\" data-end=\"2930\">\n<p class=\"\" data-start=\"2867\" data-end=\"2930\">Premi\u010dna kri\u017ena glava, ki jo poganja <strong data-start=\"2900\" data-end=\"2929\">precizni krogli\u010dni vodilni vijak<\/strong>.<\/p>\n<\/li>\n<li class=\"\" data-start=\"2931\" data-end=\"3018\">\n<p class=\"\" data-start=\"2933\" data-end=\"3018\">Nosilec cevi (posoda), ki natan\u010dno poravna preskusni vzorec pod potisnikom sile.<\/p>\n<\/li>\n<li class=\"\" data-start=\"3019\" data-end=\"3112\">\n<p class=\"\" data-start=\"3021\" data-end=\"3112\">Spremenljivka <strong data-start=\"3030\" data-end=\"3044\">testna hitrost<\/strong> (1-500 mm\/min) za razli\u010dne velikosti cevi in materiale.<\/p>\n<\/li>\n<\/ul>\n<hr class=\"\" data-start=\"3114\" data-end=\"3117\" \/>\n<h2 data-start=\"3119\" data-end=\"3349\">Zakaj izbrati tester togosti medicinskih cevi TS-01<\/h2>\n<p class=\"\" data-start=\"3119\" data-end=\"3349\">Kot proizvajalec natan\u010dnih instrumentov za testiranje, <strong data-start=\"3237\" data-end=\"3257\">Instrumenti za celice<\/strong> zasnoval <strong data-start=\"3271\" data-end=\"3280\">TS-01<\/strong> posebej za proizvajalce medicinskih igel. Glavne prednosti so:<\/p>\n<ul data-start=\"3351\" data-end=\"3682\">\n<li class=\"\" data-start=\"3351\" data-end=\"3408\">\n<p class=\"\" data-start=\"3353\" data-end=\"3408\"><strong data-start=\"3353\" data-end=\"3407\">Popolna skladnost s standardom ISO 9626 in Prilogo B k standardu ISO 9626<\/strong>.<\/p>\n<\/li>\n<li class=\"\" data-start=\"3409\" data-end=\"3468\">\n<p class=\"\" data-start=\"3411\" data-end=\"3468\">Visoka lo\u010dljivost <strong data-start=\"3427\" data-end=\"3453\">merjenje odklona<\/strong> do 0,01 mm.<\/p>\n<\/li>\n<li class=\"\" data-start=\"3469\" data-end=\"3549\">\n<p class=\"\" data-start=\"3471\" data-end=\"3549\">Robustna zasnova z <strong data-start=\"3490\" data-end=\"3513\">za\u0161\u010dita pred preobremenitvijo<\/strong> in . <strong data-start=\"3518\" data-end=\"3538\">samodejno vra\u010danje<\/strong> funkcije.<\/p>\n<\/li>\n<li class=\"\" data-start=\"3550\" data-end=\"3627\">\n<p class=\"\" data-start=\"3552\" data-end=\"3627\">Uporabniku prijazen <strong data-start=\"3566\" data-end=\"3593\">7-pal\u010dni zaslon na dotik HMI<\/strong> za nadzor testiranja in pregled podatkov.<\/p>\n<\/li>\n<li class=\"\" data-start=\"3628\" data-end=\"3682\">\n<p class=\"\" data-start=\"3630\" data-end=\"3682\">Vgrajena stran <strong data-start=\"3639\" data-end=\"3655\">mikrotiskalnik<\/strong> za takoj\u0161en izpis poro\u010dila.<\/p>\n<\/li>\n<\/ul>\n<p class=\"\" data-start=\"3684\" data-end=\"3857\">Te funkcije ne le poenostavijo testiranje, temve\u010d tudi izbolj\u0161ajo <strong data-start=\"3748\" data-end=\"3794\">natan\u010dnost, ponovljivost in dokumentiranje.<\/strong> potrebne za validacijo medicinskih izdelkov in regulativne revizije.<\/p>\n<hr class=\"\" data-start=\"3859\" data-end=\"3862\" \/>\n<h2 data-start=\"3864\" data-end=\"3996\">Uporaba v medicinski proizvodnji in raziskavah<\/h2>\n<p class=\"\" data-start=\"3864\" data-end=\"3996\">Spletna stran <strong data-start=\"3929\" data-end=\"3971\">tester togosti medicinskih igelnih cevi<\/strong> se pogosto uporablja v:<\/p>\n<ul data-start=\"3997\" data-end=\"4271\">\n<li class=\"\" data-start=\"3997\" data-end=\"4038\">\n<p class=\"\" data-start=\"3999\" data-end=\"4038\">Proizvodnja igel za hipodermijo in peresa<\/p>\n<\/li>\n<li class=\"\" data-start=\"4039\" data-end=\"4097\">\n<p class=\"\" data-start=\"4041\" data-end=\"4097\">Oddelki za nadzor kakovosti v proizvodnji medicinskih pripomo\u010dkov<\/p>\n<\/li>\n<li class=\"\" data-start=\"4098\" data-end=\"4166\">\n<p class=\"\" data-start=\"4100\" data-end=\"4166\">Raziskovalni in razvojni laboratoriji, ki se ukvarjajo z inovativnimi oblikami igel.<\/p>\n<\/li>\n<li class=\"\" data-start=\"4167\" data-end=\"4218\">\n<p class=\"\" data-start=\"4169\" data-end=\"4218\">Regulativne agencije za testiranje in in\u0161pekcijski organi<\/p>\n<\/li>\n<li class=\"\" data-start=\"4219\" data-end=\"4271\">\n<p class=\"\" data-start=\"4221\" data-end=\"4271\">Proizvajalci originalne opreme in dobavitelji medicinskih komponent pod lastno blagovno znamko<\/p>\n<\/li>\n<\/ul>\n<p class=\"\" data-start=\"4273\" data-end=\"4388\">Zagotavlja klju\u010dne mehanske podatke, ki zagotavljajo zanesljivo delovanje vsake cevke z iglo v pogojih klini\u010dne uporabe.<\/p>\n<hr class=\"\" data-start=\"4390\" data-end=\"4393\" \/>\n<h2 data-start=\"4395\" data-end=\"4437\">Pregled tehni\u010dnih specifikacij<\/h2>\n<div class=\"_tableContainer_16hzy_1\">\n<div class=\"_tableWrapper_16hzy_14 group flex w-fit flex-col-reverse\" tabindex=\"-1\">\n<table class=\"w-fit min-w-(--thread-content-width)\" data-start=\"4438\" data-end=\"4972\">\n<thead data-start=\"4438\" data-end=\"4503\">\n<tr data-start=\"4438\" data-end=\"4503\">\n<th data-start=\"4438\" data-end=\"4466\" data-col-size=\"sm\"><strong data-start=\"4440\" data-end=\"4453\">Parameter<\/strong><\/th>\n<th data-start=\"4466\" data-end=\"4503\" data-col-size=\"sm\"><strong data-start=\"4468\" data-end=\"4485\">Specifikacija<\/strong><\/th>\n<\/tr>\n<\/thead>\n<tbody data-start=\"4570\" data-end=\"4972\">\n<tr data-start=\"4570\" data-end=\"4635\">\n<td data-start=\"4570\" data-end=\"4598\" data-col-size=\"sm\">Najve\u010dja preskusna sila<\/td>\n<td data-col-size=\"sm\" data-start=\"4598\" data-end=\"4635\">60 N (prilagodljivo)<\/td>\n<\/tr>\n<tr data-start=\"4636\" data-end=\"4701\">\n<td data-start=\"4636\" data-end=\"4664\" data-col-size=\"sm\">Razpon hitrosti<\/td>\n<td data-col-size=\"sm\" data-start=\"4664\" data-end=\"4701\">1-500 mm\/min<\/td>\n<\/tr>\n<tr data-start=\"4702\" data-end=\"4767\">\n<td data-start=\"4702\" data-end=\"4730\" data-col-size=\"sm\">Natan\u010dnost merjenja<\/td>\n<td data-col-size=\"sm\" data-start=\"4730\" data-end=\"4767\">\u00b10,01 mm<\/td>\n<\/tr>\n<tr data-start=\"4768\" data-end=\"4833\">\n<td data-start=\"4768\" data-end=\"4796\" data-col-size=\"sm\">Napajanje<\/td>\n<td data-col-size=\"sm\" data-start=\"4796\" data-end=\"4833\">110~220V<\/td>\n<\/tr>\n<tr data-start=\"4834\" data-end=\"4899\">\n<td data-start=\"4834\" data-end=\"4862\" data-col-size=\"sm\">Nadzorni vmesnik<\/td>\n<td data-col-size=\"sm\" data-start=\"4862\" data-end=\"4899\">PLC s 7-pal\u010dnim zaslonom na dotik HMI<\/td>\n<\/tr>\n<tr data-start=\"4900\" data-end=\"4972\">\n<td data-start=\"4900\" data-end=\"4928\" data-col-size=\"sm\">Vklju\u010dena dodatna oprema<\/td>\n<td data-col-size=\"sm\" data-start=\"4928\" data-end=\"4972\">Tla\u010dilka, dr\u017ealo za cevke, napajalni kabel, varovalka<\/td>\n<\/tr>\n<\/tbody>\n<\/table>\n<div class=\"sticky end-(--thread-content-margin) h-0 self-end select-none\">\n<div class=\"absolute end-0 flex items-end\"><span style=\"font-size: 16px;\">Preizkus togosti je bistvenega pomena za zagotavljanje <\/span><strong style=\"font-size: 16px;\" data-start=\"5044\" data-end=\"5090\">mehanska zanesljivost in klini\u010dna varnost<\/strong><span style=\"font-size: 16px;\"> injekcijskih igel. Z izpolnjevanjem <\/span><strong style=\"font-size: 16px;\" data-start=\"5132\" data-end=\"5152\"><a href=\"https:\/\/www.iso.org\/standard\/60480.html\" target=\"_blank\" rel=\"noopener nofollow\">ISO 9626<\/a> testiranje<\/strong><span style=\"font-size: 16px;\"> protokoli, lahko proizvajalci zagotovijo, da njihove cevi izpolnjujejo globalne standarde u\u010dinkovitosti. Na spletni strani <\/span><strong style=\"font-size: 16px;\" data-start=\"5247\" data-end=\"5295\">TS-01 tester togosti medicinskih igelnih cevi<\/strong><span style=\"font-size: 16px;\"> s spletne strani <\/span><strong style=\"font-size: 16px;\" data-start=\"5301\" data-end=\"5321\">Instrumenti za celice<\/strong><span style=\"font-size: 16px;\"> ponuja profesionalno, natan\u010dno in enostavno za uporabo re\u0161itev za merjenje togosti. TS-01 je zanesljiva izbira za ocenjevanje igelnih cevi, ne glede na to, ali gre za zagotavljanje skladnosti, raziskave in razvoj ali zagotavljanje kakovosti.<\/span><\/div>\n<\/div>\n<\/div>\n<\/div>\n<hr class=\"\" data-start=\"5520\" data-end=\"5523\" \/>\n<h2 data-start=\"5525\" data-end=\"5572\">POGOSTA VPRA\u0160ANJA: Tester togosti medicinskih igelnih cevi<\/h2>\n<p class=\"\" data-start=\"5755\" data-end=\"5933\"><strong data-start=\"5755\" data-end=\"5829\">V1: Katere vrste igel ali cevk je mogo\u010de testirati s tem instrumentom?<\/strong><br data-start=\"5829\" data-end=\"5832\" \/>A1: Primeren je za igle iz nerjavnega jekla, ki se uporabljajo v podko\u017enih iglah, pisalih ali intravenskih iglah.<\/p>\n<p class=\"\" data-start=\"6096\" data-end=\"6253\"><strong data-start=\"6096\" data-end=\"6138\">V2: Ali lahko preizkusim razli\u010dne velikosti cevi?<\/strong><br data-start=\"6138\" data-end=\"6141\" \/>A2: Da, preizku\u0161evalnik vklju\u010duje nastavljive nastavke in podpira razli\u010dne razpone v skladu s specifikacijami ISO tabele 2.<\/p>","protected":false},"excerpt":{"rendered":"<p>Introduction to Medical Needle Tubing Stiffness Tester Ensuring the mechanical integrity of hypodermic needles is critical in the medical field. One essential property that influences performance, safety, and usability is tubing stiffness. The medical needle tubing stiffness tester provides a standardized, precise method to evaluate the stiffness of stainless steel tubing used in needle manufacturing. &hellip;<\/p>\n<p class=\"read-more\"> <a class=\"\" href=\"https:\/\/www.qualitester.com\/sl\/izdelek\/medical-needle-tubing-stiffness-tester\/\"> <span class=\"screen-reader-text\">TS-01 Tester togosti cevi<\/span> Preberite ve\u010d \u00bb<\/a><\/p>","protected":false},"featured_media":6646,"comment_status":"closed","ping_status":"closed","template":"","meta":{"site-sidebar-layout":"default","site-content-layout":"default","ast-global-header-display":"","ast-main-header-display":"","ast-hfb-above-header-display":"","ast-hfb-below-header-display":"","ast-hfb-mobile-header-display":"","site-post-title":"","ast-breadcrumbs-content":"","ast-featured-img":"","footer-sml-layout":"","theme-transparent-header-meta":"default","adv-header-id-meta":"","stick-header-meta":"","header-above-stick-meta":"","header-main-stick-meta":"","header-below-stick-meta":""},"product_cat":[1180,845,934,149],"product_tag":[],"class_list":{"0":"post-6644","1":"product","2":"type-product","3":"status-publish","4":"has-post-thumbnail","6":"product_cat-iso-9626","7":"product_cat-customization","8":"product_cat-medical-packaging-tester","9":"product_cat-pharma-and-medical-testers","10":"desktop-align-left","11":"tablet-align-left","12":"mobile-align-left","14":"first","15":"instock","16":"shipping-taxable","17":"product-type-simple"},"_links":{"self":[{"href":"https:\/\/www.qualitester.com\/sl\/wp-json\/wp\/v2\/product\/6644","targetHints":{"allow":["GET"]}}],"collection":[{"href":"https:\/\/www.qualitester.com\/sl\/wp-json\/wp\/v2\/product"}],"about":[{"href":"https:\/\/www.qualitester.com\/sl\/wp-json\/wp\/v2\/types\/product"}],"replies":[{"embeddable":true,"href":"https:\/\/www.qualitester.com\/sl\/wp-json\/wp\/v2\/comments?post=6644"}],"version-history":[{"count":0,"href":"https:\/\/www.qualitester.com\/sl\/wp-json\/wp\/v2\/product\/6644\/revisions"}],"wp:featuredmedia":[{"embeddable":true,"href":"https:\/\/www.qualitester.com\/sl\/wp-json\/wp\/v2\/media\/6646"}],"wp:attachment":[{"href":"https:\/\/www.qualitester.com\/sl\/wp-json\/wp\/v2\/media?parent=6644"}],"wp:term":[{"taxonomy":"product_cat","embeddable":true,"href":"https:\/\/www.qualitester.com\/sl\/wp-json\/wp\/v2\/product_cat?post=6644"},{"taxonomy":"product_tag","embeddable":true,"href":"https:\/\/www.qualitester.com\/sl\/wp-json\/wp\/v2\/product_tag?post=6644"}],"curies":[{"name":"wp","href":"https:\/\/api.w.org\/{rel}","templated":true}]}}