{"id":6452,"date":"2025-02-08T15:47:12","date_gmt":"2025-02-08T07:47:12","guid":{"rendered":"https:\/\/www.qualitester.com\/?post_type=product&#038;p=6452"},"modified":"2025-05-12T11:05:55","modified_gmt":"2025-05-12T03:05:55","slug":"syringe-needle-break-resistance-testing","status":"publish","type":"product","link":"https:\/\/www.qualitester.com\/sl\/izdelek\/syringe-needle-break-resistance-testing\/","title":{"rendered":"NTT-01 Oprema za testiranje odpornosti injekcijske igle proti zlomu"},"content":{"rendered":"<h2><strong>Uvod v testiranje odpornosti injekcijske igle proti zlomu<\/strong><\/h2>\n<p>Preizku\u0161anje odpornosti injekcijskih igel proti zlomu ima klju\u010dno vlogo pri zagotavljanju varnosti in u\u010dinkovitosti podko\u017enih igel. Igle morajo vzdr\u017eati mehanske obremenitve, ki se pojavljajo med medicinskimi postopki, vklju\u010dno z vstavljanjem in odvzemanjem. Igla, ki se med uporabo zlomi, lahko povzro\u010di resna zdravstvena tveganja, kot so po\u0161kodbe ali kontaminacija, zato je presku\u0161anje odpornosti proti zlomu igle pomemben del postopka nadzora kakovosti.<\/p>\n<p>Eden od najbolj priznanih standardov za testiranje injekcijskih igel je <a href=\"https:\/\/www.qualitester.com\/sl\/standards\/iso-9626\/\" target=\"_blank\" rel=\"noopener\"><strong>ISO 9626<\/strong><\/a>. Ta mednarodni standard dolo\u010da zahteve za materiale, mere in mehanske lastnosti hipodermi\u010dnih igel, vklju\u010dno s posebnimi preskusnimi metodami za ocenjevanje njihove odpornosti proti zlomu. Z upo\u0161tevanjem standarda ISO 9626 proizvajalci zagotovijo, da njihove igle izpolnjujejo varnostne standarde in so primerne za medicinsko uporabo.<\/p>\n<h2><strong>Razumevanje standarda ISO 9626 in presku\u0161anje injekcijskih igel<\/strong><\/h2>\n<h3><strong>Pregled standarda ISO 9626<\/strong><\/h3>\n<p><strong>ISO 9626:2016<\/strong> je mednarodni standard, ki dolo\u010da specifikacije za dimenzije, materiale in delovanje hipodermi\u010dnih igel. Standard zagotavlja, da so igle izdelane z natan\u010dnimi tolerancami in iz materialov, ki so odporni na sile, ki se pojavljajo med tipi\u010dnimi medicinskimi postopki.<\/p>\n<p>Zlasti, <strong>ISO 9626<\/strong> dolo\u010da preskusne metode za ugotavljanje odpornosti igel proti zlomu, ki so klju\u010dnega pomena za zagotavljanje trajnosti igel v normalnih delovnih pogojih. Ti preskusi pomagajo ugotoviti morebitne strukturne pomanjkljivosti, ki bi lahko privedle do okvare igle, in tako prepre\u010diti morebitne po\u0161kodbe ali zaplete med uporabo.<\/p>\n<h3><strong>ISO 9626: Priloga C (Preskusna metoda za odpornost proti zlomu)<\/strong><\/h3>\n<p>Spletna stran <strong>preskusna metoda za odpornost proti zlomu<\/strong> opisano v <strong>Priloga C<\/strong> standarda ISO 9626 se osredoto\u010da na simulacijo mehanskih obremenitev, ki so jim podko\u017ene igle izpostavljene med medicinskimi postopki. Ta preskus vklju\u010duje upogibanje cevi igle pod dolo\u010denimi koti, da se dolo\u010di njena odpornost proti zlomu pri ponavljajo\u010dih se stresnih ciklih.<\/p>\n<h4><strong>Na\u010delo preskusa<\/strong><\/h4>\n<p>Preskus se za\u010dne tako, da se en konec cevi z iglo pritrdi in na nasprotni konec na dolo\u010deni razdalji pritisne upogibna sila. Sila povzro\u010di, da se igelna cevka upogne pod kotom v eno ali obe smeri, pri \u010demer je cevka podvr\u017eena ve\u010d ciklom upogibanja. S preskusom se ugotovi, ali lahko igla prenese mehansko obremenitev, ne da bi se zlomila.<\/p>\n<h4><strong>Parametri preskusa<\/strong><\/h4>\n<p>Klju\u010dni parametri testa so:<\/p>\n<ul>\n<li><strong>Kot upogibanja<\/strong>: Igle so upognjene pod kotom 25\u00b0 za navadne cevi, 20\u00b0 za tankostenske cevi in 15\u00b0 za zelo tankostenske ali ultra tankostenske cevi.<\/li>\n<li><strong>Preskusna frekvenca<\/strong>: Upogibanje se ponavlja s frekvenco 0,5 Hz, kar simulira obremenitve med uporabo.<\/li>\n<\/ul>\n<p>Preskus se izvede v 20 celotnih ciklih, pri \u010demer se zabele\u017eijo vsi vidni znaki loma. To pomaga pri odkrivanju \u0161ibkih to\u010dk igle, ki bi lahko povzro\u010dile okvaro v resni\u010dnih medicinskih aplikacijah.<\/p>\n<h2><strong>NTT-01 Tester trdnosti igle: Lastnosti in prednosti<\/strong><\/h2>\n<p>Spletna stran <strong>NTT-01 Tester trdnosti igle<\/strong> je zasnovan za izvajanje preskusov odpornosti igle injekcijske brizge proti zlomu v strogem skladu z <strong>ISO 9626<\/strong>. Ta instrument je klju\u010dnega pomena za ocenjevanje mehanske vzdr\u017eljivosti podko\u017enih igel in zagotavljanje, da lahko vzdr\u017eijo upogibne sile, ki se pojavijo med uporabo.<\/p>\n<h3><strong>Delovni mehanizem<\/strong><\/h3>\n<p>Tester trdnosti igle NTT-01 deluje tako, da en konec igelne cevi pritrdi na mesto, pri tem pa na dolo\u010deni razdalji uporabi silo, ki upogne cev. Ta sila deluje v obeh smereh, kar simulira pogoje, s katerimi bi se igla sre\u010dala med vstavljanjem in izvlekom. Test se izvaja v ciklih, da se izmeri sposobnost igle, da prenese ponavljajo\u010de se obremenitve, ne da bi se zlomila.<\/p>\n<h3><strong>Na\u010dini testiranja<\/strong><\/h3>\n<p>NTT-01 omogo\u010da fleksibilnost pri testiranju, saj ponuja tako <strong>enosmerni<\/strong> in . <strong>dvosmerno upogibanje<\/strong> na\u010dini. To omogo\u010da celovito oceno vzdr\u017eljivosti igle v razli\u010dnih pogojih, kar je bistveno za izpolnjevanje zahtev standarda ISO 9626.<\/p>\n<h3><strong>Klju\u010dne lastnosti<\/strong><\/h3>\n<ul>\n<li><strong>Krmiljen sistem PLC<\/strong>: NTT-01 je opremljen s programirljivim logi\u010dnim krmilnikom (PLC) in 7-pal\u010dnim zaslonom HMI na dotik, kar omogo\u010da enostavno upravljanje in nadzor preskusnih parametrov.<\/li>\n<li><strong>Spremenljiva hitrost testiranja<\/strong>: Instrument omogo\u010da natan\u010den nadzor hitrosti preskusa, ki jo je mogo\u010de prilagoditi glede na posebne potrebe preskusa.<\/li>\n<li><strong>Samodejno vra\u010danje<\/strong>: V primeru izpada elektri\u010dne energije se sistem samodejno vrne v prej\u0161nji polo\u017eaj, kar zagotavlja neprekinjeno testiranje.<\/li>\n<li><strong>Skladnost s standardom ISO 9626<\/strong>: NTT-01 je v skladu s Prilogo C k standardu ISO 9626, zato je zanesljivo orodje za izvajanje preskusov odpornosti igle proti zlomu.<\/li>\n<\/ul>\n<h2><strong>Prednosti testiranja odpornosti injekcijskih igel proti zlomu<\/strong><\/h2>\n<h3><strong>Ve\u010dja varnost izdelkov<\/strong><\/h3>\n<p>S testiranjem odpornosti injekcijskih igel proti zlomu lahko proizvajalci zagotovijo, da so njihove igle dovolj trpe\u017ene, da prenesejo obremenitve pri medicinskih postopkih. S tem se zmanj\u0161a tveganje zloma igle, ki lahko povzro\u010di po\u0161kodbe bolnikov ali zdravstvenih delavcev.<\/p>\n<h3><strong>Zagotavljanje kakovosti<\/strong><\/h3>\n<p>Preizku\u0161anje odpornosti injekcijskih igel proti zlomu pomaga proizvajalcem pri izpolnjevanju zakonskih zahtev in standardov kakovosti, kot so <strong>ISO 9626<\/strong>. Z upo\u0161tevanjem teh standardov lahko proizvajalci zagotovijo, da so njihovi izdelki dosledni, zanesljivi in varni za uporabo v zdravstvenih ustanovah.<\/p>\n<h3><strong>Prihranki pri stro\u0161kih<\/strong><\/h3>\n<p>S testiranjem odpornosti proti zlomu se lahko proizvajalci izognejo dragim odpoklicem ali pravnim te\u017eavam, saj odkrijejo morebitne napake, \u0161e preden igle pridejo na trg. Ta proaktivni pristop dolgoro\u010dno prihrani denar, saj zagotavlja izdajo visokokakovostnih in trajnih izdelkov.<\/p>\n<h2><strong>Klju\u010dni standardi za presku\u0161anje odpornosti injekcijskih igel proti zlomu<\/strong><\/h2>\n<p>Poleg <a href=\"https:\/\/www.iso.org\/standard\/60480.html\" target=\"_blank\" rel=\"noopener nofollow\"><strong>ISO 9626<\/strong><\/a>, obstajajo \u0161e drugi ustrezni standardi, ki urejajo testiranje igel v brizgalkah, vklju\u010dno z naslednjimi:<\/p>\n<ul>\n<li><strong>GB\/T 18457<\/strong>: Kitajski standard za presku\u0161anje odpornosti igel proti zlomu, ki je tesno povezan z <strong>ISO 9626<\/strong>.<\/li>\n<li><strong>ASTM F2922<\/strong>: Standard za presku\u0161anje mehanskih lastnosti igel, vklju\u010dno z odpornostjo proti zlomu.<\/li>\n<\/ul>\n<p>Ti standardi pomagajo dolo\u010diti merila za delovanje podko\u017enih igel in zagotavljajo, da izpolnjujejo zahtevane specifikacije za varnost in zanesljivost.<\/p>\n<h2><strong>Zaklju\u010dek<\/strong><\/h2>\n<p>Preizku\u0161anje odpornosti injekcijskih igel proti zlomu je pomemben postopek za zagotavljanje trajnosti in varnosti podko\u017enih igel. Z upo\u0161tevanjem <strong>ISO 9626<\/strong> in uporabo orodij, kot je <strong>NTT-01 Tester trdnosti igle<\/strong>, lahko proizvajalci zagotovijo, da njihove igle izpolnjujejo najvi\u0161je varnostne standarde in zanesljivo delujejo med medicinskimi postopki. To testiranje ne varuje le bolnikov, temve\u010d tudi zagotavlja, da proizvajalci ostanejo skladni s predpisi v panogi.<\/p>\n<p>Za ve\u010d informacij o <strong>NTT-01 Tester trdnosti igle<\/strong> in kako lahko izbolj\u0161a kakovost igel za brizgalke, nas kontaktirajte \u0161e danes.<\/p>\n<h2><strong>Oddelek Pogosta vpra\u0161anja<\/strong><\/h2>\n<ol>\n<li><strong>Kaj je testiranje odpornosti injekcijskih igel proti zlomu?<\/strong>\n<ul>\n<li>S testiranjem odpornosti igle brizge proti zlomu se oceni, ali je igla med vstavljanjem in odvzemanjem odporna na mehanske obremenitve, da se prepre\u010di njen zlom.<\/li>\n<\/ul>\n<\/li>\n<li><strong>Kako se ISO 9626 nana\u0161a na testiranje igel za brizgalke?<\/strong>\n<ul>\n<li>Standard ISO 9626 dolo\u010da standard za dimenzije, materiale in mehanske lastnosti podko\u017enih igel, vklju\u010dno z metodami presku\u0161anja odpornosti proti zlomu.<\/li>\n<\/ul>\n<\/li>\n<li><strong>Kaj je tester trdnosti igle NTT-01?<\/strong>\n<ul>\n<li>Tester trdnosti igle NTT-01 je naprava za izvajanje upogibnega preskusa, ki ga zahteva standard ISO 9626, s katerim se zagotavlja odpornost proti zlomu podko\u017enih igel.<\/li>\n<\/ul>\n<\/li>\n<li><strong>Kako opravite preskus odpornosti injekcijske igle proti zlomu?<\/strong>\n<ul>\n<li>Preskus vklju\u010duje upogibanje igelne cevi pod dolo\u010denim kotom in z dolo\u010deno frekvenco v eni ali dveh smereh, da se oceni njena vzdr\u017eljivost pri obremenitvah.<\/li>\n<\/ul>\n<\/li>\n<li><strong>Kak\u0161ne so prednosti testiranja odpornosti injekcijskih igel proti zlomu?<\/strong>\n<ul>\n<li>Test zagotavlja varnost igel, prepre\u010duje po\u0161kodbe in pomaga proizvajalcem izpolnjevati industrijske standarde in regulativne zahteve.<\/li>\n<\/ul>\n<\/li>\n<\/ol>","protected":false},"excerpt":{"rendered":"<p>Introduction to Syringe Needle Break Resistance Testing Syringe needle break resistance testing plays a crucial role in ensuring the safety and effectiveness of hypodermic needles. Needles must withstand the mechanical stresses encountered during medical procedures, including insertion and withdrawal. A needle that breaks during use can lead to serious health risks such as injury or &hellip;<\/p>\n<p class=\"read-more\"> <a class=\"\" href=\"https:\/\/www.qualitester.com\/sl\/izdelek\/syringe-needle-break-resistance-testing\/\"> <span class=\"screen-reader-text\">NTT-01 Oprema za testiranje odpornosti injekcijske igle proti zlomu<\/span> Preberite ve\u010d \u00bb<\/a><\/p>","protected":false},"featured_media":6453,"comment_status":"closed","ping_status":"closed","template":"","meta":{"site-sidebar-layout":"default","site-content-layout":"default","ast-global-header-display":"","ast-main-header-display":"","ast-hfb-above-header-display":"","ast-hfb-below-header-display":"","ast-hfb-mobile-header-display":"","site-post-title":"","ast-breadcrumbs-content":"","ast-featured-img":"","footer-sml-layout":"","theme-transparent-header-meta":"default","adv-header-id-meta":"","stick-header-meta":"","header-above-stick-meta":"","header-main-stick-meta":"","header-below-stick-meta":""},"product_cat":[1181,1180,1179,149],"product_tag":[],"class_list":{"0":"post-6452","1":"product","2":"type-product","3":"status-publish","4":"has-post-thumbnail","6":"product_cat-gb-t-18457","7":"product_cat-iso-9626","8":"product_cat-needle-toughness-tester","9":"product_cat-pharma-and-medical-testers","10":"desktop-align-left","11":"tablet-align-left","12":"mobile-align-left","14":"first","15":"instock","16":"shipping-taxable","17":"product-type-simple"},"_links":{"self":[{"href":"https:\/\/www.qualitester.com\/sl\/wp-json\/wp\/v2\/product\/6452","targetHints":{"allow":["GET"]}}],"collection":[{"href":"https:\/\/www.qualitester.com\/sl\/wp-json\/wp\/v2\/product"}],"about":[{"href":"https:\/\/www.qualitester.com\/sl\/wp-json\/wp\/v2\/types\/product"}],"replies":[{"embeddable":true,"href":"https:\/\/www.qualitester.com\/sl\/wp-json\/wp\/v2\/comments?post=6452"}],"version-history":[{"count":0,"href":"https:\/\/www.qualitester.com\/sl\/wp-json\/wp\/v2\/product\/6452\/revisions"}],"wp:featuredmedia":[{"embeddable":true,"href":"https:\/\/www.qualitester.com\/sl\/wp-json\/wp\/v2\/media\/6453"}],"wp:attachment":[{"href":"https:\/\/www.qualitester.com\/sl\/wp-json\/wp\/v2\/media?parent=6452"}],"wp:term":[{"taxonomy":"product_cat","embeddable":true,"href":"https:\/\/www.qualitester.com\/sl\/wp-json\/wp\/v2\/product_cat?post=6452"},{"taxonomy":"product_tag","embeddable":true,"href":"https:\/\/www.qualitester.com\/sl\/wp-json\/wp\/v2\/product_tag?post=6452"}],"curies":[{"name":"wp","href":"https:\/\/api.w.org\/{rel}","templated":true}]}}