{"id":5398,"date":"2024-11-18T10:59:49","date_gmt":"2024-11-18T02:59:49","guid":{"rendered":"https:\/\/www.qualitester.com\/?post_type=product&#038;p=5398"},"modified":"2024-12-05T15:28:34","modified_gmt":"2024-12-05T07:28:34","slug":"sale-high-speed-unwinding-tester","status":"publish","type":"product","link":"https:\/\/www.qualitester.com\/sl\/izdelek\/sale-high-speed-unwinding-tester\/","title":{"rendered":"HSU-01 Tester za odvijanje z visoko hitrostjo"},"content":{"rendered":"<p>Spletna stran <strong>HSU-01 Tester za odvijanje z visoko hitrostjo<\/strong> je napreden instrument, namenjen merjenju sile, ki je potrebna za nadzorovano odvijanje lepilnih trakov iz zvitkov pri visoki hitrosti. Ta inovativna naprava je klju\u010dnega pomena za zagotavljanje kakovosti, saj zagotavlja, da lepilni trakovi izpolnjujejo industrijske standarde in med uporabo delujejo zanesljivo. Naprava HSU-01 je idealna re\u0161itev za testiranje sile odvijanja - od embala\u017ee do avtomobilske, medicinske in elektronske industrije.<\/p>\n<h2>Aplikacije<\/h2>\n<p>S testiranjem sile odvijanja se ocenjuje obna\u0161anje lepilnih trakov v realnih pogojih. To zagotavlja dosledno kakovost in skladnost z industrijskimi standardi pri aplikacijah, kot so:<\/p>\n<ul>\n<li><strong>Pakiranje<\/strong>: Zagotavljanje u\u010dinkovitosti traku med tesnjenjem in skladi\u0161\u010denjem.<\/li>\n<li><strong>Medicinski pripomo\u010dki<\/strong>: Zagotavljanje zanesljivosti lepila v kriti\u010dnih aplikacijah v zdravstvu.<\/li>\n<li><strong>Avtomobilska industrija<\/strong>: Ocenjevanje trajnosti traku za monta\u017eo in popravilo.<\/li>\n<li><strong>Elektronika<\/strong>: Potrjevanje trakov za za\u0161\u010dito izolacije in komponent.<\/li>\n<\/ul>\n<h2>Standardi in preskusne metode<\/h2>\n<p>Spletna stran <strong>HSU-01 Tester za odvijanje z visoko hitrostjo<\/strong>\u00a0je v skladu z vodilnimi industrijskimi standardi:<\/p>\n<h3>PSTC-13:<\/h3>\n<p>Zlati standard za testiranje lepilnih trakov, ki zagotavlja natan\u010dno merjenje sile odvijanja pri visokih hitrostih, da se ohrani konsistentnost izdelka.<\/p>\n<h3>ASTM D1000:<\/h3>\n<p>Opredeljuje preskusne metode za trakove, ob\u010dutljive na pritisk, ki se uporabljajo v elektri\u010dnih in elektronskih aplikacijah.<\/p>\n<h3>EN 12026:<\/h3>\n<p>Zajema trajnost lepilnih trakov na evropskih trgih.<\/p>\n<h3>AFERA 4008:<\/h3>\n<p>Standard za ocenjevanje u\u010dinkovitosti lepilnih trakov v skladu z evropskimi smernicami.<\/p>\n<p><strong>Preskusne metode:<\/strong><\/p>\n<ul>\n<li>En konec traku pritrdite na vrte\u010de se vreteno ali trn, da simulirate odvijanje v resni\u010dnem svetu.<\/li>\n<li>Drugi konec je zasidran, tester pa trak odvija z nastavljeno hitrostjo (merjeno v IPM ali mm\/s).<\/li>\n<li>Izmerite in zabele\u017eite silo, potrebno za vzdr\u017eevanje gibanja, vklju\u010dno z najve\u010djo in povpre\u010dno silo.<\/li>\n<\/ul>\n<hr \/>\n<h2>Klju\u010dne lastnosti HSU-01 Tester za hitre odvitke<\/h2>\n<h3>Napredna zasnova in funkcionalnost<\/h3>\n<p>HSU-01 je namensko izdelan instrument za natan\u010dno testiranje. Zagotavlja podatke v realnem \u010dasu in podroben vpogled v obna\u0161anje lepilnih trakov pri visokih hitrostih.<\/p>\n<h3>Tehni\u010dne specifikacije:<\/h3>\n<table style=\"height: 274px;\" width=\"573\">\n<tbody>\n<tr>\n<td width=\"133\">Velikost vzorca<\/td>\n<td width=\"660\">Premer koluta 75 mm, \u0161irina 75 mm. Najve\u010dji zunanji premer 300 mm (na voljo so prilagoditve)<\/td>\n<\/tr>\n<tr>\n<td width=\"133\">Obremenitvena celica<\/td>\n<td width=\"660\">10 kg, 20 kg in 50 kg so neobvezni<\/td>\n<\/tr>\n<tr>\n<td width=\"133\">Re\u0161itev sile<\/td>\n<td width=\"660\">0.01N<\/td>\n<\/tr>\n<tr>\n<td width=\"133\">Motor<\/td>\n<td width=\"660\">Servo tip<\/td>\n<\/tr>\n<tr>\n<td width=\"133\">Nadzor<\/td>\n<td width=\"660\">Zaslon na dotik PLC in HMI<\/td>\n<\/tr>\n<tr>\n<td width=\"133\">Napajanje<\/td>\n<td width=\"660\">AC 110 ~ 220V 50Hz<\/td>\n<\/tr>\n<\/tbody>\n<\/table>\n<h3>U\u010dinkovitost in zanesljivost<\/h3>\n<ul>\n<li>Stabilno testiranje pri vnaprej dolo\u010denih visokih hitrostih.<\/li>\n<li>Natan\u010dne meritve zagotavljajo kakovost izdelkov in skladnost s standardi, kot so <strong>PSTC-13<\/strong>.<\/li>\n<li>Zanesljiv servo motor in napredni nadzorni sistemi zagotavljajo dosledne rezultate.<\/li>\n<\/ul>\n<h2>Prednosti HSU-01<\/h2>\n<h3>Okrepljeno zagotavljanje kakovosti<\/h3>\n<p>Z natan\u010dnim merjenjem sile odvijanja HSU-01 pomaga proizvajalcem ohranjati visokokakovostne standarde in zagotavlja, da njihovi izdelki izpolnjujejo pri\u010dakovanja strank in zahteve industrije.<\/p>\n<h3>Prilagajanje in prilagodljivost<\/h3>\n<p>Tester je mogo\u010de prilagoditi razli\u010dnim velikostim trakov, zmogljivostim obremenilnih celic in potrebam uporabe.<\/p>\n<h3>Uporabniku prijazno delovanje<\/h3>\n<p>HSU-01 s krmiljenjem PLC in zaslonom na dotik HMI zagotavlja enostavno nastavitev, delovanje in analizo podatkov.<\/p>\n<h2>Pogosta vpra\u0161anja<\/h2>\n<p><strong>1. Kak\u0161na je glavna funkcija testerja HSU-01 High Speed Unwinding Tester?<\/strong><br \/>\nHSU-01 meri silo, ki je potrebna za odvijanje lepilnih trakov pri visokih hitrostih, s \u010dimer zagotavlja kakovost in doslednost delovanja.<\/p>\n<p><strong>2. Zakaj je testiranje sile odvijanja klju\u010dnega pomena?<\/strong><br \/>\nTestiranje sile odvijanja zagotavlja zanesljivost lepilnega traku med uporabo in pomaga proizvajalcem pri izpolnjevanju industrijskih standardov, kot je PSTC-13.<\/p>\n<p><strong>3. V katerih panogah se uporablja testiranje sile odvijanja?<\/strong><br \/>\nIndustrije, kot so embala\u017ea, avtomobilska industrija, medicina in elektronika, se zana\u0161ajo na to testiranje, da bi zagotovile u\u010dinkovitost izdelkov.<\/p>\n<p><strong>4. Po \u010dem se HSU-01 razlikuje od drugih testerjev?<\/strong><br \/>\nHSU-01 ponuja neprimerljivo natan\u010dnost, prilagodljive mo\u017enosti in intuitivno upravljanje, podprto s tehnologijo PLC in HMI.<\/p>\n<p><strong>5. Ali je mogo\u010de HSU-01 prilagoditi?<\/strong><br \/>\nDa, HSU-01 je mogo\u010de prilagoditi posebnim zahtevam za testiranje, vklju\u010dno z velikostjo kolutov, zmogljivostjo obremenilnih celic in hitrostjo testiranja.<\/p>\n<p>Spletna stran <strong>HSU-01 Tester za odvijanje z visoko hitrostjo<\/strong>\u00a0je vrhunska re\u0161itev za testiranje sile odvijanja. Skladna s standardi, kot so <strong>PSTC-13<\/strong>, zagotavlja u\u010dinkovitost in kakovost lepilnih trakov v razli\u010dnih panogah. S svojimi naprednimi funkcijami, uporabniku prijaznim upravljanjem in mo\u017enostmi prilagajanja je HSU-01 vrhunsko orodje za proizvajalce, ki si prizadevajo za odli\u010dnost pri nadzoru kakovosti.<\/p>\n<div id=\"gtx-anchor\" style=\"position: absolute; visibility: hidden; left: 475.688px; top: 26px; width: 84px; height: 19px;\"><\/div>\n<div class=\"jfk-bubble gtx-bubble\" style=\"visibility: visible; left: -150px; top: 55px; opacity: 1;\" role=\"alertdialog\" aria-describedby=\"bubble-12\">\n<div id=\"bubble-12\" class=\"jfk-bubble-content-id\">\n<div id=\"gtx-host\" style=\"min-width: 200px; max-width: 400px;\"><\/div>\n<\/div>\n<div class=\"jfk-bubble-closebtn-id jfk-bubble-closebtn\" tabindex=\"0\" role=\"button\" aria-label=\"Zapri\"><\/div>\n<div class=\"jfk-bubble-arrow-id jfk-bubble-arrow jfk-bubble-arrowup\" style=\"left: 517.688px;\">\n<div class=\"jfk-bubble-arrowimplbefore\"><\/div>\n<div class=\"jfk-bubble-arrowimplafter\"><\/div>\n<\/div>\n<\/div>","protected":false},"excerpt":{"rendered":"<p>Spletna stran <strong>HSU-01 Tester za odvijanje z visoko hitrostjo<\/strong> je napreden instrument, namenjen merjenju sile, ki je potrebna za nadzorovano odvijanje lepilnih trakov iz zvitkov pri visoki hitrosti. Ta inovativna naprava je klju\u010dnega pomena za zagotavljanje kakovosti, saj zagotavlja, da lepilni trakovi izpolnjujejo industrijske standarde in med uporabo delujejo zanesljivo. Naprava HSU-01 je idealna re\u0161itev za testiranje sile odvijanja - od embala\u017ee do avtomobilske, medicinske in elektronske industrije.<\/p>","protected":false},"featured_media":6296,"comment_status":"closed","ping_status":"closed","template":"","meta":{"site-sidebar-layout":"default","site-content-layout":"default","ast-global-header-display":"","ast-main-header-display":"","ast-hfb-above-header-display":"","ast-hfb-below-header-display":"","ast-hfb-mobile-header-display":"","site-post-title":"","ast-breadcrumbs-content":"","ast-featured-img":"","footer-sml-layout":"","theme-transparent-header-meta":"default","adv-header-id-meta":"","stick-header-meta":"","header-above-stick-meta":"","header-main-stick-meta":"","header-below-stick-meta":""},"product_cat":[953,956,955,845,947,954,957,1116,958,952,959,673,118,95],"product_tag":[],"class_list":{"0":"post-5398","1":"product","2":"type-product","3":"status-publish","4":"has-post-thumbnail","6":"product_cat-bursting-tester","7":"product_cat-cobb-tester","8":"product_cat-crush-tester","9":"product_cat-customization","10":"product_cat-high-speed-unwinding-force","11":"product_cat-paper-tear-tester","12":"product_cat-plybond-tester","13":"product_cat-pstc-13","14":"product_cat-puncture-tester","15":"product_cat-rub-tester","16":"product_cat-stiffness-tester","17":"product_cat-adhesive-tester","18":"product_cat-astm-d1000","19":"product_cat-products","20":"desktop-align-left","21":"tablet-align-left","22":"mobile-align-left","24":"first","25":"instock","26":"shipping-taxable","27":"product-type-simple"},"_links":{"self":[{"href":"https:\/\/www.qualitester.com\/sl\/wp-json\/wp\/v2\/product\/5398","targetHints":{"allow":["GET"]}}],"collection":[{"href":"https:\/\/www.qualitester.com\/sl\/wp-json\/wp\/v2\/product"}],"about":[{"href":"https:\/\/www.qualitester.com\/sl\/wp-json\/wp\/v2\/types\/product"}],"replies":[{"embeddable":true,"href":"https:\/\/www.qualitester.com\/sl\/wp-json\/wp\/v2\/comments?post=5398"}],"version-history":[{"count":0,"href":"https:\/\/www.qualitester.com\/sl\/wp-json\/wp\/v2\/product\/5398\/revisions"}],"wp:featuredmedia":[{"embeddable":true,"href":"https:\/\/www.qualitester.com\/sl\/wp-json\/wp\/v2\/media\/6296"}],"wp:attachment":[{"href":"https:\/\/www.qualitester.com\/sl\/wp-json\/wp\/v2\/media?parent=5398"}],"wp:term":[{"taxonomy":"product_cat","embeddable":true,"href":"https:\/\/www.qualitester.com\/sl\/wp-json\/wp\/v2\/product_cat?post=5398"},{"taxonomy":"product_tag","embeddable":true,"href":"https:\/\/www.qualitester.com\/sl\/wp-json\/wp\/v2\/product_tag?post=5398"}],"curies":[{"name":"wp","href":"https:\/\/api.w.org\/{rel}","templated":true}]}}