{"id":5345,"date":"2024-11-14T11:12:56","date_gmt":"2024-11-14T03:12:56","guid":{"rendered":"https:\/\/www.qualitester.com\/?post_type=product&#038;p=5345"},"modified":"2024-12-05T15:21:34","modified_gmt":"2024-12-05T07:21:34","slug":"sale-taber-stiffness-tester-for-paper","status":"publish","type":"product","link":"https:\/\/www.qualitester.com\/sl\/izdelek\/sale-taber-stiffness-tester-for-paper\/","title":{"rendered":"WTD-02 Taberjev tester togosti"},"content":{"rendered":"<p>Spletna stran <strong>Tester togosti Taber<\/strong> je osnovno orodje za ocenjevanje upogibne odpornosti papirja, kartona in drugih visokogramskih materialov. Ta instrument se uporablja v panogah, kot so embala\u017ea, medicinski pripomo\u010dki, elektronika in preverjanje kakovosti, ter pomaga proizvajalcem zagotoviti trajnost in strukturno celovitost izdelkov. Tester togosti Taber zagotavlja natan\u010dne in zanesljive meritve, zato je idealen za postopke zagotavljanja kakovosti, pri katerih so natan\u010dni podatki o togosti klju\u010dnega pomena.<\/p>\n<h2>Uporaba merilnika togosti Taber<\/h2>\n<p>Tester togosti Taber se pogosto uporablja za merjenje togosti materialov, ki morajo biti odporni na upogibanje, kot so embala\u017eni materiali, etikete ter strukturni sloji v elektroniki in medicinskih napravah. Z zmo\u017enostjo natan\u010dnega ocenjevanja upogibne trdnosti materialov pomaga industriji pri zagotavljanju skladnosti s standardi u\u010dinkovitosti, dolgotrajnosti izdelkov in doslednosti kakovosti embala\u017ee.<\/p>\n<h2>Na\u010delo presku\u0161anja in postopek merjenja<\/h2>\n<p>Spletna stran <strong>Tester togosti Taber<\/strong> deluje tako, da vpne preskusni vzorec in ga upogne pod vnaprej dolo\u010denim kotom ter izmeri nastali upogibni moment. Upogibni moment, izra\u017een v milinewton metrih (mN-m), neposredno odra\u017ea togost materiala. Za splo\u0161ne materiale je standardni kot 15\u00b0, medtem ko je za ob\u010dutljive materiale, ki so nagnjeni k trajnim deformacijam pri ve\u010djih kotih, na voljo kot 7,5\u00b0. Zasnova testerja togosti Taber zagotavlja natan\u010dno dol\u017eino in hitrost upogibanja, kar zagotavlja dosledne rezultate za nadzor kakovosti in raziskovalne namene.<\/p>\n<h2>Klju\u010dni standardi, skladni s Taberjevim testiranjem togosti<\/h2>\n<p>Spletna stran <strong>Tester togosti Taber<\/strong> izpolnjuje ve\u010d industrijskih standardov, kar zagotavlja vsestranskost in zanesljivost v razli\u010dnih testnih okoljih:<\/p>\n<ul>\n<li><a href=\"https:\/\/www.astm.org\/d5342-97r07.html\" target=\"_blank\" rel=\"noopener nofollow\"><strong>ASTM D5342<\/strong><\/a>: Ta standard se pogosto uporablja za merjenje togosti papirja in kartona, kar omogo\u010da dragocen vpogled v odpornost materiala proti upogibanju in njegovo primernost za pakiranje.<\/li>\n<li><a href=\"https:\/\/www.astm.org\/d5650-97r02.html\" target=\"_blank\" rel=\"noopener nofollow\"><strong>ASTM D5650<\/strong><\/a>: Dolo\u010da zahteve za presku\u0161anje togosti visokogramskih papirnatih izdelkov, ki se obi\u010dajno uporabljajo v industrijski in potro\u0161ni\u0161ki embala\u017ei.<\/li>\n<li><a href=\"https:\/\/www.astm.org\/d3301-00.html\" target=\"_blank\" rel=\"noopener nofollow\"><strong>ASTM D3301<\/strong><\/a>: Opredeljuje metode za merjenje upogibne odpornosti pri razli\u010dnih vrstah papirja, kar pomaga proizvajalcem pri doseganju dosledne kakovosti.<\/li>\n<li><strong>BS ISO 2493.2 &amp; ISO 2493.2<\/strong>: Ti standardi veljajo za merjenje upogibne togosti na svetovni ravni in zagotavljajo merilo mednarodne kakovosti.<\/li>\n<li><strong>JIS P8125.2<\/strong>: Ta standard, ki se uporablja v japonski industriji, ponuja posebne smernice za presku\u0161anje togosti izdelkov iz papirja.<\/li>\n<li><strong>TAPPI T489<\/strong>: Severnoameri\u0161ki standard, na katerega se pogosto sklicuje industrija kartona, zlasti na podro\u010dju embala\u017ee.<\/li>\n<li><strong>TAPPI T566<\/strong>: Ta standard opisuje preskusne metode za pro\u017enost in togost visokogramskih materialov, ki zagotavljajo trajnost pri uporabi embala\u017ee.<\/li>\n<\/ul>\n<h2>Glavne tehni\u010dne specifikacije<\/h2>\n<table>\n<tbody>\n<tr>\n<td style=\"text-align: center;\" width=\"117\">Preskusno obmo\u010dje<\/td>\n<td style=\"text-align: center;\" width=\"196\">1 ~ 500 mN.m (v 7 razponih)<\/td>\n<\/tr>\n<tr>\n<td style=\"text-align: center;\" width=\"117\">Napaka pri indikaciji<\/td>\n<td style=\"text-align: center;\" width=\"196\">\u00b12%<\/td>\n<\/tr>\n<tr>\n<td style=\"text-align: center;\" width=\"117\">Dol\u017eina upogibanja<\/td>\n<td style=\"text-align: center;\" width=\"196\">50 mm \u00b1 0,1 mm<\/td>\n<\/tr>\n<tr>\n<td style=\"text-align: center;\" width=\"117\">Hitrost testiranja<\/td>\n<td style=\"text-align: center;\" width=\"196\">\uff08200\u00b0\u00b120\u00b0\uff09\/min<\/td>\n<\/tr>\n<tr>\n<td style=\"text-align: center;\" width=\"117\">upogibni kot<\/td>\n<td style=\"text-align: center;\" width=\"196\">15\u00b0\u00b10,3\u00b0 in 7,5\u00b0\u00b10,3\u00b0<\/td>\n<\/tr>\n<tr>\n<td style=\"text-align: center;\" width=\"117\">\u00a0Velikost vzorca<\/td>\n<td style=\"text-align: center;\" width=\"196\">38*70 mm<\/td>\n<\/tr>\n<tr>\n<td style=\"text-align: center;\" width=\"117\">Dimenzija<\/td>\n<td style=\"text-align: center;\" width=\"196\">220*230*350 mm<\/td>\n<\/tr>\n<tr>\n<td style=\"text-align: center;\" width=\"117\">Neto te\u017ea<\/td>\n<td style=\"text-align: center;\" width=\"196\">15 kg<\/td>\n<\/tr>\n<tr>\n<td style=\"text-align: center;\" width=\"117\">Napajanje<\/td>\n<td style=\"text-align: center;\" width=\"196\">AC 220V 50Hz<\/td>\n<\/tr>\n<\/tbody>\n<\/table>\n<h2>Prednosti uporabe testerja togosti Taber<\/h2>\n<ol>\n<li><strong>Visoka natan\u010dnost<\/strong>: Taberjev tester togosti s stopnjo napake le \u00b12% zagotavlja zanesljive in natan\u010dne meritve za nadzor kakovosti.<\/li>\n<li><strong>Skladnost s standardi<\/strong>: Ustreza standardom ASTM, ISO, JIS in TAPPI ter izpolnjuje \u0161irok spekter zakonskih potreb, zato ga je mogo\u010de prilagoditi razli\u010dnim industrijam.<\/li>\n<li><strong>Uporabniku prijazno oblikovanje<\/strong>: Zaradi nastavljivih kotov upogibanja in kompaktne velikosti ga je enostavno vklju\u010diti v laboratorijske in proizvodne prostore.<\/li>\n<\/ol>\n<h2>Kako tester togosti Taber izbolj\u0161a nadzor kakovosti<\/h2>\n<p>Taberjev tester togosti z merjenjem upogibne odpornosti embala\u017enih materialov in drugih izdelkov z visoko gramaturo pomaga proizvajalcem zagotoviti, da njihovi izdelki izpolnjujejo industrijske standarde za trajnost in strukturno celovitost. Ta instrument ima klju\u010dno vlogo pri nadzoru kakovosti v industriji embala\u017ee, hrane, medicine in potro\u0161ni\u0161kega blaga, saj podjetjem omogo\u010da ohranjanje kakovosti in u\u010dinkovitosti izdelkov.<\/p>\n<h2>Pogosta vpra\u0161anja<\/h2>\n<p><strong>V1: Katere materiale je mogo\u010de testirati s Taberjevim testerjem togosti?<\/strong><br \/>\n<em>Tester togosti Taber je zasnovan za visokogramski papir, karton in podobne materiale, ki se uporabljajo v embala\u017ei in konstrukcijskih aplikacijah.<\/em><\/p>\n<p><strong>V2: Kako je upogibna odpornost izra\u017eena v rezultatih preskusa?<\/strong><br \/>\n<em>Upogibna upornost se zabele\u017ei kot upogibni moment, ki se meri v milinewton metrih (mN-m).<\/em><\/p>\n<p><strong>V3: Kak\u0161na je razlika med 15\u00b0 in 7,5\u00b0 upogibnim kotom?<\/strong><br \/>\n<em>Kot 15\u00b0 je standarden za ve\u010dino materialov, kot 7,5\u00b0 pa se uporablja za materiale, ki bi se pri upogibanju pod ve\u010djimi koti lahko deformirali.<\/em><\/p>\n<p><strong>V4: Katere standarde izpolnjuje ta tester?<\/strong><br \/>\n<em>Taberjev tester togosti je skladen s standardi ASTM D5342, ASTM D5650, ASTM D3301, BS ISO 2493.2, ISO 2493.2, JIS P8125.2, TAPPI T489 in TAPPI T566.<\/em><\/p>\n<p><strong>V5: V katerih panogah se obi\u010dajno uporablja Taberjev tester togosti?<\/strong><br \/>\n<em>V panogah, kot so embala\u017ea, farmacija, hrana, elektronika in nadzor kakovosti, se Taberjev tester togosti pogosto uporablja za zagotavljanje celovitosti izdelkov.<\/em><\/p>","protected":false},"excerpt":{"rendered":"<p>Spletna stran <strong>Tester togosti Taber<\/strong> je osnovno orodje za ocenjevanje upogibne odpornosti papirja, kartona in drugih visokogramskih materialov. Ta instrument se uporablja v panogah, kot so embala\u017ea, medicinski pripomo\u010dki, elektronika in preverjanje kakovosti, ter pomaga proizvajalcem zagotoviti trajnost in strukturno celovitost izdelkov. Tester togosti Taber zagotavlja natan\u010dne in zanesljive meritve, zato je idealen za postopke zagotavljanja kakovosti, pri katerih so natan\u010dni podatki o togosti klju\u010dnega pomena.<\/p>","protected":false},"featured_media":6292,"comment_status":"closed","ping_status":"closed","template":"","meta":{"site-sidebar-layout":"default","site-content-layout":"default","ast-global-header-display":"","ast-main-header-display":"","ast-hfb-above-header-display":"","ast-hfb-below-header-display":"","ast-hfb-mobile-header-display":"","site-post-title":"","ast-breadcrumbs-content":"","ast-featured-img":"","footer-sml-layout":"","theme-transparent-header-meta":"default","adv-header-id-meta":"","stick-header-meta":"","header-above-stick-meta":"","header-main-stick-meta":"","header-below-stick-meta":""},"product_cat":[1096,1094,1095,845,1097,1171,1098,1099,44,95],"product_tag":[],"class_list":{"0":"post-5345","1":"product","2":"type-product","3":"status-publish","4":"has-post-thumbnail","6":"product_cat-astm-d3301","7":"product_cat-astm-d5342","8":"product_cat-astm-d5650","9":"product_cat-customization","10":"product_cat-iso-2493-2","11":"product_cat-jis-p8125-2","12":"product_cat-tappi-t489","13":"product_cat-tappi-t566","14":"product_cat-paper-and-board-testers","15":"product_cat-products","16":"desktop-align-left","17":"tablet-align-left","18":"mobile-align-left","20":"first","21":"instock","22":"shipping-taxable","23":"product-type-simple"},"_links":{"self":[{"href":"https:\/\/www.qualitester.com\/sl\/wp-json\/wp\/v2\/product\/5345","targetHints":{"allow":["GET"]}}],"collection":[{"href":"https:\/\/www.qualitester.com\/sl\/wp-json\/wp\/v2\/product"}],"about":[{"href":"https:\/\/www.qualitester.com\/sl\/wp-json\/wp\/v2\/types\/product"}],"replies":[{"embeddable":true,"href":"https:\/\/www.qualitester.com\/sl\/wp-json\/wp\/v2\/comments?post=5345"}],"version-history":[{"count":0,"href":"https:\/\/www.qualitester.com\/sl\/wp-json\/wp\/v2\/product\/5345\/revisions"}],"wp:featuredmedia":[{"embeddable":true,"href":"https:\/\/www.qualitester.com\/sl\/wp-json\/wp\/v2\/media\/6292"}],"wp:attachment":[{"href":"https:\/\/www.qualitester.com\/sl\/wp-json\/wp\/v2\/media?parent=5345"}],"wp:term":[{"taxonomy":"product_cat","embeddable":true,"href":"https:\/\/www.qualitester.com\/sl\/wp-json\/wp\/v2\/product_cat?post=5345"},{"taxonomy":"product_tag","embeddable":true,"href":"https:\/\/www.qualitester.com\/sl\/wp-json\/wp\/v2\/product_tag?post=5345"}],"curies":[{"name":"wp","href":"https:\/\/api.w.org\/{rel}","templated":true}]}}