{"id":5332,"date":"2024-11-13T11:52:19","date_gmt":"2024-11-13T03:52:19","guid":{"rendered":"https:\/\/www.qualitester.com\/?post_type=product&#038;p=5332"},"modified":"2024-12-05T15:09:02","modified_gmt":"2024-12-05T07:09:02","slug":"sale-paper-horizontal-tensile-tester","status":"publish","type":"product","link":"https:\/\/www.qualitester.com\/sl\/izdelek\/sale-paper-horizontal-tensile-tester\/","title":{"rendered":"TST-H Horizontalni natezni tester"},"content":{"rendered":"<h2><strong>Uvod: Vodoravni natezni tester za papir<\/strong><\/h2>\n<p>Spletna stran <strong>TST-H Horizontalni natezni tester<\/strong> je najsodobnej\u0161i testni instrument s konstantno stopnjo raztezanja, namenjen merjenju nateznih lastnosti papirja, kartona, tissue papirja in drugih materialov na osnovi papirja. S svojimi natan\u010dnimi zmogljivostmi testiranja dolo\u010da pomembne lastnosti, kot so natezna trdnost, raztezanje pri najve\u010dji sili, absorpcija natezne energije in natezna togost. Tester je idealen za ocenjevanje embala\u017enih materialov, izdelkov iz papirja in tissue izdelkov, saj zagotavlja klju\u010dne podatke za industrije, kot so embala\u017ea, \u017eivila, farmacevtski izdelki, lepila in agencije za nadzor kakovosti.<\/p>\n<p>Spletna stran <strong>TST-H Horizontalni natezni tester<\/strong> ponuja natan\u010dne in ponovljive rezultate, kar proizvajalcem omogo\u010da ohranjanje dosledne kakovosti in zagotavljanje skladnosti izdelkov z mednarodnimi standardi. TST-H zagotavlja zanesljive in natan\u010dne natezne meritve, ki so klju\u010dnega pomena za optimizacijo u\u010dinkovitosti izdelka, ne glede na to, ali gre za nadzor kakovosti ali raziskave.<\/p>\n<hr \/>\n<h2><strong>Preskusne metode in standardi za vodoravno natezno presku\u0161anje papirja<\/strong><\/h2>\n<h3><strong>ISO 1924: Klju\u010dni preskusni standardi za natezno presku\u0161anje papirja<\/strong><\/h3>\n<p>Spletna stran <strong>ISO 1924<\/strong> je najbolj raz\u0161irjen mednarodni standard za presku\u0161anje nateznih lastnosti papirja in kartona. Serija je sestavljena iz treh delov, ki podrobno opisujejo metode za natezno presku\u0161anje v razli\u010dnih pogojih:<\/p>\n<ul>\n<li><a href=\"https:\/\/www.iso.org\/standard\/6616.html\" target=\"_blank\" rel=\"noopener nofollow\"><strong>ISO 1924-1<\/strong><\/a>: Osredoto\u010da se na dolo\u010danje natezne trdnosti, raztezanja in raztezanja pri najve\u010dji sili papirja in kartona.<\/li>\n<li><a href=\"https:\/\/www.iso.org\/standard\/41397.html\" target=\"_blank\" rel=\"noopener nofollow\"><strong>ISO 1924-2<\/strong><\/a>: Posebej obravnava presku\u0161anje natezne trdnosti papirja in kartona v mokrih pogojih.<\/li>\n<li><a href=\"https:\/\/www.iso.org\/standard\/32206.html\" target=\"_blank\" rel=\"noopener nofollow\"><strong>ISO 1924-3<\/strong><\/a>: Zajema kontinuirano metodo za dolo\u010danje nateznih lastnosti papirja za dolgoro\u010dne \u0161tudije trajnosti.<\/li>\n<\/ul>\n<p>Ti standardi zagotavljajo jasne smernice za izvajanje nateznih testov in zagotavljanje, da papirni izdelki izpolnjujejo potrebna merila kakovosti. Horizontalni natezni tester TST-H upo\u0161teva te standarde ISO, kar zagotavlja skladnost in doslednost rezultatov testiranja.<\/p>\n<h4><strong>ISO 1924-1: Dolo\u010danje nateznih lastnosti<\/strong><\/h4>\n<p><strong>ISO 1924-1<\/strong> opisuje preskusno metodo za dolo\u010danje natezne trdnosti, raztezanja pri najve\u010dji sili in raztezanja papirja. Na spletni strani . <strong>TST-H Horizontalni natezni tester<\/strong> uporablja to metodo tako, da vzorec papirja razteza s konstantno hitrostjo, dokler se ne pretrga. Podatki o sili in raztezku, zbrani med preskusom, se uporabijo za izra\u010dun klju\u010dnih parametrov, vklju\u010dno z:<\/p>\n<ul>\n<li><strong>Natezna trdnost<\/strong>: Najve\u010dja sila, ki jo papir lahko prenese, preden se pretrga.<\/li>\n<li><strong>Raztezanje pri najve\u010dji sili<\/strong>: Koli\u010dina raztezka, ki jo papir dose\u017ee na to\u010dki najve\u010dje natezne trdnosti.<\/li>\n<li><strong>Absorpcija natezne energije<\/strong>: Energija, ki jo papir absorbira med preskusom.<\/li>\n<\/ul>\n<p>Podatki, ki jih zagotavlja TST-H, omogo\u010dajo proizvajalcem, da ocenijo obstojnost in u\u010dinkovitost papirnih izdelkov za razli\u010dne na\u010dine uporabe.<\/p>\n<h4><strong>ISO 1924-2: Preskus mokre natezne trdnosti<\/strong><\/h4>\n<p><strong>ISO 1924-2<\/strong> se osredoto\u010da na merjenje <strong>mokra natezna trdnost<\/strong> papirja in kartona, kar je \u0161e posebej pomembno za papirne izdelke, ki se uporabljajo v mokrih pogojih (npr. higienski papir, embala\u017eni materiali). Spletna stran <strong>TST-H Horizontalni natezni tester<\/strong> je opremljen z opcijskim <strong>mokra natezna trdnost rezervoarja za vodo<\/strong> za namestitev testov v skladu z <strong>ISO 1924-2<\/strong>. Ta lastnost zagotavlja, da lahko tester obdeluje materiale, ki so izpostavljeni vlagi, in natan\u010dno meri zmanj\u0161anje natezne trdnosti, ki se pojavi, ko je papir moker.<\/p>\n<h4><strong>ISO 1924-3: Kontinualna metoda za presku\u0161anje papirja<\/strong><\/h4>\n<p><strong>ISO 1924-3<\/strong> uvaja kontinuirano metodo za dolo\u010danje nateznih lastnosti papirja in kartona. Ta metoda se uporablja za dolgoro\u010dno presku\u0161anje trajnosti, zlasti za materiale, kot je valoviti karton. Na spletni strani <strong>TST-H Horizontalni natezni tester<\/strong> je mogo\u010de konfigurirati za izvajanje neprekinjenih preskusov, ki zagotavljajo dragocen vpogled v obna\u0161anje papirnih izdelkov pod dolgotrajnimi obremenitvami.<\/p>\n<h3><strong>Drugi ustrezni standardi<\/strong><\/h3>\n<p>Poleg <strong>ISO 1924<\/strong>, je <strong>TST-H Horizontalni natezni tester<\/strong> izpolnjuje ve\u010d drugih standardov, med drugim:<\/p>\n<ul>\n<li><strong>ISO 12625-4<\/strong>: Natezni preskus tissue papirja.<\/li>\n<li><strong>ISO 12625-5<\/strong>: Splo\u0161ne preskusne metode za dolo\u010danje natezne trdnosti papirja in kartona.<\/li>\n<li><strong>TAPPI T494<\/strong>: Standardna preskusna metoda za natezne lastnosti papirja in kartona.<\/li>\n<\/ul>\n<p>Ti standardi zagotavljajo, da <strong>TST-H<\/strong> zagotavlja dosledne, natan\u010dne in zanesljive rezultate za \u0161iroko paleto izdelkov iz papirja.<\/p>\n<hr \/>\n<h2><strong>Prednosti uporabe vodoravnega nateznega preizku\u0161evalnika papirja<\/strong><\/h2>\n<ul>\n<li><strong>Natan\u010dnost in stabilnost<\/strong> Spletna stran <strong>TST-H<\/strong> je zgrajen z <strong>struktura z enim stolpcem<\/strong> in <strong>precizni krogli\u010dni vijak<\/strong> za stabilen prenos in ve\u010djo natan\u010dnost testiranja. To zagotavlja natan\u010dno merjenje nateznih lastnosti, zato je zanesljivo orodje za nadzor kakovosti.<\/li>\n<li><strong>Uporabniku prijazen vmesnik<\/strong> Opremljen je z <strong>7-pal\u010dni zaslon na dotik<\/strong>, tester ponuja intuitiven in enostaven za uporabo vmesnik za upravljanje. Uporabniki lahko hitro nastavijo teste, spremljajo rezultate in prilagajajo parametre, zato je primeren tako za za\u010detnike kot za izku\u0161ene operaterje.<\/li>\n<li><strong>Izbirna funkcija mokrega testiranja<\/strong> Spletna stran <strong>mokra natezna trdnost rezervoarja za vodo<\/strong> omogo\u010da testiranje papirja v vla\u017enih pogojih, kar je bistvena lastnost za ocenjevanje materialov, ki se uporabljajo v vla\u017enih ali vla\u017enih okoljih, kot sta tissue papir in embala\u017ea.<\/li>\n<li><strong>Izbolj\u0161ano upravljanje podatkov<\/strong> Spletna stran <strong>TST-H<\/strong> je zdru\u017eljiv z <strong>ra\u010dunalni\u0161ka povezljivost<\/strong> (neobvezno), ki omogo\u010da napredno shranjevanje podatkov, analizo in izdelavo poro\u010dil. Na spletni strani <strong>modularni termi\u010dni tiskalnik<\/strong> zagotavlja takoj\u0161nje rezultate testov in hiter dostop do klju\u010dnih podatkov.<\/li>\n<li><strong>Vsestranski in prilagodljiv<\/strong> Spletna stran <strong>TST-H<\/strong> je prilagodljiv razli\u010dnim potrebam po testiranju, vklju\u010dno z razli\u010dnimi izdelki iz papirja in velikostjo vzorcev po meri. Zaradi prilagodljivih parametrov testiranja in izbirnih funkcij je vsestranska izbira za razli\u010dne aplikacije.<\/li>\n<\/ul>\n<hr \/>\n<h2><strong>Preskusni parametri in specifikacije<\/strong><\/h2>\n<table>\n<tbody>\n<tr>\n<td style=\"text-align: center;\" width=\"237\">Merilno obmo\u010dje<\/td>\n<td style=\"text-align: center;\" width=\"224\">30N, 500N ali po potrebi<\/td>\n<\/tr>\n<tr>\n<td style=\"text-align: center;\" width=\"237\">Obmo\u010dje merjenja raztezka<\/td>\n<td style=\"text-align: center;\" width=\"224\">45-260 mm<\/td>\n<\/tr>\n<tr>\n<td style=\"text-align: center;\" width=\"237\">Hitrost raztezanja:<\/td>\n<td style=\"text-align: center;\" width=\"224\">(1 ~ 500) mm\/min<\/td>\n<\/tr>\n<tr>\n<td style=\"text-align: center;\" width=\"237\">Hitrost vra\u010danja<\/td>\n<td style=\"text-align: center;\" width=\"224\">100 mm\/min<\/td>\n<\/tr>\n<tr>\n<td style=\"text-align: center;\" width=\"237\">Razmik med sponkami<\/td>\n<td style=\"text-align: center;\" width=\"224\">1 ~ 250 mm<\/td>\n<\/tr>\n<tr>\n<td style=\"text-align: center;\" width=\"237\">Natan\u010dnost testne hitrosti<\/td>\n<td style=\"text-align: center;\" width=\"224\">(1 ~ 10) mm\/min: \u00b10,1 mm\/min<\/td>\n<\/tr>\n<tr>\n<td style=\"text-align: center;\" width=\"237\">frekvenca vzor\u010denja<\/td>\n<td style=\"text-align: center;\" width=\"224\">400 Times\/S<\/td>\n<\/tr>\n<tr>\n<td style=\"text-align: center;\" width=\"237\">Natan\u010dnost<\/td>\n<td style=\"text-align: center;\" width=\"224\">\u2264\u00b10,5%<\/td>\n<\/tr>\n<tr>\n<td style=\"text-align: center;\" width=\"237\">Natan\u010dnost sile<\/td>\n<td style=\"text-align: center;\" width=\"224\">\u00b10,11 TP3T (20 ~ 1001 TP3TFS)<\/td>\n<\/tr>\n<tr>\n<td style=\"text-align: center;\" width=\"237\">Lo\u010dljivost deformacije<\/td>\n<td style=\"text-align: center;\" width=\"224\">\u22640,1 mm<\/td>\n<\/tr>\n<tr>\n<td style=\"text-align: center;\" width=\"237\">Vpenjanje vzorca<\/td>\n<td style=\"text-align: center;\" width=\"224\">pnevmatski<\/td>\n<\/tr>\n<tr>\n<td style=\"text-align: center;\" width=\"237\">Pritisk pri stiskanju<\/td>\n<td style=\"text-align: center;\" width=\"224\">0,2-0,7 MPa (nastavljivo)<\/td>\n<\/tr>\n<tr>\n<td style=\"text-align: center;\" width=\"237\">Velikost vzorca<\/td>\n<td style=\"text-align: center;\" width=\"224\">1-25 mm<\/td>\n<\/tr>\n<tr>\n<td style=\"text-align: center;\" width=\"237\">Vmesnik \u010dlovek-stroj<\/td>\n<td style=\"text-align: center;\" width=\"224\">7-pal\u010dni zaslon na dotik<\/td>\n<\/tr>\n<tr>\n<td style=\"text-align: center;\" width=\"237\">Izpis<\/td>\n<td style=\"text-align: center;\" width=\"224\">vgrajen termi\u010dni tiskalnik.<\/td>\n<\/tr>\n<tr>\n<td style=\"text-align: center;\" width=\"237\">Napajanje<\/td>\n<td style=\"text-align: center;\" width=\"224\">AC 220V 50Hz<\/td>\n<\/tr>\n<tr>\n<td style=\"text-align: center;\" width=\"237\">Dimenzija<\/td>\n<td style=\"text-align: center;\" width=\"224\">650 * 500 * 400 mm<\/td>\n<\/tr>\n<\/tbody>\n<\/table>\n<hr \/>\n<h2><strong>Zakaj izbrati papirni horizontalni natezni tester?<\/strong><\/h2>\n<p>Spletna stran <strong>TST-H Horizontalni natezni tester<\/strong> ponuja neprimerljivo kombinacijo natan\u010dnosti, prilagodljivosti in enostavne uporabe, zato je idealna izbira za testiranje nateznih lastnosti papirja, kartona, tissue papirja in drugih podobnih materialov. S svojo sposobnostjo merjenja klju\u010dnih lastnosti, kot so natezna trdnost, raztezek in absorpcija energije, ta preizku\u0161evalnik pomaga proizvajalcem optimizirati kakovost izdelkov in zagotoviti skladnost z mednarodnimi standardi, kot so <strong>ISO 1924<\/strong>, <strong>ISO 12625<\/strong>, in <strong>TAPPI T494<\/strong>.<\/p>\n<p>Ne glede na to, ali testirate za nadzor kakovosti, raziskave ali razvoj izdelkov, je <strong>TST-H Horizontalni natezni tester<\/strong> je zanesljiva in u\u010dinkovita re\u0161itev za vse va\u0161e potrebe po testiranju papirja.<\/p>\n<hr \/>\n<h2><strong>Pogosto zastavljena vpra\u0161anja (FAQ)<\/strong><\/h2>\n<ol>\n<li><strong>Katere vrste materialov je mogo\u010de testirati z vodoravnim nateznim testerjem za papir?<\/strong>\n<ul>\n<li>TST-H je zasnovan za presku\u0161anje papirja, kartona, tissue papirja in podobnih izdelkov na osnovi papirja.<\/li>\n<\/ul>\n<\/li>\n<li><strong>Kako izvedem mokri test natezne trdnosti z napravo TST-H?<\/strong>\n<ul>\n<li>TST-H vklju\u010duje izbirni <strong>mokra natezna trdnost rezervoarja za vodo<\/strong> za izvajanje testov v mokrih razmerah, ki izpolnjujejo <strong>ISO 1924-2<\/strong> standardi.<\/li>\n<\/ul>\n<\/li>\n<li><strong>Katere so glavne prednosti 7-pal\u010dnega zaslona na dotik na vodoravnem nateznem preizku\u0161evalniku papirja?<\/strong>\n<ul>\n<li>Zaslon na dotik ponuja uporabniku prijazen vmesnik, ki omogo\u010da enostavno nastavitev, delovanje in spremljanje rezultatov testiranja.<\/li>\n<\/ul>\n<\/li>\n<li><strong>Ali je mogo\u010de vodoravni natezni tester TST-H priklju\u010diti na ra\u010dunalnik za shranjevanje podatkov?<\/strong>\n<ul>\n<li>Da, ponuja <strong>ra\u010dunalni\u0161ka povezljivost<\/strong> za napredno shranjevanje podatkov, analizo in izdelavo poro\u010dil.<\/li>\n<\/ul>\n<\/li>\n<li><strong>Katere standarde izpolnjuje papirni horizontalni natezni tester?<\/strong>\n<ul>\n<li>Tester je skladen z <strong>ISO 1924<\/strong> (deli 1, 2 in 3), <strong>ISO 12625<\/strong>, <strong>TAPPI T494<\/strong>, in druge ustrezne standarde za testiranje papirja.<\/li>\n<\/ul>\n<\/li>\n<\/ol>","protected":false},"excerpt":{"rendered":"<p>Spletna stran <strong>TST-H Horizontalni natezni tester<\/strong> ponuja natan\u010dne in ponovljive rezultate, kar proizvajalcem omogo\u010da ohranjanje dosledne kakovosti in zagotavljanje skladnosti izdelkov z mednarodnimi standardi. TST-H zagotavlja zanesljive in natan\u010dne natezne meritve, ki so klju\u010dnega pomena za optimizacijo u\u010dinkovitosti izdelka, ne glede na to, ali gre za nadzor kakovosti ali raziskave.<\/p>","protected":false},"featured_media":6280,"comment_status":"closed","ping_status":"closed","template":"","meta":{"site-sidebar-layout":"default","site-content-layout":"default","ast-global-header-display":"","ast-main-header-display":"","ast-hfb-above-header-display":"","ast-hfb-below-header-display":"","ast-hfb-mobile-header-display":"","site-post-title":"","ast-breadcrumbs-content":"","ast-featured-img":"","footer-sml-layout":"","theme-transparent-header-meta":"default","adv-header-id-meta":"","stick-header-meta":"","header-above-stick-meta":"","header-main-stick-meta":"","header-below-stick-meta":""},"product_cat":[845,953,956,955,1166,1167,1163,1164,1165,954,957,958,952,959,1168,679,95],"product_tag":[],"class_list":{"0":"post-5332","1":"product","2":"type-product","3":"status-publish","4":"has-post-thumbnail","6":"product_cat-customization","7":"product_cat-bursting-tester","8":"product_cat-cobb-tester","9":"product_cat-crush-tester","10":"product_cat-iso-12625-4","11":"product_cat-iso-12625-5","12":"product_cat-iso-1924-1","13":"product_cat-iso-1924-2","14":"product_cat-iso-1924-3","15":"product_cat-paper-tear-tester","16":"product_cat-plybond-tester","17":"product_cat-puncture-tester","18":"product_cat-rub-tester","19":"product_cat-stiffness-tester","20":"product_cat-tappi-t494","21":"product_cat-tensile-tester","22":"product_cat-products","23":"desktop-align-left","24":"tablet-align-left","25":"mobile-align-left","27":"first","28":"instock","29":"shipping-taxable","30":"product-type-simple"},"_links":{"self":[{"href":"https:\/\/www.qualitester.com\/sl\/wp-json\/wp\/v2\/product\/5332","targetHints":{"allow":["GET"]}}],"collection":[{"href":"https:\/\/www.qualitester.com\/sl\/wp-json\/wp\/v2\/product"}],"about":[{"href":"https:\/\/www.qualitester.com\/sl\/wp-json\/wp\/v2\/types\/product"}],"replies":[{"embeddable":true,"href":"https:\/\/www.qualitester.com\/sl\/wp-json\/wp\/v2\/comments?post=5332"}],"version-history":[{"count":0,"href":"https:\/\/www.qualitester.com\/sl\/wp-json\/wp\/v2\/product\/5332\/revisions"}],"wp:featuredmedia":[{"embeddable":true,"href":"https:\/\/www.qualitester.com\/sl\/wp-json\/wp\/v2\/media\/6280"}],"wp:attachment":[{"href":"https:\/\/www.qualitester.com\/sl\/wp-json\/wp\/v2\/media?parent=5332"}],"wp:term":[{"taxonomy":"product_cat","embeddable":true,"href":"https:\/\/www.qualitester.com\/sl\/wp-json\/wp\/v2\/product_cat?post=5332"},{"taxonomy":"product_tag","embeddable":true,"href":"https:\/\/www.qualitester.com\/sl\/wp-json\/wp\/v2\/product_tag?post=5332"}],"curies":[{"name":"wp","href":"https:\/\/api.w.org\/{rel}","templated":true}]}}