{"id":5324,"date":"2024-11-13T11:36:35","date_gmt":"2024-11-13T03:36:35","guid":{"rendered":"https:\/\/www.qualitester.com\/?post_type=product&#038;p=5324"},"modified":"2024-12-05T11:23:52","modified_gmt":"2024-12-05T03:23:52","slug":"sale-tissue-thickness-gauge","status":"publish","type":"product","link":"https:\/\/www.qualitester.com\/sl\/izdelek\/sale-tissue-thickness-gauge\/","title":{"rendered":"THD-01 merilnik debeline tkiva"},"content":{"rendered":"<h2><strong>Uvod v testne metode za merjenje debeline tkiva in merjenje debeline tkiva<\/strong><\/h2>\n<p>Debelina tkiva je klju\u010dna kakovostna lastnost izdelkov iz tissue papirja, saj vpliva na njihovo trdnost, vpojnost in mehkobo. Natan\u010dno merjenje debeline tkiva je za proizvajalce klju\u010dnega pomena za zagotavljanje skladnosti izdelkov in skladnosti z industrijskimi standardi. Testiranje debeline je \u0161e posebej pomembno za izdelke iz tissue papirja, ki se uporabljajo v embala\u017ei, medicini in potro\u0161ni\u0161kem blagu.<\/p>\n<p>Testiranje debeline tkiva vklju\u010duje merjenje razdalje med dvema glavnima povr\u0161inama tkivnih izdelkov pod dolo\u010denim pritiskom. Rezultati omogo\u010dajo vpogled v prostornost, trdnost in kakovost tissue papirjev, ki neposredno vplivajo na njihovo u\u010dinkovitost v razli\u010dnih aplikacijah, kot so prti\u010dki, rob\u010dki za obraz in papirji za kuhinjske zvitke.<\/p>\n<h2><strong>Merilnik debeline tkiva THD-01: Pregled izdelka<\/strong><\/h2>\n<p>Spletna stran <strong>THD-01 merilnik debeline tkiva<\/strong>\u00a0je natan\u010den instrument, namenjen merjenju debeline in prostornine tkivnih izdelkov, kot so prti\u010dki, papirnate brisa\u010de, rob\u010dki in drugi izdelki na osnovi tkiv. Uporablja standardiziran tlak 2KPa, ki zagotavlja natan\u010dne in dosledne meritve tako enoslojnih kot laminiranih tkanin. Naprava je idealna za nadzor kakovosti in raziskovalne aplikacije v industriji proizvodnje tissue papirja.<\/p>\n<h2><strong>Kako deluje merilnik debeline tkiva THD-01?<\/strong><\/h2>\n<p>THD-01 Tissue Thickness Gauge deluje po na\u010delu merjenja debeline tissue papirja z enakomernim pritiskom 2KPa med dvema vzporednima, ravnima povr\u0161inama. Vzorec je name\u0161\u010den med spodnjo fiksno referen\u010dno plo\u0161\u010do in premi\u010dno zgornjo tla\u010dno nogo. Tla\u010dna noga deluje z obremenitvijo 2KPa, kar zagotavlja standardizirane preskusne pogoje. Naprava nato izmeri razdaljo med povr\u0161inama in dolo\u010di debelino tkiva.<\/p>\n<p>Ta metoda zagotavlja natan\u010dnost pri merjenju tkivnih izdelkov med proizvodnjo in kon\u010dnih izdelkov ter zagotavlja zanesljive podatke za oceno kakovosti izdelkov.<\/p>\n<h2><strong>Glavne zna\u010dilnosti in prednosti<\/strong><\/h2>\n<ul>\n<li>\n<h3><strong>Natan\u010dnost in natan\u010dnost<\/strong><\/h3>\n<ul>\n<li><strong>Resolucija<\/strong>: 0,001 mm za zelo natan\u010dne meritve debeline.<\/li>\n<li><strong>Napaka pri indikaciji<\/strong>: \u00b10,05% za zagotovitev natan\u010dnih od\u010ditkov z minimalnim odstopanjem.<\/li>\n<\/ul>\n<\/li>\n<li>\n<h3><strong>Dosledni pogoji presku\u0161anja<\/strong><\/h3>\n<ul>\n<li><strong>Kontaktni tlak<\/strong>: Vzdr\u017euje tlak 2,0 \u00b1 0,1 KPa, kar zagotavlja, da so vsi vzorci izmerjeni pod enakim standardiziranim tlakom.<\/li>\n<li><strong>Hitrost testiranja<\/strong>: Hitrost merjenja je nadzorovana pri 2,0 \u00b1 0,2 mm\/s, kar zagotavlja dosledne in ponovljive rezultate preskusov.<\/li>\n<\/ul>\n<\/li>\n<li>\n<h3><strong>Vsestranskost<\/strong><\/h3>\n<ul>\n<li>Z merilnikom THD-01 za merjenje debeline tkiva lahko testirate razli\u010dne izdelke iz tkiva, vklju\u010dno z enoplastnimi in ve\u010dplastnimi listi ter laminiranimi in nelaminiranimi materiali iz tkiva.<\/li>\n<\/ul>\n<\/li>\n<li>\n<h3><strong>Enostavnost uporabe<\/strong><\/h3>\n<ul>\n<li>Merilo je preprosto za uporabo, ima uporabniku prijazen vmesnik in jasen prikaz meritev, zato je primerno tako za uporabo v laboratoriju kot v proizvodnji.<\/li>\n<\/ul>\n<\/li>\n<\/ul>\n<h2><strong>Tehni\u010dni podatki<\/strong><\/h2>\n<table>\n<tbody>\n<tr>\n<td style=\"text-align: center;\" width=\"142\">Preskusno obmo\u010dje<\/td>\n<td style=\"text-align: center;\" width=\"110\">0\uff5e4 mm<\/td>\n<\/tr>\n<tr>\n<td style=\"text-align: center;\" width=\"142\">Resolucija<\/td>\n<td style=\"text-align: center;\" width=\"110\">0,001 mm<\/td>\n<\/tr>\n<tr>\n<td style=\"text-align: center;\" width=\"142\">Obmo\u010dje za stike<\/td>\n<td style=\"text-align: center;\" width=\"110\">1000\u00b120 mm\u00b2<\/td>\n<\/tr>\n<tr>\n<td style=\"text-align: center;\" width=\"142\">Kontaktni tlak<\/td>\n<td style=\"text-align: center;\" width=\"110\">2\u00b10,1 kPa<\/td>\n<\/tr>\n<tr>\n<td style=\"text-align: center;\" width=\"142\">Vzporednost povr\u0161in<\/td>\n<td style=\"text-align: center;\" width=\"110\">\u22640,001 mm<\/td>\n<\/tr>\n<tr>\n<td style=\"text-align: center;\" width=\"142\">Napaka pri indikaciji<\/td>\n<td style=\"text-align: center;\" width=\"110\">\u00b10.05\uff05<\/td>\n<\/tr>\n<\/tbody>\n<\/table>\n<h2><strong>Preskusne metode in standardi<\/strong><\/h2>\n<h3><strong>Na\u010delo merjenja<\/strong><\/h3>\n<p>THD-01 Tissue Thickness Gauge meri debelino tissue papirja s konstantnim pritiskom 2KPa med dvema vzporednima povr\u0161inama. Vzorec se polo\u017ei na fiksno spodnjo povr\u0161ino, zgornja okrogla tla\u010dna noga pa se premika navzdol, pri \u010demer se izvaja dolo\u010dena obremenitev. Razdalja med obema povr\u0161inama se zabele\u017ei kot debelina tkiva.<\/p>\n<p>Ta metoda je skladna s standardnimi postopki testiranja, ki se uporabljajo v industriji tissue papirja, da se zagotovijo natan\u010dni in ponovljivi rezultati.<\/p>\n<h3><strong>Ustrezni standardi za testiranje debeline tkiva<\/strong><\/h3>\n<ul>\n<li><a href=\"https:\/\/www.iso.org\/standard\/62536.html\" target=\"_blank\" rel=\"noopener nofollow\"><strong>ISO 12625-3<\/strong><\/a>: Standard za presku\u0161anje tissue papirja, vklju\u010dno z meritvami debeline.<\/li>\n<li><a href=\"https:\/\/imisrise.tappi.org\/TAPPI\/Products\/01\/T\/0104T401.aspx\" target=\"_blank\" rel=\"noopener nofollow\"><strong>TAPPI T401<\/strong><\/a>: Standardna preskusna metoda za merjenje debeline papirja in kartona.<\/li>\n<li><a href=\"https:\/\/www.astm.org\/d1777-96r19.html\" target=\"_blank\" rel=\"noopener nofollow\"><strong>ASTM D1777<\/strong><\/a>: Standardna preskusna metoda za debelino papirja in kartona, ki zagotavlja doslednost pri presku\u0161anju materialov.<\/li>\n<\/ul>\n<h2><strong>Podro\u010dja uporabe<\/strong><\/h2>\n<p>Merilnik debeline tkiva THD-01 je bistvenega pomena za industrije, ki proizvajajo izdelke iz tissue papirja, kot so:<\/p>\n<ul>\n<li><strong>Proizvajalci tissue papirja<\/strong><br \/>\nIdealen je za presku\u0161anje debeline razli\u010dnih izdelkov, kot so papirnate brisa\u010de, prti\u010dki, rob\u010dki za obraz in papirji za kuhinjske zvitke.<\/li>\n<li><strong>Nadzor kakovosti in raziskave<\/strong><br \/>\nUporablja se v laboratorijih in proizvodnih obratih za zagotavljanje kakovosti, raziskave in razvoj ter pomaga proizvajalcem pri zagotavljanju doslednosti in u\u010dinkovitosti tkivnih izdelkov.<\/li>\n<li><strong>Embala\u017ea in potro\u0161ni\u0161ko blago<\/strong><br \/>\nTHD-01 je dragocen tudi za proizvajalce embala\u017enih materialov na osnovi tkiva, saj zagotavlja debelino in kakovost tkiva, ki se uporablja za pakiranje.<\/li>\n<\/ul>\n<h2><strong>Pogosto zastavljena vpra\u0161anja (FAQ)<\/strong><\/h2>\n<ol>\n<li><strong>Kak\u0161na je debelina enoslojne plasti?<\/strong><br \/>\nDebelina ene plasti pomeni razdaljo med dvema glavnima povr\u0161inama ene plasti tissue papirja, izmerjeno pri stati\u010dni obremenitvi 2KPa. Plast\u201c tissue papirja je nelaminiran list tissue papirja.<\/li>\n<li><strong>Kak\u0161na je debelina enega lista?<\/strong><br \/>\nDebelina enega lista je razdalja med dvema glavnima povr\u0161inama posameznega lista tissue izdelka (laminiranega ali nelaminiranega), izmerjena pri stati\u010dni obremenitvi 2KPa.<\/li>\n<li><strong>Kaj je polnilna debelina?<\/strong><br \/>\nDebelina v obliki volumna se nana\u0161a na debelino posameznega lista tissue papirja ali tissue izdelka, ki se izra\u010duna z merjenjem debeline ve\u010d nanesenih listov pod stati\u010dno obremenitvijo 2KPa.<\/li>\n<li><strong>Kako merilnik THD-01 zagotavlja natan\u010dne rezultate?<\/strong><br \/>\nTHD-01 zagotavlja natan\u010dne in ponovljive rezultate z uporabo enakomernega tlaka 2KPa, z uporabo zelo natan\u010dnih senzorjev za merjenje in z lo\u010dljivostjo 0,001 mm, ki omogo\u010da zaznavanje tudi najmanj\u0161ih sprememb v debelini tkiva.<\/li>\n<li><strong>Ali je mogo\u010de merilnik THD-01 za merjenje debeline tkiva uporabiti za ve\u010dplastno tkivo?<\/strong><br \/>\nDa, THD-01 se lahko uporablja za merjenje enoplastnih in ve\u010dplastnih tkivnih izdelkov, saj omogo\u010da natan\u010dne meritve debeline za \u0161irok nabor tkivnih materialov, vklju\u010dno z laminiranimi in nelaminiranimi listi.<\/li>\n<\/ol>","protected":false},"excerpt":{"rendered":"<p>Testiranje debeline tkiva vklju\u010duje merjenje razdalje med dvema glavnima povr\u0161inama tkivnih izdelkov pod dolo\u010denim pritiskom. Rezultati omogo\u010dajo vpogled v prostornost, trdnost in kakovost tissue papirjev, ki neposredno vplivajo na njihovo u\u010dinkovitost v razli\u010dnih aplikacijah, kot so prti\u010dki, rob\u010dki za obraz in papirji za kuhinjske zvitke.<\/p>","protected":false},"featured_media":6201,"comment_status":"closed","ping_status":"closed","template":"","meta":{"site-sidebar-layout":"default","site-content-layout":"default","ast-global-header-display":"","ast-main-header-display":"","ast-hfb-above-header-display":"","ast-hfb-below-header-display":"","ast-hfb-mobile-header-display":"","site-post-title":"","ast-breadcrumbs-content":"","ast-featured-img":"","footer-sml-layout":"","theme-transparent-header-meta":"default","adv-header-id-meta":"","stick-header-meta":"","header-above-stick-meta":"","header-main-stick-meta":"","header-below-stick-meta":""},"product_cat":[845,953,956,955,1089,954,957,958,952,959,962,685,44,95],"product_tag":[],"class_list":{"0":"post-5324","1":"product","2":"type-product","3":"status-publish","4":"has-post-thumbnail","6":"product_cat-customization","7":"product_cat-bursting-tester","8":"product_cat-cobb-tester","9":"product_cat-crush-tester","10":"product_cat-iso-12625-3","11":"product_cat-paper-tear-tester","12":"product_cat-plybond-tester","13":"product_cat-puncture-tester","14":"product_cat-rub-tester","15":"product_cat-stiffness-tester","16":"product_cat-thickness-gauges","17":"product_cat-thickness-tester","18":"product_cat-paper-and-board-testers","19":"product_cat-products","20":"desktop-align-left","21":"tablet-align-left","22":"mobile-align-left","24":"first","25":"instock","26":"shipping-taxable","27":"product-type-simple"},"_links":{"self":[{"href":"https:\/\/www.qualitester.com\/sl\/wp-json\/wp\/v2\/product\/5324","targetHints":{"allow":["GET"]}}],"collection":[{"href":"https:\/\/www.qualitester.com\/sl\/wp-json\/wp\/v2\/product"}],"about":[{"href":"https:\/\/www.qualitester.com\/sl\/wp-json\/wp\/v2\/types\/product"}],"replies":[{"embeddable":true,"href":"https:\/\/www.qualitester.com\/sl\/wp-json\/wp\/v2\/comments?post=5324"}],"version-history":[{"count":0,"href":"https:\/\/www.qualitester.com\/sl\/wp-json\/wp\/v2\/product\/5324\/revisions"}],"wp:featuredmedia":[{"embeddable":true,"href":"https:\/\/www.qualitester.com\/sl\/wp-json\/wp\/v2\/media\/6201"}],"wp:attachment":[{"href":"https:\/\/www.qualitester.com\/sl\/wp-json\/wp\/v2\/media?parent=5324"}],"wp:term":[{"taxonomy":"product_cat","embeddable":true,"href":"https:\/\/www.qualitester.com\/sl\/wp-json\/wp\/v2\/product_cat?post=5324"},{"taxonomy":"product_tag","embeddable":true,"href":"https:\/\/www.qualitester.com\/sl\/wp-json\/wp\/v2\/product_tag?post=5324"}],"curies":[{"name":"wp","href":"https:\/\/api.w.org\/{rel}","templated":true}]}}