{"id":5283,"date":"2024-11-08T10:12:37","date_gmt":"2024-11-08T02:12:37","guid":{"rendered":"https:\/\/www.qualitester.com\/?post_type=product&#038;p=5283"},"modified":"2024-12-05T10:40:19","modified_gmt":"2024-12-05T02:40:19","slug":"sale-paper-dirt-tester-iso-5350-pulps","status":"publish","type":"product","link":"https:\/\/www.qualitester.com\/sl\/izdelek\/sale-paper-dirt-tester-iso-5350-pulps\/","title":{"rendered":"PDT-01 Tester papirnate umazanije"},"content":{"rendered":"<h2><strong>Uvod v tester papirne umazanije<\/strong><\/h2>\n<p>Spletna stran <strong>PDT-01 Tester papirnate umazanije<\/strong> je pomemben instrument za merjenje vsebnosti umazanije v papirju in kartonu. Zasnovan je v skladu s strogimi standardi kakovosti, ki vklju\u010dujejo <strong>ISO 5350<\/strong>, ta tester omogo\u010da natan\u010dno zaznavanje umazanije, kar zagotavlja visoko kakovost tiskovin in embala\u017enih materialov. S prepoznavanjem ne\u010disto\u010d, ki bi lahko poslab\u0161ale videz in delovanje papirnih izdelkov, tester PDT-01 izbolj\u0161a nadzor kakovosti v panogah, kjer je predstavitev najpomembnej\u0161a.<\/p>\n<h2><strong>Pomen testiranja umazanije v papirju in kartonu<\/strong><\/h2>\n<p>Umazanija in druge ne\u010disto\u010de v papirju lahko bistveno vplivajo na kakovost izdelkov, zlasti v panogah, ki temeljijo na jasnem in natan\u010dnem tisku. Prisotnost \u010drnih, rumenih ali rjavih made\u017eev lahko ogrozi estetsko in funkcionalno vrednost papirja, kar vpliva na vse od embala\u017ee izdelkov do tiskanih materialov. Pri aplikacijah, ki vklju\u010dujejo premazan papir, karton in bele table, zlasti pri barvnem tisku, je ohranjanje nizke ravni umazanije bistvenega pomena za \u017eive in jasne rezultate. Tester umazanije na papirju PDT-01 je klju\u010dno orodje za odkrivanje in koli\u010dinsko dolo\u010danje teh ne\u010disto\u010d, kar proizvajalcem omogo\u010da ohranjanje najvi\u0161jih standardov kakovosti.<\/p>\n<h2><strong>Pregled <a href=\"https:\/\/www.iso.org\/standard\/39716.html\" target=\"_blank\" rel=\"noopener nofollow\">ISO 5350<\/a> in povezani standardi<\/strong><\/h2>\n<p><a href=\"https:\/\/www.qualitester.com\/sl\/kategorija-izdelka\/iso\/iso-5350\/\" target=\"_blank\" rel=\"noopener\">ISO 5350<\/a> je mednarodni standard, ki dolo\u010da metode za dolo\u010danje ravni umazanije v celulozi, papirju in kartonu. Z upo\u0161tevanjem smernic ISO 5350 lahko proizvajalci zagotovijo dosledno in zanesljivo merjenje umazanije, kar podpira visokokakovostno proizvodnjo in zadovoljstvo strank. Dodatni standardi, pomembni za merjenje umazanije v papirju, vklju\u010dujejo:<\/p>\n<ul>\n<li><strong>TAPPI\/ANSI T437<\/strong>: Opredeljuje ameri\u0161ke metode za vizualno dolo\u010danje umazanije v papirju in kartonu.<\/li>\n<li><strong>TAPPI T213<\/strong>: Osredoto\u010da se na metode \u0161tetja umazanije posebej za nepremazan papir, kar prispeva k visoki kakovosti tiska.<\/li>\n<li><strong>GB\/T 1541<\/strong>: Kitajski standard za ocenjevanje ravni umazanije v papirju in kartonu, ki zagotavlja merila za doma\u010do proizvodnjo.<\/li>\n<\/ul>\n<p>Tester umazanije na papirju PDT-01 zagotavlja skladnost in zanesljivost na svetovnih trgih, saj je usklajen s temi standardi.<\/p>\n<h2><strong>Zna\u010dilnosti in specifikacije preizku\u0161evalnika umazanije PDT-01<\/strong><\/h2>\n<p><strong>Razsvetljava<\/strong>: Opremljen je z 20W fluorescen\u010dno svetilko AC 220V, ki zagotavlja svetlo in enakomerno osvetlitev za jasno prepoznavanje delcev umazanije.<\/p>\n<ul>\n<li><strong>Kot osvetlitve<\/strong>: Nastavite pod kotom 60\u00b0, da zagotovite enakomerno porazdelitev svetlobe po vzorcu.<\/li>\n<li><strong>Delovno obmo\u010dje<\/strong>: Prostorna testna povr\u0161ina s povr\u0161ino 0,0625 m\u00b2, ki jo je mogo\u010de v celoti obra\u010dati za 360\u00b0, kar uporabnikom omogo\u010da temeljit pregled vsakega dela vzorca.<\/li>\n<li><strong>Standardna umazanija Obmo\u010dje slike<\/strong>: Sposoben je meriti delce umazanije od 0,05 do 5,0 mm\u00b2, kar zagotavlja natan\u010dno zaznavanje razli\u010dnih vrst in velikosti umazanije.<\/li>\n<li><strong>Napajanje<\/strong>: Deluje na izmeni\u010dni napetosti 220 V, 50 Hz, zdru\u017eljiv s standardnimi napajalnimi sistemi za la\u017ejo uporabo v laboratorijih in industriji.<\/li>\n<\/ul>\n<p>Zaradi teh lastnosti je PDT-01 u\u010dinkovita in natan\u010dna re\u0161itev za testiranje in zagotavljanje kakovosti.<\/p>\n<h2><strong>Podro\u010dja uporabe<\/strong><\/h2>\n<p>Tester umazanije na papirju PDT-01 je namenjen \u0161tevilnim industrijskim panogam, med drugim:<\/p>\n<ul>\n<li><strong>Pakiranje<\/strong>: preverja kakovost papirja v \u0161katlah, ovitkih in drugih embala\u017enih re\u0161itvah.<\/li>\n<li><strong>Tiskanje<\/strong>: S preverjanjem \u010distosti papirja in zmanj\u0161evanjem nepopolnosti zagotavlja visokokakovostno tiskanje.<\/li>\n<li><strong>Agencije za nadzor kakovosti<\/strong>: Pomaga pri zagotavljanju skladnosti z industrijskimi standardi in dosledne kakovosti papirja in kartona.<\/li>\n<\/ul>\n<h2><strong>Metodologija testiranja za tester papirnate umazanije<\/strong><\/h2>\n<p>Postopek testiranja papirnatih umazanij je enostaven, vendar obse\u017een. Metodologija testiranja vklju\u010duje:<\/p>\n<ul>\n<li>Priprava vzorca papirja ali kartona za testiranje.<\/li>\n<li>Postavitev vzorca v delovno obmo\u010dje preizku\u0161evalnika, ki je v celoti vrtljivo in omogo\u010da popolno vidljivost.<\/li>\n<li>Osvetlitev vzorca pod 60\u00b0 fluorescen\u010dno lu\u010djo in vizualni pregled ne\u010disto\u010d.<\/li>\n<li>Primerjava vseh opa\u017eenih delcev umazanije s standardnimi slikami umazanije v skladu z <strong>ISO 5350<\/strong> smernice.<\/li>\n<\/ul>\n<p>S tem postopkom PDT-01 omogo\u010da natan\u010dno merjenje in razvr\u0161\u010danje delcev umazanije.<\/p>\n<h2><strong>Prednosti uporabe testerja umazanije PDT-01<\/strong><\/h2>\n<ul>\n<li><strong>Visoka natan\u010dnost<\/strong>: Zaznava tudi najmanj\u0161e delce umazanije, kar zagotavlja natan\u010dno merjenje in bolj\u0161o kakovost tiskanja.<\/li>\n<li><strong>Skladnost s standardi<\/strong>: Upo\u0161teva <strong>ISO 5350<\/strong> in druge mednarodne standarde, kar podpira zahteve svetovnega trga in zagotavlja visokokakovostno proizvodnjo.<\/li>\n<li><strong>Uporabniku prijazno oblikovanje<\/strong>: Zasnovan je za pogoste preizkuse, z vzdr\u017eljivo konstrukcijo in intuitivnim vmesnikom, ki poenostavi postopek merjenja umazanije.<\/li>\n<\/ul>\n<h2><strong>Zakaj je skladnost s standardom ISO 5350 pomembna<\/strong><\/h2>\n<p><a href=\"https:\/\/www.iso.org\/standard\/39716.html\" target=\"_blank\" rel=\"noopener nofollow\">ISO 5350<\/a> skladnost je klju\u010dnega pomena za vse proizvajalce, ki \u017eelijo proizvajati visokokakovostne izdelke iz papirja in kartona. Ta standard zagotavlja dosledne preskusne metode, ki proizvajalcem omogo\u010dajo zanesljivo merjenje vsebnosti umazanije. Skladnost s standardom ISO 5350 in sorodnimi standardi pove\u010duje tudi zaupanje strank, saj so izdelki, ki izpolnjujejo ta merila, znani po svoji vrhunski kakovosti in zanesljivosti.<\/p>\n<h2><strong>Pogosta vpra\u0161anja<\/strong><\/h2>\n<ul>\n<li><strong>V1: Katere ne\u010disto\u010de lahko zazna tester umazanije na papirju?<\/strong><br \/>\nPDT-01 lahko zazna delce umazanije in ne\u010disto\u010de, kot so \u010drni, rumeni in rjavi made\u017ei, ki se vidno razlikujejo od barve papirja.<\/li>\n<li><strong>V2: Zakaj je merjenje umazanije pomembno v industriji papirja in kartona?<\/strong><br \/>\nMerjenje umazanije je bistvenega pomena za zagotavljanje visokokakovostnih rezultatov tiskanja, saj lahko ne\u010disto\u010de ogrozijo vizualno in funkcionalno kakovost natisnjenih materialov.<\/li>\n<li><strong>V3: Kako ISO 5350 vpliva na standarde za testiranje umazanije?<\/strong><br \/>\nStandard ISO 5350 dolo\u010da svetovna merila za merjenje umazanije ter zagotavlja doslednost in zanesljivost preskusnih metod za izdelke iz celuloze, papirja in kartona.<\/li>\n<li><strong>V4: Ali lahko test PDT-01 testira umazanijo na premazanem in nepremazanem papirju?<\/strong><br \/>\nDa, PDT-01 je primeren tako za premazan kot nepremazan papir, kar omogo\u010da prilagodljivost pri razli\u010dnih vrstah papirja in kartona.<\/li>\n<li><strong>V5: Kak\u0161ne so zahteve glede osvetlitve za tester umazanije PDT-01?<\/strong><br \/>\nPDT-01 je opremljen z 20W fluorescen\u010dno svetilko, ki zagotavlja enakomerno osvetlitev pod kotom 60\u00b0 za natan\u010dno zaznavanje.<\/li>\n<\/ul>\n<div id=\"gtx-anchor\" style=\"position: absolute; visibility: hidden; left: 414.703px; top: 128.922px; width: 75.7188px; height: 19px;\"><\/div>\n<div class=\"jfk-bubble gtx-bubble\" style=\"visibility: visible; left: -215px; top: 158px; opacity: 1;\" role=\"alertdialog\" aria-describedby=\"bubble-4\">\n<div id=\"bubble-4\" class=\"jfk-bubble-content-id\">\n<div id=\"gtx-host\" style=\"min-width: 200px; max-width: 400px;\"><\/div>\n<\/div>\n<div class=\"jfk-bubble-closebtn-id jfk-bubble-closebtn\" tabindex=\"0\" role=\"button\" aria-label=\"Zapri\"><\/div>\n<div class=\"jfk-bubble-arrow-id jfk-bubble-arrow jfk-bubble-arrowup\" style=\"left: 452.703px;\">\n<div class=\"jfk-bubble-arrowimplbefore\"><\/div>\n<div class=\"jfk-bubble-arrowimplafter\"><\/div>\n<\/div>\n<\/div>","protected":false},"excerpt":{"rendered":"<p>Spletna stran <strong>PDT-01 Tester papirnate umazanije<\/strong> je pomemben instrument za merjenje vsebnosti umazanije v papirju in kartonu. Zasnovan je v skladu s strogimi standardi kakovosti, ki vklju\u010dujejo <strong>ISO 5350<\/strong>, ta tester omogo\u010da natan\u010dno zaznavanje umazanije, kar zagotavlja visoko kakovost tiskovin in embala\u017enih materialov. S prepoznavanjem ne\u010disto\u010d, ki bi lahko poslab\u0161ale videz in delovanje papirnih izdelkov, tester PDT-01 izbolj\u0161a nadzor kakovosti v panogah, kjer je predstavitev najpomembnej\u0161a.<\/p>","protected":false},"featured_media":6189,"comment_status":"closed","ping_status":"closed","template":"","meta":{"site-sidebar-layout":"default","site-content-layout":"default","ast-global-header-display":"","ast-main-header-display":"","ast-hfb-above-header-display":"","ast-hfb-below-header-display":"","ast-hfb-mobile-header-display":"","site-post-title":"","ast-breadcrumbs-content":"","ast-featured-img":"","footer-sml-layout":"","theme-transparent-header-meta":"default","adv-header-id-meta":"","stick-header-meta":"","header-above-stick-meta":"","header-main-stick-meta":"","header-below-stick-meta":""},"product_cat":[845,953,956,955,1148,954,957,958,952,959,1150,1149,95],"product_tag":[],"class_list":{"0":"post-5283","1":"product","2":"type-product","3":"status-publish","4":"has-post-thumbnail","6":"product_cat-customization","7":"product_cat-bursting-tester","8":"product_cat-cobb-tester","9":"product_cat-crush-tester","10":"product_cat-iso-5350","11":"product_cat-paper-tear-tester","12":"product_cat-plybond-tester","13":"product_cat-puncture-tester","14":"product_cat-rub-tester","15":"product_cat-stiffness-tester","16":"product_cat-tappi-t213","17":"product_cat-tappi-t437","18":"product_cat-products","19":"desktop-align-left","20":"tablet-align-left","21":"mobile-align-left","23":"first","24":"instock","25":"shipping-taxable","26":"product-type-simple"},"_links":{"self":[{"href":"https:\/\/www.qualitester.com\/sl\/wp-json\/wp\/v2\/product\/5283","targetHints":{"allow":["GET"]}}],"collection":[{"href":"https:\/\/www.qualitester.com\/sl\/wp-json\/wp\/v2\/product"}],"about":[{"href":"https:\/\/www.qualitester.com\/sl\/wp-json\/wp\/v2\/types\/product"}],"replies":[{"embeddable":true,"href":"https:\/\/www.qualitester.com\/sl\/wp-json\/wp\/v2\/comments?post=5283"}],"version-history":[{"count":0,"href":"https:\/\/www.qualitester.com\/sl\/wp-json\/wp\/v2\/product\/5283\/revisions"}],"wp:featuredmedia":[{"embeddable":true,"href":"https:\/\/www.qualitester.com\/sl\/wp-json\/wp\/v2\/media\/6189"}],"wp:attachment":[{"href":"https:\/\/www.qualitester.com\/sl\/wp-json\/wp\/v2\/media?parent=5283"}],"wp:term":[{"taxonomy":"product_cat","embeddable":true,"href":"https:\/\/www.qualitester.com\/sl\/wp-json\/wp\/v2\/product_cat?post=5283"},{"taxonomy":"product_tag","embeddable":true,"href":"https:\/\/www.qualitester.com\/sl\/wp-json\/wp\/v2\/product_tag?post=5283"}],"curies":[{"name":"wp","href":"https:\/\/api.w.org\/{rel}","templated":true}]}}