{"id":5281,"date":"2024-11-08T10:06:22","date_gmt":"2024-11-08T02:06:22","guid":{"rendered":"https:\/\/www.qualitester.com\/?post_type=product&#038;p=5281"},"modified":"2024-12-05T10:26:34","modified_gmt":"2024-12-05T02:26:34","slug":"sale-paper-board-thickness-tester","status":"publish","type":"product","link":"https:\/\/www.qualitester.com\/sl\/izdelek\/sale-paper-board-thickness-tester\/","title":{"rendered":"PBT-01 Tester debeline papirnega kartona"},"content":{"rendered":"<h2><strong>Tester debeline papirnega kartona Uvod<\/strong><\/h2>\n<p>Spletna stran <strong>PBT-01 Tester debeline papirnega kartona<\/strong> je napreden, zelo natan\u010den instrument, zasnovan posebej za merjenje debeline posameznih listov valovitega vlaknenega kartona. Ta naprava ima klju\u010dno vlogo pri nadzoru kakovosti embala\u017enih materialov, saj so natan\u010dne meritve debeline bistvenega pomena pri dolo\u010danju trajnosti in trdnosti vlaknenih plo\u0161\u010d, ki se uporabljajo pri izdelavi embala\u017enih \u0161katel in drugih embala\u017enih re\u0161itev. Naprava PBT-01 je primerna za vse vrste valovitih vlaknenih plo\u0161\u010d in zagotavlja, da embala\u017eni materiali izpolnjujejo stroge standarde kakovosti za za\u0161\u010dito in zanesljivost.<\/p>\n<h2><strong>Pomen natan\u010dnega merjenja debeline v embala\u017ei<\/strong><\/h2>\n<p>Natan\u010dno merjenje debeline je klju\u010dnega pomena v industriji embala\u017ee, kjer doslednost debeline kartona vpliva na za\u0161\u010ditne lastnosti in strukturno celovitost kon\u010dnega izdelka. Spletna stran <strong>PBT-01 tester debeline papirnega kartona<\/strong> pomaga proizvajalcem in strokovnjakom za nadzor kakovosti preveriti, ali vsak list izpolnjuje natan\u010dne zahteve glede debeline, kar optimizira u\u010dinkovitost materiala in pomaga ohranjati kakovost izdelka med prevozom. Zanesljivo merjenje debeline prepre\u010duje izgubo materiala, krepi stabilnost embala\u017ee in zagotavlja skladnost s predpisi o kakovosti embala\u017ee.<\/p>\n<h2><strong>Na\u010delo in metodologija testiranja testerja debeline papirnega kartona<\/strong><\/h2>\n<ul>\n<li><strong>Na\u010delo merjenja debeline<\/strong> PBT-01 meri debelino valovitega kartona tako, da postavi vzorec kartona med dve vzporedni kro\u017eni tla\u010dni povr\u0161ini pod dolo\u010deno stati\u010dno obremenitvijo. Pri tem zelo natan\u010dnem preskusu se uporabi potreben pritisk, da se z neprimerljivo natan\u010dnostjo zajame debelina kartona.<\/li>\n<li><strong>Metoda presku\u0161anja debeline premikanja<\/strong> Pri metodi testiranja debeline s premikom ima PBT-01 eno fiksno povr\u0161ino (nakovalo) in premi\u010dno povr\u0161ino, ki med merjenjem debeline izvaja enakomeren pritisk. Gibljiva povr\u0161ina izvaja enakomeren tlak 20 kPa \u00b1 0,5 kPa, kar zagotavlja, da so rezultati natan\u010dni in ponovljivi. Instrument lahko meri debeline od 0 do 20 mm z lo\u010dljivostjo 0,001 mm, zato je zanesljiva izbira za standardne in specializirane teste.<\/li>\n<\/ul>\n<h2><strong>Struktura instrumenta in tehni\u010dne specifikacije<\/strong><\/h2>\n<ul>\n<li><strong>Tla\u010dne povr\u0161ine in obmo\u010dje stika<\/strong> Dve kro\u017eni tla\u010dni povr\u0161ini merilnika PBT-01 sta zasnovani za optimalno natan\u010dnost. Nakovalo je nepremi\u010dno, medtem ko se druga stran premika pravokotno, tako da enakomerno pritiska s hitrostjo od 2 mm\/s do 3 mm\/s. Okrogli tla\u010dni povr\u0161ini merita 35,7 mm \u00b1 0,3 mm v premeru, njuna kontaktna povr\u0161ina pa je 1000 mm\u00b2 \u00b1 20 mm\u00b2. Ta konfiguracija zagotavlja enakomerno porazdelitev preskusnega tlaka, kar omogo\u010da natan\u010dne meritve debeline.<\/li>\n<li><strong>Tehni\u010dne lastnosti<\/strong> Tester debeline papirnega kartona PBT-01 vklju\u010duje bistvene tehni\u010dne lastnosti:<br \/>\n<table>\n<tbody>\n<tr>\n<td width=\"220\">Preskusno obmo\u010dje<\/td>\n<td width=\"110\">0\uff5e20 mm<\/td>\n<\/tr>\n<tr>\n<td width=\"220\">Resolucija<\/td>\n<td width=\"110\">0,001 mm<\/td>\n<\/tr>\n<tr>\n<td width=\"220\">Obmo\u010dje za stike<\/td>\n<td width=\"110\">1000\u00b120 mm\u00b2<\/td>\n<\/tr>\n<tr>\n<td width=\"220\">Kontaktni tlak<\/td>\n<td width=\"110\">20\u00b12kPa<\/td>\n<\/tr>\n<tr>\n<td width=\"220\">Merjenje vzporednosti povr\u0161in<\/td>\n<td width=\"110\">\u22640,035 mm<\/td>\n<\/tr>\n<tr>\n<td width=\"220\">Napaka prikaza<\/td>\n<td width=\"110\">\u00b10.05\uff05<\/td>\n<\/tr>\n<\/tbody>\n<\/table>\n<\/li>\n<\/ul>\n<h2><strong>Skladnost z industrijskimi standardi<\/strong><\/h2>\n<p>Tester debeline papirnega kartona PBT-01 je zasnovan v skladu z industrijskimi standardi za presku\u0161anje valovitega vlaknenega kartona in embala\u017enih materialov, kar zagotavlja, da izpolnjuje zahteve teh smernic glede tehni\u010dne natan\u010dnosti. Upo\u0161tevanje teh standardov je bistvenega pomena za zanesljive in dosledne meritve v profesionalnih aplikacijah za pakiranje, kar krepi vlogo preizku\u0161evalnika pri zagotavljanju nadzora kakovosti in skladnosti v razli\u010dnih panogah.<\/p>\n<h2><strong>Prednosti merilnika debeline papirnega kartona PBT-01<\/strong><\/h2>\n<p>PBT-01 ima edinstvene prednosti, ki ga odlikujejo na podro\u010dju presku\u0161anja materialov:<\/p>\n<ul>\n<li><strong>Visoka natan\u010dnost:<\/strong> PBT-01 z lo\u010dljivostjo 0,001 mm zagotavlja zelo natan\u010dne meritve za zanesljiv nadzor kakovosti.<\/li>\n<li><strong>Vsestranska uporaba:<\/strong> Primeren je za vse vrste valovitih vlaknenih plo\u0161\u010d, zato je vsestranska izbira za razli\u010dne vrste embala\u017ee.<\/li>\n<li><strong>Uporabniku prijazno oblikovanje:<\/strong> Funkcije, kot sta funkcija ponastavitve ZERO in preprosti gumbi za upravljanje mo\u010di, olaj\u0161ajo uporabo.<\/li>\n<li><strong>Izbolj\u0161an nadzor kakovosti:<\/strong> Zagotavlja dosledno merjenje debeline za ve\u010djo vzdr\u017eljivost embala\u017ee in prihranek materiala.<\/li>\n<\/ul>\n<h2><strong>Uporaba v razli\u010dnih panogah<\/strong><\/h2>\n<p>Tester debeline papirnega kartona PBT-01 je \u0161iroko uporaben v razli\u010dnih panogah, vklju\u010dno z embala\u017eo, hrano, farmacevtskimi izdelki in agencijami za nadzor kakovosti. S svojimi natan\u010dnimi in doslednimi meritvami merilnik debeline PBT-01 podjetjem omogo\u010da strog nadzor kakovosti embala\u017enih materialov ter podpira razvoj trajnih in zanesljivih embala\u017enih re\u0161itev v razli\u010dnih sektorjih.<\/p>\n<h2><strong>Pogosto zastavljena vpra\u0161anja (FAQ)<\/strong><\/h2>\n<ol>\n<li><strong>Kaj je valovita lepenka?<\/strong>\n<ul>\n<li>Valoviti karton je sestavljen iz enega ali ve\u010d listov valovitega papirja, prilepljenega na plo\u0161\u010dat karton ali med ve\u010d listov. Zaradi svoje trdnosti in lastnosti bla\u017eenja udarcev je priljubljen material za pakiranje.<\/li>\n<\/ul>\n<\/li>\n<li><strong>Kaj pomeni \u201cdebelina enega lista valovitega vlaknenega kartona\u201d?<\/strong>\n<ul>\n<li>Debelina posameznega lista pomeni razdaljo med eno povr\u0161ino lista iz valovitih vlaken in nasprotno povr\u0161ino, izmerjeno pri dolo\u010deni stati\u010dni obremenitvi.<\/li>\n<\/ul>\n<\/li>\n<li><strong>Kako natan\u010dno PBT-01 meri debelino?<\/strong>\n<ul>\n<li>PBT-01 zagotavlja visoko natan\u010dnost z lo\u010dljivostjo 0,001 mm in stopnjo natan\u010dnosti \u00b10,05%, zato je zanesljiva izbira za dosledne in ponovljive meritve.<\/li>\n<\/ul>\n<\/li>\n<li><strong>Zakaj je pri presku\u0161anju debeline pomemben kontaktni tlak?<\/strong>\n<ul>\n<li>Dosledno izvajanje kontaktnega pritiska med testiranjem zagotavlja, da meritev natan\u010dno odra\u017ea debelino plo\u0161\u010de brez odstopanj pri stiskanju, kar zagotavlja ponovljive in zanesljive rezultate.<\/li>\n<\/ul>\n<\/li>\n<li><strong>Za katere panoge je uporaba merilnika debeline PBT-01 koristna?<\/strong>\n<ul>\n<li>PBT-01 je bistvenega pomena za embala\u017eo, \u017eivila, farmacevtske izdelke in druge industrije, kjer sta kakovost materiala in zanesljivost embala\u017ee klju\u010dnega pomena za za\u0161\u010dito in varnost izdelkov.<\/li>\n<\/ul>\n<\/li>\n<\/ol>","protected":false},"excerpt":{"rendered":"<p>Spletna stran <strong>PBT-01 Tester debeline papirnega kartona<\/strong> je napreden, zelo natan\u010den instrument, zasnovan posebej za merjenje debeline posameznih listov valovitega vlaknenega kartona. Ta naprava ima klju\u010dno vlogo pri nadzoru kakovosti embala\u017enih materialov, saj so natan\u010dne meritve debeline bistvenega pomena pri dolo\u010danju trajnosti in trdnosti vlaknenih plo\u0161\u010d, ki se uporabljajo pri izdelavi embala\u017enih \u0161katel in drugih embala\u017enih re\u0161itev. Naprava PBT-01 je primerna za vse vrste valovitih vlaknenih plo\u0161\u010d in zagotavlja, da embala\u017eni materiali izpolnjujejo stroge standarde kakovosti za za\u0161\u010dito in zanesljivost.<\/p>","protected":false},"featured_media":6184,"comment_status":"closed","ping_status":"closed","template":"","meta":{"site-sidebar-layout":"default","site-content-layout":"default","ast-global-header-display":"","ast-main-header-display":"","ast-hfb-above-header-display":"","ast-hfb-below-header-display":"","ast-hfb-mobile-header-display":"","site-post-title":"","ast-breadcrumbs-content":"","ast-featured-img":"","footer-sml-layout":"","theme-transparent-header-meta":"default","adv-header-id-meta":"","stick-header-meta":"","header-above-stick-meta":"","header-main-stick-meta":"","header-below-stick-meta":""},"product_cat":[685,845,1149,962,44,160,95],"product_tag":[],"class_list":{"0":"post-5281","1":"product","2":"type-product","3":"status-publish","4":"has-post-thumbnail","6":"product_cat-thickness-tester","7":"product_cat-customization","8":"product_cat-tappi-t437","9":"product_cat-thickness-gauges","10":"product_cat-paper-and-board-testers","11":"product_cat-iso-3034","12":"product_cat-products","13":"desktop-align-left","14":"tablet-align-left","15":"mobile-align-left","17":"first","18":"instock","19":"shipping-taxable","20":"product-type-simple"},"_links":{"self":[{"href":"https:\/\/www.qualitester.com\/sl\/wp-json\/wp\/v2\/product\/5281","targetHints":{"allow":["GET"]}}],"collection":[{"href":"https:\/\/www.qualitester.com\/sl\/wp-json\/wp\/v2\/product"}],"about":[{"href":"https:\/\/www.qualitester.com\/sl\/wp-json\/wp\/v2\/types\/product"}],"replies":[{"embeddable":true,"href":"https:\/\/www.qualitester.com\/sl\/wp-json\/wp\/v2\/comments?post=5281"}],"version-history":[{"count":0,"href":"https:\/\/www.qualitester.com\/sl\/wp-json\/wp\/v2\/product\/5281\/revisions"}],"wp:featuredmedia":[{"embeddable":true,"href":"https:\/\/www.qualitester.com\/sl\/wp-json\/wp\/v2\/media\/6184"}],"wp:attachment":[{"href":"https:\/\/www.qualitester.com\/sl\/wp-json\/wp\/v2\/media?parent=5281"}],"wp:term":[{"taxonomy":"product_cat","embeddable":true,"href":"https:\/\/www.qualitester.com\/sl\/wp-json\/wp\/v2\/product_cat?post=5281"},{"taxonomy":"product_tag","embeddable":true,"href":"https:\/\/www.qualitester.com\/sl\/wp-json\/wp\/v2\/product_tag?post=5281"}],"curies":[{"name":"wp","href":"https:\/\/api.w.org\/{rel}","templated":true}]}}