{"id":5247,"date":"2024-11-06T13:22:00","date_gmt":"2024-11-06T05:22:00","guid":{"rendered":"https:\/\/www.qualitester.com\/?post_type=product&#038;p=5247"},"modified":"2024-12-05T15:33:06","modified_gmt":"2024-12-05T07:33:06","slug":"sale-tape-holding-power-tester","status":"publish","type":"product","link":"https:\/\/www.qualitester.com\/sl\/izdelek\/sale-tape-holding-power-tester\/","title":{"rendered":"LAT-01 Tester trajne lepljivosti"},"content":{"rendered":"<h2><strong>Uvedba Testerja mo\u010di dr\u017eanja traku<\/strong><\/h2>\n<p>Spletna stran <strong>Tester mo\u010di za dr\u017eanje traku<\/strong> je pomemben preskusni instrument, namenjen merjenju oprijemalne trdnosti na tlak ob\u010dutljivih trakov in nalepk v pogojih konstantne obremenitve. Z njim ocenjujemo sposobnost lepilnih trakov, da se uprejo drsenju in ohranijo svojo vez, ko so izpostavljeni obremenitvam, zato je klju\u010dno orodje za industrije, ki so odvisne od u\u010dinkovitosti lepilnih trakov, kot so embala\u017ea, medicina, farmacevtska industrija in druge.<\/p>\n<p>Ta tester zagotavlja zanesljivo sredstvo za ocenjevanje dolgoro\u010dne stabilnosti in trajnosti trakov ter zagotavlja, da trakovi izpolnjujejo zahtevane standarde za razli\u010dne aplikacije. Uporablja se za ugotavljanje, kako dobro trakovi ostanejo prilepljeni na povr\u0161ino, tudi v zahtevnih pogojih, in ponuja pomemben vpogled v njihovo delovanje skozi \u010das.<\/p>\n<h2><strong>Tester mo\u010di za dr\u017eanje traku Uporaba<\/strong><\/h2>\n<p>Spletna stran <strong>Tester mo\u010di za dr\u017eanje traku<\/strong> se pogosto uporablja v naslednjih panogah:<\/p>\n<ul>\n<li><strong>Pakiranje:<\/strong> Zagotavlja, da trakovi, ki se uporabljajo v embala\u017enih materialih, med prevozom in skladi\u0161\u010denjem ohranijo svoje lepilne lastnosti.<\/li>\n<li><strong>Medicinska in farmacevtska industrija:<\/strong> Preverja lepilno mo\u010d medicinskih trakov, povojev in farmacevtskih embala\u017enih materialov.<\/li>\n<li><strong>Lepila:<\/strong> Bistvenega pomena za presku\u0161anje u\u010dinkovitosti lepil, ob\u010dutljivih na pritisk, ki se uporabljajo v etiketah, trakovih in drugih izdelkih na osnovi lepila.<\/li>\n<li><strong>Tekstil:<\/strong> Pomaga oceniti oprijemljivost tekstilnih trakov in etiket v stresnih pogojih.<\/li>\n<li><strong>Agencije za nadzor kakovosti:<\/strong> Zagotavlja objektivne podatke o zmogljivosti traku, kar pomaga pri nadzoru kakovosti za proizvajalce in dobavitelje.<\/li>\n<\/ul>\n<p>Uporablja se predvsem za testiranje <strong>mo\u010d zadr\u017eevanja<\/strong> na pritisk ob\u010dutljivih trakov in etiket, da bi zagotovili njihovo skladnost s potrebnimi specifikacijami za uporabo v resni\u010dnem svetu.<\/p>\n<h2><strong>Na\u010delo preskusa<\/strong><\/h2>\n<p>Spletna stran <strong>Tester mo\u010di za dr\u017eanje traku<\/strong> deluje po na\u010delu <strong>stri\u017eni oprijem pri konstantni obremenitvi<\/strong>. Test vklju\u010duje naslednji postopek:<\/p>\n<ul>\n<li>Na standardno jekleno plo\u0161\u010do se pod nadzorovanimi pogoji nanese trak traku.<\/li>\n<li>Na prosti konec traku je pritrjena standardna masa, ki deluje kot konstantna obremenitev.<\/li>\n<li>Plo\u0161\u010da se nato postavi navpi\u010dno in zabele\u017ei se \u010das, v katerem trak odpove (tj. zdrsne ali se popolnoma odlepi od povr\u0161ine).<\/li>\n<\/ul>\n<p>Ta preskus pomaga simulirati resni\u010dne razmere, v katerih so trakovi lahko izpostavljeni silam, ki bi lahko povzro\u010dile okvaro lepila. Na spletni strani . <strong>Tester mo\u010di za dr\u017eanje traku<\/strong> lahko testira razli\u010dne vrste na pritisk ob\u010dutljivih trakov, vklju\u010dno s tistimi, ki se uporabljajo v industrijskih, medicinskih in potro\u0161ni\u0161kih aplikacijah.<\/p>\n<h2><strong>Preskusne metode<\/strong><\/h2>\n<h3><strong>ASTM D3654<\/strong><\/h3>\n<p>Spletna stran <strong>ASTM D3654<\/strong> je ena od najbolj priznanih metod za presku\u0161anje stri\u017enega oprijema na tlak ob\u010dutljivih trakov. V skladu s standardom ASTM D3654:<\/p>\n<ul>\n<li>Trak se namesti na standardno jekleno plo\u0161\u010do in se pod dolo\u010denim kotom obremeni s konstantno maso.<\/li>\n<li>Tester meri <strong>\u010das do okvare<\/strong> ali <strong>koli\u010dina zdrsa<\/strong> ki nastane, ko je trak podvr\u017een konstantni stri\u017eni obremenitvi.<\/li>\n<li>Ta metoda ocenjuje sposobnost lepila, da se upre drsenju pod obremenitvijo, in zagotavlja kvantitativno merilo <strong>mo\u010d zadr\u017eevanja<\/strong>.<\/li>\n<\/ul>\n<h3><strong>PSTC-107<\/strong><\/h3>\n<p>Spletna stran <strong>PSTC-107<\/strong> je \u0161e en pomemben industrijski standard za presku\u0161anje oprijemljivosti trakov, ob\u010dutljivih na pritisk. Ta standard dolo\u010da, kako meriti sposobnost trakov, da prenesejo sile, ki delujejo vzporedno z lepilno povr\u0161ino, kar posnema pogoje, ki se pojavljajo pri dejanski uporabi.<\/p>\n<ul>\n<li>Kot je ASTM D3654, <strong>PSTC-107<\/strong> ocenjuje <strong>\u010das do okvare<\/strong> ali <strong>koli\u010dina zdrsa<\/strong> ki nastane pri uporabi dolo\u010dene mase.<\/li>\n<li>Zagotavlja, da trakovi, ki se uporabljajo v razli\u010dnih izdelkih, ohranijo svoje lepilne lastnosti pri konstantnih pogojih obremenitve v dalj\u0161em \u010dasovnem obdobju.<\/li>\n<\/ul>\n<p>Obe spletni strani <strong>ASTM D3654<\/strong> in . <strong>PSTC-107<\/strong> so bistveni standardi za zagotavljanje u\u010dinkovitosti in zanesljivosti lepil, ob\u010dutljivih na pritisk.<\/p>\n<h2><strong>Prednosti<\/strong><\/h2>\n<ul>\n<li><strong>Natan\u010dno merjenje<\/strong>: Tester mo\u010di dr\u017eanja traku z mikrokrmilni\u0161kim \u010dasovnim sistemom zagotavlja natan\u010dne in ponovljive rezultate.<\/li>\n<li><strong>Prilagodljive mo\u017enosti<\/strong>: Tester je mogo\u010de konfigurirati z ve\u010d testnimi postajami, zato je idealen za visoko zmogljivo testiranje v obse\u017enih proizvodnih okoljih.<\/li>\n<li><strong>Vsestranski nadzor temperature<\/strong>: Preizku\u0161evalnik je mogo\u010de prilagoditi za uporabo v razli\u010dnih temperaturnih pogojih, da se simulirajo okoljski dejavniki v resni\u010dnem svetu.<\/li>\n<li><strong>Enostaven za uporabo vmesnik<\/strong>: Uporabniku prijazen zaslon LCD s funkcijo \u010dasovnega zaklepanja omogo\u010da jasno in preprosto spremljanje rezultatov testov.<\/li>\n<li><strong>Zanesljivi rezultati<\/strong>: Tester zagotavlja dosledne podatke o lepilni trdnosti trakov in tako pomaga proizvajalcem pri izpolnjevanju zahtev za zagotavljanje kakovosti.<\/li>\n<\/ul>\n<h2><strong>Standardi<\/strong><\/h2>\n<p>Spletna stran <strong>Tester mo\u010di za dr\u017eanje traku<\/strong> je zasnovan v skladu z naslednjimi klju\u010dnimi industrijskimi standardi:<\/p>\n<ul>\n<li><a href=\"https:\/\/www.astm.org\/d3654_d3654m-06r19.html\" target=\"_blank\" rel=\"noopener nofollow\"><strong>ASTM D3654<\/strong><\/a>: Standardna preskusna metoda za stri\u017eni oprijem na tlak ob\u010dutljivih trakov.<\/li>\n<li><a href=\"https:\/\/pstc.org\/resources\/test-methods\/\" target=\"_blank\" rel=\"noopener nofollow\"><strong>PSTC-107<\/strong><\/a>: Standardna preskusna metoda za ugotavljanje oprijemalne mo\u010di trakov, ob\u010dutljivih na pritisk, pri konstantni obremenitvi.<\/li>\n<li><strong>JIS Z0237<\/strong>: Japonski industrijski standard za presku\u0161anje lepilnih trakov.<\/li>\n<li><strong>GT\/T 4851<\/strong>: Kitajski standard za presku\u0161anje trakov, ob\u010dutljivih na pritisk.<\/li>\n<\/ul>\n<p>Ti standardi zagotavljajo, da <strong>Tester mo\u010di za dr\u017eanje traku<\/strong> zagotavlja natan\u010dne in zanesljive rezultate, ki ustrezajo svetovnim industrijskim zahtevam.<\/p>\n<h2><strong>Glavni parametri<\/strong><\/h2>\n<table>\n<tbody>\n<tr>\n<td style=\"text-align: center;\" width=\"105\">Modeli<\/td>\n<td style=\"text-align: center;\" width=\"50\"><strong>LAT-5<\/strong><\/td>\n<td style=\"text-align: center;\" width=\"58\"><strong>LAT-10<\/strong><\/td>\n<td style=\"text-align: center;\" width=\"58\"><strong>LAT-20<\/strong><\/td>\n<td style=\"text-align: center;\" width=\"58\"><strong>LAT-30<\/strong><\/td>\n<td style=\"text-align: center;\" width=\"65\"><strong>LAT-5TC<\/strong><\/td>\n<td style=\"text-align: center;\" width=\"73\"><strong>LAT-10TC<\/strong><\/td>\n<\/tr>\n<tr>\n<td style=\"text-align: center;\" width=\"105\">Testne postaje<\/td>\n<td style=\"text-align: center;\" width=\"50\">5<\/td>\n<td style=\"text-align: center;\" width=\"58\">10<\/td>\n<td style=\"text-align: center;\" width=\"58\">20<\/td>\n<td style=\"text-align: center;\" width=\"58\">30<\/td>\n<td style=\"text-align: center;\" width=\"65\">5<\/td>\n<td style=\"text-align: center;\" width=\"73\">10<\/td>\n<\/tr>\n<tr>\n<td style=\"text-align: center;\" width=\"105\">Temperatura. Razpon<\/td>\n<td style=\"text-align: center;\" colspan=\"4\" rowspan=\"1\" width=\"224\">NI RELEVANTNO<\/td>\n<td style=\"text-align: center;\" colspan=\"2\" rowspan=\"1\" width=\"138\">Okolje ~ 80 \u2103<\/td>\n<\/tr>\n<tr>\n<td style=\"text-align: center;\" width=\"105\">\u010cas preizkusa<\/td>\n<td style=\"text-align: center;\" colspan=\"6\" rowspan=\"1\" width=\"362\">0~99H99M99S<\/td>\n<\/tr>\n<tr>\n<td style=\"text-align: center;\" width=\"105\">Preskusna masa<\/td>\n<td style=\"text-align: center;\" colspan=\"6\" rowspan=\"1\" width=\"362\">1000\u00b15g<\/td>\n<\/tr>\n<tr>\n<td style=\"text-align: center;\" width=\"105\">Plo\u0161\u010da<\/td>\n<td style=\"text-align: center;\" colspan=\"6\" rowspan=\"1\" width=\"362\">60*40*1,5 LWD<\/td>\n<\/tr>\n<tr>\n<td style=\"text-align: center;\" width=\"105\">Napajanje<\/td>\n<td style=\"text-align: center;\" colspan=\"6\" rowspan=\"1\" width=\"362\">AC 220V 50Hz<\/td>\n<\/tr>\n<tr>\n<td style=\"text-align: center;\" colspan=\"7\" rowspan=\"1\" width=\"467\">Specifikacija valja<\/td>\n<\/tr>\n<tr>\n<td style=\"text-align: center;\" width=\"105\">Roller<\/td>\n<td style=\"text-align: center;\" colspan=\"6\" rowspan=\"1\" width=\"362\">2000g\u00b150g<\/td>\n<\/tr>\n<tr>\n<td style=\"text-align: center;\" width=\"105\">Premer<\/td>\n<td style=\"text-align: center;\" colspan=\"6\" rowspan=\"1\" width=\"362\">85\u00b12,5 mm<\/td>\n<\/tr>\n<tr>\n<td style=\"text-align: center;\" width=\"105\">\u0160irina<\/td>\n<td style=\"text-align: center;\" colspan=\"6\" rowspan=\"1\" width=\"362\">45\u00b11,5 mm<\/td>\n<\/tr>\n<tr>\n<td style=\"text-align: center;\" width=\"105\">Guma<\/td>\n<td style=\"text-align: center;\" colspan=\"6\" rowspan=\"1\" width=\"362\">Debelina 6 mm, trdota po Shoreovi lestvici 80\u00b15\u00b0<\/td>\n<\/tr>\n<\/tbody>\n<\/table>\n<p style=\"text-align: left;\">Spletna stran <strong>Tester mo\u010di za dr\u017eanje traku<\/strong> je klju\u010dno orodje za vsako industrijo, ki se zana\u0161a na u\u010dinkovitost lepil, ob\u010dutljivih na pritisk. Z natan\u010dnim presku\u0161anjem v skladu z globalnimi standardi, kot so <strong>ASTM D3654<\/strong> in . <strong>PSTC-107<\/strong>, zagotavlja, da trakovi in etikete izpolnjujejo zahtevana merila u\u010dinkovitosti. Ta tester pomaga proizvajalcem zagotoviti trajnost, zanesljivost in kakovost njihovih lepilnih izdelkov, ne glede na to, ali gre za embala\u017eo, medicinske, farmacevtske ali lepilne aplikacije.<\/p>\n<div id=\"gtx-anchor\" style=\"position: absolute; visibility: hidden; left: 294.078px; top: 69.5156px; width: 22.3906px; height: 19px;\"><\/div>\n<div class=\"jfk-bubble gtx-bubble\" style=\"visibility: visible; left: -362px; top: 99px; opacity: 1;\" role=\"alertdialog\" aria-describedby=\"bubble-2\">\n<div id=\"bubble-2\" class=\"jfk-bubble-content-id\">\n<div id=\"gtx-host\" style=\"min-width: 200px; max-width: 400px;\"><\/div>\n<\/div>\n<div class=\"jfk-bubble-closebtn-id jfk-bubble-closebtn\" tabindex=\"0\" role=\"button\" aria-label=\"Zapri\"><\/div>\n<div class=\"jfk-bubble-arrow-id jfk-bubble-arrow jfk-bubble-arrowup\" style=\"left: 305.078px;\">\n<div class=\"jfk-bubble-arrowimplbefore\"><\/div>\n<div class=\"jfk-bubble-arrowimplafter\"><\/div>\n<\/div>\n<\/div>","protected":false},"excerpt":{"rendered":"<p>Spletna stran <strong>Tester mo\u010di za dr\u017eanje traku<\/strong> je pomemben preskusni instrument, namenjen merjenju oprijemalne trdnosti na tlak ob\u010dutljivih trakov in nalepk v pogojih konstantne obremenitve. Z njim ocenjujemo sposobnost lepilnih trakov, da se uprejo drsenju in ohranijo svojo vez, ko so izpostavljeni obremenitvam, zato je klju\u010dno orodje za industrije, ki so odvisne od u\u010dinkovitosti lepilnih trakov, kot so embala\u017ea, medicina, farmacevtska industrija in druge.<\/p>","protected":false},"featured_media":6298,"comment_status":"closed","ping_status":"closed","template":"","meta":{"site-sidebar-layout":"default","site-content-layout":"default","ast-global-header-display":"","ast-main-header-display":"","ast-hfb-above-header-display":"","ast-hfb-below-header-display":"","ast-hfb-mobile-header-display":"","site-post-title":"","ast-breadcrumbs-content":"","ast-featured-img":"","footer-sml-layout":"","theme-transparent-header-meta":"default","adv-header-id-meta":"","stick-header-meta":"","header-above-stick-meta":"","header-main-stick-meta":"","header-below-stick-meta":""},"product_cat":[845,1172,949,673,130,95],"product_tag":[],"class_list":{"0":"post-5247","1":"product","2":"type-product","3":"status-publish","4":"has-post-thumbnail","6":"product_cat-customization","7":"product_cat-jis-z0237","8":"product_cat-pstc-107","9":"product_cat-adhesive-tester","10":"product_cat-astm-d3654","11":"product_cat-products","12":"desktop-align-left","13":"tablet-align-left","14":"mobile-align-left","16":"first","17":"instock","18":"shipping-taxable","19":"product-type-simple"},"_links":{"self":[{"href":"https:\/\/www.qualitester.com\/sl\/wp-json\/wp\/v2\/product\/5247","targetHints":{"allow":["GET"]}}],"collection":[{"href":"https:\/\/www.qualitester.com\/sl\/wp-json\/wp\/v2\/product"}],"about":[{"href":"https:\/\/www.qualitester.com\/sl\/wp-json\/wp\/v2\/types\/product"}],"replies":[{"embeddable":true,"href":"https:\/\/www.qualitester.com\/sl\/wp-json\/wp\/v2\/comments?post=5247"}],"version-history":[{"count":0,"href":"https:\/\/www.qualitester.com\/sl\/wp-json\/wp\/v2\/product\/5247\/revisions"}],"wp:featuredmedia":[{"embeddable":true,"href":"https:\/\/www.qualitester.com\/sl\/wp-json\/wp\/v2\/media\/6298"}],"wp:attachment":[{"href":"https:\/\/www.qualitester.com\/sl\/wp-json\/wp\/v2\/media?parent=5247"}],"wp:term":[{"taxonomy":"product_cat","embeddable":true,"href":"https:\/\/www.qualitester.com\/sl\/wp-json\/wp\/v2\/product_cat?post=5247"},{"taxonomy":"product_tag","embeddable":true,"href":"https:\/\/www.qualitester.com\/sl\/wp-json\/wp\/v2\/product_tag?post=5247"}],"curies":[{"name":"wp","href":"https:\/\/api.w.org\/{rel}","templated":true}]}}