{"id":5204,"date":"2024-11-05T11:37:42","date_gmt":"2024-11-05T03:37:42","guid":{"rendered":"https:\/\/www.qualitester.com\/?post_type=product&#038;p=5204"},"modified":"2024-12-05T13:32:19","modified_gmt":"2024-12-05T05:32:19","slug":"sale-automated-torque-tester-astm","status":"publish","type":"product","link":"https:\/\/www.qualitester.com\/sl\/izdelek\/sale-automated-torque-tester-astm\/","title":{"rendered":"MCT-01L Avtomatizirani preizku\u0161evalnik navora"},"content":{"rendered":"<h2>Uvod v avtomatizirani preizku\u0161evalnik navora<\/h2>\n<p>Spletna stran <strong>Avtomatizirani preizku\u0161evalnik navora<\/strong> je osnovni instrument za ocenjevanje sil odpiranja in zapiranja pokrov\u010dkov na razli\u010dnih posodah, vklju\u010dno s stekleni\u010dkami za zdravila, stekleni\u010dkami iz PET, vre\u010dkami z izlivom in gibkimi cevmi. Ta preizku\u0161evalnik zagotavlja, da pokrov\u010dki ohranijo varno zapiranje, hkrati pa jih potro\u0161niki zlahka odprejo, kar optimizira varnost, kakovost in uporabnost izdelkov. S svojo napredno avtomatizacijo in natan\u010dnostjo ima samodejni preizku\u0161evalnik navora klju\u010dno vlogo pri nadzoru kakovosti v panogah, kot so embala\u017ea, farmacija, hrana in pija\u010da ter kozmetika.<\/p>\n<h2>Klju\u010dne aplikacije avtomatiziranega merilnika navora<\/h2>\n<p>Avtomatizirani tester navora je \u0161iroko uporaben v:<\/p>\n<ul>\n<li><strong>Pakiranje<\/strong>: Zagotavljanje, da pokrov\u010dki med prevozom ostanejo zaprti, potro\u0161nik pa jih lahko zlahka odpre.<\/li>\n<li><strong>Farmacevtski izdelki<\/strong>: Preizku\u0161anje pokrov\u010dkov, varnih za otroke, in zapiralnih elementov, ki jih je mogo\u010de odpreti, da izpolnjujejo varnostne standarde.<\/li>\n<li><strong>Hrana in pija\u010da<\/strong>: Preverjanje celovitosti pokrov\u010dka na PET in drugih vrstah steklenic za prepre\u010devanje uhajanja in onesna\u017eenja.<\/li>\n<li><strong>Kozmetika in vsakodnevne kemikalije<\/strong>: Preizkusite trdnost zapiranja pokrov\u010dka, da bi pove\u010dali trajnost izdelka in olaj\u0161ali uporabo.<\/li>\n<\/ul>\n<h2>Testiranje navora za pokrov\u010dek steklenice Ustrezni standardi<\/h2>\n<p>Spletna stran <strong>Avtomatizirani preizku\u0161evalnik navora<\/strong> upo\u0161teva ve\u010d klju\u010dnih industrijskih standardov, kar zagotavlja celovito testiranje in skladnost v razli\u010dnih sektorjih embala\u017ee. Naslednji standardi so sestavni del postopka testiranja:<\/p>\n<ul>\n<li><a href=\"https:\/\/www.astm.org\/d2063_d2063m-10r18.html\" target=\"_blank\" rel=\"noopener nofollow\"><strong>ASTM D2063<\/strong><\/a>: Ta standard se osredoto\u010da na merjenje navora odpiranja in zapiranja plasti\u010dnih zapiral, zlasti za embala\u017eo. Je bistvenega pomena za dolo\u010ditev vrednosti navora, ki so potrebne za varne, vendar zlahka odpirajo\u010de se pokrov\u010dke, ki zagotavljajo udobje in varnost potro\u0161nikov.<\/li>\n<li><a href=\"https:\/\/www.astm.org\/d3198-97r02.html\" target=\"_blank\" rel=\"noopener nofollow\"><strong>ASTM D3198<\/strong><\/a>: Ta standard dolo\u010da preskusne metode za merjenje navora na zapiralih, varnih za otroke. To je klju\u010dnega pomena za ocenjevanje embala\u017ee, ki jo je mogo\u010de za\u0161\u010dititi pred nedovoljenimi posegi, in zagotavljanje, da zapirala izpolnjujejo predpisane varnostne standarde za farmacevtske izdelke, kemikalije in druge ob\u010dutljive izdelke.<\/li>\n<li><a href=\"https:\/\/www.astm.org\/d3474-90r18.html\" target=\"_blank\" rel=\"noopener nofollow\"><strong>ASTM D3474<\/strong><\/a>: Ta standard obravnava presku\u0161anje navora zapiral na gibkih posodah, kot so vre\u010dke z iztokom. Zagotavlja delovanje zapiral v pogojih odpiranja in tesnjenja ter ohranja celovitost izdelka v celotni dobavni verigi.<\/li>\n<li><a href=\"https:\/\/std.samr.gov.cn\/gb\/search\/gbDetailed?id=71F772D7F88CD3A7E05397BE0A0AB82A\" target=\"_blank\" rel=\"noopener nofollow\"><strong>GB\/T 17876<\/strong><\/a>: Kitajski standard, ki vsebuje smernice za presku\u0161anje navora zapiral na steklenicah in posodah. Usklajen je z mednarodnimi praksami za merjenje trdnosti in zanesljivosti zapiral embala\u017ee pod razli\u010dnimi pogoji.<\/li>\n<li><a href=\"https:\/\/std.samr.gov.cn\/hb\/search\/stdHBDetailed?id=8B1827F18F69BB19E05397BE0A0AB44A\" target=\"_blank\" rel=\"noopener nofollow\"><strong>BB\/T 0025<\/strong><\/a>: Ta kitajski standard dolo\u010da metode za ocenjevanje delovanja pokrov\u010dkov posod v razli\u010dnih pogojih tesnjenja in odpiranja ter zagotavlja, da so pokrov\u010dki varni in uporabniku prijazni.<\/li>\n<li><a href=\"https:\/\/std.samr.gov.cn\/hb\/search\/stdHBDetailed?id=8B1827F24CD5BB19E05397BE0A0AB44A\" target=\"_blank\" rel=\"noopener nofollow\"><strong>BB\/T 0034<\/strong><\/a>: Ta standard je \u0161e en kitajski standard, ki se osredoto\u010da na odpornost zapiral, ki jih je mogo\u010de odpreti, na navor, in zagotavlja, da embala\u017ea izpolnjuje varnostne in regulativne zahteve za celovitost izdelka in varstvo potro\u0161nikov.<\/li>\n<\/ul>\n<h2>Preskusni postopek za samodejni preizku\u0161evalnik navora<\/h2>\n<p>Avtomatizirani merilnik navora ponuja preprost, avtomatiziran postopek za natan\u010dne in ponovljive rezultate:<\/p>\n<ol>\n<li><strong>Nalaganje vzorca<\/strong>: Stekleni\u010dka ali posoda za vzorec se namesti v sistem, kjer pokrov\u010dek in stekleni\u010dko varno dr\u017eijo pnevmatske sponke.<\/li>\n<li><strong>Vpenjanje<\/strong>: S pritiskom na gumb CLAMP se pnevmatske sponke samodejno zasko\u010dijo in pritrdijo pokrov\u010dek in steklenico na mesto za testiranje.<\/li>\n<li><strong>Testiranje<\/strong>: S pritiskom na gumb TEST se spodnja objemka za\u010dne vrteti, pri \u010demer se pokrov\u010dek odpre ali zapre, odvisno od zahtev preskusa.<\/li>\n<li><strong>Merjenje navora<\/strong>: Med vrtenjem sistem natan\u010dno bele\u017ei podatke o sili navora, kar omogo\u010da vpogled v najve\u010dje in povpre\u010dne vrednosti.<\/li>\n<\/ol>\n<p>Ta postopek omogo\u010da hitro analizo delovanja pokrov\u010dka in zagotavlja, da je navor, uporabljen med zapiranjem ali odpiranjem, skladen s specifikacijami izdelka glede kakovosti in uporabnosti.<\/p>\n<h2>Tehni\u010dne lastnosti in prednosti<\/h2>\n<p>Visokozmogljiv avtomatiziran preizku\u0161evalnik navora je zaradi svojih lastnosti zanesljiva re\u0161itev za nadzor kakovosti:<\/p>\n<ul>\n<li><strong>Krmiljenje s PLC z zaslonom na dotik HMI<\/strong>: Ta tester je opremljen z uporabniku prijaznim vmesnikom in zagotavlja ponovljivo natan\u010dnost in dosledne rezultate, kar je idealno za okolja z visoko zmogljivostjo.<\/li>\n<li><strong>Avtomatizirano vpenjanje in vrtenje<\/strong>: Samodejno vpenjanje in vrtenje preizku\u0161evalnika, ki simulira proizvodne pogoje, omogo\u010da realisti\u010dno oceno zmogljivosti pokrov\u010dka.<\/li>\n<li><strong>Prikaz meritev ve\u010d enot<\/strong>: Podatke je mogo\u010de prikazati v razli\u010dnih enotah (Kgf.cm, N.cm, daN.cm, Inch.lbs in N.m), kar zagotavlja skladnost z mednarodnimi standardi in omogo\u010da prilagoditev v razli\u010dnih panogah.<\/li>\n<li><strong>Shranjevanje najvi\u0161jih vrednosti in bele\u017eenje podatkov<\/strong>: Tester samodejno shranjuje najve\u010dje vrednosti navora za celovito analizo in vklju\u010duje vgrajeni mikrotiskalnik za hiter dostop do podatkov. Izbirna povezljivost RS232 in profesionalna programska oprema omogo\u010data tudi digitalno upravljanje podatkov.<\/li>\n<li><strong>Varnost in u\u010dinkovitost<\/strong>: Vgrajena za\u0161\u010dita pred preobremenitvijo in funkcija samodejnega izni\u010denja pove\u010dujeta varnost in natan\u010dnost meritev, zato je tester primeren za stroge aplikacije za zagotavljanje kakovosti.<\/li>\n<\/ul>\n<h2>Skladnost z industrijskimi standardi in predpisi<\/h2>\n<p>Avtomatizirani preizku\u0161evalnik navora je zasnovan tako, da izpolnjuje zahteve ve\u010d klju\u010dnih standardov, vklju\u010dno z <strong>ASTM D2659<\/strong>, <strong>ASTM D4577<\/strong>, <strong>ASTM D642<\/strong>, <strong>ISO 8113<\/strong>, in <strong>ASTM D4169<\/strong>. Z upo\u0161tevanjem teh standardov zagotavlja, da izdelki izpolnjujejo stroge zahteve glede kakovosti in varnosti, ter zagotavlja zanesljivo re\u0161itev za testiranje v panogah, ki zahtevajo skladnost s predpisi o pakiranju.<\/p>\n<h2>Oddelek Pogosta vpra\u0161anja<\/h2>\n<ol>\n<li><strong>Zakaj je testiranje navora pomembno za embala\u017eo?<\/strong><br \/>\nTestiranje navora zagotavlja, da so pokrov\u010dki zanesljivo zaprti, a hkrati prijazni do uporabnika, kar ustreza varnostnim standardom in standardom uporabnosti za potro\u0161nike.<\/li>\n<li><strong>Kak\u0161ne so prednosti uporabe samodejnega merilnika navora v primerjavi z ro\u010dnim?<\/strong><br \/>\nAvtomatizirani preizku\u0161evalniki zagotavljajo ve\u010djo natan\u010dnost, ponovljivost in u\u010dinkovitost, zlasti v okoljih z velikim obsegom proizvodnje.<\/li>\n<li><strong>Kako tester zagotavlja skladnost z ASTM D2659?<\/strong><br \/>\nTester natan\u010dno meri navor in pomaga izpolnjevati standarde ASTM D2659 za zapirala, ki so odporna na posege otrok, in zapirala, ki jih je mogo\u010de odpreti.<\/li>\n<li><strong>Ali je preizku\u0161evalnik navora primeren za razli\u010dne velikosti in materiale pokrov\u010dkov?<\/strong><br \/>\nDa, tester je zdru\u017eljiv s \u0161tevilnimi vrstami pokrov\u010dkov in materialov, kar zagotavlja vsestransko testiranje razli\u010dnih izdelkov.<\/li>\n<li><strong>Kako deluje funkcija ohranjanja najvi\u0161je vrednosti?<\/strong><br \/>\nTester zajame in shrani najve\u010djo vrednost navora, dose\u017eeno med vsakim preskusom, kar omogo\u010da podrobno analizo in zagotavljanje kakovosti.<\/li>\n<\/ol>\n<p>Spletna stran <strong>Avtomatizirani preizku\u0161evalnik navora<\/strong> je klju\u010dno orodje za proizvajalce, ki \u017eelijo zagotoviti kakovost, varnost in skladnost izdelkov z zakonodajo. S svojimi samodejnimi funkcijami, upo\u0161tevanjem mednarodnih standardov, kot so <a href=\"https:\/\/www.qualitester.com\/sl\/kategorija-izdelka\/astm\/astm-d2659\/\" target=\"_blank\" rel=\"noopener\">ASTM D2659<\/a>, in zanesljivo natan\u010dnostjo, ta tester pomaga racionalizirati proizvodne procese, hkrati pa ohranja izjemne standarde za celovitost izdelkov.<\/p>","protected":false},"excerpt":{"rendered":"<p>Zagotovite kakovost izdelkov z avtomatiziranim merilnikom navora. V skladu z ASTM D2659 in drugimi klju\u010dnimi standardi za natan\u010dne meritve sile odpiranja in zaklepanja pokrov\u010dka.<\/p>","protected":false},"featured_media":6242,"comment_status":"closed","ping_status":"closed","template":"","meta":{"site-sidebar-layout":"default","site-content-layout":"default","ast-global-header-display":"","ast-main-header-display":"","ast-hfb-above-header-display":"","ast-hfb-below-header-display":"","ast-hfb-mobile-header-display":"","site-post-title":"","ast-breadcrumbs-content":"","ast-featured-img":"","footer-sml-layout":"","theme-transparent-header-meta":"default","adv-header-id-meta":"","stick-header-meta":"","header-above-stick-meta":"","header-main-stick-meta":"","header-below-stick-meta":""},"product_cat":[845,953,956,955,954,957,958,952,959,687,17,16,124,125,128,95],"product_tag":[],"class_list":{"0":"post-5204","1":"product","2":"type-product","3":"status-publish","4":"has-post-thumbnail","6":"product_cat-customization","7":"product_cat-bursting-tester","8":"product_cat-cobb-tester","9":"product_cat-crush-tester","10":"product_cat-paper-tear-tester","11":"product_cat-plybond-tester","12":"product_cat-puncture-tester","13":"product_cat-rub-tester","14":"product_cat-stiffness-tester","15":"product_cat-torque-tester","16":"product_cat-package-container-testers","17":"product_cat-plastic-packaging-testers","18":"product_cat-astm-d2063","19":"product_cat-astm-d3198","20":"product_cat-astm-d3474","21":"product_cat-products","22":"desktop-align-left","23":"tablet-align-left","24":"mobile-align-left","26":"first","27":"instock","28":"shipping-taxable","29":"product-type-simple"},"_links":{"self":[{"href":"https:\/\/www.qualitester.com\/sl\/wp-json\/wp\/v2\/product\/5204","targetHints":{"allow":["GET"]}}],"collection":[{"href":"https:\/\/www.qualitester.com\/sl\/wp-json\/wp\/v2\/product"}],"about":[{"href":"https:\/\/www.qualitester.com\/sl\/wp-json\/wp\/v2\/types\/product"}],"replies":[{"embeddable":true,"href":"https:\/\/www.qualitester.com\/sl\/wp-json\/wp\/v2\/comments?post=5204"}],"version-history":[{"count":0,"href":"https:\/\/www.qualitester.com\/sl\/wp-json\/wp\/v2\/product\/5204\/revisions"}],"wp:featuredmedia":[{"embeddable":true,"href":"https:\/\/www.qualitester.com\/sl\/wp-json\/wp\/v2\/media\/6242"}],"wp:attachment":[{"href":"https:\/\/www.qualitester.com\/sl\/wp-json\/wp\/v2\/media?parent=5204"}],"wp:term":[{"taxonomy":"product_cat","embeddable":true,"href":"https:\/\/www.qualitester.com\/sl\/wp-json\/wp\/v2\/product_cat?post=5204"},{"taxonomy":"product_tag","embeddable":true,"href":"https:\/\/www.qualitester.com\/sl\/wp-json\/wp\/v2\/product_tag?post=5204"}],"curies":[{"name":"wp","href":"https:\/\/api.w.org\/{rel}","templated":true}]}}