{"id":5149,"date":"2024-10-31T11:42:15","date_gmt":"2024-10-31T03:42:15","guid":{"rendered":"https:\/\/www.qualitester.com\/?post_type=product&#038;p=5149"},"modified":"2024-12-04T16:20:18","modified_gmt":"2024-12-04T08:20:18","slug":"sale-film-friction-peel-tester","status":"publish","type":"product","link":"https:\/\/www.qualitester.com\/sl\/izdelek\/sale-film-friction-peel-tester\/","title":{"rendered":"FPT-01 Tester za trenje folije\/pele"},"content":{"rendered":"<h2>Predstavitev testerja trenja\/lepljenja folije<\/h2>\n<p>Tester za trenje\/odlepljanje folij je napreden instrument, zasnovan za natan\u010dno merjenje odpornosti proti trenju in odlepljanju pri \u0161irokem razponu materialov. Ta vsestranska naprava se uporablja v panogah, kot so embala\u017ea, medicinski pripomo\u010dki, farmacevtski izdelki in tekstil, ter ima klju\u010dno vlogo pri nadzoru kakovosti, razvoju izdelkov in raziskavah.<\/p>\n<h2>Osnovne zna\u010dilnosti preizku\u0161evalnika trenja folije\/lepila<\/h2>\n<h3>Testiranje COF<\/h3>\n<p>Ta tester natan\u010dno meri stati\u010dne in kineti\u010dne koeficiente trenja, ki so bistveni za razumevanje interakcij med materiali.<\/p>\n<h3>Testiranje pilinga<\/h3>\n<p>Izvaja tudi ob\u010dutljive preskuse sile odlepljanja razli\u010dnih materialov, vklju\u010dno s papirji za lo\u010devanje, lepilnimi trakovi in za\u0161\u010ditnimi folijami.<\/p>\n<h2>Tehni\u010dne specifikacije<\/h2>\n<ul>\n<li>Oblikovanje sistema: Tester vklju\u010duje fiksni polo\u017eaj obremenilne celice z za\u0161\u010ditnim pokrovom, ki zagotavlja varno delovanje. Mehanizem sani omogo\u010da natan\u010dno testiranje, pri katerem so vzorci varno vpeta, med lo\u010devanjem pa se bele\u017eijo sile odlepljanja.<\/li>\n<li>Uporabniku prijazen vmesnik: Tester za trenje folije in plo\u0161\u010dic deluje prek intuitivnega zaslona na dotik HMI, ki uporabnikom omogo\u010da enostavno krmarjenje in upravljanje.<\/li>\n<\/ul>\n<h3>Glavni parameter<\/h3>\n<table>\n<tbody>\n<tr>\n<td width=\"156\">Razpon sile<\/td>\n<td width=\"152\">5 N (ali po potrebi)<\/td>\n<\/tr>\n<tr>\n<td width=\"156\">Natan\u010dnost<\/td>\n<td width=\"152\">\u00b10,5%<\/td>\n<\/tr>\n<tr>\n<td width=\"156\">Resolucija<\/td>\n<td width=\"152\">0.001N<\/td>\n<\/tr>\n<tr>\n<td width=\"156\">Razpon premikanja<\/td>\n<td width=\"152\">0,1 ~ 95 mm<\/td>\n<\/tr>\n<tr>\n<td width=\"156\">Natan\u010dnost<\/td>\n<td width=\"152\">\u00b10,1 mm<\/td>\n<\/tr>\n<tr>\n<td width=\"156\">Temperaturno obmo\u010dje<\/td>\n<td width=\"152\">Okolica ~ 210 \u00b0C<\/td>\n<\/tr>\n<tr>\n<td width=\"156\">Natan\u010dnost<\/td>\n<td width=\"152\">\u00b10.5\u00b0C<\/td>\n<\/tr>\n<tr>\n<td width=\"156\">\u0160tevilo vzorcev<\/td>\n<td width=\"152\">2<\/td>\n<\/tr>\n<tr>\n<td width=\"156\">Velikost vzorca<\/td>\n<td width=\"152\">110*15 mm, D*\u0160<\/td>\n<\/tr>\n<tr>\n<td width=\"156\">Napajanje<\/td>\n<td width=\"152\">220V 50Hz<\/td>\n<\/tr>\n<\/tbody>\n<\/table>\n<h2>Skladnost z industrijskimi standardi<\/h2>\n<ul>\n<li><a href=\"https:\/\/www.astm.org\/d1894-14.html\" target=\"_blank\" rel=\"noopener nofollow\"><strong>ASTM D1894<\/strong><\/a>: Koeficient trenja za plastiko<\/li>\n<li><strong>ASTM D3330<\/strong>: Lepljivost za trak, ob\u010dutljiv na pritisk (180\u00b0)<\/li>\n<li><strong>ISO 8295<\/strong>: Koeficient trenja za plastiko, ki zagotavlja kakovost materiala v proizvodnji.<\/li>\n<li><strong>TAPPI T816<\/strong>: Koeficient trenja za valoviti karton in karton.<\/li>\n<li><strong>TAPPI T549<\/strong>: Koeficient trenja za nepremazan papir za pisanje in tiskanje.<\/li>\n<\/ul>\n<h2>Uporaba testerja trenja folije in plo\u0161\u010dic<\/h2>\n<p>Tester za trenje folije in plo\u0161\u010d se uporablja v razli\u010dnih sektorjih, med drugim v:<\/p>\n<ol>\n<li><strong>Pakiranje<\/strong>: Zagotavljanje, da embala\u017eni materiali izpolnjujejo standarde u\u010dinkovitosti.<\/li>\n<li><strong>Lepilo<\/strong>: Preizku\u0161anje zanesljivosti lepil in zapornih materialov.<\/li>\n<li><strong>\u017divilska industrija<\/strong>: Vrednotenje trdnosti tesnil in medsebojnega delovanja materialov za varnost in kakovost.<\/li>\n<li><strong>Tekstil<\/strong> <strong>in potro\u0161niki<\/strong> <strong>Blago<\/strong>: Ocenjevanje lastnosti materialov za izbolj\u0161anje trajnosti in funkcionalnosti izdelkov.<\/li>\n<\/ol>\n<h2>Prednosti preizku\u0161evalnika trenja folije in plo\u0161\u010dic<\/h2>\n<ul>\n<li><strong>Izbolj\u0161ana zmogljivost izdelka<\/strong>: Z natan\u010dnim merjenjem trdnosti trenja in lupljenja lahko proizvajalci izbolj\u0161ajo kakovost in trajnost izdelkov.<\/li>\n<li><strong>Analiza podatkov v realnem \u010dasu<\/strong>: Sistem zagotavlja takoj\u0161nje rezultate, vklju\u010dno z grafi\u010dnimi prikazi podatkov za la\u017ejo razlago.<\/li>\n<li><strong>Napredne funkcije<\/strong>: Dodatne funkcije vklju\u010dujejo integrirano tiskanje in dodatno programsko opremo za celovito upravljanje podatkov.<\/li>\n<\/ul>\n<p>Spletna stran <strong><a href=\"https:\/\/www.qualitester.com\/sl\/izdelek\/coefficient-of-friction-tester-cof-01\/\" target=\"_blank\" rel=\"noopener\">Trenje filma<\/a>\/Peel Tester<\/strong> je bistveno orodje za vsako organizacijo, ki se osredoto\u010da na kakovost materialov in skladnost z industrijskimi standardi. Z natan\u010dnimi meritvami in upo\u0161tevanjem priznanih testnih protokolov ta tester podpira proizvajalce pri doseganju optimalne u\u010dinkovitosti izdelkov. \u0160e danes razi\u0161\u010dite zmogljivosti preizku\u0161evalnika trenja folije in plo\u0161\u010dic ter zagotovite, da bodo va\u0161i materiali izpolnjevali najvi\u0161je standarde kakovosti.<\/p>\n<h2>Sorodni izdelki<\/h2>\n<blockquote class=\"wp-embedded-content\" data-secret=\"hdCaSFydsl\"><p><a href=\"https:\/\/www.qualitester.com\/sl\/izdelek\/coefficient-of-friction-tester-cof-01\/\">Tester koeficienta trenja COF-01<\/a><\/p><\/blockquote>\n<p><iframe class=\"wp-embedded-content\" sandbox=\"allow-scripts\" security=\"restricted\" style=\"position: absolute; visibility: hidden;\" title=\"\u300a COF-01 Coefficient of Friction Tester \u300b\u2014Material Quality Tester\" src=\"https:\/\/www.qualitester.com\/product\/coefficient-of-friction-tester-cof-01\/embed\/#?secret=KfrAZiIKcT#?secret=hdCaSFydsl\" data-secret=\"hdCaSFydsl\" width=\"500\" height=\"282\" frameborder=\"0\" marginwidth=\"0\" marginheight=\"0\" scrolling=\"no\"><\/iframe><\/p>","protected":false},"excerpt":{"rendered":"<p>Tester za trenje\/odlepljanje folij je napreden instrument, zasnovan za natan\u010dno merjenje odpornosti proti trenju in odlepljanju pri \u0161irokem razponu materialov. Ta vsestranska naprava se uporablja v panogah, kot so embala\u017ea, medicinski pripomo\u010dki, farmacevtski izdelki in tekstil, ter ima klju\u010dno vlogo pri nadzoru kakovosti, razvoju izdelkov in raziskavah.<\/p>","protected":false},"featured_media":6139,"comment_status":"closed","ping_status":"closed","template":"","meta":{"site-sidebar-layout":"default","site-content-layout":"default","ast-global-header-display":"","ast-main-header-display":"","ast-hfb-above-header-display":"","ast-hfb-below-header-display":"","ast-hfb-mobile-header-display":"","site-post-title":"","ast-breadcrumbs-content":"","ast-featured-img":"","footer-sml-layout":"","theme-transparent-header-meta":"default","adv-header-id-meta":"","stick-header-meta":"","header-above-stick-meta":"","header-main-stick-meta":"","header-below-stick-meta":""},"product_cat":[945,953,956,955,845,954,957,958,952,959,1063,1062,683,681,106,126,132,170,171,95],"product_tag":[],"class_list":{"0":"post-5149","1":"product","2":"type-product","3":"status-publish","4":"has-post-thumbnail","6":"product_cat-180-peeling-tester","7":"product_cat-bursting-tester","8":"product_cat-cobb-tester","9":"product_cat-crush-tester","10":"product_cat-customization","11":"product_cat-paper-tear-tester","12":"product_cat-plybond-tester","13":"product_cat-puncture-tester","14":"product_cat-rub-tester","15":"product_cat-stiffness-tester","16":"product_cat-tappi-t549","17":"product_cat-tappi-t816","18":"product_cat-coefficient-of-friction-tester","19":"product_cat-peel-tester","20":"product_cat-astm-d1894","21":"product_cat-astm-d3330","22":"product_cat-astm-d4917","23":"product_cat-iso-8295","24":"product_cat-iso-8510-2","25":"product_cat-products","26":"desktop-align-left","27":"tablet-align-left","28":"mobile-align-left","30":"first","31":"instock","32":"shipping-taxable","33":"product-type-simple"},"_links":{"self":[{"href":"https:\/\/www.qualitester.com\/sl\/wp-json\/wp\/v2\/product\/5149","targetHints":{"allow":["GET"]}}],"collection":[{"href":"https:\/\/www.qualitester.com\/sl\/wp-json\/wp\/v2\/product"}],"about":[{"href":"https:\/\/www.qualitester.com\/sl\/wp-json\/wp\/v2\/types\/product"}],"replies":[{"embeddable":true,"href":"https:\/\/www.qualitester.com\/sl\/wp-json\/wp\/v2\/comments?post=5149"}],"version-history":[{"count":0,"href":"https:\/\/www.qualitester.com\/sl\/wp-json\/wp\/v2\/product\/5149\/revisions"}],"wp:featuredmedia":[{"embeddable":true,"href":"https:\/\/www.qualitester.com\/sl\/wp-json\/wp\/v2\/media\/6139"}],"wp:attachment":[{"href":"https:\/\/www.qualitester.com\/sl\/wp-json\/wp\/v2\/media?parent=5149"}],"wp:term":[{"taxonomy":"product_cat","embeddable":true,"href":"https:\/\/www.qualitester.com\/sl\/wp-json\/wp\/v2\/product_cat?post=5149"},{"taxonomy":"product_tag","embeddable":true,"href":"https:\/\/www.qualitester.com\/sl\/wp-json\/wp\/v2\/product_tag?post=5149"}],"curies":[{"name":"wp","href":"https:\/\/api.w.org\/{rel}","templated":true}]}}