{"id":5134,"date":"2024-10-30T17:11:11","date_gmt":"2024-10-30T09:11:11","guid":{"rendered":"https:\/\/www.qualitester.com\/?post_type=product&#038;p=5134"},"modified":"2024-12-05T13:39:49","modified_gmt":"2024-12-05T05:39:49","slug":"sale-bag-compression-tester","status":"publish","type":"product","link":"https:\/\/www.qualitester.com\/sl\/izdelek\/sale-bag-compression-tester\/","title":{"rendered":"Tester stiskanja PCT-01"},"content":{"rendered":"<h2><strong>Uvod v tester stiskanja vre\u010dk<\/strong><\/h2>\n<p>Tester stiskanja vre\u010dk je pomembno orodje za zagotavljanje kakovosti embala\u017enih materialov. Ker je celovitost embala\u017ee klju\u010dnega pomena za zagotavljanje varnosti in u\u010dinkovitosti izdelkov, ima ta instrument klju\u010dno vlogo v razli\u010dnih panogah, vklju\u010dno z \u017eivilsko, farmacevtsko, kozmeti\u010dno in medicinsko embala\u017eo. Tester za stiskanje vre\u010dk je zasnovan za ocenjevanje trajnosti in u\u010dinkovitosti razli\u010dnih embala\u017enih materialov ter zagotavlja, da so izdelki odporni proti zahtevam pri prevozu in skladi\u0161\u010denju.<\/p>\n<h2><strong>Uporaba testerja stiskanja vre\u010dk<\/strong><\/h2>\n<p>Ta vsestranski in natan\u010dni instrument je zasnovan za ocenjevanje tla\u010dne odpornosti \u0161irokega spektra embala\u017enih materialov. Posebej u\u010dinkovit je pri presku\u0161anju kompozitnih folij, infuzijskih vre\u010dk, plasti\u010dnih steklenic za infuzijo, vre\u010dk za kri, vre\u010dk za led in razli\u010dnih posod. S simuliranjem resni\u010dnih razmer tester tla\u010dne trdnosti vre\u010dk pomaga proizvajalcem ohranjati celovitost izdelkov in skladnost z industrijskimi standardi ter tako zmanj\u0161uje tveganje napak pri pakiranju, ki bi lahko povzro\u010dile drage odpoklice ali varnostne te\u017eave.<\/p>\n<h2><strong>Na\u010delo preskusa<\/strong><\/h2>\n<h3><strong>Umestitev<\/strong><\/h3>\n<p>Postopek presku\u0161anja se za\u010dne z varno namestitvijo vzor\u010dnega materiala med zgornjo in spodnjo tla\u010dno plo\u0161\u010do presku\u0161evalnika. To zagotavlja natan\u010dne in dosledne rezultate med stiskalnim preskusom.<\/p>\n<h3><strong>Kompresija<\/strong><\/h3>\n<p>Ko je vzorec na mestu, se aktivira zgornja pritisna plo\u0161\u010da, ki se pomakne navzdol proti embala\u017enemu materialu. To delovanje simulira zunanje pritiske, s katerimi se embala\u017ea lahko sre\u010duje med rokovanjem, po\u0161iljanjem in skladi\u0161\u010denjem, kar omogo\u010da realisti\u010dno oceno trdnosti materiala.<\/p>\n<h3><strong>Merjenje sile<\/strong><\/h3>\n<p>Med stiskanjem se v realnem \u010dasu meri sila, ki deluje na spodnjo tla\u010dno plo\u0161\u010do. Ti podatki so klju\u010dni za oceno u\u010dinkovitosti vzorca pri razpiranju in njegove zmo\u017enosti prena\u0161anja stalnega tlaka. Spoznanja, pridobljena s temi meritvami, proizvajalce obve\u0161\u010dajo o primernosti razli\u010dnih materialov in konstrukcij v stresnih pogojih.<\/p>\n<h2><strong>Preskusne metode<\/strong><\/h2>\n<h3><strong>Test stiskanja paketa<\/strong><\/h3>\n<p>Preskus stiskanja paketa je sestavni del celotnega protokola presku\u0161anja. Tester za stiskanje vre\u010dk ponuja dva osnovna na\u010dina presku\u0161anja: najve\u010djo silo trganja in odpornost na konstanten tlak. Ti metodi zagotavljata bistvene podatke o tem, kako dobro lahko razli\u010dni embala\u017eni materiali prenesejo zunanje sile, kar je klju\u010dnega pomena za zagotavljanje varnosti izdelkov in skladnosti z industrijskimi standardi.<\/p>\n<h3><strong>Tehni\u010dne lastnosti<\/strong><\/h3>\n<ol>\n<li><strong>Uporabniku prijazen zaslon na dotik HMI<\/strong>: Poenostavlja nastavljanje parametrov in testiranje za la\u017ejo uporabo.<\/li>\n<li><strong>Industrijski nadzorni sistem PLC<\/strong>: Zagotavlja zanesljiv in natan\u010den nadzor med presku\u0161anjem.<\/li>\n<li><strong>Dva na\u010dina testiranja<\/strong>: Mo\u017enosti za najve\u010djo razpo\u010dno silo in odpornost na konstanten tlak.<\/li>\n<li><strong>Samodejna kompenzacija konstantnega tlaka<\/strong>: Dinami\u010dno prilagaja tlak, da ohranja natan\u010dnost preskusa.<\/li>\n<li><strong>Statistika podatkov<\/strong>: Samodejno zbiranje in analiza podatkov za poenostavljeno poro\u010danje.<\/li>\n<li><strong>Naprava za zbiranje teko\u010din<\/strong>: Prepre\u010duje kontaminacijo med pretrganjem vzorca.<\/li>\n<li><strong>Prilagodljive nestandardne velikosti testov<\/strong>: prilagodi zmogljivosti testiranja posebnim potrebam.<\/li>\n<li><strong>Izbirna vrata RS232 in programska oprema<\/strong>: Zagotavlja napredne mo\u017enosti za analizo in integracijo podatkov.<\/li>\n<\/ol>\n<h3><strong>Glavni parametri<\/strong><\/h3>\n<table>\n<tbody>\n<tr>\n<td style=\"text-align: center;\" width=\"175\">Merilno obmo\u010dje<\/td>\n<td style=\"text-align: center;\" width=\"277\">2000N (drugo neobvezno)<\/td>\n<\/tr>\n<tr>\n<td style=\"text-align: center;\" width=\"175\">Natan\u010dnost meritev<\/td>\n<td style=\"text-align: center;\" width=\"277\">0.5%<\/td>\n<\/tr>\n<tr>\n<td style=\"text-align: center;\" width=\"175\">\u010casovni razpon<\/td>\n<td style=\"text-align: center;\" width=\"277\">0~10000S<\/td>\n<\/tr>\n<tr>\n<td style=\"text-align: center;\" width=\"175\">Velikost plo\u0161\u010de<\/td>\n<td style=\"text-align: center;\" width=\"277\">250 mm * 300 mm (lahko se prilagodi)<\/td>\n<\/tr>\n<tr>\n<td style=\"text-align: center;\" width=\"175\">Napajanje<\/td>\n<td style=\"text-align: center;\" width=\"277\">220 V, 50 HZ<\/td>\n<\/tr>\n<tr>\n<td style=\"text-align: center;\" width=\"175\">Dimenzija<\/td>\n<td style=\"text-align: center;\" width=\"277\">460 mm * 410 mm * 590 mm<\/td>\n<\/tr>\n<\/tbody>\n<\/table>\n<h2><strong>Pogosta vpra\u0161anja<\/strong><\/h2>\n<ol>\n<li><strong>Katere vrste materialov lahko oceni tester stiskanja vre\u010dk?<\/strong>\n<ul>\n<li>S testerjem lahko ocenite razli\u010dne materiale, vklju\u010dno s kompozitnimi folijami, plasti\u010dnimi vre\u010dkami in posodami, ki se uporabljajo v \u017eivilski, farmacevtski in kozmeti\u010dni industriji.<\/li>\n<\/ul>\n<\/li>\n<li><strong>V \u010dem se test stiskanja embala\u017ee razlikuje od drugih testov stiskanja?<\/strong>\n<ul>\n<li>S preskusom stiskanja embala\u017ee se posebej oceni, kako je embala\u017ea odporna na sile, ki se lahko pojavijo med prevozom in skladi\u0161\u010denjem, pri \u010demer je poudarek na uporabi v resni\u010dnem svetu.<\/li>\n<\/ul>\n<\/li>\n<li><strong>Ali je mogo\u010de tester za stiskanje vre\u010dk prilagoditi posebnim zahtevam za testiranje?<\/strong>\n<ul>\n<li>Da, tester za stiskanje vre\u010dk je mogo\u010de prilagoditi za nestandardne velikosti testov in posebne materiale.<\/li>\n<\/ul>\n<\/li>\n<li><strong>Kolik\u0161na je najve\u010dja sila, ki jo lahko izmeri tester?<\/strong>\n<ul>\n<li>Standardno merilno obmo\u010dje je 2000 N, za ve\u010dje zmogljivosti pa so na voljo dodatne mo\u017enosti.<\/li>\n<\/ul>\n<\/li>\n<li><strong>Kako zbiranje podatkov v realnem \u010dasu izbolj\u0161a natan\u010dnost testiranja?<\/strong>\n<ul>\n<li>Zbiranje podatkov v realnem \u010dasu omogo\u010da takoj\u0161njo analizo delovanja materiala pod obremenitvijo, kar pove\u010duje natan\u010dnost in zanesljivost rezultatov preskusov.<\/li>\n<\/ul>\n<\/li>\n<\/ol>\n<p>Tester stiskanja vre\u010dk je bistvenega pomena za izbolj\u0161anje kakovosti embala\u017ee in zagotavljanje, da izdelki med prevozom vzdr\u017eijo razli\u010dne pritiske. Z nalo\u017ebo v to najsodobnej\u0161o preskusno opremo lahko proizvajalci bistveno zmanj\u0161ajo tveganje napak pri pakiranju, za\u0161\u010ditijo svoje izdelke in ohranijo svoj ugled na trgu.<\/p>","protected":false},"excerpt":{"rendered":"<p>Tester stiskanja vre\u010dk je pomembno orodje za zagotavljanje kakovosti embala\u017enih materialov. Ker je celovitost embala\u017ee klju\u010dnega pomena za zagotavljanje varnosti in u\u010dinkovitosti izdelkov, ima ta instrument klju\u010dno vlogo v razli\u010dnih panogah, vklju\u010dno z \u017eivilsko, farmacevtsko, kozmeti\u010dno in medicinsko embala\u017eo. Tester za stiskanje vre\u010dk je zasnovan za ocenjevanje trajnosti in u\u010dinkovitosti razli\u010dnih embala\u017enih materialov ter zagotavlja, da so izdelki odporni proti zahtevam pri prevozu in skladi\u0161\u010denju.<\/p>","protected":false},"featured_media":6245,"comment_status":"closed","ping_status":"closed","template":"","meta":{"site-sidebar-layout":"default","site-content-layout":"default","ast-global-header-display":"","ast-main-header-display":"","ast-hfb-above-header-display":"","ast-hfb-below-header-display":"","ast-hfb-mobile-header-display":"","site-post-title":"","ast-breadcrumbs-content":"","ast-featured-img":"","footer-sml-layout":"","theme-transparent-header-meta":"default","adv-header-id-meta":"","stick-header-meta":"","header-above-stick-meta":"","header-main-stick-meta":"","header-below-stick-meta":""},"product_cat":[1069,1068,953,956,955,845,1065,1064,1067,1066,1159,965,954,957,958,952,959,1070,17,149,16,160,161,162,163,164,165,166,167,168,169,170,171,172,173,95],"product_tag":[],"class_list":{"0":"post-5134","1":"product","2":"type-product","3":"status-publish","4":"has-post-thumbnail","6":"product_cat-astm-d4169","7":"product_cat-astm-d642","8":"product_cat-bursting-tester","9":"product_cat-cobb-tester","10":"product_cat-crush-tester","11":"product_cat-customization","12":"product_cat-iso-12048","13":"product_cat-iso-2234","14":"product_cat-iso-2872","15":"product_cat-iso-2874","16":"product_cat-jis-z0212","17":"product_cat-package-compression-tester","18":"product_cat-paper-tear-tester","19":"product_cat-plybond-tester","20":"product_cat-puncture-tester","21":"product_cat-rub-tester","22":"product_cat-stiffness-tester","23":"product_cat-tappi-t804","24":"product_cat-package-container-testers","25":"product_cat-pharma-and-medical-testers","26":"product_cat-plastic-packaging-testers","27":"product_cat-iso-3034","28":"product_cat-iso-37","29":"product_cat-iso-4593","30":"product_cat-iso-5084","31":"product_cat-iso-534","32":"product_cat-iso-6383","33":"product_cat-iso-6710","34":"product_cat-iso-719","35":"product_cat-iso-720","36":"product_cat-iso-7765-1","37":"product_cat-iso-8295","38":"product_cat-iso-8510-2","39":"product_cat-iso-9073-2","40":"product_cat-iso-9187","41":"product_cat-products","42":"desktop-align-left","43":"tablet-align-left","44":"mobile-align-left","46":"first","47":"instock","48":"shipping-taxable","49":"product-type-simple"},"_links":{"self":[{"href":"https:\/\/www.qualitester.com\/sl\/wp-json\/wp\/v2\/product\/5134","targetHints":{"allow":["GET"]}}],"collection":[{"href":"https:\/\/www.qualitester.com\/sl\/wp-json\/wp\/v2\/product"}],"about":[{"href":"https:\/\/www.qualitester.com\/sl\/wp-json\/wp\/v2\/types\/product"}],"replies":[{"embeddable":true,"href":"https:\/\/www.qualitester.com\/sl\/wp-json\/wp\/v2\/comments?post=5134"}],"version-history":[{"count":0,"href":"https:\/\/www.qualitester.com\/sl\/wp-json\/wp\/v2\/product\/5134\/revisions"}],"wp:featuredmedia":[{"embeddable":true,"href":"https:\/\/www.qualitester.com\/sl\/wp-json\/wp\/v2\/media\/6245"}],"wp:attachment":[{"href":"https:\/\/www.qualitester.com\/sl\/wp-json\/wp\/v2\/media?parent=5134"}],"wp:term":[{"taxonomy":"product_cat","embeddable":true,"href":"https:\/\/www.qualitester.com\/sl\/wp-json\/wp\/v2\/product_cat?post=5134"},{"taxonomy":"product_tag","embeddable":true,"href":"https:\/\/www.qualitester.com\/sl\/wp-json\/wp\/v2\/product_tag?post=5134"}],"curies":[{"name":"wp","href":"https:\/\/api.w.org\/{rel}","templated":true}]}}