{"id":5127,"date":"2024-10-29T17:00:41","date_gmt":"2024-10-29T09:00:41","guid":{"rendered":"https:\/\/www.qualitester.com\/?post_type=product&#038;p=5127"},"modified":"2024-12-05T11:54:55","modified_gmt":"2024-12-05T03:54:55","slug":"sale-hardness-test-apparatus-for-tablet","status":"publish","type":"product","link":"https:\/\/www.qualitester.com\/sl\/izdelek\/sale-hardness-test-apparatus-for-tablet\/","title":{"rendered":"MPT-02 Tester za stiskanje tablet"},"content":{"rendered":"<p><strong>Aparat za testiranje trdote za tablete<\/strong> je napreden instrument, zasnovan za natan\u010dno in zanesljivo testiranje trdote tablet, ki je bistven proces v farmacevtski industriji. Z ocenjevanjem tla\u010dne trdnosti tablet ta aparat zagotavlja, da tablete med proizvodnjo, skladi\u0161\u010denjem in uporabo ohranijo svojo fizi\u010dno celovitost, kar zagotavlja u\u010dinkovitost zdravil in varnost bolnikov. Proizvajalci farmacevtskih izdelkov se zana\u0161ajo na presku\u0161anje trdote tablet ne le zaradi izpolnjevanja strogih regulativnih standardov, temve\u010d tudi zaradi izbolj\u0161anja kakovosti izdelkov in konkuren\u010dnosti na trgu.<\/p>\n<h2>Pomen preskusa trdote tablet v farmacevtski proizvodnji<\/h2>\n<p><strong>Testiranje trdote tablet<\/strong> ima klju\u010dno vlogo pri zagotavljanju splo\u0161ne kakovosti in varnosti farmacevtskih tablet. S presku\u0161anjem trdote tablet lahko:<\/p>\n<ul>\n<li><strong>Zagotavljanje kakovosti tabli\u010dnih ra\u010dunalnikov<\/strong>: Tablete z nizko trdoto se lahko med prevozom ali rokovanjem zlomijo, prevelika trdota pa lahko ovira razpad tablet, kar negativno vpliva na spro\u0161\u010danje zdravila in biolo\u0161ko uporabnost. Optimalni razpon trdote zagotavlja, da so tablete odporne na rokovanje, ne da bi pri tem ogrozile terapevtsko u\u010dinkovitost.<\/li>\n<li><strong>Optimizacija proizvodnih procesov<\/strong>: Rutinsko testiranje trdote pomaga pri odkrivanju neskladnosti v proizvodnji, kot so neustrezna sila stiskanja ali te\u017eave s sestavo, kar proizvajalcem omogo\u010da takoj\u0161njo prilagoditev postopkov in izbolj\u0161anje enotnosti tablet.<\/li>\n<li><strong>Vodnik za oblikovanje izdelkov<\/strong>: Podatki o trdoti pomagajo pri oblikovanju novih formulacij, ki izpolnjujejo posebne zahteve glede trdote in razpadanja, kar je klju\u010dno za razvoj u\u010dinkovitih, varnih in uporabniku prijaznih tablet.<\/li>\n<\/ul>\n<h2>Na\u010dela presku\u0161anja trdote tablet<\/h2>\n<p><strong>Testiranje trdote tablet<\/strong> tableta se polo\u017ei na merilno plo\u0161\u010dad naprave za merjenje trdote, na katero se z zgornjim udarcem deluje z nadzorovano silo. Tester izmeri deformacijo tablete ali silo, ki je potrebna za njeno zlomitev, in tako dobi vpogled v njeno trdoto. Klju\u010dne merilne metode vklju\u010dujejo:<\/p>\n<ul>\n<li><strong>Metoda globine vtiskovanja<\/strong>: Pri tej metodi se trdota meri tako, da se zabele\u017ei globina vdolbine, ki nastane pod dolo\u010denim pritiskom. Manj\u0161e vdolbine pomenijo tr\u0161o tableto, zato je ta metoda u\u010dinkovita pri preverjanju skladnosti.<\/li>\n<li><strong>Metoda trdnosti pri drobljenju<\/strong>: Pri tem pristopu se meri sila, ki je potrebna za zdrobitev tablete. Ve\u010dja sila pomeni tr\u0161o tableto, kar je pomemben podatek za nadzor kakovosti in skladnosti.<\/li>\n<\/ul>\n<h2>Klju\u010dne zna\u010dilnosti aparata za testiranje trdote<\/h2>\n<p>Na spletni strani . <strong>aparat za testiranje trdote<\/strong> je zasnovan z naprednimi funkcijami, ki zagotavljajo natan\u010dnost, vzdr\u017eljivost in enostavno uporabo v farmacevtskih okoljih:<\/p>\n<ul>\n<li><strong>Uporabniku prijazen vmesnik<\/strong>: Opremljen je s 7-pal\u010dnim zaslonom na dotik HMI za intuitivno upravljanje in enostavno navigacijo.<\/li>\n<li><strong>Stabilnost industrijskega razreda<\/strong>: Vgrajena je visoko zmogljiva krmilna enota PLC za zanesljive in dosledne rezultate testiranja.<\/li>\n<li><strong>Zelo natan\u010dne komponente<\/strong>:\n<ul>\n<li><strong>Obremenitvena celica<\/strong>: Zagotavlja natan\u010dne meritve sile, ki so klju\u010dnega pomena za skladnost s predpisi in zagotavljanje kakovosti.<\/li>\n<li><strong>Sistem krogli\u010dnih vijakov<\/strong>: Zagotavlja natan\u010dno uporabo sile, kar zmanj\u0161uje variabilnost rezultatov preskusov.<\/li>\n<\/ul>\n<\/li>\n<li><strong>Nastavljiva hitrost testiranja<\/strong>: Upravljavcem omogo\u010da spreminjanje hitrosti testiranja glede na posebne zahteve za testiranje, kar pove\u010duje vsestranskost pri razli\u010dnih scenarijih testiranja.<\/li>\n<li><strong>Prikaz podatkov v realnem \u010dasu<\/strong>: Med testiranjem prikazuje podatke o sili v realnem \u010dasu, kar zagotavlja takoj\u0161nje povratne informacije in sledenje za u\u010dinkovit nadzor kakovosti.<\/li>\n<li><strong>Enostavno umerjanje<\/strong>: Poenostavljen postopek umerjanja prihrani \u010das in zagotavlja natan\u010dnost v skladu z industrijskimi standardi.<\/li>\n<li><strong>Vsestranske mo\u017enosti testiranja<\/strong>: Opremljen je z ve\u010d nastavki za razli\u010dne konfiguracije testiranja, zato je aparat prilagodljiv razli\u010dnim velikostim tablet in formulacijam.<\/li>\n<li><strong>Dodatne funkcije<\/strong>:\n<ul>\n<li>Vklju\u010duje omejevalnik polo\u017eaja in funkcijo samodejnega vra\u010danja za u\u010dinkovito rokovanje.<\/li>\n<li>Izbirni izpis z mikrotiskalnikom in integracija programske opreme za upravljanje podatkov in sledljivost.<\/li>\n<\/ul>\n<\/li>\n<\/ul>\n<h2>Glavni parametri preizku\u0161evalnika trdote tablet<\/h2>\n<p>Ta aparat je zasnovan tako, da izpolnjuje visoke standarde na podro\u010dju farmacevtskega testiranja. Klju\u010dne specifikacije vklju\u010dujejo:<\/p>\n<ul>\n<li><strong>Obmo\u010dje obremenitve<\/strong>: \u0160irok razpon za razli\u010dne stopnje trdote tablet.<\/li>\n<li><strong>Natan\u010dnost in lo\u010dljivost<\/strong>: Visoka natan\u010dnost za dosledne in ponovljive rezultate.<\/li>\n<li><strong>Obmo\u010dje preskusne hitrosti<\/strong>: Nastavljive hitrosti testiranja za izpolnjevanje posebnih potreb po testiranju.<\/li>\n<li><strong>Dimenzije<\/strong>: Kompaktna zasnova je primerna za laboratorijsko ali proizvodno okolje.<\/li>\n<\/ul>\n<h2>Uporaba aparata za testiranje trdote tablet v industriji<\/h2>\n<p>Spletna stran <strong>aparat za testiranje trdote za tablete<\/strong> se \u0161iroko uporablja v farmacevtski proizvodnji in raziskavah:<\/p>\n<ul>\n<li><strong>Farmacevtska proizvodnja<\/strong>: Zagotavlja kakovost, enotnost in skladnost s predpisi med mno\u017ei\u010dno proizvodnjo tablet.<\/li>\n<li><strong>Raziskave in razvoj<\/strong>: Zagotavlja bistvene podatke za razvoj in izpopolnjevanje farmacevtskih oblik ter podpira ustvarjanje u\u010dinkovitih in varnih zdravil.<\/li>\n<li><strong>Nadzor kakovosti<\/strong>: Rutinsko presku\u0161anje trdote v proizvodnih linijah in preverjanje kakovosti zagotavlja doslednost in zanesljivost farmacevtskih izdelkov, ki izpolnjujejo predpisane standarde in potrebe bolnikov.<\/li>\n<\/ul>\n<h2>Prednosti uporabe aparata za testiranje trdote pri nadzoru kakovosti tablet<\/h2>\n<p>Z naprednimi funkcijami in prilagodljivo funkcionalnostjo <strong>aparat za testiranje trdote za tablete<\/strong> ponuja proizvajalcem \u0161tevilne prednosti:<\/p>\n<ul>\n<li><strong>Izbolj\u0161ana skladnost izdelka<\/strong>: Dosega zanesljiv nadzor kakovosti in izbolj\u0161uje splo\u0161no kakovost farmacevtskih tablet.<\/li>\n<li><strong>Racionalizirano upravljanje podatkov<\/strong>: Rezultati v realnem \u010dasu in izbirni izpis podatkov omogo\u010dajo enostavno sledenje, kar pove\u010duje u\u010dinkovitost in sledljivost.<\/li>\n<li><strong>Skladnost s predpisi<\/strong>: Poenostavlja upo\u0161tevanje strogih standardov kakovosti in zagotavlja, da tablete izpolnjujejo zahtevane specifikacije za sprostitev na trg.<\/li>\n<\/ul>","protected":false},"excerpt":{"rendered":"<p><strong>Aparat za testiranje trdote za tablete<\/strong> je napreden instrument, zasnovan za natan\u010dno in zanesljivo testiranje trdote tablet, ki je bistven proces v farmacevtski industriji. Z ocenjevanjem tla\u010dne trdnosti tablet ta aparat zagotavlja, da tablete med proizvodnjo, skladi\u0161\u010denjem in uporabo ohranijo svojo fizi\u010dno celovitost, kar zagotavlja u\u010dinkovitost zdravil in varnost bolnikov. Proizvajalci farmacevtskih izdelkov se zana\u0161ajo na presku\u0161anje trdote tablet ne le zaradi izpolnjevanja strogih regulativnih standardov, temve\u010d tudi zaradi izbolj\u0161anja kakovosti izdelkov in konkuren\u010dnosti na trgu.<\/p>","protected":false},"featured_media":6217,"comment_status":"closed","ping_status":"closed","template":"","meta":{"site-sidebar-layout":"default","site-content-layout":"default","ast-global-header-display":"","ast-main-header-display":"","ast-hfb-above-header-display":"","ast-hfb-below-header-display":"","ast-hfb-mobile-header-display":"","site-post-title":"","ast-breadcrumbs-content":"","ast-featured-img":"","footer-sml-layout":"","theme-transparent-header-meta":"default","adv-header-id-meta":"","stick-header-meta":"","header-above-stick-meta":"","header-main-stick-meta":"","header-below-stick-meta":""},"product_cat":[1054,845,149,95],"product_tag":[],"class_list":{"0":"post-5127","1":"product","2":"type-product","3":"status-publish","4":"has-post-thumbnail","6":"product_cat-hardness-tester","7":"product_cat-customization","8":"product_cat-pharma-and-medical-testers","9":"product_cat-products","10":"desktop-align-left","11":"tablet-align-left","12":"mobile-align-left","14":"first","15":"instock","16":"shipping-taxable","17":"product-type-simple"},"_links":{"self":[{"href":"https:\/\/www.qualitester.com\/sl\/wp-json\/wp\/v2\/product\/5127","targetHints":{"allow":["GET"]}}],"collection":[{"href":"https:\/\/www.qualitester.com\/sl\/wp-json\/wp\/v2\/product"}],"about":[{"href":"https:\/\/www.qualitester.com\/sl\/wp-json\/wp\/v2\/types\/product"}],"replies":[{"embeddable":true,"href":"https:\/\/www.qualitester.com\/sl\/wp-json\/wp\/v2\/comments?post=5127"}],"version-history":[{"count":0,"href":"https:\/\/www.qualitester.com\/sl\/wp-json\/wp\/v2\/product\/5127\/revisions"}],"wp:featuredmedia":[{"embeddable":true,"href":"https:\/\/www.qualitester.com\/sl\/wp-json\/wp\/v2\/media\/6217"}],"wp:attachment":[{"href":"https:\/\/www.qualitester.com\/sl\/wp-json\/wp\/v2\/media?parent=5127"}],"wp:term":[{"taxonomy":"product_cat","embeddable":true,"href":"https:\/\/www.qualitester.com\/sl\/wp-json\/wp\/v2\/product_cat?post=5127"},{"taxonomy":"product_tag","embeddable":true,"href":"https:\/\/www.qualitester.com\/sl\/wp-json\/wp\/v2\/product_tag?post=5127"}],"curies":[{"name":"wp","href":"https:\/\/api.w.org\/{rel}","templated":true}]}}