{"id":4401,"date":"2024-07-23T11:40:39","date_gmt":"2024-07-23T03:40:39","guid":{"rendered":"https:\/\/www.qualitester.com\/?post_type=product&#038;p=4401"},"modified":"2024-12-27T14:18:45","modified_gmt":"2024-12-27T06:18:45","slug":"best-balloon-burst-tester-for-sale","status":"publish","type":"product","link":"https:\/\/www.qualitester.com\/sl\/izdelek\/best-balloon-burst-tester-for-sale\/","title":{"rendered":"LSST-01 Tester tesnosti pu\u0161\u010danja in tesnjenja"},"content":{"rendered":"<p>Spletna stran <strong>Tester za testiranje po\u010denja balonov<\/strong> je vsestransko uporaben, saj se uporablja v razli\u010dnih sektorjih, embala\u017enih materialih, vklju\u010dno s plasti\u010dnimi folijami in laminati, embala\u017eo za medicinske pripomo\u010dke, farmacevtsko embala\u017eo, embala\u017eo za hrano in pija\u010do, embala\u017eo za potro\u0161ni\u0161ko blago<\/p>\n<h2>Celoten uvod v tester za testiranje raztrganin balona<\/h2>\n<p>Spletna stran <strong>Tester za testiranje po\u010denja balonov<\/strong> je zasnovan tako, da zagotavlja natan\u010dno in zanesljivo <em><span style=\"text-decoration: underline;\">testiranje poru\u0161itve za \u0161irok nabor embala\u017enih materialov.<\/span><\/em>s. Gre za enoto, ki jo krmili PLC in zagotavlja stabilnost na industrijski ravni, dopolnjuje pa jo uporabniku prijazen zaslon na dotik HMI, ki omogo\u010da enostavno upravljanje. Tester je opremljen s samodejno statistiko in shranjevanjem rezultatov testiranja, kar pove\u010duje u\u010dinkovitost in upravljanje podatkov.<\/p>\n<p><a href=\"https:\/\/www.qualitester.com\/sl\/kategorija-izdelka\/test-items\/bursting-tester\/\"><img fetchpriority=\"high\" decoding=\"async\" class=\"wp-image-4402 size-full aligncenter\" src=\"https:\/\/www.qualitester.com\/wp-content\/uploads\/2024\/07\/astm-f1440-Balloon-Burst-Tester-astm-f2054.jpg\" alt=\"astm f1440 Tester za testiranje po\u010denja balona astm f2054\" width=\"600\" height=\"600\" srcset=\"https:\/\/www.qualitester.com\/wp-content\/uploads\/2024\/07\/astm-f1440-Balloon-Burst-Tester-astm-f2054.jpg 600w, https:\/\/www.qualitester.com\/wp-content\/uploads\/2024\/07\/astm-f1440-Balloon-Burst-Tester-astm-f2054-300x300.jpg 300w, https:\/\/www.qualitester.com\/wp-content\/uploads\/2024\/07\/astm-f1440-Balloon-Burst-Tester-astm-f2054-150x150.jpg 150w, https:\/\/www.qualitester.com\/wp-content\/uploads\/2024\/07\/astm-f1440-Balloon-Burst-Tester-astm-f2054-100x100.jpg 100w\" sizes=\"(max-width: 600px) 100vw, 600px\" \/><\/a><\/p>\n<h2>Tehni\u010dne specifikacije<\/h2>\n<ul>\n<li><strong>Enota, krmiljena s PLC<\/strong>: Zagotavlja stabilnost na industrijski ravni in natan\u010den nadzor.<\/li>\n<li><strong>Uporabniku prijazen zaslon na dotik HMI<\/strong>: Poenostavlja upravljanje in skraj\u0161uje \u010das usposabljanja.<\/li>\n<li><strong>Samodejna statistika in shranjevanje rezultatov testiranja<\/strong>: Omogo\u010da u\u010dinkovito upravljanje in analizo podatkov.<\/li>\n<li><strong>Zdru\u017eljivost z razli\u010dnimi napravami<\/strong>: Omogo\u010da presku\u0161anje razli\u010dnih oblik embala\u017ee, vklju\u010dno s paketi s tremi stranskimi pe\u010dati, zaprtimi paketi, embala\u017eami z doi, cevmi, zaprtimi pladnji in skodelicami.<\/li>\n<li><strong>Trije testni na\u010dini<\/strong>: Raztrganje, plazenje in plazenje do okvare, kar ustreza razli\u010dnim zahtevam za testiranje.<\/li>\n<li><strong>Prilagojene nastavitve ob\u010dutljivosti in praga<\/strong>: Omogo\u010da prilagoditev za posebne potrebe testiranja.<\/li>\n<li><strong>Tla\u010dno obmo\u010dje do 600 KPa<\/strong>: Prilagodljivo za izpolnjevanje edinstvenih specifikacij presku\u0161anja.<\/li>\n<li><strong>Prilagodljivo programiranje<\/strong>: Zagotavlja prilagodljivost za prilagajanje posebnim protokolom testiranja.<\/li>\n<\/ul>\n<h2>Preskusne metode<\/h2>\n<h3>Na\u010delo testiranja poru\u0161itve embala\u017ee<\/h3>\n<p><em><span style=\"text-decoration: underline;\">Pri metodi testiranja poru\u0161itve balona se paket napihne, dokler ne po\u010di, ter izmeri tlak in prostornino, pri kateri pride do poru\u0161itve.<\/span> <\/em>Ta preskus je klju\u010dnega pomena za ocenjevanje trdnosti embala\u017enih materialov pri poru\u0161itvi, saj zagotavlja, da lahko vzdr\u017eijo notranji tlak med rokovanjem in skladi\u0161\u010denjem.<\/p>\n<div class=\"ast-oembed-container\" style=\"height: 100%;\"><iframe title=\"Doy paket in tester trdnosti tesnilne embala\u017ee Doy paketa Preverjanje kakovosti za doy paket\" width=\"500\" height=\"281\" src=\"https:\/\/www.youtube.com\/embed\/abNWfwlLaVQ?feature=oembed\" frameborder=\"0\" allow=\"accelerometer; autoplay; clipboard-write; encrypted-media; gyroscope; picture-in-picture; web-share\" referrerpolicy=\"strict-origin-when-cross-origin\" allowfullscreen><\/iframe><\/div>\n<h3>Standardni preskusni postopki<\/h3>\n<ol>\n<li><strong>Priprava in kondicioniranje vzorca<\/strong>: Vzorci se pripravijo v skladu s predpisanimi standardi in se pred testiranjem prilagodijo ustreznemu okolju.<\/li>\n<li><strong>Nastavitev testa in konfiguracija parametrov<\/strong>: Tester za testiranje poru\u0161itve balona je opremljen z ustreznimi napravami, testni parametri pa so konfigurirani glede na vrsto vzorca in zahteve za testiranje.<\/li>\n<li><strong>Izvajanje testiranja in meritev<\/strong>: Paket se napihne, dokler ne po\u010di, tester pa zabele\u017ei tlak in prostornino.<\/li>\n<li><strong>Interpretacija rezultatov<\/strong>: Analizirata se tlak in prostornina, da se ocenita trdnost in zmogljivost materiala, kar olaj\u0161a nadzor kakovosti in primerjavo materialov.<\/li>\n<\/ol>\n<h2>Preizku\u0161anje poru\u0161itve embala\u017ee v standardu ASTM<\/h2>\n<h3><a href=\"https:\/\/www.qualitester.com\/sl\/kategorija-izdelka\/astm\/astm-f1140\/\">ASTM F1140<\/a><\/h3>\n<p style=\"padding-left: 40px;\">-Standardne preskusne metode za odpornost na okvare pri notranjem pritisku pri nevezanih paketih<\/p>\n<ul>\n<li><strong>Pregled <a href=\"https:\/\/www.astm.org\/f1140_f1140m-13r20e01.html\" target=\"_blank\" rel=\"noopener nofollow\">ASTM F1140<\/a><\/strong>: V tem standardu so opisane metode za presku\u0161anje odpornosti na okvare zaradi notranjega tlaka pri nevezanih paketih.<\/li>\n<li><strong>Podroben preskusni postopek v skladu z ASTM F1140<\/strong>: Paket se napihne, dokler ne po\u010di, ter zabele\u017ei tlak in prostornino ob po\u010denju.<\/li>\n<li><strong>Pomen skladnosti z ASTM F1140<\/strong>: Zagotavlja celovitost in zanesljivost embala\u017ee, kar je klju\u010dnega pomena za varnost in u\u010dinkovitost izdelka.<\/li>\n<\/ul>\n<h4><a href=\"https:\/\/www.qualitester.com\/sl\/kategorija-izdelka\/astm\/astm-f2054\/\">ASTM F2054<\/a><\/h4>\n<p style=\"padding-left: 40px;\">-Standardna preskusna metoda za presku\u0161anje poru\u0161itve pro\u017enih tesnil embala\u017ee z uporabo notranjega zra\u010dnega tlaka znotraj omejevalnih plo\u0161\u010d<\/p>\n<ul>\n<li><strong>Pregled <a href=\"https:\/\/www.astm.org\/f2054_f2054m-13r20.html\" target=\"_blank\" rel=\"noopener nofollow\">ASTM F2054<\/a><\/strong>: Ta standard dolo\u010da metodo za presku\u0161anje pro\u017enih tesnil embala\u017ee z uporabo notranjega zra\u010dnega tlaka v omejevalnih plo\u0161\u010dah.<\/li>\n<li><strong>Podroben preskusni postopek v skladu z ASTM F2054<\/strong>: Paket se namesti v zadr\u017eevalne plo\u0161\u010de, napihne ter zabele\u017ei tlak in prostornino ob poru\u0161itvi.<\/li>\n<li><strong>Pomen standarda ASTM F2054<\/strong>: Bistveno za ocenjevanje trdnosti tesnjenja in zagotavljanje celovitosti embala\u017ee, zlasti pri pro\u017eni embala\u017ei.<\/li>\n<\/ul>\n<h2>Prednosti uporabe na\u0161ega preizku\u0161evalnika balona<\/h2>\n<p><strong>1. Natan\u010dnost in zanesljivost<\/strong><\/p>\n<ul>\n<li><strong>Visoka natan\u010dnost meritev<\/strong>: Zagotavlja natan\u010dne in zanesljive podatke o mo\u010di izbruha.<\/li>\n<li><strong>Dosledni in ponovljivi rezultati<\/strong>: Zagotavlja zaupanje v rezultate preskusov in oceno u\u010dinkovitosti materiala.<\/li>\n<\/ul>\n<p><strong>2. Vsestranskost<\/strong><\/p>\n<ul>\n<li><em><span style=\"text-decoration: underline;\"><strong>Primerno za \u0161iroko paleto materialov in vrst embala\u017ee<\/strong>: Ustreza razli\u010dnim zahtevam za testiranje v razli\u010dnih panogah.<\/span><\/em><\/li>\n<li><em><span style=\"text-decoration: underline;\"><strong>Nastavljivi parametri testiranja za razli\u010dne zahteve testiranja<\/strong>: Omogo\u010da prilagodljivost pri presku\u0161anju razli\u010dnih materialov in paketov.<\/span><\/em><\/li>\n<\/ul>\n<p><strong>3. Enostavnost uporabe<\/strong><\/p>\n<ul>\n<li><strong>Intuitiven vmesnik programske opreme<\/strong>: Poenostavlja upravljanje in zmanj\u0161uje krivuljo u\u010denja.<\/li>\n<li><strong>Minimalno potrebno usposabljanje za upravljavce<\/strong>: Izbolj\u0161a uporabnost in u\u010dinkovitost.<\/li>\n<\/ul>\n<p><strong>4. Skladnost<\/strong><\/p>\n<ul>\n<li><strong>Ustreza standardoma ASTM F1140 in ASTM F2054<\/strong>: Zagotavlja upo\u0161tevanje industrijskih standardov in predpisov.<\/li>\n<li><strong>Zagotavlja skladnost z industrijskimi predpisi in standardi kakovosti<\/strong>: Zagotavlja zanesljivost in celovitost rezultatov preskusov.<\/li>\n<\/ul>\n<h3>Pogosta vpra\u0161anja<\/h3>\n<h4>Kak\u0161en je namen preskusa po\u010denja balona?<\/h4>\n<p>S preskusom poru\u0161itve balona se dolo\u010di preskus poru\u0161itve embala\u017ee, s \u010dimer se zagotovi, da lahko vzdr\u017ei notranji tlak med rokovanjem, skladi\u0161\u010denjem in prevozom.<\/p>\n<h4>Kako se s testerjem za merjenje mo\u010di poru\u0161itve balona izmeri mo\u010d poru\u0161itve?<\/h4>\n<p>Tester napihne paket, dokler ne po\u010di, ter zabele\u017ei tlak in prostornino, s \u010dimer oceni trdnost in zmogljivost materiala.<\/p>\n<h4>Katere vrste materialov je mogo\u010de testirati s testerjem za testiranje razpo\u010dnosti balona?<\/h4>\n<p>S testerjem lahko ocenite \u0161irok nabor materialov, vklju\u010dno s plasti\u010dnimi folijami, laminati, embala\u017eo za medicinske pripomo\u010dke, farmacevtsko embala\u017eo, embala\u017eo za hrano in pija\u010do ter embala\u017eo za potro\u0161ni\u0161ko blago.<!--more--><\/p>\n<h2>Sorodni izdelki<\/h2>\n<figure id=\"attachment_4059\" aria-describedby=\"caption-attachment-4059\" style=\"width: 300px\" class=\"wp-caption alignleft\"><a href=\"https:\/\/www.qualitester.com\/sl\/izdelek\/lt-01-leak-tester\/\"><img decoding=\"async\" class=\"wp-image-4059 size-medium\" src=\"https:\/\/www.qualitester.com\/wp-content\/uploads\/2023\/07\/LT-01-Leak-Tester-2-300x300.jpg\" alt=\"ASTM D3078 Tester za pu\u0161\u010danje\" width=\"300\" height=\"300\" srcset=\"https:\/\/www.qualitester.com\/wp-content\/uploads\/2023\/07\/LT-01-Leak-Tester-2-300x300.jpg 300w, https:\/\/www.qualitester.com\/wp-content\/uploads\/2023\/07\/LT-01-Leak-Tester-2-150x150.jpg 150w, https:\/\/www.qualitester.com\/wp-content\/uploads\/2023\/07\/LT-01-Leak-Tester-2-600x600.jpg 600w, https:\/\/www.qualitester.com\/wp-content\/uploads\/2023\/07\/LT-01-Leak-Tester-2-100x100.jpg 100w, https:\/\/www.qualitester.com\/wp-content\/uploads\/2023\/07\/LT-01-Leak-Tester-2.jpg 750w\" sizes=\"(max-width: 300px) 100vw, 300px\" \/><\/a><figcaption id=\"caption-attachment-4059\" class=\"wp-caption-text\"><strong><a href=\"https:\/\/www.qualitester.com\/sl\/izdelek\/lt-01-leak-tester\/\" target=\"_blank\" rel=\"noopener\">LT-01 Tester pu\u0161\u010danja<\/a><\/strong><\/figcaption><\/figure>\n<figure id=\"attachment_3905\" aria-describedby=\"caption-attachment-3905\" style=\"width: 300px\" class=\"wp-caption alignleft\"><a href=\"https:\/\/www.qualitester.com\/sl\/izdelek\/leak-tester-lt-02\/\"><img decoding=\"async\" class=\"wp-image-3905 size-medium\" src=\"https:\/\/www.qualitester.com\/wp-content\/uploads\/2023\/04\/LT-02-Leak-Tester-01-300x300.jpg\" alt=\"ASTM D3078 Tester za pu\u0161\u010danje\" width=\"300\" height=\"300\" srcset=\"https:\/\/www.qualitester.com\/wp-content\/uploads\/2023\/04\/LT-02-Leak-Tester-01-300x300.jpg 300w, https:\/\/www.qualitester.com\/wp-content\/uploads\/2023\/04\/LT-02-Leak-Tester-01-150x150.jpg 150w, https:\/\/www.qualitester.com\/wp-content\/uploads\/2023\/04\/LT-02-Leak-Tester-01-600x600.jpg 600w, https:\/\/www.qualitester.com\/wp-content\/uploads\/2023\/04\/LT-02-Leak-Tester-01-100x100.jpg 100w, https:\/\/www.qualitester.com\/wp-content\/uploads\/2023\/04\/LT-02-Leak-Tester-01.jpg 750w\" sizes=\"(max-width: 300px) 100vw, 300px\" \/><\/a><figcaption id=\"caption-attachment-3905\" class=\"wp-caption-text\"><strong><a href=\"https:\/\/www.qualitester.com\/sl\/izdelek\/leak-tester-lt-02\/\" target=\"_blank\" rel=\"noopener\">LT-02 Tester pu\u0161\u010danja<\/a><\/strong><\/figcaption><\/figure>\n<figure id=\"attachment_3694\" aria-describedby=\"caption-attachment-3694\" style=\"width: 300px\" class=\"wp-caption alignleft\"><a href=\"https:\/\/www.qualitester.com\/sl\/izdelek\/lt-03-seal-strength-testing-machine\/\"><img loading=\"lazy\" decoding=\"async\" class=\"wp-image-3694 size-medium\" src=\"https:\/\/www.qualitester.com\/wp-content\/uploads\/2023\/04\/LT-03-Leak-Tester-04-300x300.jpg\" alt=\"ASTM D3078 Tester za pu\u0161\u010danje\" width=\"300\" height=\"300\" srcset=\"https:\/\/www.qualitester.com\/wp-content\/uploads\/2023\/04\/LT-03-Leak-Tester-04-300x300.jpg 300w, https:\/\/www.qualitester.com\/wp-content\/uploads\/2023\/04\/LT-03-Leak-Tester-04-150x150.jpg 150w, https:\/\/www.qualitester.com\/wp-content\/uploads\/2023\/04\/LT-03-Leak-Tester-04-600x600.jpg 600w, https:\/\/www.qualitester.com\/wp-content\/uploads\/2023\/04\/LT-03-Leak-Tester-04-100x100.jpg 100w, https:\/\/www.qualitester.com\/wp-content\/uploads\/2023\/04\/LT-03-Leak-Tester-04.jpg 750w\" sizes=\"(max-width: 300px) 100vw, 300px\" \/><\/a><figcaption id=\"caption-attachment-3694\" class=\"wp-caption-text\"><strong><a href=\"https:\/\/www.qualitester.com\/sl\/izdelek\/lt-03-seal-strength-testing-machine\/\" target=\"_blank\" rel=\"noopener\">LT-03 Tester pu\u0161\u010danja<\/a><\/strong><\/figcaption><\/figure>","protected":false},"excerpt":{"rendered":"<p><strong>Tester za testiranje po\u010denja balonov<\/strong> je klju\u010dni instrument za testiranje materialov in embala\u017ee, namenjen merjenju poru\u0161ne trdnosti razli\u010dnih embala\u017enih materialov. Ta napredna oprema je klju\u010dnega pomena pri zagotavljanju trajnosti in zanesljivosti embala\u017ee, zlasti v panogah, kot so farmacevtska industrija, industrija hrane in pija\u010de, medicinski pripomo\u010dki in potro\u0161ni\u0161ko blago. Tester za testiranje poru\u0161itve balona odlikujejo natan\u010dnost, vsestranskost in skladnost z industrijskimi standardi, zato je nepogre\u0161ljivo orodje za zagotavljanje kakovosti.<\/p>","protected":false},"featured_media":6136,"comment_status":"closed","ping_status":"closed","template":"","meta":{"site-sidebar-layout":"default","site-content-layout":"default","ast-global-header-display":"","ast-main-header-display":"","ast-hfb-above-header-display":"","ast-hfb-below-header-display":"","ast-hfb-mobile-header-display":"","site-post-title":"","ast-breadcrumbs-content":"","ast-featured-img":"","footer-sml-layout":"","theme-transparent-header-meta":"default","adv-header-id-meta":"","stick-header-meta":"","header-above-stick-meta":"","header-main-stick-meta":"","header-below-stick-meta":""},"product_cat":[845,953,676,675,17,149,16,108,109,95],"product_tag":[994],"class_list":{"0":"post-4401","1":"product","2":"type-product","3":"status-publish","4":"has-post-thumbnail","6":"product_cat-customization","7":"product_cat-bursting-tester","8":"product_cat-seal-strength-tester","9":"product_cat-leak-tester","10":"product_cat-package-container-testers","11":"product_cat-pharma-and-medical-testers","12":"product_cat-plastic-packaging-testers","13":"product_cat-astm-f1140","14":"product_cat-astm-f2054","15":"product_cat-products","16":"product_tag-leak-and-seal-strength-tester","17":"desktop-align-left","18":"tablet-align-left","19":"mobile-align-left","21":"first","22":"instock","23":"shipping-taxable","24":"product-type-simple"},"_links":{"self":[{"href":"https:\/\/www.qualitester.com\/sl\/wp-json\/wp\/v2\/product\/4401","targetHints":{"allow":["GET"]}}],"collection":[{"href":"https:\/\/www.qualitester.com\/sl\/wp-json\/wp\/v2\/product"}],"about":[{"href":"https:\/\/www.qualitester.com\/sl\/wp-json\/wp\/v2\/types\/product"}],"replies":[{"embeddable":true,"href":"https:\/\/www.qualitester.com\/sl\/wp-json\/wp\/v2\/comments?post=4401"}],"version-history":[{"count":0,"href":"https:\/\/www.qualitester.com\/sl\/wp-json\/wp\/v2\/product\/4401\/revisions"}],"wp:featuredmedia":[{"embeddable":true,"href":"https:\/\/www.qualitester.com\/sl\/wp-json\/wp\/v2\/media\/6136"}],"wp:attachment":[{"href":"https:\/\/www.qualitester.com\/sl\/wp-json\/wp\/v2\/media?parent=4401"}],"wp:term":[{"taxonomy":"product_cat","embeddable":true,"href":"https:\/\/www.qualitester.com\/sl\/wp-json\/wp\/v2\/product_cat?post=4401"},{"taxonomy":"product_tag","embeddable":true,"href":"https:\/\/www.qualitester.com\/sl\/wp-json\/wp\/v2\/product_tag?post=4401"}],"curies":[{"name":"wp","href":"https:\/\/api.w.org\/{rel}","templated":true}]}}