{"id":3223,"date":"2023-08-07T08:52:04","date_gmt":"2023-08-07T00:52:04","guid":{"rendered":"https:\/\/www.qualitester.com\/?post_type=product&#038;p=3223"},"modified":"2024-12-04T16:01:26","modified_gmt":"2024-12-04T08:01:26","slug":"how-to-test-the-force-about-ampoule-breaking","status":"publish","type":"product","link":"https:\/\/www.qualitester.com\/sl\/izdelek\/how-to-test-the-force-about-ampoule-breaking\/","title":{"rendered":"BST-01 Tester za lomljenje ampul"},"content":{"rendered":"<h2><strong>Uvod v preizku\u0161evalnik sile preloma ampule<\/strong><\/h2>\n<p>Spletna stran <strong>preizku\u0161evalec sile loma ampule<\/strong> je klju\u010dno orodje v farmacevtski in medicinski industriji, namenjeno merjenju sile, ki je potrebna za zlom vratu ampule. Ampule so hermeti\u010dno zaprte posode, ki se uporabljajo za shranjevanje ob\u010dutljivih farmacevtskih snovi. Mo\u010d, s katero se vrat prelomi, ima klju\u010dno vlogo pri zagotavljanju varnosti in celovitosti izdelka v notranjosti. Natan\u010den in zanesljiv tester je bistvenega pomena za zagotavljanje, da ampule izpolnjujejo potrebne standarde za varno uporabo in ravnanje.<\/p>\n<h2><strong>Razumevanje standarda ISO 9187: Standard za presku\u0161anje sile loma ampule<\/strong><\/h2>\n<p><a href=\"https:\/\/www.iso.org\/standard\/55920.html\" target=\"_blank\" rel=\"noopener nofollow\">ISO 9187<\/a> je mednarodni standard, ki dolo\u010da metodo za presku\u0161anje sile pretrga ampul. Zagotavlja podrobne smernice o tem, kako je treba izvesti postopek presku\u0161anja, potrebno opremo in parametre, ki jih je treba izmeriti, da se zagotovijo dosledni in natan\u010dni rezultati. Z upo\u0161tevanjem standarda ISO 9187 so lahko proizvajalci prepri\u010dani, da bodo njihove ampule izpolnjevale varnostne zahteve, kar zmanj\u0161uje tveganje zloma med skladi\u0161\u010denjem in rokovanjem.<\/p>\n<h3><strong>Preskusna metoda v skladu z <a href=\"https:\/\/www.qualitester.com\/sl\/kategorija-izdelka\/iso\/iso-9187\/\" target=\"_blank\" rel=\"noopener\">ISO 9187<\/a><\/strong><\/h3>\n<p>Pri preskusu se ampula namesti na ogrodje in s preskusno napravo pritisne na vrat navzdol. Na spletni strani <strong>BST-01 Tester sile preloma ampule<\/strong> za merjenje sile, ki je potrebna za zlom vratu ampule, uporablja zelo natan\u010dno merilno celico. Test zagotavlja, da ampule niso le varne za rokovanje, temve\u010d izpolnjujejo tudi zahtevane standarde za farmacevtsko uporabo.<\/p>\n<h2><strong>Preskusni postopek preizku\u0161evalnika sile preloma ampule<\/strong><\/h2>\n<ul>\n<li><strong>Korak 1<\/strong>: Ampulo postavite na namensko dr\u017ealo, namenjeno razli\u010dnim velikostim ampul (1ml, 2ml, 5ml, 10ml, 20ml).<\/li>\n<li><strong>Korak 2<\/strong>: Za\u010dnite preskus, pri katerem se stiskalna glava premika navzdol z enakomerno hitrostjo 10 mm\/min (nastavljivo od 1-500 mm\/min).<\/li>\n<li><strong>Korak 3<\/strong>: Zelo natan\u010dna merilna celica zaznava silo, ki je potrebna za zlom vratu ampule.<\/li>\n<li><strong>Korak 4<\/strong>: Sila loma se zabele\u017ei, rezultati pa se prika\u017eejo na zaslonu na dotik HMI ali natisnejo prek vgrajenega mikrotiskalnika.<\/li>\n<\/ul>\n<p>Ta postopek zagotavlja natan\u010dno merjenje sile trganja ampul v skladu z industrijskimi standardi.<\/p>\n<h2><strong>Tehni\u010dne lastnosti testerja za merjenje poru\u0161ne trdnosti BST-01 Ampule<\/strong><\/h2>\n<p>Spletna stran <strong>BST-01 Ampule za testiranje trdnosti ob pretrganju<\/strong> je opremljen s \u0161tevilnimi naprednimi funkcijami, ki pove\u010dujejo njegovo natan\u010dnost in vsestranskost:<\/p>\n<ul>\n<li><strong>Visoko natan\u010dna obremenitvena celica<\/strong>: Zagotavlja zanesljive in natan\u010dne meritve sile z lo\u010dljivostjo 0,1 N.<\/li>\n<li><strong>Ve\u010d mo\u017enosti pritrditve<\/strong>: Testni nastavki za 1ml, 2ml, 5ml, 10ml in 20ml ampule omogo\u010dajo, da se tester prilagodi razli\u010dnim velikostim ampul.<\/li>\n<li><strong>Nastavljiva hitrost testiranja<\/strong>: Hitrost presku\u0161anja je nastavljiva med 1 in 500 mm\/min, kar ustreza razli\u010dnim zahtevam presku\u0161anja.<\/li>\n<li><strong>Krmiljenje PLC in zaslon na dotik HMI<\/strong>: Za enostavno upravljanje in avtomatizacijo postopka testiranja.<\/li>\n<li><strong>Kora\u010dni motor z natan\u010dnim krogli\u010dnim vijakom<\/strong>: Zagotavlja natan\u010den nadzor hitrosti za natan\u010dno testiranje.<\/li>\n<li><strong>Varnostne funkcije<\/strong>: Vklju\u010duje za\u0161\u010ditni pokrov, ki prepre\u010duje preskok vzorca, zbiralno cevko za vzorce iz razbitih ampul in funkcijo samodejnega vra\u010danja.<\/li>\n<li><strong>Izbirna povezljivost<\/strong>: Povezljivost RS 232 za integracijo s profesionalno programsko opremo in sistemi.<\/li>\n<\/ul>\n<h2><strong>Drugi ustrezni standardi in skladnost<\/strong><\/h2>\n<p>Poleg <strong>ISO 9187<\/strong>, je <strong>BST-01 Tester sile preloma ampule<\/strong> izpolnjuje ve\u010d drugih industrijskih standardov, med drugim:<\/p>\n<ul>\n<li><strong>GB 2637<\/strong>: Kitajski nacionalni standard za presku\u0161anje ampul.<\/li>\n<li><strong>YBB00332002<\/strong>: Kitajski standard za ampule, ki se uporabljajo v farmacevtski embala\u017ei.<\/li>\n<\/ul>\n<p>Ti standardi zagotavljajo vsestranskost naprave in skladnost z globalnimi zahtevami za testiranje.<\/p>\n<h2><strong>Glavni parametri preizku\u0161evalnika sile preloma ampule<\/strong><\/h2>\n<table>\n<tbody>\n<tr>\n<td style=\"text-align: center;\" width=\"87\">Preskusno obmo\u010dje<\/td>\n<td style=\"text-align: center;\" width=\"188\">0 ~ 200 N (ali po potrebi)<\/td>\n<\/tr>\n<tr>\n<td style=\"text-align: center;\" width=\"87\">Hitrost<\/td>\n<td style=\"text-align: center;\" width=\"188\">1 ~ 500 mm\/min<\/td>\n<\/tr>\n<tr>\n<td style=\"text-align: center;\" width=\"87\">Resolucija<\/td>\n<td style=\"text-align: center;\" width=\"188\">0.1N<\/td>\n<\/tr>\n<tr>\n<td style=\"text-align: center;\" width=\"87\">Natan\u010dnost<\/td>\n<td style=\"text-align: center;\" width=\"188\">0,5% F.S.<\/td>\n<\/tr>\n<tr>\n<td style=\"text-align: center;\" width=\"87\">Napajanje<\/td>\n<td style=\"text-align: center;\" width=\"188\">110 ~ 220 V 50\/60 Hz<\/td>\n<\/tr>\n<\/tbody>\n<\/table>\n<p>Spletna stran <strong>BST-01 Tester sile preloma ampule<\/strong> je zanesljiva, vsestranska in zelo natan\u010dna naprava, zasnovana za izpolnjevanje strogih zahtev farmacevtske industrije in industrije medicinske embala\u017ee. Z upo\u0161tevanjem mednarodnih standardov, kot so <strong>ISO 9187<\/strong>, tester zagotavlja, da so ampule varne za uporabo in da izpolnjujejo potrebne specifikacije za mo\u010d pretrga. Zaradi naprednih funkcij, prilagodljivosti pri presku\u0161anju ampul razli\u010dnih velikosti in enostavne uporabe je tester BST-01 nepogre\u0161ljivo orodje za proizvajalce in laboratorije za nadzor kakovosti.<\/p>\n<h4><strong>Oddelek Pogosta vpra\u0161anja<\/strong><\/h4>\n<ol>\n<li><strong>Kak\u0161en je namen testerja za mo\u010d preloma ampule?<\/strong><br \/>\nTester izmeri silo, ki je potrebna za zlom vratu ampule, ter tako zagotovi njeno trdnost in varnost med rokovanjem in uporabo.<\/li>\n<li><strong>Kako se ISO 9187 nana\u0161a na testiranje ampul?<\/strong><br \/>\nStandard ISO 9187 opisuje metodo in smernice za presku\u0161anje sile trganja ampul ter zagotavlja doslednost in zanesljivost postopka presku\u0161anja.<\/li>\n<li><strong>Katere so klju\u010dne tehni\u010dne zna\u010dilnosti testerja BST-01 Ampule Break Force?<\/strong><br \/>\nTester ima zelo natan\u010dno merilno celico, ve\u010d velikosti nastavkov, nastavljive hitrosti testiranja, nadzor PLC in varnostne funkcije, kot so za\u0161\u010ditni pokrovi in zbiralne cevke.<\/li>\n<li><strong>Ali lahko napravo BST-01 poleg ampul uporabljate tudi za testiranje drugih materialov?<\/strong><br \/>\nDa, naprava BST-01 je vsestranska in z njo lahko testirate druge materiale za medicinsko embala\u017eo, kot so brizge, pokrov\u010dki in zama\u0161ki.<\/li>\n<li><strong>Kak\u0161na je natan\u010dnost testerja BST-01 Ampule Break Force Tester?<\/strong><br \/>\nTester zagotavlja natan\u010dnost 0,5% polne skale (F.S.), kar zagotavlja natan\u010dne in zanesljive rezultate testiranja.<\/li>\n<\/ol>","protected":false},"excerpt":{"rendered":"<p>Spletna stran <strong>preizku\u0161evalec sile loma ampule<\/strong> je klju\u010dno orodje v farmacevtski in medicinski industriji, namenjeno merjenju sile, ki je potrebna za zlom vratu ampule. Ampule so hermeti\u010dno zaprte posode, ki se uporabljajo za shranjevanje ob\u010dutljivih farmacevtskih snovi. Mo\u010d, s katero se vrat prelomi, ima klju\u010dno vlogo pri zagotavljanju varnosti in celovitosti izdelka v notranjosti. Natan\u010den in zanesljiv tester je bistvenega pomena za zagotavljanje, da ampule izpolnjujejo potrebne standarde za varno uporabo in ravnanje.<\/p>","protected":false},"featured_media":6120,"comment_status":"closed","ping_status":"closed","template":"","meta":{"site-sidebar-layout":"default","site-content-layout":"default","ast-global-header-display":"","ast-main-header-display":"","ast-hfb-above-header-display":"","ast-hfb-below-header-display":"","ast-hfb-mobile-header-display":"","site-post-title":"","ast-breadcrumbs-content":"","ast-featured-img":"","footer-sml-layout":"","theme-transparent-header-meta":"default","adv-header-id-meta":"","stick-header-meta":"","header-above-stick-meta":"","header-main-stick-meta":"","header-below-stick-meta":""},"product_cat":[933,845,149,173,95],"product_tag":[],"class_list":{"0":"post-3223","1":"product","2":"type-product","3":"status-publish","4":"has-post-thumbnail","6":"product_cat-ampoule-breaking-tester","7":"product_cat-customization","8":"product_cat-pharma-and-medical-testers","9":"product_cat-iso-9187","10":"product_cat-products","11":"desktop-align-left","12":"tablet-align-left","13":"mobile-align-left","15":"first","16":"instock","17":"shipping-taxable","18":"product-type-simple"},"_links":{"self":[{"href":"https:\/\/www.qualitester.com\/sl\/wp-json\/wp\/v2\/product\/3223","targetHints":{"allow":["GET"]}}],"collection":[{"href":"https:\/\/www.qualitester.com\/sl\/wp-json\/wp\/v2\/product"}],"about":[{"href":"https:\/\/www.qualitester.com\/sl\/wp-json\/wp\/v2\/types\/product"}],"replies":[{"embeddable":true,"href":"https:\/\/www.qualitester.com\/sl\/wp-json\/wp\/v2\/comments?post=3223"}],"version-history":[{"count":0,"href":"https:\/\/www.qualitester.com\/sl\/wp-json\/wp\/v2\/product\/3223\/revisions"}],"wp:featuredmedia":[{"embeddable":true,"href":"https:\/\/www.qualitester.com\/sl\/wp-json\/wp\/v2\/media\/6120"}],"wp:attachment":[{"href":"https:\/\/www.qualitester.com\/sl\/wp-json\/wp\/v2\/media?parent=3223"}],"wp:term":[{"taxonomy":"product_cat","embeddable":true,"href":"https:\/\/www.qualitester.com\/sl\/wp-json\/wp\/v2\/product_cat?post=3223"},{"taxonomy":"product_tag","embeddable":true,"href":"https:\/\/www.qualitester.com\/sl\/wp-json\/wp\/v2\/product_tag?post=3223"}],"curies":[{"name":"wp","href":"https:\/\/api.w.org\/{rel}","templated":true}]}}