{"id":3012,"date":"2023-07-31T16:39:52","date_gmt":"2023-07-31T08:39:52","guid":{"rendered":"https:\/\/www.qualitester.com\/?post_type=product&#038;p=3012"},"modified":"2025-01-07T17:06:31","modified_gmt":"2025-01-07T09:06:31","slug":"gelbo-flex-tester-astm-f392","status":"publish","type":"product","link":"https:\/\/www.qualitester.com\/sl\/izdelek\/gelbo-flex-tester-astm-f392\/","title":{"rendered":"GFT Gelbo Flex Tester"},"content":{"rendered":"<p>Spletna stran <strong>Gelbo Flex Tester<\/strong> je pomemben instrument za ocenjevanje upogibne trajnosti pro\u017enih pregradnih materialov, kot so filmi, kompoziti in premazi. Ta naprava preizku\u0161a sposobnost materiala, da prenese ponavljajo\u010de se obremenitve, kar je klju\u010dnega pomena za prepre\u010devanje razpok pri upogibanju in zagotavljanje celovitosti embala\u017ee med distribucijo. Odpornost na upogibne razpoke je klju\u010dna lastnost, saj zmanj\u0161uje tveganje perforacije embala\u017ee in zagotavlja, da vsebina ostane nedotaknjena v celotnem \u017eivljenjskem ciklu embala\u017ee.<\/p>\n<h2>ASTM F392 - Trajnost fleksibilnih pregradnih materialov<\/h2>\n<p><a href=\"https:\/\/www.astm.org\/f0392_f0392m-21.html\" target=\"_blank\" rel=\"noopener nofollow\"><strong>ASTM F392<\/strong><\/a> je standardna specifikacija, ki opisuje postopek za dolo\u010danje <strong>vzdr\u017eljivost pri upogibanju<\/strong> fleksibilnih pregradnih materialov. Ta preskusna metoda je posebej zasnovana za ocenjevanje sposobnosti materialov, kot so filmi in premazi, da prenesejo ve\u010dkratno upogibanje, zvijanje in upogibanje pod obremenitvijo, kar simulira dejanske pogoje med prevozom in rokovanjem. Pri preskusu je vzorec izpostavljen vrsti upogibnih gibov, pri \u010demer se ugotavlja, ali je material sposoben prenesti te obremenitve, ne da bi se pojavile luknje ali razpoke.<\/p>\n<h2>Standardni postopek za kondicioniranje pro\u017enih pregradnih materialov s testiranjem trajnosti Flex<\/h2>\n<p>Spletna stran <strong>Gelbo Flex Tester<\/strong> upo\u0161teva postopke testiranja, opisane v <strong>ASTM F392<\/strong> za <strong>testiranje vzdr\u017eljivosti pri upogibanju<\/strong>. Postopek vklju\u010duje namestitev vzorca velikosti 200 mm x 280 mm na preskusne trne. Vzorec je nato podvr\u017een vrtilnim in vodoravnim stiskalnim gibom, ki so zasnovani tako, da simulirajo obremenitve, ki so jim izpostavljeni embala\u017eni materiali med distribucijo. Natan\u010dneje, sistem spro\u017ei zasuk, ki se v prvih 90 mm hoda razteza pod kotom 440\u00b0, nato pa sledi vodoravno stiskanje v dol\u017eini 65 mm.<\/p>\n<div class=\"ast-oembed-container\" style=\"height: 100%;\"><iframe title=\"Gelbo Flex Tester ASTM F392\" width=\"500\" height=\"281\" src=\"https:\/\/www.youtube.com\/embed\/n2u7WCjVRTk?feature=oembed\" frameborder=\"0\" allow=\"accelerometer; autoplay; clipboard-write; encrypted-media; gyroscope; picture-in-picture; web-share\" referrerpolicy=\"strict-origin-when-cross-origin\" allowfullscreen><\/iframe><\/div>\n<p>Preskus se izvaja pri hitrosti <strong>45 ciklov na minuto<\/strong> s petimi vnaprej programiranimi na\u010dini testiranja:<\/p>\n<ul>\n<li><strong>Na\u010din A<\/strong>: Polna pro\u017enost 1 uro (2.700 ciklov)<\/li>\n<li><strong>Na\u010din B<\/strong>: Polna pro\u017enost 20 minut (900 ciklov)<\/li>\n<li><strong>Na\u010din C<\/strong>: Polna pro\u017enost 6 minut (270 ciklov)<\/li>\n<li><strong>Na\u010din D<\/strong>: Popolna upogljivost za 20 ciklov<\/li>\n<li><strong>Na\u010din E<\/strong>: Delni upogib za 20 ciklov<\/li>\n<\/ul>\n<p>Ta prilagodljiv postopek presku\u0161anja uporabnikom omogo\u010da simulacijo razli\u010dnih scenarijev obremenitev v resni\u010dnem svetu, kar omogo\u010da natan\u010dno oceno odpornosti proti upogibnim razpokam.<\/p>\n<h2>Tehni\u010dne lastnosti testerja Gelbo Flex<\/h2>\n<ul>\n<li><strong>Krmiljenje PLC<\/strong>: Gelbo Flex Tester je opremljen z <strong>Krmiljenje PLC<\/strong> za dosledno in avtomatizirano testiranje.<\/li>\n<li><strong>Intuitivni vmesnik HMI z zaslonom na dotik<\/strong>: Uporabniku prijazen vmesnik omogo\u010da enostavno spremljanje in nadzor parametrov presku\u0161anja.<\/li>\n<li><strong>Pet standardnih na\u010dinov testiranja<\/strong>: Sistem ponuja prilagodljivost s petimi vnaprej programiranimi na\u010dini, ki uporabnikom omogo\u010dajo, da izberejo idealne preskusne pogoje za svoje materiale.<\/li>\n<li><strong>Ve\u010d testnih postaj<\/strong>: Tester ima 3 do 4 postaje za hkratno testiranje, kar pove\u010duje u\u010dinkovitost pri testiranju velikih koli\u010din materialov.<\/li>\n<li><strong>Hitro preklapljanje na\u010dina<\/strong>: Enostavno preklapljajte med na\u010dini dolgega in kratkega hoda, kar omogo\u010da prilagodljive preskusne pogoje.<\/li>\n<li><strong>Mikrotiskalnik za izpis podatkov<\/strong>: Vgrajeni mikrotiskalnik omogo\u010da priro\u010dno tiskanje rezultatov preskusov, kar zagotavlja natan\u010dnost in sledljivost podatkov.<\/li>\n<\/ul>\n<h2>Podro\u010dja uporabe preizku\u0161evalnika vzdr\u017eljivosti Flex<\/h2>\n<p>Tester vzdr\u017eljivosti Flex se pogosto uporablja v industrijah, kjer so embala\u017eni materiali med prevozom in rokovanjem izpostavljeni ponavljajo\u010dim se obremenitvam. Mednje spadajo:<\/p>\n<ul>\n<li><strong>Pakiranje<\/strong>: <em><span style=\"text-decoration: underline;\"><strong>Prilagodljive folije<\/strong><\/span><\/em> in laminati, ki se uporabljajo za \u017eivila, pija\u010de, farmacevtske in medicinske izdelke.<\/li>\n<li><strong>Pakiranje medicinskih pripomo\u010dkov<\/strong>: Zagotavljanje trajnosti <em><span style=\"text-decoration: underline;\"><strong>embala\u017eni materiali<\/strong><\/span><\/em> ki se uporabljajo za sterilne medicinske pripomo\u010dke.<\/li>\n<li><strong>Farmacevtski izdelki<\/strong>: Testiranje <em><span style=\"text-decoration: underline;\"><strong>zaporni materiali<\/strong><\/span><\/em> ki \u0161\u010ditijo ob\u010dutljiva zdravila.<\/li>\n<li><strong>Hrana in pija\u010da<\/strong>: <strong><em><span style=\"text-decoration: underline;\">Embala\u017eni materiali<\/span><\/em><\/strong> namenjeni ohranjanju sve\u017eine in celovitosti \u017eivilskih izdelkov.<\/li>\n<\/ul>\n<h2>Glavni parametri testerja Gelbo Flex<\/h2>\n<table>\n<tbody>\n<tr>\n<td width=\"132\">Fleksibilna frekvenca<\/td>\n<td width=\"228\">45 \/minuto<\/td>\n<\/tr>\n<tr>\n<td width=\"132\">Kot upogibanja<\/td>\n<td width=\"228\">440\u00b0 (90 mm) ali 400\u00b0 (80 mm)<\/td>\n<\/tr>\n<tr>\n<td width=\"132\">Zmogljivost<\/td>\n<td width=\"228\">3,5 N.m<\/td>\n<\/tr>\n<tr>\n<td width=\"132\">Vodoravni poteg<\/td>\n<td width=\"228\">155 mm ali 80 mm<\/td>\n<\/tr>\n<tr>\n<td width=\"132\">Postaje<\/td>\n<td width=\"228\">3\/4<\/td>\n<\/tr>\n<tr>\n<td width=\"132\">Velikost vzorca<\/td>\n<td width=\"228\">280 mm x 200 mm<\/td>\n<\/tr>\n<tr>\n<td width=\"132\">Napajanje<\/td>\n<td width=\"228\">110~220V<\/td>\n<\/tr>\n<\/tbody>\n<\/table>\n<h2>Prilagajanje in posebne zahteve za testiranje<\/h2>\n<p>Podjetje Cell Instruments je specializirano za prilagajanje preskusne opreme za izpolnjevanje posebnih potreb po presku\u0161anju materialov. Na spletni strani <strong>Gelbo Flex Tester<\/strong> je mogo\u010de prilagoditi \u0161irokemu naboru zahtev za testiranje prilagodljivih materialov, saj ponuja re\u0161itve za standardne in edinstvene pogoje testiranja. (kot so postopki presku\u0161anja in pribor za vzorce)<\/p>\n<h2>POGOSTA VPRA\u0160ANJA<\/h2>\n<ol>\n<li><strong>Katere materiale je mogo\u010de testirati s testerjem Gelbo Flex Tester?<\/strong><br \/>\nGelbo Flex Tester je idealen za presku\u0161anje pro\u017enih zapornih materialov, kot so folije, kompoziti in premazne folije, ki se uporabljajo v embala\u017ei, medicinskih pripomo\u010dkih, \u017eivilskih izdelkih in drugje.<\/li>\n<li><strong>Kaj je <a href=\"https:\/\/www.qualitester.com\/sl\/kategorija-izdelka\/astm\/astm-f392\/\">ASTM F392<\/a>, in zakaj je to pomembno za testiranje?<\/strong><br \/>\nASTM F392 je standardna specifikacija za presku\u0161anje upogibne vzdr\u017eljivosti pro\u017enih materialov. Pomaga zagotoviti, da embala\u017eni materiali prenesejo ponavljajo\u010de se obremenitve med distribucijo, kar zmanj\u0161uje tveganje perforacije ali okvare.<\/li>\n<li><strong>Ali je mogo\u010de tester Gelbo Flex prilagoditi posebnim potrebam testiranja?<\/strong><br \/>\nDa, Cell Instruments ponuja mo\u017enosti prilagajanja, s katerimi tester Gelbo Flex Tester prilagodi edinstvenim zahtevam za testiranje v razli\u010dnih panogah.<\/li>\n<li><strong>Kako tester Gelbo Flex Tester simulira dejanske obremenitve embala\u017ee?<\/strong><br \/>\nPreizku\u0161evalnik uporablja kombinacijo zasuka in vodoravnega stiskanja, da bi ponovil ponavljajo\u010de se obremenitve, ki jih embala\u017eni materiali do\u017eivljajo med prevozom in rokovanjem.<\/li>\n<\/ol>","protected":false},"excerpt":{"rendered":"<p>Spletna stran <strong>Gelbo Flex Tester<\/strong> je pomemben instrument za ocenjevanje upogibne trajnosti pro\u017enih pregradnih materialov, kot so filmi, kompoziti in premazi. Ta naprava preizku\u0161a sposobnost materiala, da prenese ponavljajo\u010de se obremenitve, kar je klju\u010dnega pomena za prepre\u010devanje razpok pri upogibanju in zagotavljanje celovitosti embala\u017ee med distribucijo. Odpornost na upogibne razpoke je klju\u010dna lastnost, saj zmanj\u0161uje tveganje perforacije embala\u017ee in zagotavlja, da vsebina ostane nedotaknjena v celotnem \u017eivljenjskem ciklu embala\u017ee.<\/p>","protected":false},"featured_media":5873,"comment_status":"closed","ping_status":"closed","template":"","meta":{"site-sidebar-layout":"default","site-content-layout":"default","ast-global-header-display":"","ast-main-header-display":"","ast-hfb-above-header-display":"","ast-hfb-below-header-display":"","ast-hfb-mobile-header-display":"","site-post-title":"disabled","ast-breadcrumbs-content":"","ast-featured-img":"disabled","footer-sml-layout":"","theme-transparent-header-meta":"default","adv-header-id-meta":"","stick-header-meta":"","header-above-stick-meta":"","header-main-stick-meta":"","header-below-stick-meta":""},"product_cat":[845,977,149,16,107,95],"product_tag":[1174,1175],"class_list":{"0":"post-3012","1":"product","2":"type-product","3":"status-publish","4":"has-post-thumbnail","6":"product_cat-customization","7":"product_cat-gelbo-flex-tester","8":"product_cat-pharma-and-medical-testers","9":"product_cat-plastic-packaging-testers","10":"product_cat-astm-f392","11":"product_cat-products","12":"product_tag-flex-durability-tester","13":"product_tag-gelbo-flex-tester","14":"desktop-align-left","15":"tablet-align-left","16":"mobile-align-left","18":"first","19":"instock","20":"shipping-taxable","21":"product-type-simple"},"_links":{"self":[{"href":"https:\/\/www.qualitester.com\/sl\/wp-json\/wp\/v2\/product\/3012","targetHints":{"allow":["GET"]}}],"collection":[{"href":"https:\/\/www.qualitester.com\/sl\/wp-json\/wp\/v2\/product"}],"about":[{"href":"https:\/\/www.qualitester.com\/sl\/wp-json\/wp\/v2\/types\/product"}],"replies":[{"embeddable":true,"href":"https:\/\/www.qualitester.com\/sl\/wp-json\/wp\/v2\/comments?post=3012"}],"version-history":[{"count":0,"href":"https:\/\/www.qualitester.com\/sl\/wp-json\/wp\/v2\/product\/3012\/revisions"}],"wp:featuredmedia":[{"embeddable":true,"href":"https:\/\/www.qualitester.com\/sl\/wp-json\/wp\/v2\/media\/5873"}],"wp:attachment":[{"href":"https:\/\/www.qualitester.com\/sl\/wp-json\/wp\/v2\/media?parent=3012"}],"wp:term":[{"taxonomy":"product_cat","embeddable":true,"href":"https:\/\/www.qualitester.com\/sl\/wp-json\/wp\/v2\/product_cat?post=3012"},{"taxonomy":"product_tag","embeddable":true,"href":"https:\/\/www.qualitester.com\/sl\/wp-json\/wp\/v2\/product_tag?post=3012"}],"curies":[{"name":"wp","href":"https:\/\/api.w.org\/{rel}","templated":true}]}}