{"id":2565,"date":"2023-06-26T14:29:44","date_gmt":"2023-06-26T06:29:44","guid":{"rendered":"https:\/\/www.qualitester.com\/?post_type=product&#038;p=2565"},"modified":"2024-12-04T11:56:03","modified_gmt":"2024-12-04T03:56:03","slug":"phs-01-electrical-equipment-pendulum-impact-tester","status":"publish","type":"product","link":"https:\/\/www.qualitester.com\/sl\/izdelek\/phs-01-electrical-equipment-pendulum-impact-tester\/","title":{"rendered":"PHS-01 Udarni tester z nihalom za elektri\u010dno opremo"},"content":{"rendered":"<h2><strong>Uvod v udarno preizku\u0161anje z nihajnim kladivom<\/strong><\/h2>\n<p>Spletna stran <strong>Tester udarcev z nihalnim kladivom (PHS-01)<\/strong> je specializiran mehanski preskusni instrument, namenjen ocenjevanju trajnosti in odpornosti materialov in izdelkov proti udarcem. Ta preizku\u0161evalnik simulira dejanske mehanske udarce in proizvajalcem omogo\u010da, da ocenijo, kako dobro lahko njihovi izdelki prenesejo fizi\u010dno obremenitev. Udarno testiranje je bistvenega pomena za zagotavljanje varnosti in zanesljivosti izdelkov, zlasti v panogah, kjer so izdelki pogosto izpostavljeni mehanskim udarcem ali grobemu ravnanju, kot so embala\u017ea, avtomobilska industrija, elektronika in medicinski pripomo\u010dki.<\/p>\n<p>Pri udarnih preskusih z nihalom se uporablja princip nihajnega kladiva, ki se dvigne na vnaprej dolo\u010deno vi\u0161ino in se sprosti, da udari po vzorcu. Preizku\u0161evalnik izmeri, kako se vzorec odzove na razli\u010dne ravni energije, in tako pomaga dolo\u010diti njegovo trdnost in primernost za dolo\u010deno uporabo.<\/p>\n<h2><strong>Preskusne metode udarnega preizku\u0161evalnika z nihalnim kladivom<\/strong><\/h2>\n<p>PHS-01 <strong>Udarni tester z nihalnim kladivom<\/strong> uporablja avtomatiziran sistem nihajnega kladiva za izvajanje udarnih preskusov na razli\u010dnih vzorcih. Preskus je preprost:<\/p>\n<ul>\n<li><strong>Vpenjanje vzorca<\/strong>: Vzorec je varno pritrjen na presku\u0161evalno ogrodje, tako da med presku\u0161anjem ostane na mestu.<\/li>\n<li><strong>Preizku\u0161anje udarcev<\/strong>: Kladivo se samodejno dvigne na \u017eeleno vi\u0161ino udarca in se ob aktiviranju sprosti, da z dolo\u010deno energijo udari po vzorcu.<\/li>\n<li><strong>Nastavitve energije<\/strong>: Stopnje energije je mogo\u010de prilagoditi od 0,14J do 5J, odvisno od vrste materiala ali izdelka, ki se presku\u0161a.<\/li>\n<li><strong>Preskusni cikel<\/strong>: Preizkus se izvede z enim samim pritiskom na gumb prek zaslona na dotik HMI (vmesnik \u010dlovek-stroj), kar avtomatizira postopek in zmanj\u0161uje \u0161tevilo \u010dlove\u0161kih napak.<\/li>\n<\/ul>\n<p>Ta preskusna metoda proizvajalcem omogo\u010da, da ocenijo odpornost materiala na udarne sile in tako zagotovijo, da material izpolnjuje varnostne standarde za vzdr\u017eljivost v prakti\u010dnih pogojih.<\/p>\n<h2><strong>Tester udarcev z nihalnim kladivom in IEC 60068-2-75<\/strong><\/h2>\n<h3><strong>Pregled standarda IEC 60068-2-75<\/strong><\/h3>\n<p>Spletna stran <a href=\"https:\/\/webstore.iec.ch\/en\/publication\/558\" target=\"_blank\" rel=\"noopener nofollow\"><strong>IEC 60068-2-75<\/strong><\/a> je mednarodni standard, ki opisuje preskusne metode za ocenjevanje mehanske odpornosti opreme in izdelkov pri mehanskih obremenitvah ali udarcih. Natan\u010dneje, ta standard vsebuje smernice za dolo\u010danje sposobnosti vzorca, da vzdr\u017ei stroge sile udarca, kar je klju\u010dnega pomena za izdelke, ki se uporabljajo v okoljih, kjer so mehanski udarci pogosti.<\/p>\n<p>Spletna stran <a href=\"https:\/\/www.qualitester.com\/sl\/kategorija-izdelka\/iec\/iec-60068-2-75\/\" target=\"_blank\" rel=\"noopener\">IEC 60068-2-75<\/a> standard opredeljuje tri posebne metode za izvajanje preskusov udarcev, ki zagotavljajo, da so izdelki odporni in zanesljivi v razli\u010dnih delovnih in okoljskih pogojih. Upo\u0161tevanje tega standarda je klju\u010dnega pomena za proizvajalce, ki \u017eelijo izpolniti globalna merila za zagotavljanje varnosti in kakovosti.<\/p>\n<h3><strong>Kako tester PHS-01 z nihalnim kladivom izpolnjuje zahteve standarda IEC 60068-2-75<\/strong><\/h3>\n<p>Spletna stran <strong>PHS-01 Tester udarnega kladiva z nihalom<\/strong> je v celoti skladen s standardom IEC 60068-2-75, kar zagotavlja natan\u010dne in ponovljive rezultate pri udarnih preskusih. Zaradi samodejnega nadzornega sistema, nastavljivih ravni energije in vsestranskih vi\u0161in presku\u0161anja je idealen za simuliranje \u0161irokega razpona scenarijev udarcev, kot je dolo\u010deno v standardu IEC 60068-2-75. Z mo\u017enostjo ocenjevanja mehanske trdnosti tester PHS-01 pomaga proizvajalcem zagotoviti, da njihovi izdelki izpolnjujejo mednarodne varnostne zahteve.<\/p>\n<h2><strong>Klju\u010dne lastnosti udarnega testerja z nihalnim kladivom PHS-01<\/strong><\/h2>\n<ul>\n<li><strong>Visoka natan\u010dnost nadzora<\/strong>: PHS-01 uporablja <strong>Nadzorni sistem PLC<\/strong> in <strong>Vmesnik HMI z zaslonom na dotik<\/strong>, ki omogo\u010da enostavno upravljanje in natan\u010den nadzor nad udarnimi parametri.<\/li>\n<li><strong>Samodejno dviganje in spro\u0161\u010danje nihala<\/strong>: Kladivo z nihalom se samodejno dvigne na \u017eeleno vi\u0161ino in se sprosti z elektromagnetno natan\u010dnostjo, kar zagotavlja stalno energijo udarca.<\/li>\n<li><strong>Nastavljiva energija udarca<\/strong>: Tester podpira razli\u010dne energije udarcev, od <strong>0,14J do 5J<\/strong>zato je primeren za presku\u0161anje najrazli\u010dnej\u0161ih materialov in izdelkov.<\/li>\n<li><strong>Prilagodljive testne vi\u0161ine<\/strong>: Spletna stran <strong>vi\u0161ina padca<\/strong> je nastavljiv, in sicer od <strong>56 mm do 400 mm<\/strong>, kar omogo\u010da prilagodljivost pri testiranju razli\u010dnih scenarijev vpliva.<\/li>\n<li><strong>Presenetljivi elementi<\/strong>: Tester ponuja razli\u010dne udarne elemente, ki jih je mogo\u010de zamenjati glede na zahteve testiranja, kar \u0161e pove\u010da njegovo vsestranskost.<\/li>\n<li><strong>Zaslon z dvema jezikoma<\/strong>: Sistem podpira prikaz v dveh jezikih, zato je prijazen do uporabnikov iz tujine.<\/li>\n<\/ul>\n<h2><strong>Podro\u010dja uporabe udarnega testerja z nihalnim kladivom<\/strong><\/h2>\n<p>Spletna stran <strong>Udarni tester z nihalnim kladivom<\/strong> se uporablja v razli\u010dnih panogah za ocenjevanje odpornosti na udarce in mehanske trdnosti izdelkov in materialov:<\/p>\n<ul>\n<li><strong>Pakiranje<\/strong>: Zagotavlja, da embala\u017eni materiali, vklju\u010dno z zaboji iz valovitega kartona in plasti\u010dnimi posodami, prenesejo udarce med prevozom in rokovanjem.<\/li>\n<li><strong>Elektronika<\/strong>: Ocenjuje trpe\u017enost elektronskih komponent, kot so vezja in ohi\u0161ja, da se prepri\u010da, da so odporne na naklju\u010dne padce in mehanske udarce.<\/li>\n<li><strong>Medicinski pripomo\u010dki<\/strong>: Preverja odpornost medicinske opreme in njene embala\u017ee proti udarcem ter tako zagotavlja varnost pacientov in zanesljivost izdelkov.<\/li>\n<li><strong>Avtomobilski deli<\/strong>: Preizku\u0161a sestavne dele, kot so odbija\u010di in notranja oprema, da zagotovi njihovo odpornost na udarce in ostre okoljske razmere.<\/li>\n<li><strong>Igra\u010de in izdelki za \u0161iroko porabo<\/strong>: Potrjuje, da izdelki za vsakdanjo rabo izpolnjujejo varnostne standarde glede trajnosti, zlasti pri otro\u0161kih izdelkih.<\/li>\n<\/ul>\n<h2><strong>Skladnost s standardi<\/strong><\/h2>\n<p>Spletna stran <strong>PHS-01 Tester udarnega kladiva z nihalom<\/strong> je v skladu z naslednjimi industrijskimi standardi:<\/p>\n<ul>\n<li><strong>IEC 60068-2-75<\/strong>: Mednarodni standard za okoljsko presku\u0161anje, ki se osredoto\u010da na mehansko obremenitev.<\/li>\n<li><strong>GB\/T 2423.55<\/strong>: Kitajski nacionalni standard za testiranje udarcev, ki zagotavlja, da izdelki izpolnjujejo lokalne regulativne zahteve.<\/li>\n<\/ul>\n<p>Z izpolnjevanjem teh standardov PHS-01 zagotavlja, da lahko proizvajalci natan\u010dno ocenijo odpornost svojih izdelkov in zagotovijo skladnost z globalnimi merili varnosti in zanesljivosti.<\/p>\n<h2><strong>Glavni parametri<\/strong><\/h2>\n<table>\n<tbody>\n<tr>\n<td width=\"122\">U\u010dinkovita energija<\/td>\n<td width=\"277\">0,14J, 0,2J, 0,35J, 0,5J, 0,7J, 1J, 2J, 5J<\/td>\n<\/tr>\n<tr>\n<td width=\"122\">Ekvivalentna masa<\/td>\n<td width=\"277\">0.25,0.25,0.25,0.25,0.25, 0.25,0.5,1.7kg<\/td>\n<\/tr>\n<tr>\n<td width=\"122\">Vi\u0161ina padca<\/td>\n<td width=\"277\">56,80,140,200,280,400,400,300mm<\/td>\n<\/tr>\n<tr>\n<td width=\"122\">Vezan les<\/td>\n<td width=\"277\">175*175 mm, debelina 8 mm po meri uporabnika<\/td>\n<\/tr>\n<tr>\n<td width=\"122\">Napajanje<\/td>\n<td width=\"277\">AC 110~220V 50\/60Hz<\/td>\n<\/tr>\n<tr>\n<td width=\"122\">Nadzor<\/td>\n<td width=\"277\">PLC in \u010dlove\u0161ko-strojni vmesnik<\/td>\n<\/tr>\n<\/tbody>\n<\/table>\n<p>Spletna stran <strong>Tester udarcev z nihalnim kladivom (PHS-01)<\/strong> je bistveno orodje za proizvajalce, ki morajo zagotoviti vzdr\u017eljivost in mehansko trdnost svojih izdelkov. S simulacijo scenarijev udarcev v resni\u010dnem svetu in upo\u0161tevanjem mednarodnih standardov, kot so <strong>IEC 60068-2-75<\/strong>PHS-01 zagotavlja natan\u010dne in zanesljive rezultate testiranja. Ne glede na to, ali gre za embala\u017eo, elektroniko, medicinske pripomo\u010dke ali avtomobilske dele, PHS-01 pomaga zagotavljati varnost in u\u010dinkovitost izdelkov, zato je neprecenljiv dodatek v vsakem laboratoriju za nadzor kakovosti ali proizvodnem obratu.<\/p>","protected":false},"excerpt":{"rendered":"<p>Spletna stran <strong>Tester udarcev z nihalnim kladivom (PHS-01)<\/strong> je specializiran mehanski preskusni instrument, namenjen ocenjevanju trajnosti in odpornosti materialov in izdelkov proti udarcem. Ta preizku\u0161evalnik simulira dejanske mehanske udarce in proizvajalcem omogo\u010da, da ocenijo, kako dobro lahko njihovi izdelki prenesejo fizi\u010dno obremenitev. Udarno testiranje je bistvenega pomena za zagotavljanje varnosti in zanesljivosti izdelkov, zlasti v panogah, kjer so izdelki pogosto izpostavljeni mehanskim udarcem ali grobemu ravnanju, kot so embala\u017ea, avtomobilska industrija, elektronika in medicinski pripomo\u010dki.<\/p>","protected":false},"featured_media":6032,"comment_status":"closed","ping_status":"closed","template":"","meta":{"site-sidebar-layout":"default","site-content-layout":"default","ast-global-header-display":"","ast-main-header-display":"","ast-hfb-above-header-display":"","ast-hfb-below-header-display":"","ast-hfb-mobile-header-display":"","site-post-title":"disabled","ast-breadcrumbs-content":"","ast-featured-img":"disabled","footer-sml-layout":"","theme-transparent-header-meta":"default","adv-header-id-meta":"","stick-header-meta":"","header-above-stick-meta":"","header-main-stick-meta":"","header-below-stick-meta":""},"product_cat":[95,845,937,1137],"product_tag":[],"class_list":{"0":"post-2565","1":"product","2":"type-product","3":"status-publish","4":"has-post-thumbnail","6":"product_cat-products","7":"product_cat-customization","8":"product_cat-electronic-product-tester","9":"product_cat-iec-60068-2-75","10":"desktop-align-left","11":"tablet-align-left","12":"mobile-align-left","14":"first","15":"instock","16":"shipping-taxable","17":"product-type-simple"},"_links":{"self":[{"href":"https:\/\/www.qualitester.com\/sl\/wp-json\/wp\/v2\/product\/2565","targetHints":{"allow":["GET"]}}],"collection":[{"href":"https:\/\/www.qualitester.com\/sl\/wp-json\/wp\/v2\/product"}],"about":[{"href":"https:\/\/www.qualitester.com\/sl\/wp-json\/wp\/v2\/types\/product"}],"replies":[{"embeddable":true,"href":"https:\/\/www.qualitester.com\/sl\/wp-json\/wp\/v2\/comments?post=2565"}],"version-history":[{"count":0,"href":"https:\/\/www.qualitester.com\/sl\/wp-json\/wp\/v2\/product\/2565\/revisions"}],"wp:featuredmedia":[{"embeddable":true,"href":"https:\/\/www.qualitester.com\/sl\/wp-json\/wp\/v2\/media\/6032"}],"wp:attachment":[{"href":"https:\/\/www.qualitester.com\/sl\/wp-json\/wp\/v2\/media?parent=2565"}],"wp:term":[{"taxonomy":"product_cat","embeddable":true,"href":"https:\/\/www.qualitester.com\/sl\/wp-json\/wp\/v2\/product_cat?post=2565"},{"taxonomy":"product_tag","embeddable":true,"href":"https:\/\/www.qualitester.com\/sl\/wp-json\/wp\/v2\/product_tag?post=2565"}],"curies":[{"name":"wp","href":"https:\/\/api.w.org\/{rel}","templated":true}]}}