{"id":2531,"date":"2023-06-21T14:54:40","date_gmt":"2023-06-21T06:54:40","guid":{"rendered":"https:\/\/www.qualitester.com\/?post_type=product&#038;p=2531"},"modified":"2024-12-04T14:40:17","modified_gmt":"2024-12-04T06:40:17","slug":"spc-01-stretch-film-peel-force-testing-machine","status":"publish","type":"product","link":"https:\/\/www.qualitester.com\/sl\/izdelek\/spc-01-stretch-film-peel-force-testing-machine\/","title":{"rendered":"SPC-01 Stretch Film Peel Force Testing Machine"},"content":{"rendered":"<div data-elementor-type=\"wp-post\" data-elementor-id=\"2531\" class=\"elementor elementor-2531\" data-elementor-post-type=\"product\">\n\t\t\t\t<div class=\"elementor-element elementor-element-e19e79f e-flex e-con-boxed e-con e-parent\" data-id=\"e19e79f\" data-element_type=\"container\">\n\t\t\t\t\t<div class=\"e-con-inner\">\n\t\t<div class=\"elementor-element elementor-element-e683184 e-con-full e-flex e-con e-parent\" data-id=\"e683184\" data-element_type=\"container\">\n\t\t\t\t<div class=\"elementor-element elementor-element-e9e8412 elementor-widget elementor-widget-image\" data-id=\"e9e8412\" data-element_type=\"widget\" data-widget_type=\"image.default\">\n\t\t\t\t<div class=\"elementor-widget-container\">\n\t\t\t\t\t\t\t\t\t\t\t\t\t<img fetchpriority=\"high\" decoding=\"async\" width=\"750\" height=\"750\" src=\"https:\/\/www.qualitester.com\/wp-content\/uploads\/2023\/04\/Stretch-Film-Peel-Cling-Tester-1.jpg\" class=\"attachment-large size-large wp-image-1815\" alt=\"\" srcset=\"https:\/\/www.qualitester.com\/wp-content\/uploads\/2023\/04\/Stretch-Film-Peel-Cling-Tester-1.jpg 750w, https:\/\/www.qualitester.com\/wp-content\/uploads\/2023\/04\/Stretch-Film-Peel-Cling-Tester-1-300x300.jpg 300w, https:\/\/www.qualitester.com\/wp-content\/uploads\/2023\/04\/Stretch-Film-Peel-Cling-Tester-1-150x150.jpg 150w, https:\/\/www.qualitester.com\/wp-content\/uploads\/2023\/04\/Stretch-Film-Peel-Cling-Tester-1-600x600.jpg 600w, https:\/\/www.qualitester.com\/wp-content\/uploads\/2023\/04\/Stretch-Film-Peel-Cling-Tester-1-100x100.jpg 100w\" sizes=\"(max-width: 750px) 100vw, 750px\" \/>\t\t\t\t\t\t\t\t\t\t\t\t\t<\/div>\n\t\t\t\t<\/div>\n\t\t\t\t<\/div>\n\t\t<div class=\"elementor-element elementor-element-fbca1bf e-con-full e-flex e-con e-parent\" data-id=\"fbca1bf\" data-element_type=\"container\">\n\t\t\t\t<div class=\"elementor-element elementor-element-208b4b0 elementor-widget elementor-widget-text-editor\" data-id=\"208b4b0\" data-element_type=\"widget\" data-widget_type=\"text-editor.default\">\n\t\t\t\t<div class=\"elementor-widget-container\">\n\t\t\t\t\t\t\t<h6><strong>Ozadje<\/strong><\/h6><p><em>Zaradi dobrega oprijema raztegljive folije se lahko zunanji sloj embala\u017ene folije in sloj blaga zlepita, tako da bo blago na peletih zelo \u010dvrsto. Podro\u010dje uporabe stretch folije je zelo \u0161iroko, z nadzorom kakovosti lepljenja olupkov pa je mogo\u010de u\u010dinkovito izbolj\u0161ati \u017eilavost, elasti\u010dnost in podporno mo\u010d folije.<\/em><\/p><p><em>Za testiranje lepljivosti olupkov je treba pripraviti dve razli\u010dni vrsti vzorcev. Prvi vzorec je ve\u010dji in slu\u017ei kot podlaga ali podloga. Drugi vzorec je manj\u0161i trak, ki se odlepi od ve\u010djega vzorca.<\/em><\/p><h6><strong>Aplikacija<\/strong><\/h6><p><em>SPC-01 Peel Cling Tester meri oprijem med dvema plastema folije in pomaga dolo\u010diti lastnost materiala stretch wrap, da se nanj prilepi.<\/em><\/p>\t\t\t\t\t\t<\/div>\n\t\t\t\t<\/div>\n\t\t\t\t<\/div>\n\t\t\t\t\t<\/div>\n\t\t\t\t<\/div>\n\t\t<div class=\"elementor-element elementor-element-d221c6d e-flex e-con-boxed e-con e-parent\" data-id=\"d221c6d\" data-element_type=\"container\">\n\t\t\t\t\t<div class=\"e-con-inner\">\n\t\t<div class=\"elementor-element elementor-element-3d6f7c9 e-con-full e-flex e-con e-parent\" data-id=\"3d6f7c9\" data-element_type=\"container\">\n\t\t\t\t<div class=\"elementor-element elementor-element-1d3d013 elementor-widget elementor-widget-image\" data-id=\"1d3d013\" data-element_type=\"widget\" data-widget_type=\"image.default\">\n\t\t\t\t<div class=\"elementor-widget-container\">\n\t\t\t\t\t\t\t\t\t\t\t\t\t<img decoding=\"async\" width=\"750\" height=\"750\" src=\"https:\/\/www.qualitester.com\/wp-content\/uploads\/2023\/04\/Stretch-Film-Peel-Cling-Tester-SPC-01-1.jpg\" class=\"attachment-large size-large wp-image-1814\" alt=\"\" srcset=\"https:\/\/www.qualitester.com\/wp-content\/uploads\/2023\/04\/Stretch-Film-Peel-Cling-Tester-SPC-01-1.jpg 750w, https:\/\/www.qualitester.com\/wp-content\/uploads\/2023\/04\/Stretch-Film-Peel-Cling-Tester-SPC-01-1-300x300.jpg 300w, https:\/\/www.qualitester.com\/wp-content\/uploads\/2023\/04\/Stretch-Film-Peel-Cling-Tester-SPC-01-1-150x150.jpg 150w, https:\/\/www.qualitester.com\/wp-content\/uploads\/2023\/04\/Stretch-Film-Peel-Cling-Tester-SPC-01-1-600x600.jpg 600w, https:\/\/www.qualitester.com\/wp-content\/uploads\/2023\/04\/Stretch-Film-Peel-Cling-Tester-SPC-01-1-100x100.jpg 100w\" sizes=\"(max-width: 750px) 100vw, 750px\" \/>\t\t\t\t\t\t\t\t\t\t\t\t\t<\/div>\n\t\t\t\t<\/div>\n\t\t\t\t<\/div>\n\t\t<div class=\"elementor-element elementor-element-ed6e920 e-con-full e-flex e-con e-parent\" data-id=\"ed6e920\" data-element_type=\"container\">\n\t\t\t\t<div class=\"elementor-element elementor-element-0584a1f elementor-widget elementor-widget-text-editor\" data-id=\"0584a1f\" data-element_type=\"widget\" data-widget_type=\"text-editor.default\">\n\t\t\t\t<div class=\"elementor-widget-container\">\n\t\t\t\t\t\t\t<h6><strong>Tehni\u010dne lastnosti<\/strong><\/h6><p>To je enota, ki jo upravlja PLC (stabilna na industrijski ravni), in HMI z zaslonom na dotik. Natan\u010den mehanizem krogli\u010dnega vodilnega vijaka zagotavlja dober in stabilen nadzor hitrosti in premikanja.<\/p><ul><li>7-pal\u010dni zaslon TFT na dotik (vmesnik \u010dlovek-stroj)<\/li><li>Krmilna enota PLC v notranjosti za stabilno delovanje<\/li><li>Natan\u010den krogli\u010dni vijak za natan\u010dno hitrost in premik.<\/li><li>Hitrost testiranja je nastavljiva.<\/li><li>Druga\u010dna povezava obremenilne celice z vzorcem odpravlja motnje zaradi trenja in te\u017ee jermenice in vrvice, ki se obi\u010dajno uporabljajo pri tradicionalni metodi.<\/li><li>Omejitvena naprava in samodejno vra\u010danje.<\/li><li>Prikaz preskusne krivulje v realnem \u010dasu, snemanje najvi\u0161je vrednosti. <\/li><li>Podporne linije hitrosti podalj\u0161evanja, 50%, 100% in 200%. <\/li><li>Mikrotiskalnik<\/li><li>Dodamo lahko funkcijo koeficienta trenja (neobvezno)<\/li><\/ul>\t\t\t\t\t\t<\/div>\n\t\t\t\t<\/div>\n\t\t\t\t<\/div>\n\t\t\t\t\t<\/div>\n\t\t\t\t<\/div>\n\t\t<div class=\"elementor-element elementor-element-a552211 e-flex e-con-boxed e-con e-parent\" data-id=\"a552211\" data-element_type=\"container\">\n\t\t\t\t\t<div class=\"e-con-inner\">\n\t\t<div class=\"elementor-element elementor-element-71dd792 e-con-full e-flex e-con e-parent\" data-id=\"71dd792\" data-element_type=\"container\">\n\t\t\t\t<div class=\"elementor-element elementor-element-ae4a7ff elementor-widget elementor-widget-image\" data-id=\"ae4a7ff\" data-element_type=\"widget\" data-widget_type=\"image.default\">\n\t\t\t\t<div class=\"elementor-widget-container\">\n\t\t\t\t\t\t\t\t\t\t\t\t\t<img fetchpriority=\"high\" decoding=\"async\" width=\"750\" height=\"750\" src=\"https:\/\/www.qualitester.com\/wp-content\/uploads\/2023\/04\/Stretch-Film-Peel-Cling-Tester-1.jpg\" class=\"attachment-large size-large wp-image-1815\" alt=\"\" srcset=\"https:\/\/www.qualitester.com\/wp-content\/uploads\/2023\/04\/Stretch-Film-Peel-Cling-Tester-1.jpg 750w, https:\/\/www.qualitester.com\/wp-content\/uploads\/2023\/04\/Stretch-Film-Peel-Cling-Tester-1-300x300.jpg 300w, https:\/\/www.qualitester.com\/wp-content\/uploads\/2023\/04\/Stretch-Film-Peel-Cling-Tester-1-150x150.jpg 150w, https:\/\/www.qualitester.com\/wp-content\/uploads\/2023\/04\/Stretch-Film-Peel-Cling-Tester-1-600x600.jpg 600w, https:\/\/www.qualitester.com\/wp-content\/uploads\/2023\/04\/Stretch-Film-Peel-Cling-Tester-1-100x100.jpg 100w\" sizes=\"(max-width: 750px) 100vw, 750px\" \/>\t\t\t\t\t\t\t\t\t\t\t\t\t<\/div>\n\t\t\t\t<\/div>\n\t\t\t\t<\/div>\n\t\t<div class=\"elementor-element elementor-element-12bdb98 e-con-full e-flex e-con e-parent\" data-id=\"12bdb98\" data-element_type=\"container\">\n\t\t\t\t<div class=\"elementor-element elementor-element-050def8 elementor-widget elementor-widget-text-editor\" data-id=\"050def8\" data-element_type=\"widget\" data-widget_type=\"text-editor.default\">\n\t\t\t\t<div class=\"elementor-widget-container\">\n\t\t\t\t\t\t\t<h6><strong>Glavni parametri<\/strong><\/h6><p>Preskusno obmo\u010dje 5N (standardno)<\/p><p>Hod 199 mm<\/p><p>Hitrost testiranja 125 mm\/min<\/p><p>Natan\u010dnost premikanja 0,01 mm<\/p><p>Natan\u010dnost sile 0,5% F.S.<\/p><p>Nadzor PLC in vmesnik \u010dlovek-stroj<\/p><p>Zaslon za izhod podatkov, mikrotiskalnik, RS232 (neobvezno)<\/p><p>Napajanje 110 ~ 220 V, 50\/60 Hz<\/p>\t\t\t\t\t\t<\/div>\n\t\t\t\t<\/div>\n\t\t\t\t<\/div>\n\t\t\t\t\t<\/div>\n\t\t\t\t<\/div>\n\t\t<div class=\"elementor-element elementor-element-7d63a47 e-flex e-con-boxed e-con e-parent\" data-id=\"7d63a47\" data-element_type=\"container\">\n\t\t\t\t\t<div class=\"e-con-inner\">\n\t\t\t\t<div class=\"elementor-element elementor-element-b364875 elementor-widget elementor-widget-wpforms\" data-id=\"b364875\" data-element_type=\"widget\" data-widget_type=\"wpforms.default\">\n\t\t\t\t<div class=\"elementor-widget-container\">\n\t\t\t<div class=\"wpforms-container\" id=\"wpforms-11\"><form id=\"wpforms-form-11\" class=\"wpforms-validate wpforms-form wpforms-ajax-form\" data-formid=\"11\" method=\"post\" enctype=\"multipart\/form-data\" action=\"\/sl\/wp-json\/wp\/v2\/product\/2531\" data-token=\"7c26fc00fd485ee9e5a7c61a93b70491\" data-trp-original-action=\"\/sl\/wp-json\/wp\/v2\/product\/2531\"><noscript class=\"wpforms-error-noscript\">\u010ce \u017eelite izpolniti ta obrazec, v brskalniku omogo\u010dite JavaScript.<\/noscript><div class=\"wpforms-field-container\"><div id=\"wpforms-11-field_1-container\" class=\"wpforms-field wpforms-field-text\" data-field-id=\"1\"><label class=\"wpforms-field-label\" for=\"wpforms-11-field_1\">Ime <span class=\"wpforms-required-label\">*<\/span><\/label><input type=\"text\" id=\"wpforms-11-field_1\" class=\"wpforms-field-medium wpforms-field-required\" name=\"wpforms[fields][1]\" placeholder=\"Ime\" required><\/div><div id=\"wpforms-11-field_5-container\" class=\"wpforms-field wpforms-field-text\" data-field-id=\"5\"><label class=\"wpforms-field-label\" for=\"wpforms-11-field_5\">Podjetje<\/label><input type=\"text\" id=\"wpforms-11-field_5\" class=\"wpforms-field-medium\" name=\"wpforms[fields][5]\" ><\/div><div id=\"wpforms-11-field_4-container\" class=\"wpforms-field wpforms-field-number\" data-field-id=\"4\"><label class=\"wpforms-field-label\" for=\"wpforms-11-field_4\">Telefon<\/label><input type=\"number\" pattern=\"\\d*\" id=\"wpforms-11-field_4\" class=\"wpforms-field-medium\" name=\"wpforms[fields][4]\" placeholder=\"Telefon\" ><\/div><div id=\"wpforms-11-field_3-container\" class=\"wpforms-field wpforms-field-email\" data-field-id=\"3\"><label class=\"wpforms-field-label\" for=\"wpforms-11-field_3\">E-po\u0161ta <span class=\"wpforms-required-label\">*<\/span><\/label><input type=\"email\" id=\"wpforms-11-field_3\" class=\"wpforms-field-medium wpforms-field-required\" name=\"wpforms[fields][3]\" placeholder=\"E-po\u0161ta\" spellcheck=\"false\" required><\/div><div id=\"wpforms-11-field_2-container\" class=\"wpforms-field wpforms-field-textarea\" data-field-id=\"2\"><label class=\"wpforms-field-label\" for=\"wpforms-11-field_2\">Sporo\u010dilo<\/label><textarea id=\"wpforms-11-field_2\" class=\"wpforms-field-large\" name=\"wpforms[fields][2]\" ><\/textarea><\/div><\/div><!-- .wpforms-field-container --><input type=\"hidden\" name=\"wpforms[recaptcha]\" value=\"\"><div class=\"wpforms-submit-container\" ><input type=\"hidden\" name=\"wpforms[id]\" value=\"11\"><input type=\"hidden\" name=\"wpforms[author]\" value=\"4\"><button type=\"submit\" name=\"wpforms[submit]\" id=\"wpforms-submit-11\" class=\"wpforms-submit\" data-alt-text=\"Submitting\" data-submit-text=\"Submit\" aria-live=\"assertive\" value=\"wpforms-submit\">Po\u0161lji<\/button><img decoding=\"async\" src=\"https:\/\/www.qualitester.com\/wp-content\/plugins\/wpforms-lite\/assets\/images\/submit-spin.svg\" class=\"wpforms-submit-spinner\" style=\"display: none;\" width=\"26\" height=\"26\" alt=\"Nalaganje\"><\/div><input type=\"hidden\" name=\"trp-form-language\" value=\"sl\"\/><\/form><\/div>  <!-- .wpforms-container -->\t\t<\/div>\n\t\t\t\t<\/div>\n\t\t\t\t\t<\/div>\n\t\t\t\t<\/div>\n\t\t\t\t<\/div>","protected":false},"excerpt":{"rendered":"<p>SPC-01 Peel Cling Tester meri oprijem med dvema plastema folije in pomaga dolo\u010diti lastnost materiala stretch wrap, da se nanj prilepi.<\/p>","protected":false},"featured_media":1813,"comment_status":"closed","ping_status":"closed","template":"","meta":{"site-sidebar-layout":"default","site-content-layout":"default","ast-global-header-display":"","ast-main-header-display":"","ast-hfb-above-header-display":"","ast-hfb-below-header-display":"","ast-hfb-mobile-header-display":"","site-post-title":"disabled","ast-breadcrumbs-content":"","ast-featured-img":"disabled","footer-sml-layout":"","theme-transparent-header-meta":"default","adv-header-id-meta":"","stick-header-meta":"","header-above-stick-meta":"","header-main-stick-meta":"","header-below-stick-meta":""},"product_cat":[16,99,390,95],"product_tag":[57,391,185,486,59,410],"class_list":{"0":"post-2531","1":"product","2":"type-product","3":"status-publish","4":"has-post-thumbnail","6":"product_cat-plastic-packaging-testers","7":"product_cat-astm","8":"product_cat-astm-d5458","9":"product_cat-products","10":"product_tag-astm-d5458","11":"product_tag-bb-t-0024","12":"product_tag-peel-cling","13":"product_tag-peel-force","14":"product_tag-stretch-film","15":"product_tag-stretch-film-peel","16":"desktop-align-left","17":"tablet-align-left","18":"mobile-align-left","20":"first","21":"instock","22":"shipping-taxable","23":"product-type-simple"},"_links":{"self":[{"href":"https:\/\/www.qualitester.com\/sl\/wp-json\/wp\/v2\/product\/2531","targetHints":{"allow":["GET"]}}],"collection":[{"href":"https:\/\/www.qualitester.com\/sl\/wp-json\/wp\/v2\/product"}],"about":[{"href":"https:\/\/www.qualitester.com\/sl\/wp-json\/wp\/v2\/types\/product"}],"replies":[{"embeddable":true,"href":"https:\/\/www.qualitester.com\/sl\/wp-json\/wp\/v2\/comments?post=2531"}],"version-history":[{"count":0,"href":"https:\/\/www.qualitester.com\/sl\/wp-json\/wp\/v2\/product\/2531\/revisions"}],"wp:featuredmedia":[{"embeddable":true,"href":"https:\/\/www.qualitester.com\/sl\/wp-json\/wp\/v2\/media\/1813"}],"wp:attachment":[{"href":"https:\/\/www.qualitester.com\/sl\/wp-json\/wp\/v2\/media?parent=2531"}],"wp:term":[{"taxonomy":"product_cat","embeddable":true,"href":"https:\/\/www.qualitester.com\/sl\/wp-json\/wp\/v2\/product_cat?post=2531"},{"taxonomy":"product_tag","embeddable":true,"href":"https:\/\/www.qualitester.com\/sl\/wp-json\/wp\/v2\/product_tag?post=2531"}],"curies":[{"name":"wp","href":"https:\/\/api.w.org\/{rel}","templated":true}]}}