{"id":2525,"date":"2023-06-21T13:51:49","date_gmt":"2023-06-21T05:51:49","guid":{"rendered":"https:\/\/www.qualitester.com\/?post_type=product&#038;p=2525"},"modified":"2024-12-05T13:11:38","modified_gmt":"2024-12-05T05:11:38","slug":"per-01-glass-bottle-verticality-testing-machine","status":"publish","type":"product","link":"https:\/\/www.qualitester.com\/sl\/izdelek\/per-01-glass-bottle-verticality-testing-machine\/","title":{"rendered":"PER-01 Tester pravokotnosti steklenic"},"content":{"rendered":"<h2>Uvedba izdelka Tester pravokotnosti steklenice<\/h2>\n<p>V podjetju Cell Instruments smo specializirani za zagotavljanje visokokakovostnih instrumentov za presku\u0161anje materialov v razli\u010dnih panogah. Na\u0161 <strong><em><span style=\"text-decoration: underline;\">Tester pravokotnosti steklenice<\/span><\/em><\/strong> je najsodobnej\u0161a naprava, zasnovana za zagotavljanje natan\u010dne pravokotnosti steklenic, ki je klju\u010dna za ohranjanje celovitosti in kakovosti ustekleni\u010denih izdelkov. Ta instrument je bistvenega pomena za industrije, kot so embala\u017ea, \u017eivila in pija\u010de, farmacevtski izdelki ter agencije za nadzor kakovosti. S svojimi naprednimi funkcijami in skladnostjo s standardi ISO 9008 je preizku\u0161evalnik pravokotnosti steklenic dragoceno orodje za vsak postopek nadzora kakovosti.<\/p>\n<p><img fetchpriority=\"high\" decoding=\"async\" class=\"wp-image-4283 aligncenter\" src=\"https:\/\/www.qualitester.com\/wp-content\/uploads\/2023\/06\/PER-01-Bottle-Perpendicularity-Tester-2.png\" alt=\"Tester pravokotnosti steklenice\" width=\"500\" height=\"540\" srcset=\"https:\/\/www.qualitester.com\/wp-content\/uploads\/2023\/06\/PER-01-Bottle-Perpendicularity-Tester-2.png 2426w, https:\/\/www.qualitester.com\/wp-content\/uploads\/2023\/06\/PER-01-Bottle-Perpendicularity-Tester-2-278x300.png 278w, https:\/\/www.qualitester.com\/wp-content\/uploads\/2023\/06\/PER-01-Bottle-Perpendicularity-Tester-2-949x1024.png 949w, https:\/\/www.qualitester.com\/wp-content\/uploads\/2023\/06\/PER-01-Bottle-Perpendicularity-Tester-2-768x829.png 768w, https:\/\/www.qualitester.com\/wp-content\/uploads\/2023\/06\/PER-01-Bottle-Perpendicularity-Tester-2-1423x1536.png 1423w, https:\/\/www.qualitester.com\/wp-content\/uploads\/2023\/06\/PER-01-Bottle-Perpendicularity-Tester-2-1898x2048.png 1898w, https:\/\/www.qualitester.com\/wp-content\/uploads\/2023\/06\/PER-01-Bottle-Perpendicularity-Tester-2-600x647.png 600w\" sizes=\"(max-width: 500px) 100vw, 500px\" \/><\/p>\n<h2><strong>Klju\u010dne lastnosti<\/strong><\/h2>\n<h3>1. Priro\u010dna nastavitev sonde<\/h3>\n<p>Tester pravokotnosti steklenice je opremljen z visoko nastavljivo sondo, ki omogo\u010da enostavno in natan\u010dno poravnavo s steklenico. Ta funkcija zagotavlja dosledne in natan\u010dne meritve ter zmanj\u0161uje verjetnost napak.<\/p>\n<h3>2. Izjemna natan\u010dnost branja<\/h3>\n<p>Natan\u010dnost je pri nadzoru kakovosti najpomembnej\u0161a, na\u0161 tester pa zagotavlja izjemno natan\u010dnost. Zagotavlja zelo natan\u010dne meritve pravokotnosti steklenice in zagotavlja, da vsaka steklenica izpolnjuje zahtevane specifikacije in standarde.<\/p>\n<h3>3. Dosledna rotacija vzorca<\/h3>\n<p>Da bi zagotovili enakomerno testiranje, je tester za preverjanje pravokotnosti steklenic opremljen z enakomernim obra\u010danjem vzorca. To zagotavlja, da je steklenica izmerjena na razli\u010dnih to\u010dkah, kar omogo\u010da celovito oceno njene pravokotnosti.<\/p>\n<h3>4. Upo\u0161tevanje specifikacij vzorca<\/h3>\n<p>Tester strogo upo\u0161teva specifikacije vzorca in zagotavlja, da so vse meritve v skladu z industrijskimi standardi. To je \u0161e posebej pomembno za skladnost s standardom ISO 9008, ki dolo\u010da zahteve za embala\u017ene materiale in posode.<\/p>\n<h3>5. Izvoz podatkov v ra\u010dunalni\u0161ki program Excel<\/h3>\n<p>Za izbolj\u0161ano upravljanje podatkov ponuja tester pravokotnosti steklenic dodatno funkcijo izvoza podatkov. Ta uporabnikom omogo\u010da izvoz rezultatov testiranja neposredno v program PC Excel, kar olaj\u0161a analizo podatkov in poro\u010danje.<\/p>\n<h2>Metode presku\u0161anja<\/h2>\n<h3>Na\u010delo delovanja<\/h3>\n<p>Tester pravokotnosti steklenic deluje tako, da meri odstopanje navpi\u010dne osi steklenice od njenega pravega pravokotnega polo\u017eaja. To dose\u017eemo z natan\u010dno sondo, ki se dotika steklenice v dolo\u010denih to\u010dkah, in vrtljivim mehanizmom, ki zagotavlja celovito meritev.<\/p>\n<div class=\"ast-oembed-container\" style=\"height: 100%;\"><iframe title=\"Tester za preverjanje pravokotnosti steklenic PET in plo\u010devink PER-01\" width=\"500\" height=\"281\" src=\"https:\/\/www.youtube.com\/embed\/MEJYiFl7Pzo?feature=oembed\" frameborder=\"0\" allow=\"accelerometer; autoplay; clipboard-write; encrypted-media; gyroscope; picture-in-picture; web-share\" referrerpolicy=\"strict-origin-when-cross-origin\" allowfullscreen><\/iframe><\/div>\n<h3>Nastavitev in umerjanje<\/h3>\n<p>Nastavitev merilnika pravokotnosti steklenic je preprosta. Najprej tester postavite na stabilno povr\u0161ino in ga priklju\u010dite na vir napajanja. Napravo kalibrirajte tako, da sondo nastavite na znani standard in tako zagotovite, da bodo meritve to\u010dne.<\/p>\n<h3>Postopek testiranja<\/h3>\n<ol>\n<li><strong>Priprava vzorca:<\/strong> Prepri\u010dajte se, da je steklenica \u010dista in brez ovir.<\/li>\n<li><strong>Postavitev steklenice:<\/strong> Steklenico postavite na dolo\u010deno mesto na testerju in poskrbite, da je dobro pritrjena.<\/li>\n<li><strong>Izvedba testa:<\/strong> Aktivirajte tester, da za\u010dnete postopek merjenja. Sonda se bo dotaknila steklenice, vrtljivi mehanizem pa bo zagotovil ve\u010d merilnih to\u010dk.<\/li>\n<li><strong>Interpretacija rezultatov:<\/strong> Tester prika\u017ee rezultate in ozna\u010di morebitna odstopanja od pravokotnosti.<\/li>\n<\/ol>\n<h2>Skladnost s standardom ISO 9008<\/h2>\n<p>ISO 9008 je mednarodni standard, ki dolo\u010da zahteve za sisteme vodenja kakovosti, zlasti v industriji embala\u017ee in zabojnikov. Opisuje merila za zagotavljanje, da embala\u017eni materiali in posode izpolnjujejo posebne standarde kakovosti in varnosti.<\/p>\n<h2>Aplikacije<\/h2>\n<h3>1. Embala\u017ena industrija<\/h3>\n<p>V embala\u017eni industriji je zagotavljanje pravokotnosti steklenic klju\u010dnega pomena za u\u010dinkovito pakiranje in prevoz. Tester pravokotnosti steklenic pomaga ohranjati enakomernost in zmanj\u0161uje tveganje po\u0161kodb med rokovanjem in prevozom.<\/p>\n<h3>2. Industrija hrane in pija\u010d<\/h3>\n<p>V industriji hrane in pija\u010d je pravokotnost steklenic klju\u010dnega pomena za ohranjanje celovitosti in videza izdelka. Na\u0161 tester zagotavlja, da so steklenice pravilno poravnane, kar prepre\u010duje pu\u0161\u010danje in razlitje, ki bi lahko ogrozilo kakovost izdelka.<\/p>\n<h3>3. Farmacevtska industrija<\/h3>\n<p>V farmacevtski industriji je natan\u010dnost pravokotnosti steklenic bistvena za ohranjanje celovitosti zdravil. Na\u0161 preizku\u0161evalnik zagotavlja, da steklenice izpolnjujejo stroge standarde kakovosti, kar zagotavlja u\u010dinkovitost vsebine.<\/p>\n<h3>4. Agencije za nadzor kakovosti<\/h3>\n<p>Agencije za nadzor kakovosti se pri potrjevanju skladnosti izdelkov z industrijskimi standardi zana\u0161ajo na natan\u010dne meritve. Tester pravokotnosti steklenic zagotavlja natan\u010dnost in zanesljivost, ki sta potrebni za temeljito ocenjevanje kakovosti.<\/p>\n<h2>Prilagajanje<\/h2>\n<p>V podjetju Cell Instruments se zavedamo, da imajo razli\u010dne industrije edinstvene zahteve za testiranje. Na\u0161 tester za preverjanje pravokotnosti steklenic je mogo\u010de prilagoditi posebnim potrebam in s tem zagotoviti natan\u010dne meritve, ki so potrebne za va\u0161e izdelke.<\/p>\n<h2><strong>Prednosti<\/strong><\/h2>\n<h3>Zagotavljanje kakovosti<\/h3>\n<p>Z zagotavljanjem natan\u010dne pravokotnosti steklenic na\u0161 preizku\u0161evalnik izbolj\u0161uje kakovost izdelkov in varnost potro\u0161nikov. To je klju\u010dnega pomena za ohranjanje ugleda blagovne znamke in zadovoljstva strank.<\/p>\n<h3>Stro\u0161kovna u\u010dinkovitost<\/h3>\n<p>Natan\u010dne meritve pravokotnosti zmanj\u0161ajo koli\u010dino odpadkov in izbolj\u0161ajo u\u010dinkovitost proizvodnje. Z zgodnjim odkrivanjem in odpravljanjem odstopanj na\u0161 tester pomaga zmanj\u0161ati stro\u0161ke materiala in zastoje v proizvodnji.<\/p>\n<h3>Skladnost<\/h3>\n<p>Izpolnjevanje industrijskih standardov in predpisov je bistvenega pomena za poslovni uspeh. Na\u0161 tester pravokotnosti steklenic zagotavlja, da so va\u0161i izdelki skladni s standardom ISO 9008 in drugimi ustreznimi standardi, ter zmanj\u0161uje tveganje neskladnosti.<\/p>\n<p><em><span style=\"text-decoration: underline;\"><strong><a href=\"https:\/\/www.qualitester.com\/sl\/izdelek\/why-measuring-bottle-perpendicularity-is-important%ef%bc%9f\/\" target=\"_blank\" rel=\"noopener\">Zakaj je pomembna pravokotnost merilne steklenice?<\/a><\/strong><\/span><\/em><\/p>\n<h2>POGOSTA VPRA\u0160ANJA<\/h2>\n<ol>\n<li><strong>Kaj je pravokotnost steklenice?<\/strong>\n<ul>\n<li>Pravokotnost steklenice pomeni, da je navpi\u010dna os steklenice poravnana s pravim pravokotnim polo\u017eajem. Je bistvenega pomena za zagotavljanje stabilnosti in varnosti steklenic.<\/li>\n<\/ul>\n<\/li>\n<li><strong>Kako deluje tester pravokotnosti steklenic?<\/strong>\n<ul>\n<li>Tester z natan\u010dno sondo in vrtljivim mehanizmom meri odstopanje navpi\u010dne osi steklenice od njenega pravokotnega polo\u017eaja, kar omogo\u010da celovito oceno.<\/li>\n<\/ul>\n<\/li>\n<li><strong>Zakaj je pravokotnost steklenice pomembna?<\/strong>\n<ul>\n<li>Zagotavljanje pravokotnosti steklenic je klju\u010dnega pomena za ohranjanje kakovosti izdelka, prepre\u010devanje pu\u0161\u010danja in razlitja ter u\u010dinkovito pakiranje in prevoz.<\/li>\n<\/ul>\n<\/li>\n<li><strong>Ali je mogo\u010de tester prilagoditi posebnim potrebam?<\/strong>\n<ul>\n<li>Da, preizku\u0161evalnik pravokotnosti steklenic je mogo\u010de prilagoditi posebnim zahtevam za presku\u0161anje, kar zagotavlja natan\u010dne meritve, potrebne za va\u0161e izdelke.<\/li>\n<\/ul>\n<\/li>\n<li><strong>Katerim panogam koristi uporaba merilnika pravokotnosti steklenic?<\/strong>\n<ul>\n<li>Industrije, kot so embala\u017ea, hrana in pija\u010da, farmacevtska industrija ter agencije za nadzor kakovosti, imajo koristi od uporabe testerja za zagotavljanje kakovosti izdelkov in skladnosti z industrijskimi standardi.<\/li>\n<\/ul>\n<\/li>\n<\/ol>\n<h2>Sorodni \u010dlanki<\/h2>\n<p><a href=\"https:\/\/www.qualitester.com\/sl\/izdelek\/why-measuring-bottle-perpendicularity-is-important%ef%bc%9f\/\" target=\"_blank\" rel=\"noopener\">Pravokotnost steklenice<\/a><\/p>\n<p><a href=\"https:\/\/www.qualitester.com\/sl\/beverage-bottle-perpendicularity-tester\/\" target=\"_blank\" rel=\"noopener\">Tester pravokotnosti steklenice<\/a><\/p>\n<p><a href=\"https:\/\/www.qualitester.com\/sl\/plastic-bottle-perpendicularity-test-iso-9008\/\" target=\"_blank\" rel=\"noopener\">Test pravokotnosti steklenice<\/a><\/p>\n<p><a href=\"https:\/\/www.qualitester.com\/sl\/important-glass-bottle-perpendicularity-test\/\" target=\"_blank\" rel=\"noopener\">Test pravokotnosti steklene steklenice<\/a><\/p>","protected":false},"excerpt":{"rendered":"<p><strong><em><span style=\"text-decoration: underline;\">Tester pravokotnosti steklenice<\/span><\/em><\/strong> je najsodobnej\u0161a naprava, zasnovana za zagotavljanje natan\u010dne pravokotnosti steklenic, ki je klju\u010dna za ohranjanje celovitosti in kakovosti ustekleni\u010denih izdelkov. Zaradi naprednih funkcij in skladnosti s standardi ISO 9008 je preizku\u0161evalnik pravokotnosti steklenic dragoceno orodje za vsak postopek nadzora kakovosti.<\/p>","protected":false},"featured_media":6233,"comment_status":"closed","ping_status":"closed","template":"","meta":{"site-sidebar-layout":"default","site-content-layout":"default","ast-global-header-display":"","ast-main-header-display":"","ast-hfb-above-header-display":"","ast-hfb-below-header-display":"","ast-hfb-mobile-header-display":"","site-post-title":"disabled","ast-breadcrumbs-content":"","ast-featured-img":"disabled","footer-sml-layout":"","theme-transparent-header-meta":"default","adv-header-id-meta":"","stick-header-meta":"","header-above-stick-meta":"","header-main-stick-meta":"","header-below-stick-meta":""},"product_cat":[845,1136,17,149,16,95],"product_tag":[],"class_list":{"0":"post-2525","1":"product","2":"type-product","3":"status-publish","4":"has-post-thumbnail","6":"product_cat-customization","7":"product_cat-iso-9008","8":"product_cat-package-container-testers","9":"product_cat-pharma-and-medical-testers","10":"product_cat-plastic-packaging-testers","11":"product_cat-products","12":"desktop-align-left","13":"tablet-align-left","14":"mobile-align-left","16":"first","17":"instock","18":"shipping-taxable","19":"product-type-simple"},"_links":{"self":[{"href":"https:\/\/www.qualitester.com\/sl\/wp-json\/wp\/v2\/product\/2525","targetHints":{"allow":["GET"]}}],"collection":[{"href":"https:\/\/www.qualitester.com\/sl\/wp-json\/wp\/v2\/product"}],"about":[{"href":"https:\/\/www.qualitester.com\/sl\/wp-json\/wp\/v2\/types\/product"}],"replies":[{"embeddable":true,"href":"https:\/\/www.qualitester.com\/sl\/wp-json\/wp\/v2\/comments?post=2525"}],"version-history":[{"count":0,"href":"https:\/\/www.qualitester.com\/sl\/wp-json\/wp\/v2\/product\/2525\/revisions"}],"wp:featuredmedia":[{"embeddable":true,"href":"https:\/\/www.qualitester.com\/sl\/wp-json\/wp\/v2\/media\/6233"}],"wp:attachment":[{"href":"https:\/\/www.qualitester.com\/sl\/wp-json\/wp\/v2\/media?parent=2525"}],"wp:term":[{"taxonomy":"product_cat","embeddable":true,"href":"https:\/\/www.qualitester.com\/sl\/wp-json\/wp\/v2\/product_cat?post=2525"},{"taxonomy":"product_tag","embeddable":true,"href":"https:\/\/www.qualitester.com\/sl\/wp-json\/wp\/v2\/product_tag?post=2525"}],"curies":[{"name":"wp","href":"https:\/\/api.w.org\/{rel}","templated":true}]}}