{"id":2427,"date":"2023-06-13T08:34:04","date_gmt":"2023-06-13T00:34:04","guid":{"rendered":"https:\/\/www.qualitester.com\/?post_type=product&#038;p=2427"},"modified":"2024-12-04T14:24:46","modified_gmt":"2024-12-04T06:24:46","slug":"rdvt-01-vacuum-suction-blood-vessel-suction-volume-detection-machine","status":"publish","type":"product","link":"https:\/\/www.qualitester.com\/sl\/izdelek\/rdvt-01-vacuum-suction-blood-vessel-suction-volume-detection-machine\/","title":{"rendered":"RDVT-01 Vakuumsko sesanje krvnega plovila Stroj za odkrivanje prostornine sesanja"},"content":{"rendered":"<div data-elementor-type=\"wp-post\" data-elementor-id=\"2427\" class=\"elementor elementor-2427\" data-elementor-post-type=\"product\">\n\t\t\t\t<div class=\"elementor-element elementor-element-e8546d3 e-flex e-con-boxed e-con e-parent\" data-id=\"e8546d3\" data-element_type=\"container\">\n\t\t\t\t\t<div class=\"e-con-inner\">\n\t\t<div class=\"elementor-element elementor-element-d2e896b e-con-full e-flex e-con e-parent\" data-id=\"d2e896b\" data-element_type=\"container\">\n\t\t\t\t<div class=\"elementor-element elementor-element-9bf01e5 elementor-widget elementor-widget-image\" data-id=\"9bf01e5\" data-element_type=\"widget\" data-widget_type=\"image.default\">\n\t\t\t\t<div class=\"elementor-widget-container\">\n\t\t\t\t\t\t\t\t\t\t\t\t\t<img fetchpriority=\"high\" decoding=\"async\" width=\"750\" height=\"750\" src=\"https:\/\/www.qualitester.com\/wp-content\/uploads\/2023\/04\/Drawing-Volume-Tester-RDVT-01-1.jpg\" class=\"attachment-large size-large wp-image-1800\" alt=\"\" srcset=\"https:\/\/www.qualitester.com\/wp-content\/uploads\/2023\/04\/Drawing-Volume-Tester-RDVT-01-1.jpg 750w, https:\/\/www.qualitester.com\/wp-content\/uploads\/2023\/04\/Drawing-Volume-Tester-RDVT-01-1-300x300.jpg 300w, https:\/\/www.qualitester.com\/wp-content\/uploads\/2023\/04\/Drawing-Volume-Tester-RDVT-01-1-150x150.jpg 150w, https:\/\/www.qualitester.com\/wp-content\/uploads\/2023\/04\/Drawing-Volume-Tester-RDVT-01-1-600x600.jpg 600w, https:\/\/www.qualitester.com\/wp-content\/uploads\/2023\/04\/Drawing-Volume-Tester-RDVT-01-1-100x100.jpg 100w\" sizes=\"(max-width: 750px) 100vw, 750px\" \/>\t\t\t\t\t\t\t\t\t\t\t\t\t<\/div>\n\t\t\t\t<\/div>\n\t\t\t\t<\/div>\n\t\t<div class=\"elementor-element elementor-element-9d890d4 e-con-full e-flex e-con e-parent\" data-id=\"9d890d4\" data-element_type=\"container\">\n\t\t\t\t<div class=\"elementor-element elementor-element-bd00a62 elementor-widget elementor-widget-text-editor\" data-id=\"bd00a62\" data-element_type=\"widget\" data-widget_type=\"text-editor.default\">\n\t\t\t\t<div class=\"elementor-widget-container\">\n\t\t\t\t\t\t\t<h6><strong>Ozadje<\/strong><\/h6><p><em>Epruveta za odvzem krvi vacutainer je sterilna steklena ali plasti\u010dna epruveta z barvnim gumijastim zama\u0161kom, ki v epruveti ustvari vakuumsko zaporo in olaj\u0161a odvzem vnaprej dolo\u010dene koli\u010dine teko\u010dine. Vacutainerjeve epruvete lahko vsebujejo dodatke, namenjene stabilizaciji in ohranjanju vzorca pred analiti\u010dnim testiranjem.<\/em><\/p><p><em>Epruvete so na voljo z varnostnim zama\u0161kom, razli\u010dnimi mo\u017enostmi ozna\u010devanja in prostorninami odvzema. Barva vrha ozna\u010duje dodatke v viali.<\/em><\/p><p>\u00a0<\/p>\t\t\t\t\t\t<\/div>\n\t\t\t\t<\/div>\n\t\t\t\t<\/div>\n\t\t\t\t\t<\/div>\n\t\t\t\t<\/div>\n\t\t<div class=\"elementor-element elementor-element-6fbbd3c e-flex e-con-boxed e-con e-parent\" data-id=\"6fbbd3c\" data-element_type=\"container\">\n\t\t\t\t\t<div class=\"e-con-inner\">\n\t\t<div class=\"elementor-element elementor-element-35ac726 e-con-full e-flex e-con e-parent\" data-id=\"35ac726\" data-element_type=\"container\">\n\t\t\t\t<div class=\"elementor-element elementor-element-86c1ab3 elementor-widget elementor-widget-image\" data-id=\"86c1ab3\" data-element_type=\"widget\" data-widget_type=\"image.default\">\n\t\t\t\t<div class=\"elementor-widget-container\">\n\t\t\t\t\t\t\t\t\t\t\t\t\t<img decoding=\"async\" width=\"750\" height=\"750\" src=\"https:\/\/www.qualitester.com\/wp-content\/uploads\/2023\/04\/RDVT-01-Drawing-Volume-Tester-1.jpg\" class=\"attachment-large size-large wp-image-1801\" alt=\"\" srcset=\"https:\/\/www.qualitester.com\/wp-content\/uploads\/2023\/04\/RDVT-01-Drawing-Volume-Tester-1.jpg 750w, https:\/\/www.qualitester.com\/wp-content\/uploads\/2023\/04\/RDVT-01-Drawing-Volume-Tester-1-300x300.jpg 300w, https:\/\/www.qualitester.com\/wp-content\/uploads\/2023\/04\/RDVT-01-Drawing-Volume-Tester-1-150x150.jpg 150w, https:\/\/www.qualitester.com\/wp-content\/uploads\/2023\/04\/RDVT-01-Drawing-Volume-Tester-1-600x600.jpg 600w, https:\/\/www.qualitester.com\/wp-content\/uploads\/2023\/04\/RDVT-01-Drawing-Volume-Tester-1-100x100.jpg 100w\" sizes=\"(max-width: 750px) 100vw, 750px\" \/>\t\t\t\t\t\t\t\t\t\t\t\t\t<\/div>\n\t\t\t\t<\/div>\n\t\t\t\t<\/div>\n\t\t<div class=\"elementor-element elementor-element-3b27eec e-con-full e-flex e-con e-parent\" data-id=\"3b27eec\" data-element_type=\"container\">\n\t\t\t\t<div class=\"elementor-element elementor-element-9167e29 elementor-widget elementor-widget-text-editor\" data-id=\"9167e29\" data-element_type=\"widget\" data-widget_type=\"text-editor.default\">\n\t\t\t\t<div class=\"elementor-widget-container\">\n\t\t\t\t\t\t\t<h6><strong>Opis<\/strong><\/h6><p><em>Igle Vacutainer so dvostranske, pri \u010demer je ena stran zaradi varnosti obdana s tanko gumijasto prevleko. Ko iglo privijete v prosojno plasti\u010dno dr\u017ealo za igle, je gumijasta igla znotraj dr\u017eala, izpostavljena igla pa se vstavi v veno.<\/em><\/p><p><em>Ko je epruveta vacutainer vstavljena v dr\u017ealo, notranja igla prebode gumijasti pokrov\u010dek in vakuum v epruveti potegne kri skozi iglo v epruveto. Napolnjeno epruveto nato odstranimo in na enak na\u010din vstavimo in napolnimo drugo.<\/em><\/p><p><em>Koli\u010dina zraka, izpu\u0161\u010denega iz epruvete, dolo\u010da, koliko krvi bo napolnilo epruveto, preden bo kri prenehala te\u010di.<\/em><\/p>\t\t\t\t\t\t<\/div>\n\t\t\t\t<\/div>\n\t\t\t\t<\/div>\n\t\t\t\t\t<\/div>\n\t\t\t\t<\/div>\n\t\t<div class=\"elementor-element elementor-element-079d546 e-flex e-con-boxed e-con e-parent\" data-id=\"079d546\" data-element_type=\"container\">\n\t\t\t\t\t<div class=\"e-con-inner\">\n\t\t<div class=\"elementor-element elementor-element-96d5674 e-con-full e-flex e-con e-parent\" data-id=\"96d5674\" data-element_type=\"container\">\n\t\t\t\t<div class=\"elementor-element elementor-element-0723ea6 elementor-widget elementor-widget-image\" data-id=\"0723ea6\" data-element_type=\"widget\" data-widget_type=\"image.default\">\n\t\t\t\t<div class=\"elementor-widget-container\">\n\t\t\t\t\t\t\t\t\t\t\t\t\t<img decoding=\"async\" width=\"750\" height=\"750\" src=\"https:\/\/www.qualitester.com\/wp-content\/uploads\/2023\/04\/RDVT-01-Drawing-Volume-Tester-1.jpg\" class=\"attachment-large size-large wp-image-1801\" alt=\"\" srcset=\"https:\/\/www.qualitester.com\/wp-content\/uploads\/2023\/04\/RDVT-01-Drawing-Volume-Tester-1.jpg 750w, https:\/\/www.qualitester.com\/wp-content\/uploads\/2023\/04\/RDVT-01-Drawing-Volume-Tester-1-300x300.jpg 300w, https:\/\/www.qualitester.com\/wp-content\/uploads\/2023\/04\/RDVT-01-Drawing-Volume-Tester-1-150x150.jpg 150w, https:\/\/www.qualitester.com\/wp-content\/uploads\/2023\/04\/RDVT-01-Drawing-Volume-Tester-1-600x600.jpg 600w, https:\/\/www.qualitester.com\/wp-content\/uploads\/2023\/04\/RDVT-01-Drawing-Volume-Tester-1-100x100.jpg 100w\" sizes=\"(max-width: 750px) 100vw, 750px\" \/>\t\t\t\t\t\t\t\t\t\t\t\t\t<\/div>\n\t\t\t\t<\/div>\n\t\t\t\t<\/div>\n\t\t<div class=\"elementor-element elementor-element-61dd7de e-con-full e-flex e-con e-parent\" data-id=\"61dd7de\" data-element_type=\"container\">\n\t\t\t\t<div class=\"elementor-element elementor-element-3dda4cd elementor-widget elementor-widget-text-editor\" data-id=\"3dda4cd\" data-element_type=\"widget\" data-widget_type=\"text-editor.default\">\n\t\t\t\t<div class=\"elementor-widget-container\">\n\t\t\t\t\t\t\t<p><strong>Tehni\u010dne lastnosti<\/strong><\/p><ul><li><em>To je enota, ki jo upravlja PLC (stabilna na industrijski ravni), in HMI z zaslonom na dotik.<\/em><\/li><li><em>Je priro\u010den za uporabo, digitalni vhod, sistem pa samodejno vzdr\u017euje konstanten tlak v skladu s spremembo nivoja teko\u010dine v rezervoarju, kar zagotavlja natan\u010dnost preskusa.<\/em><\/li><li><em>Vgrajena vakuumska \u010drpalka prihrani prostor in dodatne stro\u0161ke za uporabnika.<\/em><\/li><\/ul><h6><strong>Podatki<\/strong><\/h6><p><em>Stopnja vakuuma 0 ~ 40 KPa <\/em><br \/><em>\u00a0 \u00a0 \u00a0 \u00a0 \u00a0 \u00a0 \u00a0 \u00a0 \u00a0 \u00a0 \u00a0 \u00a0 \u00a0 \u00a0 \u00a0 \u00a0 \u00a0 \u00a0 \u00a0 \u00a0 \u00a0 \u00a0 \u00a0 \u00a0 \u00a0 (podobno kot na nadmorski vi\u0161ini 3600 m)<\/em><\/p><p><em>Nadzor PLC in vmesnik \u010dlovek-stroj<\/em><\/p><p><em>Napajanje 220 V, 50\/60 Hz<\/em><\/p>\t\t\t\t\t\t<\/div>\n\t\t\t\t<\/div>\n\t\t\t\t<\/div>\n\t\t\t\t\t<\/div>\n\t\t\t\t<\/div>\n\t\t<div class=\"elementor-element elementor-element-50ec8cb e-flex e-con-boxed e-con e-parent\" data-id=\"50ec8cb\" data-element_type=\"container\">\n\t\t\t\t\t<div class=\"e-con-inner\">\n\t\t\t\t<div class=\"elementor-element elementor-element-d7531f7 elementor-widget elementor-widget-wpforms\" data-id=\"d7531f7\" data-element_type=\"widget\" data-widget_type=\"wpforms.default\">\n\t\t\t\t<div class=\"elementor-widget-container\">\n\t\t\t<div class=\"wpforms-container\" id=\"wpforms-11\"><form id=\"wpforms-form-11\" class=\"wpforms-validate wpforms-form wpforms-ajax-form\" data-formid=\"11\" method=\"post\" enctype=\"multipart\/form-data\" action=\"\/sl\/wp-json\/wp\/v2\/product\/2427\" data-token=\"7c26fc00fd485ee9e5a7c61a93b70491\" data-trp-original-action=\"\/sl\/wp-json\/wp\/v2\/product\/2427\"><noscript class=\"wpforms-error-noscript\">\u010ce \u017eelite izpolniti ta obrazec, v brskalniku omogo\u010dite JavaScript.<\/noscript><div class=\"wpforms-field-container\"><div id=\"wpforms-11-field_1-container\" class=\"wpforms-field wpforms-field-text\" data-field-id=\"1\"><label class=\"wpforms-field-label\" for=\"wpforms-11-field_1\">Ime <span class=\"wpforms-required-label\">*<\/span><\/label><input type=\"text\" id=\"wpforms-11-field_1\" class=\"wpforms-field-medium wpforms-field-required\" name=\"wpforms[fields][1]\" placeholder=\"Ime\" required><\/div><div id=\"wpforms-11-field_5-container\" class=\"wpforms-field wpforms-field-text\" data-field-id=\"5\"><label class=\"wpforms-field-label\" for=\"wpforms-11-field_5\">Podjetje<\/label><input type=\"text\" id=\"wpforms-11-field_5\" class=\"wpforms-field-medium\" name=\"wpforms[fields][5]\" ><\/div><div id=\"wpforms-11-field_4-container\" class=\"wpforms-field wpforms-field-number\" data-field-id=\"4\"><label class=\"wpforms-field-label\" for=\"wpforms-11-field_4\">Telefon<\/label><input type=\"number\" pattern=\"\\d*\" id=\"wpforms-11-field_4\" class=\"wpforms-field-medium\" name=\"wpforms[fields][4]\" placeholder=\"Telefon\" ><\/div><div id=\"wpforms-11-field_3-container\" class=\"wpforms-field wpforms-field-email\" data-field-id=\"3\"><label class=\"wpforms-field-label\" for=\"wpforms-11-field_3\">E-po\u0161ta <span class=\"wpforms-required-label\">*<\/span><\/label><input type=\"email\" id=\"wpforms-11-field_3\" class=\"wpforms-field-medium wpforms-field-required\" name=\"wpforms[fields][3]\" placeholder=\"E-po\u0161ta\" spellcheck=\"false\" required><\/div><div id=\"wpforms-11-field_2-container\" class=\"wpforms-field wpforms-field-textarea\" data-field-id=\"2\"><label class=\"wpforms-field-label\" for=\"wpforms-11-field_2\">Sporo\u010dilo<\/label><textarea id=\"wpforms-11-field_2\" class=\"wpforms-field-large\" name=\"wpforms[fields][2]\" ><\/textarea><\/div><\/div><!-- .wpforms-field-container --><input type=\"hidden\" name=\"wpforms[recaptcha]\" value=\"\"><div class=\"wpforms-submit-container\" ><input type=\"hidden\" name=\"wpforms[id]\" value=\"11\"><input type=\"hidden\" name=\"wpforms[author]\" value=\"3\"><button type=\"submit\" name=\"wpforms[submit]\" id=\"wpforms-submit-11\" class=\"wpforms-submit\" data-alt-text=\"Submitting\" data-submit-text=\"Submit\" aria-live=\"assertive\" value=\"wpforms-submit\">Po\u0161lji<\/button><img decoding=\"async\" src=\"https:\/\/www.qualitester.com\/wp-content\/plugins\/wpforms-lite\/assets\/images\/submit-spin.svg\" class=\"wpforms-submit-spinner\" style=\"display: none;\" width=\"26\" height=\"26\" alt=\"Nalaganje\"><\/div><input type=\"hidden\" name=\"trp-form-language\" value=\"sl\"\/><\/form><\/div>  <!-- .wpforms-container -->\t\t<\/div>\n\t\t\t\t<\/div>\n\t\t\t\t\t<\/div>\n\t\t\t\t<\/div>\n\t\t\t\t<\/div>","protected":false},"excerpt":{"rendered":"<p>RDVT-01 lahko testira prostornino krvi, ki jo lahko samodejno posrkajo vakuumske krvne \u017eile.<\/p>","protected":false},"featured_media":1801,"comment_status":"closed","ping_status":"closed","template":"","meta":{"site-sidebar-layout":"default","site-content-layout":"default","ast-global-header-display":"","ast-main-header-display":"","ast-hfb-above-header-display":"","ast-hfb-below-header-display":"","ast-hfb-mobile-header-display":"","site-post-title":"disabled","ast-breadcrumbs-content":"","ast-featured-img":"disabled","footer-sml-layout":"","theme-transparent-header-meta":"default","adv-header-id-meta":"","stick-header-meta":"","header-above-stick-meta":"","header-main-stick-meta":"","header-below-stick-meta":""},"product_cat":[17,149,95],"product_tag":[184,178,435,384],"class_list":{"0":"post-2427","1":"product","2":"type-product","3":"status-publish","4":"has-post-thumbnail","6":"product_cat-package-container-testers","7":"product_cat-pharma-and-medical-testers","8":"product_cat-products","9":"product_tag-vacutainer-blood-collection-tube","10":"product_tag-vacuum","11":"product_tag-vacuum-aspiration","12":"product_tag-vacuum-tube-suction-volume","13":"desktop-align-left","14":"tablet-align-left","15":"mobile-align-left","17":"first","18":"instock","19":"shipping-taxable","20":"product-type-simple"},"_links":{"self":[{"href":"https:\/\/www.qualitester.com\/sl\/wp-json\/wp\/v2\/product\/2427","targetHints":{"allow":["GET"]}}],"collection":[{"href":"https:\/\/www.qualitester.com\/sl\/wp-json\/wp\/v2\/product"}],"about":[{"href":"https:\/\/www.qualitester.com\/sl\/wp-json\/wp\/v2\/types\/product"}],"replies":[{"embeddable":true,"href":"https:\/\/www.qualitester.com\/sl\/wp-json\/wp\/v2\/comments?post=2427"}],"version-history":[{"count":0,"href":"https:\/\/www.qualitester.com\/sl\/wp-json\/wp\/v2\/product\/2427\/revisions"}],"wp:featuredmedia":[{"embeddable":true,"href":"https:\/\/www.qualitester.com\/sl\/wp-json\/wp\/v2\/media\/1801"}],"wp:attachment":[{"href":"https:\/\/www.qualitester.com\/sl\/wp-json\/wp\/v2\/media?parent=2427"}],"wp:term":[{"taxonomy":"product_cat","embeddable":true,"href":"https:\/\/www.qualitester.com\/sl\/wp-json\/wp\/v2\/product_cat?post=2427"},{"taxonomy":"product_tag","embeddable":true,"href":"https:\/\/www.qualitester.com\/sl\/wp-json\/wp\/v2\/product_tag?post=2427"}],"curies":[{"name":"wp","href":"https:\/\/api.w.org\/{rel}","templated":true}]}}