{"id":1827,"date":"2023-04-27T09:11:59","date_gmt":"2023-04-27T01:11:59","guid":{"rendered":"https:\/\/www.qualitester.com\/?post_type=product&#038;p=1827"},"modified":"2024-12-04T11:43:39","modified_gmt":"2024-12-04T03:43:39","slug":"torque-tester-tt-01","status":"publish","type":"product","link":"https:\/\/www.qualitester.com\/sl\/izdelek\/torque-tester-tt-01\/","title":{"rendered":"TT-01 Tester navora"},"content":{"rendered":"<h2>Uvod v testiranje navora pokrov\u010dka<\/h2>\n<p>Preizku\u0161anje navora pokrov\u010dka je bistvenega pomena pri zagotavljanju, da so pokrov\u010dki na steklenicah, posodah in drugi embala\u017ei pravilno oblikovani za varno in u\u010dinkovito uporabo. Ne glede na to, ali gre za embala\u017eo za farmacevtske izdelke, \u017eivila, pija\u010de ali potro\u0161ni\u0161ko blago, navor, potreben za odpiranje in zapiranje pokrov\u010dkov, neposredno vpliva na udobje potro\u0161nikov in varnost izdelkov. Spletna stran <strong>Tester navora pokrov\u010dka<\/strong> zagotavlja proizvajalcem natan\u010dne meritve, potrebne za izpolnjevanje predpisanih standardov in izbolj\u0161anje funkcionalnosti njihove embala\u017ee.<\/p>\n<h2>Glavni standardi: ASTM D2063, ASTM D3198, ASTM D3474<\/h2>\n<h3><a href=\"https:\/\/www.astm.org\/d2063_d2063m-10r18.html\" target=\"_blank\" rel=\"noopener nofollow\">ASTM D2063<\/a>: Standardna preskusna metoda za navor, potreben za odpiranje in zapiranje embala\u017ee, odporne proti otrokom<\/h3>\n<p><a href=\"https:\/\/www.qualitester.com\/sl\/kategorija-izdelka\/astm\/astm-d2063\/\" target=\"_blank\" rel=\"noopener\"><strong>ASTM D2063<\/strong><\/a> opisuje preskusno metodo za dolo\u010danje navora, potrebnega za odpiranje in zapiranje embala\u017ee, odporne proti otrokom, ki zagotavlja varnost pri pakiranju farmacevtskih izdelkov in kemikalij. Ta standard je \u0161e posebej pomemben za embala\u017eo, ki mora prepre\u010diti nenameren dostop otrok. Na spletni strani <strong>Tester navora pokrov\u010dka<\/strong> meri potrebne momente odpiranja in zapiranja, kar je za proizvajalce bistvenega pomena pri izpolnjevanju predpisov o embala\u017ei, varni za otroke.<\/p>\n<h3><a href=\"https:\/\/www.astm.org\/d3198-97r02.html\" target=\"_blank\" rel=\"noopener nofollow\">ASTM D3198<\/a>: Standardna preskusna metoda za navor, ki je potreben za odpiranje in zapiranje zapor na steklenih posodah<\/h3>\n<p><a href=\"https:\/\/www.qualitester.com\/sl\/kategorija-izdelka\/astm\/astm-d3198\/\" target=\"_blank\" rel=\"noopener\"><strong>ASTM D3198<\/strong><\/a> opredeljuje merjenje navora, ki je potreben za odpiranje in zapiranje pokrovov na steklenih posodah. Ker je steklo \u0161e vedno pogost embala\u017eni material, zlasti v sektorjih hrane in pija\u010d, je zagotavljanje pravilnega navora zapiranja klju\u010dnega pomena za celovitost izdelka med rokovanjem, prevozom in u\u017eivanjem. Spletna stran <strong>Tester navora pokrov\u010dka<\/strong> zagotavlja natan\u010dne meritve navora v skladu s standardom ASTM D3198, kar zagotavlja, da steklene posode izpolnjujejo zahtevane standarde u\u010dinkovitosti.<\/p>\n<h3><a href=\"https:\/\/www.astm.org\/d3474-90r18.html\" target=\"_blank\" rel=\"noopener nofollow\">ASTM D3474<\/a>: Standardna preskusna metoda za navor in silo za odpiranje zapiral<\/h3>\n<p><a href=\"https:\/\/www.qualitester.com\/sl\/kategorija-izdelka\/astm\/astm-d3474\/\" target=\"_blank\" rel=\"noopener\"><strong>ASTM D3474<\/strong><\/a> dolo\u010da postopek za merjenje navora in sile, potrebne za odpiranje zapiral, zlasti za posode s teko\u010dino. Ta standard je pomemben za zagotavljanje, da embala\u017ee ni mogo\u010de le enostavno odpreti, temve\u010d je tudi dovolj varna, da za\u0161\u010diti izdelek v njej. Na spletni strani . <strong>Tester navora pokrov\u010dka<\/strong> je opremljen za izvajanje meritev navora in sile v skladu s standardom ASTM D3474, kar zagotavlja klju\u010dne podatke za nadzor kakovosti pri pakiranju.<\/p>\n<h2>Klju\u010dne lastnosti merilnika navora pokrov\u010dka<\/h2>\n<ul>\n<li><strong>Natan\u010dno merjenje<\/strong>: Tester zagotavlja natan\u010dno merjenje sil odpiranja in zapiranja, kar je bistveno za ugotavljanje u\u010dinkovitosti pokrov\u010dkov in zapork za steklenice.<\/li>\n<li><strong>Stabilen in zanesljiv<\/strong>: Tester navora pokrov\u010dkov, znan po svoji stabilnosti na industrijski ravni, zagotavlja ponovljive in zanesljive rezultate preskusov, tudi pri razli\u010dnih velikostih pokrov\u010dkov.<\/li>\n<li><strong>Ve\u010d merskih enot<\/strong>: Rezultate navora prika\u017eite v razli\u010dnih enotah, vklju\u010dno s Kgf.cm, N.cm, daN.cm, Inch.lbs in N.m, kar ustreza mednarodnim standardom presku\u0161anja in \u017eeljam.<\/li>\n<li><strong>Uporabniku prijazen vmesnik<\/strong>: Intuitivni vmesnik HMI z zaslonom na dotik omogo\u010da preprosto in u\u010dinkovito upravljanje, opcijski mikrotiskalnik pa omogo\u010da enostavno bele\u017eenje podatkov in dokumentiranje.<\/li>\n<li><strong>Za\u0161\u010dita pred preobremenitvijo<\/strong>: Tester je opremljen z za\u0161\u010dito pred preobremenitvijo, ki varuje opremo in upravljavca pred preveliko silo med presku\u0161anjem.<\/li>\n<li><strong>Raz\u0161irjeno obmo\u010dje vpenjanja<\/strong>: Prilagodi se \u0161irokemu razponu velikosti embala\u017ee z obsegom vpenjanja od \u03a65 mm do \u03a6170 mm, zato je vsestransko uporaben za razli\u010dne vrste steklenic.<\/li>\n<li><strong>RS232 in integracija programske opreme<\/strong>: Opremljen je s priklju\u010dkom RS232 za prenos podatkov in dodatno profesionalno programsko opremo za napredno analizo in poro\u010danje.<\/li>\n<\/ul>\n<h2>Postopek testiranja: Kako deluje preizku\u0161evalnik navora pokrov\u010dka<\/h2>\n<ol>\n<li><strong>Nastavitev vzorca<\/strong>: Pokrov\u010dek steklenice vstavite v fiksno objemko preizku\u0161evalnika.<\/li>\n<li><strong>Ro\u010dno upravljanje<\/strong>: Uporabnik ro\u010dno odpre ali zaklene pokrov\u010dek in z uporabo sile izmeri vrednosti navora.<\/li>\n<li><strong>Merjenje navora<\/strong>: Senzor, ki je priklju\u010den na objemko, zajame uporabljeni navor in meri silo, potrebno za odpiranje in zapiranje pokrov\u010dka.<\/li>\n<li><strong>Zapisovanje podatkov<\/strong>: Tester samodejno shrani najvi\u0161je vrednosti in jih prika\u017ee na zaslonu na dotik za enostavno interpretacijo in analizo.<\/li>\n<\/ol>\n<h2>Zakaj izbrati tester navora kapice?<\/h2>\n<ol>\n<li><strong>Natan\u010dnost in natan\u010dnost<\/strong>: Zagotavlja zelo natan\u010dne od\u010ditke, ki so bistvenega pomena za nadzor kakovosti in potrjevanje u\u010dinkovitosti modelov pokrov\u010dkov.<\/li>\n<li><strong>Skladnost s klju\u010dnimi industrijskimi standardi<\/strong>: Izpolnjuje bistvene standarde presku\u0161anja, kot so ASTM D2063, ASTM D3198 in ASTM D3474, kar zagotavlja skladnost s predpisi v panogah, kot sta farmacevtska in \u017eivilska embala\u017ea.<\/li>\n<li><strong>Vsestransko uporaben za ve\u010d vrst embala\u017ee<\/strong>: Idealen za presku\u0161anje razli\u010dnih zapiral, vklju\u010dno s steklenicami iz PET, steklenicami za zdravila, vre\u010dkami z izlivom in paketi z gibkimi cevmi.<\/li>\n<li><strong>U\u010dinkovito in vzdr\u017eljivo<\/strong>: Zasnovan je za visoko zmogljivo testiranje z vgrajeno za\u0161\u010dito pred preobremenitvijo, shranjevanjem podatkov in intuitivnim uporabni\u0161kim vmesnikom za izbolj\u0161anje u\u010dinkovitosti testiranja.<\/li>\n<\/ol>\n<p>Spletna stran <strong>Tester navora pokrov\u010dka<\/strong> je klju\u010dno orodje za proizvajalce v razli\u010dnih panogah, vklju\u010dno s farmacevtsko industrijo, proizvodnjo hrane in pija\u010de ter potro\u0161ni\u0161kega blaga. Z natan\u010dnimi meritvami navora in zagotavljanjem skladnosti s klju\u010dnimi standardi, kot so <strong>ASTM D2063<\/strong>, <strong>ASTM D3198<\/strong>, in <strong>ASTM D3474<\/strong>, ta tester zagotavlja varnost, funkcionalnost in enostavnost uporabe embala\u017ee. S svojo vsestransko zasnovo, zanesljivostjo in visoko stopnjo natan\u010dnosti tester navora pokrov\u010dkov pomaga proizvajalcem optimizirati proizvodne procese, izbolj\u0161ati nadzor kakovosti in izpolnjevati najvi\u0161je industrijske standarde.<\/p>","protected":false},"excerpt":{"rendered":"<p>Preizku\u0161anje navora pokrov\u010dka je bistvenega pomena pri zagotavljanju, da so pokrov\u010dki na steklenicah, posodah in drugi embala\u017ei pravilno oblikovani za varno in u\u010dinkovito uporabo. Ne glede na to, ali gre za embala\u017eo za farmacevtske izdelke, \u017eivila, pija\u010de ali potro\u0161ni\u0161ko blago, navor, potreben za odpiranje in zapiranje pokrov\u010dkov, neposredno vpliva na udobje potro\u0161nikov in varnost izdelkov. Spletna stran <strong>Tester navora pokrov\u010dka<\/strong> zagotavlja proizvajalcem natan\u010dne meritve, potrebne za izpolnjevanje predpisanih standardov in izbolj\u0161anje funkcionalnosti njihove embala\u017ee.<\/p>","protected":false},"featured_media":6027,"comment_status":"closed","ping_status":"closed","template":"","meta":{"site-sidebar-layout":"default","site-content-layout":"default","ast-global-header-display":"","ast-main-header-display":"","ast-hfb-above-header-display":"","ast-hfb-below-header-display":"","ast-hfb-mobile-header-display":"","site-post-title":"disabled","ast-breadcrumbs-content":"","ast-featured-img":"disabled","footer-sml-layout":"","theme-transparent-header-meta":"default","adv-header-id-meta":"","stick-header-meta":"","header-above-stick-meta":"","header-main-stick-meta":"","header-below-stick-meta":""},"product_cat":[845,687,17,124,125,128,95],"product_tag":[],"class_list":{"0":"post-1827","1":"product","2":"type-product","3":"status-publish","4":"has-post-thumbnail","6":"product_cat-customization","7":"product_cat-torque-tester","8":"product_cat-package-container-testers","9":"product_cat-astm-d2063","10":"product_cat-astm-d3198","11":"product_cat-astm-d3474","12":"product_cat-products","13":"desktop-align-left","14":"tablet-align-left","15":"mobile-align-left","17":"first","18":"instock","19":"shipping-taxable","20":"product-type-simple"},"_links":{"self":[{"href":"https:\/\/www.qualitester.com\/sl\/wp-json\/wp\/v2\/product\/1827","targetHints":{"allow":["GET"]}}],"collection":[{"href":"https:\/\/www.qualitester.com\/sl\/wp-json\/wp\/v2\/product"}],"about":[{"href":"https:\/\/www.qualitester.com\/sl\/wp-json\/wp\/v2\/types\/product"}],"replies":[{"embeddable":true,"href":"https:\/\/www.qualitester.com\/sl\/wp-json\/wp\/v2\/comments?post=1827"}],"version-history":[{"count":0,"href":"https:\/\/www.qualitester.com\/sl\/wp-json\/wp\/v2\/product\/1827\/revisions"}],"wp:featuredmedia":[{"embeddable":true,"href":"https:\/\/www.qualitester.com\/sl\/wp-json\/wp\/v2\/media\/6027"}],"wp:attachment":[{"href":"https:\/\/www.qualitester.com\/sl\/wp-json\/wp\/v2\/media?parent=1827"}],"wp:term":[{"taxonomy":"product_cat","embeddable":true,"href":"https:\/\/www.qualitester.com\/sl\/wp-json\/wp\/v2\/product_cat?post=1827"},{"taxonomy":"product_tag","embeddable":true,"href":"https:\/\/www.qualitester.com\/sl\/wp-json\/wp\/v2\/product_tag?post=1827"}],"curies":[{"name":"wp","href":"https:\/\/api.w.org\/{rel}","templated":true}]}}