{"id":1668,"date":"2023-04-25T15:00:29","date_gmt":"2023-04-25T07:00:29","guid":{"rendered":"https:\/\/www.qualitester.com\/?post_type=product&#038;p=1668"},"modified":"2024-11-27T16:53:03","modified_gmt":"2024-11-27T08:53:03","slug":"gradient-heat-seal-tester-ghs-01","status":"publish","type":"product","link":"https:\/\/www.qualitester.com\/sl\/izdelek\/gradient-heat-seal-tester-ghs-01\/","title":{"rendered":"GHS-01 Gradientni toplotni tesnilni tester"},"content":{"rendered":"<h2>Uvod<\/h2>\n<p>V embala\u017eni industriji je zagotavljanje, da materiali, kot so folije, laminati in pro\u017ene pregrade, tvorijo mo\u010dne in trajne pe\u010date, klju\u010dnega pomena za ohranjanje celovitosti in varnosti zapakiranega izdelka. Ne glede na to, ali pakirate hrano, zdravila, medicinske pripomo\u010dke ali elektroniko, <strong>trdnost toplotnega tesnjenja<\/strong> ima klju\u010dno vlogo pri za\u0161\u010diti va\u0161ih izdelkov pred onesna\u017eenjem, uhajanjem in kvarjenjem.<\/p>\n<p>Spletna stran <strong>Tester trdnosti toplotnega pe\u010data<\/strong> je natan\u010den instrument, namenjen ocenjevanju lastnosti toplotnega tesnjenja embala\u017enih materialov, ki zagotavlja, da so pe\u010dati mo\u010dni, zanesljivi in dosledni. Ta tester simulira dejanski postopek toplotnega tesnjenja ter prilagaja temperaturo, tlak in \u010das tesnjenja, da dolo\u010di idealne pogoje za ustvarjanje popolnih pe\u010datov.<\/p>\n<p>Spletna stran <strong>Gradientni toplotni preskus tesnjenja<\/strong> je napredna metoda, ki pove\u010duje u\u010dinkovitost testiranja z nadzorovanim temperaturnim gradientom na obmo\u010dju tesnjenja, kar omogo\u010da hkratno izvedbo ve\u010d testov pri razli\u010dnih nastavitvah temperature.<\/p>\n<h2>Klju\u010dne lastnosti merilnika trdnosti toplotnega tesnjenja<\/h2>\n<h3>Nadzorovani pogoji presku\u0161anja za natan\u010dna tesnila<\/h3>\n<p>Spletna stran <strong>Tester trdnosti toplotnega pe\u010data<\/strong> je zasnovan z mislijo na prilagodljivost in natan\u010dnost. Njegove prilagodljive nastavitve za <strong>temperatura<\/strong>, <strong>tlak<\/strong>, in <strong>\u010das tesnjenja<\/strong> omogo\u010dajo simulacijo razli\u010dnih pogojev tesnjenja, ki se uporabljajo v postopku pakiranja. Te nastavitve omogo\u010dajo proizvajalcem, da preizku\u0161ajo in optimizirajo svoje materiale za doseganje najzanesljivej\u0161ih in najtrdnej\u0161ih pe\u010datov v realnih proizvodnih pogojih.<\/p>\n<h3>Temperaturni gradient za optimalno testiranje<\/h3>\n<p>Ena od izstopajo\u010dih funkcij tega testerja je <strong>Gradientni toplotni preskus tesnjenja<\/strong> funkcijo, ki uporablja nadzorovano <strong>temperaturni gradient<\/strong> na obmo\u010dju tesnjenja. Ta zmogljivost omogo\u010da hkratno presku\u0161anje ve\u010d pogojev tesnjenja, kar izbolj\u0161a u\u010dinkovitost presku\u0161anja in skraj\u0161a \u010das zastoja med preskusi. S hkratnim presku\u0161anjem pri razli\u010dnih temperaturah lahko proizvajalci u\u010dinkoviteje dolo\u010dijo najbolj\u0161e pogoje za tesnjenje razli\u010dnih materialov in izbolj\u0161ajo splo\u0161no kakovost embala\u017ee.<\/p>\n<p>V bistvu je <strong>Gradientni toplotni preskus tesnjenja<\/strong> omogo\u010da, da <strong>Tester trdnosti toplotnega pe\u010data<\/strong> a <strong>Ve\u010d postaj<\/strong> naprava za testiranje, ki lahko isto\u010dasno izvaja ve\u010d testov pri razli\u010dnih temperaturah, kar prihrani \u010das in pove\u010da u\u010dinkovitost postopka testiranja.<\/p>\n<h2>ASTM F2029: Standard za testiranje trdnosti toplotnega pe\u010data<\/h2>\n<h3>Pregled standarda ASTM F2029-16(2021)<\/h3>\n<p><strong><a href=\"https:\/\/www.astm.org\/f2029-16r21.html\" target=\"_blank\" rel=\"noopener nofollow\">ASTM F2029<\/a>-16(2021)<\/strong> je <strong>Standardni postopek za izdelavo laboratorijskih toplotnih tesnil<\/strong> za dolo\u010ditev <strong>toplotna zatesnjenost pro\u017enih pregradnih materialov<\/strong>. Ta standard se uporablja za ocenjevanje trdnosti toplotnih pe\u010datov, izdelanih na razli\u010dnih embala\u017enih materialih v laboratorijskih pogojih.<\/p>\n<p>Spletna stran <a href=\"https:\/\/www.qualitester.com\/sl\/kategorija-izdelka\/astm\/astm-f2029\/\" target=\"_blank\" rel=\"noopener\"><strong>ASTM F2029<\/strong><\/a> standard dolo\u010da postopke in zahteve za izdelavo zanesljivih toplotnih pe\u010datov in merjenje njihove trdnosti, kar je bistveno za ocenjevanje celovitosti in kakovosti embala\u017enih materialov. Upo\u0161tevanje tega standarda zagotavlja, da proizvajalci izdelujejo embala\u017eo, ki izpolnjuje zahteve glede trajnosti in u\u010dinkovitosti tesnjenja za varnost izdelkov.<\/p>\n<h3>Preskusne metode v skladu z ASTM F2029<\/h3>\n<p>Spletna stran <strong>Tester trdnosti toplotnega pe\u010data<\/strong> v skladu s postopki iz standarda ASTM F2029 v laboratoriju izdeluje toplotne pe\u010date in meri njihovo trdnost. Postopek poteka takole:<\/p>\n<ol>\n<li><strong>Priprava vzorca<\/strong>: Vzorec embala\u017enega materiala se namesti med dve vzporedni segreti tesnilni \u010deljusti.<\/li>\n<li><strong>Postopek tesnjenja<\/strong>: Preizku\u0161evalnik uporablja nastavitve toplote, tlaka in \u010dasa za simulacijo dejanskih pogojev tesnjenja. Zgornja \u010deljust se premika navzdol, pri \u010demer izvaja pritisk na material in hkrati uporablja toploto.<\/li>\n<li><strong>\u010cas testiranja<\/strong>: \u010cas tesnjenja je nastavljiv od 0,1 sekunde do ve\u010d ur, kar omogo\u010da testiranje v razli\u010dnih \u010dasovnih intervalih.<\/li>\n<li><strong>Vrednotenje pe\u010data<\/strong>: Ko se \u010das tesnjenja izte\u010de, se \u010deljusti dvignejo in preskus je kon\u010dan. Nato se analizira trdnost tesnjenja z metodami, kot so testi pu\u0161\u010danja zraka, penetracija barvila, vizualni pregled ali penetracija mikroorganizmov.<\/li>\n<\/ol>\n<p>Ta postopek posnema pogoje, v katerih se toplotni pe\u010dati ustvarjajo med postopkom pakiranja, in pomaga proizvajalcem ugotoviti, ali bodo njihovi embala\u017eni materiali vzdr\u017eali zahtevane obremenitve v resni\u010dnih okoljih.<\/p>\n<h2>Tehni\u010dne lastnosti merilnika trdnosti toplotnega pe\u010data (GHS-01 Gradient Heat Seal Tester)<\/h2>\n<ul>\n<li><strong>Tesnilne \u010deljusti in grelni mehanizem<\/strong>: Zgornja in spodnja \u010deljust sta izdelani iz visokokakovostnega aluminija in imata neodvisne ogrevalne sisteme, ki odpravljajo toplotne izgube ter zagotavljajo nemoteno in enakomerno porazdelitev temperature med presku\u0161anjem.<\/li>\n<li><strong>Krmilnik temperature PID<\/strong>: Napredni <strong>PID (Proporcionalni integralni derivat)<\/strong> temperaturni regulator zagotavlja natan\u010den nadzor temperature, kar omogo\u010da dosledno in zanesljivo ogrevanje med celotnim postopkom testiranja.<\/li>\n<li><strong>\u010casovnik in senzor bli\u017eine<\/strong>: Kombinacija natan\u010dnega \u010dasovnika in senzorja bli\u017eine sinhronizira za\u010detek postopka tesnjenja z gibanjem \u010deljusti, kar zagotavlja, da se preskus za\u010dne v pravem trenutku in traja to\u010dno toliko \u010dasa, kot je potrebno.<\/li>\n<li><strong>Prilagoditev tesnilnega tlaka in \u010deljusti<\/strong>: Preizku\u0161evalnik izvaja enakomeren tesnilni tlak med <strong>0,15-0,7 MPa<\/strong> in ponuja prilagodljive tesnilne \u010deljusti (dimenzije, oblike in vzorce), ki ustrezajo razli\u010dnim potrebam po testiranju in embala\u017enim materialom.<\/li>\n<li><strong>Varnostne funkcije<\/strong>: Varnost uporabnikov je prednostna naloga, saj so na voljo funkcije, kot sta sprednji pokrov proti oparinam in ro\u010dno\/no\u017eno stikalo za za\u0161\u010dito operaterjev med testiranjem.<\/li>\n<\/ul>\n<h2>Glavni parametri<\/h2>\n<table>\n<tbody>\n<tr>\n<td style=\"text-align: center;\" width=\"127\">Temperatura tesnjenja Temp.<\/td>\n<td style=\"text-align: center;\" width=\"196\">Okolje ~ 250 \u2103<\/td>\n<\/tr>\n<tr>\n<td style=\"text-align: center;\" width=\"127\">Temperatura. Gradient<\/td>\n<td style=\"text-align: center;\" width=\"196\">\u226420\u2103<\/td>\n<\/tr>\n<tr>\n<td style=\"text-align: center;\" width=\"127\">Odstopanje<\/td>\n<td style=\"text-align: center;\" width=\"196\">\u00b10.2\u2103<\/td>\n<\/tr>\n<tr>\n<td style=\"text-align: center;\" width=\"127\">\u010cas tesnjenja<\/td>\n<td style=\"text-align: center;\" width=\"196\">0,1S~9999S<\/td>\n<\/tr>\n<tr>\n<td style=\"text-align: center;\" width=\"127\">Tesnilni tlak<\/td>\n<td style=\"text-align: center;\" width=\"196\">0,15 ~ 0,7 MPa<\/td>\n<\/tr>\n<tr>\n<td style=\"text-align: center;\" width=\"127\">\u010celjusti tesnila (mm)<\/td>\n<td style=\"text-align: center;\" width=\"196\">U: 40*10 5 KOSOV\/L: 330 1 KOS<\/td>\n<\/tr>\n<tr>\n<td style=\"text-align: center;\" width=\"127\">Vnos plina<\/td>\n<td style=\"text-align: center;\" width=\"196\">0,7 MPa s cevjo \u04246 mm<\/td>\n<\/tr>\n<tr>\n<td style=\"text-align: center;\" width=\"127\">Napajanje<\/td>\n<td style=\"text-align: center;\" width=\"196\">AC 220V 50Hz<\/td>\n<\/tr>\n<\/tbody>\n<\/table>\n<h2>Postopek testiranja<\/h2>\n<ol>\n<li><strong>Umestitev vzorca<\/strong>: Postavite vzorec med dve vzporedno segreti \u010deljusti.<\/li>\n<li><strong>Ogrevanje in tesnjenje<\/strong>: Nastavite temperaturo, tlak in \u010das, nato pa dovolite, da grelne \u010deljusti pritisnejo in segrejejo vzorec.<\/li>\n<li><strong>Zaklju\u010dek in vrednotenje<\/strong>: Po nastavljenem \u010dasu tesnjenja se \u010deljusti odprejo, trdnost tesnjenja pa se oceni z razli\u010dnimi metodami, kot sta test uhajanja zraka ali vizualni pregled.<\/li>\n<\/ol>\n<h2>Uporaba in obravnavane panoge<\/h2>\n<p>Spletna stran <strong>Tester trdnosti toplotnega pe\u010data<\/strong> je bistvenega pomena za zagotavljanje kakovosti v ve\u010d panogah:<\/p>\n<ul>\n<li><strong>Embala\u017ena industrija<\/strong>: Zagotavlja celovitost embala\u017enih materialov za \u017eivila, pija\u010de in potro\u0161ni\u0161ko blago.<\/li>\n<li><strong>Farmacevtski izdelki<\/strong>: preverja, ali pe\u010dati na embala\u017ei zdravil izpolnjujejo predpisane standarde in ohranjajo sterilnost izdelka.<\/li>\n<li><strong>Medicinski pripomo\u010dki<\/strong>: Preizku\u0161a embala\u017ene materiale za trdnost in za\u0161\u010dito ob\u010dutljivih medicinskih pripomo\u010dkov.<\/li>\n<li><strong>Elektronika in druge industrije<\/strong>: Ocenjuje embala\u017ene materiale za elektroniko in razli\u010dne druge industrije, ki zahtevajo mo\u010dne in zanesljive tesnilne elemente.<\/li>\n<\/ul>\n<p>Spletna stran <strong>Tester trdnosti toplotnega pe\u010data<\/strong> je bistveno orodje za proizvajalce, ki \u017eelijo zagotoviti kakovost, varnost in trajnost svojih embala\u017enih materialov. Ne glede na to, ali zapirate \u017eivila, farmacevtske izdelke ali medicinske pripomo\u010dke, ta tester zagotavlja natan\u010dne in zanesljive rezultate za optimalno delovanje embala\u017ee. Opremljen je z <strong>Gradientni toplotni preskus tesnjenja<\/strong> funkcionalnost in skladnost z <strong>ASTM F2029<\/strong>, je popolna re\u0161itev za vsakokratno doseganje vrhunskih toplotnih pe\u010datov.<\/p>\n<h2>Oddelek Pogosta vpra\u0161anja: Pogosta vpra\u0161anja o testerjih trdnosti toplotnega pe\u010data<\/h2>\n<ol>\n<li><strong>Katere materiale je mogo\u010de testirati s testerjem trdnosti toplotnega tesnjenja?<\/strong>\n<ul>\n<li>Tester je idealen za testiranje \u0161irokega spektra embala\u017enih materialov, vklju\u010dno s folijami, laminati in fleksibilnimi zapornimi materiali.<\/li>\n<\/ul>\n<\/li>\n<li><strong>Kak\u0161na je vloga testa zape\u010datenja z gradientno toploto?<\/strong>\n<ul>\n<li>Spletna stran <strong>Gradientni toplotni preskus tesnjenja<\/strong> omogo\u010da hkratno testiranje pri razli\u010dnih temperaturnih nastavitvah, kar pove\u010duje u\u010dinkovitost, saj skraj\u0161uje \u010das testiranja in izbolj\u0161uje u\u010dinkovitost tesnil.<\/li>\n<\/ul>\n<\/li>\n<li><strong>Katerim panogam lahko koristi testiranje toplotnega tesnjenja?<\/strong>\n<ul>\n<li>Uporaba merilnika trdnosti toplotnega tesnjenja je koristna za panoge, kot so embala\u017ea za \u017eivila, farmacevtski izdelki, medicinski pripomo\u010dki, elektronika in potro\u0161ni\u0161ko blago.<\/li>\n<\/ul>\n<\/li>\n<li><strong>Kako tester trdnosti toplotnega pe\u010data zagotavlja natan\u010dnost?<\/strong>\n<ul>\n<li>S funkcijami, kot so natan\u010den nadzor temperature, nastavljiv tesnilni tlak in prilagodljive preskusne nastavitve, tester zagotavlja zanesljive in ponovljive rezultate.<\/li>\n<\/ul>\n<\/li>\n<li><strong>Ali je naprava za testiranje trdnosti toplotnega tesnjenja skladna s standardi ASTM?<\/strong>\n<ul>\n<li>Da, preizku\u0161evalec izpolnjuje <strong>ASTM F2029<\/strong>, ki zagotavlja skladnost z industrijskimi standardi za presku\u0161anje trdnosti toplotnega pe\u010data in trajnosti materiala.<\/li>\n<\/ul>\n<\/li>\n<\/ol>","protected":false},"excerpt":{"rendered":"<p>V embala\u017eni industriji je zagotavljanje, da materiali, kot so folije, laminati in pro\u017ene pregrade, tvorijo mo\u010dne in trajne pe\u010date, klju\u010dnega pomena za ohranjanje celovitosti in varnosti zapakiranega izdelka. Ne glede na to, ali pakirate hrano, zdravila, medicinske pripomo\u010dke ali elektroniko, <strong>trdnost toplotnega tesnjenja<\/strong> ima klju\u010dno vlogo pri za\u0161\u010diti va\u0161ih izdelkov pred onesna\u017eenjem, uhajanjem in kvarjenjem.<\/p>","protected":false},"featured_media":5911,"comment_status":"closed","ping_status":"closed","template":"","meta":{"site-sidebar-layout":"default","site-content-layout":"default","ast-global-header-display":"","ast-main-header-display":"","ast-hfb-above-header-display":"","ast-hfb-below-header-display":"","ast-hfb-mobile-header-display":"","site-post-title":"disabled","ast-breadcrumbs-content":"","ast-featured-img":"disabled","footer-sml-layout":"","theme-transparent-header-meta":"default","adv-header-id-meta":"","stick-header-meta":"","header-above-stick-meta":"","header-main-stick-meta":"","header-below-stick-meta":""},"product_cat":[845,677,149,16,142,95],"product_tag":[65,31,55],"class_list":{"0":"post-1668","1":"product","2":"type-product","3":"status-publish","4":"has-post-thumbnail","6":"product_cat-customization","7":"product_cat-heat-seal-tester","8":"product_cat-pharma-and-medical-testers","9":"product_cat-plastic-packaging-testers","10":"product_cat-astm-f2029","11":"product_cat-products","12":"product_tag-heat-seal","13":"product_tag-heat-sealing","14":"product_tag-heat-seals","15":"desktop-align-left","16":"tablet-align-left","17":"mobile-align-left","19":"first","20":"instock","21":"shipping-taxable","22":"product-type-simple"},"_links":{"self":[{"href":"https:\/\/www.qualitester.com\/sl\/wp-json\/wp\/v2\/product\/1668","targetHints":{"allow":["GET"]}}],"collection":[{"href":"https:\/\/www.qualitester.com\/sl\/wp-json\/wp\/v2\/product"}],"about":[{"href":"https:\/\/www.qualitester.com\/sl\/wp-json\/wp\/v2\/types\/product"}],"replies":[{"embeddable":true,"href":"https:\/\/www.qualitester.com\/sl\/wp-json\/wp\/v2\/comments?post=1668"}],"version-history":[{"count":0,"href":"https:\/\/www.qualitester.com\/sl\/wp-json\/wp\/v2\/product\/1668\/revisions"}],"wp:featuredmedia":[{"embeddable":true,"href":"https:\/\/www.qualitester.com\/sl\/wp-json\/wp\/v2\/media\/5911"}],"wp:attachment":[{"href":"https:\/\/www.qualitester.com\/sl\/wp-json\/wp\/v2\/media?parent=1668"}],"wp:term":[{"taxonomy":"product_cat","embeddable":true,"href":"https:\/\/www.qualitester.com\/sl\/wp-json\/wp\/v2\/product_cat?post=1668"},{"taxonomy":"product_tag","embeddable":true,"href":"https:\/\/www.qualitester.com\/sl\/wp-json\/wp\/v2\/product_tag?post=1668"}],"curies":[{"name":"wp","href":"https:\/\/api.w.org\/{rel}","templated":true}]}}