{"id":1484,"date":"2023-04-20T14:00:05","date_gmt":"2023-04-20T06:00:05","guid":{"rendered":"https:\/\/www.qualitester.com\/?post_type=product&#038;p=1484"},"modified":"2024-12-03T13:53:39","modified_gmt":"2024-12-03T05:53:39","slug":"inclined-coefficient-of-friction-tester-cof-03","status":"publish","type":"product","link":"https:\/\/www.qualitester.com\/sl\/izdelek\/inclined-coefficient-of-friction-tester-cof-03\/","title":{"rendered":"COF-03 Nagnjen merilnik koeficienta trenja"},"content":{"rendered":"<h2><strong>Uvod v naklonski tester koeficienta trenja<\/strong><\/h2>\n<p>Spletna stran <strong>Nagnjen merilnik koeficienta trenja<\/strong> je napreden instrument za merjenje stati\u010dnega koeficienta trenja (COF) \u0161irokega spektra materialov. S pomo\u010djo spremenljive nagnjene ravnine in drsnega bloka ta tester dolo\u010da kot, pod katerim za\u010dne ena testna povr\u0161ina drsiti proti drugi, ko se nagib postopoma pove\u010duje. Naprava je idealna za presku\u0161anje razli\u010dnih materialov, vklju\u010dno s plasti\u010dnimi folijami, gumo, papirjem, plo\u0161\u010dami, tkaninami, premazi, zavornimi plo\u0161\u010dicami, tekstilom in drugimi.<\/p>\n<p>Ta vsestranski tester je bistvenega pomena za industrije, kot so embala\u017ea, avtomobilska, tekstilna, farmacevtska in \u017eivilska industrija, kjer je natan\u010dno merjenje trenja klju\u010dnega pomena za zagotavljanje kakovosti, varnosti in optimalnega delovanja. Ta naprava zagotavlja zanesljive rezultate, ne glede na to, ali \u017eelite izmeriti trenje folij, listov ali industrijskih sestavnih delov, ter uporabnikom pomaga izbolj\u0161ati ravnanje z materiali, oblikovanje embala\u017ee in funkcionalnost izdelkov.<\/p>\n<h2><strong>Na\u010delo delovanja<\/strong><\/h2>\n<p>Spletna stran <strong>Nagnjen <a href=\"https:\/\/www.qualitester.com\/sl\/izdelek\/coefficient-of-friction-tester-cof-01\/\" target=\"_blank\" rel=\"noopener\">Tester koeficienta trenja<\/a><\/strong> meri stati\u010dno COF z dolo\u010danjem kota, pod katerim za\u010dne material drsiti po drugi nagnjeni povr\u0161ini. Ko se naklon postopoma pove\u010duje s konstantno hitrostjo, za\u010dne povr\u0161ina presku\u0161anega materiala drseti. Izmeri se kot, pod katerim se to zgodi, stati\u010dna COF pa je numeri\u010dno enaka tangensu tega kota.<\/p>\n<p>Ta metoda zagotavlja natan\u010dne vrednosti trenja, ki so klju\u010dnega pomena za razumevanje obna\u0161anja materialov v resni\u010dnih aplikacijah, kot so ravnanje z materialom, pakiranje in sestavljanje. . <strong>Tester kota drsenja<\/strong> Ta instrument zagotavlja natan\u010dne meritve COF za najrazli\u010dnej\u0161e materiale.<\/p>\n<h2><strong>Pregled ustreznih standardov presku\u0161anja<\/strong><\/h2>\n<ul>\n<li><a href=\"https:\/\/www.astm.org\/d0202-17.html\" target=\"_blank\" rel=\"noopener nofollow\"><strong>ASTM D202<\/strong><\/a>: Ta standard vsebuje smernice za merjenje stati\u010dnega COF materialov, zlasti folij in embala\u017enih materialov. Zagotavlja, da tester izpolnjuje zahtevano natan\u010dnost za razli\u010dne materiale, kar proizvajalcem pomaga oceniti, kako zlahka bodo materiali drseli drug ob drugega, kar je klju\u010dni dejavnik pri na\u010drtovanju embala\u017ee in izbiri materialov.<\/li>\n<li><a href=\"https:\/\/www.astm.org\/d4918-97r07.html\" target=\"_blank\" rel=\"noopener nofollow\"><strong>ASTM D4918<\/strong><\/a>: Standard ASTM D4918 je posebej zasnovan za presku\u0161anje papirja in kartona ter opisuje postopke za dolo\u010danje stati\u010dne COF med papirnimi materiali. Ta standard je pomemben za panoge, kot sta proizvodnja embala\u017ee in papirja, saj zagotavlja, da imajo materiali ustrezne torne lastnosti za nemoteno rokovanje in pakiranje.<\/li>\n<li><strong>TAPPI T815<\/strong>: Ta standard, ki je splo\u0161no priznan v industriji papirja in celuloze, dolo\u010da metodo za dolo\u010danje COF papirja, kartona in sorodnih materialov. Proizvajalcem pomaga zagotoviti, da imajo izdelki na osnovi papirja enake torne lastnosti, ki so bistvene za uspe\u0161no delovanje pakirnih strojev in kakovost kon\u010dnega izdelka.<\/li>\n<\/ul>\n<p>Ti standardi zagotavljajo, da <strong>Nagnjen merilnik koeficienta trenja<\/strong> izpolnjuje potrebna merila za to\u010dne in zanesljive rezultate, ki so skladni z industrijskimi predpisi in najbolj\u0161imi svetovnimi praksami.<\/p>\n<h2><strong>Klju\u010dne zna\u010dilnosti nagnjenega merilnika koeficienta trenja<\/strong><\/h2>\n<ul>\n<li><strong>Krmiljenje PLC in upravljanje z zaslonom na dotik HMI<\/strong>: Tester ima intuitiven vmesnik \u010dlovek-stroj (HMI) in programabilni logi\u010dni krmilnik (PLC), kar omogo\u010da enostaven nadzor in spremljanje testiranja. Zaslon na dotik omogo\u010da preprosto navigacijo in upravljanje, kar pove\u010duje u\u010dinkovitost in uporabni\u0161ko izku\u0161njo.<\/li>\n<li><strong>Prikaz rezultatov testiranja v realnem \u010dasu<\/strong>: Ta naprava na zaslonu prikazuje podatke v realnem \u010dasu, vklju\u010dno z najve\u010djim, najmanj\u0161im, povpre\u010dnim in standardnim odklonom (SD) rezultatov preskusov. Tako lahko med izvajanjem testov spremljate njihovo doslednost in natan\u010dnost.<\/li>\n<li><strong>Skladnost z mednarodnimi standardi<\/strong>: Spletna stran <strong>Nagnjen merilnik koeficienta trenja<\/strong> je izdelan v skladu s \u0161tevilnimi mednarodnimi standardi, kot so ASTM D202, ASTM D4918 in TAPPI T815, kar zagotavlja natan\u010dnost in zanesljivost rezultatov testiranja.<\/li>\n<li><strong>Merjenje kotnega in stati\u010dnega COF<\/strong>: Poleg merjenja kota nagiba, pri katerem pride do drsenja, ta tester izra\u010duna tudi stati\u010dni koeficient trenja, kar zagotavlja celovit pregled u\u010dinkovitosti materiala.<\/li>\n<li><strong>Mikrotisk za enostavno dokumentiranje rezultatov testiranja<\/strong>: Tester lahko rezultate testiranja ustvari v tiskani obliki, kar uporabnikom omogo\u010da enostavno dokumentiranje in izmenjavo ugotovitev. Ta funkcija je \u0161e posebej uporabna za nadzor kakovosti, poro\u010danje in preverjanje skladnosti.<\/li>\n<li><strong>Izbirni RS232 in profesionalna programska oprema<\/strong>: Za uporabnike, ki potrebujejo napredno analizo podatkov, tester ponuja povezljivost RS232 in dodatno profesionalno programsko opremo, ki omogo\u010da nemoteno integracijo z drugimi sistemi ter zagotavlja robustnej\u0161e mo\u017enosti upravljanja podatkov in poro\u010danja.<\/li>\n<\/ul>\n<h2><strong>Tehni\u010dne specifikacije<\/strong><\/h2>\n<table>\n<tbody>\n<tr>\n<td style=\"text-align: center;\" width=\"104\">Razpon kotov<\/td>\n<td style=\"text-align: center;\" width=\"328\">0\u00b0 ~ 60\u00b0<\/td>\n<\/tr>\n<tr>\n<td style=\"text-align: center;\" width=\"104\">Natan\u010dnost<\/td>\n<td style=\"text-align: center;\" width=\"328\">0.01\u00b0<\/td>\n<\/tr>\n<tr>\n<td style=\"text-align: center;\" width=\"104\">Udar<\/td>\n<td style=\"text-align: center;\" width=\"328\">0,1\u00b0\/s \uff5e 10,0\u00b0\/s<\/td>\n<\/tr>\n<tr>\n<td style=\"text-align: center;\" width=\"104\">Sani<\/td>\n<td style=\"text-align: center;\" width=\"328\">200 g, 235 g ali 1300 g (izberite enega ali ve\u010d)<\/td>\n<\/tr>\n<\/tbody>\n<\/table>\n<h2><strong>Uporaba nagnjenega merilnika koeficienta trenja<\/strong><\/h2>\n<p>Spletna stran <strong>Nagnjen merilnik koeficienta trenja<\/strong> se uporablja v \u0161tevilnih industrijskih panogah za presku\u0161anje lastnosti trenja materialov. Navajamo nekaj klju\u010dnih aplikacij:<\/p>\n<ul>\n<li><strong>Pakiranje<\/strong>: Ocenite lastnosti trenja folij, papirja, kartona in drugih embala\u017enih materialov, da zagotovite nemoteno delovanje pakirnih linij.<\/li>\n<li><strong>Avtomobilska industrija<\/strong>: Ocenite zavorne obloge in druge sestavne dele glede u\u010dinkovitosti, trajnosti in varnosti.<\/li>\n<li><strong>Tekstil<\/strong>: Preizkusite tkanine, tkane materiale in premaze glede njihovih tornih lastnosti, ki so pomembne za ravnanje s tkaninami in njihovo obdelavo.<\/li>\n<li><strong>Medicinski pripomo\u010dki<\/strong>: Zagotovite, da materiali za medicinsko embala\u017eo izpolnjujejo potrebne zahteve COF, da se prepre\u010dijo te\u017eave pri pakiranju in distribuciji.<\/li>\n<li><strong>Farmacevtski izdelki<\/strong>: Izmerite torne lastnosti farmacevtskih embala\u017enih materialov, da zagotovite ustrezno ravnanje in skladi\u0161\u010denje.<\/li>\n<\/ul>","protected":false},"excerpt":{"rendered":"<p>Spletna stran <strong>Nagnjen merilnik koeficienta trenja<\/strong> je napreden instrument za merjenje stati\u010dnega koeficienta trenja (COF) \u0161irokega spektra materialov. S pomo\u010djo spremenljive nagnjene ravnine in drsnega bloka ta tester dolo\u010da kot, pod katerim za\u010dne ena testna povr\u0161ina drsiti proti drugi, ko se nagib postopoma pove\u010duje. Naprava je idealna za presku\u0161anje razli\u010dnih materialov, vklju\u010dno s plasti\u010dnimi folijami, gumo, papirjem, plo\u0161\u010dami, tkaninami, premazi, zavornimi plo\u0161\u010dicami, tekstilom in drugimi.<\/p>","protected":false},"featured_media":5990,"comment_status":"closed","ping_status":"closed","template":"","meta":{"site-sidebar-layout":"default","site-content-layout":"default","ast-global-header-display":"","ast-main-header-display":"","ast-hfb-above-header-display":"","ast-hfb-below-header-display":"","ast-hfb-mobile-header-display":"","site-post-title":"","ast-breadcrumbs-content":"","ast-featured-img":"","footer-sml-layout":"","theme-transparent-header-meta":"default","adv-header-id-meta":"","stick-header-meta":"","header-above-stick-meta":"","header-main-stick-meta":"","header-below-stick-meta":""},"product_cat":[845,1130,938,683,44,16,123,133,95],"product_tag":[],"class_list":{"0":"post-1484","1":"product","2":"type-product","3":"status-publish","4":"has-post-thumbnail","6":"product_cat-customization","7":"product_cat-tappi-t815","8":"product_cat-textile-tester","9":"product_cat-coefficient-of-friction-tester","10":"product_cat-paper-and-board-testers","11":"product_cat-plastic-packaging-testers","12":"product_cat-astm-d202","13":"product_cat-astm-d4918","14":"product_cat-products","15":"desktop-align-left","16":"tablet-align-left","17":"mobile-align-left","19":"first","20":"instock","21":"shipping-taxable","22":"product-type-simple"},"_links":{"self":[{"href":"https:\/\/www.qualitester.com\/sl\/wp-json\/wp\/v2\/product\/1484","targetHints":{"allow":["GET"]}}],"collection":[{"href":"https:\/\/www.qualitester.com\/sl\/wp-json\/wp\/v2\/product"}],"about":[{"href":"https:\/\/www.qualitester.com\/sl\/wp-json\/wp\/v2\/types\/product"}],"replies":[{"embeddable":true,"href":"https:\/\/www.qualitester.com\/sl\/wp-json\/wp\/v2\/comments?post=1484"}],"version-history":[{"count":0,"href":"https:\/\/www.qualitester.com\/sl\/wp-json\/wp\/v2\/product\/1484\/revisions"}],"wp:featuredmedia":[{"embeddable":true,"href":"https:\/\/www.qualitester.com\/sl\/wp-json\/wp\/v2\/media\/5990"}],"wp:attachment":[{"href":"https:\/\/www.qualitester.com\/sl\/wp-json\/wp\/v2\/media?parent=1484"}],"wp:term":[{"taxonomy":"product_cat","embeddable":true,"href":"https:\/\/www.qualitester.com\/sl\/wp-json\/wp\/v2\/product_cat?post=1484"},{"taxonomy":"product_tag","embeddable":true,"href":"https:\/\/www.qualitester.com\/sl\/wp-json\/wp\/v2\/product_tag?post=1484"}],"curies":[{"name":"wp","href":"https:\/\/api.w.org\/{rel}","templated":true}]}}