{"id":7905,"date":"2026-03-25T14:36:07","date_gmt":"2026-03-25T06:36:07","guid":{"rendered":"https:\/\/www.qualitester.com\/?page_id=7905"},"modified":"2026-03-25T14:36:18","modified_gmt":"2026-03-25T06:36:18","slug":"astm-d4595","status":"publish","type":"page","link":"https:\/\/www.qualitester.com\/sl\/standards\/astm-d4595\/","title":{"rendered":"ASTM D4595"},"content":{"rendered":"<h2 data-section-id=\"1tlpuk\" data-start=\"434\" data-end=\"463\">Uvod v ASTM D4595<\/h2>\n<p data-start=\"465\" data-end=\"741\"><strong data-start=\"465\" data-end=\"479\">ASTM D4595<\/strong> opredeljuje standardiziran postopek za dolo\u010danje <strong data-start=\"533\" data-end=\"570\">natezne lastnosti geotekstilov<\/strong> s \u0161irokim vzorcem. In\u017eenirji in strokovnjaki za nadzor kakovosti se zana\u0161ajo na to metodo, da ocenijo, kako se geotekstil obna\u0161a pri natezni obremenitvi v resni\u010dnem svetu.<\/p>\n<p data-start=\"743\" data-end=\"1011\">V nasprotju z metodami z ozkimi trakovi se v standardu ASTM D4595 uporablja <strong data-start=\"790\" data-end=\"824\">metoda nateznega preskusa s \u0161iroko \u0161irino<\/strong>, kar zmanj\u0161uje bo\u010dno kr\u010denje (vrat). Ta lastnost zagotavlja, da rezultati preskusov bolje odra\u017eajo dejansko delovanje na terenu, zlasti pri netkanih in pro\u017enih geotekstilnih materialih.<\/p>\n<p data-start=\"1013\" data-end=\"1176\">Metoda se uporablja za \u0161iroko paleto materialov, vklju\u010dno s tkanimi, netkanimi, pletenimi in ve\u010dplastnimi geotekstilnimi materiali, ki se uporabljajo v infrastrukturi in okoljskem in\u017eenirstvu.<\/p>\n<h2 data-section-id=\"1e38fcy\" data-start=\"1183\" data-end=\"1219\">Natezne lastnosti geotekstilov<\/h2>\n<p data-start=\"1221\" data-end=\"1373\">Razumevanje <strong data-start=\"1239\" data-end=\"1276\">natezne lastnosti geotekstilov<\/strong> je klju\u010dnega pomena za aplikacije, kot so utrjevanje tal, gradnja cest in nadzor erozije.<\/p>\n<p data-start=\"1375\" data-end=\"1419\">ASTM D4595 ocenjuje ve\u010d klju\u010dnih parametrov:<\/p>\n<ul data-start=\"1421\" data-end=\"1755\">\n<li data-section-id=\"183mnfh\" data-start=\"1421\" data-end=\"1486\"><strong data-start=\"1423\" data-end=\"1443\">Natezna trdnost<\/strong>: Najve\u010dja sila na enoto \u0161irine pri poru\u0161itvi<\/li>\n<li data-section-id=\"irxdml\" data-start=\"1487\" data-end=\"1553\"><strong data-start=\"1489\" data-end=\"1503\">Raztezek<\/strong>: Odstotek pove\u010danja dol\u017eine pri dani sili<\/li>\n<li data-section-id=\"5hph78\" data-start=\"1554\" data-end=\"1618\"><strong data-start=\"1556\" data-end=\"1575\">Za\u010detni modul<\/strong>: togost v zgodnji fazi obremenitve<\/li>\n<li data-section-id=\"t4nrjd\" data-start=\"1619\" data-end=\"1696\"><strong data-start=\"1621\" data-end=\"1650\">Sekantni in odmaknjeni modul<\/strong>: Odziv materiala pri dolo\u010denih ravneh deformacije<\/li>\n<li data-section-id=\"r8b1le\" data-start=\"1697\" data-end=\"1755\"><strong data-start=\"1699\" data-end=\"1721\">Prelomna trdnost<\/strong>: Energija, absorbirana pred okvaro<\/li>\n<\/ul>\n<p data-start=\"1757\" data-end=\"1888\">Te vrednosti zagotavljajo bistvene podatke za na\u010drtovanje za in\u017eenirje, ki se ukvarjajo z oja\u010danimi zemeljskimi strukturami, nasipi in opornimi sistemi.<\/p>\n<h2 data-section-id=\"1glc99u\" data-start=\"1895\" data-end=\"1938\">Razlo\u017eena metoda nateznega preskusa s \u0161iroko \u0161irino<\/h2>\n<p data-start=\"1940\" data-end=\"2075\">Spletna stran <strong data-start=\"1944\" data-end=\"1978\">metoda nateznega preskusa s \u0161iroko \u0161irino<\/strong> po kontroliranem postopku z uporabo stroja za natezno preizku\u0161anje s konstantno hitrostjo raztezanja (CRE).<\/p>\n<h3 data-section-id=\"njnfj3\" data-start=\"2077\" data-end=\"2103\">Pregled klju\u010dnih postopkov<\/h3>\n<ol data-start=\"2105\" data-end=\"2765\">\n<li data-section-id=\"jurogd\" data-start=\"2105\" data-end=\"2233\"><strong data-start=\"2108\" data-end=\"2132\">Priprava vzorca<\/strong><br data-start=\"2132\" data-end=\"2135\" \/>Pri preskusu se uporabi \u0161irok vzorec, da se zmanj\u0161ajo u\u010dinki robov in simulira porazdelitev napetosti na terenu.<\/li>\n<li data-section-id=\"q6h7mj\" data-start=\"2235\" data-end=\"2362\"><strong data-start=\"2238\" data-end=\"2250\">Vpenjanje<\/strong><br data-start=\"2250\" data-end=\"2253\" \/>Vzorec se prime po vsej \u0161irini. Pravilna poravnava je klju\u010dnega pomena za prepre\u010devanje koncentracije napetosti.<\/li>\n<li data-section-id=\"3kt03u\" data-start=\"2364\" data-end=\"2498\"><strong data-start=\"2367\" data-end=\"2385\">Izvajanje testov<\/strong><br data-start=\"2385\" data-end=\"2388\" \/>Stroj deluje z natezno silo z dolo\u010deno hitrostjo (obi\u010dajno 10 \u00b1 3 % deformacije na minuto) do poru\u0161itve.<\/li>\n<li data-section-id=\"zcmqt1\" data-start=\"2500\" data-end=\"2618\"><strong data-start=\"2503\" data-end=\"2522\">Zbiranje podatkov<\/strong><br data-start=\"2522\" data-end=\"2525\" \/>Sistem neprekinjeno bele\u017ei silo in raztezek ter ustvarja krivuljo sile in raztezka.<\/li>\n<li data-section-id=\"1fwq6fv\" data-start=\"2620\" data-end=\"2765\"><strong data-start=\"2623\" data-end=\"2645\">Izra\u010dun rezultatov<\/strong><br data-start=\"2645\" data-end=\"2648\" \/>Natezna trdnost se izra\u010duna kot sila na enoto \u0161irine, vrednosti raztezka in modula pa izhajajo iz krivulje.<\/li>\n<\/ol>\n<h3 data-section-id=\"yg2kz5\" data-start=\"2767\" data-end=\"2793\">Zakaj je pomembna \u0161iroka \u0161irina<\/h3>\n<p data-start=\"2795\" data-end=\"2948\">Tradicionalni testi z ozkimi trakovi pogosto podcenjujejo u\u010dinkovitost zaradi <strong data-start=\"2865\" data-end=\"2884\">u\u010dinki na vratih<\/strong>. Standard ASTM D4595 odpravlja to te\u017eavo, zato je primernej\u0161i za:<\/p>\n<ul data-start=\"2950\" data-end=\"3035\">\n<li data-section-id=\"i4e2ap\" data-start=\"2950\" data-end=\"2974\">Netkani geotekstil<\/li>\n<li data-section-id=\"uowa5d\" data-start=\"2975\" data-end=\"3004\">Materiali z visokim raztezkom<\/li>\n<li data-section-id=\"uh7ygu\" data-start=\"3005\" data-end=\"3035\">Uporaba oja\u010ditve<\/li>\n<\/ul>\n<h2 data-section-id=\"11283nw\" data-start=\"3042\" data-end=\"3081\">Oprema za natezno testiranje \u0161iroke \u0161irine<\/h2>\n<p data-start=\"3083\" data-end=\"3193\">Izbira pravega <strong data-start=\"3103\" data-end=\"3143\">oprema za natezno testiranje s \u0161iroko \u0161irino<\/strong> je bistvenega pomena za to\u010dne in ponovljive rezultate.<\/p>\n<p data-start=\"3195\" data-end=\"3244\">Visoko zmogljiv natezni tester mora vklju\u010devati:<\/p>\n<ul data-start=\"3246\" data-end=\"3555\">\n<li data-section-id=\"ulydwb\" data-start=\"3246\" data-end=\"3304\"><strong data-start=\"3248\" data-end=\"3273\">Stabilen nadzorni sistem<\/strong> za natan\u010dno uporabo bremena<\/li>\n<li data-section-id=\"17u4455\" data-start=\"3305\" data-end=\"3371\"><strong data-start=\"3307\" data-end=\"3333\">\u0160iroka vpenjalna ogrodja<\/strong> za namestitev vzorcev polne \u0161irine<\/li>\n<li data-section-id=\"ncfe6w\" data-start=\"3372\" data-end=\"3437\"><strong data-start=\"3374\" data-end=\"3411\">Natan\u010dno merjenje premika<\/strong> za analizo raztezanja<\/li>\n<li data-section-id=\"1tijbyw\" data-start=\"3438\" data-end=\"3494\"><strong data-start=\"3440\" data-end=\"3466\">Prilagodljiv nadzor hitrosti<\/strong> za izpolnjevanje zahtev ASTM<\/li>\n<li data-section-id=\"n02gnc\" data-start=\"3495\" data-end=\"3555\"><strong data-start=\"3497\" data-end=\"3524\">Sistem za zajem podatkov<\/strong> za analizo krivulj v realnem \u010dasu<\/li>\n<\/ul>\n<h3 data-section-id=\"18zfmsq\" data-start=\"3557\" data-end=\"3581\">Priporo\u010dena re\u0161itev za natezni preskus geotekstilov \u0161iroke \u0161irine<\/h3>\n<p><a href=\"https:\/\/www.qualitester.com\/sl\/izdelek\/tst-01-universal-testing-machine\/\"><img fetchpriority=\"high\" decoding=\"async\" class=\"alignleft wp-image-7906 size-medium\" src=\"https:\/\/www.qualitester.com\/wp-content\/uploads\/2026\/03\/ASTM-D4595-Geotextile-Tensile-Properties-Wide-Width-Method-300x300.webp\" alt=\"ASTM D4595 Natezne lastnosti geotekstila - metoda \u0161iroke \u0161irine\" width=\"300\" height=\"300\" srcset=\"https:\/\/www.qualitester.com\/wp-content\/uploads\/2026\/03\/ASTM-D4595-Geotextile-Tensile-Properties-Wide-Width-Method-300x300.webp 300w, https:\/\/www.qualitester.com\/wp-content\/uploads\/2026\/03\/ASTM-D4595-Geotextile-Tensile-Properties-Wide-Width-Method-150x150.webp 150w, https:\/\/www.qualitester.com\/wp-content\/uploads\/2026\/03\/ASTM-D4595-Geotextile-Tensile-Properties-Wide-Width-Method-12x12.webp 12w, https:\/\/www.qualitester.com\/wp-content\/uploads\/2026\/03\/ASTM-D4595-Geotextile-Tensile-Properties-Wide-Width-Method-100x100.webp 100w, https:\/\/www.qualitester.com\/wp-content\/uploads\/2026\/03\/ASTM-D4595-Geotextile-Tensile-Properties-Wide-Width-Method.webp 600w\" sizes=\"(max-width: 300px) 100vw, 300px\" \/><\/a><\/p>\n<p data-start=\"3583\" data-end=\"3679\">Spletna stran <strong data-start=\"3587\" data-end=\"3629\">Instrumenti za celice <a href=\"https:\/\/www.qualitester.com\/sl\/izdelek\/tst-01-universal-testing-machine\/\">TST-01 Oprema za natezno testiranje \u0161iroke \u0161irine<\/a><\/strong>\u00a0je primeren za testiranje po standardu ASTM D4595. Ponuja:<\/p>\n<ul data-start=\"3681\" data-end=\"3959\">\n<li data-section-id=\"1lpexl6\" data-start=\"3681\" data-end=\"3746\">Krmiljenje s PLC z intuitivnim vmesnikom na dotik<\/li>\n<li data-section-id=\"1jcej4f\" data-start=\"3747\" data-end=\"3797\">Visoka natan\u010dnost nadzora premikanja (\u00b10,01 mm)<\/li>\n<li data-section-id=\"19fs2ok\" data-start=\"3798\" data-end=\"3839\">Nastavljivo obmo\u010dje hitrosti (1-500 mm\/min)<\/li>\n<li data-section-id=\"1inwk2h\" data-start=\"3840\" data-end=\"3897\">Robustna mehanska struktura za dolgoro\u010dno zanesljivost<\/li>\n<li data-section-id=\"1lkmee0\" data-start=\"3898\" data-end=\"3959\">Zdru\u017eljivost s prirejenimi nastavki za testiranje geotekstilov<\/li>\n<\/ul>\n<p data-start=\"3961\" data-end=\"4071\">Zaradi svoje prilagodljivosti je idealen za laboratorije, ki se ukvarjajo z razli\u010dnimi geotekstilnimi materiali in testnimi pogoji.<\/p>\n<h2 data-section-id=\"3hjvgm\" data-start=\"4078\" data-end=\"4135\">Pomen standarda ASTM D4595 v in\u017eenirskih aplikacijah<\/h2>\n<p data-start=\"4137\" data-end=\"4256\">ASTM D4595 dolo\u010da <strong data-start=\"4157\" data-end=\"4187\">zanesljivi parametri zasnove<\/strong> za projekte geotehni\u010dnega in\u017eenirstva. In\u017eenirji uporabljajo rezultate za:<\/p>\n<ul data-start=\"4258\" data-end=\"4420\">\n<li data-section-id=\"1vp4q9r\" data-start=\"4258\" data-end=\"4302\">Projektiranje utrjenih vozi\u0161\u010d in plo\u010dnikov<\/li>\n<li data-section-id=\"11xl2p1\" data-start=\"4303\" data-end=\"4339\">Ocenjevanje sistemov za stabilnost pobo\u010dij<\/li>\n<li data-section-id=\"vjekgm\" data-start=\"4340\" data-end=\"4381\">Razvoj oja\u010ditev opornih zidov<\/li>\n<li data-section-id=\"1xr8ne1\" data-start=\"4382\" data-end=\"4420\">Ocenjevanje nasipov nad mehkimi tlemi<\/li>\n<\/ul>\n<p data-start=\"4422\" data-end=\"4564\">Ker test natan\u010dno simulira stresne pogoje na terenu, zagotavlja <strong data-start=\"4494\" data-end=\"4529\">bolj realisti\u010dni podatki o zmogljivosti.<\/strong> v primerjavi z o\u017ejimi preskusnimi metodami.<\/p>\n<h2 data-section-id=\"w1c0q0\" data-start=\"5096\" data-end=\"5131\">Pogosta vpra\u0161anja<\/h2>\n<p data-start=\"5133\" data-end=\"5312\"><strong data-start=\"5133\" data-end=\"5196\">1. V \u010dem se standard ASTM D4595 razlikuje od nateznih preskusov z grabljanjem?<\/strong><br data-start=\"5196\" data-end=\"5199\" \/>ASTM D4595 uporablja \u0161irok vzorec, ki zmanj\u0161uje u\u010dinke robov in zagotavlja bolj reprezentativne rezultate kot testi z zgrabljanjem.<\/p>\n<p data-start=\"5314\" data-end=\"5452\"><strong data-start=\"5314\" data-end=\"5364\">2. Lahko <a href=\"https:\/\/store.astm.org\/d4595_d4595m-24.html\" rel=\"nofollow noopener\" target=\"_blank\">ASTM D4595<\/a> uporabiti za mokre geotekstilije?<\/strong><br data-start=\"5364\" data-end=\"5367\" \/>Da, standard vklju\u010duje postopke za presku\u0161anje kondicioniranih in mokrih vzorcev.<\/p>\n<p data-start=\"5454\" data-end=\"5594\"><strong data-start=\"5454\" data-end=\"5506\">3. Zakaj je pri tem preskusu pomembna \u0161irina vzorca?<\/strong><br data-start=\"5506\" data-end=\"5509\" \/>\u0160ir\u0161i vzorec zmanj\u0161uje nastanek vrzeli in bolje simulira porazdelitev obremenitve v resni\u010dnem svetu.<\/p>\n<p data-start=\"5596\" data-end=\"5710\"><strong data-start=\"5596\" data-end=\"5636\">4. Katera vrsta stroja je potrebna?<\/strong><br data-start=\"5636\" data-end=\"5639\" \/>Potreben je stroj za natezno presku\u0161anje s konstantno hitrostjo raztezanja (CRE).<\/p>\n<p data-start=\"5712\" data-end=\"5851\"><strong data-start=\"5712\" data-end=\"5761\">5. Kako ravnate z zdrsom med testiranjem?<\/strong><br data-start=\"5761\" data-end=\"5764\" \/>Za izbolj\u0161anje u\u010dinkovitosti lahko spremenite objemke, dodate oblazinjenje ali prilagodite oprijemalne povr\u0161ine.<\/p>","protected":false},"excerpt":{"rendered":"<p>Uvod v ASTM D4595 ASTM D4595 dolo\u010da standardiziran postopek za dolo\u010danje nateznih lastnosti geotekstilij z uporabo \u0161irokega vzorca. In\u017eenirji in strokovnjaki za nadzor kakovosti se zana\u0161ajo na to metodo, da ocenijo, kako se geotekstilije obna\u0161ajo pri natezni obremenitvi v resni\u010dnem svetu. V nasprotju z metodami z ozkimi trakovi se v standardu ASTM D4595 uporablja metoda nateznega preskusa s \u0161iroko \u0161irino, kar zmanj\u0161uje ...<\/p>\n<p class=\"read-more\"> <a class=\"\" href=\"https:\/\/www.qualitester.com\/sl\/standards\/astm-d4595\/\"> <span class=\"screen-reader-text\">ASTM D4595<\/span> Preberite ve\u010d \u00bb<\/a><\/p>","protected":false},"author":4,"featured_media":7906,"parent":4948,"menu_order":0,"comment_status":"closed","ping_status":"closed","template":"","meta":{"site-sidebar-layout":"default","site-content-layout":"default","ast-global-header-display":"","ast-main-header-display":"","ast-hfb-above-header-display":"","ast-hfb-below-header-display":"","ast-hfb-mobile-header-display":"","site-post-title":"","ast-breadcrumbs-content":"","ast-featured-img":"disabled","footer-sml-layout":"","theme-transparent-header-meta":"default","adv-header-id-meta":"","stick-header-meta":"","header-above-stick-meta":"","header-main-stick-meta":"","header-below-stick-meta":"","footnotes":""},"class_list":["post-7905","page","type-page","status-publish","has-post-thumbnail","hentry"],"_links":{"self":[{"href":"https:\/\/www.qualitester.com\/sl\/wp-json\/wp\/v2\/pages\/7905","targetHints":{"allow":["GET"]}}],"collection":[{"href":"https:\/\/www.qualitester.com\/sl\/wp-json\/wp\/v2\/pages"}],"about":[{"href":"https:\/\/www.qualitester.com\/sl\/wp-json\/wp\/v2\/types\/page"}],"author":[{"embeddable":true,"href":"https:\/\/www.qualitester.com\/sl\/wp-json\/wp\/v2\/users\/4"}],"replies":[{"embeddable":true,"href":"https:\/\/www.qualitester.com\/sl\/wp-json\/wp\/v2\/comments?post=7905"}],"version-history":[{"count":0,"href":"https:\/\/www.qualitester.com\/sl\/wp-json\/wp\/v2\/pages\/7905\/revisions"}],"up":[{"embeddable":true,"href":"https:\/\/www.qualitester.com\/sl\/wp-json\/wp\/v2\/pages\/4948"}],"wp:featuredmedia":[{"embeddable":true,"href":"https:\/\/www.qualitester.com\/sl\/wp-json\/wp\/v2\/media\/7906"}],"wp:attachment":[{"href":"https:\/\/www.qualitester.com\/sl\/wp-json\/wp\/v2\/media?parent=7905"}],"curies":[{"name":"wp","href":"https:\/\/api.w.org\/{rel}","templated":true}]}}