{"id":7691,"date":"2025-12-22T14:03:51","date_gmt":"2025-12-22T06:03:51","guid":{"rendered":"https:\/\/www.qualitester.com\/?page_id=7691"},"modified":"2025-12-22T14:05:35","modified_gmt":"2025-12-22T06:05:35","slug":"paper-tear-strength-test","status":"publish","type":"page","link":"https:\/\/www.qualitester.com\/sl\/applications\/paper-tear-strength-test\/","title":{"rendered":"Preskus trdnosti papirja pri trganju"},"content":{"rendered":"<h1 style=\"text-align: center;\" data-start=\"370\" data-end=\"882\">Test trdnosti papirja za trganje po Elmendorfu<br \/>\n<small>ASTM D689<\/small><\/h1>\n<hr \/>\n<p data-start=\"604\" data-end=\"964\"><img decoding=\"async\" class=\"wp-image-7700 alignleft\" src=\"https:\/\/www.qualitester.com\/wp-content\/uploads\/2025\/12\/Paper-Tear-Strength-Tester-297x300.webp\" alt=\"Preskus trdnosti papirja pri trganju\" width=\"208\" height=\"210\" srcset=\"https:\/\/www.qualitester.com\/wp-content\/uploads\/2025\/12\/Paper-Tear-Strength-Tester-297x300.webp 297w, https:\/\/www.qualitester.com\/wp-content\/uploads\/2025\/12\/Paper-Tear-Strength-Tester-150x150.webp 150w, https:\/\/www.qualitester.com\/wp-content\/uploads\/2025\/12\/Paper-Tear-Strength-Tester-12x12.webp 12w, https:\/\/www.qualitester.com\/wp-content\/uploads\/2025\/12\/Paper-Tear-Strength-Tester-100x100.webp 100w, https:\/\/www.qualitester.com\/wp-content\/uploads\/2025\/12\/Paper-Tear-Strength-Tester.webp 396w\" sizes=\"(max-width: 208px) 100vw, 208px\" \/><\/p>\n<p data-start=\"604\" data-end=\"964\">Spletna stran <strong data-start=\"608\" data-end=\"636\">preskus trdnosti papirja pri trganju<\/strong> opredeljeni v <strong data-start=\"648\" data-end=\"661\">ASTM D689<\/strong> je splo\u0161no sprejeta metoda za ocenjevanje notranje odpornosti papirja proti trganju. Namesto merjenja natezne poru\u0161itve se ta preskus osredoto\u010da na zmo\u017enost materiala, da se upre <strong data-start=\"838\" data-end=\"880\">\u0161irjenje solze po za\u010detni re\u017ei<\/strong>, ki natan\u010dno odra\u017ea dejanske po\u0161kodbe med pretvorbo, tiskanjem in kon\u010dno uporabo.<\/p>\n<p data-start=\"966\" data-end=\"1290\">Z uporabo kalibriranega <strong data-start=\"988\" data-end=\"1013\">Elmendorfov solzni tester<\/strong>, ASTM D689 zagotavlja ponovljiv in primerljiv pristop za dolo\u010danje trdnosti papirja pri trganju med razli\u010dnimi vrstami in sestavami vlaken. Ta \u010dlanek podrobno pojasnjuje preskusno metodo in pomaga laboratorijskemu osebju pri pravilni uporabi standarda in pridobivanju zanesljivih rezultatov.<\/p>\n<hr \/>\n<h2 data-start=\"1297\" data-end=\"1362\">Razumevanje <strong data-start=\"1314\" data-end=\"1327\">ASTM D689<\/strong> v delovanju Elmendorfovega testerja solz<\/h2>\n<p data-start=\"1364\" data-end=\"1670\"><strong data-start=\"1364\" data-end=\"1377\">ASTM D689<\/strong> dolo\u010da uporabo <strong data-start=\"1402\" data-end=\"1427\">Elmendorfov solzni tester<\/strong>, ki deluje po na\u010delu izgube energije. Ko nihalo niha skozi dolo\u010den lok, na dolo\u010deni razdalji raztrga eno ali ve\u010d plasti papirja. Zmanj\u0161anje potencialne energije neposredno ustreza <strong data-start=\"1646\" data-end=\"1669\">trdnost papirja pri trganju<\/strong>.<\/p>\n<p data-start=\"1672\" data-end=\"1944\">V nasprotju s stati\u010dnimi preskusi sile ta metoda dinami\u010dnega trganja zajame, kako se vlakna upirajo hitremu \u0161irjenju razpok. Standard omogo\u010da testiranje posameznih listov ali ve\u010d plasti, odvisno od trdnosti materiala, kar zagotavlja, da je izmerjena vrednost v optimalnem obmo\u010dju instrumenta.<\/p>\n<p data-start=\"1946\" data-end=\"1991\">Klju\u010dne zna\u010dilnosti metode ASTM D689 vklju\u010dujejo:<\/p>\n<ul data-start=\"1993\" data-end=\"2166\">\n<li data-start=\"1993\" data-end=\"2053\">\n<p data-start=\"1995\" data-end=\"2053\">Uporabljena sila trganja <strong data-start=\"2017\" data-end=\"2053\">pravokotno na ravnino papirja<\/strong><\/p>\n<\/li>\n<li data-start=\"2054\" data-end=\"2104\">\n<p data-start=\"2056\" data-end=\"2104\">Fiksna dol\u017eina trganja in nadzorovan za\u010detek trganja<\/p>\n<\/li>\n<li data-start=\"2105\" data-end=\"2166\">\n<p data-start=\"2107\" data-end=\"2166\">Meritev je izra\u017eena kot povpre\u010dna odpornost na trganje na plast<\/p>\n<\/li>\n<\/ul>\n<hr \/>\n<h2 data-start=\"2173\" data-end=\"2231\">Zakaj <strong data-start=\"2180\" data-end=\"2193\">ASTM D689<\/strong> Zadeve v laboratorijih za presku\u0161anje papirja<\/h2>\n<p data-start=\"2233\" data-end=\"2486\">ASTM D689 ima klju\u010dno vlogo pri nadzoru kakovosti in razvoju materialov, saj <strong data-start=\"2317\" data-end=\"2340\">trdnost papirja pri trganju<\/strong> neposredno vpliva na uporabnost in trajnost. Papirji z nezadostno odpornostjo na trganje se lahko med zgibanjem, vezavo ali pakiranjem po\u0161kodujejo.<\/p>\n<p data-start=\"2488\" data-end=\"2510\">Standard podpira:<\/p>\n<ul data-start=\"2512\" data-end=\"2675\">\n<li data-start=\"2512\" data-end=\"2560\">\n<p data-start=\"2514\" data-end=\"2560\">Redno spremljanje kakovosti proizvodnje papirja<\/p>\n<\/li>\n<li data-start=\"2561\" data-end=\"2606\">\n<p data-start=\"2563\" data-end=\"2606\">Primerjalna ocena med ocenami papirja<\/p>\n<\/li>\n<li data-start=\"2607\" data-end=\"2675\">\n<p data-start=\"2609\" data-end=\"2675\">Napovedovanje zmogljivosti, \u010de se uporablja skupaj z nateznimi preskusi in preskusi poru\u0161itve<\/p>\n<\/li>\n<\/ul>\n<p data-start=\"2677\" data-end=\"2833\">Ker je standard ASTM D689 usklajen z mednarodnimi metodami, kot sta ISO 1974 in TAPPI T414, omogo\u010da tudi dosledno primerjavo podatkov v globalnih dobavnih verigah.<\/p>\n<hr \/>\n<h2 data-start=\"4884\" data-end=\"4934\"><strong data-start=\"2843\" data-end=\"2871\">Preskus trdnosti papirja pri trganju<\/strong> in merjenje mo\u010di trganja papirja<\/h2>\n<p data-start=\"2912\" data-end=\"3118\">Spletna stran <strong data-start=\"2916\" data-end=\"2944\">preskus trdnosti papirja pri trganju<\/strong> po standardu ASTM D689 dolo\u010da povpre\u010dno silo, ki je potrebna za nadaljevanje raztrganine po njenem za\u010detku. Ta vrednost odra\u017ea notranjo vezavo vlaken, dol\u017eino vlaken in oblikovanje listov.<\/p>\n<p data-start=\"3120\" data-end=\"3163\">Pomembni tehni\u010dni vidiki so:<\/p>\n<ul data-start=\"3165\" data-end=\"3390\">\n<li data-start=\"3165\" data-end=\"3245\">\n<p data-start=\"3167\" data-end=\"3245\">Usmerjeno testiranje v <strong data-start=\"3190\" data-end=\"3216\">smer stroja (MD)<\/strong> in . <strong data-start=\"3221\" data-end=\"3245\">pre\u010dna smer (CD)<\/strong><\/p>\n<\/li>\n<li data-start=\"3246\" data-end=\"3316\">\n<p data-start=\"3248\" data-end=\"3316\">Uporaba ve\u010d plasti za zagotovitev, da so od\u010ditki blizu 40% polne skale<\/p>\n<\/li>\n<li data-start=\"3317\" data-end=\"3390\">\n<p data-start=\"3319\" data-end=\"3390\">Poro\u010danje o rezultatih za posamezen list, tudi \u010de se testira ve\u010d plasti<\/p>\n<\/li>\n<\/ul>\n<p data-start=\"3392\" data-end=\"3538\">Odpornost papirja na trganje se pogosto bistveno razlikuje med MD in CD, zato je za natan\u010dno opredelitev bistvenega pomena usmerjeno testiranje.<\/p>\n<hr \/>\n<h2>Postopki priprave vzorcev in presku\u0161anja v skladu z ASTM D689<\/h2>\n<p data-start=\"3614\" data-end=\"3693\">Ustrezna priprava vzorca zagotavlja veljavne in ponovljive rezultate v skladu z ASTM D689.<\/p>\n<p data-start=\"3695\" data-end=\"3846\"><strong data-start=\"3695\" data-end=\"3711\">Kondicioniranje<\/strong><br \/>\nPapirnate vzorce je treba pred za\u010detkom presku\u0161anja kondicionirati v standardnih atmosferskih pogojih, ki jih dolo\u010dajo ustrezne preskusne prakse.<\/p>\n<p data-start=\"3848\" data-end=\"4063\"><strong data-start=\"3848\" data-end=\"3866\">Nastavitev vzorca<\/strong><br \/>\nListi so zlo\u017eeni v zahtevano \u0161tevilo plasti z enakomerno usmerjenimi stranicami \u017eice. Vzorec se v sponkah izostri in uvede se za\u010detna zareza, ki usmerja \u0161irjenje raztrganine.<\/p>\n<p data-start=\"4065\" data-end=\"4294\"><strong data-start=\"4065\" data-end=\"4083\">Izvajanje testov<\/strong><br \/>\nUdarno nihalo se dvigne v za\u010detni polo\u017eaj in se gladko sprosti. Med trganjem vzorca kazalec bele\u017ei porabljeno energijo. Preskusnik zabele\u017ei povpre\u010dno silo trganja na fiksni razdalji trganja.<\/p>\n<p data-start=\"4296\" data-end=\"4505\"><strong data-start=\"4296\" data-end=\"4314\">Zapisovanje podatkov<\/strong><br \/>\nZa vsak preskus se zabele\u017eita \u0161tevilo plasti in od\u010ditek lestvice. Rezultati, ki ka\u017eejo neobi\u010dajne poti trganja ali odstopanje od predvidene linije trganja, se zavr\u017eejo v skladu s standardnimi merili.<\/p>\n<hr \/>\n<h2>Pogosti izzivi pri testiranju po standardu ASTM D689 in kako se jim izogniti<\/h2>\n<p>&nbsp;<\/p>\n<p data-start=\"4577\" data-end=\"4648\">Kljub svoji preprostosti zahteva standard ASTM D689 skrbno obravnavo podrobnosti.<\/p>\n<p data-start=\"4650\" data-end=\"4672\">Med najpogostej\u0161e te\u017eave spadajo:<\/p>\n<ul data-start=\"4674\" data-end=\"4865\">\n<li data-start=\"4674\" data-end=\"4739\">\n<p data-start=\"4676\" data-end=\"4739\"><strong data-start=\"4676\" data-end=\"4703\">Nepravilna izbira plasti<\/strong>, zaradi \u010desar so od\u010ditki izven obmo\u010dja<\/p>\n<\/li>\n<li data-start=\"4740\" data-end=\"4797\">\n<p data-start=\"4742\" data-end=\"4797\"><strong data-start=\"4742\" data-end=\"4768\">Neskladje v objemkah<\/strong>, kar povzro\u010da neenakomerno pot solz.<\/p>\n<\/li>\n<li data-start=\"4798\" data-end=\"4865\">\n<p data-start=\"4800\" data-end=\"4865\"><strong data-start=\"4800\" data-end=\"4838\">Nedosledna usmeritev na strani \u017eice<\/strong>, ki vpliva na ponovljivost<\/p>\n<\/li>\n<\/ul>\n<p data-start=\"4867\" data-end=\"5042\">Za zmanj\u0161anje napak morajo laboratoriji rutinsko preverjati kalibracijo instrumentov, upo\u0161tevati zahteve za ravnanje z vzorci in zavre\u010di neveljavne rezultate, kot je dolo\u010deno v standardu.<\/p>\n<hr \/>\n<h2 data-start=\"5049\" data-end=\"5108\">Izbira Elmendorfovega preizku\u0161evalca solz za skladnost z ASTM D689<\/h2>\n<figure id=\"attachment_7701\" aria-describedby=\"caption-attachment-7701\" style=\"width: 209px\" class=\"wp-caption alignright\"><a href=\"https:\/\/www.qualitester.com\/sl\/izdelek\/sld-01-elimendorf-tear-resistance-testing-machine\/\"><img fetchpriority=\"high\" decoding=\"async\" class=\"wp-image-7701\" src=\"https:\/\/www.qualitester.com\/wp-content\/uploads\/2025\/12\/Tear-Tester-SLD-01-239x300.jpg\" alt=\"test trdnosti papirja na pretrganje\" width=\"209\" height=\"262\" srcset=\"https:\/\/www.qualitester.com\/wp-content\/uploads\/2025\/12\/Tear-Tester-SLD-01-239x300.jpg 239w, https:\/\/www.qualitester.com\/wp-content\/uploads\/2025\/12\/Tear-Tester-SLD-01-10x12.jpg 10w, https:\/\/www.qualitester.com\/wp-content\/uploads\/2025\/12\/Tear-Tester-SLD-01.jpg 318w\" sizes=\"(max-width: 209px) 100vw, 209px\" \/><\/a><figcaption id=\"caption-attachment-7701\" class=\"wp-caption-text\">Tester za trganje SLD-01<\/figcaption><\/figure>\n<p data-start=\"5110\" data-end=\"5305\">\u010ceprav se standard ASTM D689 osredoto\u010da na metodologijo in ne na blagovne znamke opreme, mora tester izpolnjevati klju\u010dne zahteve glede zmogljivosti, vklju\u010dno z natan\u010dnostjo nihala, stabilnim vpenjanjem in natan\u010dno lo\u010dljivostjo skale.<\/p>\n<p data-start=\"5110\" data-end=\"5305\">\n<p data-start=\"5307\" data-end=\"5626\">Sodobni Elmendorfovi solzni testerji, kot je npr. <strong data-start=\"5350\" data-end=\"5377\"><a href=\"http:\/\/celtec.cn\" rel=\"nofollow noopener\" target=\"_blank\">Instrumenti za celice<\/a> <a href=\"https:\/\/www.qualitester.com\/sl\/izdelek\/sld-01-elimendorf-tear-resistance-testing-machine\/\">SLD-01<\/a><\/strong>, so zasnovani tako, da podpirajo presku\u0161anje po standardu ASTM D689 z nadzorovanim spro\u0161\u010danjem nihala, jasno \u010ditljivo skalo in prilagodljivim vpenjanjem vzorcev.<\/p>\n<p data-start=\"5307\" data-end=\"5626\">Te lastnosti pomagajo laboratorijem ohraniti doslednost pri uporabi standarda na razli\u010dnih vrstah papirja.<\/p>\n<p data-start=\"5307\" data-end=\"5626\">\n<p data-start=\"5307\" data-end=\"5626\">\n<hr \/>\n<h2 data-start=\"5388\" data-end=\"5870\">Zaklju\u010dek<\/h2>\n<p data-start=\"5648\" data-end=\"6000\">Spletna stran <strong data-start=\"5652\" data-end=\"5690\">Preskus trdnosti papirja pri trganju po standardu ASTM D689<\/strong> ostaja temeljna metoda za ocenjevanje notranje odpornosti proti trganju papirnih materialov. Z upo\u0161tevanjem dolo\u010denih preskusnih postopkov, zagotavljanjem pravilne priprave vzorca in razumevanjem na\u010del, ki stojijo za Elmendorfovim testerjem, lahko laboratoriji pridobijo natan\u010dne in primerljive podatke o trdnosti pri trganju.<\/p>\n<p data-start=\"6002\" data-end=\"6177\">Ob pravilni uporabi standard ASTM D689 zagotavlja dragocen vpogled v zmogljivost papirja, podpira nadzor kakovosti, razvoj izdelkov in skladnost s pri\u010dakovanji industrije.<\/p>\n<h2>Pogosta vpra\u0161anja<\/h2>\n<p data-start=\"166\" data-end=\"445\"><strong data-start=\"166\" data-end=\"201\">V1: Za kaj se uporablja standard ASTM D689?<\/strong><br data-start=\"201\" data-end=\"204\" \/><strong data-start=\"204\" data-end=\"210\">A:<\/strong> ASTM D689 opredeljuje <strong data-start=\"233\" data-end=\"261\">preskus trdnosti papirja pri trganju<\/strong> z uporabo Elmendorfovega solzilnika. Z njim se izmeri <strong data-start=\"310\" data-end=\"350\">notranja odpornost papirja na trganje<\/strong> in pomaga predvideti, kako se bo papir obnesel pri predelavi, tiskanju ali kon\u010dni uporabi.<\/p>\n<p data-start=\"447\" data-end=\"702\"><strong data-start=\"447\" data-end=\"505\">V2: Katere vrste papirja je mogo\u010de testirati z ASTM D689?<\/strong><br data-start=\"505\" data-end=\"508\" \/><strong data-start=\"508\" data-end=\"514\">A:<\/strong> Standard velja za ve\u010dino vrst papirja, vklju\u010dno s tiskarskim, embala\u017enim in posebnim papirjem. Ni primeren za zelo usmerjene plo\u0161\u010de, pri katerih je pre\u010dno usmerjeno trganje kriti\u010dno.<\/p>\n<p data-start=\"704\" data-end=\"943\"><strong data-start=\"704\" data-end=\"744\">V3: Koliko plasti je treba preskusiti?<\/strong><br data-start=\"744\" data-end=\"747\" \/><strong data-start=\"747\" data-end=\"753\">A:<\/strong> \u0160tevilo plasti je izbrano tako, da je energija trganja blizu 40% polnega obsega instrumenta. To zagotavlja natan\u010dne od\u010ditke, ne da bi preobremenili Elmendorfov trgalni tester.<\/p>\n<p data-start=\"945\" data-end=\"1195\"><strong data-start=\"945\" data-end=\"990\">V4: Zakaj je kondicioniranje vzorca pomembno?<\/strong><br data-start=\"990\" data-end=\"993\" \/><strong data-start=\"993\" data-end=\"999\">A:<\/strong> Papir je treba kondicionirati v standardnih atmosferskih pogojih, da se stabilizira vsebnost vlage. S tem se prepre\u010dijo razlike v rezultatih odpornosti na trganje, ki jih povzro\u010dajo nihanja vlage ali temperature.<\/p>\n<p>&nbsp;<\/p>","protected":false},"excerpt":{"rendered":"<p>Paper Tear Strength Test by Elmendorf ASTM D689 The paper tear strength test defined in ASTM D689 is a widely accepted method for evaluating the internal tearing resistance of paper. Rather than measuring tensile failure, this test focuses on a material\u2019s ability to resist tear propagation after an initial slit, which closely reflects real-world damage &hellip;<\/p>\n<p class=\"read-more\"> <a class=\"\" href=\"https:\/\/www.qualitester.com\/sl\/applications\/paper-tear-strength-test\/\"> <span class=\"screen-reader-text\">Preskus trdnosti papirja pri trganju<\/span> Preberite ve\u010d \u00bb<\/a><\/p>","protected":false},"author":8,"featured_media":0,"parent":6794,"menu_order":0,"comment_status":"closed","ping_status":"closed","template":"","meta":{"site-sidebar-layout":"default","site-content-layout":"default","ast-global-header-display":"","ast-main-header-display":"","ast-hfb-above-header-display":"","ast-hfb-below-header-display":"","ast-hfb-mobile-header-display":"","site-post-title":"","ast-breadcrumbs-content":"","ast-featured-img":"","footer-sml-layout":"","theme-transparent-header-meta":"default","adv-header-id-meta":"","stick-header-meta":"","header-above-stick-meta":"","header-main-stick-meta":"","header-below-stick-meta":"","footnotes":""},"class_list":["post-7691","page","type-page","status-publish","hentry"],"_links":{"self":[{"href":"https:\/\/www.qualitester.com\/sl\/wp-json\/wp\/v2\/pages\/7691","targetHints":{"allow":["GET"]}}],"collection":[{"href":"https:\/\/www.qualitester.com\/sl\/wp-json\/wp\/v2\/pages"}],"about":[{"href":"https:\/\/www.qualitester.com\/sl\/wp-json\/wp\/v2\/types\/page"}],"author":[{"embeddable":true,"href":"https:\/\/www.qualitester.com\/sl\/wp-json\/wp\/v2\/users\/8"}],"replies":[{"embeddable":true,"href":"https:\/\/www.qualitester.com\/sl\/wp-json\/wp\/v2\/comments?post=7691"}],"version-history":[{"count":0,"href":"https:\/\/www.qualitester.com\/sl\/wp-json\/wp\/v2\/pages\/7691\/revisions"}],"up":[{"embeddable":true,"href":"https:\/\/www.qualitester.com\/sl\/wp-json\/wp\/v2\/pages\/6794"}],"wp:attachment":[{"href":"https:\/\/www.qualitester.com\/sl\/wp-json\/wp\/v2\/media?parent=7691"}],"curies":[{"name":"wp","href":"https:\/\/api.w.org\/{rel}","templated":true}]}}