{"id":7600,"date":"2025-12-04T14:34:44","date_gmt":"2025-12-04T06:34:44","guid":{"rendered":"https:\/\/www.qualitester.com\/?page_id=7600"},"modified":"2025-12-04T14:48:36","modified_gmt":"2025-12-04T06:48:36","slug":"astm-d5884","status":"publish","type":"page","link":"https:\/\/www.qualitester.com\/sl\/standards\/astm-d5884\/","title":{"rendered":"ASTM D5884"},"content":{"rendered":"<h1 style=\"text-align: center;\" data-start=\"469\" data-end=\"1057\">ASTM D5884<br \/>\nPreskus trdnosti geomembran pri trganju<\/h1>\n<p data-start=\"469\" data-end=\"1057\">ASTM D5884 je splo\u0161no priznana preskusna metoda za dolo\u010danje pretr\u017ene trdnosti notranje oja\u010danih geomembran. Ker se geomembrane \u0161e naprej uporabljajo v zahtevnih okoljskih in gradbenih aplikacijah, kot so odlagali\u0161\u010da, rezervoarji, strukture za \u010di\u0161\u010denje odpadnih voda in zadr\u017eevanje rudnikov, postaja njihova vzdr\u017eljivost proti trganju klju\u010dni kazalnik u\u010dinkovitosti. Ta standard ponuja jasen in prakti\u010den pristop, ki in\u017eenirjem, proizvajalcem in strokovnjakom za nadzor kakovosti omogo\u010da, da ocenijo, kako se oja\u010dane membrane obna\u0161ajo, ko so izpostavljene raztrganju.<\/p>\n<h2 data-start=\"1332\" data-end=\"1414\">Mo\u010d pri trganju geomembran<\/h2>\n<p data-start=\"1415\" data-end=\"1802\">Standard se osredoto\u010da na merjenje trdnosti pri trganju s pomo\u010djo <strong data-start=\"1474\" data-end=\"1497\">testiranje trganja jezika<\/strong>, metodo, ki lahko odra\u017ea, kako se raztrganina \u0161iri po oja\u010dani geomembrani. Medtem ko sta natezna trdnost in odpornost na prebadanje \u0161e vedno bistveni za splo\u0161no zmogljivost, odpornost na trganje pomaga napovedati, kako se membrana obna\u0161a, ko je po\u0161kodovana med vgradnjo ali obremenjena v obratovalnih pogojih.<\/p>\n<p data-start=\"1804\" data-end=\"2088\">Pri geomembranah, oja\u010danih s tekstilom, na rezultate preskusa vplivajo porazdelitev vlaken, smer napetosti in vrsta oja\u010ditve. Zato standard ASTM D5884 zagotavlja strukturiran in nadzorovan postopek za zagotavljanje skladnosti med laboratoriji in med proizvodnimi serijami.<\/p>\n<h2 data-start=\"1332\" data-end=\"1414\">Na\u010delo presku\u0161anja raztrganosti geomembran<\/h2>\n<p data-start=\"2133\" data-end=\"2246\">ASTM D5884 ocenjuje najve\u010djo obremenitev, ki je potrebna za nadaljevanje raztrganine, ki se je za\u010dela v vzorcu. Metoda vklju\u010duje:<\/p>\n<ul>\n<li data-start=\"2250\" data-end=\"2303\">Priprava vzorcev s standardiziranim rezom jezika.<\/li>\n<li data-start=\"2306\" data-end=\"2393\">Orientacija vzorcev v smeri stroja (MD) in v pre\u010dni smeri stroja (CMD).<\/li>\n<li data-start=\"2396\" data-end=\"2464\">Uporabljajte nadzorovano hitrost premikanja, dokler se raztrganina ne raz\u0161iri.<\/li>\n<li data-start=\"2467\" data-end=\"2530\">zabele\u017eite najve\u010djo obremenitev, ki predstavlja trdnost pri trganju.<\/li>\n<\/ul>\n<p data-start=\"2532\" data-end=\"2937\">Standard poudarja, da je obna\u0161anje pri trganju mo\u010dno odvisno od strukture membrane, razporeditve napetosti in hitrosti deformacije. Zaradi tega je treba rezultate preskusov razlagati kot uspe\u0161nost v dolo\u010denih pogojih in ne kot absolutne kazalnike trajnosti na terenu.<\/p>\n<h2 data-start=\"2944\" data-end=\"2986\">Klju\u010dni koraki postopka preskusa raztrganosti in natezne trdnosti po standardu ASTM D5884<\/h2>\n<p data-start=\"2987\" data-end=\"3087\">Strokovnjaki se zana\u0161ajo na to metodo, ker njen postopek korak za korakom odpravlja variabilnost testiranja:<\/p>\n<h3 data-start=\"3089\" data-end=\"3115\">1. Postavitev vzorca<\/h3>\n<p data-start=\"3116\" data-end=\"3285\">Vsak primerek je vpet tako, da sta jezi\u010dka v dr\u017ealih natan\u010dno poravnana. Priporo\u010dena lo\u010ditev prijemal ohranja dosledno geometrijo trganja in zmanj\u0161uje popa\u010denje.<\/p>\n<h3 data-start=\"3287\" data-end=\"3317\">2. Nadzorovana hitrost testiranja<\/h3>\n<p data-start=\"3318\" data-end=\"3511\">Stopnja premikanja <strong data-start=\"3341\" data-end=\"3358\">50 \u00b1 2 mm\/min<\/strong> zagotavlja stabilno hitrost \u0161irjenja solz. Krivulja sile se spremlja s pomo\u010djo avtografske ali digitalne snemalne naprave, ki lahko zajame najvi\u0161je vrednosti.<\/p>\n<h3 data-start=\"3513\" data-end=\"3544\">3. Spremljanje smeri trganja<\/h3>\n<p data-start=\"3545\" data-end=\"3734\">\u010ce se vzorec raztrga zunaj predvidene smeri reza ali se obna\u0161a nedosledno - obi\u010dajno odstopa od povpre\u010dja za ve\u010d kot 25% -, je treba po standardu ASTM D5884 za ohranitev celovitosti podatkov opraviti ponovno presku\u0161anje.<\/p>\n<h3 data-start=\"3736\" data-end=\"3756\">4. Poro\u010danje o podatkih<\/h3>\n<p data-start=\"3757\" data-end=\"3909\">Za vsako smer (MD in CMD) so rezultati petih veljavnih vzorcev povpre\u010deni, izra\u010dunana sta standardni odklon in koeficient variacije.<\/p>\n<h2 data-start=\"3916\" data-end=\"3980\">Izbolj\u0161anje testiranja ASTM D5884 z nateznim testerjem TST-01<\/h2>\n<p data-start=\"3981\" data-end=\"4188\"><img fetchpriority=\"high\" decoding=\"async\" class=\"size-medium wp-image-7601 alignleft\" src=\"https:\/\/www.qualitester.com\/wp-content\/uploads\/2025\/12\/ASTM-D5884-Geomembrane-Tongue-Tear-Strength-Testing-300x300.webp\" alt=\"ASTM D5884 Preizku\u0161anje trdnosti geomembranskega jezika\" width=\"300\" height=\"300\" srcset=\"https:\/\/www.qualitester.com\/wp-content\/uploads\/2025\/12\/ASTM-D5884-Geomembrane-Tongue-Tear-Strength-Testing-300x300.webp 300w, https:\/\/www.qualitester.com\/wp-content\/uploads\/2025\/12\/ASTM-D5884-Geomembrane-Tongue-Tear-Strength-Testing-150x150.webp 150w, https:\/\/www.qualitester.com\/wp-content\/uploads\/2025\/12\/ASTM-D5884-Geomembrane-Tongue-Tear-Strength-Testing-12x12.webp 12w, https:\/\/www.qualitester.com\/wp-content\/uploads\/2025\/12\/ASTM-D5884-Geomembrane-Tongue-Tear-Strength-Testing-100x100.webp 100w, https:\/\/www.qualitester.com\/wp-content\/uploads\/2025\/12\/ASTM-D5884-Geomembrane-Tongue-Tear-Strength-Testing.webp 600w\" sizes=\"(max-width: 300px) 100vw, 300px\" \/><\/p>\n<p data-start=\"3981\" data-end=\"4188\">Za pridobitev natan\u010dnih in ponovljivih podatkov o trdnosti pri trganju je bistvenega pomena zanesljiv preskusni instrument. Na spletni strani . <strong data-start=\"4090\" data-end=\"4132\">Celi\u010dni instrumenti TST-01 <a href=\"https:\/\/www.qualitester.com\/sl\/izdelek\/tst-01-tensile-tester\/\" target=\"_blank\" rel=\"noopener\">Napenjalni tester<\/a><\/strong> ponuja laboratorijem za geomembrane ve\u010d prednosti:<\/p>\n<ul>\n<li data-start=\"4192\" data-end=\"4269\">Zelo natan\u010den nadzor s sistemom, ki ga poganja PLC, in prikazom krivulje v realnem \u010dasu<\/li>\n<li data-start=\"4272\" data-end=\"4351\">Natan\u010dnost premikanja \u00b10,01 mm, idealna za snemanje najve\u010djih obremenitev pri trganju<\/li>\n<li data-start=\"4354\" data-end=\"4440\">\u0160irok razpon hitrosti od 1 do 500 mm\/min, popolnoma zdru\u017eljiv z zahtevami ASTM D5884<\/li>\n<li data-start=\"4443\" data-end=\"4537\">Prilagodljivost ve\u010d prijemali\u0161\u010d za preskuse trdnosti pri trganju jezika, natezanju, lu\u0161\u010denju, prebadanju in tesnjenju<\/li>\n<li data-start=\"4540\" data-end=\"4621\">Robustna konstrukcija okvirja za te\u017eke materiale, kot so oja\u010dane geomembrane<\/li>\n<\/ul>\n<p data-start=\"4623\" data-end=\"4893\">TST-01 s posebnimi nastavki in prilagodljivo dol\u017eino hoda zagotavlja stabilen oprijem, enakomerno obremenitev in natan\u010dno sledenje \u0161irjenju solze. To pomaga skupinam za nadzor kakovosti zmanj\u0161ati variabilnost in okrepiti zaupanje v poro\u010danje o skladnosti.<\/p>\n<h2 data-start=\"4900\" data-end=\"4954\">Zakaj je ASTM D5884 pomemben za strokovnjake v industriji<\/h2>\n<p data-start=\"4955\" data-end=\"5011\">Strokovnjaki se zana\u0161ajo na ta standard, ker zagotavlja:<\/p>\n<ul>\n<li data-start=\"5015\" data-end=\"5076\">Zanesljiva primerjava med razli\u010dnimi armaturnimi tkaninami<\/li>\n<li data-start=\"5079\" data-end=\"5148\">Vpogled v smerno obna\u0161anje pri trganju, ki je klju\u010dnega pomena za oblikovanje materialov<\/li>\n<li data-start=\"5151\" data-end=\"5204\">Ve\u010dja doslednost nadzora kakovosti v vseh proizvodnih ciklih<\/li>\n<li data-start=\"5207\" data-end=\"5276\">Jasna navodila za laboratorije, ki izvajajo preverjanje u\u010dinkovitosti<\/li>\n<\/ul>\n<p data-start=\"5278\" data-end=\"5477\">Z uporabo <a href=\"https:\/\/store.astm.org\/d5884_d5884m-23.html?_gl=1*1hf3zry*_gcl_aw*R0NMLjE3NjM5NDU0OTkuQ2p3S0NBaUFfb3JKQmhCTkVpd0FCa2Rtakl1ZUdDLXhVaVVDQU1pc3U5M0dSc2ZVWDRaaHlCeEV1UjBVYzR3UkpsOU11NUVQbzJpQjFob0NabFFRQXZEX0J3RQ..*_gcl_au*MTIwMjYzMjg5OS4xNzU4MDAzNDE5\" target=\"_blank\" rel=\"noopener nofollow\">ASTM D5884<\/a> s pravilno konfigurirano opremo lahko proizvajalci in agencije za testiranje bolje ocenijo trajnost membran in izberejo oja\u010ditvene strukture, ki zagotavljajo dolgoro\u010dno stabilnost.<\/p>\n<h2 data-start=\"305\" data-end=\"371\"><strong data-start=\"308\" data-end=\"371\">Pogosta vpra\u0161anja o standardu ASTM D5884 in presku\u0161anju trdnosti geomembran<\/strong><\/h2>\n<p><strong data-start=\"377\" data-end=\"403\">1. Kaj je ASTM D5884?<br \/>\n<\/strong>ASTM D5884 je standardizirana metoda za dolo\u010danje pretr\u017ene trdnosti notranje armiranih geomembran z uporabo postopka trganja z jezi\u010dkom. Zagotavlja dosleden na\u010din ocenjevanja obna\u0161anja oja\u010dane membrane, ko je podvr\u017eena kontrolirani sili trganja.<\/p>\n<p><strong data-start=\"676\" data-end=\"732\">2. Zakaj je v standardu ASTM D5884 uporabljena metoda trganja jezika?<br \/>\n<\/strong>Metoda trganja z jezikom zagotavlja, da se trganje \u0161iri predvidljivo po celotnem vzorcu. To pomaga oceniti smerno raztrganost - kar je \u0161e posebej pomembno za oja\u010dane geomembrane, pri katerih usmerjenost vlaken vpliva na mehansko obna\u0161anje.<\/p>\n<p><strong data-start=\"985\" data-end=\"1049\">3. Katere vrste geomembran je mogo\u010de testirati z ASTM D5884?<br \/>\n<\/strong>Metoda se uporablja zlasti za <strong data-start=\"1087\" data-end=\"1125\">notranje oja\u010dane geomembrane<\/strong> ki vsebujejo tekstilne tkanine ali \u0161\u010ditnike. Ti se pogosto uporabljajo na odlagali\u0161\u010dih, v rudarstvu, zadr\u017eevalnih bazenih in projektih okoljskega in\u017eeniringa.<\/p>\n<p><strong data-start=\"1280\" data-end=\"1352\">4. Kaj pomenita \u201csmer stroja\u201d in \u201cnavzkri\u017ena smer stroja\u201d?<\/strong><\/p>\n<ul data-start=\"1355\" data-end=\"1652\">\n<li data-start=\"1355\" data-end=\"1446\">\n<p data-start=\"1357\" data-end=\"1446\"><strong data-start=\"1357\" data-end=\"1384\">Smer stroja (MD):<\/strong> Smer, v katero potuje geomembrana med izdelavo.<\/p>\n<\/li>\n<li data-start=\"1447\" data-end=\"1652\">\n<p data-start=\"1449\" data-end=\"1652\"><strong data-start=\"1449\" data-end=\"1483\">Navzkri\u017ena smer stroja (CMD):<\/strong> Pravokotno na smer stroja.<br data-start=\"1523\" data-end=\"1526\" \/>ASTM D5884 zahteva testiranje v obeh smereh, saj se lahko trdnost pri trganju bistveno razlikuje glede na usmerjenost armature.<\/p>\n<\/li>\n<\/ul>\n<p><strong data-start=\"1658\" data-end=\"1700\">5. Kako se izra\u010duna trdnost pri trganju?<br \/>\n<\/strong>Mo\u010d pri trganju je <strong data-start=\"1727\" data-end=\"1775\">najve\u010dja obremenitev, zabele\u017eena med \u0161irjenjem raztrganine<\/strong> po celotnem vzorcu. ASTM D5884 zahteva pet veljavnih meritev v vsaki smeri in kot kon\u010dni rezultat uporabi povpre\u010dje.<\/p>\n<p><strong data-start=\"1906\" data-end=\"1966\">6. Katera oprema je najprimernej\u0161a za testiranje po standardu ASTM D5884?<br \/>\n<\/strong>Potreben je zelo natan\u010den stroj za natezno presku\u0161anje s stabilnim nadzorom hitrosti in zdru\u017eljivimi vpenjalnimi nastavki.<br \/>\nSpletna stran <strong data-start=\"2088\" data-end=\"2130\">Celi\u010dni instrumenti TST-01 Napenjalni tester<\/strong> se pogosto priporo\u010da zaradi:<\/p>\n<ul>\n<li data-start=\"2171\" data-end=\"2210\">Natan\u010den nadzor hitrosti (1-500 mm\/min)<\/li>\n<li data-start=\"2213\" data-end=\"2246\">Natan\u010dnost premikanja \u00b10,01 mm<\/li>\n<li data-start=\"2249\" data-end=\"2290\">Mo\u010dno vpenjanje in vsestranskost priprave<\/li>\n<li data-start=\"2293\" data-end=\"2424\">Prikaz krivulje sile in premikanja v realnem \u010dasu<br data-start=\"2335\" data-end=\"2338\" \/>Te lastnosti pomagajo laboratorijem pridobiti zanesljive in ponovljive podatke o trdnosti solz.<\/li>\n<\/ul>\n<p><strong data-start=\"2430\" data-end=\"2482\">7. Ali lahko ASTM D5884 predvideva realno trajnost?<br \/>\n<\/strong>Ne neposredno. ASTM D5884 meri odpornost proti raztrganju <strong data-start=\"2535\" data-end=\"2577\">v nadzorovanih laboratorijskih pogojih<\/strong>. \u010ceprav omogo\u010da primerjavo in nadzor kakovosti, je dejanska trajnost odvisna od na\u010dina vgradnje, izpostavljenosti okolju in dejavnikov mehanskih obremenitev.<\/p>\n<p><strong data-start=\"2756\" data-end=\"2810\">8. Kako oja\u010ditev vpliva na trdnost pri trganju?<br \/>\n<\/strong>Vrsta oja\u010ditve, porazdelitev vlaken in struktura tekstila mo\u010dno vplivajo na \u0161irjenje raztrganine. Razli\u010dne tkanine ali usmeritve tkanin lahko povzro\u010dijo zelo razli\u010dne trdnosti pri trganju MD in CMD, ki jih pomaga kvantificirati preskus ASTM D5884.<\/p>\n<p><strong data-start=\"3397\" data-end=\"3466\">9. Ali podjetje Cell Instruments ponuja pripravke po meri za standard ASTM D5884?<br \/>\n<\/strong>Da. Celi\u010dni instrumenti se lahko razvijejo <strong data-start=\"3503\" data-end=\"3531\">vpenjalne naprave po meri<\/strong> in oja\u010ditve, posebej zasnovane za preskuse trganja jezika. To zagotavlja pravilno poravnavo, minimalno drsenje in natan\u010den zajem sile za oja\u010dane geomembrane.<\/p>","protected":false},"excerpt":{"rendered":"<p>ASTM D5884 Preskus trdnosti geomembran ASTM D5884 je splo\u0161no priznana preskusna metoda za dolo\u010danje trdnosti geomembran z notranjo oja\u010ditvijo. Ker se geomembrane \u0161e naprej uporabljajo v zahtevnih okoljskih in gradbenih aplikacijah, kot so odlagali\u0161\u010da odpadkov, rezervoarji, strukture za \u010di\u0161\u010denje odpadnih voda in zadr\u017eevanje rudnikov, postaja njihova vzdr\u017eljivost proti trganju klju\u010dni kazalnik u\u010dinkovitosti. Ta ...<\/p>\n<p class=\"read-more\"> <a class=\"\" href=\"https:\/\/www.qualitester.com\/sl\/standards\/astm-d5884\/\"> <span class=\"screen-reader-text\">ASTM D5884<\/span> Preberite ve\u010d \u00bb<\/a><\/p>","protected":false},"author":4,"featured_media":7601,"parent":4948,"menu_order":0,"comment_status":"closed","ping_status":"closed","template":"","meta":{"site-sidebar-layout":"default","site-content-layout":"default","ast-global-header-display":"","ast-main-header-display":"","ast-hfb-above-header-display":"","ast-hfb-below-header-display":"","ast-hfb-mobile-header-display":"","site-post-title":"disabled","ast-breadcrumbs-content":"","ast-featured-img":"disabled","footer-sml-layout":"","theme-transparent-header-meta":"default","adv-header-id-meta":"","stick-header-meta":"","header-above-stick-meta":"","header-main-stick-meta":"","header-below-stick-meta":"","footnotes":""},"class_list":["post-7600","page","type-page","status-publish","has-post-thumbnail","hentry"],"_links":{"self":[{"href":"https:\/\/www.qualitester.com\/sl\/wp-json\/wp\/v2\/pages\/7600","targetHints":{"allow":["GET"]}}],"collection":[{"href":"https:\/\/www.qualitester.com\/sl\/wp-json\/wp\/v2\/pages"}],"about":[{"href":"https:\/\/www.qualitester.com\/sl\/wp-json\/wp\/v2\/types\/page"}],"author":[{"embeddable":true,"href":"https:\/\/www.qualitester.com\/sl\/wp-json\/wp\/v2\/users\/4"}],"replies":[{"embeddable":true,"href":"https:\/\/www.qualitester.com\/sl\/wp-json\/wp\/v2\/comments?post=7600"}],"version-history":[{"count":0,"href":"https:\/\/www.qualitester.com\/sl\/wp-json\/wp\/v2\/pages\/7600\/revisions"}],"up":[{"embeddable":true,"href":"https:\/\/www.qualitester.com\/sl\/wp-json\/wp\/v2\/pages\/4948"}],"wp:featuredmedia":[{"embeddable":true,"href":"https:\/\/www.qualitester.com\/sl\/wp-json\/wp\/v2\/media\/7601"}],"wp:attachment":[{"href":"https:\/\/www.qualitester.com\/sl\/wp-json\/wp\/v2\/media?parent=7600"}],"curies":[{"name":"wp","href":"https:\/\/api.w.org\/{rel}","templated":true}]}}