{"id":7562,"date":"2025-11-07T10:48:52","date_gmt":"2025-11-07T02:48:52","guid":{"rendered":"https:\/\/www.qualitester.com\/?page_id=7562"},"modified":"2025-11-07T10:48:52","modified_gmt":"2025-11-07T02:48:52","slug":"trapezoidal-tear-strength-testing","status":"publish","type":"page","link":"https:\/\/www.qualitester.com\/sl\/applications\/trapezoidal-tear-strength-testing\/","title":{"rendered":"Preizku\u0161anje trdnosti trapeznega raztrganja"},"content":{"rendered":"<h1 style=\"text-align: center;\" data-start=\"445\" data-end=\"463\">Preizku\u0161anje trdnosti trapeznega raztrganja<br \/>\nASTM D4533<\/h1>\n<p data-start=\"465\" data-end=\"950\">Spletna stran <strong data-start=\"469\" data-end=\"503\">trapezoidni preskus trdnosti pri trganju<\/strong> je temeljna metoda za ocenjevanje odpornosti tkanih in netkanih materialov, zlasti geotekstilov in industrijskih tkanin, na trganje. Proizvajalcem, raziskovalcem in in\u0161pektorjem za kakovost pomaga pri dolo\u010danju vzdr\u017eljivosti materiala, kadar je izpostavljen raztrganju. Ta preskus, standardiziran v <a href=\"https:\/\/www.qualitester.com\/sl\/standards\/astm-d4533\/\" target=\"_blank\" rel=\"noopener\"><strong data-start=\"801\" data-end=\"815\">ASTM D4533<\/strong><\/a>, meri <em data-start=\"830\" data-end=\"873\">trapezoidna trdnost geotekstilov pri trganju<\/em> in ponuja dragocen vpogled v delovanje izdelka med prakti\u010dno uporabo.<\/p>\n<p data-start=\"952\" data-end=\"1268\">V panogah, kot so <strong data-start=\"971\" data-end=\"1024\">embala\u017ea, tekstil in geotehni\u010dno in\u017eenirstvo.<\/strong>, razumevanje odpornosti proti trganju zagotavlja zanesljivo delovanje materialov pri mehanskih obremenitvah. Podjetja, kot so npr. <strong data-start=\"1139\" data-end=\"1159\">Instrumenti za celice<\/strong> zagotoviti napredne <strong data-start=\"1177\" data-end=\"1204\">sistemi za natezno testiranje<\/strong> ki natan\u010dno izvajajo ta preskus za razli\u010dne materiale.<\/p>\n<hr data-start=\"1270\" data-end=\"1273\" \/>\n<h2 data-start=\"1275\" data-end=\"1324\">Kaj je trapezoidni test mo\u010di trganja?<\/h2>\n<p data-start=\"1326\" data-end=\"1638\">S trapezoidnim preskusom trdnosti pri trganju se dolo\u010di <strong data-start=\"1376\" data-end=\"1414\">sila, ki je potrebna za \u0161irjenje raztrganine<\/strong> v vzor\u010dnem materialu v obliki trapeza. Edinstvena geometrija omogo\u010da nadzorovan razvoj raztrganine in daje dosledne rezultate, ki ka\u017eejo, da je raztrganina <strong data-start=\"1576\" data-end=\"1635\">natezna trdnost tkanin ali geotekstilij.<\/strong>.<\/p>\n<p data-start=\"1640\" data-end=\"1925\">Ta metoda je \u0161e posebej uporabna, ker simulira resni\u010dne razmere, v katerih se lahko majhni vbodi ali rezi pod napetostjo raz\u0161irijo. Rezultati preskusa odra\u017eajo, kako dobro se material upira tak\u0161nemu \u0161irjenju, zaradi \u010desar je to klju\u010dna metrika za <strong data-start=\"1878\" data-end=\"1922\">celovitost tkanin in zanesljivost izdelkov<\/strong>.<\/p>\n<hr data-start=\"1927\" data-end=\"1930\" \/>\n<h2 data-start=\"1932\" data-end=\"1980\">ASTM D4533 - Standardna preskusna metoda za presku\u0161anje trdnosti trapezoidnega raztrganja<\/h2>\n<p data-start=\"1982\" data-end=\"2247\">Spletna stran <strong data-start=\"1986\" data-end=\"2009\">Standard ASTM D4533<\/strong> vsebuje uradna navodila za izvajanje preskusa trapezne trdnosti pri trganju. Postopek se uporablja za ve\u010dino <strong data-start=\"2120\" data-end=\"2164\">tkani, netkani in ve\u010dplastni geotekstil<\/strong>, vklju\u010dno s pleteninami in klobu\u010devino, ki se uporabljajo v gradbeni\u0161tvu.<\/p>\n<p data-start=\"2249\" data-end=\"2285\"><strong data-start=\"2249\" data-end=\"2283\">Klju\u010dni koraki testa vklju\u010dujejo:<\/strong><\/p>\n<ul>\n<li data-start=\"2288\" data-end=\"2368\">Vzorec razre\u017eite v trapezno obliko z majhno zarezo na sredini.<\/li>\n<li data-start=\"2371\" data-end=\"2441\">Dve neparalelni stranici vpnemo v <strong data-start=\"2411\" data-end=\"2438\">stroj za natezno testiranje<\/strong>.<\/li>\n<li data-start=\"2444\" data-end=\"2529\">Uporaba neprekinjene vle\u010dne sile s konstantno hitrostjo (obi\u010dajno 300 \u00b1 10 mm\/min).<\/li>\n<li data-start=\"2532\" data-end=\"2605\">bele\u017eenje najve\u010dje sile trganja iz <strong data-start=\"2577\" data-end=\"2602\">krivulja sile in raztezanja<\/strong>.<\/li>\n<\/ul>\n<p data-start=\"2607\" data-end=\"2806\">Spletna stran <strong data-start=\"2611\" data-end=\"2628\">najve\u010dja sila<\/strong> pridobljena vrednost predstavlja <em data-start=\"2653\" data-end=\"2681\">trapezoidna trdnost pri trganju<\/em>. Za zanesljive podatke je vsak vzorec testiran v obeh <strong data-start=\"2736\" data-end=\"2764\">smer stroja (osnova)<\/strong> in . <strong data-start=\"2769\" data-end=\"2803\">pre\u010dna smer stroja (votek)<\/strong>.<\/p>\n<hr data-start=\"2808\" data-end=\"2811\" \/>\n<h3 data-start=\"2813\" data-end=\"2891\">Pomen in uporaba trapezoidne raztrganine pri geotekstilu<\/h3>\n<p data-start=\"2893\" data-end=\"3220\">Razumevanje <strong data-start=\"2911\" data-end=\"2956\">trapezoidna trdnost geotekstilov pri trganju<\/strong> je bistvenega pomena za napovedovanje njihovega delovanja v resni\u010dnih aplikacijah. Na spletni strani <strong data-start=\"3030\" data-end=\"3076\">gradbeni in okoljski in\u017eeniring<\/strong>, geotekstil slu\u017ei kot oja\u010ditveni, lo\u010devalni ali filtrirni sloj. Med vgradnjo in uporabo morajo vzdr\u017eati mehanske obremenitve.<\/p>\n<p data-start=\"3222\" data-end=\"3508\">Za <strong data-start=\"3226\" data-end=\"3243\">tkane tkanine<\/strong>, je odpornost na trganje odvisna predvsem od trdnosti in usklajenosti preje. V nasprotju s tem, <strong data-start=\"3331\" data-end=\"3353\">netkani materiali<\/strong> temeljijo na vezavi vlaken in naklju\u010dni orientaciji. S primerjavo rezultatov v razli\u010dnih smereh lahko in\u017eenirji optimizirajo strukturo za najve\u010djo trajnost.<\/p>\n<p data-start=\"3510\" data-end=\"3680\">Ta test pomaga tudi pri <strong data-start=\"3533\" data-end=\"3562\">osebje za nadzor kakovosti<\/strong> pri odkrivanju \u0161ibkih to\u010dk v gradivu, zagotavljanju skladnosti z <strong data-start=\"3632\" data-end=\"3654\">industrijski standardi<\/strong> pred obse\u017eno uporabo.<\/p>\n<hr data-start=\"3682\" data-end=\"3685\" \/>\n<h3 data-start=\"3687\" data-end=\"3750\">Preskusna metoda trdnosti na pretrganje za tkanine in druge materiale<\/h3>\n<p data-start=\"3752\" data-end=\"4045\">Spletna stran <strong data-start=\"3756\" data-end=\"3785\">preskusna metoda trdnosti na pretrganje<\/strong> za tkanine ne velja le za geotekstil, temve\u010d tudi za izdelke, ki se uporabljajo v <strong data-start=\"3859\" data-end=\"3914\">embala\u017ea, medicinski tekstil in tehni\u010dna obla\u010dila.<\/strong>. Merjenje <strong data-start=\"3926\" data-end=\"3951\">natezna trdnost pri trganju<\/strong> pomaga proizvajalcem pri ocenjevanju varnosti, trajnosti in splo\u0161ne mehanske u\u010dinkovitosti izdelkov.<\/p>\n<hr data-start=\"4230\" data-end=\"4233\" \/>\n<h3 data-start=\"4235\" data-end=\"4296\">Priporo\u010dena oprema - Tenzijski tester Cell Instruments<\/h3>\n<p><a href=\"https:\/\/www.qualitester.com\/sl\/izdelek\/tensile-tester-tst-01\/\"><img fetchpriority=\"high\" decoding=\"async\" class=\"alignleft wp-image-7563 size-medium\" src=\"https:\/\/www.qualitester.com\/wp-content\/uploads\/2025\/11\/Trapezoidal-Tear-Strength-Test-\u2013-ASTM-D4533-for-Geotextile-300x300.webp\" alt=\"Trapezoidni preskus trpe\u017enosti - ASTM D4533 za geotekstil\" width=\"300\" height=\"300\" srcset=\"https:\/\/www.qualitester.com\/wp-content\/uploads\/2025\/11\/Trapezoidal-Tear-Strength-Test-\u2013-ASTM-D4533-for-Geotextile-300x300.webp 300w, https:\/\/www.qualitester.com\/wp-content\/uploads\/2025\/11\/Trapezoidal-Tear-Strength-Test-\u2013-ASTM-D4533-for-Geotextile-150x150.webp 150w, https:\/\/www.qualitester.com\/wp-content\/uploads\/2025\/11\/Trapezoidal-Tear-Strength-Test-\u2013-ASTM-D4533-for-Geotextile-12x12.webp 12w, https:\/\/www.qualitester.com\/wp-content\/uploads\/2025\/11\/Trapezoidal-Tear-Strength-Test-\u2013-ASTM-D4533-for-Geotextile-100x100.webp 100w, https:\/\/www.qualitester.com\/wp-content\/uploads\/2025\/11\/Trapezoidal-Tear-Strength-Test-\u2013-ASTM-D4533-for-Geotextile.webp 600w\" sizes=\"(max-width: 300px) 100vw, 300px\" \/><\/a><\/p>\n<p data-start=\"4298\" data-end=\"4623\">Za izvedbo natan\u010dnega preskusa trapezoidne raztrganosti laboratoriji potrebujejo <strong data-start=\"4371\" data-end=\"4407\">zanesljiv stroj za natezno testiranje<\/strong> z mo\u017enostjo nadzora obremenitve s konstantno hitrostjo in natan\u010dnega zbiranja podatkov. <strong data-start=\"4477\" data-end=\"4497\">Instrumenti za celice<\/strong> ponuja napredne <a href=\"https:\/\/www.qualitester.com\/sl\/izdelek\/tensile-tester-tst-01\/\" target=\"_blank\" rel=\"noopener\"><strong data-start=\"4514\" data-end=\"4533\">natezni testerji<\/strong><\/a> zasnovan posebej za <strong data-start=\"4560\" data-end=\"4620\">geotekstil, tekstil, embala\u017eni materiali in plastika.<\/strong>.<\/p>\n<p data-start=\"4625\" data-end=\"4648\">Klju\u010dne zna\u010dilnosti vklju\u010dujejo:<\/p>\n<ul>\n<li data-start=\"4651\" data-end=\"4720\"><strong data-start=\"4651\" data-end=\"4679\">Visoko natan\u010dne obremenilne celice<\/strong> za natan\u010dno merjenje sile trganja.<\/li>\n<li data-start=\"4723\" data-end=\"4787\"><strong data-start=\"4723\" data-end=\"4758\">Programirljiv nadzor hitrosti testiranja<\/strong> za skladnost z ASTM D4533.<\/li>\n<li data-start=\"4790\" data-end=\"4861\"><strong data-start=\"4790\" data-end=\"4825\">Prilagodljivi ro\u010daji in nastavki<\/strong> za tkane in netkane vzorce.<\/li>\n<li data-start=\"4864\" data-end=\"4942\"><strong data-start=\"4864\" data-end=\"4890\">Uporabniku prijazna programska oprema<\/strong> za samodejno bele\u017eenje podatkov in analizo rezultatov.<\/li>\n<\/ul>\n<p data-start=\"4944\" data-end=\"5084\">Ti instrumenti ne le izbolj\u0161ujejo <strong data-start=\"4979\" data-end=\"5001\">u\u010dinkovitost testiranja<\/strong> pa tudi pomo\u010d strankam pri izpolnjevanju <strong data-start=\"5029\" data-end=\"5081\">mednarodni standardi in projektne zahteve<\/strong>.<\/p>\n<hr data-start=\"5086\" data-end=\"5089\" \/>\n<p data-start=\"5398\" data-end=\"5631\">\n<h3 data-start=\"5638\" data-end=\"5647\">POGOSTA VPRA\u0160ANJA<\/h3>\n<p data-start=\"5649\" data-end=\"5820\"><strong data-start=\"5649\" data-end=\"5715\">V1: Kak\u0161en je namen trapezoidnega preskusa trdnosti pri trganju?<\/strong><br data-start=\"5715\" data-end=\"5718\" \/>Meri odpornost materiala proti \u0161irjenju raztrganin in pomaga oceniti njegovo mehansko vzdr\u017eljivost.<\/p>\n<p data-start=\"5822\" data-end=\"5963\"><strong data-start=\"5822\" data-end=\"5877\">V2: Katere materiale je mogo\u010de testirati s standardom ASTM D4533?<\/strong><br data-start=\"5877\" data-end=\"5880\" \/>Tkani, netkani, pleteni in ve\u010dplastni geotekstil ter industrijske tkanine.<\/p>\n<p data-start=\"5965\" data-end=\"6114\"><strong data-start=\"5965\" data-end=\"6015\">V3: Zakaj se za testiranje uporablja trapezoidna oblika?<\/strong><br data-start=\"6015\" data-end=\"6018\" \/>Omogo\u010da nadzorovano \u0161irjenje solz in dosledne rezultate v primerjavi s testi nepravilnih solz.<\/p>\n<p data-start=\"6116\" data-end=\"6309\"><strong data-start=\"6116\" data-end=\"6168\">V4: Katera oprema je priporo\u010dljiva za ta test?<\/strong><br data-start=\"6168\" data-end=\"6171\" \/>A <strong data-start=\"6173\" data-end=\"6191\">natezni tester<\/strong> s konstantno hitrostjo gibanja, kot so modeli, ki jih ponuja <strong data-start=\"6250\" data-end=\"6270\">Instrumenti za celice<\/strong>, je idealen za <a href=\"https:\/\/www.astm.org\/d4533_d4533m-15.html\" target=\"_blank\" rel=\"noopener nofollow\">ASTM D4533<\/a> skladnost.<\/p>","protected":false},"excerpt":{"rendered":"<p>Preizkus trpe\u017enosti pri trganju s trapezom ASTM D4533 Preizkus trpe\u017enosti pri trganju s trapezom je temeljna metoda za ocenjevanje odpornosti tkanih in netkanih materialov, zlasti geotekstilij in industrijskih tkanin, proti trganju. Proizvajalcem, raziskovalcem in in\u0161pektorjem za kakovost pomaga pri dolo\u010danju vzdr\u017eljivosti materiala, kadar je izpostavljen sili trganja. Ta preskus, standardiziran v standardu ASTM D4533, meri trapezoidno ...<\/p>\n<p class=\"read-more\"> <a class=\"\" href=\"https:\/\/www.qualitester.com\/sl\/applications\/trapezoidal-tear-strength-testing\/\"> <span class=\"screen-reader-text\">Preizku\u0161anje trdnosti trapeznega raztrganja<\/span> Preberite ve\u010d \u00bb<\/a><\/p>","protected":false},"author":4,"featured_media":7563,"parent":6794,"menu_order":0,"comment_status":"closed","ping_status":"closed","template":"","meta":{"site-sidebar-layout":"default","site-content-layout":"default","ast-global-header-display":"","ast-main-header-display":"","ast-hfb-above-header-display":"","ast-hfb-below-header-display":"","ast-hfb-mobile-header-display":"","site-post-title":"disabled","ast-breadcrumbs-content":"","ast-featured-img":"disabled","footer-sml-layout":"","theme-transparent-header-meta":"default","adv-header-id-meta":"","stick-header-meta":"","header-above-stick-meta":"","header-main-stick-meta":"","header-below-stick-meta":"","footnotes":""},"class_list":["post-7562","page","type-page","status-publish","has-post-thumbnail","hentry"],"_links":{"self":[{"href":"https:\/\/www.qualitester.com\/sl\/wp-json\/wp\/v2\/pages\/7562","targetHints":{"allow":["GET"]}}],"collection":[{"href":"https:\/\/www.qualitester.com\/sl\/wp-json\/wp\/v2\/pages"}],"about":[{"href":"https:\/\/www.qualitester.com\/sl\/wp-json\/wp\/v2\/types\/page"}],"author":[{"embeddable":true,"href":"https:\/\/www.qualitester.com\/sl\/wp-json\/wp\/v2\/users\/4"}],"replies":[{"embeddable":true,"href":"https:\/\/www.qualitester.com\/sl\/wp-json\/wp\/v2\/comments?post=7562"}],"version-history":[{"count":0,"href":"https:\/\/www.qualitester.com\/sl\/wp-json\/wp\/v2\/pages\/7562\/revisions"}],"up":[{"embeddable":true,"href":"https:\/\/www.qualitester.com\/sl\/wp-json\/wp\/v2\/pages\/6794"}],"wp:featuredmedia":[{"embeddable":true,"href":"https:\/\/www.qualitester.com\/sl\/wp-json\/wp\/v2\/media\/7563"}],"wp:attachment":[{"href":"https:\/\/www.qualitester.com\/sl\/wp-json\/wp\/v2\/media?parent=7562"}],"curies":[{"name":"wp","href":"https:\/\/api.w.org\/{rel}","templated":true}]}}