{"id":7487,"date":"2025-09-19T16:03:19","date_gmt":"2025-09-19T08:03:19","guid":{"rendered":"https:\/\/www.qualitester.com\/?page_id=7487"},"modified":"2025-09-19T16:03:19","modified_gmt":"2025-09-19T08:03:19","slug":"cobb-tester-for-paper","status":"publish","type":"page","link":"https:\/\/www.qualitester.com\/sl\/cobb-tester-for-paper\/","title":{"rendered":"Cobbov tester za papir: Zagotavljanje natan\u010dnega testiranja vpojnosti vode"},"content":{"rendered":"<p><a href=\"https:\/\/www.qualitester.com\/sl\/?s=COBB\"><img fetchpriority=\"high\" decoding=\"async\" class=\"size-medium wp-image-7490 alignleft\" src=\"https:\/\/www.qualitester.com\/wp-content\/uploads\/2025\/09\/COBB--300x300.webp\" alt=\"Cobbov tester za papir\" width=\"300\" height=\"300\" srcset=\"https:\/\/www.qualitester.com\/wp-content\/uploads\/2025\/09\/COBB--300x300.webp 300w, https:\/\/www.qualitester.com\/wp-content\/uploads\/2025\/09\/COBB--150x150.webp 150w, https:\/\/www.qualitester.com\/wp-content\/uploads\/2025\/09\/COBB--12x12.webp 12w, https:\/\/www.qualitester.com\/wp-content\/uploads\/2025\/09\/COBB--600x600.webp 600w, https:\/\/www.qualitester.com\/wp-content\/uploads\/2025\/09\/COBB--100x100.webp 100w, https:\/\/www.qualitester.com\/wp-content\/uploads\/2025\/09\/COBB-.webp 756w\" sizes=\"(max-width: 300px) 100vw, 300px\" \/><\/a>Razumevanje absorpcije vode v papirju in kartonu je bistvenega pomena za nadzor kakovosti pri tiskanju, pakiranju in proizvodnji papirja. Na spletni strani <strong data-start=\"436\" data-end=\"461\">Cobbov tester za papir<\/strong> je specializiran instrument za merjenje koli\u010dine vode, ki jo vzorec absorbira pod standardiziranimi pogoji. Ta preskusna metoda, ki sledi standardom ISO 535, zagotavlja zanesljive podatke za izbiro materialov, proizvodne procese in ocenjevanje u\u010dinkovitosti izdelkov.<\/p>\n<hr \/>\n<h2>Tester Cobbove absorpcijske odpornosti: Klju\u010dne zna\u010dilnosti in uporaba<\/h2>\n<p data-start=\"817\" data-end=\"1165\">Spletna stran <strong data-start=\"821\" data-end=\"858\">Cobbov tester absorpcijske odpornosti<\/strong> deluje tako, da na dolo\u010deno povr\u0161ino papirja ali kartona nanesete izmerjeno koli\u010dino vode in merite \u010das absorpcije. Po dolo\u010denem \u010dasu se odve\u010dna voda odstrani in izra\u010duna se absorbirana koli\u010dina. Ta metoda zagotavlja, da so rezultati v razli\u010dnih laboratorijih dosledni, natan\u010dni in primerljivi.<\/p>\n<p data-start=\"1167\" data-end=\"1223\">Klju\u010dne aplikacije Cobbovega testerja za papir vklju\u010dujejo:<\/p>\n<ul data-start=\"1225\" data-end=\"1686\">\n<li data-start=\"1225\" data-end=\"1353\">\n<p data-start=\"1227\" data-end=\"1353\"><strong data-start=\"1227\" data-end=\"1256\">Ocenjevanje kakovosti papirja:<\/strong> Ocenjevanje vodoodpornosti tiskarskega papirja, embala\u017enega kartona in valovitega vlaknenega kartona.<\/p>\n<\/li>\n<li data-start=\"1354\" data-end=\"1450\">\n<p data-start=\"1356\" data-end=\"1450\"><strong data-start=\"1356\" data-end=\"1376\">Nadzor procesov:<\/strong> Spremljanje enakomernosti premaza in povr\u0161inske obdelave med proizvodnjo.<\/p>\n<\/li>\n<li data-start=\"1451\" data-end=\"1563\">\n<p data-start=\"1453\" data-end=\"1563\"><strong data-start=\"1453\" data-end=\"1469\">Testiranje na podro\u010dju raziskav in razvoja:<\/strong> podpiranje razvoja novih vrst papirja in premazov z \u017eelenimi absorpcijskimi lastnostmi.<\/p>\n<\/li>\n<li data-start=\"1564\" data-end=\"1686\">\n<p data-start=\"1566\" data-end=\"1686\"><strong data-start=\"1566\" data-end=\"1591\">Primerjalna analiza:<\/strong> Primerjava razli\u010dnih dobaviteljev ali serij za dosledno delovanje pri uporabi izdelkov.<\/p>\n<hr \/>\n<h2 data-start=\"1566\" data-end=\"1686\">Zakaj je testiranje vpojnosti vode pomembno<\/h2>\n<\/li>\n<\/ul>\n<p data-start=\"1736\" data-end=\"2010\">Vpojnost vode vpliva na fizikalne in funkcionalne lastnosti papirja. Visoka vpojnost lahko povzro\u010di \u0161irjenje \u010drnila ali slabo pregradno zmogljivost, medtem ko nizka vpojnost lahko ka\u017ee na nezadostno obdelavo povr\u0161ine. Z uporabo <strong data-start=\"1963\" data-end=\"1988\">Cobbov tester za papir<\/strong>, lahko proizvajalci:<\/p>\n<ol data-start=\"2012\" data-end=\"2418\">\n<li data-start=\"2012\" data-end=\"2100\">\n<p data-start=\"2015\" data-end=\"2100\"><strong data-start=\"2015\" data-end=\"2046\">Zagotovite skladnost izdelkov:<\/strong> Ohranjanje enotne kakovosti v proizvodnih serijah.<\/p>\n<\/li>\n<li data-start=\"2101\" data-end=\"2204\">\n<p data-start=\"2104\" data-end=\"2204\"><strong data-start=\"2104\" data-end=\"2148\">Optimizacija premazov in povr\u0161inskih obdelav:<\/strong> Prilagodite postopke, da dose\u017eete \u017eeleno stopnjo absorpcije.<\/p>\n<\/li>\n<li data-start=\"2205\" data-end=\"2336\">\n<p data-start=\"2208\" data-end=\"2336\"><strong data-start=\"2208\" data-end=\"2249\">Podpora skladnosti in certificiranju:<\/strong> Uskladite testiranje s standardi ISO 535 in zagotovite mednarodno priznavanje rezultatov.<\/p>\n<\/li>\n<li data-start=\"2337\" data-end=\"2418\">\n<p data-start=\"2340\" data-end=\"2418\"><strong data-start=\"2340\" data-end=\"2366\">Zmanj\u0161ajte koli\u010dino odpadnega materiala:<\/strong> Zgodnje odkrivanje napak in zmanj\u0161anje koli\u010dine zavr\u017eenih zalog.<\/p>\n<hr \/>\n<h2 data-start=\"2340\" data-end=\"2418\">Postopek presku\u0161anja v skladu z <a href=\"https:\/\/www.iso.org\/standard\/61486.html\" target=\"_blank\" rel=\"noopener nofollow\">ISO 535<\/a><\/h2>\n<\/li>\n<\/ol>\n<p data-start=\"2466\" data-end=\"2501\">Izvedba natan\u010dnega Cobbovega testa:<\/p>\n<ol data-start=\"2503\" data-end=\"3012\">\n<li data-start=\"2503\" data-end=\"2644\">\n<p data-start=\"2506\" data-end=\"2644\"><strong data-start=\"2506\" data-end=\"2529\">Priprava vzorca:<\/strong> Papir ali karton razre\u017eite na zahtevano velikost (obi\u010dajno \u2265 50 g\/m\u00b2) in ga pripravite v standardnih laboratorijskih pogojih.<\/p>\n<\/li>\n<li data-start=\"2645\" data-end=\"2724\">\n<p data-start=\"2648\" data-end=\"2724\"><strong data-start=\"2648\" data-end=\"2664\">Postavitev:<\/strong> Vzorec postavite pod rezervoar za vodo Cobbovega testerja.<\/p>\n<\/li>\n<li data-start=\"2725\" data-end=\"2803\">\n<p data-start=\"2728\" data-end=\"2803\"><strong data-start=\"2728\" data-end=\"2747\">Izpostavljenost vodi:<\/strong> Nanesite odmerjeno koli\u010dino vode in za\u017eenite \u010dasovnik.<\/p>\n<\/li>\n<li data-start=\"2804\" data-end=\"2902\">\n<p data-start=\"2807\" data-end=\"2902\"><strong data-start=\"2807\" data-end=\"2830\">Izpustite odve\u010dno vodo:<\/strong> Po dolo\u010denem \u010dasu (obi\u010dajno 60 sekund) odstranite odve\u010dno vodo.<\/p>\n<\/li>\n<li data-start=\"2903\" data-end=\"3012\">\n<p data-start=\"2906\" data-end=\"3012\"><strong data-start=\"2906\" data-end=\"2922\">Merjenje:<\/strong> Stehtajte absorbirano vodo in izra\u010dunajte Cobbovo vrednost v gramih na kvadratni meter (g\/m\u00b2).<\/p>\n<\/li>\n<\/ol>\n<p data-start=\"3014\" data-end=\"3208\">Ta metoda omogo\u010da osebju za nadzor kakovosti in raziskovalcem, da <strong data-start=\"3078\" data-end=\"3141\">zanesljivo oceniti vpojnost papirja in kartona za vodo.<\/strong>, kar olaj\u0161a sprejemanje odlo\u010ditev na podlagi informacij za proizvodnjo in uporabo.<\/p>\n<hr \/>\n<h2 data-start=\"3014\" data-end=\"3208\">Izbira pravega Cobbovega testerja za papir<\/h2>\n<p data-start=\"3259\" data-end=\"3420\">Za laboratorije in proizvodne obrate, ki zahtevajo natan\u010dnost in u\u010dinkovitost. <strong data-start=\"3342\" data-end=\"3385\">Merilnik absorpcije COBB Cell Instruments<\/strong> je idealna izbira. Podpira:<\/p>\n<ul data-start=\"3422\" data-end=\"3640\">\n<li data-start=\"3422\" data-end=\"3464\">\n<p data-start=\"3424\" data-end=\"3464\">Ve\u010d velikosti vzorcev in vrst papirja.<\/p>\n<\/li>\n<li data-start=\"3465\" data-end=\"3518\">\n<p data-start=\"3467\" data-end=\"3518\">Hitre in ponovljive meritve z visoko natan\u010dnostjo.<\/p>\n<\/li>\n<li data-start=\"3519\" data-end=\"3575\">\n<p data-start=\"3521\" data-end=\"3575\">Uporabniku prijazno upravljanje z jasnimi digitalnimi od\u010ditki.<\/p>\n<\/li>\n<li data-start=\"3576\" data-end=\"3640\">\n<p data-start=\"3578\" data-end=\"3640\">Skladnost s standardom ISO 535 za standardizirane postopke presku\u0161anja.<\/p>\n<\/li>\n<\/ul>\n<hr \/>\n<h2>Prednosti uporabe Cobbovega testerja za papir<\/h2>\n<ul>\n<li data-start=\"3693\" data-end=\"3770\">\n<p data-start=\"3695\" data-end=\"3770\"><strong data-start=\"3695\" data-end=\"3717\">Izbolj\u0161ana natan\u010dnost:<\/strong> Zmanj\u0161a napake upravljavca in izbolj\u0161a ponovljivost.<\/p>\n<\/li>\n<li data-start=\"3771\" data-end=\"3839\">\n<p data-start=\"3773\" data-end=\"3839\"><strong data-start=\"3773\" data-end=\"3793\">\u010casovna u\u010dinkovitost:<\/strong> Hitreje kot ro\u010dne meritve absorpcije.<\/p>\n<\/li>\n<li data-start=\"3840\" data-end=\"3941\">\n<p data-start=\"3842\" data-end=\"3941\"><strong data-start=\"3842\" data-end=\"3865\">Iz\u010drpni podatki:<\/strong> Zagotavlja rezultate, primerne za poro\u010danje, revizije in razvoj izdelkov.<\/p>\n<\/li>\n<li data-start=\"3942\" data-end=\"4047\">\n<p data-start=\"3944\" data-end=\"4047\"><strong data-start=\"3944\" data-end=\"3969\">Zanesljivost industrije:<\/strong> \u0160iroka uporaba v tiskarskem, embala\u017enem in papirnem sektorju.<\/p>\n<\/li>\n<\/ul>\n<hr \/>\n<h2>Zaklju\u010dek<\/h2>\n<p>Spletna stran <strong data-start=\"4071\" data-end=\"4096\">Cobbov tester za papir<\/strong> je nepogre\u0161ljivo orodje za ocenjevanje vpojnosti vode v skladu s standardom ISO 535. Z vklju\u010ditvijo tega testiranja v proizvodnjo in nadzor kakovosti lahko proizvajalci in laboratoriji zagotovijo visokokakovostne in dosledne papirne izdelke, optimizirajo postopke premazovanja in ohranijo mednarodno skladnost. Spletna stran <strong data-start=\"4398\" data-end=\"4435\">Cobbov tester absorpcijske odpornosti<\/strong> Cell Instruments zdru\u017euje natan\u010dnost, u\u010dinkovitost in zanesljivost ter pomaga strokovnjakom pri doseganju natan\u010dnih in standardiziranih rezultatov.<\/p>\n<hr \/>\n<h2>Pogosta vpra\u0161anja<\/h2>\n<p data-start=\"4592\" data-end=\"4746\"><strong data-start=\"4592\" data-end=\"4599\">Q1:<\/strong> Ali lahko Cobbov tester meri premazane in nepremazane papirje?<br data-start=\"4655\" data-end=\"4658\" \/><strong data-start=\"4658\" data-end=\"4664\">A:<\/strong> Da, primeren je za oboje, \u010de gramatura ustreza zahtevam ISO 535.<\/p>\n<p data-start=\"4748\" data-end=\"4874\"><strong data-start=\"4748\" data-end=\"4755\">Q2:<\/strong> Kak\u0161na je priporo\u010dena velikost vzorca?<br data-start=\"4788\" data-end=\"4791\" \/><strong data-start=\"4791\" data-end=\"4797\">A:<\/strong> Obi\u010dajno so vzorci \u2265 50 g\/m\u00b2, izogibajte se zelo poroznim papirjem, kot je \u010dasopisni papir.<\/p>\n<p data-start=\"4876\" data-end=\"5012\"><strong data-start=\"4876\" data-end=\"4883\">Q3:<\/strong> Koliko \u010dasa traja standardni Cobbov test?<br data-start=\"4924\" data-end=\"4927\" \/><strong data-start=\"4927\" data-end=\"4933\">A:<\/strong> Standardna osvetlitev je obi\u010dajno 60 sekund, vendar jo lahko prilagodite glede na ISO 535.<\/p>\n<p data-start=\"5014\" data-end=\"5152\"><strong data-start=\"5014\" data-end=\"5021\">Q4:<\/strong> Ali se rezultati lahko uporabijo za certificiranje?<br data-start=\"5073\" data-end=\"5076\" \/><strong data-start=\"5076\" data-end=\"5082\">A:<\/strong> Da, skladnost s standardom ISO 535 zagotavlja mednarodno priznane rezultate.<\/p>\n<p data-start=\"5154\" data-end=\"5287\"><strong data-start=\"5154\" data-end=\"5161\">Q5:<\/strong> Ali je potrebno usposabljanje upravljavca?<br data-start=\"5192\" data-end=\"5195\" \/><strong data-start=\"5195\" data-end=\"5201\">A:<\/strong> Osnovno usposabljanje zagotavlja natan\u010dno ravnanje z vzorci in dosledne rezultate meritev.<\/p>","protected":false},"excerpt":{"rendered":"<p>Understanding the water absorptiveness of paper and board is essential for quality control in printing, packaging, and paper production. The Cobb tester for paper is a specialized instrument designed to measure the amount of water absorbed by a sample under standardized conditions. Following ISO 535 standards, this testing method provides reliable data to guide material &hellip;<\/p>\n<p class=\"read-more\"> <a class=\"\" href=\"https:\/\/www.qualitester.com\/sl\/cobb-tester-for-paper\/\"> <span class=\"screen-reader-text\">Cobbov tester za papir: Zagotavljanje natan\u010dnega testiranja vpojnosti vode<\/span> Preberite ve\u010d \u00bb<\/a><\/p>","protected":false},"author":3,"featured_media":0,"parent":0,"menu_order":0,"comment_status":"closed","ping_status":"closed","template":"","meta":{"site-sidebar-layout":"default","site-content-layout":"default","ast-global-header-display":"","ast-main-header-display":"","ast-hfb-above-header-display":"","ast-hfb-below-header-display":"","ast-hfb-mobile-header-display":"","site-post-title":"","ast-breadcrumbs-content":"","ast-featured-img":"","footer-sml-layout":"","theme-transparent-header-meta":"default","adv-header-id-meta":"","stick-header-meta":"","header-above-stick-meta":"","header-main-stick-meta":"","header-below-stick-meta":"","footnotes":""},"class_list":["post-7487","page","type-page","status-publish","hentry"],"_links":{"self":[{"href":"https:\/\/www.qualitester.com\/sl\/wp-json\/wp\/v2\/pages\/7487","targetHints":{"allow":["GET"]}}],"collection":[{"href":"https:\/\/www.qualitester.com\/sl\/wp-json\/wp\/v2\/pages"}],"about":[{"href":"https:\/\/www.qualitester.com\/sl\/wp-json\/wp\/v2\/types\/page"}],"author":[{"embeddable":true,"href":"https:\/\/www.qualitester.com\/sl\/wp-json\/wp\/v2\/users\/3"}],"replies":[{"embeddable":true,"href":"https:\/\/www.qualitester.com\/sl\/wp-json\/wp\/v2\/comments?post=7487"}],"version-history":[{"count":0,"href":"https:\/\/www.qualitester.com\/sl\/wp-json\/wp\/v2\/pages\/7487\/revisions"}],"wp:attachment":[{"href":"https:\/\/www.qualitester.com\/sl\/wp-json\/wp\/v2\/media?parent=7487"}],"curies":[{"name":"wp","href":"https:\/\/api.w.org\/{rel}","templated":true}]}}