{"id":7439,"date":"2025-09-11T17:11:29","date_gmt":"2025-09-11T09:11:29","guid":{"rendered":"https:\/\/www.qualitester.com\/?page_id=7439"},"modified":"2025-09-11T17:14:02","modified_gmt":"2025-09-11T09:14:02","slug":"glide-force-and-break-loose-force","status":"publish","type":"page","link":"https:\/\/www.qualitester.com\/sl\/applications\/glide-force-and-break-loose-force\/","title":{"rendered":"Preizku\u0161anje sile drsenja in sile odtrganja v brizgah"},"content":{"rendered":"<p><img fetchpriority=\"high\" decoding=\"async\" class=\"wp-image-7443 alignleft\" src=\"https:\/\/www.qualitester.com\/wp-content\/uploads\/2025\/09\/glide-force-and-break-loose-force-300x300.webp\" alt=\"sila drsenja in sila odriva\" width=\"231\" height=\"231\" srcset=\"https:\/\/www.qualitester.com\/wp-content\/uploads\/2025\/09\/glide-force-and-break-loose-force-300x300.webp 300w, https:\/\/www.qualitester.com\/wp-content\/uploads\/2025\/09\/glide-force-and-break-loose-force-1024x1024.webp 1024w, https:\/\/www.qualitester.com\/wp-content\/uploads\/2025\/09\/glide-force-and-break-loose-force-150x150.webp 150w, https:\/\/www.qualitester.com\/wp-content\/uploads\/2025\/09\/glide-force-and-break-loose-force-768x768.webp 768w, https:\/\/www.qualitester.com\/wp-content\/uploads\/2025\/09\/glide-force-and-break-loose-force-12x12.webp 12w, https:\/\/www.qualitester.com\/wp-content\/uploads\/2025\/09\/glide-force-and-break-loose-force-600x600.webp 600w, https:\/\/www.qualitester.com\/wp-content\/uploads\/2025\/09\/glide-force-and-break-loose-force-100x100.webp 100w, https:\/\/www.qualitester.com\/wp-content\/uploads\/2025\/09\/glide-force-and-break-loose-force.webp 1200w\" sizes=\"(max-width: 231px) 100vw, 231px\" \/>Natan\u010dno merjenje <strong data-start=\"368\" data-end=\"405\">sila drsenja in sila odriva<\/strong> je bistvenega pomena za ocenjevanje u\u010dinkovitosti brizge in zagotavljanje varnosti bolnikov. Ti parametri dolo\u010dajo lahkotnost in doslednost gibanja bata med vbrizgavanjem, kar neposredno vpliva na uporabnost, natan\u010dnost odmerka in skladnost z mednarodnimi standardi, kot so <a href=\"https:\/\/www.uspnf.com\/sites\/default\/files\/usp_pdf\/EN\/USPNF\/usp-nf-notices\/gc-382-pre-post-20190531.pdf\" target=\"_blank\" rel=\"noopener nofollow\"><strong data-start=\"670\" data-end=\"681\">USP 382<\/strong><\/a> in . <a href=\"https:\/\/www.iso.org\/standard\/82222.html\" target=\"_blank\" rel=\"noopener nofollow\"><strong data-start=\"686\" data-end=\"701\">ISO 11040-4<\/strong><\/a>. Z razumevanjem teh sil lahko proizvajalci in osebje za nadzor kakovosti zagotovijo, da brizge izpolnjujejo predpisane zahteve in zanesljivo delujejo v klini\u010dnih okoljih.<\/p>\n<hr \/>\n<h2>Preskus sile gibanja bata: pomen in standardi<\/h2>\n<p data-start=\"938\" data-end=\"1098\">Spletna stran <strong data-start=\"942\" data-end=\"973\">preskus sile gibanja bata<\/strong> meri upor, ki se pojavi pri premikanju bata brizgalke v notranjosti cilindra. Ta preskus vklju\u010duje dva klju\u010dna elementa:<\/p>\n<ul data-start=\"1100\" data-end=\"1333\">\n<li data-start=\"1100\" data-end=\"1221\">\n<p data-start=\"1102\" data-end=\"1221\"><strong data-start=\"1102\" data-end=\"1123\">Sila za sprostitev<\/strong>: Za\u010detna sila, ki je potrebna za premagovanje stati\u010dnega trenja med batnim zama\u0161kom in valjem.<\/p>\n<\/li>\n<li data-start=\"1222\" data-end=\"1333\">\n<p data-start=\"1224\" data-end=\"1333\"><strong data-start=\"1224\" data-end=\"1239\">Sila drsenja<\/strong>: Stalna sila, ki je potrebna za premikanje bata vzdol\u017e hoda po za\u010detnem premiku.<\/p>\n<\/li>\n<\/ul>\n<p data-start=\"1335\" data-end=\"1933\"><strong data-start=\"1335\" data-end=\"1346\">USP 382<\/strong> opredeljuje preskuse ustreznosti batov, pri katerih se osredoto\u010da na sile za odpenjanje in drsenje, da oceni funkcionalnost batov pri uporabi v resni\u010dnem svetu. <strong data-start=\"1492\" data-end=\"1507\">ISO 11040-4<\/strong> dolo\u010da podobne zahteve za brizge za prednapolnjevanje, pri \u010demer poudarja varno, zanesljivo in dosledno dovajanje zdravil. Oba standarda poudarjata potrebo po ustrezni preskusni hitrosti, obi\u010dajno <strong data-start=\"1685\" data-end=\"1699\">100 mm\/min<\/strong>, s prilagodljivostjo glede na zasnovo brizge ali uporabo. Za natan\u010den zajem najve\u010djih sil je treba uporabiti vzor\u010denje s hitrostjo do <strong data-start=\"1814\" data-end=\"1824\">500 Hz<\/strong> se priporo\u010da zlasti pri odkrivanju subtilnih sprememb v mazanju ali interakciji med batom in cilindrom.<\/p>\n<hr \/>\n<h2 data-start=\"1335\" data-end=\"1933\">Dejavniki, ki vplivajo na drsno silo in silo odriva<\/h2>\n<p data-start=\"1993\" data-end=\"2048\">Na silo gibanja bata vpliva ve\u010d dejavnikov:<\/p>\n<ul data-start=\"2050\" data-end=\"2463\">\n<li data-start=\"2050\" data-end=\"2153\">\n<p data-start=\"2052\" data-end=\"2153\"><strong data-start=\"2052\" data-end=\"2075\">Kakovost mazanja<\/strong>: Silikonsko olje ali druga maziva vplivajo tako na popustljivost kot na drsenje.<\/p>\n<\/li>\n<li data-start=\"2154\" data-end=\"2250\">\n<p data-start=\"2156\" data-end=\"2250\"><strong data-start=\"2156\" data-end=\"2199\">Material in dimenzije plun\u017enega zama\u0161ka<\/strong>: Spremembe lahko spremenijo zna\u010dilnosti trenja.<\/p>\n<\/li>\n<li data-start=\"2251\" data-end=\"2344\">\n<p data-start=\"2253\" data-end=\"2344\"><strong data-start=\"2253\" data-end=\"2291\">Geometrija in obdelava cilindra brizge<\/strong>: Natan\u010dnost in gladkost udarnega gibanja bata.<\/p>\n<\/li>\n<li data-start=\"2345\" data-end=\"2463\">\n<p data-start=\"2347\" data-end=\"2463\"><strong data-start=\"2347\" data-end=\"2393\">Sterilizacija in okoljski pogoji<\/strong>: Vro\u010dina, vla\u017enost in postopki sterilizacije lahko spremenijo delovanje.<\/p>\n<\/li>\n<\/ul>\n<p data-start=\"2465\" data-end=\"2606\">Nadzor teh spremenljivk zagotavlja doslednost in skladnost s predpisi ter zmanj\u0161uje tveganje za nelagodje uporabnikov, napake pri odmerjanju ali uhajanje.<\/p>\n<hr \/>\n<h2 data-start=\"2465\" data-end=\"2606\">Priporo\u010deni postopek testiranja<\/h2>\n<p data-start=\"2644\" data-end=\"2715\">Po USP 382 in ISO 11040-4 tipi\u010den preskusni postopek vklju\u010duje:<\/p>\n<ol data-start=\"2717\" data-end=\"3393\">\n<li data-start=\"2717\" data-end=\"2824\">\n<p data-start=\"2720\" data-end=\"2824\"><strong data-start=\"2720\" data-end=\"2744\">Sestavite brizgo<\/strong> z batnim zama\u0161kom in palico, z vstavljanjem prezra\u010devalne cevi ali vakuumskim zama\u0161kom.<\/p>\n<\/li>\n<li data-start=\"2825\" data-end=\"2884\">\n<p data-start=\"2828\" data-end=\"2884\"><strong data-start=\"2828\" data-end=\"2858\">Odstranite za\u0161\u010ditna zapirala<\/strong> kot so \u0161\u010ditniki za igle.<\/p>\n<\/li>\n<li data-start=\"2885\" data-end=\"2991\">\n<p data-start=\"2888\" data-end=\"2991\"><strong data-start=\"2888\" data-end=\"2909\">Postavite brizgo<\/strong> v ustrezno velikem adapterju v stroju za natezno\/tla\u010dno testiranje.<\/p>\n<\/li>\n<li data-start=\"2992\" data-end=\"3081\">\n<p data-start=\"2995\" data-end=\"3081\"><strong data-start=\"2995\" data-end=\"3017\">Nastavite hitrost preskusa<\/strong> do priporo\u010denih 100 mm\/min ali po dogovoru s stranko.<\/p>\n<\/li>\n<li data-start=\"3082\" data-end=\"3162\">\n<p data-start=\"3085\" data-end=\"3162\"><strong data-start=\"3085\" data-end=\"3114\">Izmerite silo za razbijanje<\/strong> na to\u010dki, kjer se bat za\u010dne premikati.<\/p>\n<\/li>\n<li data-start=\"3163\" data-end=\"3280\">\n<p data-start=\"3166\" data-end=\"3280\"><strong data-start=\"3166\" data-end=\"3187\">Nadaljujte s testiranjem<\/strong> za bele\u017eenje sile drsenja med celotnim hodom, dokler bat ne dose\u017ee rame cevi.<\/p>\n<\/li>\n<li data-start=\"3281\" data-end=\"3393\">\n<p data-start=\"3284\" data-end=\"3393\"><strong data-start=\"3284\" data-end=\"3304\">Rezultati dokumentiranja<\/strong>, vklju\u010dno z najve\u010djo in povpre\u010dno silo, \u0161tevilom vzorcev in morebitnimi opa\u017eenimi odstopanji.<\/p>\n<\/li>\n<\/ol>\n<p data-start=\"3395\" data-end=\"3530\">Natan\u010dno in ponovljivo testiranje omogo\u010da vpogled v zasnovo brizge, u\u010dinkovitost mazanja in splo\u0161no funkcionalno ustreznost.<\/p>\n<hr \/>\n<h2 data-start=\"3395\" data-end=\"3530\">Priporo\u010dena oprema<\/h2>\n<p data-start=\"3563\" data-end=\"3688\">Za natan\u010dno in u\u010dinkovito testiranje je <strong data-start=\"3602\" data-end=\"3652\">Cell Instruments MST-01 Tester medicinskih brizg<\/strong> je zelo priporo\u010dljivo. Ponuja:<\/p>\n<ul data-start=\"3690\" data-end=\"3941\">\n<li data-start=\"3690\" data-end=\"3760\">\n<p data-start=\"3692\" data-end=\"3760\">Hitro vzor\u010denje do 500 Hz za natan\u010dno zaznavanje najve\u010dje sile<\/p>\n<\/li>\n<li data-start=\"3761\" data-end=\"3829\">\n<p data-start=\"3763\" data-end=\"3829\">Nastavljive testne hitrosti za skladnost s standardi USP in ISO<\/p>\n<\/li>\n<li data-start=\"3830\" data-end=\"3878\">\n<p data-start=\"3832\" data-end=\"3878\">Adapterji za razli\u010dne velikosti in vrste brizg<\/p>\n<\/li>\n<li data-start=\"3879\" data-end=\"3941\">\n<p data-start=\"3881\" data-end=\"3941\">Avtomatizirano poro\u010danje in sledljivost za zagotavljanje kakovosti<\/p>\n<\/li>\n<\/ul>\n<p data-start=\"3943\" data-end=\"4079\">Vklju\u010ditev MST-01 v proizvodnjo ali postopke kontrole kakovosti zagotavlja zanesljivo, dosledno in skladno presku\u0161anje delovanja batov brizgalk.<\/p>\n<hr \/>\n<h2 data-start=\"3943\" data-end=\"4079\">Zaklju\u010dek<\/h2>\n<p>Spremljanje <strong data-start=\"4109\" data-end=\"4146\">sila drsenja in sila odriva<\/strong> je klju\u010dnega pomena za uporabnost brizg, varnost bolnikov in skladnost z zakonodajo. Z upo\u0161tevanjem standardov USP 382 in ISO 11040-4 ter uporabo natan\u010dne opreme, kot je MST-01, lahko proizvajalci optimizirajo delovanje batov, zmanj\u0161ajo variabilnost in na trg po\u0161ljejo visokokakovostne in zanesljive brizge.<\/p>\n<hr \/>\n<h2>Pogosto zastavljena vpra\u0161anja<\/h2>\n<p data-start=\"90\" data-end=\"421\"><strong data-start=\"90\" data-end=\"140\">1. Kaj sta sila drsenja in sila odriva?<\/strong><br data-start=\"140\" data-end=\"143\" \/>Sila drsenja se nana\u0161a na stalni upor, na katerega naleti bat brizge, ko se za\u010dne premikati, medtem ko je sila odriva za\u010detna sila, potrebna za premagovanje stati\u010dnega trenja na za\u010detku gibanja bata. Obe sili vplivata na uporabnost brizge in natan\u010dnost odmerjanja.<\/p>\n<p data-start=\"423\" data-end=\"739\"><strong data-start=\"423\" data-end=\"477\">2. Zakaj je potreben preskus sile gibanja bata?<\/strong><br data-start=\"477\" data-end=\"480\" \/>S preskusom sile gibanja bata ocenite odpornost bata v brizgalki, vklju\u010dno s silami, ki vplivajo na odtrganje in drsenje. Zagotavlja, da so brizge varne, zanesljive in skladne z <strong data-start=\"676\" data-end=\"687\">USP 382<\/strong> in . <strong data-start=\"692\" data-end=\"707\">ISO 11040-4<\/strong> standarde za uporabo v resni\u010dnem svetu.<\/p>\n<p data-start=\"741\" data-end=\"1067\"><strong data-start=\"741\" data-end=\"821\">3. Katera oprema je potrebna za testiranje sile drsenja in sile odriva?<\/strong><br data-start=\"821\" data-end=\"824\" \/>Zelo natan\u010dna oprema, kot je npr. <strong data-start=\"862\" data-end=\"912\">Instrumenti za celice <a href=\"https:\/\/www.qualitester.com\/sl\/?s=MST-01\" target=\"_blank\" rel=\"noopener\">MST-01 Tester medicinskih brizg<\/a><\/strong>, je priporo\u010dljivo. Zagotavlja nastavljive testne hitrosti, visoke hitrosti vzor\u010denja in vsestranske nastavke za brizge, ki zagotavljajo natan\u010dne in ponovljive meritve.<\/p>\n<p data-start=\"1069\" data-end=\"1367\"><strong data-start=\"1069\" data-end=\"1127\">4. Kako rezultati preskusov vplivajo na nadzor kakovosti brizg?<\/strong><br data-start=\"1127\" data-end=\"1130\" \/>Rezultati pomagajo pri preverjanju u\u010dinkovitosti mazanja, zasnove bata, geometrije brizge in doslednosti proizvodnje. Ustrezno testiranje zmanj\u0161a napake pri odmerjanju, pu\u0161\u010danje ali nelagodje uporabnikov ter zagotavlja, da izdelek ustreza varnostnim in kakovostnim standardom.<\/p>\n<p data-start=\"1369\" data-end=\"1663\"><strong data-start=\"1369\" data-end=\"1428\">5. Kako izbrati hitrost testiranja in stopnjo vzor\u010denja?<\/strong><br data-start=\"1428\" data-end=\"1431\" \/>Obi\u010dajna preskusna hitrost je <strong data-start=\"1455\" data-end=\"1469\">100 mm\/min<\/strong>, ki ga je mogo\u010de prilagoditi glede na obliko brizge. Hitrost vzor\u010denja <strong data-start=\"1530\" data-end=\"1540\">500 Hz<\/strong> je priporo\u010dljivo, da natan\u010dno zajamete najve\u010dje sile in ocenite subtilne razlike v mazanju in u\u010dinkovitosti batov.<\/p>","protected":false},"excerpt":{"rendered":"<p>Accurate measurement of glide force and break loose force is essential for evaluating syringe performance and ensuring patient safety. These parameters determine the ease and consistency of plunger movement during injection, directly affecting usability, dose accuracy, and compliance with international standards such as USP 382 and ISO 11040-4. By understanding these forces, manufacturers and quality &hellip;<\/p>\n<p class=\"read-more\"> <a class=\"\" href=\"https:\/\/www.qualitester.com\/sl\/applications\/glide-force-and-break-loose-force\/\"> <span class=\"screen-reader-text\">Preizku\u0161anje sile drsenja in sile odtrganja v brizgah<\/span> Preberite ve\u010d \u00bb<\/a><\/p>","protected":false},"author":3,"featured_media":0,"parent":6794,"menu_order":0,"comment_status":"closed","ping_status":"closed","template":"","meta":{"site-sidebar-layout":"default","site-content-layout":"default","ast-global-header-display":"","ast-main-header-display":"","ast-hfb-above-header-display":"","ast-hfb-below-header-display":"","ast-hfb-mobile-header-display":"","site-post-title":"","ast-breadcrumbs-content":"","ast-featured-img":"","footer-sml-layout":"","theme-transparent-header-meta":"default","adv-header-id-meta":"","stick-header-meta":"","header-above-stick-meta":"","header-main-stick-meta":"","header-below-stick-meta":"","footnotes":""},"class_list":["post-7439","page","type-page","status-publish","hentry"],"_links":{"self":[{"href":"https:\/\/www.qualitester.com\/sl\/wp-json\/wp\/v2\/pages\/7439","targetHints":{"allow":["GET"]}}],"collection":[{"href":"https:\/\/www.qualitester.com\/sl\/wp-json\/wp\/v2\/pages"}],"about":[{"href":"https:\/\/www.qualitester.com\/sl\/wp-json\/wp\/v2\/types\/page"}],"author":[{"embeddable":true,"href":"https:\/\/www.qualitester.com\/sl\/wp-json\/wp\/v2\/users\/3"}],"replies":[{"embeddable":true,"href":"https:\/\/www.qualitester.com\/sl\/wp-json\/wp\/v2\/comments?post=7439"}],"version-history":[{"count":0,"href":"https:\/\/www.qualitester.com\/sl\/wp-json\/wp\/v2\/pages\/7439\/revisions"}],"up":[{"embeddable":true,"href":"https:\/\/www.qualitester.com\/sl\/wp-json\/wp\/v2\/pages\/6794"}],"wp:attachment":[{"href":"https:\/\/www.qualitester.com\/sl\/wp-json\/wp\/v2\/media?parent=7439"}],"curies":[{"name":"wp","href":"https:\/\/api.w.org\/{rel}","templated":true}]}}