{"id":7328,"date":"2025-07-31T13:49:15","date_gmt":"2025-07-31T05:49:15","guid":{"rendered":"https:\/\/www.qualitester.com\/?page_id=7328"},"modified":"2025-07-31T13:52:22","modified_gmt":"2025-07-31T05:52:22","slug":"usp-1217","status":"publish","type":"page","link":"https:\/\/www.qualitester.com\/sl\/standards\/usp-1217\/","title":{"rendered":"USP 1217"},"content":{"rendered":"<h1 style=\"text-align: center;\" data-start=\"529\" data-end=\"1070\"><strong data-start=\"529\" data-end=\"599\">\u00a0USP 1217<\/strong><\/h1>\n<h2 style=\"text-align: center;\" data-start=\"529\" data-end=\"1070\"><strong data-start=\"529\" data-end=\"599\">Standard za presku\u0161anje trdnosti tabli\u010dnih ra\u010dunalnikov<\/strong><\/h2>\n<p data-start=\"529\" data-end=\"1070\"><br data-start=\"599\" data-end=\"602\" \/>V farmacevtski proizvodnji, <strong data-start=\"632\" data-end=\"652\">celovitost tablet<\/strong> ne gre le za videz - neposredno vpliva na u\u010dinkovitost, stabilnost in izku\u0161nje bolnikov. <strong data-start=\"750\" data-end=\"764\">USP<\/strong> vzpostavlja celovit okvir za ocenjevanje mehanske trdnosti tablet s poudarkom na <strong data-start=\"858\" data-end=\"877\">trdota tablet<\/strong>, <strong data-start=\"879\" data-end=\"897\">sila preloma<\/strong>, in strukturno vzdr\u017eljivost. Te metrike usmerjajo formulacijo, omogo\u010dajo nadzor kakovosti in zagotavljajo, da tablete brez napak prenesejo proizvodnjo in ravnanje v realnem svetu.<\/p>\n<p data-start=\"1072\" data-end=\"1318\">Sodobni instrumenti, kot je Cell Instruments\u2019 <strong data-start=\"1118\" data-end=\"1151\">MPT-02 Tester trdote tablet<\/strong>-omogo\u010da proizvajalcem natan\u010dno in ponovljivo izvajanje teh preskusov, kar je v skladu s standardom USP , hkrati pa podpira u\u010dinkovitost procesov in skladnost s predpisi.<\/p>\n<hr data-start=\"1320\" data-end=\"1323\" \/>\n<h2 data-start=\"1325\" data-end=\"1398\"><strong data-start=\"1325\" data-end=\"1396\">Kriti\u010dni protokoli presku\u0161anja: Od preskusa trdote tablet do lomljivosti<\/strong><\/h2>\n<p>&nbsp;<\/p>\n<h3 data-start=\"1400\" data-end=\"1810\"><strong data-start=\"1400\" data-end=\"1467\">Preskus trdote tablet in preskus preloma: Zakaj je sila lomljenja pomembna?<\/strong><\/h3>\n<h2 style=\"text-align: center;\" data-start=\"529\" data-end=\"1070\"><strong style=\"font-size: 27.2px;\" data-start=\"529\" data-end=\"599\"><img decoding=\"async\" class=\"wp-image-7332 alignright\" src=\"https:\/\/www.qualitester.com\/wp-content\/uploads\/2025\/07\/usp1217-tablet-hardness_11zon-150x150.webp\" alt=\"USP 1217 s testerjem trdote tablet\" width=\"212\" height=\"212\" srcset=\"https:\/\/www.qualitester.com\/wp-content\/uploads\/2025\/07\/usp1217-tablet-hardness_11zon-150x150.webp 150w, https:\/\/www.qualitester.com\/wp-content\/uploads\/2025\/07\/usp1217-tablet-hardness_11zon-300x300.webp 300w, https:\/\/www.qualitester.com\/wp-content\/uploads\/2025\/07\/usp1217-tablet-hardness_11zon-100x100.webp 100w\" sizes=\"(max-width: 212px) 100vw, 212px\" \/><\/strong><\/h2>\n<p data-start=\"1400\" data-end=\"1810\">Spletna stran <strong data-start=\"1474\" data-end=\"1498\">preskus trdote tablet<\/strong> ne gre zgolj za merjenje povr\u0161inske upornosti. V okviru standarda USP  se nana\u0161a na <strong data-start=\"1595\" data-end=\"1609\">preskus prekinitve<\/strong>-tla\u010dna sila, ki je potrebna za zlom tablete. Ta sila, imenovana tudi <strong data-start=\"1689\" data-end=\"1717\">trdnost pri drobljenju tablet<\/strong>, ponuja vpogled v notranjo vezavo, enakomernost stiskanja in u\u010dinkovitost formulacije.<\/p>\n<p data-start=\"1812\" data-end=\"2215\">Spletna stran <a href=\"https:\/\/www.qualitester.com\/sl\/tablet-hardness-test\/\" target=\"_blank\" rel=\"noopener\"><strong data-start=\"1816\" data-end=\"1849\">MPT-02 Tester trdote tablet<\/strong><\/a>, z digitalnim senzorjem sile in stalnim premikanjem plo\u0161\u010de je prilagojen tak\u0161nim analizam. Bele\u017ei najve\u010djo silo, ki deluje na vzorec, polo\u017een med dve plo\u0161\u010di, in uporabnikom pomaga ugotoviti, ali tableta izpolnjuje zahtevane standarde trdnosti. Test je \u0161e posebej pomemben za \u017eve\u010dljive, oblo\u017eene ali izrezane tablete, pri katerih lahko zlom spremeni dostavo zdravila ali natan\u010dnost odmerjanja.<\/p>\n<hr data-start=\"2217\" data-end=\"2220\" \/>\n<h2 data-start=\"2222\" data-end=\"2578\"><strong data-start=\"2222\" data-end=\"2288\">Krhkost tablete: Mehanska odpornost zunaj stiskanja\u00a0\u00a0<\/strong><\/h2>\n<p data-start=\"2222\" data-end=\"2578\"><br data-start=\"2288\" data-end=\"2291\" \/>Medtem ko je mo\u010d pretrganja odpornost na neposredni pritisk, <strong data-start=\"2353\" data-end=\"2373\">preskusi drobljivosti<\/strong> simulirajo obrabo in povr\u0161inske obremenitve med rokovanjem. V skladu z USP , ki dopolnjuje USP , se tablete stresajo v vrte\u010dem se bobnu, da se izmeri <strong data-start=\"2537\" data-end=\"2577\">izguba te\u017ee zaradi drobljenja ali erozije.<\/strong>.<\/p>\n<p data-start=\"2580\" data-end=\"2841\">Krhkost je klju\u010dnega pomena pri ocenjevanju krhkih formulacij ali tablet s povr\u0161inskimi prevlekami. Prevelika drobljivost ka\u017ee, da bi se lahko tableta med pakiranjem, prevozom ali dajanjem zdrobila. A <strong data-start=\"2781\" data-end=\"2814\">izguba te\u017ee ve\u010dja od 1,0%<\/strong> je obi\u010dajno nesprejemljiva.<\/p>\n<p data-start=\"2843\" data-end=\"3138\">Za proizvajalce, ki \u017eelijo zmanj\u0161ati te\u017eave s krhkostjo, je klju\u010dno, da prilagodijo koncentracijo veziva, optimizirajo sile stiskanja ali izbolj\u0161ajo obliko tablet. Te prilagoditve je treba vedno preveriti z uporabo <strong data-start=\"3048\" data-end=\"3078\">umerjen tester za tablete<\/strong> da bi prepre\u010dili prekomerno korekcijo, ki bi lahko ovirala dezintegracijo.<\/p>\n<hr data-start=\"3140\" data-end=\"3143\" \/>\n<h2 data-start=\"3145\" data-end=\"3595\"><strong data-start=\"3145\" data-end=\"3218\">Preskus upogibanja in preskus krhkosti tablet: Napredni strukturni vpogled<\/strong><\/h2>\n<p data-start=\"3145\" data-end=\"3595\"><br data-start=\"3218\" data-end=\"3221\" \/>Vse tabli\u010dne ra\u010dunalnike se ne pokvarijo na enak na\u010din. Pri nekaterih se pojavljajo <strong data-start=\"3272\" data-end=\"3291\">krhka okvara<\/strong>, ki razpokajo \u017ee pri minimalni obremenitvi, medtem ko se drugi upogibajo ali deformirajo. V tem primeru je <strong data-start=\"3369\" data-end=\"3385\">upogibni preskus<\/strong>-pogosto <strong data-start=\"3394\" data-end=\"3422\">Trito\u010dkovni upogibni preskus<\/strong>-postane dragocen. Ocenjuje, kako se tabli\u010dni ra\u010dunalniki obna\u0161ajo pri upogibnih silah, pri \u010demer simulira scenarije rokovanja, ki tabli\u010dni ra\u010dunalnik na eni strani stisnejo, na drugi pa raztegnejo.<\/p>\n<p data-start=\"3597\" data-end=\"3937\">Spletna stran <strong data-start=\"3601\" data-end=\"3628\">preskus krhkosti tablet<\/strong> ocenjuje obna\u0161anje loma pri razli\u010dnih stopnjah deformacije. \u010ce je formulacija nagnjena h krhki okvari, lahko po\u010di med samodejnim podajanjem ali pakiranjem v blister. Preizku\u0161anje upogibanja je \u0161e posebej priporo\u010dljivo za podolgovate tablete ali tablete v obliki kapsul, pri katerih s stiskanjem premera ni mogo\u010de zagotoviti zanesljivih rezultatov.<\/p>\n<div class=\"ast-oembed-container\" style=\"height: 100%;\"><iframe title=\"Testiranje trdote tablet Test tla\u010dne trdote za tablete zdravil\" width=\"500\" height=\"281\" src=\"https:\/\/www.youtube.com\/embed\/uYgafVVSvpY?feature=oembed\" frameborder=\"0\" allow=\"accelerometer; autoplay; clipboard-write; encrypted-media; gyroscope; picture-in-picture; web-share\" referrerpolicy=\"strict-origin-when-cross-origin\" allowfullscreen><\/iframe><\/div>\n<hr data-start=\"3939\" data-end=\"3942\" \/>\n<h2 data-start=\"3944\" data-end=\"4293\"><strong data-start=\"3944\" data-end=\"4007\">Preizku\u0161anje trdnosti pri drobljenju tablet: Izvedba pravilnih meritev<\/strong><\/h2>\n<p data-start=\"3944\" data-end=\"4293\"><br data-start=\"4007\" data-end=\"4010\" \/>Standard USP sicer odsvetuje uporabo \u201ctrdote\u201d kot splo\u0161nega izraza, <strong data-start=\"4075\" data-end=\"4096\">drobilna trdnost<\/strong> ostaja splo\u0161no priznan deskriptor za merjenje <strong data-start=\"4154\" data-end=\"4204\">sila, potrebna za stiskanje in lomljenje tablete<\/strong>. Klju\u010dne spremenljivke pri tem preskusu vklju\u010dujejo hitrost plo\u0161\u010de, geometrijo tablice in podporne napeljave.<\/p>\n<p data-start=\"4295\" data-end=\"4602\">Klju\u010dna je doslednost. Rezultate je treba zapisovati v njutonih (N), oprema pa mora vzdr\u017eevati <strong data-start=\"4386\" data-end=\"4411\">konstantna stopnja nalaganja<\/strong>. Instrumenti, kot je <strong data-start=\"4434\" data-end=\"4467\">MPT-02 <\/strong>\u00a0samodejno prilagodi hitrost in zajame podatke v realnem \u010dasu, kar zmanj\u0161uje napake upravljavca in zagotavlja skladnost s farmakopejskimi protokoli.<\/p>\n<hr data-start=\"4604\" data-end=\"4607\" \/>\n<h2 data-start=\"4609\" data-end=\"4960\"><strong data-start=\"4609\" data-end=\"4662\">Zakaj je testiranje tabli\u010dnih ra\u010dunalnikov klju\u010dnega pomena za va\u0161e delovanje<\/strong><\/h2>\n<p data-start=\"4609\" data-end=\"4960\"><br data-start=\"4662\" data-end=\"4665\" \/>Za ekipe za zagotavljanje kakovosti, oddelke za raziskave in razvoj ter proizvodne in\u017eenirje je razumevanje in uporaba <strong data-start=\"4749\" data-end=\"4763\">USP<\/strong>\u00a0 metode testiranja pomagajo ugotoviti pomanjkljivosti formulacije, preden tablete pridejo na trg. Ustrezno testiranje tudi zmanj\u0161a \u0161tevilo vra\u010dil, podpira regulativne revizije in pove\u010duje zaupanje v kakovost izdelkov.<\/p>\n<p data-start=\"4962\" data-end=\"5333\">V podjetju Cell Instruments ponujamo ve\u010d kot le zanesljive testerje - zagotavljamo <strong data-start=\"5035\" data-end=\"5057\">prilagojene re\u0161itve<\/strong> za stranke v farmacevtskem sektorju, sektorju medicinske embala\u017ee in sektorju znanosti o materialih. Ne glede na to, ali ocenjujete <strong data-start=\"5168\" data-end=\"5190\">krhkost tablet<\/strong>, vodenje <strong data-start=\"5203\" data-end=\"5223\">preskusi drobljivosti<\/strong>, ali potrjevanje <strong data-start=\"5239\" data-end=\"5260\">drobilna trdnost<\/strong>, na\u0161i instrumenti omogo\u010dajo natan\u010dne in vedno ponovljive meritve.<\/p>\n<hr data-start=\"5335\" data-end=\"5338\" \/>\n<h2 data-start=\"5340\" data-end=\"5793\"><strong data-start=\"5340\" data-end=\"5416\">Zaklju\u010dek: Natan\u010dnej\u0161e testiranje tabli\u010dnih ra\u010dunalnikov z instrumenti Cell Instruments<\/strong><\/h2>\n<p data-start=\"5340\" data-end=\"5793\"><br data-start=\"5416\" data-end=\"5419\" \/>S spletne strani <strong data-start=\"5424\" data-end=\"5438\">preskus prekinitve<\/strong> na . <strong data-start=\"5442\" data-end=\"5458\">upogibni preskus<\/strong>, in iz <strong data-start=\"5469\" data-end=\"5488\">trdota<\/strong> na . <strong data-start=\"5492\" data-end=\"5506\">drobljivost<\/strong>, vsaka mehanska ocena zagotavlja klju\u010dni vpogled v fizikalno u\u010dinkovitost trdnih oblik zdravila. Z upo\u0161tevanjem <strong data-start=\"5628\" data-end=\"5642\">USP<\/strong> in vklju\u010devanje naprednih re\u0161itev, kot je <a href=\"https:\/\/www.celtec.cn\/newsinfo\/7623506.html\" target=\"_blank\" rel=\"noopener nofollow\"><strong data-start=\"5687\" data-end=\"5720\">MPT-02 Tester trdote tablet<\/strong><\/a>, lahko proizvajalci zagotovijo, da so tabli\u010dni ra\u010dunalniki zanesljivi, dosledni in skladni.<\/p>\n<p data-start=\"5795\" data-end=\"6005\">\u010ce optimizirate proizvodno linijo ali razvijate nove formulacije, se obrnite na <strong data-start=\"5874\" data-end=\"5904\">Cell Instruments Co., Ltd.<\/strong> za strokovno podporo in visoko zmogljive testne instrumente, ki se prilagajajo va\u0161im spreminjajo\u010dim se potrebam.<\/p>\n<p data-start=\"5795\" data-end=\"6005\">","protected":false},"excerpt":{"rendered":"<p>\u00a0USP 1217 The Standard for Tablet Strength Testing In pharmaceutical production, tablet integrity is not just about appearance\u2014it directly influences efficacy, stability, and patient experience. USP &lt;1217&gt; establishes a comprehensive framework for evaluating tablet mechanical strength, focusing on tablet hardness, breaking force, and structural durability. These metrics guide formulation, inform quality control, and ensure tablets &hellip;<\/p>\n<p class=\"read-more\"> <a class=\"\" href=\"https:\/\/www.qualitester.com\/sl\/standards\/usp-1217\/\"> <span class=\"screen-reader-text\">USP 1217<\/span> Preberite ve\u010d \u00bb<\/a><\/p>","protected":false},"author":3,"featured_media":0,"parent":4948,"menu_order":0,"comment_status":"closed","ping_status":"closed","template":"","meta":{"site-sidebar-layout":"default","site-content-layout":"default","ast-global-header-display":"","ast-main-header-display":"","ast-hfb-above-header-display":"","ast-hfb-below-header-display":"","ast-hfb-mobile-header-display":"","site-post-title":"","ast-breadcrumbs-content":"","ast-featured-img":"","footer-sml-layout":"","theme-transparent-header-meta":"default","adv-header-id-meta":"","stick-header-meta":"","header-above-stick-meta":"","header-main-stick-meta":"","header-below-stick-meta":"","footnotes":""},"class_list":["post-7328","page","type-page","status-publish","hentry"],"_links":{"self":[{"href":"https:\/\/www.qualitester.com\/sl\/wp-json\/wp\/v2\/pages\/7328","targetHints":{"allow":["GET"]}}],"collection":[{"href":"https:\/\/www.qualitester.com\/sl\/wp-json\/wp\/v2\/pages"}],"about":[{"href":"https:\/\/www.qualitester.com\/sl\/wp-json\/wp\/v2\/types\/page"}],"author":[{"embeddable":true,"href":"https:\/\/www.qualitester.com\/sl\/wp-json\/wp\/v2\/users\/3"}],"replies":[{"embeddable":true,"href":"https:\/\/www.qualitester.com\/sl\/wp-json\/wp\/v2\/comments?post=7328"}],"version-history":[{"count":0,"href":"https:\/\/www.qualitester.com\/sl\/wp-json\/wp\/v2\/pages\/7328\/revisions"}],"up":[{"embeddable":true,"href":"https:\/\/www.qualitester.com\/sl\/wp-json\/wp\/v2\/pages\/4948"}],"wp:attachment":[{"href":"https:\/\/www.qualitester.com\/sl\/wp-json\/wp\/v2\/media?parent=7328"}],"curies":[{"name":"wp","href":"https:\/\/api.w.org\/{rel}","templated":true}]}}