{"id":7087,"date":"2025-07-21T09:12:31","date_gmt":"2025-07-21T01:12:31","guid":{"rendered":"https:\/\/www.qualitester.com\/?page_id=7087"},"modified":"2025-07-21T09:12:31","modified_gmt":"2025-07-21T01:12:31","slug":"breaking-tester","status":"publish","type":"page","link":"https:\/\/www.qualitester.com\/sl\/applications\/breaking-tester\/","title":{"rendered":"Kako uporabljati tester za lomljenje ampul: ISO 9187"},"content":{"rendered":"<h1 style=\"text-align: center;\" data-start=\"370\" data-end=\"882\">Kako uporabljati tester za lomljenje ampul<br \/>\n<small>ISO 9187<\/small><\/h1>\n<hr \/>\n<p data-start=\"299\" data-end=\"916\">Preizku\u0161anje mehanske celovitosti ampul je klju\u010dnega pomena za zagotavljanje varne dostave zdravil, zlasti pri farmacevtskih izdelkih za injiciranje. Ta \u010dlanek ponuja podroben in strokoven vodnik o <strong data-start=\"486\" data-end=\"520\">kako uporabljati tester za lomljenje ampul<\/strong> za ampule v skladu z <a href=\"https:\/\/www.iso.org\/standard\/55920.html\" target=\"_blank\" rel=\"noopener nofollow\"><strong data-start=\"554\" data-end=\"566\">ISO 9187<\/strong><\/a> standardi. Pojasnjuje tudi vlogo <strong data-start=\"607\" data-end=\"627\">mo\u010d ampule<\/strong> testiranje in uvaja <strong data-start=\"655\" data-end=\"685\">Prekinitev sile Tester stroj<\/strong> kot osnovno orodje za farmacevtsko kontrolo kakovosti. Ne glede na to, ali ste tehnik za zagotavljanje kakovosti, regulativno osebje ali vodja laboratorija, vam ta \u010dlanek ponuja uporabna spoznanja, ki neposredno podpirajo va\u0161e cilje glede skladnosti in celovitosti izdelkov.<\/p>\n<hr \/>\n<h2 data-start=\"299\" data-end=\"916\">Razumevanje trdnosti ampule in testiranja sile loma ampule<\/h2>\n<p data-start=\"982\" data-end=\"1256\"><strong data-start=\"982\" data-end=\"1002\">Mo\u010d ampule<\/strong> se nana\u0161a na odpornost ampule na zunanje mehanske sile, dokler se ne zlomi na predvideni to\u010dki zloma. Natan\u010dna dolo\u010ditev te sile loma je bistvena za ohranjanje varnosti in uporabnosti izdelka. Neustrezne sile preloma lahko povzro\u010dijo:<\/p>\n<ul>\n<li data-start=\"1260\" data-end=\"1295\">Ampula se med odpiranjem razbije<\/li>\n<li data-start=\"1298\" data-end=\"1339\">Onesna\u017eenje zaradi nenadzorovane prekinitve<\/li>\n<li data-start=\"1342\" data-end=\"1393\">Te\u017eave pri odpiranju s strani zdravstvenih delavcev<\/li>\n<\/ul>\n<p data-start=\"1395\" data-end=\"1590\">Za oceno te lastnosti je treba <strong data-start=\"1432\" data-end=\"1462\">Prekinitev sile Tester stroj<\/strong> ima klju\u010dno vlogo. Uporablja natezno silo z nadzorovano hitrostjo in kotom, kar omogo\u010da zanesljive in ponovljive meritve.<\/p>\n<hr \/>\n<h2 data-start=\"1395\" data-end=\"1590\">Zakaj uporabljati stroj za testiranje sile preloma ampul?<\/h2>\n<p data-start=\"1639\" data-end=\"1933\">A <strong data-start=\"1641\" data-end=\"1671\">Prekinitev sile Tester stroj<\/strong> omogo\u010da natan\u010dne in standardizirane meritve sile lomljenja, ki je potrebna za lo\u010ditev peclja ampule od njenega telesa. V skladu z <strong data-start=\"1807\" data-end=\"1826\">ISO 9187-1:2010<\/strong>, to\u010dka 6, je to predpisana metoda za ocenjevanje mehanske celovitosti ampul. Glavne prednosti so:<\/p>\n<ul>\n<li data-start=\"1937\" data-end=\"1998\">Skladnost z <strong data-start=\"1953\" data-end=\"1967\">ISO 7500-1<\/strong> za stroje za natezno preizku\u0161anje<\/li>\n<li data-start=\"2001\" data-end=\"2058\">Obmo\u010dje sile do 200 N s hitrostjo presku\u0161anja 10 mm\/min<\/li>\n<li data-start=\"2061\" data-end=\"2089\">Minimalen vpliv upravljavca<\/li>\n<li data-start=\"2092\" data-end=\"2144\">Mo\u017enost bele\u017eenja \u010distega zloma v primerjavi z zlomom<\/li>\n<\/ul>\n<p data-start=\"2146\" data-end=\"2272\">Podjetje Cell Instruments priporo\u010da <strong data-start=\"2178\" data-end=\"2212\">BST-01 Tester za lomljenje ampul<\/strong> kot zanesljiva, standardom ustrezna re\u0161itev za te teste.<\/p>\n<hr \/>\n<h2 data-start=\"2146\" data-end=\"2272\">Korak za korakom: Kako uporabljati tester za lomljenje ampul<\/h2>\n<p>\u010ce \u017eelite zagotoviti natan\u010dne in skladne rezultate preskusa, upo\u0161tevajte naslednje podrobne korake:<\/p>\n<h3>1. <strong data-start=\"2412\" data-end=\"2437\">Priprava opreme<\/strong><\/h3>\n<p data-start=\"2438\" data-end=\"2500\">Prepri\u010dajte se, da preizku\u0161evalnik za lomljenje izpolnjuje zahteve standarda ISO 7500-1:<\/p>\n<ul>\n<li data-start=\"2503\" data-end=\"2537\">Umerjeno za obmo\u010dje sile 200 N<\/li>\n<li data-start=\"2540\" data-end=\"2578\">Nadzorovano gibanje pri <strong data-start=\"2563\" data-end=\"2576\">10 mm\/min<\/strong><\/li>\n<li data-start=\"2581\" data-end=\"2643\">Pritrdilni element je zasnovan za uporabo sile pri <strong data-start=\"2616\" data-end=\"2623\">90\u00b0<\/strong> na os ampule<\/li>\n<\/ul>\n<p data-start=\"2645\" data-end=\"2775\">Uporabite tester, kot je <strong data-start=\"2667\" data-end=\"2694\">Celi\u010dni instrumenti BST-01<\/strong>, z ergonomsko nastavitvijo vpenjanja in digitalnim krmiljenjem za natan\u010dnost.<\/p>\n<h3 data-start=\"2645\" data-end=\"2775\">2. <strong data-start=\"2784\" data-end=\"2807\">Kondicioniranje vzorca<\/strong><\/h3>\n<p data-start=\"2808\" data-end=\"2851\">Po podatkih <strong data-start=\"2821\" data-end=\"2850\">ISO 9187-1, oddelek 6.3.2<\/strong>:<\/p>\n<ul>\n<li data-start=\"2854\" data-end=\"2925\">Ampule shranjujte pri <strong data-start=\"2872\" data-end=\"2885\">20 \u00b1 5 \u00b0C<\/strong> vsaj 24 ur pred testiranjem.<\/li>\n<li data-start=\"2928\" data-end=\"2999\">Naklju\u010dno vzor\u010dite ampule glede na <strong data-start=\"2962\" data-end=\"2998\">ISO 2859-1, stopnja pregleda S-4<\/strong>.<\/li>\n<\/ul>\n<h3>3. <strong data-start=\"3008\" data-end=\"3039\">Nastavitev parametrov preskusa<\/strong><\/h3>\n<p data-start=\"3040\" data-end=\"3069\">Tester nastavite na naslednji na\u010din:<\/p>\n<ul>\n<li data-start=\"3072\" data-end=\"3114\">Nastavite uporabo sile na <strong data-start=\"3101\" data-end=\"3114\">10 mm\/min<\/strong><\/li>\n<li data-start=\"3117\" data-end=\"3235\">Ampulo poravnajte tako, da <strong data-start=\"3147\" data-end=\"3179\">vnaprej dolo\u010dena to\u010dka preloma<\/strong> (npr. kerami\u010dni obro\u010dek) je v sredini med kovinskimi palicami<\/li>\n<li data-start=\"3238\" data-end=\"3297\">uporabiti je treba silo <strong data-start=\"3260\" data-end=\"3277\">pravokotno<\/strong> na os ampule<\/li>\n<\/ul>\n<h3>4. <strong data-start=\"3306\" data-end=\"3326\">Izvedba preskusa<\/strong><\/h3>\n<ul>\n<li data-start=\"3329\" data-end=\"3392\">Ampulo pritrdite z zo\u017eitvijo med dvema kovinskima \u010deljustema.<\/li>\n<li data-start=\"3395\" data-end=\"3480\">Zagon naprave; naprava bo samodejno uporabila natezno silo, dokler se ampula ne razbije.<\/li>\n<li data-start=\"3483\" data-end=\"3576\">Zapi\u0161ite <strong data-start=\"3494\" data-end=\"3518\">vrednost prelomne sile<\/strong> in opazujte kakovost preloma (\u010disti prelom ali razbitje).\n<div class=\"ast-oembed-container\" style=\"height: 100%;\"><iframe title=\"ISO 9187-1 preizku\u0161evalnik za lomljenje ampul BST-01\" width=\"500\" height=\"281\" src=\"https:\/\/www.youtube.com\/embed\/fL78KBZwj3g?feature=oembed\" frameborder=\"0\" allow=\"accelerometer; autoplay; clipboard-write; encrypted-media; gyroscope; picture-in-picture; web-share\" referrerpolicy=\"strict-origin-when-cross-origin\" allowfullscreen><\/iframe><\/div>\n<\/li>\n<\/ul>\n<h3>5. <strong data-start=\"3585\" data-end=\"3609\">Vrednotenje po testu<\/strong><\/h3>\n<p data-start=\"3610\" data-end=\"3722\">Rezultate primerjajte z vrednostmi sile, dolo\u010denimi v tabeli 2 standarda ISO 9187-1. Dodatno preverjanje lahko vklju\u010duje:<\/p>\n<ul>\n<li data-start=\"3725\" data-end=\"3766\">Preverjanje doslednosti lokacije prekinitve<\/li>\n<li data-start=\"3769\" data-end=\"3812\">Ugotavljanje \u010distosti zloma<\/li>\n<li data-start=\"3815\" data-end=\"3864\">Preverjanje enakomernosti sile lomljenja v serijah<\/li>\n<\/ul>\n<hr \/>\n<h2>ISO 9187 Preskusna merila za mo\u010d pretrganja ampul<\/h2>\n<p data-start=\"3917\" data-end=\"4007\">Za skladnost z ISO 9187-1 in 9187-2 morajo va\u0161i rezultati o sili pri lomljenju ustrezati naslednjim zahtevam:<\/p>\n<ul>\n<li data-start=\"4011\" data-end=\"4077\"><strong data-start=\"4011\" data-end=\"4058\">Dosledno lomljenje na dolo\u010deni to\u010dki<\/strong> (v sredini \u00b11 mm)<\/li>\n<li data-start=\"4080\" data-end=\"4189\">Odpornost na sterilizacijo: segrevanje pri <strong data-start=\"4120\" data-end=\"4145\">120 \u00b0C za 30 minut<\/strong>, ki mu sledi potopitev v <strong data-start=\"4172\" data-end=\"4187\">30 \u00b0C vode<\/strong><\/li>\n<li data-start=\"4192\" data-end=\"4230\">Vzdr\u017eljivost pri postopkih \u010di\u0161\u010denja<\/li>\n<li data-start=\"4233\" data-end=\"4297\">Ne presega <strong data-start=\"4246\" data-end=\"4280\">opti\u010dna zakasnitev &gt; 50 nm\/mm<\/strong> po \u017earjenju<\/li>\n<\/ul>\n<p data-start=\"4299\" data-end=\"4413\">\u010ce ta merila niso izpolnjena, bo morda treba prilagoditi postopek izdelave ampule ali zasnovo to\u010dke preloma.<\/p>\n<hr \/>\n<h2 data-start=\"4299\" data-end=\"4413\">Zakaj izbrati instrumente Cell Instruments <a href=\"https:\/\/www.qualitester.com\/sl\/izdelek\/how-to-test-the-force-about-ampoule-breaking\/\">BST-01 Tester za lomljenje ampul<\/a>?<\/h2>\n<figure id=\"attachment_7097\" aria-describedby=\"caption-attachment-7097\" style=\"width: 308px\" class=\"wp-caption alignright\"><a href=\"https:\/\/www.qualitester.com\/sl\/izdelek\/how-to-test-the-force-about-ampoule-breaking\/\"><img fetchpriority=\"high\" decoding=\"async\" class=\"wp-image-7097\" src=\"https:\/\/www.qualitester.com\/wp-content\/uploads\/2025\/07\/Best-ISO-9187-Ampoule-Break-Force-Tester-300x300.webp\" alt=\"kako uporabljati tester za lomljenje ampul\" width=\"308\" height=\"308\" srcset=\"https:\/\/www.qualitester.com\/wp-content\/uploads\/2025\/07\/Best-ISO-9187-Ampoule-Break-Force-Tester-300x300.webp 300w, https:\/\/www.qualitester.com\/wp-content\/uploads\/2025\/07\/Best-ISO-9187-Ampoule-Break-Force-Tester-1024x1024.webp 1024w, https:\/\/www.qualitester.com\/wp-content\/uploads\/2025\/07\/Best-ISO-9187-Ampoule-Break-Force-Tester-150x150.webp 150w, https:\/\/www.qualitester.com\/wp-content\/uploads\/2025\/07\/Best-ISO-9187-Ampoule-Break-Force-Tester-768x768.webp 768w, https:\/\/www.qualitester.com\/wp-content\/uploads\/2025\/07\/Best-ISO-9187-Ampoule-Break-Force-Tester-12x12.webp 12w, https:\/\/www.qualitester.com\/wp-content\/uploads\/2025\/07\/Best-ISO-9187-Ampoule-Break-Force-Tester-600x600.webp 600w, https:\/\/www.qualitester.com\/wp-content\/uploads\/2025\/07\/Best-ISO-9187-Ampoule-Break-Force-Tester-100x100.webp 100w, https:\/\/www.qualitester.com\/wp-content\/uploads\/2025\/07\/Best-ISO-9187-Ampoule-Break-Force-Tester.webp 1200w\" sizes=\"(max-width: 308px) 100vw, 308px\" \/><\/a><figcaption id=\"caption-attachment-7097\" class=\"wp-caption-text\">BST-01 Tester za lomljenje ampul<\/figcaption><\/figure>\n<p data-start=\"4476\" data-end=\"4677\">\u010ce ocenjujete <strong data-start=\"4497\" data-end=\"4531\">kako uporabljati preizku\u0161evalnik za lomljenje<\/strong> za izpolnjevanje zahtev standarda ISO 9187. <strong data-start=\"4565\" data-end=\"4599\">BST-01 Tester za lomljenje ampul<\/strong> s spletne strani <strong data-start=\"4605\" data-end=\"4625\">Instrumenti za celice<\/strong> je zanesljiva in uporabniku prijazna mo\u017enost. Klju\u010dne lastnosti:<\/p>\n<ul>\n<li data-start=\"4681\" data-end=\"4730\">Ustreza <strong data-start=\"4687\" data-end=\"4701\">ISO 7500-1<\/strong> specifikacije stroja za natezni preskus<\/li>\n<li data-start=\"4733\" data-end=\"4779\">Optimizirano za analizo zloma vratu ampule<\/li>\n<li data-start=\"4782\" data-end=\"4834\">Primerno za laboratorije za zagotavljanje kakovosti, raziskave in razvoj ter certificiranje serij<\/li>\n<li data-start=\"4837\" data-end=\"4888\">Izbirne funkcije izvoza podatkov in izrisa grafov<\/li>\n<\/ul>\n<p data-start=\"4890\" data-end=\"5006\">Uporaba zanesljivega preizku\u0161evalnika ne podpira le skladnosti s predpisi, temve\u010d tudi pove\u010duje zaupanje v notranji nadzor kakovosti.<\/p>\n<hr \/>\n<h2 data-start=\"4890\" data-end=\"5006\">Zaklju\u010dek<\/h2>\n<p data-start=\"5028\" data-end=\"5449\">Razumevanje <strong data-start=\"5042\" data-end=\"5076\">kako uporabljati preizku\u0161evalnik za lomljenje<\/strong> u\u010dinkovito zagotavlja skladnost z <strong data-start=\"5113\" data-end=\"5125\">ISO 9187<\/strong>, varuje celovitost izdelka in zagotavlja varnost kon\u010dnega uporabnika. Vsak korak je pomemben, od nastavitve pravilne preskusne hitrosti do interpretacije kakovosti prekinitve. Vklju\u010ditev certificiranega <strong data-start=\"5300\" data-end=\"5330\">Ampule Break Force Tester Machine<\/strong> v svoj delovni proces, kot je na primer <strong data-start=\"5363\" data-end=\"5393\">BST-01 s <a href=\"https:\/\/www.qualitester.com\/sl\/\">Instrumenti za celice<\/a><\/strong>, omogo\u010da u\u010dinkovito in natan\u010dno testiranje mo\u010di ampul.<\/p>\n<p data-start=\"5451\" data-end=\"5593\">Z obvladovanjem teh tehnik lahko va\u0161 laboratorij ali proizvodni obrat izbolj\u0161a zagotavljanje kakovosti in spo\u0161tuje standarde farmacevtske embala\u017ee.<\/p>\n<hr \/>\n<h2 data-start=\"5451\" data-end=\"5593\">Pogosto zastavljena vpra\u0161anja<\/h2>\n<p data-start=\"5632\" data-end=\"5826\"><strong data-start=\"5632\" data-end=\"5708\">V1: Kak\u0161na je idealna lomna sila za ampule v skladu s standardom ISO 9187?<\/strong><br data-start=\"5708\" data-end=\"5711\" \/>A1: ISO 9187 dolo\u010da vrednosti glede na vrsto in velikost ampule. Natan\u010dne zahteve so navedene v tabeli 2 standarda ISO 9187-1.<\/p>\n<p data-start=\"5828\" data-end=\"5976\"><strong data-start=\"5828\" data-end=\"5887\">V2: Ali lahko namesto 10 mm\/min uporabimo druge hitrosti presku\u0161anja?<\/strong><br data-start=\"5887\" data-end=\"5890\" \/>A2: Da, ISO 9187 dovoljuje alternative, kot je 20 N\/s, \u010de so potrjeni enakovredni rezultati.<\/p>\n<p data-start=\"5978\" data-end=\"6146\"><strong data-start=\"5978\" data-end=\"6037\">V3: Kako pogosto je treba kalibrirati preizku\u0161evalnik za lomljenje?<\/strong><br data-start=\"6037\" data-end=\"6040\" \/>A3: Redno ga je treba umerjati glede na pogostost uporabe in vsaj enkrat letno v skladu s standardom ISO 7500-1.<\/p>\n<p data-start=\"6148\" data-end=\"6301\"><strong data-start=\"6148\" data-end=\"6200\">V4: Ali lahko BST-01 uporabljate za plasti\u010dne ampule?<\/strong><br data-start=\"6200\" data-end=\"6203\" \/>A4: Optimiziran je za steklene ampule, vendar so na zahtevo na voljo tudi prilagoditve za plastiko.<\/p>\n<p data-start=\"6303\" data-end=\"6464\"><strong data-start=\"6303\" data-end=\"6362\">V5: Kaj se zgodi, \u010de se ampula ne razbije \u010disto?<\/strong><br data-start=\"6362\" data-end=\"6365\" \/>A5: To lahko ka\u017ee na napake v proizvodnji ali nepravilno \u017earjenje. Tak\u0161ne vzorce je treba zavrniti.<\/p>","protected":false},"excerpt":{"rendered":"<p>Kako uporabljati tester za lomljenje ampul ISO 9187 Testiranje mehanske celovitosti ampul je klju\u010dnega pomena za zagotavljanje varne dostave zdravil, zlasti pri farmacevtskih izdelkih za injiciranje. V tem \u010dlanku je na voljo podroben in strokoven vodnik o uporabi testerja za lomljenje ampul v skladu s standardi ISO 9187. V njem je pojasnjena tudi vloga ...<\/p>\n<p class=\"read-more\"> <a class=\"\" href=\"https:\/\/www.qualitester.com\/sl\/applications\/breaking-tester\/\"> <span class=\"screen-reader-text\">Kako uporabljati tester za lomljenje ampul: ISO 9187<\/span> Preberite ve\u010d \u00bb<\/a><\/p>","protected":false},"author":3,"featured_media":0,"parent":6794,"menu_order":0,"comment_status":"closed","ping_status":"closed","template":"","meta":{"site-sidebar-layout":"default","site-content-layout":"default","ast-global-header-display":"","ast-main-header-display":"","ast-hfb-above-header-display":"","ast-hfb-below-header-display":"","ast-hfb-mobile-header-display":"","site-post-title":"","ast-breadcrumbs-content":"","ast-featured-img":"","footer-sml-layout":"","theme-transparent-header-meta":"default","adv-header-id-meta":"","stick-header-meta":"","header-above-stick-meta":"","header-main-stick-meta":"","header-below-stick-meta":"","footnotes":""},"class_list":["post-7087","page","type-page","status-publish","hentry"],"_links":{"self":[{"href":"https:\/\/www.qualitester.com\/sl\/wp-json\/wp\/v2\/pages\/7087","targetHints":{"allow":["GET"]}}],"collection":[{"href":"https:\/\/www.qualitester.com\/sl\/wp-json\/wp\/v2\/pages"}],"about":[{"href":"https:\/\/www.qualitester.com\/sl\/wp-json\/wp\/v2\/types\/page"}],"author":[{"embeddable":true,"href":"https:\/\/www.qualitester.com\/sl\/wp-json\/wp\/v2\/users\/3"}],"replies":[{"embeddable":true,"href":"https:\/\/www.qualitester.com\/sl\/wp-json\/wp\/v2\/comments?post=7087"}],"version-history":[{"count":0,"href":"https:\/\/www.qualitester.com\/sl\/wp-json\/wp\/v2\/pages\/7087\/revisions"}],"up":[{"embeddable":true,"href":"https:\/\/www.qualitester.com\/sl\/wp-json\/wp\/v2\/pages\/6794"}],"wp:attachment":[{"href":"https:\/\/www.qualitester.com\/sl\/wp-json\/wp\/v2\/media?parent=7087"}],"curies":[{"name":"wp","href":"https:\/\/api.w.org\/{rel}","templated":true}]}}