{"id":7013,"date":"2025-07-16T14:16:12","date_gmt":"2025-07-16T06:16:12","guid":{"rendered":"https:\/\/www.qualitester.com\/?page_id=7013"},"modified":"2025-07-23T14:24:59","modified_gmt":"2025-07-23T06:24:59","slug":"needle-sharpness-testing","status":"publish","type":"page","link":"https:\/\/www.qualitester.com\/sl\/applications\/needle-sharpness-testing\/","title":{"rendered":"Preskus ostrine igle in prepustnosti"},"content":{"rendered":"<h1 style=\"text-align: center;\" data-start=\"370\" data-end=\"882\">Testiranje ostrine igle<\/h1>\n<h1 style=\"text-align: center;\" data-start=\"370\" data-end=\"882\"><\/h1>\n<p data-start=\"407\" data-end=\"827\">V svetu proizvodnje medicinskih pripomo\u010dkov, <strong data-start=\"453\" data-end=\"481\">testiranje ostrine igel<\/strong> je klju\u010dni korak nadzora kakovosti, ki zagotavlja varno in u\u010dinkovito uporabo igel v klini\u010dnih aplikacijah. Ne glede na to, ali se uporablja za vbrizgavanje, \u0161ivanje ali dovajanje zdravil, je u\u010dinkovitost igle mo\u010dno odvisna od njene ostrine. Slabo izdelane ali dolgo\u010dasne igle lahko povzro\u010dijo nelagodje bolnika, po\u0161kodbe tkiva in manj\u0161o u\u010dinkovitost zdravljenja.<\/p>\n<p data-start=\"829\" data-end=\"1250\">Za proizvajalce in strokovnjake za nadzor kakovosti je razumevanje na\u010del ostrine in <strong data-start=\"928\" data-end=\"960\">testiranje penetracijske sposobnosti igle<\/strong>-zlasti v skladu z <strong data-start=\"993\" data-end=\"1005\">ISO 7864<\/strong>, <a href=\"https:\/\/www.qualitester.com\/sl\/kategorija-izdelka\/iso\/iso-11040-4\/\" target=\"_blank\" rel=\"noopener\"><strong data-start=\"1007\" data-end=\"1022\">ISO 11040-4<\/strong><\/a>, in <strong data-start=\"1028\" data-end=\"1042\">ISO 8871-5<\/strong>-je bistvenega pomena. V tem \u010dlanku so opisane preskusne metode, pomen in instrumentarij, povezani s presku\u0161anjem u\u010dinkovitosti igel, ter predstavljene bistvene prakse za doseganje zanesljivih in skladnih rezultatov.<\/p>\n<hr \/>\n<h2>Zakaj je preverjanje ostrine igle pomembno<\/h2>\n<p data-start=\"1298\" data-end=\"1502\">Zdravstveni delavci se zana\u0161ajo na ostre in natan\u010dne igle, ki zmanj\u0161ujejo nelagodje, po\u0161kodbe tkiva in zagotavljajo u\u010dinkovito penetracijo. Slabo izdelana igla pove\u010da silo vstavljanja, kar povzro\u010di:<\/p>\n<ul data-start=\"1504\" data-end=\"1663\">\n<li data-start=\"1504\" data-end=\"1531\">\n<p data-start=\"1506\" data-end=\"1531\"><strong data-start=\"1506\" data-end=\"1531\">Bole\u010dina in strah bolnika<\/strong><\/p>\n<\/li>\n<li data-start=\"1532\" data-end=\"1574\">\n<p data-start=\"1534\" data-end=\"1574\"><strong data-start=\"1534\" data-end=\"1574\">Zakasnjeno celjenje zaradi po\u0161kodbe tkiva<\/strong><\/p>\n<\/li>\n<li data-start=\"1575\" data-end=\"1624\">\n<p data-start=\"1577\" data-end=\"1624\"><strong data-start=\"1577\" data-end=\"1624\">Zmanj\u0161ana natan\u010dnost med dajanjem zdravila<\/strong><\/p>\n<\/li>\n<li data-start=\"1625\" data-end=\"1663\">\n<p data-start=\"1627\" data-end=\"1663\"><strong data-start=\"1627\" data-end=\"1663\">Zmanj\u0161ano zaupanje v medicinske pripomo\u010dke<\/strong><\/p>\n<\/li>\n<\/ul>\n<p data-start=\"1665\" data-end=\"1842\">Tako, <strong data-start=\"1671\" data-end=\"1699\">testiranje ostrine igel<\/strong> ne gre le za udobje, temve\u010d tudi za <strong data-start=\"1736\" data-end=\"1789\">zagotavljanje klini\u010dne varnosti, doslednosti delovanja<\/strong>, in <strong data-start=\"1795\" data-end=\"1841\">izpolnjevanje mednarodnih regulativnih standardov.<\/strong>.<\/p>\n<hr \/>\n<h2 data-start=\"1401\" data-end=\"1548\">Preskusni standardi za ostrino in prepustnost igle<\/h2>\n<p>Za natan\u010dno ocenjevanje u\u010dinkovitosti igle so v svetovnih standardih dolo\u010dene jasne preskusne metode:<\/p>\n<h3 data-start=\"1996\" data-end=\"2081\">Preskus penetracije z iglo za gumijaste zama\u0161ke - ISO 11040-4, ISO 7864, ISO 8871-5<\/h3>\n<p data-start=\"2083\" data-end=\"2353\"><strong data-start=\"2083\" data-end=\"2098\">ISO 11040-4<\/strong> in . <strong data-start=\"2103\" data-end=\"2115\">ISO 7864<\/strong> opisati standardizirane <strong data-start=\"2138\" data-end=\"2181\">preskusi prepustnosti za gumijaste zama\u0161ke<\/strong> in injekcijske igle. Ti preskusi simulirajo scenarije vbodov v resni\u010dnem svetu, kjer morajo igle v nadzorovanih razmerah prebiti gumijaste zaporke stekleni\u010dk ali podobne materiale.<\/p>\n<ul data-start=\"2355\" data-end=\"2800\">\n<li data-start=\"2355\" data-end=\"2495\">\n<p data-start=\"2357\" data-end=\"2495\"><strong data-start=\"2357\" data-end=\"2388\">Merjenje sile vstavljanja<\/strong>: Igle se vstavijo v gumijasto ali sinteti\u010dno testno podlago z uporabo sistema za stiskanje s konstantno hitrostjo.<\/p>\n<\/li>\n<li data-start=\"2496\" data-end=\"2662\">\n<p data-start=\"2498\" data-end=\"2662\"><strong data-start=\"2498\" data-end=\"2527\">Zna\u010dilnosti substrata<\/strong>: Materiali so lahko lateks (40 \u00b1 5 Shore A), poliuretan, silikonska guma ali folija LDPE, ki posnema medicinske gumijaste zama\u0161ke.<\/p>\n<\/li>\n<li data-start=\"2663\" data-end=\"2800\">\n<p data-start=\"2665\" data-end=\"2800\"><strong data-start=\"2665\" data-end=\"2680\">Izhod podatkov<\/strong>: S preskusom se izmerita najve\u010dja prodorna sila (za\u010detna prelomna sila) in drsno trenje med celotnim uvajanjem igle.<\/p>\n<\/li>\n<\/ul>\n<p data-start=\"2802\" data-end=\"2842\">Ti standardizirani testi pomagajo dolo\u010diti:<\/p>\n<ul data-start=\"2844\" data-end=\"2986\">\n<li data-start=\"2844\" data-end=\"2890\">\n<p data-start=\"2846\" data-end=\"2890\">ali je konica igle dovolj ostra<\/p>\n<\/li>\n<li data-start=\"2891\" data-end=\"2936\">\n<p data-start=\"2893\" data-end=\"2936\">Kako dosleden je proizvodni proces.<\/p>\n<\/li>\n<li data-start=\"2937\" data-end=\"2986\">\n<p data-start=\"2939\" data-end=\"2986\">Zdru\u017eljivost med iglo in gumijastim zapiralom<\/p>\n<\/li>\n<\/ul>\n<hr \/>\n<h3>Oprema in nastavitve za presku\u0161anje ostrine igle<\/h3>\n<p data-start=\"3590\" data-end=\"3712\"><strong data-start=\"3590\" data-end=\"3635\">Tester ostrine igle Cell Instruments<\/strong> zagotavlja natan\u010dno testiranje, usklajeno s standardi ISO in ASTM. Vklju\u010duje:<\/p>\n<ul data-start=\"3714\" data-end=\"4127\">\n<li data-start=\"3714\" data-end=\"3830\">\n<p data-start=\"3716\" data-end=\"3830\"><strong data-start=\"3716\" data-end=\"3744\">Sistem za merjenje sile<\/strong>: Obremenitvena celica, ki lahko zajame sile \u017ee od 0,01 N z izhodom visoke lo\u010dljivosti<\/p>\n<\/li>\n<li data-start=\"3831\" data-end=\"3914\">\n<p data-start=\"3833\" data-end=\"3914\"><strong data-start=\"3833\" data-end=\"3863\">Programirljiv nadzor hitrosti<\/strong>: Ohranja preskusno hitrost 100 mm\/min, dolo\u010deno s standardom ISO.<\/p>\n<\/li>\n<li data-start=\"3915\" data-end=\"4022\">\n<p data-start=\"3917\" data-end=\"4022\"><strong data-start=\"3917\" data-end=\"3937\">Nosilec substrata<\/strong>: pritrdi preskusne materiale z dolo\u010denim oknom za penetracijo (obi\u010dajno premer 10 mm).<\/p>\n<\/li>\n<li data-start=\"4023\" data-end=\"4127\">\n<p data-start=\"4025\" data-end=\"4127\"><strong data-start=\"4025\" data-end=\"4049\">7-pal\u010dni vmesnik HMI<\/strong>: Omogo\u010da intuitivno nastavitev preskusa in analizo krivulje sile in premikanja v realnem \u010dasu.<\/p>\n<\/li>\n<\/ul>\n<p data-start=\"4129\" data-end=\"4289\">S podporo za <strong data-start=\"4146\" data-end=\"4208\">ve\u010d merilnikov igle, vrst batov in modelov zama\u0161kov.<\/strong>, sistem pa je tudi zelo prilagodljiv za specializirane aplikacije za raziskave in razvoj ter zagotavljanje kakovosti.<\/p>\n<hr \/>\n<h2 data-start=\"3068\" data-end=\"3163\">Prednosti skladnosti z ISO 7864 in sorodnimi standardi<\/h2>\n<ul data-start=\"4358\" data-end=\"4725\">\n<li data-start=\"4358\" data-end=\"4447\">\n<p data-start=\"4360\" data-end=\"4447\"><strong data-start=\"4360\" data-end=\"4387\">Izbolj\u0161ana varnost izdelkov<\/strong>: Zagotavlja zanesljivo delovanje igel v klini\u010dnih pogojih<\/p>\n<\/li>\n<li data-start=\"4448\" data-end=\"4531\">\n<p data-start=\"4450\" data-end=\"4531\"><strong data-start=\"4450\" data-end=\"4478\">Zmanj\u0161ana travma pri pacientih<\/strong>: Optimizirana zasnova igle za manj bole\u010de vstavljanje<\/p>\n<\/li>\n<li data-start=\"4532\" data-end=\"4633\">\n<p data-start=\"4534\" data-end=\"4633\"><strong data-start=\"4534\" data-end=\"4563\">Doslednost proizvodnje<\/strong>: Potrjuje geometrijo konice, obdelavo povr\u0161ine in ponovljivost proizvodnje.<\/p>\n<\/li>\n<li data-start=\"4634\" data-end=\"4725\">\n<p data-start=\"4636\" data-end=\"4725\"><strong data-start=\"4636\" data-end=\"4668\">Globalna regulativna skladnost<\/strong>: Izpolnjuje zahteve FDA, EU MDR in mednarodne revizije<\/p>\n<\/li>\n<\/ul>\n<hr \/>\n<h2>Klju\u010dni vidiki pri preskusu penetrabilnosti za gumijaste zama\u0161ke<\/h2>\n<figure id=\"attachment_7014\" aria-describedby=\"caption-attachment-7014\" style=\"width: 286px\" class=\"wp-caption alignright\"><img fetchpriority=\"high\" decoding=\"async\" class=\"wp-image-7014\" src=\"https:\/\/www.qualitester.com\/wp-content\/uploads\/2025\/07\/3.needle-sharpness-tester_11zon-300x300.webp\" alt=\"Preizkus ostrine igle in preizkus prepustnosti za gumijaste zama\u0161ke je standardiziran v standardu ISO 7864 za zahteve glede sile vboda injekcijske igle, medtem ko standard ISO 11040-4 dolo\u010da preizkuse prepustnosti za sisteme prednapolnjenih brizg, ki jih dopolnjuje standard ISO 8871-5 za lastnosti elastomernih zapiralnih materialov.\" width=\"286\" height=\"286\" srcset=\"https:\/\/www.qualitester.com\/wp-content\/uploads\/2025\/07\/3.needle-sharpness-tester_11zon-300x300.webp 300w, https:\/\/www.qualitester.com\/wp-content\/uploads\/2025\/07\/3.needle-sharpness-tester_11zon-1024x1024.webp 1024w, https:\/\/www.qualitester.com\/wp-content\/uploads\/2025\/07\/3.needle-sharpness-tester_11zon-150x150.webp 150w, https:\/\/www.qualitester.com\/wp-content\/uploads\/2025\/07\/3.needle-sharpness-tester_11zon-768x768.webp 768w, https:\/\/www.qualitester.com\/wp-content\/uploads\/2025\/07\/3.needle-sharpness-tester_11zon-12x12.webp 12w, https:\/\/www.qualitester.com\/wp-content\/uploads\/2025\/07\/3.needle-sharpness-tester_11zon-600x600.webp 600w, https:\/\/www.qualitester.com\/wp-content\/uploads\/2025\/07\/3.needle-sharpness-tester_11zon-100x100.webp 100w, https:\/\/www.qualitester.com\/wp-content\/uploads\/2025\/07\/3.needle-sharpness-tester_11zon.webp 1080w\" sizes=\"(max-width: 286px) 100vw, 286px\" \/><figcaption id=\"caption-attachment-7014\" class=\"wp-caption-text\">Tester ostrine igle<\/figcaption><\/figure>\n<p data-start=\"4797\" data-end=\"5091\">Kot je opisano v <a href=\"https:\/\/www.qualitester.com\/sl\/kategorija-izdelka\/iso\/iso-11040-4\/\" target=\"_blank\" rel=\"noopener\"><strong data-start=\"4812\" data-end=\"4827\">ISO 11040-4<\/strong><\/a>, testiranje ni omejeno na samo iglo, temve\u010d tudi na gumijaste zama\u0161ke in zapirala viale. Proizvajalci vnaprej napolnjenih brizg in posod za zdravila za injiciranje morajo zagotoviti, da <strong data-start=\"5007\" data-end=\"5037\">interakcija med iglo in zaporko<\/strong> ne ogro\u017ea celovitosti ali dajanja zdravila.<\/p>\n<p data-start=\"5093\" data-end=\"5116\">Klju\u010dni parametri so:<\/p>\n<ul data-start=\"5118\" data-end=\"5242\">\n<li data-start=\"5118\" data-end=\"5155\">\n<p data-start=\"5120\" data-end=\"5155\"><strong data-start=\"5120\" data-end=\"5155\">Trdota in elasti\u010dnost zama\u0161ka<\/strong><\/p>\n<\/li>\n<li data-start=\"5156\" data-end=\"5204\">\n<p data-start=\"5158\" data-end=\"5204\"><strong data-start=\"5158\" data-end=\"5204\">Sila, ki je potrebna za prodiranje brez vrezovanja<\/strong><\/p>\n<\/li>\n<li data-start=\"5205\" data-end=\"5242\">\n<p data-start=\"5207\" data-end=\"5242\"><strong data-start=\"5207\" data-end=\"5242\">Celovitost tesnila po penetraciji<\/strong><\/p>\n<\/li>\n<\/ul>\n<p data-start=\"5244\" data-end=\"5380\"><strong data-start=\"5244\" data-end=\"5273\">Sistemi Cell Instruments<\/strong> podpirajo oba <strong data-start=\"5287\" data-end=\"5317\">testiranje igle in zama\u0161ka<\/strong>, ki ponuja poenotene re\u0161itve za celovito validacijo brizg.<\/p>\n<hr \/>\n<h2 data-start=\"3874\" data-end=\"4081\">Kdo naj uporablja opremo za testiranje ostrine igel?<\/h2>\n<ul data-start=\"5442\" data-end=\"5646\">\n<li data-start=\"5442\" data-end=\"5476\">\n<p data-start=\"5444\" data-end=\"5476\"><strong data-start=\"5444\" data-end=\"5476\">Proizvajalci medicinskih pripomo\u010dkov<\/strong><\/p>\n<\/li>\n<li data-start=\"5477\" data-end=\"5506\">\n<p data-start=\"5479\" data-end=\"5506\"><strong data-start=\"5479\" data-end=\"5506\">Proizvajalci OEM brizg in igel<\/strong><\/p>\n<\/li>\n<li data-start=\"5507\" data-end=\"5547\">\n<p data-start=\"5509\" data-end=\"5547\"><strong data-start=\"5509\" data-end=\"5547\">Dobavitelji farmacevtske embala\u017ee<\/strong><\/p>\n<\/li>\n<li data-start=\"5548\" data-end=\"5589\">\n<p data-start=\"5550\" data-end=\"5589\"><strong data-start=\"5550\" data-end=\"5589\">Laboratoriji za preverjanje kakovosti, ki jih opravljajo tretje osebe<\/strong><\/p>\n<\/li>\n<li data-start=\"5590\" data-end=\"5646\">\n<p data-start=\"5592\" data-end=\"5646\"><strong data-start=\"5592\" data-end=\"5646\">raziskovalni in razvojni centri, ki razvijajo nove sisteme za dostavo zdravil<\/strong><\/p>\n<\/li>\n<\/ul>\n<hr \/>\n<h2 data-start=\"4558\" data-end=\"4833\">Zaklju\u010dek<\/h2>\n<p data-start=\"6104\" data-end=\"6539\">Ker se injicirane terapije \u0161e naprej razvijajo, se vloga <strong data-start=\"6160\" data-end=\"6188\">testiranje ostrine igel<\/strong> pri zagotavljanju varnosti in u\u010dinkovitosti naprav postaja \u0161e pomembnej\u0161a kot kdaj koli prej. Z izpolnjevanjem zahtev <strong data-start=\"6282\" data-end=\"6294\">ISO 7864<\/strong>, <strong data-start=\"6296\" data-end=\"6311\">ISO 11040-4<\/strong>, in <strong data-start=\"6317\" data-end=\"6331\">ISO 8871-5<\/strong>, in z uporabo zanesljivih preskusnih instrumentov, kot je npr.<a href=\"https:\/\/www.qualitester.com\/sl\/needle-sharpness-testing\/\" target=\"_blank\" rel=\"noopener\"> <strong data-start=\"6385\" data-end=\"6434\">Tester ostrine igle iz podjetja Cell Instruments<\/strong><\/a>, lahko proizvajalci izbolj\u0161ajo zagotavljanje kakovosti, zmanj\u0161ajo nelagodje bolnikov in ohranijo globalno skladnost.<\/p>\n<p data-start=\"6541\" data-end=\"6706\">Za tehni\u010dna svetovanja, prilagajanje izdelkov ali zahteve za predstavitev obi\u0161\u010dite <a class=\"\" href=\"https:\/\/www.celtec.cn\" target=\"_new\" rel=\"noopener nofollow\" data-start=\"6624\" data-end=\"6665\">Instrumenti za celice<\/a> ali se neposredno obrnite na na\u0161e prodajne in\u017eenirje.<\/p>\n<p data-start=\"6541\" data-end=\"6706\">","protected":false},"excerpt":{"rendered":"<p>Needle Sharpness Testing In the world of medical device manufacturing, needle sharpness testing is a critical quality control step that ensures the safe and effective use of needles in clinical applications. Whether used for injections, suturing, or drug delivery, a needle\u2019s performance heavily relies on its sharpness. Poorly manufactured or dull needles can lead to &hellip;<\/p>\n<p class=\"read-more\"> <a class=\"\" href=\"https:\/\/www.qualitester.com\/sl\/applications\/needle-sharpness-testing\/\"> <span class=\"screen-reader-text\">Preskus ostrine igle in prepustnosti<\/span> Preberite ve\u010d \u00bb<\/a><\/p>","protected":false},"author":3,"featured_media":0,"parent":6794,"menu_order":0,"comment_status":"closed","ping_status":"closed","template":"","meta":{"site-sidebar-layout":"default","site-content-layout":"default","ast-global-header-display":"","ast-main-header-display":"","ast-hfb-above-header-display":"","ast-hfb-below-header-display":"","ast-hfb-mobile-header-display":"","site-post-title":"","ast-breadcrumbs-content":"","ast-featured-img":"","footer-sml-layout":"","theme-transparent-header-meta":"default","adv-header-id-meta":"","stick-header-meta":"","header-above-stick-meta":"","header-main-stick-meta":"","header-below-stick-meta":"","footnotes":""},"class_list":["post-7013","page","type-page","status-publish","hentry"],"_links":{"self":[{"href":"https:\/\/www.qualitester.com\/sl\/wp-json\/wp\/v2\/pages\/7013","targetHints":{"allow":["GET"]}}],"collection":[{"href":"https:\/\/www.qualitester.com\/sl\/wp-json\/wp\/v2\/pages"}],"about":[{"href":"https:\/\/www.qualitester.com\/sl\/wp-json\/wp\/v2\/types\/page"}],"author":[{"embeddable":true,"href":"https:\/\/www.qualitester.com\/sl\/wp-json\/wp\/v2\/users\/3"}],"replies":[{"embeddable":true,"href":"https:\/\/www.qualitester.com\/sl\/wp-json\/wp\/v2\/comments?post=7013"}],"version-history":[{"count":0,"href":"https:\/\/www.qualitester.com\/sl\/wp-json\/wp\/v2\/pages\/7013\/revisions"}],"up":[{"embeddable":true,"href":"https:\/\/www.qualitester.com\/sl\/wp-json\/wp\/v2\/pages\/6794"}],"wp:attachment":[{"href":"https:\/\/www.qualitester.com\/sl\/wp-json\/wp\/v2\/media?parent=7013"}],"curies":[{"name":"wp","href":"https:\/\/api.w.org\/{rel}","templated":true}]}}