{"id":7000,"date":"2025-07-17T09:22:18","date_gmt":"2025-07-17T01:22:18","guid":{"rendered":"https:\/\/www.qualitester.com\/?page_id=7000"},"modified":"2025-07-23T14:32:24","modified_gmt":"2025-07-23T06:32:24","slug":"rupture-test-for-soft-gelatin-capsules","status":"publish","type":"page","link":"https:\/\/www.qualitester.com\/sl\/applications\/rupture-test-for-soft-gelatin-capsules\/","title":{"rendered":"Test trganja mehkih \u017eelatinskih kapsul"},"content":{"rendered":"<h1 id=\"rupture-test-for-soft-gelatin-capsules-ensuring-ca\" class=\"mb-2 mt-6 text-base font-[500] first:mt-0 md:text-lg dark:font-[475] [hr+&amp;]:mt-4\" style=\"text-align: center;\">Preskus trganja mehkih \u017eelatinskih kapsul<\/h1>\n<h2 class=\"mb-2 mt-6 text-base font-[500] first:mt-0 md:text-lg dark:font-[475] [hr+&amp;]:mt-4\" style=\"text-align: center;\">Zagotavljanje trdnosti in celovitosti kapsul<\/h2>\n<h2><\/h2>\n<p data-start=\"787\" data-end=\"1123\">Mehke \u017eelatinaste kapsule so postale klju\u010dni sistem za dostavo vitaminov, mineralov in farmacevtskih izdelkov, saj lahko v \u017eelatini varno zaprejo teko\u010de polnilo. U\u010dinkovitost teh kapsul je v veliki meri odvisna od trdnosti in kakovosti \u017eelatinske plasti. Na spletni strani\u00a0<strong>preskus trganja mehkih \u017eelatinskih kapsul<\/strong>\u00a0je pomemben postopek, ki ga morajo proizvajalci in osebje za nadzor kakovosti razumeti, da bi zagotovili zanesljivost izdelka in varnost potro\u0161nikov.<\/p>\n<hr \/>\n<h2>Pomen preskusa pretrganja za mehke \u017eelatinske kapsule<\/h2>\n<p class=\"my-0\">Spletna stran\u00a0<strong>preskus trganja mehkih \u017eelatinskih kapsul<\/strong>\u00a0ocenjuje mehansko stabilnost stene kapsule in dolo\u010da, kak\u0161no silo lahko prenese \u017eelatinasta lupina, preden se zlomi. Ta preskus je bistvenega pomena, saj celovitost \u017eelatinske kapsule vpliva na:<\/p>\n<ul class=\"marker:text-textOff list-disc\">\n<li>\n<p class=\"my-0\">Za\u0161\u010dita aktivnih sestavin pred okoljskimi dejavniki, kot sta vlaga in kisik.<\/p>\n<\/li>\n<li>\n<p class=\"my-0\">Profil spro\u0161\u010danja zdravila ali dodatka v kapsuli.<\/p>\n<\/li>\n<li>\n<p class=\"my-0\">sposobnost kapsule, da pre\u017eivi rokovanje, pakiranje, prevoz in skladi\u0161\u010denje, ne da bi prezgodaj po\u010dila.<\/p>\n<\/li>\n<\/ul>\n<p class=\"my-0\">Preskus simulira resni\u010dne pogoje, v katerih se kapsule lahko stisnejo, stisnejo ali udarijo, in tako razkrije slabosti, ki lahko ogrozijo kakovost izdelka.<\/p>\n<hr \/>\n<h2 class=\"mb-xs mt-5 text-base font-[500] first:mt-0 dark:font-[475]\">Test trdote \u017eelatinskih kapsul in testiranje cvetenja: Drugi klju\u010dni vidiki<\/h2>\n<p class=\"my-0\">Sestavni vidik ocenjevanja kakovosti kapsul je\u00a0<strong>preskus trdote \u017eelatinskih kapsul<\/strong>, ki meri mehansko trdnost in elasti\u010dnost ovojnice kapsule. Ta preskus pogosto dopolnjuje preskus poru\u0161itve, saj omogo\u010da vpogled v obna\u0161anje kapsule pod postopnim pritiskom in ne pod nenadnim udarcem ali prebodom.<\/p>\n<p class=\"my-0\">Spletna stran\u00a0<strong>tester cvetenja<\/strong>\u00a0ima v tem kontekstu klju\u010dno vlogo, saj meri mo\u010d razcveta \u017eelatine, ki odra\u017ea trdnost gela materiala. Mo\u010d razcveta vpliva na trdoto in pro\u017enost folije kapsule. Vi\u0161je vrednosti blooma ustrezajo trdnej\u0161im gelom, kar vpliva na odpornost kapsule proti raztrganju in deformaciji.<\/p>\n<h2 class=\"mb-xs mt-5 text-base font-[500] first:mt-0 dark:font-[475]\">Metode za izvedbo preskusa pretrganja mehkih \u017eelatinskih kapsul<\/h2>\n<p class=\"my-0\">Pri preskusu poru\u0161itve gre predvsem za nadzorovano stiskanje ali penetracijski preskus, pri katerem je kapsula izpostavljena sili, dokler se njena lupina ne razpo\u010di. Klju\u010dni vidiki med preskusom vklju\u010dujejo:<\/p>\n<ul class=\"marker:text-textOff list-disc\">\n<li>\n<p class=\"my-0\"><strong>Dimenzije testne sonde<\/strong>: Obi\u010dajno se uporablja valjasta sonda s premerom 10 mm ali povr\u0161ino 10 mm\u00b2, ki enakomerno deluje s silo po povr\u0161ini kapsule.<\/p>\n<\/li>\n<li>\n<p class=\"my-0\"><strong>Merjenje sile<\/strong>: Z merjenjem najve\u010dje sile, pri kateri se lupina kapsule pretrga, lahko kvantitativno ocenimo trdnost lupine.<\/p>\n<\/li>\n<li>\n<p class=\"my-0\"><strong>Ocena elasti\u010dnosti<\/strong>: Merjenje deformacije pri stiskanju pomaga ugotoviti elasti\u010dnost in pro\u017enost folije kapsule, ne le silo pretrganja.<\/p>\n<\/li>\n<li>\n<p class=\"my-0\"><strong>Preizku\u0161anje trdnosti tesnila<\/strong>: Preizkus sile, potrebne za prekinitev tesnila kapsule, zagotavlja, da je teko\u010de polnilo med proizvodnjo in distribucijo varno zaprto.<\/p>\n<\/li>\n<\/ul>\n<p class=\"my-0\">Naprava, zasnovana posebej za izpolnjevanje teh zahtev, je Cell Instruments<a href=\"https:\/\/www.qualitester.com\/sl\/izdelek\/sale-soft-gel-capsule-hardness-tester\/\" target=\"_blank\" rel=\"noopener\"> CHT-01 Tester trdote mehkih gelskih kapsul<\/a>. Zagotavlja avtomatizirano testiranje z ve\u010d programi, vklju\u010dno z nadzorom sile, zaznavanjem najve\u010dje sile in merjenjem sile na podlagi razdalje, kar pove\u010duje u\u010dinkovitost in doslednost postopkov nadzora kakovosti.<\/p>\n<div class=\"ast-oembed-container\" style=\"height: 100%;\"><iframe title=\"Tester trdote kapsul Softgel CHT-01\" width=\"500\" height=\"281\" src=\"https:\/\/www.youtube.com\/embed\/pGYrer6N-Mk?feature=oembed\" frameborder=\"0\" allow=\"accelerometer; autoplay; clipboard-write; encrypted-media; gyroscope; picture-in-picture; web-share\" referrerpolicy=\"strict-origin-when-cross-origin\" allowfullscreen><\/iframe><\/div>\n<hr \/>\n<h2 class=\"mb-xs mt-5 text-base font-[500] first:mt-0 dark:font-[475]\">Zakaj uporabiti tester trdote kapsul z mehkim gelom Cell Instruments CHT-01?<\/h2>\n<p class=\"my-0\">Podjetje Cell Instruments je specializirano za natan\u010dne in prilagodljive re\u0161itve za presku\u0161anje materialov:<\/p>\n<ul class=\"marker:text-textOff list-disc\">\n<li>\n<p class=\"my-0\">CHT-01 je opremljen z nadzorno enoto PLC in uporabniku prijaznim 7-pal\u010dnim zaslonom na dotik HMI.<img fetchpriority=\"high\" decoding=\"async\" class=\"alignright wp-image-7007 size-medium\" src=\"https:\/\/www.qualitester.com\/wp-content\/uploads\/2025\/07\/2.CHT-01-soft-gel-capsule-hardness-tester2_11zon-300x300.webp\" alt=\"S preskusom pretrganja mehkih \u017eelatinskih kapsul se oceni mehanska trdnost in celovitost \u017eelatinske lupine.\" width=\"300\" height=\"300\" srcset=\"https:\/\/www.qualitester.com\/wp-content\/uploads\/2025\/07\/2.CHT-01-soft-gel-capsule-hardness-tester2_11zon-300x300.webp 300w, https:\/\/www.qualitester.com\/wp-content\/uploads\/2025\/07\/2.CHT-01-soft-gel-capsule-hardness-tester2_11zon-1024x1024.webp 1024w, https:\/\/www.qualitester.com\/wp-content\/uploads\/2025\/07\/2.CHT-01-soft-gel-capsule-hardness-tester2_11zon-150x150.webp 150w, https:\/\/www.qualitester.com\/wp-content\/uploads\/2025\/07\/2.CHT-01-soft-gel-capsule-hardness-tester2_11zon-768x768.webp 768w, https:\/\/www.qualitester.com\/wp-content\/uploads\/2025\/07\/2.CHT-01-soft-gel-capsule-hardness-tester2_11zon-12x12.webp 12w, https:\/\/www.qualitester.com\/wp-content\/uploads\/2025\/07\/2.CHT-01-soft-gel-capsule-hardness-tester2_11zon-600x600.webp 600w, https:\/\/www.qualitester.com\/wp-content\/uploads\/2025\/07\/2.CHT-01-soft-gel-capsule-hardness-tester2_11zon-100x100.webp 100w, https:\/\/www.qualitester.com\/wp-content\/uploads\/2025\/07\/2.CHT-01-soft-gel-capsule-hardness-tester2_11zon.webp 1080w\" sizes=\"(max-width: 300px) 100vw, 300px\" \/><\/p>\n<\/li>\n<li>\n<p class=\"my-0\">Spremenljiva hitrost testiranja in natan\u010dne komponente omogo\u010dajo prilagodljivost razli\u010dnim specifikacijam kapsul.<\/p>\n<\/li>\n<li>\n<p class=\"my-0\">Simulira realisti\u010dne stresne scenarije, kot sta stiskanje in pretrganje tesnila, kar je klju\u010dnega pomena za farmacevtsko embala\u017eo in stabilnost.<\/p>\n<\/li>\n<li>\n<p class=\"my-0\">Funkcija samodejnega vra\u010danja testerja in \u0161tevilne mo\u017enosti pritrditve pove\u010dajo zmogljivost in zmanj\u0161ajo \u0161tevilo napak pri ro\u010dnem rokovanju, kar poenostavi potek dela pri testiranju.<\/p>\n<\/li>\n<\/ul>\n<p class=\"my-0\">Z vklju\u010ditvijo tega naprednega testerja v postopke zagotavljanja kakovosti lahko zagotovite skladnost s farmacevtskimi standardi kakovosti in pove\u010date varnost bolnikov.<\/p>\n<hr \/>\n<h2 class=\"mb-xs mt-5 text-base font-[500] first:mt-0 dark:font-[475]\">Standardi in najbolj\u0161e strokovne prakse<\/h2>\n<p class=\"my-0\">Upo\u0161tevanje mednarodnih standardov, kot sta ASTM in ISO, je pri preskusu poru\u0161itve klju\u010dnega pomena za zagotavljanje zanesljivosti in ponovljivosti rezultatov. \u010ceprav se posebni farmakopejski standardi, ki izrecno dolo\u010dajo trganje \u017eelatinskih kapsul, lahko razlikujejo, upo\u0161tevanje standardov za mehansko presku\u0161anje zagotavlja celovitost farmacevtske embala\u017ee in podpira predlo\u017eitev regulativnih dokumentov.<\/p>\n<p class=\"my-0\">Strokovnjaki priporo\u010dajo:<\/p>\n<ul class=\"marker:text-textOff list-disc\">\n<li>\n<p class=\"my-0\">redno izvajanje preskusov pretrganja na proizvodnih serijah za odkrivanje proizvodnih neskladnosti.<\/p>\n<\/li>\n<li>\n<p class=\"my-0\">Kombinacija preskusov trdote in trdnosti, da bi razumeli celovit mehanski profil \u017eelatinske folije.<\/p>\n<\/li>\n<li>\n<p class=\"my-0\">Dokumentiranje in analiziranje trendov v trdnosti kapsul za potrebe prilagoditve proizvodnje.<\/p>\n<\/li>\n<\/ul>\n<hr \/>\n<h2>Zaklju\u010dek: Izbolj\u0161anje nadzora kakovosti z informiranim testiranjem<\/h2>\n<h2><\/h2>\n<p class=\"my-0\">Spletna stran\u00a0<strong>preskus trganja mehkih \u017eelatinskih kapsul<\/strong>\u00a0slu\u017ei kot klju\u010dni ukrep kakovosti, ki zagotavlja, da kapsule zdr\u017eijo mehanske obremenitve brez po\u0161kodb, kar zagotavlja u\u010dinkovitost izdelka. Vklju\u010devanje\u00a0<strong>preskus trdote \u017eelatinskih kapsul<\/strong>\u00a0in merjenje mo\u010di cvetenja \u0161e izbolj\u0161ata razumevanje robustnosti kapsul.<\/p>\n<p class=\"my-0\"><a href=\"https:\/\/www.celtec.cn\" target=\"_blank\" rel=\"noopener nofollow\">Instrumenti za celice<\/a> ponuja zanesljive in prilagodljive re\u0161itve, kot je <a href=\"https:\/\/www.qualitester.com\/sl\/izdelek\/sale-soft-gel-capsule-hardness-tester\/\" target=\"_blank\" rel=\"noopener\"><strong>CHT-01 tester trdote<\/strong><\/a> ki omogo\u010dajo natan\u010dno in u\u010dinkovito testiranje. Uporaba tak\u0161ne opreme in upo\u0161tevanje najbolj\u0161ih praks bosta farmacevtskim proizvajalcem in strokovnjakom za nadzor kakovosti pomagala ohraniti visoke standarde, zmanj\u0161ati \u0161tevilo napak pri izdelkih in pove\u010dati zaupanje potro\u0161nikov.<\/p>\n<p data-start=\"5570\" data-end=\"5722\">","protected":false},"excerpt":{"rendered":"<p>Rupture Test for Soft Gelatin Capsules Ensuring Capsule Strength and Integrity Soft gelatin capsules have become a crucial delivery system for vitamins, minerals, and pharmaceuticals, owing to their ability to safely enclose liquid fills within a gelatin shell. The effectiveness of these capsules depends significantly on the strength and quality of their gelatin film. The\u00a0rupture &hellip;<\/p>\n<p class=\"read-more\"> <a class=\"\" href=\"https:\/\/www.qualitester.com\/sl\/applications\/rupture-test-for-soft-gelatin-capsules\/\"> <span class=\"screen-reader-text\">Test trganja mehkih \u017eelatinskih kapsul<\/span> Preberite ve\u010d \u00bb<\/a><\/p>","protected":false},"author":3,"featured_media":0,"parent":6794,"menu_order":0,"comment_status":"closed","ping_status":"closed","template":"","meta":{"site-sidebar-layout":"default","site-content-layout":"default","ast-global-header-display":"","ast-main-header-display":"","ast-hfb-above-header-display":"","ast-hfb-below-header-display":"","ast-hfb-mobile-header-display":"","site-post-title":"","ast-breadcrumbs-content":"","ast-featured-img":"","footer-sml-layout":"","theme-transparent-header-meta":"default","adv-header-id-meta":"","stick-header-meta":"","header-above-stick-meta":"","header-main-stick-meta":"","header-below-stick-meta":"","footnotes":""},"class_list":["post-7000","page","type-page","status-publish","hentry"],"_links":{"self":[{"href":"https:\/\/www.qualitester.com\/sl\/wp-json\/wp\/v2\/pages\/7000","targetHints":{"allow":["GET"]}}],"collection":[{"href":"https:\/\/www.qualitester.com\/sl\/wp-json\/wp\/v2\/pages"}],"about":[{"href":"https:\/\/www.qualitester.com\/sl\/wp-json\/wp\/v2\/types\/page"}],"author":[{"embeddable":true,"href":"https:\/\/www.qualitester.com\/sl\/wp-json\/wp\/v2\/users\/3"}],"replies":[{"embeddable":true,"href":"https:\/\/www.qualitester.com\/sl\/wp-json\/wp\/v2\/comments?post=7000"}],"version-history":[{"count":0,"href":"https:\/\/www.qualitester.com\/sl\/wp-json\/wp\/v2\/pages\/7000\/revisions"}],"up":[{"embeddable":true,"href":"https:\/\/www.qualitester.com\/sl\/wp-json\/wp\/v2\/pages\/6794"}],"wp:attachment":[{"href":"https:\/\/www.qualitester.com\/sl\/wp-json\/wp\/v2\/media?parent=7000"}],"curies":[{"name":"wp","href":"https:\/\/api.w.org\/{rel}","templated":true}]}}