{"id":6928,"date":"2025-07-15T16:28:36","date_gmt":"2025-07-15T08:28:36","guid":{"rendered":"https:\/\/www.qualitester.com\/?page_id=6928"},"modified":"2025-07-23T13:53:20","modified_gmt":"2025-07-23T05:53:20","slug":"astm-d6195-2","status":"publish","type":"page","link":"https:\/\/www.qualitester.com\/sl\/standards\/astm-d6195-2\/","title":{"rendered":"ASTM D6195"},"content":{"rendered":"<h1 style=\"text-align: center;\" data-start=\"381\" data-end=\"855\">ASTM D6195<br \/>\nPreskusna metoda za testiranje zanke<\/h1>\n<p data-start=\"542\" data-end=\"1040\">Za proizvajalce lepil, ob\u010dutljivih na pritisk (PSA), je doseganje mo\u010dnega za\u010detnega oprijema klju\u010dnega pomena - zlasti pri hitri embala\u017ei, medicinskih trakovih, etiketah in industrijskih folijah. Spletna stran <a href=\"https:\/\/www.qualitester.com\/sl\/standards\/astm-d6195\/\" target=\"_blank\" rel=\"noopener\"><strong data-start=\"727\" data-end=\"741\">ASTM D6195<\/strong> <\/a>preskusna metoda ponuja standardiziran pristop za ocenjevanje tak\u0161nega obna\u0161anja \u201chitre palice\u201d. Preskus lepljenja z zanko, ki je posebej zasnovan za koli\u010dinsko opredelitev, kako dobro se lepilo pove\u017ee pod minimalnim pritiskom in v kratkem kontaktnem \u010dasu, je bistven za razvoj izdelkov in nadzor kakovosti.<\/p>\n<p data-start=\"1042\" data-end=\"1352\">Uporaba namenskega <strong data-start=\"1060\" data-end=\"1080\">preizku\u0161evalnik zank<\/strong>-kot je LTT-01 iz<a href=\"https:\/\/www.celtec.cn\" target=\"_blank\" rel=\"noopener nofollow\"> Instrumenti za celice<\/a>-zagotavlja natan\u010dnost, ponovljivost in skladnost z mednarodnimi standardi. V tem \u010dlanku pojasnjujemo standard ASTM D6195, podrobno opisujemo postopek testiranja in raziskujemo, zakaj je oprijemljivost zanke pomembna pri ocenjevanju u\u010dinkovitosti lepila.<\/p>\n<h2 data-start=\"1095\" data-end=\"1451\">Preskusna metoda za testiranje oprijema zanke in tester za testiranje oprijema zanke v standardu ASTM D6195<\/h2>\n<p data-start=\"1421\" data-end=\"1651\">Spletna stran <strong data-start=\"1425\" data-end=\"1450\">preskusna metoda za pritrjevanje z zanko<\/strong>, kot je opredeljena v standardu ASTM D6195, meri najve\u010djo silo, potrebno za lo\u010ditev zanke lepilnega traku od standardizirane povr\u0161ine po trenutnem stiku. V skladu s tem standardom obstajata dve uradni metodi:<\/p>\n<ul data-start=\"1653\" data-end=\"1846\">\n<li data-start=\"1653\" data-end=\"1740\">\n<p data-start=\"1655\" data-end=\"1740\"><strong data-start=\"1655\" data-end=\"1667\">Metoda A<\/strong>: Izvedeno na univerzalnem nateznem testerju z uporabo 7-pal\u010dnega lepilnega traku.<\/p>\n<\/li>\n<li data-start=\"1741\" data-end=\"1846\">\n<p data-start=\"1743\" data-end=\"1846\"><strong data-start=\"1743\" data-end=\"1755\">Metoda B<\/strong>: Uporablja namenski <strong data-start=\"1774\" data-end=\"1794\">preizku\u0161evalnik zank<\/strong> s 5-pal\u010dnim trakom za poenostavljene aplikacije QC<\/p>\n<\/li>\n<\/ul>\n<p data-start=\"1848\" data-end=\"2142\">V obeh primerih se vzorec lepila oblikuje v zanko in pride v stik z <strong data-start=\"1937\" data-end=\"1967\">preskusna plo\u0161\u010da iz nerjave\u010dega jekla<\/strong>. Na spletni strani . <strong data-start=\"1973\" data-end=\"2007\">najve\u010dja sila, potrebna za odlepitev<\/strong> lepilne zanke s povr\u0161ine se zabele\u017ei kot <em data-start=\"2062\" data-end=\"2079\">vrednost zanke tack<\/em>-je neposreden pokazatelj za\u010detne trdnosti lepila.<\/p>\n<h2 data-start=\"2075\" data-end=\"2354\">Vodnik po korakih za testiranje oprijema zanke po standardu ASTM D6195<\/h2>\n<p data-start=\"2205\" data-end=\"2327\">Za zagotovitev doslednih in zanesljivih rezultatov oprijemanja zanke je klju\u010dnega pomena, da upo\u0161tevate standardni postopek, opisan v standardu ASTM D6195:<\/p>\n<p><strong data-start=\"2329\" data-end=\"2354\">1. Priprava vzorca<\/strong><\/p>\n<ul>\n<li data-start=\"2357\" data-end=\"2431\">\n<p data-start=\"2359\" data-end=\"2431\">Odre\u017eite tri lepilne trakove, vsak meri <strong data-start=\"2401\" data-end=\"2419\">25 mm \u00d7 125 mm<\/strong> (1\u2033 \u00d7 5\u2033)<\/p>\n<\/li>\n<li data-start=\"2432\" data-end=\"2537\">\n<p data-start=\"2434\" data-end=\"2537\">\u010ce lepilo ni podprto (npr. prenosni trakovi), ga pred rezanjem laminirajte na 2milimetrsko folijo PET.<\/p>\n<\/li>\n<li data-start=\"2538\" data-end=\"2619\">\n<p data-start=\"2540\" data-end=\"2619\">Vse vzorce kondicionirajte pri <strong data-start=\"2565\" data-end=\"2578\">23 \u00b1 2 \u00b0C<\/strong> in . <strong data-start=\"2583\" data-end=\"2597\">50 \u00b1 5% RH<\/strong> vsaj 24 ur.<\/p>\n<\/li>\n<\/ul>\n<figure id=\"attachment_6978\" aria-describedby=\"caption-attachment-6978\" style=\"width: 298px\" class=\"wp-caption alignright\"><a href=\"http:\/\/https:\/\/www.celtec.cn\" rel=\"nofollow\"><img fetchpriority=\"high\" decoding=\"async\" class=\"wp-image-6978\" src=\"https:\/\/www.qualitester.com\/wp-content\/uploads\/2025\/07\/3.Loop-Tack-Tester-01-q_11zon-300x300.webp\" alt=\"Tester Loop Tack Tester ustreza standardu ASTM D6195\" width=\"298\" height=\"298\" srcset=\"https:\/\/www.qualitester.com\/wp-content\/uploads\/2025\/07\/3.Loop-Tack-Tester-01-q_11zon-300x300.webp 300w, https:\/\/www.qualitester.com\/wp-content\/uploads\/2025\/07\/3.Loop-Tack-Tester-01-q_11zon-1024x1024.webp 1024w, https:\/\/www.qualitester.com\/wp-content\/uploads\/2025\/07\/3.Loop-Tack-Tester-01-q_11zon-150x150.webp 150w, https:\/\/www.qualitester.com\/wp-content\/uploads\/2025\/07\/3.Loop-Tack-Tester-01-q_11zon-768x768.webp 768w, https:\/\/www.qualitester.com\/wp-content\/uploads\/2025\/07\/3.Loop-Tack-Tester-01-q_11zon-12x12.webp 12w, https:\/\/www.qualitester.com\/wp-content\/uploads\/2025\/07\/3.Loop-Tack-Tester-01-q_11zon-600x600.webp 600w, https:\/\/www.qualitester.com\/wp-content\/uploads\/2025\/07\/3.Loop-Tack-Tester-01-q_11zon-100x100.webp 100w, https:\/\/www.qualitester.com\/wp-content\/uploads\/2025\/07\/3.Loop-Tack-Tester-01-q_11zon.webp 1080w\" sizes=\"(max-width: 298px) 100vw, 298px\" \/><\/a><figcaption id=\"caption-attachment-6978\" class=\"wp-caption-text\">Tester Loop Tack Tester ustreza standardu ASTM D6195<\/figcaption><\/figure>\n<p data-start=\"2540\" data-end=\"2619\"><strong data-start=\"2621\" data-end=\"2644\">2. \u010ci\u0161\u010denje povr\u0161in<\/strong><\/p>\n<ul>\n<li data-start=\"2647\" data-end=\"2722\">\n<p data-start=\"2649\" data-end=\"2722\">Testno plo\u0161\u010do iz nerjavnega jekla o\u010distite z <strong data-start=\"2692\" data-end=\"2703\">aceton<\/strong> ali <strong data-start=\"2707\" data-end=\"2720\">n-heptan<\/strong><\/p>\n<\/li>\n<li data-start=\"2723\" data-end=\"2800\">\n<p data-start=\"2725\" data-end=\"2800\">Uporabite <strong data-start=\"2729\" data-end=\"2748\">rob\u010dki brez vlaken<\/strong> in preverite \u010disto\u010do z uporabo <strong data-start=\"2780\" data-end=\"2800\">preskus preloma z vodo<\/strong><\/p>\n<\/li>\n<\/ul>\n<p><strong data-start=\"2802\" data-end=\"2823\">3. Oblikovanje zanke<\/strong><\/p>\n<ul>\n<li data-start=\"2826\" data-end=\"2902\">\n<p data-start=\"2828\" data-end=\"2902\">Vsak trak previdno prepognite nazaj, da nastane <strong data-start=\"2876\" data-end=\"2900\">zanka v obliki solze<\/strong><\/p>\n<\/li>\n<li data-start=\"2903\" data-end=\"2991\">\n<p data-start=\"2905\" data-end=\"2991\">Uporabite <strong data-start=\"2909\" data-end=\"2932\">1-pal\u010dni maskirni trak<\/strong> za pritrjevanje koncev brez onesna\u017eenja lepilnega polja.<\/p>\n<\/li>\n<\/ul>\n<p><strong data-start=\"2993\" data-end=\"3014\">4. Izvedba testov<\/strong><\/p>\n<ul>\n<li data-start=\"3017\" data-end=\"3095\">\n<p data-start=\"3019\" data-end=\"3095\">Konca z lepilnim trakom vstavite v <strong data-start=\"3050\" data-end=\"3065\">zgornja objemka<\/strong> o <strong data-start=\"3073\" data-end=\"3093\">preizku\u0161evalnik zank<\/strong><\/p>\n<\/li>\n<li data-start=\"3096\" data-end=\"3168\">\n<p data-start=\"3098\" data-end=\"3168\">Z nadzorovano hitrostjo spustite zanko na jekleno preskusno povr\u0161ino velikosti 1 in\u00b2.<\/p>\n<\/li>\n<li data-start=\"3169\" data-end=\"3244\">\n<p data-start=\"3171\" data-end=\"3244\">Obrnite smer in <strong data-start=\"3193\" data-end=\"3218\">zabele\u017eite najve\u010djo silo<\/strong> potrebno za odklop zanke<\/p>\n<\/li>\n<\/ul>\n<p><strong data-start=\"3246\" data-end=\"3281\">5. Zbiranje in analiza podatkov<\/strong><\/p>\n<ul data-start=\"3284\" data-end=\"3482\">\n<li data-start=\"3284\" data-end=\"3349\">\n<p data-start=\"3286\" data-end=\"3349\">Ujemite <strong data-start=\"3298\" data-end=\"3326\">najve\u010dja lo\u010dilna sila<\/strong> v njutonih ali funtih<\/p>\n<\/li>\n<li data-start=\"3350\" data-end=\"3424\">\n<p data-start=\"3352\" data-end=\"3424\">Zapi\u0161ite <strong data-start=\"3363\" data-end=\"3379\">na\u010din odpovedi<\/strong> (adhezija, kohezija ali prenos lepila)<\/p>\n<\/li>\n<li data-start=\"3425\" data-end=\"3482\">\n<p data-start=\"3427\" data-end=\"3482\">Ponovite za vse vzorce, da zagotovite statisti\u010dno zanesljivost<\/p>\n<\/li>\n<\/ul>\n<div class=\"ast-oembed-container\" style=\"height: 100%;\"><iframe title=\"Preskus oprijema zanke v skladu z ASTM D6195, PSTC-16, FINAT \u0161t. 9.\" width=\"500\" height=\"281\" src=\"https:\/\/www.youtube.com\/embed\/L1HbDnq-LxQ?feature=oembed\" frameborder=\"0\" allow=\"accelerometer; autoplay; clipboard-write; encrypted-media; gyroscope; picture-in-picture; web-share\" referrerpolicy=\"strict-origin-when-cross-origin\" allowfullscreen><\/iframe><\/div>\n<h2 data-start=\"3720\" data-end=\"3976\">Uporaba in pomen standarda ASTM D6195 v razli\u010dnih panogah<\/h2>\n<p data-start=\"3554\" data-end=\"3646\">Spletna stran <strong data-start=\"3558\" data-end=\"3572\">ASTM D6195<\/strong> preskus oprijema zanke je splo\u0161no raz\u0161irjen v sektorjih, ki so odvisni od u\u010dinkovitosti PSA:<\/p>\n<ul data-start=\"3648\" data-end=\"3987\">\n<li data-start=\"3648\" data-end=\"3715\">\n<p data-start=\"3650\" data-end=\"3715\"><strong data-start=\"3650\" data-end=\"3663\">Pakiranje<\/strong>: Preverja hitro oprijemljivost trakov za tesnjenje in pakiranje.<\/p>\n<\/li>\n<li data-start=\"3716\" data-end=\"3811\">\n<p data-start=\"3718\" data-end=\"3811\"><strong data-start=\"3718\" data-end=\"3729\">Medicinska stran<\/strong>: Potrjuje ne\u017eno, vendar takoj\u0161nje lepljenje oblog za rane in elektrodnih obli\u017eev<\/p>\n<\/li>\n<li data-start=\"3812\" data-end=\"3897\">\n<p data-start=\"3814\" data-end=\"3897\"><strong data-start=\"3814\" data-end=\"3829\">Elektronika<\/strong>: Zagotavlja varen oprijem etiket, membran ali za\u010dasnih vezi.<\/p>\n<\/li>\n<li data-start=\"3898\" data-end=\"3987\">\n<p data-start=\"3900\" data-end=\"3987\"><strong data-start=\"3900\" data-end=\"3923\">Tekstil in obla\u010dila<\/strong>: Ocenjuje odstranljive oznake ali na pritisk ob\u010dutljive oblikovne zna\u010dilnosti.<\/p>\n<\/li>\n<\/ul>\n<p data-start=\"3989\" data-end=\"4180\">Z merjenjem <em data-start=\"4006\" data-end=\"4017\">pripenjanje z zanko<\/em>, lahko proizvajalci primerjajo formulacije, prilagajajo mase premazov in optimizirajo povr\u0161insko obdelavo - rezultat so zanesljivej\u0161i in zmogljivej\u0161i lepilni izdelki.<\/p>\n<h2 data-start=\"4238\" data-end=\"4279\">Pove\u010danje natan\u010dnosti testiranja s testerjem za testiranje zanke Cell Instruments<\/h2>\n<p data-start=\"4259\" data-end=\"4452\">V laboratorijih in produkcijskih okoljih je uporaba <strong data-start=\"4305\" data-end=\"4335\">namenski preizku\u0161evalnik za spenjanje zank<\/strong>-kot je na primer <strong data-start=\"4348\" data-end=\"4380\">LTT-01 iz<a href=\"https:\/\/www.celtec.cn\" rel=\"nofollow noopener\" target=\"_blank\"> Instrumenti za celice<\/a><\/strong>-zagotavlja popolno skladnost z <strong data-start=\"4410\" data-end=\"4433\">ASTM D6195 Metoda B<\/strong>. Zna\u010dilnosti vklju\u010dujejo:<\/p>\n<ul data-start=\"4454\" data-end=\"4772\">\n<li data-start=\"4454\" data-end=\"4511\">\n<p data-start=\"4456\" data-end=\"4511\"><strong data-start=\"4456\" data-end=\"4485\">Digitalno merjenje sile<\/strong> z lo\u010dljivostjo 0,001 N<\/p>\n<\/li>\n<li data-start=\"4512\" data-end=\"4564\">\n<p data-start=\"4514\" data-end=\"4564\"><strong data-start=\"4514\" data-end=\"4544\">Programirljiv nadzor hitrosti<\/strong> od 1-500 mm\/min<\/p>\n<\/li>\n<li data-start=\"4565\" data-end=\"4630\">\n<p data-start=\"4567\" data-end=\"4630\"><strong data-start=\"4567\" data-end=\"4605\">Standardizirana plo\u0161\u010da iz nerjave\u010dega jekla<\/strong> za dosleden stik<\/p>\n<\/li>\n<li data-start=\"4631\" data-end=\"4704\">\n<p data-start=\"4633\" data-end=\"4704\"><strong data-start=\"4633\" data-end=\"4675\">Vmesnik z zaslonom na dotik in mikrotiskalnik<\/strong> za zajem podatkov v realnem \u010dasu<\/p>\n<\/li>\n<li data-start=\"4705\" data-end=\"4772\">\n<p data-start=\"4707\" data-end=\"4772\"><strong data-start=\"4707\" data-end=\"4740\">Izbirna integracija programske opreme<\/strong> za analizo in arhiviranje testov<\/p>\n<\/li>\n<\/ul>\n<p data-start=\"4774\" data-end=\"4983\">LTT-01 je \u0161e posebej primeren za proizvajalce, ki delajo z <strong data-start=\"4839\" data-end=\"4868\">etikete, ob\u010dutljive na pritisk<\/strong>, <strong data-start=\"4870\" data-end=\"4887\">medicinski trakovi<\/strong>, in <strong data-start=\"4893\" data-end=\"4924\">industrijske za\u0161\u010ditne folije<\/strong>, kjer je zmogljivost zanke za prijemanje odvisna od uporabnosti izdelka.<\/p>\n<h3 data-start=\"4617\" data-end=\"4644\">Zaklju\u010dek<\/h3>\n<p data-start=\"5006\" data-end=\"5291\">Spletna stran <a href=\"https:\/\/www.qualitester.com\/sl\/standards\/astm-d6195\/\" target=\"_blank\" rel=\"noopener\"><strong data-start=\"5010\" data-end=\"5024\">ASTM D6195<\/strong><\/a> standard ponuja natan\u010dno in ponovljivo metodo za ocenjevanje <strong data-start=\"5086\" data-end=\"5114\">za\u010detna zmogljivost prijema<\/strong> lepil, ob\u010dutljivih na pritisk. Ne glede na to, ali se uporabljajo v hitri embala\u017ei, klini\u010dnih okoljih ali elektroniki, <strong data-start=\"5225\" data-end=\"5246\">testiranje zank<\/strong> zagotavlja, da lepila izpolnjujejo zahteve uporabe.<\/p>\n<p data-start=\"5293\" data-end=\"5594\">Uporaba strokovnega<a href=\"https:\/\/www.qualitester.com\/sl\/izdelek\/sale-tape-loop-tack-testing-machine\/\" target=\"_blank\" rel=\"noopener\"> <strong data-start=\"5318\" data-end=\"5338\">preizku\u0161evalnik zank<\/strong><\/a> LTT-01 podjetja Like Cell Instruments zagotavlja skladnost, doslednost in uporabne podatke za optimizacijo izdelkov in nadzor kakovosti. Za podjetja, ki resno skrbijo za zanesljivost lepil, je vklju\u010ditev standarda ASTM D6195 v proces zagotavljanja kakovosti pametna in raz\u0161irljiva nalo\u017eba.<\/p>","protected":false},"excerpt":{"rendered":"<p>ASTM D6195 Loop Tack Testing Method For manufacturers of pressure-sensitive adhesives (PSAs), achieving strong initial tack is critical\u2014especially in high-speed packaging, medical tapes, labels, and industrial films. The ASTM D6195 test method offers a standardized approach to evaluating this &#8220;quick-stick&#8221; behavior. Specifically designed to quantify how well an adhesive bonds under minimal pressure and short &hellip;<\/p>\n<p class=\"read-more\"> <a class=\"\" href=\"https:\/\/www.qualitester.com\/sl\/standards\/astm-d6195-2\/\"> <span class=\"screen-reader-text\">ASTM D6195<\/span> Preberite ve\u010d \u00bb<\/a><\/p>","protected":false},"author":3,"featured_media":0,"parent":4948,"menu_order":0,"comment_status":"closed","ping_status":"closed","template":"","meta":{"site-sidebar-layout":"default","site-content-layout":"default","ast-global-header-display":"","ast-main-header-display":"","ast-hfb-above-header-display":"","ast-hfb-below-header-display":"","ast-hfb-mobile-header-display":"","site-post-title":"","ast-breadcrumbs-content":"","ast-featured-img":"","footer-sml-layout":"","theme-transparent-header-meta":"default","adv-header-id-meta":"","stick-header-meta":"","header-above-stick-meta":"","header-main-stick-meta":"","header-below-stick-meta":"","footnotes":""},"class_list":["post-6928","page","type-page","status-publish","hentry"],"_links":{"self":[{"href":"https:\/\/www.qualitester.com\/sl\/wp-json\/wp\/v2\/pages\/6928","targetHints":{"allow":["GET"]}}],"collection":[{"href":"https:\/\/www.qualitester.com\/sl\/wp-json\/wp\/v2\/pages"}],"about":[{"href":"https:\/\/www.qualitester.com\/sl\/wp-json\/wp\/v2\/types\/page"}],"author":[{"embeddable":true,"href":"https:\/\/www.qualitester.com\/sl\/wp-json\/wp\/v2\/users\/3"}],"replies":[{"embeddable":true,"href":"https:\/\/www.qualitester.com\/sl\/wp-json\/wp\/v2\/comments?post=6928"}],"version-history":[{"count":0,"href":"https:\/\/www.qualitester.com\/sl\/wp-json\/wp\/v2\/pages\/6928\/revisions"}],"up":[{"embeddable":true,"href":"https:\/\/www.qualitester.com\/sl\/wp-json\/wp\/v2\/pages\/4948"}],"wp:attachment":[{"href":"https:\/\/www.qualitester.com\/sl\/wp-json\/wp\/v2\/media?parent=6928"}],"curies":[{"name":"wp","href":"https:\/\/api.w.org\/{rel}","templated":true}]}}