{"id":6818,"date":"2025-07-15T16:26:15","date_gmt":"2025-07-15T08:26:15","guid":{"rendered":"https:\/\/www.qualitester.com\/?page_id=6818"},"modified":"2025-07-15T16:27:57","modified_gmt":"2025-07-15T08:27:57","slug":"astm-f1140","status":"publish","type":"page","link":"https:\/\/www.qualitester.com\/sl\/standards\/astm-f1140\/","title":{"rendered":"ASTM F1140"},"content":{"rendered":"<h1 style=\"text-align: center;\">ASTM F1140<br \/>\n<small>Preizkus poru\u0161itve<\/small><\/h1>\n<hr \/>\n<p data-start=\"391\" data-end=\"755\"><a href=\"https:\/\/www.astm.org\/\" target=\"_blank\" rel=\"noopener nofollow\"><img decoding=\"async\" class=\"alignleft wp-image-6829\" src=\"https:\/\/www.qualitester.com\/wp-content\/uploads\/2025\/07\/ASTM_logo.svg_\u526f\u672c-300x300.webp\" alt=\"ASTM F1140 - tester za pretrganje vre\u010dk\" width=\"194\" height=\"194\" srcset=\"https:\/\/www.qualitester.com\/wp-content\/uploads\/2025\/07\/ASTM_logo.svg_\u526f\u672c-300x300.webp 300w, https:\/\/www.qualitester.com\/wp-content\/uploads\/2025\/07\/ASTM_logo.svg_\u526f\u672c-150x150.webp 150w, https:\/\/www.qualitester.com\/wp-content\/uploads\/2025\/07\/ASTM_logo.svg_\u526f\u672c-12x12.webp 12w, https:\/\/www.qualitester.com\/wp-content\/uploads\/2025\/07\/ASTM_logo.svg_\u526f\u672c-100x100.webp 100w, https:\/\/www.qualitester.com\/wp-content\/uploads\/2025\/07\/ASTM_logo.svg_\u526f\u672c.webp 600w\" sizes=\"(max-width: 194px) 100vw, 194px\" \/><\/a>V sodobnih panogah, kot so <strong data-start=\"420\" data-end=\"479\">medicinske pripomo\u010dke, farmacevtske izdelke, hrano in elektroniko.<\/strong>, ima pro\u017ena embala\u017ea klju\u010dno vlogo pri ohranjanju varnosti in celovitosti izdelkov. Da bi zagotovili, da ta embala\u017ea vzdr\u017ei spremembe notranjega tlaka, <strong data-start=\"636\" data-end=\"650\">ASTM F1140<\/strong> ponuja niz standardiziranih postopkov za ocenjevanje odpornosti na okvare v neobremenjenih razmerah.<\/p>\n<p data-start=\"757\" data-end=\"1093\"><strong data-start=\"757\" data-end=\"771\">ASTM F1140<\/strong> je splo\u0161no priznan za presku\u0161anje nezape\u010datenih in zape\u010datenih pro\u017enih paketov z uporabo <strong data-start=\"849\" data-end=\"876\">notranje zvi\u0161anje tlaka<\/strong>. Ta preskusna metoda pomaga dolo\u010diti to\u010dko, pri kateri embala\u017eni materiali ali tesnila odpovedo pod nara\u0161\u010dajo\u010dim ali dolgotrajnim pritiskom, ki simulira resni\u010dne pogoje, kot so prevoz, sterilizacija in spremembe nadmorske vi\u0161ine.<\/p>\n<hr \/>\n<h2>Metode presku\u0161anja notranjega tlaka: Preizkus tesnosti z razpoko, polzenjem in pozitivnim tlakom<\/h2>\n<h3>Preizkus izbruha: Ocenjevanje najve\u010djega tlaka ob odpovedi<\/h3>\n<p data-start=\"1238\" data-end=\"1547\">Spletna stran <strong data-start=\"1242\" data-end=\"1256\">test izbruha<\/strong> je ena najpogosteje uporabljenih metod v okviru <strong data-start=\"1307\" data-end=\"1321\">ASTM F1140<\/strong>. Vklju\u010duje postopno pove\u010devanje <strong data-start=\"1360\" data-end=\"1381\">notranji tlak<\/strong> v embala\u017ei, dokler ne pride do pretrganja materiala ali tesnila. Ta preskus je bistvenega pomena za dolo\u010ditev <strong data-start=\"1483\" data-end=\"1503\">najvi\u0161ji tlak<\/strong> ki jo embala\u017ea prenese, preden se pokvari.<\/p>\n<p data-start=\"1549\" data-end=\"1580\"><strong data-start=\"1549\" data-end=\"1580\">Klju\u010dni vidiki so:<\/strong><\/p>\n<ul>\n<li data-start=\"1584\" data-end=\"1625\">Uporaba odprtih ali zaprtih testnih sklopov<\/li>\n<li data-start=\"1628\" data-end=\"1661\">Nadzorovana stopnja zvi\u0161evanja tlaka<\/li>\n<li data-start=\"1664\" data-end=\"1720\">Natan\u010dno bele\u017eenje poru\u0161itvenega tlaka in mesta okvare<\/li>\n<\/ul>\n<p data-start=\"1722\" data-end=\"1907\">Spletna stran <strong data-start=\"1726\" data-end=\"1764\">Cell Instruments LSST-01 Open Pack<\/strong> je zasnovan posebej za tak\u0161ne aplikacije, saj ponuja natan\u010den nadzor in bele\u017eenje podatkov v realnem \u010dasu za ve\u010djo zanesljivost in sledljivost.<\/p>\n<div class=\"ast-oembed-container\" style=\"height: 100%;\"><iframe title=\"Notranji zra\u010dni tester tlaka razpadanja metode \u0161irokega zgibanja vzorca\" width=\"500\" height=\"281\" src=\"https:\/\/www.youtube.com\/embed\/F8bgKIrB-bc?feature=oembed\" frameborder=\"0\" allow=\"accelerometer; autoplay; clipboard-write; encrypted-media; gyroscope; picture-in-picture; web-share\" referrerpolicy=\"strict-origin-when-cross-origin\" allowfullscreen><\/iframe><\/div>\n<h3 data-start=\"1722\" data-end=\"1907\">Preskus lezenja in lezenje do poru\u0161itve: Ocenjevanje tla\u010dne vzdr\u017eljivosti<\/h3>\n<p data-start=\"1976\" data-end=\"2305\">Spletna stran <strong data-start=\"1980\" data-end=\"1994\">preskus lezenja<\/strong> (metoda B1) je paket podvr\u017een <strong data-start=\"2033\" data-end=\"2064\">dolo\u010den pozitivni tlak<\/strong> za dolo\u010deno obdobje - obi\u010dajno 15-30 sekund - in opazujte, ali ohranja celovitost brez okvare. Nasprotno pa se <strong data-start=\"2178\" data-end=\"2198\">plazenje do okvare<\/strong> (metoda B2) ohranja tlak do poru\u0161itve, kar omogo\u010da vpogled v <strong data-start=\"2273\" data-end=\"2292\">\u010das do odpovedi<\/strong> uspe\u0161nost.<\/p>\n<p data-start=\"2307\" data-end=\"2463\">Te metode so \u0161e posebej dragocene pri preu\u010devanju embala\u017enih materialov, ki morda ne po\u010dijo takoj, vendar se lahko pri stalni obremenitvi deformirajo ali razslojijo.<\/p>\n<p data-start=\"2465\" data-end=\"2486\">Aplikacije vklju\u010dujejo:<\/p>\n<ul>\n<li data-start=\"2490\" data-end=\"2518\">Preverjanje sterilnih pregrad<\/li>\n<li data-start=\"2521\" data-end=\"2559\">Ocenjevanje celovitosti tesnila skozi \u010das<\/li>\n<li data-start=\"2562\" data-end=\"2603\">Primerjava materialov pri stati\u010dnem tlaku<\/li>\n<\/ul>\n<p data-start=\"2605\" data-end=\"2834\">Za natan\u010dno izvedbo teh testov potrebujete <strong data-start=\"2651\" data-end=\"2682\">preskus uhajanja pozitivnega tlaka<\/strong> sistem z natan\u010dno regulacijo tlaka, odzivnimi senzorji in <strong data-start=\"2748\" data-end=\"2767\">samodejni \u010dasovnik<\/strong>-Vsi ti so vklju\u010deni v sistem LSST-01 podjetja Cell Instruments.<\/p>\n<hr \/>\n<h2 data-start=\"2605\" data-end=\"2834\">Zakaj metoda razpadanja pod pritiskom ni del standarda ASTM F1140<\/h2>\n<p data-start=\"2901\" data-end=\"3263\">Medtem ko je <strong data-start=\"2911\" data-end=\"2936\">metoda upadanja tlaka<\/strong> se pogosto uporablja za odkrivanje pu\u0161\u010danja, vendar v standardu ASTM F1140 ni dolo\u010den postopek. Namesto tega se standard ASTM F1140 osredoto\u010da na neposredne ocene napak pri tla\u010dni obremenitvi. Vendar pa lahko vklju\u010ditev razpadanja tlaka kot dopolnilnega preskusa zagotovi \u0161ir\u0161i vpogled v kakovost paketa, zlasti \u010de se uporablja skupaj s preskusi poru\u0161itve in lezenja.<\/p>\n<hr \/>\n<h2 data-start=\"2901\" data-end=\"3263\">Prednosti uporabe preizku\u0161evalnika raztrganosti vre\u010dk, skladnega z ASTM F1140<\/h2>\n<p data-start=\"3341\" data-end=\"3487\">Za dosledne in ponovljive rezultate uporabite specializirano <strong data-start=\"3391\" data-end=\"3413\">preizku\u0161evalec razpo\u010dnosti vre\u010dk<\/strong>-kot na primer <strong data-start=\"3423\" data-end=\"3461\">Cell Instruments LSST-01 Open Pack<\/strong>-ponuja klju\u010dne prednosti:<\/p>\n<ul>\n<li data-start=\"3491\" data-end=\"3527\"><strong data-start=\"3491\" data-end=\"3510\">Dvojni na\u010dini testiranja<\/strong>: po\u010di in se plazi<\/li>\n<li data-start=\"3530\" data-end=\"3585\"><strong data-start=\"3530\" data-end=\"3557\">Prilagodljiva zasnova pritrdilnih elementov<\/strong> za odprte ali zaprte pakete<\/li>\n<li data-start=\"3588\" data-end=\"3626\"><strong data-start=\"3588\" data-end=\"3626\">Natan\u010den nadzor notranjega tlaka<\/strong><\/li>\n<li data-start=\"3629\" data-end=\"3672\"><strong data-start=\"3629\" data-end=\"3650\">Sledljivost podatkov<\/strong> prek digitalnega vmesnika<\/li>\n<li data-start=\"3675\" data-end=\"3727\"><strong data-start=\"3675\" data-end=\"3689\">Skladnost<\/strong> z ASTM F1140 in sorodnimi standardi.<\/li>\n<\/ul>\n<p data-start=\"3729\" data-end=\"3877\">Z napravo LSST-01 lahko strokovnjaki za nadzor kakovosti zanesljivo spremljajo celovitost embala\u017ee v razvojnih, proizvodnih in validacijskih procesih.<\/p>\n<hr \/>\n<h2 style=\"text-align: left;\" data-start=\"3729\" data-end=\"3877\">Scenariji uporabe in panoge, ki imajo koristi od presku\u0161anja ASTM F1140<\/h2>\n<p data-start=\"3960\" data-end=\"4027\">Testiranje v skladu s standardom ASTM F1140 je zlasti pomembno za:<\/p>\n<ul>\n<li data-start=\"4031\" data-end=\"4087\"><strong data-start=\"4031\" data-end=\"4059\">Pakiranje medicinskih pripomo\u010dkov<\/strong>, zlasti sterilne vre\u010dke<\/li>\n<li data-start=\"4090\" data-end=\"4134\"><strong data-start=\"4090\" data-end=\"4122\">Farmacevtski blisterji<\/strong> in vre\u010dke<\/li>\n<li data-start=\"4137\" data-end=\"4205\"><strong data-start=\"4137\" data-end=\"4170\">Fleksibilna embala\u017ea za \u017eivila<\/strong> izpostavljeni vakuumu ali visokemu tlaku.<\/li>\n<li data-start=\"4208\" data-end=\"4264\"><strong data-start=\"4208\" data-end=\"4233\">Elektronske komponente<\/strong> ki morajo ostati brez vlage<\/li>\n<li data-start=\"4267\" data-end=\"4343\"><strong data-start=\"4267\" data-end=\"4298\">Agencije za nadzor kakovosti<\/strong> iskanje certifikacijskega testiranja na podlagi standardov.<\/li>\n<\/ul>\n<p data-start=\"4345\" data-end=\"4558\"><a href=\"https:\/\/www.qualitester.com\/sl\/\">Instrumenti za celice<\/a> zagotavlja napredne re\u0161itve za vse te sektorje, saj poleg visoko zmogljivih testnih sistemov ponuja tudi <strong data-start=\"4472\" data-end=\"4501\">mo\u017enosti avtomatizacije po meri<\/strong> prilagojene posebnim materialom in geometriji embala\u017ee.<\/p>\n<hr \/>\n<h2 style=\"text-align: left;\" data-start=\"4345\" data-end=\"4558\"><img fetchpriority=\"high\" decoding=\"async\" class=\"alignleft wp-image-6832\" src=\"https:\/\/www.qualitester.com\/wp-content\/uploads\/2025\/07\/Headquarters_\u526f\u672c2-300x300.webp\" alt=\"ASTM F1140 - notranji tlak\" width=\"236\" height=\"236\" srcset=\"https:\/\/www.qualitester.com\/wp-content\/uploads\/2025\/07\/Headquarters_\u526f\u672c2-300x300.webp 300w, https:\/\/www.qualitester.com\/wp-content\/uploads\/2025\/07\/Headquarters_\u526f\u672c2-1024x1024.webp 1024w, https:\/\/www.qualitester.com\/wp-content\/uploads\/2025\/07\/Headquarters_\u526f\u672c2-150x150.webp 150w, https:\/\/www.qualitester.com\/wp-content\/uploads\/2025\/07\/Headquarters_\u526f\u672c2-768x768.webp 768w, https:\/\/www.qualitester.com\/wp-content\/uploads\/2025\/07\/Headquarters_\u526f\u672c2-12x12.webp 12w, https:\/\/www.qualitester.com\/wp-content\/uploads\/2025\/07\/Headquarters_\u526f\u672c2-600x600.webp 600w, https:\/\/www.qualitester.com\/wp-content\/uploads\/2025\/07\/Headquarters_\u526f\u672c2-100x100.webp 100w, https:\/\/www.qualitester.com\/wp-content\/uploads\/2025\/07\/Headquarters_\u526f\u672c2.webp 1200w\" sizes=\"(max-width: 236px) 100vw, 236px\" \/>Zakaj izbrati Cell Instruments?<\/h2>\n<p data-start=\"4598\" data-end=\"4893\">Na spletni strani <strong data-start=\"4601\" data-end=\"4631\">Cell Instruments Co., Ltd.<\/strong>, smo specializirani za razvoj <strong data-start=\"4661\" data-end=\"4704\">instrumenti za natan\u010dno testiranje materialov<\/strong> za embala\u017eo, medicinske in farmacevtske aplikacije. Na\u0161a oprema je izdelana v skladu z globalnimi standardi za testiranje, vklju\u010dno s standardi ASTM, ISO in TAPPI, na\u0161a strokovna ekipa pa strankam pomaga pri:<\/p>\n<ul>\n<li data-start=\"4897\" data-end=\"4930\"><strong data-start=\"4897\" data-end=\"4930\">Konfiguracije testiranja po meri<\/strong><\/li>\n<li data-start=\"4933\" data-end=\"4964\"><strong data-start=\"4933\" data-end=\"4964\">Popolna integracija avtomatizacije<\/strong><\/li>\n<li data-start=\"4967\" data-end=\"5003\"><strong data-start=\"4967\" data-end=\"5003\">Usposabljanje in umerjanje na kraju samem<\/strong><\/li>\n<li data-start=\"5006\" data-end=\"5034\"><strong data-start=\"5006\" data-end=\"5034\">Hitra tehni\u010dna podpora<\/strong><\/li>\n<\/ul>\n<hr \/>\n<h2 style=\"text-align: left;\"><a href=\"https:\/\/www.qualitester.com\/sl\/izdelek\/best-balloon-burst-tester-for-sale\/\"><img decoding=\"async\" class=\"alignright wp-image-6833\" src=\"https:\/\/www.qualitester.com\/wp-content\/uploads\/2025\/07\/Balloon-Burst-Tester--300x300.webp\" alt=\"ASTM F1140 - metoda razpadanja pod pritiskom\" width=\"240\" height=\"240\" srcset=\"https:\/\/www.qualitester.com\/wp-content\/uploads\/2025\/07\/Balloon-Burst-Tester--300x300.webp 300w, https:\/\/www.qualitester.com\/wp-content\/uploads\/2025\/07\/Balloon-Burst-Tester--150x150.webp 150w, https:\/\/www.qualitester.com\/wp-content\/uploads\/2025\/07\/Balloon-Burst-Tester--12x12.webp 12w, https:\/\/www.qualitester.com\/wp-content\/uploads\/2025\/07\/Balloon-Burst-Tester--100x100.webp 100w, https:\/\/www.qualitester.com\/wp-content\/uploads\/2025\/07\/Balloon-Burst-Tester-.webp 600w\" sizes=\"(max-width: 240px) 100vw, 240px\" \/><\/a>Zaklju\u010dek<\/h2>\n<p style=\"text-align: center;\"><strong data-start=\"5056\" data-end=\"5070\">ASTM F1140<\/strong> je bistvenega pomena za zagotavljanje varnosti in trajnosti pro\u017ene embala\u017ee pod notranjim tlakom. Ne glede na to, ali izvajate <strong data-start=\"5191\" data-end=\"5205\">test izbruha<\/strong>, a <strong data-start=\"5209\" data-end=\"5240\">preskus uhajanja pozitivnega tlaka<\/strong>, ali dolgoro\u010dno analizo z uporabo <strong data-start=\"5274\" data-end=\"5311\">metode lezenja ali lezenja do poru\u0161itve<\/strong>, zagotavljanje kakovosti je odvisno od <strong data-start=\"5342\" data-end=\"5388\">zanesljiva in s standardi skladna oprema.<\/strong>. Na spletni strani . <a href=\"https:\/\/www.qualitester.com\/sl\/izdelek\/best-balloon-burst-tester-for-sale\/\"><strong data-start=\"5394\" data-end=\"5434\">LSST-01 Tester raztrganosti vre\u010dk Open Pack<\/strong><\/a> s spletne strani <strong data-start=\"5440\" data-end=\"5460\">Instrumenti za celice<\/strong> ponuja natan\u010dnost, prilagodljivost in skladnost, ki so potrebni za podporo strokovnjakom za pakiranje v razli\u010dnih panogah.<\/p>","protected":false},"excerpt":{"rendered":"<p>ASTM F1140 Preizku\u0161anje poru\u0161itve V sodobnih industrijskih panogah, kot so medicinski pripomo\u010dki, farmacevtski izdelki, hrana in elektronika, ima pro\u017ena embala\u017ea klju\u010dno vlogo pri ohranjanju varnosti in celovitosti izdelkov. Da bi zagotovili, da ta embala\u017ea vzdr\u017ei spremembe notranjega tlaka, je v standardu ASTM F1140 na voljo niz standardiziranih postopkov za ocenjevanje odpornosti na poru\u0161itev v neomejenih pogojih. Standard ASTM F1140 je \u0161iroko raz\u0161irjen ...<\/p>\n<p class=\"read-more\"> <a class=\"\" href=\"https:\/\/www.qualitester.com\/sl\/standards\/astm-f1140\/\"> <span class=\"screen-reader-text\">ASTM F1140<\/span> Preberite ve\u010d \u00bb<\/a><\/p>","protected":false},"author":3,"featured_media":0,"parent":4948,"menu_order":0,"comment_status":"closed","ping_status":"closed","template":"","meta":{"site-sidebar-layout":"default","site-content-layout":"default","ast-global-header-display":"","ast-main-header-display":"","ast-hfb-above-header-display":"","ast-hfb-below-header-display":"","ast-hfb-mobile-header-display":"","site-post-title":"","ast-breadcrumbs-content":"","ast-featured-img":"","footer-sml-layout":"","theme-transparent-header-meta":"default","adv-header-id-meta":"","stick-header-meta":"","header-above-stick-meta":"","header-main-stick-meta":"","header-below-stick-meta":"","footnotes":""},"class_list":["post-6818","page","type-page","status-publish","hentry"],"_links":{"self":[{"href":"https:\/\/www.qualitester.com\/sl\/wp-json\/wp\/v2\/pages\/6818","targetHints":{"allow":["GET"]}}],"collection":[{"href":"https:\/\/www.qualitester.com\/sl\/wp-json\/wp\/v2\/pages"}],"about":[{"href":"https:\/\/www.qualitester.com\/sl\/wp-json\/wp\/v2\/types\/page"}],"author":[{"embeddable":true,"href":"https:\/\/www.qualitester.com\/sl\/wp-json\/wp\/v2\/users\/3"}],"replies":[{"embeddable":true,"href":"https:\/\/www.qualitester.com\/sl\/wp-json\/wp\/v2\/comments?post=6818"}],"version-history":[{"count":0,"href":"https:\/\/www.qualitester.com\/sl\/wp-json\/wp\/v2\/pages\/6818\/revisions"}],"up":[{"embeddable":true,"href":"https:\/\/www.qualitester.com\/sl\/wp-json\/wp\/v2\/pages\/4948"}],"wp:attachment":[{"href":"https:\/\/www.qualitester.com\/sl\/wp-json\/wp\/v2\/media?parent=6818"}],"curies":[{"name":"wp","href":"https:\/\/api.w.org\/{rel}","templated":true}]}}