{"id":6805,"date":"2025-07-15T16:40:14","date_gmt":"2025-07-15T08:40:14","guid":{"rendered":"https:\/\/www.qualitester.com\/?page_id=6805"},"modified":"2025-07-15T16:40:14","modified_gmt":"2025-07-15T08:40:14","slug":"astm-f2096","status":"publish","type":"page","link":"https:\/\/www.qualitester.com\/sl\/standards\/astm-f2096\/","title":{"rendered":"ASTM F2096"},"content":{"rendered":"<h1 style=\"text-align: center;\">ASTM F2096<br \/>\n<small>Preizku\u0161anje pu\u0161\u010danja bruto mehur\u010dkov<\/small><\/h1>\n<hr \/>\n<p data-start=\"328\" data-end=\"647\"><strong data-start=\"328\" data-end=\"342\"><a href=\"https:\/\/www.qualitester.com\/sl\/\"><img decoding=\"async\" class=\"alignleft wp-image-6814\" src=\"https:\/\/www.qualitester.com\/wp-content\/uploads\/2025\/07\/Headquarters_\u526f\u672c-300x300.webp\" alt=\"ASTM F2096 - tester mehur\u010dkov za bruto pu\u0161\u010danje\" width=\"199\" height=\"199\" srcset=\"\" sizes=\"(max-width: 199px) 100vw, 199px\" data-srcset=\"\" \/><\/a>ASTM F2096<\/strong> je splo\u0161no priznana standardna preskusna metoda, ki se uporablja za <strong data-start=\"396\" data-end=\"434\">odkrivanje grobih pu\u0161\u010danj v embala\u017ei<\/strong> z notranjim pritiskom, ki je znan kot <strong data-start=\"490\" data-end=\"510\">preskus uhajanja mehur\u010dkov<\/strong>. Ta preskus je klju\u010dnega pomena za protokole zagotavljanja kakovosti za medicinske pripomo\u010dke, farmacevtske izdelke in druge sektorje embala\u017ee visoke celovitosti.<\/p>\n<p data-start=\"649\" data-end=\"924\">Metoda vklju\u010duje potopitev paketa pod vodo in vbrizgavanje zraka v notranjost. Pri tem se pojavi viden <strong data-start=\"738\" data-end=\"759\">tok mehur\u010dkov<\/strong> ka\u017ee na pot pu\u0161\u010danja ali okvaro tesnila. Zaradi enostavne izvedbe, vizualne jasnosti in zmo\u017enosti rokovanja z razli\u010dnimi vrstami embala\u017ee je to priljubljena izbira v industriji.<\/p>\n<p data-start=\"926\" data-end=\"1127\">V podjetju Cell Instruments ponujamo visoko zmogljive testne re\u0161itve, prilagojene standardu ASTM F2096, vklju\u010dno z na\u0161imi <a href=\"https:\/\/www.qualitester.com\/sl\/izdelek\/sale-gross-bubble-leak-test-equipment\/\"><strong data-start=\"1030\" data-end=\"1065\">GLT-01 Tester mehur\u010dkov za grobo pu\u0161\u010danje<\/strong><\/a>, zasnovan za ob\u010dutljive in natan\u010dne teste emisij mehur\u010dkov.<\/p>\n<hr \/>\n<h2 data-start=\"926\" data-end=\"1127\">Pregled postopka preskusa pu\u0161\u010danja mehur\u010dkov<\/h2>\n<h3 data-start=\"1181\" data-end=\"1227\">Test emisije mehur\u010dkov za celovitost paketa<\/h3>\n<p data-start=\"1229\" data-end=\"1468\">Spletna stran <strong data-start=\"1233\" data-end=\"1257\">preskus emisij mehur\u010dkov<\/strong> po standardu ASTM F2096 je zasnovan tako, da simulira resni\u010dne scenarije okvar v embala\u017ei. Ocenjuje napake, kot so <strong data-start=\"1371\" data-end=\"1388\">okvare tesnil.<\/strong>, <strong data-start=\"1390\" data-end=\"1402\">luknjice<\/strong>, ali <strong data-start=\"1407\" data-end=\"1426\">razpoke v materialu<\/strong>, zagotavljanje sterilnosti in varnosti izdelkov.<\/p>\n<p data-start=\"1470\" data-end=\"1506\">Opisana sta dva osnovna postopka:<\/p>\n<ul>\n<li data-start=\"1510\" data-end=\"1551\"><strong data-start=\"1510\" data-end=\"1527\">Preskusna metoda A<\/strong> za neporozno embala\u017eo<\/li>\n<li data-start=\"1554\" data-end=\"1607\"><strong data-start=\"1554\" data-end=\"1571\">Preskusna metoda B<\/strong> za porozne materiale (npr. Tyvek\u00ae)<\/li>\n<\/ul>\n<p data-start=\"1609\" data-end=\"1640\">Tipi\u010dni koraki testiranja vklju\u010dujejo:<\/p>\n<ol>\n<li data-start=\"1644\" data-end=\"1690\">Ustvarite nadzorovano luknjo v embala\u017ei.<\/li>\n<li data-start=\"1694\" data-end=\"1745\">Potopite ga pod pribli\u017eno 25,4 mm vode.<\/li>\n<li data-start=\"1749\" data-end=\"1791\">Vbrizgavanje zraka z vnaprej dolo\u010denim tlakom.<\/li>\n<li data-start=\"1795\" data-end=\"1841\">Opazovanje mehur\u010dkov, ki ka\u017eejo na pu\u0161\u010danje.<\/li>\n<\/ol>\n<p data-start=\"1843\" data-end=\"1972\">Na spletni strani . <strong data-start=\"1848\" data-end=\"1872\">zaznavanje grobega uhajanja<\/strong> metoda je <strong data-start=\"1883\" data-end=\"1898\">destruktivni<\/strong> in je idealen za potrjevanje zasnove, nadzor kakovosti in presku\u0161anje skladnosti.<\/p>\n<div class=\"ast-oembed-container\" style=\"height: 100%;\"><iframe title=\"ASTM F2096 bruto testiranje uhajanja za medicinsko embala\u017eo\" width=\"500\" height=\"281\" src=\"https:\/\/www.youtube.com\/embed\/r9kJf2d8xDw?feature=oembed\" frameborder=\"0\" allow=\"accelerometer; autoplay; clipboard-write; encrypted-media; gyroscope; picture-in-picture; web-share\" referrerpolicy=\"strict-origin-when-cross-origin\" allowfullscreen><\/iframe><\/div>\n<hr \/>\n<h2 data-start=\"1843\" data-end=\"1972\">Tester za grobo pu\u0161\u010danje mehur\u010dkov: Vloga in pomen<\/h2>\n<p data-start=\"2029\" data-end=\"2136\">Za u\u010dinkovito izvajanje standarda ASTM F2096 je treba <strong data-start=\"2066\" data-end=\"2094\">tester mehur\u010dkov za bruto pu\u0161\u010danje<\/strong> je bistvenega pomena. Ta aparat je sestavljen iz:<\/p>\n<ul>\n<li data-start=\"2140\" data-end=\"2201\">Sistem za dovajanje tlaka z <strong data-start=\"2174\" data-end=\"2201\">regulacijski ventil za izpust<\/strong><\/li>\n<li data-start=\"2204\" data-end=\"2242\">Pregleden <strong data-start=\"2218\" data-end=\"2242\">rezervoar za potopljeno vodo<\/strong><\/li>\n<li data-start=\"2245\" data-end=\"2301\">Naprava za prebadanje in spremljanje notranjega tlaka<\/li>\n<\/ul>\n<p data-start=\"2303\" data-end=\"2437\">Uporaba pravilno umerjenega testerja zagotavlja ponovljive in <strong data-start=\"2361\" data-end=\"2388\">natan\u010dno odkrivanje uhajanja<\/strong>, kar zmanj\u0161uje \u0161tevilo la\u017eno pozitivnih rezultatov ali spregledanih napak.<\/p>\n<p data-start=\"2439\" data-end=\"2534\"><strong data-start=\"2439\" data-end=\"2485\"><a href=\"https:\/\/www.qualitester.com\/sl\/\">Instrumenti za celice<\/a>\u2019 GLT-01 Tester grobega pu\u0161\u010danja<\/strong> je izdelan posebej za ta standard. Podpira:<\/p>\n<ul>\n<li data-start=\"2537\" data-end=\"2577\">Natan\u010den nadzor nizkega tlaka (0-50 mbar)<\/li>\n<li data-start=\"2580\" data-end=\"2635\">Prozorna opazovalna komora za bolj\u0161o vidljivost<\/li>\n<li data-start=\"2638\" data-end=\"2687\">Prilagodljive napeljave za razli\u010dne formate paketov<\/li>\n<\/ul>\n<p data-start=\"2689\" data-end=\"2849\">Zato je idealna re\u0161itev za proizvajalce v <strong data-start=\"2742\" data-end=\"2779\">medicinski, prehrambeni in farmacevtski<\/strong> industrije, ki morajo izpolnjevati stroge standarde celovitosti embala\u017ee.<\/p>\n<hr \/>\n<h2 data-start=\"2689\" data-end=\"2849\">Uporaba ASTM F2096 v industriji<\/h2>\n<h3>Zakaj je pomemben standard ASTM F2096<\/h3>\n<p data-start=\"2926\" data-end=\"2974\">Zagotavljanje <strong data-start=\"2935\" data-end=\"2956\">celovitost paketa<\/strong> je bistvenega pomena za:<\/p>\n<ul>\n<li data-start=\"2977\" data-end=\"3021\"><strong data-start=\"2977\" data-end=\"3000\">Zagotavljanje sterilnosti<\/strong> v medicinski embala\u017ei<\/li>\n<li data-start=\"3024\" data-end=\"3067\"><strong data-start=\"3024\" data-end=\"3049\">Nadzor kontaminacije<\/strong> v embala\u017ei za \u017eivila<\/li>\n<li data-start=\"3070\" data-end=\"3114\"><strong data-start=\"3070\" data-end=\"3094\">Stabilnost v \u010dasu trajanja<\/strong> za farmacevtske izdelke<\/li>\n<\/ul>\n<p data-start=\"3116\" data-end=\"3410\">Ta standard podpira regulativna pri\u010dakovanja in pri\u010dakovanja strank z zagotavljanjem <strong data-start=\"3189\" data-end=\"3236\">vizualni in enostavni preskus celovitosti<\/strong> z merljivo ob\u010dutljivostjo. V skladu s standardom lahko zazna pu\u0161\u010danje \u017ee pri <strong data-start=\"3327\" data-end=\"3337\">250 \u03bcm<\/strong> s spletno stranjo . <strong data-start=\"3343\" data-end=\"3362\">81% verjetnost<\/strong>, zato je primeren za aplikacije z visokim tveganjem.<\/p>\n<p data-start=\"3412\" data-end=\"3563\">Proizvajalci, ki sprejmejo ASTM F2096 kot rutinsko metodo QC, poka\u017eejo zavezanost k <strong data-start=\"3496\" data-end=\"3514\">varnost izdelkov<\/strong>, <strong data-start=\"3516\" data-end=\"3541\">skladnost s predpisi<\/strong>, in <strong data-start=\"3547\" data-end=\"3562\">zaupanje v blagovno znamko<\/strong>.<\/p>\n<hr \/>\n<h2 data-start=\"3412\" data-end=\"3563\">Prednosti uporabe instrumentov Cell Instruments GLT-01<\/h2>\n<p data-start=\"3616\" data-end=\"3808\">Ko izvajate <strong data-start=\"3634\" data-end=\"3664\">postopek preskusa pu\u0161\u010danja mehur\u010dkov<\/strong>, uporaba prave opreme bistveno vpliva na natan\u010dnost in u\u010dinkovitost. Spletna stran <strong data-start=\"3743\" data-end=\"3778\">GLT-01 Tester mehur\u010dkov za grobo pu\u0161\u010danje<\/strong> iz ponudbe Cell Instruments:<\/p>\n<ul>\n<li data-start=\"3812\" data-end=\"3876\"><strong data-start=\"3812\" data-end=\"3844\">Zanesljiva regulacija tlaka<\/strong> za dosledno ob\u010dutljivost testa<\/li>\n<li data-start=\"3879\" data-end=\"3941\"><strong data-start=\"3879\" data-end=\"3902\">Prozorna komora<\/strong> za enostavno odkrivanje majhnih pu\u0161\u010danj.<\/li>\n<li data-start=\"3944\" data-end=\"4015\"><strong data-start=\"3944\" data-end=\"3964\">Prilagodljiva zasnova<\/strong> primerno za vre\u010dke, pladnje in vzorce nenavadne velikosti.<\/li>\n<li data-start=\"4018\" data-end=\"4093\"><strong data-start=\"4018\" data-end=\"4048\">Skladnost z ASTM F2096<\/strong>, standardi ISO in protokoli potrjevanja GMP<\/li>\n<\/ul>\n<p data-start=\"4095\" data-end=\"4260\">Ta tester pomaga laboratorijem in proizvodnim linijam <strong data-start=\"4139\" data-end=\"4177\">racionalizirati postopke testiranja.<\/strong>, zmanj\u0161ati \u0161tevilo \u010dlove\u0161kih napak in izbolj\u0161ati ponovljivost pri ocenjevanju celovitosti embala\u017ee.<\/p>\n<hr \/>\n<h2 data-start=\"4095\" data-end=\"4260\">Kon\u010dne misli<\/h2>\n<p data-start=\"4286\" data-end=\"4584\"><strong data-start=\"4286\" data-end=\"4300\"><a href=\"http:\/\/www.qualitester.com\/sl\/izdelek\/sale-gross-bubble-leak-test-equipment\/\"><img fetchpriority=\"high\" decoding=\"async\" class=\"alignright wp-image-6813 size-medium\" src=\"https:\/\/www.qualitester.com\/wp-content\/uploads\/2025\/07\/Bubble-Leak-Test-Equipment-ASTM-F2096-Gross-Leak-Testing_\u526f\u672c-300x300.webp\" alt=\"ASTM F2096 - preskus emisije mehur\u010dkov\" width=\"300\" height=\"300\" srcset=\"https:\/\/www.qualitester.com\/wp-content\/uploads\/2025\/07\/Bubble-Leak-Test-Equipment-ASTM-F2096-Gross-Leak-Testing_\u526f\u672c-300x300.webp 300w, https:\/\/www.qualitester.com\/wp-content\/uploads\/2025\/07\/Bubble-Leak-Test-Equipment-ASTM-F2096-Gross-Leak-Testing_\u526f\u672c-150x150.webp 150w, https:\/\/www.qualitester.com\/wp-content\/uploads\/2025\/07\/Bubble-Leak-Test-Equipment-ASTM-F2096-Gross-Leak-Testing_\u526f\u672c-12x12.webp 12w, https:\/\/www.qualitester.com\/wp-content\/uploads\/2025\/07\/Bubble-Leak-Test-Equipment-ASTM-F2096-Gross-Leak-Testing_\u526f\u672c-100x100.webp 100w, https:\/\/www.qualitester.com\/wp-content\/uploads\/2025\/07\/Bubble-Leak-Test-Equipment-ASTM-F2096-Gross-Leak-Testing_\u526f\u672c.webp 600w\" sizes=\"(max-width: 300px) 100vw, 300px\" \/><\/a>ASTM F2096<\/strong> zagotavlja prakti\u010dno in u\u010dinkovito sredstvo za <strong data-start=\"4346\" data-end=\"4370\">zaznavanje grobega uhajanja<\/strong> prek <strong data-start=\"4383\" data-end=\"4407\">preskus emisij mehur\u010dkov<\/strong>. S pravimi orodji, kot je <strong data-start=\"4443\" data-end=\"4478\">GLT-01 tester mehur\u010dkov za bruto pu\u0161\u010danje<\/strong>, lahko podjetja zagotovijo visokokakovostno embala\u017eo, zmanj\u0161ajo \u0161tevilo odpoklicev in upo\u0161tevajo varnostne standarde.<\/p>\n<p data-start=\"4586\" data-end=\"4788\">Za proizvajalce v medicinskih, \u017eivilskih in farmacevtskih sektorjih vklju\u010ditev standarda ASTM F2096 v delovni proces zagotavljanja kakovosti krepi <strong data-start=\"4726\" data-end=\"4751\">skladnost s predpisi<\/strong> in pove\u010duje <strong data-start=\"4763\" data-end=\"4786\">zaupanje potro\u0161nikov<\/strong>.<\/p>\n<p data-start=\"4790\" data-end=\"4906\">Razi\u0161\u010dite ve\u010d o na\u0161ih <strong data-start=\"4813\" data-end=\"4823\">GLT-01<\/strong> in kako lahko Cell Instruments prilagodi re\u0161itve va\u0161im potrebam po odkrivanju pu\u0161\u010danja.<\/p>","protected":false},"excerpt":{"rendered":"<p>ASTM F2096 Gross Bubble Leak Testing ASTM F2096 is a widely recognized standard test method used for detecting gross leaks in packaging through internal pressurization, commonly known as the bubble leak test. This test is critical in quality assurance protocols for medical devices, pharmaceuticals, and other high-integrity packaging sectors. The method involves submerging a package &hellip;<\/p>\n<p class=\"read-more\"> <a class=\"\" href=\"https:\/\/www.qualitester.com\/sl\/standards\/astm-f2096\/\"> <span class=\"screen-reader-text\">ASTM F2096<\/span> Preberite ve\u010d \u00bb<\/a><\/p>","protected":false},"author":3,"featured_media":0,"parent":4948,"menu_order":0,"comment_status":"closed","ping_status":"closed","template":"","meta":{"site-sidebar-layout":"default","site-content-layout":"default","ast-global-header-display":"","ast-main-header-display":"","ast-hfb-above-header-display":"","ast-hfb-below-header-display":"","ast-hfb-mobile-header-display":"","site-post-title":"","ast-breadcrumbs-content":"","ast-featured-img":"","footer-sml-layout":"","theme-transparent-header-meta":"default","adv-header-id-meta":"","stick-header-meta":"","header-above-stick-meta":"","header-main-stick-meta":"","header-below-stick-meta":"","footnotes":""},"class_list":["post-6805","page","type-page","status-publish","hentry"],"_links":{"self":[{"href":"https:\/\/www.qualitester.com\/sl\/wp-json\/wp\/v2\/pages\/6805","targetHints":{"allow":["GET"]}}],"collection":[{"href":"https:\/\/www.qualitester.com\/sl\/wp-json\/wp\/v2\/pages"}],"about":[{"href":"https:\/\/www.qualitester.com\/sl\/wp-json\/wp\/v2\/types\/page"}],"author":[{"embeddable":true,"href":"https:\/\/www.qualitester.com\/sl\/wp-json\/wp\/v2\/users\/3"}],"replies":[{"embeddable":true,"href":"https:\/\/www.qualitester.com\/sl\/wp-json\/wp\/v2\/comments?post=6805"}],"version-history":[{"count":0,"href":"https:\/\/www.qualitester.com\/sl\/wp-json\/wp\/v2\/pages\/6805\/revisions"}],"up":[{"embeddable":true,"href":"https:\/\/www.qualitester.com\/sl\/wp-json\/wp\/v2\/pages\/4948"}],"wp:attachment":[{"href":"https:\/\/www.qualitester.com\/sl\/wp-json\/wp\/v2\/media?parent=6805"}],"curies":[{"name":"wp","href":"https:\/\/api.w.org\/{rel}","templated":true}]}}