{"id":6719,"date":"2025-06-30T16:52:31","date_gmt":"2025-06-30T08:52:31","guid":{"rendered":"https:\/\/www.qualitester.com\/?page_id=6719"},"modified":"2025-07-15T15:52:10","modified_gmt":"2025-07-15T07:52:10","slug":"astm-d3420","status":"publish","type":"page","link":"https:\/\/www.qualitester.com\/sl\/standards\/astm-d3420\/","title":{"rendered":"PSTC 16"},"content":{"rendered":"<h1 style=\"text-align: center;\" data-start=\"381\" data-end=\"855\">PSTC 16<br \/>\nPreizku\u0161anje oprijema z zanko pri trakovih in filmih, ob\u010dutljivih na pritisk<\/h1>\n<p data-start=\"539\" data-end=\"981\">Spletna stran <a href=\"https:\/\/www.qualitester.com\/sl\/standards\/astm-d3420\/\" target=\"_blank\" rel=\"noopener\"><strong data-start=\"543\" data-end=\"554\">PSTC 16<\/strong><\/a> ima pomembno vlogo pri nadzoru kakovosti lepilnih izdelkov, kot so na pritisk ob\u010dutljivi trakovi, folije, medicinske obloge in industrijske etikete. Med \u0161tevilnimi parametri, ki se ocenjujejo pri u\u010dinkovitosti lepila, so, <strong data-start=\"767\" data-end=\"780\">pripenjanje z zanko<\/strong>-ali za\u010detni \u201cprijem\u201d ob stiku - je eden najpomembnej\u0161ih. Ta lastnost dolo\u010da, kako dobro se material pove\u017ee ob prvem dotiku, kar vpliva na vse od uporabni\u0161ke izku\u0161nje do funkcionalne zanesljivosti.<\/p>\n<p data-start=\"983\" data-end=\"1235\">V tem \u010dlanku bomo raziskali osnove <strong data-start=\"1036\" data-end=\"1047\">PSTC 16<\/strong>, kako <strong data-start=\"1057\" data-end=\"1099\">preskus oprijema z zanko traku, ob\u010dutljivega na pritisk<\/strong> in kako deluje sistem Cell Instruments\u2019 <strong data-start=\"1133\" data-end=\"1153\">Tester za testiranje zanke<\/strong> zagotavlja natan\u010dne, u\u010dinkovite in skladne re\u0161itve za strokovnjake v industriji.<\/p>\n<h2 data-start=\"1095\" data-end=\"1451\">Razumevanje oprijema zanke in njegove vloge pri u\u010dinkovitosti lepila<\/h2>\n<p data-start=\"1308\" data-end=\"1611\">Pripenjanje z zanko je <strong data-start=\"1325\" data-end=\"1390\">najve\u010dja sila, potrebna za lo\u010ditev lepila, ob\u010dutljivega na pritisk<\/strong> (PSA) s preskusne povr\u0161ine po kratkem stiku pod minimalnim pritiskom. Za razliko od oprijema z odlepljanjem, pri katerem se meri trajna sila na dalj\u0161i razdalji, <strong data-start=\"1529\" data-end=\"1542\">pripenjanje z zanko<\/strong> meri takoj\u0161njo adhezijo. Zaradi tega je \u0161e posebej pomemben za:<\/p>\n<ul data-start=\"1613\" data-end=\"1967\">\n<li data-start=\"1613\" data-end=\"1688\">\n<p data-start=\"1615\" data-end=\"1688\"><strong data-start=\"1615\" data-end=\"1638\">Nalepke in nalepke<\/strong> se uporabljajo v avtomatiziranih ali hitrih okoljih.<\/p>\n<\/li>\n<li data-start=\"1689\" data-end=\"1790\">\n<p data-start=\"1691\" data-end=\"1790\"><strong data-start=\"1691\" data-end=\"1712\">Medicinska lepila<\/strong> kot so obloge za rane in elektrodni obli\u017ei, kjer je zanesljiv stik klju\u010dnega pomena.<\/p>\n<\/li>\n<li data-start=\"1791\" data-end=\"1872\">\n<p data-start=\"1793\" data-end=\"1872\"><strong data-start=\"1793\" data-end=\"1825\">Za\u0161\u010ditni in maskirni trakovi<\/strong> ki se morajo hitro oprijeti razli\u010dnih povr\u0161in.<\/p>\n<\/li>\n<li data-start=\"1873\" data-end=\"1967\">\n<p data-start=\"1875\" data-end=\"1967\"><strong data-start=\"1875\" data-end=\"1898\">Embala\u017eni materiali<\/strong> ki zahtevajo trdno za\u010detno vezavo pod minimalnim pritiskom.<\/p>\n<\/li>\n<\/ul>\n<p data-start=\"1969\" data-end=\"2145\">Z ocenjevanjem prijema zanke z uporabo <strong data-start=\"1998\" data-end=\"2009\">PSTC 16<\/strong>, proizvajalci pridobijo jasen, kvantitativen vpogled v odzivnost lepila, kar je klju\u010dnega pomena za optimizacijo formulacij in procesnih nastavitev.<\/p>\n<h2 data-start=\"2075\" data-end=\"2354\">Trak z zanko, test z zanko ob\u010dutljivega traku z zanko in PSTC 16<\/h2>\n<p data-start=\"2220\" data-end=\"2378\">Spletna stran <strong data-start=\"2224\" data-end=\"2266\">preskus oprijema z zanko traku, ob\u010dutljivega na pritisk<\/strong> opredeljeni v <strong data-start=\"2278\" data-end=\"2289\">PSTC 16<\/strong> zagotavlja ponovljiv in nadzorovan postopek za ocenjevanje lepljivosti. Postopek vklju\u010duje:<\/p>\n<ol data-start=\"2380\" data-end=\"2933\">\n<li data-start=\"2380\" data-end=\"2524\">\n<p data-start=\"2383\" data-end=\"2524\"><strong data-start=\"2383\" data-end=\"2405\">Priprava vzorca<\/strong>: Trak lepilnega traku (obi\u010dajno 25 mm \u00d7 175 mm ali 125 mm) je oblikovan v zanko z lepilom, obrnjenim navzven.<\/p>\n<\/li>\n<li data-start=\"2525\" data-end=\"2656\">\n<p data-start=\"2528\" data-end=\"2656\"><strong data-start=\"2528\" data-end=\"2545\">Kontaktna faza<\/strong>: Zanka se ne\u017eno spusti na standardizirano preskusno plo\u0161\u010do (obi\u010dajno iz poliranega float stekla) samo s pomo\u010djo gravitacije.<\/p>\n<\/li>\n<li data-start=\"2657\" data-end=\"2761\">\n<p data-start=\"2660\" data-end=\"2761\"><strong data-start=\"2660\" data-end=\"2680\">Faza lo\u010devanja<\/strong>: Plo\u0161\u010da ali zanka se premika navpi\u010dno z nadzorovano hitrostjo (npr. 300 mm\/min).<\/p>\n<\/li>\n<li data-start=\"2762\" data-end=\"2933\">\n<p data-start=\"2765\" data-end=\"2933\"><strong data-start=\"2765\" data-end=\"2780\">Merjenje<\/strong>: Preizku\u0161evalec zabele\u017ei <strong data-start=\"2805\" data-end=\"2834\">najve\u010dja sila (najve\u010dja obremenitev)<\/strong> potrebno za za\u010detek lo\u010devanja. To je <strong data-start=\"2878\" data-end=\"2897\">vrednost zanke tack<\/strong>, ki se obi\u010dajno navaja v newtonih (N).<\/p>\n<\/li>\n<\/ol>\n<p data-start=\"2935\" data-end=\"3058\">Ta metoda simulira pogoje uporabe v resni\u010dnem svetu in zagotavlja, da lepila izpolnjujejo pri\u010dakovanja strank in predpisov.<\/p>\n<h2 data-start=\"2539\" data-end=\"2603\">Skladnost s standardi: PSTC 16, ASTM D6195 in FINAT FTM 9<img fetchpriority=\"high\" decoding=\"async\" class=\"alignright wp-image-6974 size-medium\" src=\"https:\/\/www.qualitester.com\/wp-content\/uploads\/2025\/07\/4.LTT-01-Loop-Tack-Tester-3_11zon-300x300.webp\" alt=\"Tester Loop Tack Tester podjetja Cell Instruments zagotavlja natan\u010dno in ponovljivo testiranje v popolni skladnosti s PSTC 16 in sorodnimi metodami.\" width=\"300\" height=\"300\" srcset=\"https:\/\/www.qualitester.com\/wp-content\/uploads\/2025\/07\/4.LTT-01-Loop-Tack-Tester-3_11zon-300x300.webp 300w, https:\/\/www.qualitester.com\/wp-content\/uploads\/2025\/07\/4.LTT-01-Loop-Tack-Tester-3_11zon-1024x1024.webp 1024w, https:\/\/www.qualitester.com\/wp-content\/uploads\/2025\/07\/4.LTT-01-Loop-Tack-Tester-3_11zon-150x150.webp 150w, https:\/\/www.qualitester.com\/wp-content\/uploads\/2025\/07\/4.LTT-01-Loop-Tack-Tester-3_11zon-768x768.webp 768w, https:\/\/www.qualitester.com\/wp-content\/uploads\/2025\/07\/4.LTT-01-Loop-Tack-Tester-3_11zon-12x12.webp 12w, https:\/\/www.qualitester.com\/wp-content\/uploads\/2025\/07\/4.LTT-01-Loop-Tack-Tester-3_11zon-600x600.webp 600w, https:\/\/www.qualitester.com\/wp-content\/uploads\/2025\/07\/4.LTT-01-Loop-Tack-Tester-3_11zon-100x100.webp 100w, https:\/\/www.qualitester.com\/wp-content\/uploads\/2025\/07\/4.LTT-01-Loop-Tack-Tester-3_11zon.webp 1080w\" sizes=\"(max-width: 300px) 100vw, 300px\" \/><\/h2>\n<p data-start=\"3129\" data-end=\"3242\">Medtem ko <strong data-start=\"3135\" data-end=\"3146\">PSTC 16<\/strong> se pogosto uporablja v Severni Ameriki, mednarodno presku\u0161anje pa se lahko sklicuje na sorodne standarde, kot so:<\/p>\n<ul data-start=\"3244\" data-end=\"3376\">\n<li data-start=\"3244\" data-end=\"3313\">\n<p data-start=\"3246\" data-end=\"3313\"><strong data-start=\"3246\" data-end=\"3260\">ASTM D6195<\/strong> - Preskusna metoda C natan\u010dno odra\u017ea postopke PSTC 16<\/p>\n<\/li>\n<li data-start=\"3314\" data-end=\"3376\">\n<p data-start=\"3316\" data-end=\"3376\"><strong data-start=\"3316\" data-end=\"3331\">FINAT FTM 9<\/strong> - Evropski ustreznik za ocenjevanje prijemov<\/p>\n<\/li>\n<\/ul>\n<p data-start=\"3378\" data-end=\"3672\">Ne glede na standard ostaja temeljno na\u010delo enako: <strong data-start=\"3445\" data-end=\"3521\">kvantificiranje trenutne trdnosti vezi lepil, ob\u010dutljivih na pritisk.<\/strong> pod dolo\u010denimi pogoji. Proizvajalcem testiranje v skladu s temi metodami zagotavlja zdru\u017eljivost s svetovnimi strankami in regulativnimi organi.<\/p>\n<div class=\"ast-oembed-container\" style=\"height: 100%;\"><iframe title=\"Preskus oprijema zanke v skladu z ASTM D6195, PSTC-16, FINAT \u0161t. 9.\" width=\"500\" height=\"281\" src=\"https:\/\/www.youtube.com\/embed\/L1HbDnq-LxQ?feature=oembed\" frameborder=\"0\" allow=\"accelerometer; autoplay; clipboard-write; encrypted-media; gyroscope; picture-in-picture; web-share\" referrerpolicy=\"strict-origin-when-cross-origin\" allowfullscreen><\/iframe><\/div>\n<h2 data-start=\"3720\" data-end=\"3976\">Tester za testiranje zanke Cell Instruments: Preciznost se sre\u010da s preprostostjo<\/h2>\n<p data-start=\"3747\" data-end=\"3917\">Spletna stran <strong data-start=\"3751\" data-end=\"3771\">Tester za testiranje zanke<\/strong> s spletne strani <strong data-start=\"3777\" data-end=\"3797\">Instrumenti za celice<\/strong> zagotavlja natan\u010dno in ponovljivo testiranje v popolni skladnosti z <strong data-start=\"3863\" data-end=\"3874\">PSTC 16<\/strong> in sorodne metode. Klju\u010dne zna\u010dilnosti vklju\u010dujejo:<\/p>\n<ul data-start=\"3919\" data-end=\"4427\">\n<li data-start=\"3919\" data-end=\"4003\">\n<p data-start=\"3921\" data-end=\"4003\"><strong data-start=\"3921\" data-end=\"3977\">Krmiljenje PLC industrijskega razreda s 7-pal\u010dnim zaslonom na dotik<\/strong> za intuitivno upravljanje<\/p>\n<\/li>\n<li data-start=\"4004\" data-end=\"4093\">\n<p data-start=\"4006\" data-end=\"4093\"><strong data-start=\"4006\" data-end=\"4059\">Prilagodljiva hitrost, \u010das zadr\u017eevanja in dol\u017eina udarca<\/strong> za popolno postopkovno pro\u017enost<\/p>\n<\/li>\n<li data-start=\"4094\" data-end=\"4188\">\n<p data-start=\"4096\" data-end=\"4188\"><strong data-start=\"4096\" data-end=\"4128\">Senzorji obremenitve z visoko lo\u010dljivostjo<\/strong> zmo\u017enost zaznavanja majhnih odstopanj v sili oprijema zanke<\/p>\n<\/li>\n<li data-start=\"4189\" data-end=\"4266\">\n<p data-start=\"4191\" data-end=\"4266\"><strong data-start=\"4191\" data-end=\"4230\">Standardizirana preskusna plo\u0161\u010da iz float stekla<\/strong> za ponovljive kontaktne pogoje<\/p>\n<\/li>\n<li data-start=\"4267\" data-end=\"4348\">\n<p data-start=\"4269\" data-end=\"4348\"><strong data-start=\"4269\" data-end=\"4305\">Mikrotiskalnik in podatkovna vrata RS232<\/strong> za takoj\u0161nja poro\u010dila o preskusih in izvoz podatkov<\/p>\n<\/li>\n<li data-start=\"4349\" data-end=\"4427\">\n<p data-start=\"4351\" data-end=\"4427\"><strong data-start=\"4351\" data-end=\"4379\">Prikaz sile ve\u010d enot<\/strong> (N, gf, kgf, lbf) za izpolnjevanje regionalnih zahtev<\/p>\n<\/li>\n<\/ul>\n<p data-start=\"4429\" data-end=\"4596\">Ali je testiranje <strong data-start=\"4445\" data-end=\"4458\">trakovi PSA<\/strong>, <strong data-start=\"4460\" data-end=\"4481\">medicinska lepila<\/strong>, ali <strong data-start=\"4486\" data-end=\"4508\">materiali za ozna\u010devanje<\/strong>, sistem Cell Instruments zlahka podpira ocene na ravni raziskav in razvoja, nadzora kakovosti in proizvodnje.<\/p>\n<h2 data-start=\"4238\" data-end=\"4279\">Zaklju\u010dek<\/h2>\n<p data-start=\"4619\" data-end=\"4961\">Testiranje za <a href=\"https:\/\/www.qualitester.com\/sl\/standards\/astm-d3420\/\" target=\"_blank\" rel=\"noopener\"><strong data-start=\"4630\" data-end=\"4641\">PSTC 16<\/strong> <\/a>standardov je bistvenega pomena za potrditev <strong data-start=\"4684\" data-end=\"4697\">pripenjanje z zanko<\/strong> za lepila, ob\u010dutljiva na pritisk, ki se uporabljajo v trakovih, etiketah, medicinskih oblogah in industrijskih laminatih. Spletna stran <strong data-start=\"4802\" data-end=\"4844\">preskus oprijema z zanko traku, ob\u010dutljivega na pritisk<\/strong> zagotavlja klju\u010dne podatke o za\u010detni trdnosti vezi, ki podpirajo optimizacijo delovanja in skladnost s predpisi.<\/p>\n<p data-start=\"4963\" data-end=\"5153\">Za laboratorije in proizvodna okolja, ki i\u0161\u010dejo natan\u010dnost, u\u010dinkovitost in ponovljivost, je Cell Instruments\u2019 <strong data-start=\"5075\" data-end=\"5095\">Tester za testiranje zanke<\/strong> ponuja napredno re\u0161itev, prilagojeno dejanskim potrebam.<\/p>\n<p data-start=\"4770\" data-end=\"5262\">Razumevanje in uporaba <strong data-start=\"4814\" data-end=\"4828\">ASTM D3420<\/strong> zagotavlja, da va\u0161i materiali za embala\u017eo in folije izpolnjujejo pri\u010dakovanja glede zmogljivosti pri dinami\u010dnih obremenitvah. Z uporabo <strong data-start=\"4939\" data-end=\"4970\">udarni tester z nihalom za filme<\/strong>-\u0161e posebej tak\u0161no, kot je <strong data-start=\"4995\" data-end=\"5022\">Celi\u010dni instrumenti PIT-01<\/strong>-lahko standardizirate nadzor kakovosti, zmanj\u0161ate \u0161tevilo napak pri izdelkih in upo\u0161tevate mednarodne specifikacije. Ne glede na to, ali razvijate nove filme ali izvajate serijsko testiranje, je standard ASTM D3420 \u0161e vedno pomembno orodje v va\u0161em arzenalu za testiranje.<\/p>\n<h2 data-start=\"5269\" data-end=\"5318\">Pogosta vpra\u0161anja<\/h2>\n<p data-start=\"5170\" data-end=\"5333\"><strong data-start=\"5170\" data-end=\"5193\">1. Kaj je PSTC 16?<\/strong><br data-start=\"5193\" data-end=\"5196\" \/>PSTC 16 je standardna metoda, ki se uporablja za merjenje za\u010detne oprijemljivosti ali trdnosti lepljenja lepil, ob\u010dutljivih na pritisk, z uporabo preskusa oprijema z zanko.<\/p>\n<p data-start=\"5335\" data-end=\"5539\"><strong data-start=\"5335\" data-end=\"5369\">2. Zakaj je pomembno, da se zanka priklopi?<\/strong><br data-start=\"5369\" data-end=\"5372\" \/>Lepljivost zanke odra\u017ea sposobnost lepila, da se takoj ob stiku pove\u017ee, kar je klju\u010dnega pomena za u\u010dinkovitost pri hitrih aplikacijah, kot sta ozna\u010devanje in medicinsko lepljenje.<\/p>\n<p data-start=\"5541\" data-end=\"5695\"><strong data-start=\"5541\" data-end=\"5601\">3. Katere materiale je mogo\u010de testirati s testerjem za testiranje sprijetosti z zanko?<\/strong><br data-start=\"5601\" data-end=\"5604\" \/>Tla\u010dno ob\u010dutljivi trakovi, etikete, folije, medicinska lepila, za\u0161\u010ditni laminati in drugo.<\/p>\n<p data-start=\"5697\" data-end=\"5900\"><strong data-start=\"5697\" data-end=\"5769\">4. Kako Cell Instruments Loop Tack Tester zagotavlja skladnost?<\/strong><br data-start=\"5769\" data-end=\"5772\" \/>Uporablja standardizirane povr\u0161ine, nastavljive parametre in natan\u010dne senzorje, ki so usklajeni s standardi PSTC 16, ASTM in FINAT.<\/p>\n<p data-start=\"5902\" data-end=\"6074\"><strong data-start=\"5902\" data-end=\"5965\">5. Ali se ta tester lahko uporablja v okoljih za raziskave in razvoj ter za kontrolo kakovosti?<\/strong><br data-start=\"5965\" data-end=\"5968\" \/>Da. Zasnovan je za vsestransko uporabo, od razvoja formulacij do preverjanja kakovosti proizvodnje.<\/p>","protected":false},"excerpt":{"rendered":"<p>PSTC 16 Loop Tack Testing of Pressure Sensitive Tapes and Films Standard PSTC 16 ima pomembno vlogo pri nadzoru kakovosti lepilnih izdelkov, kot so na pritisk ob\u010dutljivi trakovi, folije, medicinske obveze in industrijske etikete. Med \u0161tevilnimi parametri, ki se ocenjujejo pri delovanju lepila, je eden od najbolj kriti\u010dnih tudi oprijem z zanko - ali za\u010detni \u201cprijem\u201d ob stiku. ...<\/p>\n<p class=\"read-more\"> <a class=\"\" href=\"https:\/\/www.qualitester.com\/sl\/standards\/astm-d3420\/\"> <span class=\"screen-reader-text\">PSTC 16<\/span> Preberite ve\u010d \u00bb<\/a><\/p>","protected":false},"author":4,"featured_media":6974,"parent":4948,"menu_order":0,"comment_status":"closed","ping_status":"closed","template":"","meta":{"site-sidebar-layout":"default","site-content-layout":"default","ast-global-header-display":"","ast-main-header-display":"","ast-hfb-above-header-display":"","ast-hfb-below-header-display":"","ast-hfb-mobile-header-display":"","site-post-title":"disabled","ast-breadcrumbs-content":"","ast-featured-img":"disabled","footer-sml-layout":"","theme-transparent-header-meta":"default","adv-header-id-meta":"","stick-header-meta":"","header-above-stick-meta":"","header-main-stick-meta":"","header-below-stick-meta":"","footnotes":""},"class_list":["post-6719","page","type-page","status-publish","has-post-thumbnail","hentry"],"_links":{"self":[{"href":"https:\/\/www.qualitester.com\/sl\/wp-json\/wp\/v2\/pages\/6719","targetHints":{"allow":["GET"]}}],"collection":[{"href":"https:\/\/www.qualitester.com\/sl\/wp-json\/wp\/v2\/pages"}],"about":[{"href":"https:\/\/www.qualitester.com\/sl\/wp-json\/wp\/v2\/types\/page"}],"author":[{"embeddable":true,"href":"https:\/\/www.qualitester.com\/sl\/wp-json\/wp\/v2\/users\/4"}],"replies":[{"embeddable":true,"href":"https:\/\/www.qualitester.com\/sl\/wp-json\/wp\/v2\/comments?post=6719"}],"version-history":[{"count":0,"href":"https:\/\/www.qualitester.com\/sl\/wp-json\/wp\/v2\/pages\/6719\/revisions"}],"up":[{"embeddable":true,"href":"https:\/\/www.qualitester.com\/sl\/wp-json\/wp\/v2\/pages\/4948"}],"wp:featuredmedia":[{"embeddable":true,"href":"https:\/\/www.qualitester.com\/sl\/wp-json\/wp\/v2\/media\/6974"}],"wp:attachment":[{"href":"https:\/\/www.qualitester.com\/sl\/wp-json\/wp\/v2\/media?parent=6719"}],"curies":[{"name":"wp","href":"https:\/\/api.w.org\/{rel}","templated":true}]}}