{"id":6558,"date":"2025-03-17T16:04:02","date_gmt":"2025-03-17T08:04:02","guid":{"rendered":"https:\/\/www.qualitester.com\/?page_id=6558"},"modified":"2025-03-17T16:56:01","modified_gmt":"2025-03-17T08:56:01","slug":"iso-8510-2","status":"publish","type":"page","link":"https:\/\/www.qualitester.com\/sl\/standards\/iso-8510-2\/","title":{"rendered":"ISO 8510-2"},"content":{"rendered":"<h1 style=\"text-align: center;\">ISO 8510-2<\/h1>\n<p data-pm-slice=\"1 1 []\">ISO 8510-2 dolo\u010da 180-stopinjski preskus oprijema za ocenjevanje <strong>trdnost lepila pri odlepljanju<\/strong> vezanih materialov. Ta standard je bistvenega pomena v panogah, kot so <strong>embala\u017ea, medicinski pripomo\u010dki, elektronika in lepila.<\/strong>, kjer je klju\u010dnega pomena mo\u010dan in zanesljiv oprijem. Preskus omogo\u010da klju\u010dni vpogled v <strong>u\u010dinkovitost in trajnost lepil<\/strong> z merjenjem sile, ki je potrebna za lo\u010ditev pro\u017enega adherenda od togega adherenda pod nadzorovanimi pogoji.<\/p>\n<h2>Preskusni postopek v skladu s standardom ISO 8510-2<\/h2>\n<p>Spletna stran <strong><a href=\"https:\/\/www.qualitester.com\/sl\/kategorija-izdelka\/iso\/iso-8510-2\/\" target=\"_blank\" rel=\"noopener\">ISO 8510-<\/a>2 preskusna metoda<\/strong> vklju\u010duje pripravo in presku\u0161anje lepljenih vzorcev pod standardiziranimi pogoji. Koraki vklju\u010dujejo:<\/p>\n<h3>1. Priprava preskusnih vzorcev<\/h3>\n<ul data-spread=\"false\">\n<li>Vezano <strong>fleksibilno-trdno<\/strong> sestav je pripravljen z uporabo ocenjevanega lepila.<\/li>\n<li>Spletna stran <strong>togi adherend<\/strong> je lahko <strong>kovine, plastike, lesa ali gume.<\/strong> z dolo\u010denimi debelinami.<\/li>\n<li>Spletna stran <strong>fleksibilno lepilo<\/strong> mora vzdr\u017eati <strong>180-stopinjski ovinek<\/strong> brez deformacije.<\/li>\n<li>Sledi uporaba lepila <strong>ISO 17212<\/strong> ali smernice proizvajalca.<\/li>\n<li>Vezna \u010drta mora biti <strong>enakomerno nanesen in popolnoma strjen<\/strong> pred testiranjem.<\/li>\n<\/ul>\n<p><img fetchpriority=\"high\" decoding=\"async\" class=\"wp-image-6591 aligncenter\" src=\"https:\/\/www.qualitester.com\/wp-content\/uploads\/2025\/03\/ISO-8510-2-180-Degree-Peel-Adhesion-Test.png\" alt=\"ISO 8510-2 180-stopinjski preskus oprijema\" width=\"171\" height=\"366\" srcset=\"https:\/\/www.qualitester.com\/wp-content\/uploads\/2025\/03\/ISO-8510-2-180-Degree-Peel-Adhesion-Test.png 278w, https:\/\/www.qualitester.com\/wp-content\/uploads\/2025\/03\/ISO-8510-2-180-Degree-Peel-Adhesion-Test-140x300.png 140w, https:\/\/www.qualitester.com\/wp-content\/uploads\/2025\/03\/ISO-8510-2-180-Degree-Peel-Adhesion-Test-6x12.png 6w\" sizes=\"(max-width: 171px) 100vw, 171px\" \/><\/p>\n<h3>2. Zahteve za preskusne aparate<\/h3>\n<ul data-spread=\"false\">\n<li>A <strong>stroj za testiranje lupljenja<\/strong> (<a href=\"https:\/\/www.qualitester.com\/sl\/izdelek\/tst-01-tensile-tester\/\" target=\"_blank\" rel=\"noopener\">stroj za natezno testiranje<\/a>).<\/li>\n<li>Stroj mora vzdr\u017eevati <strong>konstantna hitrost lo\u010devanja oprijema<\/strong> (obi\u010dajno <strong>100 mm\/min \u00b1 10 mm\/min<\/strong>).<\/li>\n<li>Ro\u010daji morajo varno dr\u017eati <strong>togi in pro\u017eni lepilni materiali<\/strong>.<\/li>\n<li>Merjenje sile mora biti natan\u010dno v okviru <strong>\u00b12%<\/strong>.<\/li>\n<\/ul>\n<h3>3. Postopek presku\u0161anja<\/h3>\n<ul data-spread=\"false\">\n<li>Spletna stran <strong>togi adherend<\/strong> je vpeta v fiksno dr\u017ealo stroja.<\/li>\n<li>Spletna stran <strong>fleksibilno lepilo<\/strong> je vpeta v samonastavljivo dr\u017ealo.<\/li>\n<li>Stroj deluje s silo vzporedno z lepljeno ravnino in vle\u010de pro\u017eni adherend pri <strong>180-stopinjski kot<\/strong>.<\/li>\n<li>Test se nadaljuje, dokler se ne pojavi vsaj <strong>125 mm vezane dol\u017eine se je lo\u010dilo<\/strong>.<\/li>\n<li>Sila lupljenja se zabele\u017ei na <strong>100 mm<\/strong>, razen prvega <strong>25 mm<\/strong>.<\/li>\n<li>Navedite na\u010din okvare (adhezivna, kohezivna ali adherendna okvara).<\/li>\n<\/ul>\n<h3>4. Zapisovanje rezultatov testiranja lu\u0161\u010denja<\/h3>\n<ul data-spread=\"false\">\n<li>S testom se dolo\u010di <strong>povpre\u010dna sila odlepljanja v newtonih<\/strong> na celotni dol\u017eini preskusa.<\/li>\n<li><strong>Najve\u010dje in najmanj\u0161e sile<\/strong> se zabele\u017eijo.<\/li>\n<li>Rezultati pomagajo pri <strong>primerjava formulacij lepil<\/strong> in . <strong>zagotavljanje doslednosti v proizvodnji.<\/strong>.<\/li>\n<\/ul>\n<h2 data-pm-slice=\"1 3 []\">Pomen preskusa oprijema pri 180-stopinjskem odlepljanju<\/h2>\n<p>Spletna stran <strong>180-stopinjski preskus oprijema z lupljenjem<\/strong> se pogosto uporablja za ocenjevanje <strong>odpornost proti lupljenju<\/strong> lepil. Proizvajalcem pomaga zagotoviti, da njihovi lepilni izdelki izpolnjujejo pri\u010dakovanja glede u\u010dinkovitosti v industriji. Klju\u010dne aplikacije vklju\u010dujejo:<\/p>\n<ul data-spread=\"false\">\n<li><strong>Nadzor kakovosti<\/strong> za lepila, ki se uporabljajo v embala\u017ei in medicini<\/li>\n<li><strong>Raziskave in razvoj<\/strong> za izbolj\u0161anje formulacij lepil<\/li>\n<li><strong>Skladnost<\/strong> z mednarodnimi standardi za testiranje lepil<\/li>\n<\/ul>\n<h2>Natan\u010den stroj za testiranje lupljenja lepilnega traku<\/h2>\n<ul data-spread=\"false\">\n<li><strong>Natan\u010dnost in natan\u010dnost<\/strong> (merjenje sile znotraj <strong>2% toleranca<\/strong>)<\/li>\n<li><strong>Nastavljive stopnje lo\u010devanja oprijemov<\/strong><\/li>\n<li><strong>Krmiljenje PLC<\/strong><\/li>\n<li><strong>zmo\u017enosti zapisovanja podatkov<\/strong> za analizo<\/li>\n<li>Ve\u010d o <a href=\"https:\/\/www.qualitester.com\/sl\/izdelek\/tst-01-tensile-tester\/\" target=\"_blank\" rel=\"noopener\">Stroj za testiranje lupljenja<\/a>...<\/li>\n<\/ul>\n<p style=\"text-align: center;\"><big><big>Za zelo natan\u010dne <a href=\"https:\/\/www.qualitester.com\/sl\/izdelek\/tst-01-tensile-tester\/\"><strong>presku\u0161anje trdnosti lepila pri odlepljanju<\/strong><\/a>, kontakt <a href=\"https:\/\/www.qualitester.com\/sl\/\"><strong>Instrumenti za celice<\/strong><\/a> danes!<\/big><\/big><\/p>\n<h2>Pogosta vpra\u0161anja<\/h2>\n<p><strong>1. Kaj je ISO 8510-2?<br \/>\n<\/strong>ISO 8510-2 je mednarodni standard, ki opredeljuje <strong>180-stopinjski preskus oprijema z lupljenjem<\/strong> za merjenje <strong>trdnost lepila pri odlepljanju<\/strong>.<\/p>\n<p><strong>2. Zakaj je pomemben 180-stopinjski preskus oprijema z lupljenjem?<br \/>\n<\/strong>S tem testom se oceni <strong>trdnost vezave<\/strong> lepil, ki izpolnjujejo industrijske zahteve za <strong>vzdr\u017eljivost in zanesljivost<\/strong>.<\/p>\n<p><strong>3. Katera oprema je potrebna za test ISO 8510-2?<br \/>\n<\/strong>A <strong>stroj za testiranje lupljenja<\/strong>, ki lahko vzdr\u017euje konstantno hitrost lo\u010devanja prijema, natan\u010dno merjenje sile in varne prijeme.<\/p>\n<p><strong>4. Kateri dejavniki vplivajo na trdnost pri lupljenju pri tem preskusu?<br \/>\n<\/strong>Dejavniki vklju\u010dujejo <strong>vrsta lepila, priprava povr\u0161ine, lepilni material in preskusna hitrost.<\/strong>.<\/p>\n<p><strong>5. Kje se uporablja test ISO 8510-2?<br \/>\n<\/strong>Obi\u010dajne panoge vklju\u010dujejo <strong>proizvodnja embala\u017ee, medicinske, elektronske, avtomobilske in lepilne opreme.<\/strong>.<\/p>","protected":false},"excerpt":{"rendered":"<p>ISO 8510-2 ISO 8510-2 specifies the 180-degree peel adhesion test for evaluating the adhesive peel strength of bonded materials. This standard is essential in industries such as packaging, medical devices, electronics, and adhesives, where strong and reliable adhesion is crucial. The test provides critical insights into the performance and durability of adhesives by measuring the &hellip;<\/p>\n<p class=\"read-more\"> <a class=\"\" href=\"https:\/\/www.qualitester.com\/sl\/standards\/iso-8510-2\/\"> <span class=\"screen-reader-text\">ISO 8510-2<\/span> Preberite ve\u010d \u00bb<\/a><\/p>","protected":false},"author":4,"featured_media":0,"parent":4948,"menu_order":0,"comment_status":"closed","ping_status":"closed","template":"","meta":{"site-sidebar-layout":"default","site-content-layout":"default","ast-global-header-display":"","ast-main-header-display":"","ast-hfb-above-header-display":"","ast-hfb-below-header-display":"","ast-hfb-mobile-header-display":"","site-post-title":"disabled","ast-breadcrumbs-content":"","ast-featured-img":"","footer-sml-layout":"","theme-transparent-header-meta":"default","adv-header-id-meta":"","stick-header-meta":"","header-above-stick-meta":"","header-main-stick-meta":"","header-below-stick-meta":"","footnotes":""},"class_list":["post-6558","page","type-page","status-publish","hentry"],"_links":{"self":[{"href":"https:\/\/www.qualitester.com\/sl\/wp-json\/wp\/v2\/pages\/6558","targetHints":{"allow":["GET"]}}],"collection":[{"href":"https:\/\/www.qualitester.com\/sl\/wp-json\/wp\/v2\/pages"}],"about":[{"href":"https:\/\/www.qualitester.com\/sl\/wp-json\/wp\/v2\/types\/page"}],"author":[{"embeddable":true,"href":"https:\/\/www.qualitester.com\/sl\/wp-json\/wp\/v2\/users\/4"}],"replies":[{"embeddable":true,"href":"https:\/\/www.qualitester.com\/sl\/wp-json\/wp\/v2\/comments?post=6558"}],"version-history":[{"count":0,"href":"https:\/\/www.qualitester.com\/sl\/wp-json\/wp\/v2\/pages\/6558\/revisions"}],"up":[{"embeddable":true,"href":"https:\/\/www.qualitester.com\/sl\/wp-json\/wp\/v2\/pages\/4948"}],"wp:attachment":[{"href":"https:\/\/www.qualitester.com\/sl\/wp-json\/wp\/v2\/media?parent=6558"}],"curies":[{"name":"wp","href":"https:\/\/api.w.org\/{rel}","templated":true}]}}