{"id":6887,"date":"2025-07-14T16:04:43","date_gmt":"2025-07-14T08:04:43","guid":{"rendered":"https:\/\/www.qualitester.com\/?post_type=product&#038;p=6887"},"modified":"2025-07-14T16:04:44","modified_gmt":"2025-07-14T08:04:44","slug":"lamination-factor-tester","status":"publish","type":"product","link":"https:\/\/www.qualitester.com\/sk\/produkt-2\/lamination-factor-tester\/","title":{"rendered":"FTT-02 Tester faktora lamin\u00e1cie"},"content":{"rendered":"<p data-start=\"898\" data-end=\"1494\">Pri v\u00fdrobe magnetick\u00fdch materi\u00e1lov, ako je elektrotechnick\u00e1 oce\u013e a amorfn\u00e9 p\u00e1sy, <strong data-start=\"985\" data-end=\"1006\">faktor laminovania<\/strong> zohr\u00e1va d\u00f4le\u017eit\u00fa \u00falohu pri ur\u010dovan\u00ed kvality materi\u00e1lu. Ovplyv\u0148uje \u00fa\u010dinnos\u0165 motorov, transform\u00e1torov a in\u00fdch elektromagnetick\u00fdch komponentov. Na pos\u00fadenie tohto kritick\u00e9ho parametra sa pou\u017e\u00edva <strong data-start=\"1185\" data-end=\"1213\">tester faktora lamin\u00e1cie<\/strong> pon\u00faka presn\u00fa a \u0161tandardizovan\u00fa met\u00f3du merania.<\/p>\n<h2 data-start=\"1501\" data-end=\"1555\">\u010co je to faktor lamin\u00e1cie a pre\u010do je d\u00f4le\u017eit\u00fd?<\/h2>\n<p data-start=\"1557\" data-end=\"1870\"><strong data-start=\"1557\" data-end=\"1578\">Laminovac\u00ed faktor<\/strong>-zn\u00e1my tie\u017e ako <strong data-start=\"1593\" data-end=\"1623\">faktor stohovania lamin\u00e1cie<\/strong> alebo <strong data-start=\"1627\" data-end=\"1643\">priestorov\u00fd faktor<\/strong>-je pomer skuto\u010dn\u00e9ho objemu kovu k zdanliv\u00e9mu objemu s\u00fapravy kovov\u00fdch p\u00e1sov ulo\u017een\u00fdch na sebe. Kvantifikuje, ako efekt\u00edvne je materi\u00e1l zabalen\u00fd, ber\u00fac do \u00favahy vplyv drsnosti povrchu, povlakov a dut\u00edn medzi vrstvami.<\/p>\n<p data-start=\"1872\" data-end=\"2095\">V aplik\u00e1ci\u00e1ch s magnetick\u00fdm jadrom minimalizuje vysok\u00fd faktor lamin\u00e1cie energetick\u00e9 straty a zlep\u0161uje v\u00fdkon. Preto je to kritick\u00fd parameter pre zabezpe\u010denie kvality v <strong data-start=\"2045\" data-end=\"2094\">elektrotechnick\u00fd, elektronick\u00fd a motorov\u00fd priemysel<\/strong>.<\/p>\n<h2 data-start=\"2102\" data-end=\"2153\">Princ\u00edp fungovania testera faktora lamin\u00e1cie<\/h2>\n<p data-start=\"2155\" data-end=\"2349\">A <strong data-start=\"2157\" data-end=\"2185\">tester faktora lamin\u00e1cie<\/strong> ur\u010duje \u00fa\u010dinnos\u0165 stohovania porovnan\u00edm nameran\u00e9ho objemu stohu pod tlakom s vypo\u010d\u00edtan\u00fdm objemom pevnej l\u00e1tky na z\u00e1klade hmotnosti a hustoty materi\u00e1lu.<\/p>\n<p data-start=\"2351\" data-end=\"2378\"><strong data-start=\"2351\" data-end=\"2378\">K\u013e\u00fa\u010dov\u00e9 kroky testovania zah\u0155\u0148aj\u00fa:<\/strong><\/p>\n<ul>\n<li data-start=\"2382\" data-end=\"2433\">Rezanie magnetick\u00e9ho materi\u00e1lu na rovnomern\u00e9 p\u00e1sy<\/li>\n<li data-start=\"2436\" data-end=\"2470\">Zarovnanie p\u00e1sov na seba<\/li>\n<li data-start=\"2473\" data-end=\"2520\">Pou\u017eitie \u0161tandardn\u00e9ho tlaku pomocou testera<\/li>\n<li data-start=\"2523\" data-end=\"2562\">Meranie v\u00fd\u0161ky stla\u010den\u00e9ho stohu<\/li>\n<li data-start=\"2565\" data-end=\"2619\">V\u00fdpo\u010det faktora lamin\u00e1cie pomocou vzorca:<\/li>\n<\/ul>\n<blockquote data-start=\"2622\" data-end=\"2862\">\n<p data-start=\"2624\" data-end=\"2862\"><strong data-start=\"2624\" data-end=\"2655\">S = m \/ (l - w - \u03b4 - h - k)<\/strong><br data-start=\"2655\" data-end=\"2658\" \/><em data-start=\"2662\" data-end=\"2670\">Kde:<\/em><br data-start=\"2670\" data-end=\"2673\" \/><em data-start=\"2677\" data-end=\"2680\">S<\/em> = faktor lamin\u00e1cie (%)<br data-start=\"2704\" data-end=\"2707\" \/><em data-start=\"2711\" data-end=\"2714\">m<\/em> = hmotnos\u0165 z\u00e1sobn\u00edka<br data-start=\"2734\" data-end=\"2737\" \/><em data-start=\"2741\" data-end=\"2747\">l, w<\/em> = d\u013a\u017eka a \u0161\u00edrka<br data-start=\"2766\" data-end=\"2769\" \/><em data-start=\"2773\" data-end=\"2776\">\u03b4<\/em> = hustota materi\u00e1lu<br data-start=\"2795\" data-end=\"2798\" \/><em data-start=\"2802\" data-end=\"2805\">h<\/em> = stla\u010den\u00e1 v\u00fd\u0161ka<br data-start=\"2825\" data-end=\"2828\" \/><em data-start=\"2832\" data-end=\"2835\">k<\/em> = kon\u0161tanta prepo\u010dtu jednotiek<\/p>\n<\/blockquote>\n<p data-start=\"2864\" data-end=\"2978\">Tento proces si vy\u017eaduje vysok\u00fa presnos\u0165 merania, aby sa zoh\u013eadnili mal\u00e9 odch\u00fdlky, ktor\u00e9 by mohli ovplyvni\u0165 faktor stohovania.<\/p>\n<h2 data-start=\"2985\" data-end=\"3038\">Normy, na ktor\u00e9 sa odkazuje pri testovan\u00ed faktora laminovania<\/h2>\n<p data-start=\"3040\" data-end=\"3181\">Zabezpe\u010denie glob\u00e1lneho s\u00faladu a konzistentnosti, <strong data-start=\"3085\" data-end=\"3114\">testery faktora lamin\u00e1cie<\/strong> mus\u00ed by\u0165 v s\u00falade s uzn\u00e1van\u00fdmi normami. Medzi naj\u010dastej\u0161ie uv\u00e1dzan\u00e9 patria:<\/p>\n<h3 data-start=\"3183\" data-end=\"3217\"><a href=\"https:\/\/www.qualitester.com\/sk\/standards\/astm-a719\/\" target=\"_blank\" rel=\"noopener\">ASTM A719<\/a> - Magnetick\u00e9 materi\u00e1ly<\/h3>\n<p data-start=\"3219\" data-end=\"3436\">Definuje <strong data-start=\"3231\" data-end=\"3250\">\u0161tandardn\u00e1 met\u00f3da<\/strong> na meranie faktora lamin\u00e1cie vo feromagnetick\u00fdch materi\u00e1loch. Kladie d\u00f4raz na rovnomern\u00fd tlak (zvy\u010dajne 50 psi), presn\u00e9 meranie v\u00fd\u0161ky stohu a spr\u00e1vne v\u00fdpo\u010dty pomeru hmotnosti k objemu.<\/p>\n<h3 data-start=\"3438\" data-end=\"3479\">ASTM A900 - Amorfn\u00e9 magnetick\u00e9 p\u00e1sy<\/h3>\n<p data-start=\"3481\" data-end=\"3668\">\u0160peci\u00e1lne vyvinut\u00e9 pre <strong data-start=\"3505\" data-end=\"3540\">tenk\u00e9 amorfn\u00e9 magnetick\u00e9 p\u00e1sy<\/strong>, t\u00e1to met\u00f3da si vy\u017eaduje nastavovacie pr\u00edpravky, mikrometrick\u00e9 merania a starostliv\u00e9 ukladanie vzh\u013eadom na citlivos\u0165 materi\u00e1lu.<\/p>\n<h3 data-start=\"3670\" data-end=\"3716\">ASTM A683 - Polospracovan\u00e1 elektrotechnick\u00e1 oce\u013e<\/h3>\n<p data-start=\"3718\" data-end=\"3903\">Vz\u0165ahuje sa na <strong data-start=\"3732\" data-end=\"3752\">pou\u017eitie normy ASTM A719<\/strong> ako ur\u010den\u00fa sk\u00fa\u0161obn\u00fa met\u00f3du. Zd\u00f4raz\u0148uje, \u017ee vy\u0161\u0161\u00ed faktor lamin\u00e1cie znamen\u00e1 lep\u0161iu kvalitu, najm\u00e4 pri hlad\u0161\u00edch a hrub\u0161\u00edch materi\u00e1loch.<\/p>\n<h3 data-start=\"3905\" data-end=\"3956\">IEC 60404-13 - Glob\u00e1lna norma pre elektrotechnick\u00fa oce\u013e<\/h3>\n<p data-start=\"3958\" data-end=\"4167\">Poskytuje <strong data-start=\"3967\" data-end=\"3995\">medzin\u00e1rodn\u00e9 usmernenia<\/strong> na meranie s\u00fa\u010dinite\u013ea stohovania vo v\u0161etk\u00fdch typoch elektrickej ocele. Vy\u017eaduje si presn\u00e9 v\u00e1\u017eenie, rozmerov\u00fa presnos\u0165 a aplik\u00e1ciu tlaku <strong data-start=\"4145\" data-end=\"4166\">1,00 \u00b1 0,05 N\/mm\u00b2<\/strong>.<\/p>\n<h2 data-start=\"4174\" data-end=\"4245\">Predstavujeme tester laminovac\u00edch faktorov FTT-02 od spolo\u010dnosti Cell Instruments<\/h2>\n<p data-start=\"4247\" data-end=\"4437\">Pre laborat\u00f3ri\u00e1 a v\u00fdrobn\u00e9 prostredia, ktor\u00e9 vy\u017eaduj\u00fa spo\u013eahliv\u00e9 testovanie faktora lamin\u00e1cie, je ur\u010den\u00fd <strong data-start=\"4342\" data-end=\"4377\">FTT-02 Tester faktora lamin\u00e1cie<\/strong> z adresy <strong data-start=\"4383\" data-end=\"4403\">Mobiln\u00e9 n\u00e1stroje<\/strong> je profesion\u00e1lne rie\u0161enie.<\/p>\n<h3>K\u013e\u00fa\u010dov\u00e9 vlastnosti:<\/h3>\n<ul>\n<li data-start=\"4459\" data-end=\"4498\"><strong data-start=\"4459\" data-end=\"4474\">Testovac\u00ed rozsah:<\/strong> 0-2 mm (prisp\u00f4sobite\u013en\u00e9)<\/li>\n<li data-start=\"4501\" data-end=\"4563\"><strong data-start=\"4501\" data-end=\"4516\">Uznesenie:<\/strong> 0,1 \u03bcm na presn\u00e9 meranie v\u00fd\u0161ky stohu<\/li>\n<li data-start=\"4566\" data-end=\"4625\"><strong data-start=\"4566\" data-end=\"4584\">Testovac\u00ed tlak:<\/strong> 50 \u00b1 0,5 kPa (\u0161tandard, pod\u013ea normy ASTM A719)<\/li>\n<li data-start=\"4628\" data-end=\"4692\"><strong data-start=\"4628\" data-end=\"4646\">Ve\u013ekos\u0165 hrotov:<\/strong> \u00d814-17 mm (nastavite\u013en\u00e9 pod\u013ea typu vzorky)<\/li>\n<li data-start=\"4695\" data-end=\"4766\"><strong data-start=\"4695\" data-end=\"4714\">Kompaktn\u00fd dizajn:<\/strong> 461 \u00d7 334 \u00d7 357 mm, vhodn\u00e9 pre r\u00f4zne laborat\u00f3rne zostavy<\/li>\n<\/ul>\n<p data-start=\"4768\" data-end=\"4944\">FTT-02 je navrhnut\u00fd pre <strong data-start=\"4797\" data-end=\"4824\">jednoduch\u00e9 zarovnanie vzoriek<\/strong>, <strong data-start=\"4826\" data-end=\"4858\">automatick\u00e9 meranie v\u00fd\u0161ky<\/strong>a <strong data-start=\"4864\" data-end=\"4891\">stabiln\u00e1 regul\u00e1cia tlaku<\/strong>, \u010d\u00edm sa zabezpe\u010dia ve\u013emi presn\u00e9 v\u00fdsledky faktora laminovania.<\/p>\n<h3 data-start=\"4946\" data-end=\"4971\">Pou\u017eite\u013en\u00e9 materi\u00e1ly:<\/h3>\n<ul>\n<li data-start=\"4974\" data-end=\"5028\"><strong data-start=\"4974\" data-end=\"5026\">Neorientovan\u00e9 a zrnitostne orientovan\u00e9 elektrotechnick\u00e9 ocele<\/strong><\/li>\n<li data-start=\"5031\" data-end=\"5082\"><strong data-start=\"5031\" data-end=\"5080\">Amorfn\u00e9 a nanokry\u0161talick\u00e9 magnetick\u00e9 pr\u00fa\u017eky<\/strong><\/li>\n<li data-start=\"5085\" data-end=\"5141\"><strong data-start=\"5085\" data-end=\"5141\">Elektrick\u00e9 materi\u00e1ly s tenk\u00fdm povlakom pou\u017e\u00edvan\u00e9 v jadr\u00e1ch motorov<\/strong><\/li>\n<\/ul>\n<p data-start=\"5143\" data-end=\"5256\">V\u010faka dodr\u017eiavaniu sk\u00fa\u0161obn\u00fdch postupov ASTM a IEC FTT-02 minimalizuje \u013eudsk\u00e9 chyby a zvy\u0161uje opakovate\u013enos\u0165 v\u00fdsledkov.<\/p>\n<h2 data-start=\"5263\" data-end=\"5321\">Aplik\u00e1cie a pr\u00ednosy testovania faktora lamin\u00e1cie<\/h2>\n<p data-start=\"5323\" data-end=\"5366\">Test faktora lamin\u00e1cie je nevyhnutn\u00fd pri:<\/p>\n<ul>\n<li data-start=\"5370\" data-end=\"5413\"><strong data-start=\"5370\" data-end=\"5411\">V\u00fdroba jadier transform\u00e1torov a motorov<\/strong><\/li>\n<li data-start=\"5416\" data-end=\"5455\"><strong data-start=\"5416\" data-end=\"5453\">Kontrola kvality magnetick\u00e9ho materi\u00e1lu<\/strong><\/li>\n<li data-start=\"5458\" data-end=\"5507\"><strong data-start=\"5458\" data-end=\"5505\">V\u00fdskumn\u00e9 a v\u00fdvojov\u00e9 laborat\u00f3ri\u00e1 hodnotiace nov\u00e9 zliatiny a n\u00e1tery<\/strong><\/li>\n<li data-start=\"5510\" data-end=\"5579\"><strong data-start=\"5510\" data-end=\"5579\">Posudzovanie zhody na \u00fa\u010dely medzin\u00e1rodnej prepravy alebo certifik\u00e1cie<\/strong><\/li>\n<\/ul>\n<h3 data-start=\"5581\" data-end=\"5598\">K\u013e\u00fa\u010dov\u00e9 v\u00fdhody:<\/h3>\n<ul>\n<li>Zis\u0165uje dutiny, drsnos\u0165 a povlakov\u00e9 efekty<\/li>\n<li>Zabezpe\u010duje kvalitu a konzistenciu materi\u00e1lu<\/li>\n<li>Pom\u00e1ha optimalizova\u0165 n\u00e1vrh lamin\u00e1cie a parametre procesu<\/li>\n<li>Podporuje s\u00falad s <strong data-start=\"5781\" data-end=\"5794\">ASTM A719<\/strong>, <strong data-start=\"5796\" data-end=\"5804\">A900<\/strong>a <strong data-start=\"5810\" data-end=\"5826\">IEC 60404-13<\/strong><\/li>\n<\/ul>\n<p data-start=\"5849\" data-end=\"6157\">Pochopenie a kontrola <strong data-start=\"5883\" data-end=\"5904\">faktor laminovania<\/strong> magnetick\u00fdch materi\u00e1lov m\u00e1 z\u00e1sadn\u00fd v\u00fdznam pre energeticky \u00fa\u010dinn\u00fd dizajn a v\u00fdrobu v\u00fdrobkov. Presn\u00e9 meranie si vy\u017eaduje presn\u00e9 zariadenia, ktor\u00e9 sp\u013a\u0148aj\u00fa medzin\u00e1rodn\u00e9 normy, ako napr. <strong data-start=\"6091\" data-end=\"6104\">ASTM A719<\/strong>, <strong data-start=\"6106\" data-end=\"6119\">ASTM A900<\/strong>, <strong data-start=\"6121\" data-end=\"6134\">ASTM A683<\/strong>a <strong data-start=\"6140\" data-end=\"6156\">IEC 60404-13<\/strong>.<\/p>\n<p data-start=\"6159\" data-end=\"6527\">Str\u00e1nka <strong data-start=\"6163\" data-end=\"6198\">FTT-02 Tester faktora lamin\u00e1cie<\/strong> pod\u013ea <strong data-start=\"6202\" data-end=\"6222\">Mobiln\u00e9 n\u00e1stroje<\/strong> pon\u00faka \u0161pi\u010dkov\u00fa presnos\u0165 v odvetv\u00ed, pou\u017e\u00edvate\u013esky pr\u00edvetiv\u00e9 ovl\u00e1danie a \u00fapln\u00fa zhodu s glob\u00e1lnymi testovac\u00edmi protokolmi. \u010ci u\u017e ste materi\u00e1lov\u00fd in\u017einier, mana\u017e\u00e9r zabezpe\u010denia kvality alebo v\u00fdrobca magnetick\u00fdch s\u00fa\u010diastok, tento pr\u00edstroj v\u00e1m zaru\u010d\u00ed, \u017ee v\u00fdsledky laminovac\u00edch faktorov bud\u00fa <strong data-start=\"6485\" data-end=\"6526\">spo\u013eahliv\u00e9, sledovate\u013en\u00e9 a profesion\u00e1lne<\/strong>.<\/p>\n<hr data-start=\"6529\" data-end=\"6532\" \/>\n<h2 data-start=\"6534\" data-end=\"6542\">\u010casto kladen\u00e9 ot\u00e1zky<\/h2>\n<p data-start=\"6544\" data-end=\"6758\"><strong data-start=\"6544\" data-end=\"6601\">1. Na \u010do sl\u00fa\u017ei tester laminovac\u00edch faktorov?<\/strong><br data-start=\"6601\" data-end=\"6604\" \/>Ur\u010duje, ako efekt\u00edvne s\u00fa magnetick\u00e9 p\u00e1sy ulo\u017een\u00e9, a to v\u00fdpo\u010dtom pomeru objemu pevn\u00e9ho kovu k celkov\u00e9mu objemu, \u010do nazna\u010duje kvalitu materi\u00e1lu.<\/p>\n<p data-start=\"6760\" data-end=\"6960\"><strong data-start=\"6760\" data-end=\"6832\">2. Ktor\u00e9 normy by sa mali dodr\u017eiava\u0165 pri testovan\u00ed faktora lamin\u00e1cie?<\/strong><br data-start=\"6832\" data-end=\"6835\" \/>Pr\u00edslu\u0161n\u00e9 normy zah\u0155\u0148aj\u00fa <a href=\"https:\/\/www.astm.org\/a0719_a0719m-14r19.html\" target=\"_blank\" rel=\"noopener nofollow\"><strong data-start=\"6862\" data-end=\"6875\">ASTM A719<\/strong><\/a>, <a href=\"https:\/\/www.astm.org\/a0900_a0900m-01r18.html\" target=\"_blank\" rel=\"noopener nofollow\"><strong data-start=\"6877\" data-end=\"6890\">ASTM A900<\/strong><\/a>, <a href=\"https:\/\/www.astm.org\/a0683-16.html\" target=\"_blank\" rel=\"noopener nofollow\"><strong data-start=\"6892\" data-end=\"6905\">ASTM A683<\/strong><\/a>a <strong data-start=\"6911\" data-end=\"6927\">IEC 60404-13<\/strong>, v z\u00e1vislosti od typu materi\u00e1lu.<\/p>\n<p data-start=\"6962\" data-end=\"7176\"><strong data-start=\"6962\" data-end=\"7018\">3. M\u00f4\u017ee sa FTT-02 pou\u017ei\u0165 na tenk\u00e9 amorfn\u00e9 p\u00e1sy?<\/strong><br data-start=\"7018\" data-end=\"7021\" \/>\u00c1no, FTT-02 podporuje r\u00f4zne materi\u00e1ly vr\u00e1tane <strong data-start=\"7074\" data-end=\"7108\">tenk\u00e9 amorfn\u00e9 magnetick\u00e9 p\u00e1sy<\/strong>, v\u010faka nastavite\u013en\u00e9mu tlaku a meraniu s vysok\u00fdm rozl\u00ed\u0161en\u00edm.<\/p>\n<p data-start=\"7178\" data-end=\"7342\"><strong data-start=\"7178\" data-end=\"7227\">4. Ak\u00e9 faktory ovplyv\u0148uj\u00fa faktor lamin\u00e1cie?<\/strong><br data-start=\"7227\" data-end=\"7230\" \/>Povrchov\u00e9 n\u00e1tery, drsnos\u0165 materi\u00e1lu, vrstvy oxidov a vzduchov\u00e9 medzery medzi p\u00e1smi m\u00f4\u017eu zn\u00ed\u017ei\u0165 faktor lamin\u00e1cie.<\/p>\n<p data-start=\"7344\" data-end=\"7555\"><strong data-start=\"7344\" data-end=\"7408\">5. Ako ovplyv\u0148uje faktor laminovania elektrick\u00fd v\u00fdkon?<\/strong><br data-start=\"7408\" data-end=\"7411\" \/>Vy\u0161\u0161\u00ed faktor lamin\u00e1cie znamen\u00e1 lep\u0161iu magnetick\u00fa v\u00e4zbu a men\u0161ie energetick\u00e9 straty, \u010d\u00edm sa zvy\u0161uje \u00fa\u010dinnos\u0165 motorov, transform\u00e1torov a induktorov.<\/p>","protected":false},"excerpt":{"rendered":"<p>In the manufacturing of magnetic materials like electrical steel and amorphous strips, lamination factor plays a vital role in determining material quality. It affects the efficiency of motors, transformers, and other electromagnetic components. To assess this critical parameter, a lamination factor tester offers a precise, standardized method for measurement. What Is Lamination Factor and Why &hellip;<\/p>\n<p class=\"read-more\"> <a class=\"\" href=\"https:\/\/www.qualitester.com\/sk\/produkt-2\/lamination-factor-tester\/\"> <span class=\"screen-reader-text\">FTT-02 Tester faktora lamin\u00e1cie<\/span> \u010c\u00edtajte viac \"<\/a><\/p>","protected":false},"featured_media":6912,"comment_status":"closed","ping_status":"closed","template":"","meta":{"site-sidebar-layout":"default","site-content-layout":"default","ast-global-header-display":"","ast-main-header-display":"","ast-hfb-above-header-display":"","ast-hfb-below-header-display":"","ast-hfb-mobile-header-display":"","site-post-title":"","ast-breadcrumbs-content":"","ast-featured-img":"","footer-sml-layout":"","theme-transparent-header-meta":"default","adv-header-id-meta":"","stick-header-meta":"","header-above-stick-meta":"","header-main-stick-meta":"","header-below-stick-meta":""},"product_cat":[845,1184,1182,1183,937,1185,962,674,672],"product_tag":[],"class_list":{"0":"post-6887","1":"product","2":"type-product","3":"status-publish","4":"has-post-thumbnail","6":"product_cat-customization","7":"product_cat-astm-a683","8":"product_cat-astm-a719","9":"product_cat-astm-a900","10":"product_cat-electronic-product-tester","11":"product_cat-iec-60404-13","12":"product_cat-thickness-gauges","13":"product_cat-test-items","14":"product_cat-applied-materials","15":"desktop-align-left","16":"tablet-align-left","17":"mobile-align-left","19":"first","20":"instock","21":"shipping-taxable","22":"product-type-simple"},"_links":{"self":[{"href":"https:\/\/www.qualitester.com\/sk\/wp-json\/wp\/v2\/product\/6887","targetHints":{"allow":["GET"]}}],"collection":[{"href":"https:\/\/www.qualitester.com\/sk\/wp-json\/wp\/v2\/product"}],"about":[{"href":"https:\/\/www.qualitester.com\/sk\/wp-json\/wp\/v2\/types\/product"}],"replies":[{"embeddable":true,"href":"https:\/\/www.qualitester.com\/sk\/wp-json\/wp\/v2\/comments?post=6887"}],"version-history":[{"count":0,"href":"https:\/\/www.qualitester.com\/sk\/wp-json\/wp\/v2\/product\/6887\/revisions"}],"wp:featuredmedia":[{"embeddable":true,"href":"https:\/\/www.qualitester.com\/sk\/wp-json\/wp\/v2\/media\/6912"}],"wp:attachment":[{"href":"https:\/\/www.qualitester.com\/sk\/wp-json\/wp\/v2\/media?parent=6887"}],"wp:term":[{"taxonomy":"product_cat","embeddable":true,"href":"https:\/\/www.qualitester.com\/sk\/wp-json\/wp\/v2\/product_cat?post=6887"},{"taxonomy":"product_tag","embeddable":true,"href":"https:\/\/www.qualitester.com\/sk\/wp-json\/wp\/v2\/product_tag?post=6887"}],"curies":[{"name":"wp","href":"https:\/\/api.w.org\/{rel}","templated":true}]}}