{"id":6640,"date":"2025-05-07T10:25:05","date_gmt":"2025-05-07T02:25:05","guid":{"rendered":"https:\/\/www.qualitester.com\/?post_type=product&#038;p=6640"},"modified":"2025-05-07T10:25:05","modified_gmt":"2025-05-07T02:25:05","slug":"syringe-piston-glide-force-tester","status":"publish","type":"product","link":"https:\/\/www.qualitester.com\/sk\/produkt-2\/syringe-piston-glide-force-tester\/","title":{"rendered":"SSR-01 Tester posuvn\u00e9ho odporu strieka\u010dky"},"content":{"rendered":"<h2 data-start=\"378\" data-end=\"1083\">V\u00fdznam klznej sily pri v\u00fdkone strieka\u010dky<\/h2>\n<p class=\"\" data-start=\"378\" data-end=\"1083\">Pri v\u00fdrobe injek\u010dn\u00fdch strieka\u010diek a kontrole kvality, <em data-start=\"497\" data-end=\"510\">k\u013azav\u00e1 sila<\/em> zohr\u00e1va k\u013e\u00fa\u010dov\u00fa \u00falohu pri ur\u010dovan\u00ed toho, ako hladko a konzistentne sa piest strieka\u010dky pohybuje po\u010das pod\u00e1vania lieku. M\u00e1 priamy vplyv na pou\u017eite\u013enos\u0165, pohodlie pacienta a presnos\u0165 d\u00e1vkovania. Tento \u010dl\u00e1nok predstavuje <strong data-start=\"727\" data-end=\"764\">Tester sily sklzu piestu strieka\u010dky<\/strong>, \u0161pecializovan\u00fd pr\u00edstroj ur\u010den\u00fd na kvantifik\u00e1ciu tohto k\u013e\u00fa\u010dov\u00e9ho parametra v s\u00falade s <strong data-start=\"854\" data-end=\"876\">ISO 7886-1 Pr\u00edloha E<\/strong>. Presk\u00famame jeho testovaciu met\u00f3du, technick\u00e9 mo\u017enosti a sp\u00f4sob, ak\u00fdm podporuje s\u00falad s <strong data-start=\"977\" data-end=\"997\"><a href=\"https:\/\/www.qualitester.com\/sk\/standards\/iso-7886-1\/\" target=\"_blank\" rel=\"noopener\">ISO 7886<\/a> testovanie<\/strong> po\u017eiadavky - nevyhnutn\u00e9 pre v\u00fdrobcov injek\u010dn\u00fdch strieka\u010diek a odborn\u00edkov na zabezpe\u010denie kvality.<\/p>\n<hr class=\"\" data-start=\"1085\" data-end=\"1088\" \/>\n<h2 data-start=\"1090\" data-end=\"1367\">Vysvetlenie testovania sily sklzu piestu strieka\u010dky a testovania pod\u013ea normy ISO 7886<\/h2>\n<p class=\"\" data-start=\"1090\" data-end=\"1367\">Str\u00e1nka <strong data-start=\"1165\" data-end=\"1202\">Tester sily sklzu piestu strieka\u010dky<\/strong>-tie\u017e ozna\u010dovan\u00fd ako <strong data-start=\"1227\" data-end=\"1271\">SSR-01 Tester posuvn\u00e9ho odporu strieka\u010dky<\/strong>-je ur\u010den\u00fd na vykon\u00e1vanie presn\u00fdch testov podko\u017en\u00fdch injek\u010dn\u00fdch strieka\u010diek. Jeho hlavnou funkciou je meranie:<\/p>\n<ul data-start=\"1369\" data-end=\"1537\">\n<li class=\"\" data-start=\"1369\" data-end=\"1431\">\n<p class=\"\" data-start=\"1371\" data-end=\"1431\">Str\u00e1nka <strong data-start=\"1375\" data-end=\"1395\">inicia\u010dn\u00e1 sila<\/strong> potrebn\u00e9 na spustenie pohybu piestu<\/p>\n<\/li>\n<li class=\"\" data-start=\"1432\" data-end=\"1481\">\n<p class=\"\" data-start=\"1434\" data-end=\"1481\">Str\u00e1nka <strong data-start=\"1438\" data-end=\"1452\">priemern\u00e1 sila<\/strong> po\u010das nepretr\u017eit\u00e9ho pohybu<\/p>\n<\/li>\n<li class=\"\" data-start=\"1482\" data-end=\"1537\">\n<p class=\"\" data-start=\"1484\" data-end=\"1537\">Str\u00e1nka <strong data-start=\"1488\" data-end=\"1505\">maxim\u00e1lna sila<\/strong> ktor\u00e9 sa vyskytli po\u010das testu<\/p>\n<\/li>\n<\/ul>\n<p class=\"\" data-start=\"1539\" data-end=\"1878\">Tieto parametre s\u00fa k\u013e\u00fa\u010dov\u00e9 pre profil k\u013azavej sily uveden\u00fd v <strong data-start=\"1607\" data-end=\"1629\">ISO 7886-1 Pr\u00edloha E<\/strong>, medzin\u00e1rodn\u00e1 norma upravuj\u00faca steriln\u00e9 podko\u017en\u00e9 injek\u010dn\u00e9 strieka\u010dky na ru\u010dn\u00e9 pou\u017eitie. V pr\u00edlohe E je podrobne op\u00edsan\u00e1 met\u00f3da na vyhodnotenie toho, ak\u00fd odpor kladie piest pri vytl\u00e1\u010dan\u00ed tekutiny kon\u0161tantnou r\u00fdchlos\u0165ou, s pou\u017eit\u00edm destilovanej vody a \u0161tandardizovan\u00e9ho nastavenia.<\/p>\n<p class=\"\" data-start=\"1880\" data-end=\"2117\">Zos\u00faladen\u00edm s normou ISO 7886 m\u00f4\u017eu v\u00fdrobcovia zabezpe\u010di\u0165, aby ich v\u00fdrobky sp\u013a\u0148ali glob\u00e1lne o\u010dak\u00e1vania v oblasti bezpe\u010dnosti a v\u00fdkonnosti. To je ve\u013emi d\u00f4le\u017eit\u00e9 pre steriln\u00e9 zdravotn\u00edcke pom\u00f4cky ur\u010den\u00e9 na \u0161irok\u00e9 pou\u017eitie v nemocniciach, klinik\u00e1ch a v dom\u00e1cej zdravotnej starostlivosti.<\/p>\n<hr class=\"\" data-start=\"2119\" data-end=\"2122\" \/>\n<h2 data-start=\"2124\" data-end=\"2358\">Ako sa meria k\u013azav\u00e1 sila: ISO 7886-1 Pr\u00edloha E Postup<\/h2>\n<p class=\"\" data-start=\"2124\" data-end=\"2358\">Na presn\u00e9 ur\u010denie k\u013azavej sily sa <strong data-start=\"2233\" data-end=\"2277\">SSR-01 Tester sily sklzu piestu strieka\u010dky<\/strong> pou\u017e\u00edva postup predp\u00edsan\u00fd v <strong data-start=\"2311\" data-end=\"2333\">ISO 7886-1 Pr\u00edloha E<\/strong>. Z\u00e1kladn\u00e9 kroky zah\u0155\u0148aj\u00fa:<\/p>\n<ul data-start=\"2360\" data-end=\"2688\">\n<li class=\"\" data-start=\"2360\" data-end=\"2438\">\n<p class=\"\" data-start=\"2362\" data-end=\"2438\">Naplnenie injek\u010dnej strieka\u010dky <strong data-start=\"2387\" data-end=\"2406\">destilovan\u00e1 voda<\/strong> na viac, ako je jeho nomin\u00e1lna kapacita.<\/p>\n<\/li>\n<li class=\"\" data-start=\"2439\" data-end=\"2547\">\n<p class=\"\" data-start=\"2441\" data-end=\"2547\">Pripevnite ho k testovaciemu pr\u00edpravku, pri\u010dom zarovnajte hladinu vody v z\u00e1sobn\u00edku so stredom valca injek\u010dnej strieka\u010dky.<\/p>\n<\/li>\n<li class=\"\" data-start=\"2548\" data-end=\"2591\">\n<p class=\"\" data-start=\"2550\" data-end=\"2591\">Nastavenie <strong data-start=\"2562\" data-end=\"2590\">sk\u00fa\u0161obn\u00e1 r\u00fdchlos\u0165 100 mm\/min<\/strong>.<\/p>\n<\/li>\n<li class=\"\" data-start=\"2592\" data-end=\"2688\">\n<p class=\"\" data-start=\"2594\" data-end=\"2688\">Aktiv\u00e1cia mechanick\u00e9ho pohonu na stl\u00e1\u010danie piesta pri nepretr\u017eitom zaznamen\u00e1van\u00ed \u00fadajov o sile.<\/p>\n<\/li>\n<\/ul>\n<p class=\"\" data-start=\"2690\" data-end=\"2710\">Syst\u00e9m zachyt\u00e1va:<\/p>\n<ul data-start=\"2712\" data-end=\"2929\">\n<li class=\"\" data-start=\"2712\" data-end=\"2784\">\n<p class=\"\" data-start=\"2714\" data-end=\"2784\"><strong data-start=\"2714\" data-end=\"2740\">Inicia\u010dn\u00e1 sila (fs):<\/strong> sila potrebn\u00e1 na spustenie pohybu piestu.<\/p>\n<\/li>\n<li class=\"\" data-start=\"2785\" data-end=\"2855\">\n<p class=\"\" data-start=\"2787\" data-end=\"2855\"><strong data-start=\"2787\" data-end=\"2812\">Stredn\u00e1 k\u013azav\u00e1 sila (F):<\/strong> priemern\u00e1 sila po\u010das cel\u00e9ho pohybu piestu.<\/p>\n<\/li>\n<li class=\"\" data-start=\"2856\" data-end=\"2929\">\n<p class=\"\" data-start=\"2858\" data-end=\"2929\"><strong data-start=\"2858\" data-end=\"2883\">Maxim\u00e1lna sila (Fmax):<\/strong> maxim\u00e1lna sila potrebn\u00e1 po\u010das chodu piestu.<\/p>\n<\/li>\n<\/ul>\n<p class=\"\" data-start=\"2931\" data-end=\"3036\">Tento \u0161tandardizovan\u00fd proces zabezpe\u010duje presn\u00fa opakovate\u013enos\u0165 a integritu \u00fadajov na \u00fa\u010dely vykazovania kontroly kvality.<\/p>\n<hr class=\"\" data-start=\"3038\" data-end=\"3041\" \/>\n<h2 data-start=\"3043\" data-end=\"3268\">K\u013e\u00fa\u010dov\u00e9 vlastnosti testera posuvn\u00e9ho odporu strieka\u010dky SSR-01<\/h2>\n<p class=\"\" data-start=\"3043\" data-end=\"3268\">Cell Instruments\u2019 <strong data-start=\"3124\" data-end=\"3134\">SSR-01<\/strong> prin\u00e1\u0161a automatiz\u00e1ciu, spo\u013eahlivos\u0165 a \u00fadaje s vysok\u00fdm rozl\u00ed\u0161en\u00edm do testovania sily sklzu injek\u010dnej strieka\u010dky. Medzi jeho v\u00fdnimo\u010dn\u00e9 vlastnosti patria:<\/p>\n<ul data-start=\"3270\" data-end=\"3842\">\n<li class=\"\" data-start=\"3270\" data-end=\"3340\">\n<p class=\"\" data-start=\"3272\" data-end=\"3340\"><strong data-start=\"3272\" data-end=\"3290\">Vysok\u00e1 presnos\u0165:<\/strong> \u00b10,5% od\u010d\u00edtanie pln\u00e9ho rozsahu pre meranie sily<\/p>\n<\/li>\n<li class=\"\" data-start=\"3341\" data-end=\"3420\">\n<p class=\"\" data-start=\"3343\" data-end=\"3420\"><strong data-start=\"3343\" data-end=\"3371\">Pou\u017e\u00edvate\u013esky pr\u00edvetiv\u00e9 rozhranie:<\/strong> 7-palcov\u00fd dotykov\u00fd displej HMI s intuit\u00edvnym ovl\u00e1dan\u00edm<\/p>\n<\/li>\n<li class=\"\" data-start=\"3421\" data-end=\"3502\">\n<p class=\"\" data-start=\"3423\" data-end=\"3502\"><strong data-start=\"3423\" data-end=\"3450\">Presn\u00fd syst\u00e9m pohonu:<\/strong> Gu\u013e\u00f4\u010dkov\u00fd skrutkov\u00fd mechanizmus a variabiln\u00e1 testovacia r\u00fdchlos\u0165<\/p>\n<\/li>\n<li class=\"\" data-start=\"3503\" data-end=\"3595\">\n<p class=\"\" data-start=\"3505\" data-end=\"3595\"><strong data-start=\"3505\" data-end=\"3526\">Bohat\u00fd d\u00e1tov\u00fd v\u00fdstup:<\/strong> S\u00fa\u010dasn\u00e9 zachytenie po\u010diato\u010dn\u00fdch, stredn\u00fdch a maxim\u00e1lnych k\u013azav\u00fdch s\u00edl<\/p>\n<\/li>\n<li class=\"\" data-start=\"3596\" data-end=\"3673\">\n<p class=\"\" data-start=\"3598\" data-end=\"3673\"><strong data-start=\"3598\" data-end=\"3624\">Prisp\u00f4sobite\u013en\u00e9 pr\u00edslu\u0161enstvo:<\/strong> Prisp\u00f4sobenie r\u00f4znym typom a ve\u013ekostiam injek\u010dn\u00fdch strieka\u010diek<\/p>\n<\/li>\n<li class=\"\" data-start=\"3674\" data-end=\"3733\">\n<p class=\"\" data-start=\"3676\" data-end=\"3733\"><strong data-start=\"3676\" data-end=\"3700\">Ochrana proti pre\u0165a\u017eeniu:<\/strong> Zvy\u0161uje bezpe\u010dnos\u0165 po\u010das testovania<\/p>\n<\/li>\n<li class=\"\" data-start=\"3734\" data-end=\"3842\">\n<p class=\"\" data-start=\"3736\" data-end=\"3842\"><strong data-start=\"3736\" data-end=\"3763\">Automatick\u00e9 vr\u00e1tenie a tla\u010d:<\/strong> Vr\u00e1ti sa do v\u00fdchodiskovej polohy a vytla\u010d\u00ed v\u00fdsledky testu pomocou zabudovanej mikrotla\u010diarne<\/p>\n<\/li>\n<\/ul>\n<p class=\"\" data-start=\"3844\" data-end=\"3975\">Tieto mo\u017enosti nielen zjednodu\u0161uj\u00fa dodr\u017eiavanie <strong data-start=\"3897\" data-end=\"3911\">ISO 7886-1<\/strong> ale aj optimalizova\u0165 efektivitu pracovn\u00fdch postupov a zn\u00ed\u017ei\u0165 po\u010det manu\u00e1lnych ch\u00fdb.<\/p>\n<hr class=\"\" data-start=\"3977\" data-end=\"3980\" \/>\n<h2 data-start=\"3982\" data-end=\"4120\">Aplik\u00e1cie vo viacer\u00fdch odvetviach<\/h2>\n<p class=\"\" data-start=\"3982\" data-end=\"4120\">Testovanie klznej sily je nevyhnutn\u00e9 vo viacer\u00fdch odvetviach, kde s\u00fa strieka\u010dky kritick\u00fdmi komponentmi:<\/p>\n<ul data-start=\"4122\" data-end=\"4446\">\n<li class=\"\" data-start=\"4122\" data-end=\"4205\">\n<p class=\"\" data-start=\"4124\" data-end=\"4205\"><strong data-start=\"4124\" data-end=\"4157\">V\u00fdroba zdravotn\u00edckych pom\u00f4cok:<\/strong> Zabezpe\u010duje plynul\u00fd v\u00fdkon a bezpe\u010dnos\u0165 pacientov<\/p>\n<\/li>\n<li class=\"\" data-start=\"4206\" data-end=\"4275\">\n<p class=\"\" data-start=\"4208\" data-end=\"4275\"><strong data-start=\"4208\" data-end=\"4237\">Farmaceutick\u00e9 obaly:<\/strong> overuje spr\u00e1vne mechanizmy doru\u010dovania<\/p>\n<\/li>\n<li class=\"\" data-start=\"4276\" data-end=\"4365\">\n<p class=\"\" data-start=\"4278\" data-end=\"4365\"><strong data-start=\"4278\" data-end=\"4314\">Regula\u010dn\u00e9 sk\u00fa\u0161obn\u00e9 laborat\u00f3ri\u00e1:<\/strong> Potvrdzuje zhodu s medzin\u00e1rodn\u00fdmi normami<\/p>\n<\/li>\n<li class=\"\" data-start=\"4366\" data-end=\"4446\">\n<p class=\"\" data-start=\"4368\" data-end=\"4446\"><strong data-start=\"4368\" data-end=\"4394\">Jednotky kontroly kvality:<\/strong> Identifikuje chybn\u00e9 injek\u010dn\u00e9 strieka\u010dky v ranom \u0161t\u00e1diu v\u00fdroby<\/p>\n<\/li>\n<\/ul>\n<p class=\"\" data-start=\"4448\" data-end=\"4583\">SSR-01 sa pou\u017e\u00edva v nemocniciach, laborat\u00f3ri\u00e1ch a priemyseln\u00fdch v\u00fdrobn\u00fdch link\u00e1ch a dokazuje svoju v\u0161estrannos\u0165 a spo\u013eahlivos\u0165.<\/p>\n<hr class=\"\" data-start=\"4585\" data-end=\"4588\" \/>\n<h2 data-start=\"4590\" data-end=\"5050\">Pre\u010do si vybra\u0165 SSR-01 od spolo\u010dnosti Cell Instruments na testovanie klznej sily?<\/h2>\n<p class=\"\" data-start=\"4590\" data-end=\"5050\">Cell Instruments m\u00e1 rozsiahle sk\u00fasenosti v oblasti <strong data-start=\"4702\" data-end=\"4736\">testovanie materi\u00e1lov a obalov<\/strong> a pon\u00faka \u00fapln\u00e9 prisp\u00f4sobenie na splnenie \u0161pecializovan\u00fdch po\u017eiadaviek na testovanie. SSR-01 predstavuje n\u00e1\u0161 z\u00e1v\u00e4zok <strong data-start=\"4849\" data-end=\"4909\">inov\u00e1cie, zabezpe\u010denie kvality a dodr\u017eiavanie predpisov<\/strong>. V\u00fdberom n\u00e1\u0161ho rie\u0161enia z\u00edskaj\u00fa v\u00fdrobcovia strieka\u010diek spo\u013eahliv\u00e9ho partnera na podporu dodr\u017eiavania normy ISO 7886-1 a neust\u00e1leho zlep\u0161ovania v\u00fdrobkov.<\/p>\n<p class=\"\" data-start=\"5057\" data-end=\"5513\">Pochopenie a kontrola <em data-start=\"5104\" data-end=\"5117\">k\u013azav\u00e1 sila<\/em> nejde len o dodr\u017eiavanie noriem - ide o poskytovanie kvality a bezpe\u010dnosti koncov\u00fdm pou\u017e\u00edvate\u013eom. S pr\u00edstrojmi Cell Instruments\u2019 <strong data-start=\"5232\" data-end=\"5269\">Tester sily sklzu piestu strieka\u010dky<\/strong>, dodr\u017eiavanie <strong data-start=\"5287\" data-end=\"5309\"><a href=\"https:\/\/www.iso.org\/standard\/64790.html\" target=\"_blank\" rel=\"noopener nofollow\">ISO 7886-1<\/a> Pr\u00edloha E<\/strong> sa st\u00e1va jednoduch\u00fdm a spo\u013eahliv\u00fdm. \u010ci u\u017e pracujete vo farmaceutickej v\u00fdrobe, pri zabezpe\u010dovan\u00ed kvality zdravotn\u00edckych pom\u00f4cok alebo pri laborat\u00f3rnej valid\u00e1cii. <strong data-start=\"5447\" data-end=\"5457\">SSR-01<\/strong> je va\u0161e rie\u0161enie pre presnos\u0165, konzistenciu a d\u00f4veru.<\/p>\n<hr class=\"\" data-start=\"5515\" data-end=\"5518\" \/>\n<h2 data-start=\"5520\" data-end=\"5530\">\u010casto kladen\u00e9 ot\u00e1zky<\/h2>\n<p class=\"\" data-start=\"5532\" data-end=\"5765\"><strong data-start=\"5532\" data-end=\"5603\">1. \u010co je to klzn\u00e1 sila a pre\u010do je d\u00f4le\u017eit\u00e1 pri testovan\u00ed injek\u010dn\u00fdch strieka\u010diek?<\/strong><br data-start=\"5603\" data-end=\"5606\" \/>K\u013azav\u00e1 sila je odpor, ktor\u00fd vznik\u00e1 pri pohybe piestu strieka\u010dky. Je rozhoduj\u00faca pre zabezpe\u010denie plynul\u00e9ho pod\u00e1vania lieku a predch\u00e1dzanie nepohodliu pou\u017e\u00edvate\u013ea.<\/p>\n<p class=\"\" data-start=\"5962\" data-end=\"6133\"><strong data-start=\"5962\" data-end=\"6018\">2. Ak\u00e9 sily sa meraj\u00fa pomocou testera SSR-01?<\/strong><br data-start=\"6018\" data-end=\"6021\" \/>SSR-01 meria <strong data-start=\"6045\" data-end=\"6065\">inicia\u010dn\u00e1 sila<\/strong>, <strong data-start=\"6067\" data-end=\"6087\">priemer<\/strong>a <strong data-start=\"6093\" data-end=\"6116\">maxim\u00e1lna klzn\u00e1 sila<\/strong> po\u010das testu.<\/p>\n<p class=\"\" data-start=\"6135\" data-end=\"6287\"><strong data-start=\"6135\" data-end=\"6190\">3. M\u00f4\u017ee SSR-01 testova\u0165 injek\u010dn\u00e9 strieka\u010dky r\u00f4znych ve\u013ekost\u00ed?<\/strong><br data-start=\"6190\" data-end=\"6193\" \/>\u00c1no, syst\u00e9m obsahuje viacero pr\u00edpravkov, ktor\u00e9 s\u00fa vhodn\u00e9 pre r\u00f4zne ve\u013ekosti a objemy injek\u010dn\u00fdch strieka\u010diek.<\/p>\n<p class=\"\" data-start=\"6289\" data-end=\"6506\"><strong data-start=\"6289\" data-end=\"6351\">4. Ako spolo\u010dnos\u0165 Cell Instruments podporuje vlastn\u00e9 potreby testovania?<\/strong><br data-start=\"6351\" data-end=\"6354\" \/>Poskytujeme <strong data-start=\"6365\" data-end=\"6442\">v\u00fdvoj vlastn\u00fdch pr\u00edpravkov, aktualiz\u00e1cie automatiz\u00e1cie a integr\u00e1cia softv\u00e9ru<\/strong> na splnenie \u0161pecifick\u00fdch po\u017eiadaviek klientov v r\u00f4znych odvetviach.<\/p>","protected":false},"excerpt":{"rendered":"<p>The Importance of Glide Force in Syringe Performance In syringe manufacturing and quality control, glide force plays a pivotal role in determining how smoothly and consistently a syringe\u2019s piston moves during drug administration. It directly impacts usability, patient comfort, and dosing accuracy. This article introduces the Syringe Piston Glide Force Tester, a specialized instrument designed &hellip;<\/p>\n<p class=\"read-more\"> <a class=\"\" href=\"https:\/\/www.qualitester.com\/sk\/produkt-2\/syringe-piston-glide-force-tester\/\"> <span class=\"screen-reader-text\">SSR-01 Tester posuvn\u00e9ho odporu strieka\u010dky<\/span> \u010c\u00edtajte viac \"<\/a><\/p>","protected":false},"featured_media":6642,"comment_status":"closed","ping_status":"closed","template":"","meta":{"site-sidebar-layout":"default","site-content-layout":"default","ast-global-header-display":"","ast-main-header-display":"","ast-hfb-above-header-display":"","ast-hfb-below-header-display":"","ast-hfb-mobile-header-display":"","site-post-title":"","ast-breadcrumbs-content":"","ast-featured-img":"","footer-sml-layout":"","theme-transparent-header-meta":"default","adv-header-id-meta":"","stick-header-meta":"","header-above-stick-meta":"","header-main-stick-meta":"","header-below-stick-meta":""},"product_cat":[1053,934,149],"product_tag":[],"class_list":{"0":"post-6640","1":"product","2":"type-product","3":"status-publish","4":"has-post-thumbnail","6":"product_cat-iso-7886-1","7":"product_cat-medical-packaging-tester","8":"product_cat-pharma-and-medical-testers","9":"desktop-align-left","10":"tablet-align-left","11":"mobile-align-left","13":"first","14":"instock","15":"shipping-taxable","16":"product-type-simple"},"_links":{"self":[{"href":"https:\/\/www.qualitester.com\/sk\/wp-json\/wp\/v2\/product\/6640","targetHints":{"allow":["GET"]}}],"collection":[{"href":"https:\/\/www.qualitester.com\/sk\/wp-json\/wp\/v2\/product"}],"about":[{"href":"https:\/\/www.qualitester.com\/sk\/wp-json\/wp\/v2\/types\/product"}],"replies":[{"embeddable":true,"href":"https:\/\/www.qualitester.com\/sk\/wp-json\/wp\/v2\/comments?post=6640"}],"version-history":[{"count":0,"href":"https:\/\/www.qualitester.com\/sk\/wp-json\/wp\/v2\/product\/6640\/revisions"}],"wp:featuredmedia":[{"embeddable":true,"href":"https:\/\/www.qualitester.com\/sk\/wp-json\/wp\/v2\/media\/6642"}],"wp:attachment":[{"href":"https:\/\/www.qualitester.com\/sk\/wp-json\/wp\/v2\/media?parent=6640"}],"wp:term":[{"taxonomy":"product_cat","embeddable":true,"href":"https:\/\/www.qualitester.com\/sk\/wp-json\/wp\/v2\/product_cat?post=6640"},{"taxonomy":"product_tag","embeddable":true,"href":"https:\/\/www.qualitester.com\/sk\/wp-json\/wp\/v2\/product_tag?post=6640"}],"curies":[{"name":"wp","href":"https:\/\/api.w.org\/{rel}","templated":true}]}}