{"id":6452,"date":"2025-02-08T15:47:12","date_gmt":"2025-02-08T07:47:12","guid":{"rendered":"https:\/\/www.qualitester.com\/?post_type=product&#038;p=6452"},"modified":"2025-05-12T11:05:55","modified_gmt":"2025-05-12T03:05:55","slug":"syringe-needle-break-resistance-testing","status":"publish","type":"product","link":"https:\/\/www.qualitester.com\/sk\/produkt-2\/syringe-needle-break-resistance-testing\/","title":{"rendered":"NTT-01 Zariadenie na testovanie odolnosti proti pretrhnutiu injek\u010dnej strieka\u010dky"},"content":{"rendered":"<h2><strong>\u00davod do testovania odolnosti proti pretrhnutiu injek\u010dnej strieka\u010dky<\/strong><\/h2>\n<p>Testovanie odolnosti injek\u010dn\u00fdch ihiel proti pretrhnutiu zohr\u00e1va k\u013e\u00fa\u010dov\u00fa \u00falohu pri zabezpe\u010dovan\u00ed bezpe\u010dnosti a \u00fa\u010dinnosti injek\u010dn\u00fdch ihiel. Ihly musia odol\u00e1va\u0165 mechanick\u00e9mu nam\u00e1haniu, ktor\u00e9 sa vyskytuje po\u010das lek\u00e1rskych z\u00e1krokov vr\u00e1tane zav\u00e1dzania a vyberania. Ihla, ktor\u00e1 sa po\u010das pou\u017e\u00edvania zlom\u00ed, m\u00f4\u017ee vies\u0165 k v\u00e1\u017enym zdravotn\u00fdm rizik\u00e1m, ako je poranenie alebo kontamin\u00e1cia, a preto je testovanie odolnosti proti zlomeniu ihly d\u00f4le\u017eitou s\u00fa\u010das\u0165ou procesu kontroly kvality.<\/p>\n<p>Jedn\u00fdm z najroz\u0161\u00edrenej\u0161\u00edch \u0161tandardov pre testovanie injek\u010dn\u00fdch ihiel je <a href=\"https:\/\/www.qualitester.com\/sk\/standards\/iso-9626\/\" target=\"_blank\" rel=\"noopener\"><strong>ISO 9626<\/strong><\/a>. T\u00e1to medzin\u00e1rodn\u00e1 norma stanovuje po\u017eiadavky na materi\u00e1ly, rozmery a mechanick\u00e9 vlastnosti injek\u010dn\u00fdch ihiel vr\u00e1tane \u0161pecifick\u00fdch sk\u00fa\u0161obn\u00fdch met\u00f3d na hodnotenie ich odolnosti vo\u010di zlomeniu. Dodr\u017eiavan\u00edm normy ISO 9626 v\u00fdrobcovia zabezpe\u010duj\u00fa, \u017ee ich ihly sp\u013a\u0148aj\u00fa bezpe\u010dnostn\u00e9 normy a s\u00fa vhodn\u00e9 na lek\u00e1rske pou\u017eitie.<\/p>\n<h2><strong>Pochopenie normy ISO 9626 a testovania injek\u010dnou strieka\u010dkou<\/strong><\/h2>\n<h3><strong>Preh\u013ead normy ISO 9626<\/strong><\/h3>\n<p><strong>ISO 9626:2016<\/strong> je medzin\u00e1rodn\u00e1 norma, ktor\u00e1 stanovuje \u0161pecifik\u00e1cie rozmerov, materi\u00e1lov a parametrov injek\u010dn\u00fdch ihiel. Norma zabezpe\u010duje, aby sa ihly vyr\u00e1bali s presn\u00fdmi toleranciami a pou\u017e\u00edvali materi\u00e1ly, ktor\u00e9 vydr\u017eia sily vyskytuj\u00face sa pri typick\u00fdch lek\u00e1rskych z\u00e1krokoch.<\/p>\n<p>Najm\u00e4, <strong>ISO 9626<\/strong> \u0161pecifikuje sk\u00fa\u0161obn\u00e9 met\u00f3dy odolnosti ihiel proti zlomeniu, ktor\u00e9 s\u00fa rozhoduj\u00face pre zabezpe\u010denie \u017eivotnosti ihiel v be\u017en\u00fdch prev\u00e1dzkov\u00fdch podmienkach. Tieto testy pom\u00e1haj\u00fa identifikova\u0165 ak\u00e9ko\u013evek \u0161truktur\u00e1lne nedostatky, ktor\u00e9 by mohli vies\u0165 k zlyhaniu ihly, \u010d\u00edm sa predch\u00e1dza mo\u017en\u00fdm zraneniam alebo komplik\u00e1ci\u00e1m po\u010das pou\u017e\u00edvania.<\/p>\n<h3><strong>ISO 9626: Pr\u00edloha C (Sk\u00fa\u0161obn\u00e1 met\u00f3da odolnosti proti rozbitiu)<\/strong><\/h3>\n<p>Str\u00e1nka <strong>sk\u00fa\u0161obn\u00e1 met\u00f3da odolnosti proti rozbitiu<\/strong> op\u00edsan\u00e9 v <strong>Pr\u00edloha C<\/strong> normy ISO 9626 sa zameriava na simul\u00e1ciu mechanick\u00e9ho nam\u00e1hania, ktor\u00e9mu s\u00fa vystaven\u00e9 injek\u010dn\u00e9 ihly po\u010das lek\u00e1rskych z\u00e1krokov. T\u00e1to sk\u00fa\u0161ka zah\u0155\u0148a oh\u00fdbanie hadi\u010diek ihiel pod ur\u010dit\u00fdmi uhlami s cie\u013eom ur\u010di\u0165 ich odolnos\u0165 vo\u010di poru\u0161eniu pri opakovan\u00fdch cykloch nam\u00e1hania.<\/p>\n<h4><strong>Princ\u00edp testu<\/strong><\/h4>\n<p>Test sa za\u010d\u00edna upevnen\u00edm jedn\u00e9ho konca ihlovej trubice a p\u00f4soben\u00edm ohybovej sily na opa\u010dn\u00fd koniec v ur\u010ditej vzdialenosti. Sila sp\u00f4sob\u00ed, \u017ee sa ihlovit\u00e1 hadi\u010dka ohne pod uhlom bu\u010f v jednom, alebo v oboch smeroch, pri\u010dom hadi\u010dka je vystaven\u00e1 viacer\u00fdm cyklom oh\u00fdbania. Test pom\u00e1ha ur\u010di\u0165, \u010di ihla vydr\u017e\u00ed mechanick\u00e9 nam\u00e1hanie bez toho, aby sa zlomila.<\/p>\n<h4><strong>Parametre testu<\/strong><\/h4>\n<p>K\u013e\u00fa\u010dov\u00e9 parametre testu zah\u0155\u0148aj\u00fa:<\/p>\n<ul>\n<li><strong>Uhol ohybu<\/strong>: Ihly s\u00fa ohnut\u00e9 pod uhlom 25\u00b0 pre be\u017en\u00e9 r\u00farky, 20\u00b0 pre tenkostenn\u00e9 r\u00farky a 15\u00b0 pre ve\u013emi tenkostenn\u00e9 alebo ultratenkostenn\u00e9 r\u00farky.<\/li>\n<li><strong>Testovacia frekvencia<\/strong>: Proces oh\u00fdbania sa opakuje s frekvenciou 0,5 Hz, \u010d\u00edm sa simuluje nam\u00e1hanie po\u010das pou\u017e\u00edvania.<\/li>\n<\/ul>\n<p>Test sa vykon\u00e1 po\u010das 20 \u00fapln\u00fdch cyklov a zaznamenaj\u00fa sa v\u0161etky vidite\u013en\u00e9 zn\u00e1mky po\u0161kodenia. To pom\u00e1ha identifikova\u0165 slab\u00e9 miesta ihly, ktor\u00e9 by mohli vies\u0165 k zlyhaniu v re\u00e1lnych lek\u00e1rskych aplik\u00e1ci\u00e1ch.<\/p>\n<h2><strong>NTT-01 Tester h\u00fa\u017eevnatosti ihiel: Vlastnosti a v\u00fdhody<\/strong><\/h2>\n<p>Str\u00e1nka <strong>NTT-01 Tester h\u00fa\u017eevnatosti ihiel<\/strong> je navrhnut\u00fd na vykon\u00e1vanie testov odolnosti proti pretrhnutiu injek\u010dnej ihly v pr\u00edsnom s\u00falade s <strong>ISO 9626<\/strong>. Tento pr\u00edstroj je ve\u013emi d\u00f4le\u017eit\u00fd na hodnotenie mechanickej odolnosti injek\u010dn\u00fdch ihiel a na zabezpe\u010denie toho, aby vydr\u017eali ohybov\u00e9 sily, ktor\u00e9 sa vyskytuj\u00fa po\u010das pou\u017e\u00edvania.<\/p>\n<h3><strong>Pracovn\u00fd mechanizmus<\/strong><\/h3>\n<p>Tester h\u00fa\u017eevnatosti ihly NTT-01 funguje tak, \u017ee jeden koniec ihlovej hadi\u010dky sa upevn\u00ed na mieste a z\u00e1rove\u0148 sa p\u00f4soben\u00edm sily v ur\u010ditej vzdialenosti hadi\u010dka ohne. T\u00e1to sila p\u00f4sob\u00ed v oboch smeroch, \u010d\u00edm sa simuluj\u00fa podmienky, s ktor\u00fdmi sa ihla stret\u00e1va po\u010das zav\u00e1dzania a vyberania. Test sa vykon\u00e1va v cykloch s cie\u013eom zmera\u0165 schopnos\u0165 ihly vydr\u017ea\u0165 opakovan\u00e9 nam\u00e1hanie bez toho, aby sa zlomila.<\/p>\n<h3><strong>Testovacie re\u017eimy<\/strong><\/h3>\n<p>NTT-01 poskytuje flexibilitu pri testovan\u00ed t\u00fdm, \u017ee pon\u00faka <strong>jednosmern\u00fd<\/strong> a <strong>obojsmern\u00e9 oh\u00fdbanie<\/strong> sp\u00f4soby. To umo\u017e\u0148uje komplexn\u00e9 hodnotenie \u017eivotnosti ihly v r\u00f4znych podmienkach, \u010do je nevyhnutn\u00e9 na splnenie po\u017eiadaviek normy ISO 9626.<\/p>\n<h3><strong>K\u013e\u00fa\u010dov\u00e9 vlastnosti<\/strong><\/h3>\n<ul>\n<li><strong>Syst\u00e9m riaden\u00fd PLC<\/strong>: NTT-01 je vybaven\u00fd programovate\u013en\u00fdm logick\u00fdm regul\u00e1torom (PLC) a 7-palcov\u00fdm dotykov\u00fdm displejom HMI, ktor\u00fd u\u013eah\u010duje ovl\u00e1danie a kontrolu testovac\u00edch parametrov.<\/li>\n<li><strong>Variabiln\u00e1 testovacia r\u00fdchlos\u0165<\/strong>: Pr\u00edstroj umo\u017e\u0148uje presn\u00e9 riadenie r\u00fdchlosti testu, ktor\u00fa mo\u017eno nastavi\u0165 pod\u013ea \u0161pecifick\u00fdch potrieb testu.<\/li>\n<li><strong>Automatick\u00fd n\u00e1vrat<\/strong>: V pr\u00edpade v\u00fdpadku nap\u00e1jania sa syst\u00e9m automaticky vr\u00e1ti do predch\u00e1dzaj\u00facej polohy, \u010d\u00edm sa zabezpe\u010d\u00ed kontinuita testovania.<\/li>\n<li><strong>S\u00falad s normou ISO 9626<\/strong>: NTT-01 je v s\u00falade s pr\u00edlohou C normy ISO 9626, tak\u017ee je spo\u013eahliv\u00fdm n\u00e1strojom na vykon\u00e1vanie testov odolnosti proti pretrhnutiu injek\u010dnej ihly.<\/li>\n<\/ul>\n<h2><strong>V\u00fdhody testovania odolnosti proti pretrhnutiu injek\u010dnej strieka\u010dky<\/strong><\/h2>\n<h3><strong>Zv\u00fd\u0161en\u00e1 bezpe\u010dnos\u0165 v\u00fdrobkov<\/strong><\/h3>\n<p>V\u010faka testovaniu odolnosti ihiel vo\u010di zlomeniu m\u00f4\u017eu v\u00fdrobcovia zabezpe\u010di\u0165, aby ich ihly boli dostato\u010dne odoln\u00e9 a vydr\u017eali z\u00e1\u0165a\u017e pri lek\u00e1rskych z\u00e1krokoch. T\u00fdm sa zni\u017euje riziko zlomenia ihly, ktor\u00e9 by mohlo ma\u0165 za n\u00e1sledok poranenie pacientov alebo zdravotn\u00edckych pracovn\u00edkov.<\/p>\n<h3><strong>Zabezpe\u010denie kvality<\/strong><\/h3>\n<p>Testovanie odolnosti proti pretrhnutiu ihly injek\u010dnej strieka\u010dky pom\u00e1ha v\u00fdrobcom sp\u013a\u0148a\u0165 regula\u010dn\u00e9 po\u017eiadavky a normy kvality, ako s\u00fa napr. <strong>ISO 9626<\/strong>. Dodr\u017eiavan\u00edm t\u00fdchto noriem m\u00f4\u017eu v\u00fdrobcovia zabezpe\u010di\u0165, \u017ee ich v\u00fdrobky s\u00fa konzistentn\u00e9, spo\u013eahliv\u00e9 a bezpe\u010dn\u00e9 na pou\u017eitie v zdravotn\u00edckych zariadeniach.<\/p>\n<h3><strong>\u00daspora n\u00e1kladov<\/strong><\/h3>\n<p>Testovanie odolnosti proti zlomeniu m\u00f4\u017ee v\u00fdrobcom pom\u00f4c\u0165 vyhn\u00fa\u0165 sa n\u00e1kladn\u00e9mu stiahnutiu z trhu alebo pr\u00e1vnym probl\u00e9mom t\u00fdm, \u017ee identifikuje potenci\u00e1lne chyby sk\u00f4r, ako sa ihly dostan\u00fa na trh. Tento proakt\u00edvny pr\u00edstup z dlhodob\u00e9ho h\u013eadiska \u0161etr\u00ed peniaze t\u00fdm, \u017ee zabezpe\u010duje uvedenie vysokokvalitn\u00fdch a odoln\u00fdch v\u00fdrobkov na trh.<\/p>\n<h2><strong>K\u013e\u00fa\u010dov\u00e9 normy pre testovanie odolnosti proti pretrhnutiu injek\u010dnej strieka\u010dky<\/strong><\/h2>\n<p>Okrem <a href=\"https:\/\/www.iso.org\/standard\/60480.html\" target=\"_blank\" rel=\"noopener nofollow\"><strong>ISO 9626<\/strong><\/a>, existuj\u00fa \u010fal\u0161ie pr\u00edslu\u0161n\u00e9 normy, ktor\u00e9 upravuj\u00fa testovanie injek\u010dn\u00fdch ihiel, vr\u00e1tane:<\/p>\n<ul>\n<li><strong>GB\/T 18457<\/strong>: \u010c\u00ednska norma na testovanie odolnosti ihiel proti zlomeniu, ktor\u00e1 je v \u00fazkom s\u00falade s <strong>ISO 9626<\/strong>.<\/li>\n<li><strong>ASTM F2922<\/strong>: Norma na sk\u00fa\u0161anie mechanick\u00fdch vlastnost\u00ed ihiel vr\u00e1tane odolnosti proti zlomeniu.<\/li>\n<\/ul>\n<p>Tieto normy pom\u00e1haj\u00fa stanovi\u0165 referen\u010dn\u00e9 hodnoty pre v\u00fdkonnos\u0165 injek\u010dn\u00fdch ihiel a zabezpe\u010duj\u00fa, aby sp\u013a\u0148ali po\u017eadovan\u00e9 \u0161pecifik\u00e1cie pre bezpe\u010dnos\u0165 a spo\u013eahlivos\u0165.<\/p>\n<h2><strong>Z\u00e1ver<\/strong><\/h2>\n<p>Testovanie odolnosti injek\u010dn\u00fdch ihiel proti zlomeniu je d\u00f4le\u017eit\u00fd proces na zabezpe\u010denie trvanlivosti a bezpe\u010dnosti injek\u010dn\u00fdch ihiel. Dodr\u017eiavan\u00edm <strong>ISO 9626<\/strong> a pomocou n\u00e1strojov, ako je <strong>NTT-01 Tester h\u00fa\u017eevnatosti ihiel<\/strong>, m\u00f4\u017eu v\u00fdrobcovia zabezpe\u010di\u0165, aby ich ihly sp\u013a\u0148ali najvy\u0161\u0161ie bezpe\u010dnostn\u00e9 normy a spo\u013eahlivo fungovali po\u010das lek\u00e1rskych z\u00e1krokov. Toto testovanie nielen chr\u00e1ni pacientov, ale z\u00e1rove\u0148 zabezpe\u010duje, \u017ee v\u00fdrobcovia zostan\u00fa v s\u00falade s priemyseln\u00fdmi predpismi.<\/p>\n<p>\u010eal\u0161ie inform\u00e1cie o <strong>NTT-01 Tester h\u00fa\u017eevnatosti ihiel<\/strong> a ako m\u00f4\u017ee pom\u00f4c\u0165 zlep\u0161i\u0165 kvalitu va\u0161ich injek\u010dn\u00fdch ihiel, kontaktujte n\u00e1s e\u0161te dnes.<\/p>\n<h2><strong>Sekcia \u010dasto kladen\u00fdch ot\u00e1zok<\/strong><\/h2>\n<ol>\n<li><strong>\u010co je to testovanie odolnosti vo\u010di pretrhnutiu injek\u010dnej ihly?<\/strong>\n<ul>\n<li>Testovanie odolnosti ihly vo\u010di zlomeniu hodnot\u00ed schopnos\u0165 ihly odol\u00e1va\u0165 mechanick\u00e9mu nam\u00e1haniu po\u010das zav\u00e1dzania a vyberania, aby sa zabr\u00e1nilo jej zlomeniu.<\/li>\n<\/ul>\n<\/li>\n<li><strong>Ako s\u00favis\u00ed norma ISO 9626 s testovan\u00edm injek\u010dn\u00fdch ihiel?<\/strong>\n<ul>\n<li>Norma ISO 9626 stanovuje normu pre rozmery, materi\u00e1ly a mechanick\u00e9 vlastnosti injek\u010dn\u00fdch ihiel vr\u00e1tane met\u00f3d sk\u00fa\u0161ania odolnosti proti zlomeniu.<\/li>\n<\/ul>\n<\/li>\n<li><strong>\u010co je tester h\u00fa\u017eevnatosti ihiel NTT-01?<\/strong>\n<ul>\n<li>Tester h\u00fa\u017eevnatosti ihiel NTT-01 je zariadenie, ktor\u00e9 sa pou\u017e\u00edva na vykonanie sk\u00fa\u0161ky ohybu pod\u013ea normy ISO 9626, \u010d\u00edm sa zabezpe\u010duje odolnos\u0165 podko\u017en\u00fdch ihiel proti zlomeniu.<\/li>\n<\/ul>\n<\/li>\n<li><strong>Ako vykon\u00e1te test odolnosti proti pretrhnutiu ihly injek\u010dnej strieka\u010dky?<\/strong>\n<ul>\n<li>Sk\u00fa\u0161ka zah\u0155\u0148a oh\u00fdbanie ihlovej r\u00farky pod ur\u010dit\u00fdm uhlom a s ur\u010ditou frekvenciou v jednom alebo dvoch smeroch s cie\u013eom vyhodnoti\u0165 jej odolnos\u0165 pri nam\u00e1han\u00ed.<\/li>\n<\/ul>\n<\/li>\n<li><strong>Ak\u00e9 s\u00fa v\u00fdhody testovania odolnosti vo\u010di pretrhnutiu injek\u010dnej ihly?<\/strong>\n<ul>\n<li>Test zabezpe\u010duje bezpe\u010dnos\u0165 ihiel, zabra\u0148uje zraneniam a pom\u00e1ha v\u00fdrobcom dodr\u017eiava\u0165 priemyseln\u00e9 normy a regula\u010dn\u00e9 po\u017eiadavky.<\/li>\n<\/ul>\n<\/li>\n<\/ol>","protected":false},"excerpt":{"rendered":"<p>Introduction to Syringe Needle Break Resistance Testing Syringe needle break resistance testing plays a crucial role in ensuring the safety and effectiveness of hypodermic needles. Needles must withstand the mechanical stresses encountered during medical procedures, including insertion and withdrawal. A needle that breaks during use can lead to serious health risks such as injury or &hellip;<\/p>\n<p class=\"read-more\"> <a class=\"\" href=\"https:\/\/www.qualitester.com\/sk\/produkt-2\/syringe-needle-break-resistance-testing\/\"> <span class=\"screen-reader-text\">NTT-01 Zariadenie na testovanie odolnosti proti pretrhnutiu injek\u010dnej strieka\u010dky<\/span> \u010c\u00edtajte viac \"<\/a><\/p>","protected":false},"featured_media":6453,"comment_status":"closed","ping_status":"closed","template":"","meta":{"site-sidebar-layout":"default","site-content-layout":"default","ast-global-header-display":"","ast-main-header-display":"","ast-hfb-above-header-display":"","ast-hfb-below-header-display":"","ast-hfb-mobile-header-display":"","site-post-title":"","ast-breadcrumbs-content":"","ast-featured-img":"","footer-sml-layout":"","theme-transparent-header-meta":"default","adv-header-id-meta":"","stick-header-meta":"","header-above-stick-meta":"","header-main-stick-meta":"","header-below-stick-meta":""},"product_cat":[1181,1180,1179,149],"product_tag":[],"class_list":{"0":"post-6452","1":"product","2":"type-product","3":"status-publish","4":"has-post-thumbnail","6":"product_cat-gb-t-18457","7":"product_cat-iso-9626","8":"product_cat-needle-toughness-tester","9":"product_cat-pharma-and-medical-testers","10":"desktop-align-left","11":"tablet-align-left","12":"mobile-align-left","14":"first","15":"instock","16":"shipping-taxable","17":"product-type-simple"},"_links":{"self":[{"href":"https:\/\/www.qualitester.com\/sk\/wp-json\/wp\/v2\/product\/6452","targetHints":{"allow":["GET"]}}],"collection":[{"href":"https:\/\/www.qualitester.com\/sk\/wp-json\/wp\/v2\/product"}],"about":[{"href":"https:\/\/www.qualitester.com\/sk\/wp-json\/wp\/v2\/types\/product"}],"replies":[{"embeddable":true,"href":"https:\/\/www.qualitester.com\/sk\/wp-json\/wp\/v2\/comments?post=6452"}],"version-history":[{"count":0,"href":"https:\/\/www.qualitester.com\/sk\/wp-json\/wp\/v2\/product\/6452\/revisions"}],"wp:featuredmedia":[{"embeddable":true,"href":"https:\/\/www.qualitester.com\/sk\/wp-json\/wp\/v2\/media\/6453"}],"wp:attachment":[{"href":"https:\/\/www.qualitester.com\/sk\/wp-json\/wp\/v2\/media?parent=6452"}],"wp:term":[{"taxonomy":"product_cat","embeddable":true,"href":"https:\/\/www.qualitester.com\/sk\/wp-json\/wp\/v2\/product_cat?post=6452"},{"taxonomy":"product_tag","embeddable":true,"href":"https:\/\/www.qualitester.com\/sk\/wp-json\/wp\/v2\/product_tag?post=6452"}],"curies":[{"name":"wp","href":"https:\/\/api.w.org\/{rel}","templated":true}]}}