{"id":5398,"date":"2024-11-18T10:59:49","date_gmt":"2024-11-18T02:59:49","guid":{"rendered":"https:\/\/www.qualitester.com\/?post_type=product&#038;p=5398"},"modified":"2024-12-05T15:28:34","modified_gmt":"2024-12-05T07:28:34","slug":"sale-high-speed-unwinding-tester","status":"publish","type":"product","link":"https:\/\/www.qualitester.com\/sk\/produkt-2\/sale-high-speed-unwinding-tester\/","title":{"rendered":"HSU-01 Vysokor\u00fdchlostn\u00fd odv\u00edjac\u00ed tester"},"content":{"rendered":"<p>Str\u00e1nka <strong>HSU-01 Vysokor\u00fdchlostn\u00fd odv\u00edjac\u00ed tester<\/strong> je modern\u00fd pr\u00edstroj ur\u010den\u00fd na meranie sily potrebnej na odv\u00edjanie lepiacich p\u00e1sok z roliek pri kontrolovanej vysokej r\u00fdchlosti. Tento inovat\u00edvny pr\u00edstroj m\u00e1 z\u00e1sadn\u00fd v\u00fdznam pre zabezpe\u010denie kvality, preto\u017ee zabezpe\u010duje, aby lepiace p\u00e1sky sp\u013a\u0148ali priemyseln\u00e9 normy a spo\u013eahlivo fungovali po\u010das aplik\u00e1cie. Pr\u00edstroj HSU-01 je ide\u00e1lnym rie\u0161en\u00edm na testovanie sily odv\u00edjania od obalov a\u017e po automobilov\u00fd, zdravotn\u00edcky a elektronick\u00fd priemysel.<\/p>\n<h2>Aplik\u00e1cie<\/h2>\n<p>Testovanie sily odv\u00edjania hodnot\u00ed spr\u00e1vanie lepiacich p\u00e1sok v re\u00e1lnych podmienkach. T\u00fdm sa zabezpe\u010duje konzistentn\u00e1 kvalita a s\u00falad s priemyseln\u00fdmi normami v r\u00f4znych aplik\u00e1ci\u00e1ch, ako s\u00fa napr:<\/p>\n<ul>\n<li><strong>Balenie<\/strong>: Zabezpe\u010denie v\u00fdkonu p\u00e1sky po\u010das pe\u010datenia a skladovania.<\/li>\n<li><strong>Zdravotn\u00edcke pom\u00f4cky<\/strong>: Zaru\u010denie spo\u013eahlivosti lepidla v kritick\u00fdch aplik\u00e1ci\u00e1ch v zdravotn\u00edctve.<\/li>\n<li><strong>Automobilov\u00fd priemysel<\/strong>: Pos\u00fadenie trvanlivosti p\u00e1sky na mont\u00e1\u017e a opravu.<\/li>\n<li><strong>Elektronika<\/strong>: Overovanie p\u00e1sok na ochranu izol\u00e1cie a komponentov.<\/li>\n<\/ul>\n<h2>Normy a sk\u00fa\u0161obn\u00e9 met\u00f3dy<\/h2>\n<p>Str\u00e1nka <strong>HSU-01 Vysokor\u00fdchlostn\u00fd odv\u00edjac\u00ed tester<\/strong>\u00a0sp\u013a\u0148a popredn\u00e9 priemyseln\u00e9 normy:<\/p>\n<h3>PSTC-13:<\/h3>\n<p>Zlat\u00fd \u0161tandard na testovanie lepiacich p\u00e1sok, ktor\u00fd zabezpe\u010duje presn\u00e9 meranie sily odv\u00edjania pri vysok\u00fdch r\u00fdchlostiach, aby sa zachovala konzistentnos\u0165 v\u00fdrobku.<\/p>\n<h3>ASTM D1000:<\/h3>\n<p>Definuje sk\u00fa\u0161obn\u00e9 met\u00f3dy pre p\u00e1sky citliv\u00e9 na tlak pou\u017e\u00edvan\u00e9 v elektrick\u00fdch a elektronick\u00fdch aplik\u00e1ci\u00e1ch.<\/p>\n<h3>EN 12026:<\/h3>\n<p>Pokr\u00fdva trvanlivos\u0165 lepiacich p\u00e1sok na eur\u00f3pskych trhoch.<\/p>\n<h3>AFERA 4008:<\/h3>\n<p>Norma na hodnotenie vlastnost\u00ed lepiacej p\u00e1sky pod\u013ea eur\u00f3pskych smern\u00edc.<\/p>\n<p><strong>Testovacie met\u00f3dy:<\/strong><\/p>\n<ul>\n<li>Jeden koniec p\u00e1sky pripevnite k rotuj\u00facemu vretenu alebo t\u0155\u0148u, aby ste simulovali skuto\u010dn\u00e9 odv\u00edjanie.<\/li>\n<li>Druh\u00fd koniec je ukotven\u00fd a tester odv\u00edja p\u00e1sku nastavenou r\u00fdchlos\u0165ou (meranou v IPM alebo mm\/s).<\/li>\n<li>Zmerajte a zaznamenajte silu potrebn\u00fa na udr\u017eanie pohybu vr\u00e1tane maxim\u00e1lnej a priemernej sily.<\/li>\n<\/ul>\n<hr \/>\n<h2>K\u013e\u00fa\u010dov\u00e9 vlastnosti vysokor\u00fdchlostn\u00e9ho odv\u00edjacieho testera HSU-01<\/h2>\n<h3>Pokro\u010dil\u00fd dizajn a funk\u010dnos\u0165<\/h3>\n<p>HSU-01 je pr\u00edstroj ur\u010den\u00fd na presn\u00e9 testovanie. Poskytuje \u00fadaje v re\u00e1lnom \u010dase a podrobn\u00e9 inform\u00e1cie o spr\u00e1van\u00ed lepiacich p\u00e1sok pri vysok\u00fdch r\u00fdchlostiach.<\/p>\n<h3>Technick\u00e9 \u0161pecifik\u00e1cie:<\/h3>\n<table style=\"height: 274px;\" width=\"573\">\n<tbody>\n<tr>\n<td width=\"133\">Ve\u013ekos\u0165 vzorky<\/td>\n<td width=\"660\">Priemer cievky 75 mm, \u0161\u00edrka 75 mm. Max. vonkaj\u0161\u00ed priemer 300 mm (mo\u017enos\u0165 prisp\u00f4sobenia)<\/td>\n<\/tr>\n<tr>\n<td width=\"133\">Loadcell<\/td>\n<td width=\"660\">10 kg, 20 kg a 50 kg s\u00fa volite\u013en\u00e9<\/td>\n<\/tr>\n<tr>\n<td width=\"133\">Rozl\u00ed\u0161enie sily<\/td>\n<td width=\"660\">0.01N<\/td>\n<\/tr>\n<tr>\n<td width=\"133\">Motor<\/td>\n<td width=\"660\">Typ servopohonu<\/td>\n<\/tr>\n<tr>\n<td width=\"133\">Kontrola<\/td>\n<td width=\"660\">Dotykov\u00fd displej PLC a HMI<\/td>\n<\/tr>\n<tr>\n<td width=\"133\">Nap\u00e1janie<\/td>\n<td width=\"660\">AC 110~220V 50Hz<\/td>\n<\/tr>\n<\/tbody>\n<\/table>\n<h3>\u00da\u010dinnos\u0165 a spo\u013eahlivos\u0165<\/h3>\n<ul>\n<li>Stabiln\u00e9 testovanie pri vopred definovan\u00fdch vysok\u00fdch r\u00fdchlostiach.<\/li>\n<li>Presn\u00e9 merania zabezpe\u010duj\u00fa kvalitu v\u00fdrobkov a s\u00falad s normami, ako napr\u00edklad <strong>PSTC-13<\/strong>.<\/li>\n<li>Robustn\u00fd servomotor a pokro\u010dil\u00e9 riadiace syst\u00e9my poskytuj\u00fa konzistentn\u00e9 v\u00fdsledky.<\/li>\n<\/ul>\n<h2>V\u00fdhody HSU-01<\/h2>\n<h3>Zv\u00fd\u0161en\u00e9 zabezpe\u010denie kvality<\/h3>\n<p>Presn\u00fdm meran\u00edm sily odv\u00edjania HSU-01 pom\u00e1ha v\u00fdrobcom udr\u017eiava\u0165 vysokokvalitn\u00e9 \u0161tandardy, \u010d\u00edm zabezpe\u010duje, \u017ee ich v\u00fdrobky sp\u013a\u0148aj\u00fa o\u010dak\u00e1vania z\u00e1kazn\u00edkov a po\u017eiadavky odvetvia.<\/p>\n<h3>Prisp\u00f4sobenie a flexibilita<\/h3>\n<p>Tester je mo\u017en\u00e9 prisp\u00f4sobi\u0165 r\u00f4znym ve\u013ekostiam p\u00e1sky, kapacit\u00e1m sn\u00edma\u010dov za\u0165a\u017eenia a potreb\u00e1m aplik\u00e1cie.<\/p>\n<h3>Pou\u017e\u00edvate\u013esky pr\u00edvetiv\u00e9 ovl\u00e1danie<\/h3>\n<p>V\u010faka riadeniu PLC a dotykovej obrazovke HMI zabezpe\u010duje HSU-01 jednoduch\u00e9 nastavenie, prev\u00e1dzku a anal\u00fdzu \u00fadajov.<\/p>\n<h2>\u010casto kladen\u00e9 ot\u00e1zky<\/h2>\n<p><strong>1. Ak\u00e1 je hlavn\u00e1 funkcia vysokor\u00fdchlostn\u00e9ho odv\u00edjacieho testera HSU-01?<\/strong><br \/>\nHSU-01 meria silu potrebn\u00fa na odv\u00edjanie lepiacich p\u00e1sok pri vysok\u00fdch r\u00fdchlostiach, \u010d\u00edm zabezpe\u010duje konzistentnos\u0165 kvality a v\u00fdkonu.<\/p>\n<p><strong>2. Pre\u010do je testovanie sily odv\u00edjania nevyhnutn\u00e9?<\/strong><br \/>\nTestovanie sily odv\u00edjania zaru\u010duje spo\u013eahlivos\u0165 lepiacej p\u00e1sky po\u010das aplik\u00e1cie a pom\u00e1ha v\u00fdrobcom plni\u0165 priemyseln\u00e9 normy, ako je PSTC-13.<\/p>\n<p><strong>3. V ktor\u00fdch priemyseln\u00fdch odvetviach sa pou\u017e\u00edva testovanie sily odv\u00edjania?<\/strong><br \/>\nOdvetvia vr\u00e1tane obalov\u00e9ho, automobilov\u00e9ho, zdravotn\u00edckeho a elektronick\u00e9ho priemyslu sa spoliehaj\u00fa na toto testovanie, aby zabezpe\u010dili v\u00fdkonnos\u0165 v\u00fdrobkov.<\/p>\n<p><strong>4. \u010c\u00edm sa HSU-01 odli\u0161uje od ostatn\u00fdch testerov?<\/strong><br \/>\nHSU-01 pon\u00faka bezkonkuren\u010dn\u00fa presnos\u0165, prisp\u00f4sobite\u013en\u00e9 mo\u017enosti a intuit\u00edvne ovl\u00e1danie podporovan\u00e9 technol\u00f3giou PLC a HMI.<\/p>\n<p><strong>5. D\u00e1 sa HSU-01 prisp\u00f4sobi\u0165?<\/strong><br \/>\n\u00c1no, HSU-01 je mo\u017en\u00e9 prisp\u00f4sobi\u0165 tak, aby sp\u013a\u0148al \u0161pecifick\u00e9 po\u017eiadavky na testovanie vr\u00e1tane ve\u013ekosti cievky, kapacity sn\u00edma\u010da za\u0165a\u017eenia a r\u00fdchlosti testovania.<\/p>\n<p>Str\u00e1nka <strong>HSU-01 Vysokor\u00fdchlostn\u00fd odv\u00edjac\u00ed tester<\/strong>\u00a0je \u0161pi\u010dkov\u00e9 rie\u0161enie na testovanie sily odv\u00edjania. Je v s\u00falade s normami, ako napr. <strong>PSTC-13<\/strong>, zabezpe\u010duje v\u00fdkonnos\u0165 a kvalitu lepiacej p\u00e1sky v r\u00f4znych priemyseln\u00fdch odvetviach. V\u010faka pokro\u010dil\u00fdm funkci\u00e1m, pou\u017e\u00edvate\u013esky pr\u00edvetiv\u00e9mu ovl\u00e1daniu a mo\u017enostiam prisp\u00f4sobenia je HSU-01 dokonal\u00fdm n\u00e1strojom pre v\u00fdrobcov, ktor\u00ed sa usiluj\u00fa o dokonal\u00fa kontrolu kvality.<\/p>\n<div id=\"gtx-anchor\" style=\"position: absolute; visibility: hidden; left: 475.688px; top: 26px; width: 84px; height: 19px;\"><\/div>\n<div class=\"jfk-bubble gtx-bubble\" style=\"visibility: visible; left: -150px; top: 55px; opacity: 1;\" role=\"alertdialog\" aria-describedby=\"bubble-12\">\n<div id=\"bubble-12\" class=\"jfk-bubble-content-id\">\n<div id=\"gtx-host\" style=\"min-width: 200px; max-width: 400px;\"><\/div>\n<\/div>\n<div class=\"jfk-bubble-closebtn-id jfk-bubble-closebtn\" tabindex=\"0\" role=\"button\" aria-label=\"Zatvori\u0165\"><\/div>\n<div class=\"jfk-bubble-arrow-id jfk-bubble-arrow jfk-bubble-arrowup\" style=\"left: 517.688px;\">\n<div class=\"jfk-bubble-arrowimplbefore\"><\/div>\n<div class=\"jfk-bubble-arrowimplafter\"><\/div>\n<\/div>\n<\/div>","protected":false},"excerpt":{"rendered":"<p>Str\u00e1nka <strong>HSU-01 Vysokor\u00fdchlostn\u00fd odv\u00edjac\u00ed tester<\/strong> je modern\u00fd pr\u00edstroj ur\u010den\u00fd na meranie sily potrebnej na odv\u00edjanie lepiacich p\u00e1sok z roliek pri kontrolovanej vysokej r\u00fdchlosti. Tento inovat\u00edvny pr\u00edstroj m\u00e1 z\u00e1sadn\u00fd v\u00fdznam pre zabezpe\u010denie kvality, preto\u017ee zabezpe\u010duje, aby lepiace p\u00e1sky sp\u013a\u0148ali priemyseln\u00e9 normy a spo\u013eahlivo fungovali po\u010das aplik\u00e1cie. Pr\u00edstroj HSU-01 je ide\u00e1lnym rie\u0161en\u00edm na testovanie sily odv\u00edjania od obalov a\u017e po automobilov\u00fd, zdravotn\u00edcky a elektronick\u00fd priemysel.<\/p>","protected":false},"featured_media":6296,"comment_status":"closed","ping_status":"closed","template":"","meta":{"site-sidebar-layout":"default","site-content-layout":"default","ast-global-header-display":"","ast-main-header-display":"","ast-hfb-above-header-display":"","ast-hfb-below-header-display":"","ast-hfb-mobile-header-display":"","site-post-title":"","ast-breadcrumbs-content":"","ast-featured-img":"","footer-sml-layout":"","theme-transparent-header-meta":"default","adv-header-id-meta":"","stick-header-meta":"","header-above-stick-meta":"","header-main-stick-meta":"","header-below-stick-meta":""},"product_cat":[953,956,955,845,947,954,957,1116,958,952,959,673,118,95],"product_tag":[],"class_list":{"0":"post-5398","1":"product","2":"type-product","3":"status-publish","4":"has-post-thumbnail","6":"product_cat-bursting-tester","7":"product_cat-cobb-tester","8":"product_cat-crush-tester","9":"product_cat-customization","10":"product_cat-high-speed-unwinding-force","11":"product_cat-paper-tear-tester","12":"product_cat-plybond-tester","13":"product_cat-pstc-13","14":"product_cat-puncture-tester","15":"product_cat-rub-tester","16":"product_cat-stiffness-tester","17":"product_cat-adhesive-tester","18":"product_cat-astm-d1000","19":"product_cat-products","20":"desktop-align-left","21":"tablet-align-left","22":"mobile-align-left","24":"first","25":"instock","26":"shipping-taxable","27":"product-type-simple"},"_links":{"self":[{"href":"https:\/\/www.qualitester.com\/sk\/wp-json\/wp\/v2\/product\/5398","targetHints":{"allow":["GET"]}}],"collection":[{"href":"https:\/\/www.qualitester.com\/sk\/wp-json\/wp\/v2\/product"}],"about":[{"href":"https:\/\/www.qualitester.com\/sk\/wp-json\/wp\/v2\/types\/product"}],"replies":[{"embeddable":true,"href":"https:\/\/www.qualitester.com\/sk\/wp-json\/wp\/v2\/comments?post=5398"}],"version-history":[{"count":0,"href":"https:\/\/www.qualitester.com\/sk\/wp-json\/wp\/v2\/product\/5398\/revisions"}],"wp:featuredmedia":[{"embeddable":true,"href":"https:\/\/www.qualitester.com\/sk\/wp-json\/wp\/v2\/media\/6296"}],"wp:attachment":[{"href":"https:\/\/www.qualitester.com\/sk\/wp-json\/wp\/v2\/media?parent=5398"}],"wp:term":[{"taxonomy":"product_cat","embeddable":true,"href":"https:\/\/www.qualitester.com\/sk\/wp-json\/wp\/v2\/product_cat?post=5398"},{"taxonomy":"product_tag","embeddable":true,"href":"https:\/\/www.qualitester.com\/sk\/wp-json\/wp\/v2\/product_tag?post=5398"}],"curies":[{"name":"wp","href":"https:\/\/api.w.org\/{rel}","templated":true}]}}