{"id":5394,"date":"2024-11-18T10:48:02","date_gmt":"2024-11-18T02:48:02","guid":{"rendered":"https:\/\/www.qualitester.com\/?post_type=product&#038;p=5394"},"modified":"2024-11-18T10:48:04","modified_gmt":"2024-11-18T02:48:04","slug":"sale-rolling-ball-tack-tester","status":"publish","type":"product","link":"https:\/\/www.qualitester.com\/sk\/produkt-2\/sale-rolling-ball-tack-tester\/","title":{"rendered":"BTT Rolling Ball Tack Tester"},"content":{"rendered":"<h2><strong>\u00davod do testera valiv\u00fdch gu\u013e\u00f4\u010dok<\/strong><\/h2>\n<p>Str\u00e1nka <strong>Tester na valiv\u00e9 gu\u013e\u00f4\u010dky<\/strong> je z\u00e1kladn\u00fdm n\u00e1strojom na hodnotenie lepivosti lepidiel citliv\u00fdch na tlak (PSA). Meria schopnos\u0165 lepidla r\u00fdchlo sa spoji\u0165 s povrchom pomocou jednoduchej a opakovate\u013enej sk\u00fa\u0161obnej met\u00f3dy. Tento tester sa \u0161iroko pou\u017e\u00edva v priemyseln\u00fdch odvetviach, ako s\u00fa balenie, zdravotn\u00edcke pom\u00f4cky, elektronika a v\u00fdroba lepidiel, kde je rozhoduj\u00faci st\u00e1ly v\u00fdkon lepidla. Test lepivosti valivou gu\u013e\u00f4\u010dkou, ktor\u00fd je ur\u010den\u00fd na kontrolu kvality, zabezpe\u010duje presn\u00e9 zis\u0165ovanie odch\u00fdlok medzi jednotliv\u00fdmi \u0161ar\u017eami, \u010d\u00edm sa st\u00e1va nepostr\u00e1date\u013en\u00fdm pri udr\u017eiavan\u00ed vysok\u00fdch \u0161tandardov v\u00fdrobkov.<\/p>\n<h2><strong>K\u013e\u00fa\u010dov\u00e9 vlastnosti val\u010dekov\u00e9ho gu\u013e\u00f4\u010dkov\u00e9ho testera<\/strong><\/h2>\n<ul>\n<li><strong>Presn\u00e9 a reprodukovate\u013en\u00e9 v\u00fdsledky:<\/strong> Je ur\u010den\u00fd na laborat\u00f3rne pou\u017eitie a pon\u00faka spo\u013eahliv\u00fa detekciu odch\u00fdlok lepidla.<\/li>\n<li><strong>Dva robustn\u00e9 modely:<\/strong>\n<ul>\n<li><strong>BTT-01 Typ Tough:<\/strong> Je vybaven\u00fd naklonen\u00fdm \u017e\u013eabom a uvo\u013e\u0148ovacou p\u00e1\u010dkou, ktor\u00e1 umo\u017e\u0148uje, aby sa 7\/16-palcov\u00e1 (11,1 mm) oce\u013eov\u00e1 gu\u013e\u00f4\u010dka prevalila cez lepidlo.<\/li>\n<li><strong>BTT-02 \u0160ikm\u00fd typ:<\/strong> Dod\u00e1va sa s nastavite\u013en\u00fdmi naklonen\u00fdmi doskami (20\u00b0, 30\u00b0 alebo 40\u00b0) na flexibiln\u00e9 testovacie nastavenia a zv\u00fd\u0161en\u00fa v\u0161estrannos\u0165.<\/li>\n<\/ul>\n<\/li>\n<li><strong>Jednoduchos\u0165 pou\u017e\u00edvania:<\/strong> Na obsluhu je potrebn\u00e9 minim\u00e1lne \u0161kolenie, \u010do je ide\u00e1lne na r\u00fdchlu a n\u00e1kladovo efekt\u00edvnu kontrolu kvality.<\/li>\n<\/ul>\n<h3>Hlavn\u00fd parameter<\/h3>\n<h4>BTT-01<\/h4>\n<table>\n<tbody>\n<tr>\n<td width=\"167\">D\u013a\u017eka \u017e\u013eabu<\/td>\n<td width=\"167\">6,5 palca<\/td>\n<\/tr>\n<tr>\n<td width=\"167\">Uhol sklonu<\/td>\n<td width=\"167\">21.3\u00b0<\/td>\n<\/tr>\n<tr>\n<td width=\"167\">Rolling Ball<\/td>\n<td width=\"167\">7\/16 palca (\u010d. 14)<\/td>\n<\/tr>\n<tr>\n<td width=\"167\">Rozmer<\/td>\n<td width=\"167\">210*50*80 mm LWH<\/td>\n<\/tr>\n<tr>\n<td width=\"167\">Hmotnos\u0165<\/td>\n<td width=\"167\">0,5 kg<\/td>\n<\/tr>\n<\/tbody>\n<\/table>\n<h4>BTT-02<\/h4>\n<table>\n<tbody>\n<tr>\n<td width=\"167\">\u0160ikm\u00fd uhol<\/td>\n<td width=\"167\">0~60\u00b0<\/td>\n<\/tr>\n<tr>\n<td width=\"167\">\u0160\u00edrka testovacej oblasti<\/td>\n<td width=\"167\">120 mm<\/td>\n<\/tr>\n<tr>\n<td width=\"167\">Rolling Ball<\/td>\n<td width=\"167\">1\/32 ~ 1 palec<\/td>\n<\/tr>\n<tr>\n<td width=\"167\">Rozmer<\/td>\n<td width=\"167\">320*140*180 mm LWH<\/td>\n<\/tr>\n<tr>\n<td width=\"167\">Hmotnos\u0165<\/td>\n<td width=\"167\">6 kg<\/td>\n<\/tr>\n<\/tbody>\n<\/table>\n<h2><strong>Pou\u017eitie testera na valiv\u00fa gu\u013e\u00f4\u010dku<\/strong><\/h2>\n<p>Tester je \u0161iroko pou\u017e\u00edvan\u00fd v r\u00f4znych priemyseln\u00fdch odvetviach vr\u00e1tane:<\/p>\n<ul>\n<li><strong>Balenie:<\/strong> Zabezpe\u010duje d\u00f4sledn\u00e9 pri\u013enutie \u0161t\u00edtkov a plomb.<\/li>\n<li><strong>V\u00fdroba lepidiel:<\/strong> Potvrdzuje v\u00fdkonnos\u0165 lepiacich p\u00e1sok a f\u00f3li\u00ed citliv\u00fdch na tlak.<\/li>\n<li><strong>Elektronika:<\/strong> Hodnot\u00ed lepidl\u00e1 na mont\u00e1\u017e zariaden\u00ed.<\/li>\n<li><strong>Zdravotn\u00edcke pom\u00f4cky:<\/strong> Overuje spo\u013eahlivos\u0165 lepidla na bezpe\u010dn\u00e9 lepenie.<\/li>\n<\/ul>\n<h2><strong>Pr\u00edslu\u0161n\u00e9 normy pre sk\u00fa\u0161ku valivou gu\u013e\u00f4\u010dkou<\/strong><\/h2>\n<p>Str\u00e1nka <strong>Tester na valiv\u00e9 gu\u013e\u00f4\u010dky<\/strong> sp\u013a\u0148a tieto k\u013e\u00fa\u010dov\u00e9 normy:<\/p>\n<ul>\n<li><strong><a href=\"https:\/\/pstc.org\/resources\/test-methods\/\" target=\"_blank\" rel=\"noopener nofollow\">PSTC-6<\/a>:<\/strong> Zameriava sa na porovn\u00e1vacie meranie lepivosti lepidiel a poskytuje jasn\u00e9 usmernenia pre aplik\u00e1cie kontroly kvality.<\/li>\n<li><strong><a href=\"https:\/\/www.astm.org\/d3121-17.html\" target=\"_blank\" rel=\"noopener nofollow\">ASTM D3121<\/a>:<\/strong> \u0160pecifikuje met\u00f3du valivej gu\u013e\u00f4\u010dky na stanovenie lepivosti, ktor\u00e1 zabezpe\u010duje reprodukovate\u013enos\u0165 a presnos\u0165 pri hodnoten\u00ed lepidiel.<\/li>\n<li><strong>JIS Z0237:<\/strong> Japonsk\u00e1 priemyseln\u00e1 norma pre sk\u00fa\u0161ky lepivosti s d\u00f4razom na jednotnos\u0165 a presnos\u0165 v\u00fdsledkov sk\u00fa\u0161ok.<br \/>\nTieto normy vytv\u00e1raj\u00fa robustn\u00fd r\u00e1mec, v\u010faka ktor\u00e9mu je tester d\u00f4veryhodn\u00fdm n\u00e1strojom na zabezpe\u010denie kvality lepidiel na celom svete.<\/li>\n<\/ul>\n<h2><strong>Metodika testovania<\/strong><\/h2>\n<ol>\n<li><strong>Pripravte vzorku lepidla:<\/strong> Pripevnite lepiacu f\u00f3liu alebo podklad na sk\u00fa\u0161obn\u00fd povrch.<\/li>\n<li><strong>Nastavenie uhla sklonu:<\/strong> Nastavte naklonen\u00fa dosku na po\u017eadovan\u00fd uhol (20\u00b0, 30\u00b0 alebo 40\u00b0 pre BTT-02).<\/li>\n<li><strong>Uvo\u013enite loptu:<\/strong> Umiestnite oce\u013eov\u00fa gu\u013e\u00f4\u010dku na vrchol sklonu a uvo\u013enite ju pomocou p\u00e1ky alebo dosky.<\/li>\n<li><strong>Vyhodno\u0165te v\u00fdkonnos\u0165 chom\u00fata:<\/strong> Sledujte vzdialenos\u0165, ktor\u00fa gu\u013e\u00f4\u010dka prejde, k\u00fdm sa zastav\u00ed, \u010do nazna\u010duje pri\u013enavos\u0165 lepidla.<\/li>\n<\/ol>\n<p>T\u00e1to jednoduch\u00e1, ale \u00fa\u010dinn\u00e1 met\u00f3da zabezpe\u010duje konzistentn\u00e9 a reprodukovate\u013en\u00e9 v\u00fdsledky, tak\u017ee je ide\u00e1lna na rutinn\u00e9 kontroly kvality.<\/p>\n<h2><strong>V\u00fdhody val\u010dekov\u00e9ho gu\u013e\u00f4\u010dkov\u00e9ho testera<\/strong><\/h2>\n<ul>\n<li><strong>R\u00fdchle a n\u00e1kladovo efekt\u00edvne:<\/strong> R\u00fdchla met\u00f3da, ktor\u00e1 si vy\u017eaduje minim\u00e1lnu invest\u00edciu do zariadenia.<\/li>\n<li><strong>Spo\u013eahliv\u00e1 kontrola kvality:<\/strong> Efekt\u00edvne zis\u0165uje nezrovnalosti v lepidle, \u010d\u00edm zabezpe\u010duje kvalitu d\u00e1vky.<\/li>\n<li><strong>Jednoduchos\u0165 ovl\u00e1dania:<\/strong> Jednoduch\u00fd proces testovania vhodn\u00fd pre oper\u00e1torov v\u0161etk\u00fdch \u00farovn\u00ed sk\u00fasenost\u00ed.<\/li>\n<li><strong>V s\u00falade s normami:<\/strong> Sp\u013a\u0148a glob\u00e1lne testovacie normy, ako s\u00fa PSTC-6, ASTM D3121 a JIS Z0237.<\/li>\n<\/ul>\n<h2><strong>Pre\u010do si vybra\u0165 pr\u00edstroje Cell Instruments na testovanie valivej gu\u013e\u00f4\u010dky?<\/strong><\/h2>\n<p>Spolo\u010dnos\u0165 Cell Instruments, popredn\u00fd v\u00fdrobca pr\u00edstrojov na testovanie materi\u00e1lov, poskytuje \u0161pi\u010dkov\u00e9 rie\u0161enia prisp\u00f4soben\u00e9 va\u0161im potreb\u00e1m. Na\u0161e <strong>BTT-01<\/strong> a <strong>BTT-02 Valiv\u00e9 gu\u013e\u00f4\u010dkov\u00e9 testery<\/strong> s\u00fa navrhnut\u00e9 tak, aby poskytovali presn\u00e9 v\u00fdsledky a z\u00e1rove\u0148 sp\u013a\u0148ali medzin\u00e1rodn\u00e9 normy. V\u010faka na\u0161im odborn\u00fdm znalostiam v oblasti prisp\u00f4sobenia a automatiz\u00e1cie zabezpe\u010dujeme, aby na\u0161e produkty sp\u013a\u0148ali va\u0161e \u0161pecifick\u00e9 po\u017eiadavky na testovanie. D\u00f4verujte n\u00e1m, \u017ee v\u00e1m pom\u00f4\u017eeme udr\u017ea\u0165 vysok\u00e9 \u0161tandardy v oblasti v\u00fdkonu lepidiel a zabezpe\u010denia kvality.<\/p>\n<h2><strong>\u010casto kladen\u00e9 ot\u00e1zky o testovan\u00ed valivou gu\u013e\u00f4\u010dkou<\/strong><\/h2>\n<ol>\n<li><strong>\u010co je to \u2018pri\u013enavos\u0165\u2019 v lepiacom priemysle?<\/strong>\n<ul>\n<li>Pri\u013enavos\u0165 sa vz\u0165ahuje na vlastnos\u0165 lepidla vytvori\u0165 spoj s merate\u013enou pevnos\u0165ou okam\u017eite po kontakte s minim\u00e1lnym tlakom.<\/li>\n<\/ul>\n<\/li>\n<li><strong>V \u010dom sa sk\u00fa\u0161ka pri\u013enavosti valivou gu\u013e\u00f4\u010dkou l\u00ed\u0161i od in\u00fdch sk\u00fa\u0161ok pri\u013enavosti?<\/strong>\n<ul>\n<li>Je to porovn\u00e1vacia met\u00f3da, ktor\u00e1 hodnot\u00ed pri\u013enavos\u0165 pozorovan\u00edm toho, ako \u010faleko prejde valiaca sa gu\u013e\u00f4\u010dka po lepidle.<\/li>\n<\/ul>\n<\/li>\n<li><strong>Ktor\u00e9 odvetvia maj\u00fa z tohto testu najv\u00e4\u010d\u0161\u00ed \u00fa\u017eitok?<\/strong>\n<ul>\n<li>Odvetvia ako balenie, zdravotn\u00edcke pom\u00f4cky, v\u00fdroba lepidiel a elektronika sa spoliehaj\u00fa na tento test pri kontrole kvality.<\/li>\n<\/ul>\n<\/li>\n<li><strong>Ak\u00e9 typy lepidiel mo\u017eno testova\u0165?<\/strong>\n<ul>\n<li>Touto met\u00f3dou mo\u017eno hodnoti\u0165 v\u00e4\u010d\u0161inu lepidiel citliv\u00fdch na tlak (PSA) vr\u00e1tane p\u00e1sok a f\u00f3li\u00ed.<\/li>\n<\/ul>\n<\/li>\n<li><strong>Ako PSTC-6, ASTM D3121 a JIS Z0237 zabezpe\u010duj\u00fa presnos\u0165 sk\u00fa\u0161ok?<\/strong>\n<ul>\n<li>Tieto normy poskytuj\u00fa pr\u00edsne usmernenia pre nastavenie, vykonanie a interpret\u00e1ciu v\u00fdsledkov testov, \u010d\u00edm zabezpe\u010duj\u00fa spo\u013eahliv\u00e9 a reprodukovate\u013en\u00e9 merania.<\/li>\n<\/ul>\n<\/li>\n<\/ol>\n<div id=\"gtx-anchor\" style=\"position: absolute; visibility: hidden; left: 77.5156px; top: 1422.97px; width: 54.8594px; height: 19px;\"><\/div>\n<div class=\"jfk-bubble gtx-bubble\" style=\"visibility: visible; left: 90px; top: 1255px; opacity: 1;\" role=\"alertdialog\" aria-describedby=\"bubble-6\">\n<div id=\"bubble-6\" class=\"jfk-bubble-content-id\">\n<div id=\"gtx-host\" style=\"min-width: 200px; max-width: 400px;\"><\/div>\n<\/div>\n<div class=\"jfk-bubble-closebtn-id jfk-bubble-closebtn\" tabindex=\"0\" role=\"button\" aria-label=\"Zatvori\u0165\"><\/div>\n<div class=\"jfk-bubble-arrow-id jfk-bubble-arrow jfk-bubble-arrowdown\" style=\"left: 105.016px;\">\n<div class=\"jfk-bubble-arrowimplbefore\"><\/div>\n<div class=\"jfk-bubble-arrowimplafter\"><\/div>\n<\/div>\n<\/div>","protected":false},"excerpt":{"rendered":"<p>Str\u00e1nka <strong>Tester na valiv\u00e9 gu\u013e\u00f4\u010dky<\/strong> je z\u00e1kladn\u00fdm n\u00e1strojom na hodnotenie lepivosti lepidiel citliv\u00fdch na tlak (PSA). Meria schopnos\u0165 lepidla r\u00fdchlo sa spoji\u0165 s povrchom pomocou jednoduchej a opakovate\u013enej sk\u00fa\u0161obnej met\u00f3dy. Tento tester sa \u0161iroko pou\u017e\u00edva v priemyseln\u00fdch odvetviach, ako s\u00fa balenie, zdravotn\u00edcke pom\u00f4cky, elektronika a v\u00fdroba lepidiel, kde je rozhoduj\u00faci st\u00e1ly v\u00fdkon lepidla. Test lepivosti valivou gu\u013e\u00f4\u010dkou, ktor\u00fd je ur\u010den\u00fd na kontrolu kvality, zabezpe\u010duje presn\u00e9 zis\u0165ovanie odch\u00fdlok medzi jednotliv\u00fdmi \u0161ar\u017eami, \u010d\u00edm sa st\u00e1va nepostr\u00e1date\u013en\u00fdm pri udr\u017eiavan\u00ed vysok\u00fdch \u0161tandardov v\u00fdrobkov.<\/p>","protected":false},"featured_media":5395,"comment_status":"closed","ping_status":"closed","template":"","meta":{"site-sidebar-layout":"default","site-content-layout":"default","ast-global-header-display":"","ast-main-header-display":"","ast-hfb-above-header-display":"","ast-hfb-below-header-display":"","ast-hfb-mobile-header-display":"","site-post-title":"","ast-breadcrumbs-content":"","ast-featured-img":"","footer-sml-layout":"","theme-transparent-header-meta":"default","adv-header-id-meta":"","stick-header-meta":"","header-above-stick-meta":"","header-main-stick-meta":"","header-below-stick-meta":""},"product_cat":[1115,943,1114,673],"product_tag":[],"class_list":{"0":"post-5394","1":"product","2":"type-product","3":"status-publish","4":"has-post-thumbnail","6":"product_cat-astm-d3121","7":"product_cat-ball-tack-tester","8":"product_cat-pstc-6","9":"product_cat-adhesive-tester","10":"desktop-align-left","11":"tablet-align-left","12":"mobile-align-left","14":"first","15":"instock","16":"shipping-taxable","17":"product-type-simple"},"_links":{"self":[{"href":"https:\/\/www.qualitester.com\/sk\/wp-json\/wp\/v2\/product\/5394","targetHints":{"allow":["GET"]}}],"collection":[{"href":"https:\/\/www.qualitester.com\/sk\/wp-json\/wp\/v2\/product"}],"about":[{"href":"https:\/\/www.qualitester.com\/sk\/wp-json\/wp\/v2\/types\/product"}],"replies":[{"embeddable":true,"href":"https:\/\/www.qualitester.com\/sk\/wp-json\/wp\/v2\/comments?post=5394"}],"version-history":[{"count":0,"href":"https:\/\/www.qualitester.com\/sk\/wp-json\/wp\/v2\/product\/5394\/revisions"}],"wp:featuredmedia":[{"embeddable":true,"href":"https:\/\/www.qualitester.com\/sk\/wp-json\/wp\/v2\/media\/5395"}],"wp:attachment":[{"href":"https:\/\/www.qualitester.com\/sk\/wp-json\/wp\/v2\/media?parent=5394"}],"wp:term":[{"taxonomy":"product_cat","embeddable":true,"href":"https:\/\/www.qualitester.com\/sk\/wp-json\/wp\/v2\/product_cat?post=5394"},{"taxonomy":"product_tag","embeddable":true,"href":"https:\/\/www.qualitester.com\/sk\/wp-json\/wp\/v2\/product_tag?post=5394"}],"curies":[{"name":"wp","href":"https:\/\/api.w.org\/{rel}","templated":true}]}}