{"id":5335,"date":"2024-11-13T11:57:32","date_gmt":"2024-11-13T03:57:32","guid":{"rendered":"https:\/\/www.qualitester.com\/?post_type=product&#038;p=5335"},"modified":"2024-12-05T15:11:48","modified_gmt":"2024-12-05T07:11:48","slug":"sale-paper-vertical-tensile-tester","status":"publish","type":"product","link":"https:\/\/www.qualitester.com\/sk\/produkt-2\/sale-paper-vertical-tensile-tester\/","title":{"rendered":"TST-V Vertik\u00e1lny \u0165ahov\u00fd tester"},"content":{"rendered":"<h2><strong>\u00davod do vertik\u00e1lnej \u0165ahovej sk\u00fa\u0161ky papiera<\/strong><\/h2>\n<p>Str\u00e1nka <strong>Vertik\u00e1lny \u0165ahov\u00fd tester papiera<\/strong> (TST-V) je vysoko \u0161pecializovan\u00fd testovac\u00ed pr\u00edstroj ur\u010den\u00fd na hodnotenie mechanick\u00fdch vlastnost\u00ed papierov\u00fdch materi\u00e1lov vr\u00e1tane lepenky, tissue papiera a in\u00fdch v\u00fdrobkov na b\u00e1ze papiera. Zohr\u00e1va rozhoduj\u00facu \u00falohu v papierenskom a obalovom priemysle meran\u00edm k\u013e\u00fa\u010dov\u00fdch vlastnost\u00ed, ako s\u00fa pevnos\u0165 v \u0165ahu, pred\u013a\u017eenie pri maxim\u00e1lnej sile, absorpcia energie v \u0165ahu a tuhos\u0165 v \u0165ahu. Stanoven\u00edm t\u00fdchto vlastnost\u00ed m\u00f4\u017eu v\u00fdrobcovia zabezpe\u010di\u0165, aby ich v\u00fdrobky sp\u013a\u0148ali pr\u00edsne v\u00fdkonnostn\u00e9 a kvalitat\u00edvne normy, najm\u00e4 v baliacich, zdravotn\u00edckych a potravin\u00e1rskych aplik\u00e1ci\u00e1ch.<\/p>\n<h2><strong>Princ\u00edp sk\u00fa\u0161ky vertik\u00e1lneho \u0165ahov\u00e9ho testera papiera<\/strong><\/h2>\n<p>TST-V funguje tak, \u017ee sa sk\u00fa\u0161obn\u00e1 vzorka na\u0165ahuje kon\u0161tantnou r\u00fdchlos\u0165ou pred\u013a\u017eenia, a\u017e k\u00fdm sa neroztrhne. Po\u010das tohto procesu pr\u00edstroj nepretr\u017eite meria a zaznamen\u00e1va \u0165ahov\u00fa silu v z\u00e1vislosti od pred\u013a\u017eenia sk\u00fa\u0161obn\u00e9ho telesa. Na z\u00e1klade t\u00fdchto \u00fadajov sa <strong>pevnos\u0165 v \u0165ahu<\/strong>, <strong>pred\u013a\u017eenie pri maxim\u00e1lnej sile<\/strong>a <strong>absorpcia \u0165ahovej energie<\/strong> mo\u017eno vypo\u010d\u00edta\u0165. Tieto hodnoty s\u00fa nevyhnutn\u00e9 na pos\u00fadenie v\u00fdkonnosti materi\u00e1lu v re\u00e1lnych aplik\u00e1ci\u00e1ch, ako je napr\u00edklad trvanlivos\u0165 obalov, roz\u0165a\u017enos\u0165 a celkov\u00e1 pevnos\u0165.<\/p>\n<hr \/>\n<h2><strong>ISO 1924 a jej v\u00fdznam pre testovanie papiera<\/strong><\/h2>\n<h3><strong>Preh\u013ead noriem ISO 1924<\/strong><\/h3>\n<p>ISO 1924 je s\u00fabor medzin\u00e1rodne uzn\u00e1van\u00fdch noriem, ktor\u00e9 poskytuj\u00fa usmernenia na testovanie \u0165ahov\u00fdch vlastnost\u00ed papiera a lepenky. Dodr\u017eiavanie t\u00fdchto noriem zabezpe\u010duje konzistentn\u00e9 a spo\u013eahliv\u00e9 v\u00fdsledky, \u010do je rozhoduj\u00face pre udr\u017eanie kontroly kvality pri v\u00fdrobe papiera. Norma ISO 1924 obsahuje tieto k\u013e\u00fa\u010dov\u00e9 \u010dasti:<\/p>\n<ul>\n<li><a href=\"https:\/\/www.iso.org\/standard\/6616.html\" target=\"_blank\" rel=\"noopener nofollow\"><strong>ISO 1924-1<\/strong><\/a>: V\u0161eobecn\u00e9 z\u00e1sady a defin\u00edcie pre sk\u00fa\u0161ky papiera v \u0165ahu.<\/li>\n<li><a href=\"https:\/\/www.iso.org\/standard\/41397.html\" target=\"_blank\" rel=\"noopener nofollow\"><strong>ISO 1924-2<\/strong><\/a>: Met\u00f3dy stanovenia pevnosti v \u0165ahu a pred\u013a\u017eenia papiera.<\/li>\n<li><a href=\"https:\/\/www.iso.org\/standard\/32206.html\" rel=\"nofollow noopener\" target=\"_blank\"><strong>ISO 1924-3<\/strong><\/a>: Usmernenia na v\u00fdpo\u010det indexu \u0165ahu a indexu absorpcie energie.<\/li>\n<\/ul>\n<p>Tieto normy s\u00fa pre v\u00fdrobcov nevyhnutn\u00e9 na zabezpe\u010denie toho, aby ich papierov\u00e9 v\u00fdrobky sp\u013a\u0148ali priemyseln\u00e9 krit\u00e9ri\u00e1 kvality a v\u00fdkonu. Dodr\u017eiavan\u00edm t\u00fdchto usmernen\u00ed sa v\u00fdsledky testovania celosvetovo \u0161tandardizuj\u00fa, \u010do spolo\u010dnostiam umo\u017e\u0148uje vyr\u00e1ba\u0165 materi\u00e1ly, ktor\u00e9 maj\u00fa konzistentn\u00fa kvalitu a trvanlivos\u0165.<\/p>\n<h3><strong>Ako je model TST-V v s\u00falade s normou ISO 1924<\/strong><\/h3>\n<p>Str\u00e1nka <strong>TST-V Vertik\u00e1lny \u0165ahov\u00fd tester papiera<\/strong> je plne v s\u00falade s <strong>ISO 1924<\/strong> a poskytuje presn\u00e9 a opakovate\u013en\u00e9 merania v s\u00falade s medzin\u00e1rodn\u00fdmi testovac\u00edmi protokolmi. To z neho rob\u00ed ide\u00e1lnu vo\u013ebu pre spolo\u010dnosti v papierenskom a obalovom priemysle, ktor\u00e9 musia sp\u013a\u0148a\u0165 glob\u00e1lne normy kvality. Bez oh\u013eadu na to, \u010di testujete pevnos\u0165 v \u0165ahu, pred\u013a\u017eenie pri pretrhnut\u00ed alebo absorpciu energie, TST-V zaru\u010duje, \u017ee va\u0161e v\u00fdsledky s\u00fa v s\u00falade s normami ISO pre testovanie papiera.<\/p>\n<hr \/>\n<h2><strong>K\u013e\u00fa\u010dov\u00e9 vlastnosti vertik\u00e1lnej \u0165ahovej sk\u00fa\u0161ky papiera TST-V<\/strong><\/h2>\n<ul>\n<li><strong>Mo\u017enosti presn\u00e9ho testovania<\/strong>: TST-V je vybaven\u00fd <strong>presn\u00fd gu\u013e\u00f4\u010dkov\u00fd skrutkov\u00fd mechanizmus<\/strong>, \u010d\u00edm sa zabezpe\u010duje vysok\u00e1 presnos\u0165 kontroly r\u00fdchlosti pred\u013a\u017eenia a posunu.<\/li>\n<li><strong>Pou\u017e\u00edvate\u013esky pr\u00edvetiv\u00e9 ovl\u00e1danie<\/strong>: Pr\u00edstroj je vybaven\u00fd <strong>7-palcov\u00e1 dotykov\u00e1 obrazovka HMI<\/strong>, ktor\u00e9 pon\u00faka intuit\u00edvne a \u013eahko pou\u017eite\u013en\u00e9 rozhranie na bezprobl\u00e9mov\u00e9 ovl\u00e1danie aj pre pou\u017e\u00edvate\u013eov s minim\u00e1lnymi sk\u00fasenos\u0165ami.<\/li>\n<li><strong>Nastavite\u013en\u00e1 r\u00fdchlos\u0165 testu<\/strong>: R\u00fdchlos\u0165 testu je ve\u013emi dobre nastavite\u013en\u00e1, v rozmedz\u00ed od <strong>1 mm\/min a\u017e 500 mm\/min<\/strong>, \u010do v\u00e1m umo\u017en\u00ed prisp\u00f4sobi\u0165 proces testovania pod\u013ea vlastnost\u00ed materi\u00e1lu.<\/li>\n<li><strong>V\u0161estrann\u00e1 kompatibilita svietidiel<\/strong>: TST-V je kompatibiln\u00fd so \u0161irokou \u0161k\u00e1lou pr\u00edpravkov, \u010do mu umo\u017e\u0148uje spracov\u00e1va\u0165 r\u00f4zne vzorky papiera, od tenk\u00e9ho tissue papiera a\u017e po hrub\u0161\u00ed kart\u00f3n.<\/li>\n<li><strong>Vysok\u00e1 stabilita<\/strong>: Syst\u00e9m pracuje s <strong>Riadenie PLC<\/strong>, \u010d\u00edm sa zabezpe\u010d\u00ed stabiln\u00fd a spo\u013eahliv\u00fd v\u00fdkon a minimalizuj\u00fa sa chyby po\u010das testovania.<\/li>\n<li><strong>Automatick\u00e9 funkcie<\/strong>: Tester je vybaven\u00fd obmedzova\u010dom a funkciou automatick\u00e9ho n\u00e1vratu, \u010do zvy\u0161uje bezpe\u010dnos\u0165 a pohodlie pri testovan\u00ed.<\/li>\n<li><strong>Volite\u013en\u00e9 pr\u00edslu\u0161enstvo<\/strong>: Dodato\u010dn\u00e9 pr\u00edslu\u0161enstvo, ako napr\u00edklad mikrotla\u010diare\u0148 a port RS232 s profesion\u00e1lnym softv\u00e9rom (volite\u013en\u00e9), poskytuje dodato\u010dn\u00fa flexibilitu pri anal\u00fdze \u00fadajov a tvorbe spr\u00e1v.<\/li>\n<\/ul>\n<hr \/>\n<h2><strong>Aplik\u00e1cie vertik\u00e1lnej \u0165ahovej sk\u00fa\u0161ky papiera<\/strong><\/h2>\n<p>Str\u00e1nka <strong>TST-V Vertik\u00e1lny \u0165ahov\u00fd tester papiera<\/strong> je ide\u00e1lny na pou\u017eitie v priemyseln\u00fdch odvetviach, kde s\u00fa vlastnosti papiera rozhoduj\u00face pre v\u00fdkon v\u00fdrobkov. Medzi jeho aplik\u00e1cie patria:<\/p>\n<ul>\n<li><strong>Obalov\u00fd priemysel<\/strong>: Je nevyhnutn\u00e9 na testovanie odolnosti a pevnosti obalov\u00fdch materi\u00e1lov, aby sa zabezpe\u010dilo, \u017ee vydr\u017eia za\u0165a\u017eenie po\u010das prepravy a manipul\u00e1cie.<\/li>\n<li><strong>V\u00fdroba tissue papiera<\/strong>: Pou\u017e\u00edva sa na testovanie pevnosti v \u0165ahu a pru\u017enosti tkanivov\u00fdch v\u00fdrobkov, ktor\u00e9 s\u00fa nevyhnutn\u00e9 na zabezpe\u010denie kvality a spokojnosti pou\u017e\u00edvate\u013eov.<\/li>\n<li><strong>V\u00fdroba lepenky<\/strong>: Pom\u00e1ha pos\u00fadi\u0165 pevnos\u0165 a pred\u013a\u017eenie lepenky, ktor\u00e1 sa pou\u017e\u00edva pri v\u00fdrobe obalov a kontajnerov.<\/li>\n<li><strong>V\u00fdskum a v\u00fdvoj<\/strong>: Ide\u00e1lne pre oddelenia v\u00fdskumu a v\u00fdvoja, ktor\u00e9 chc\u00fa vyvin\u00fa\u0165 nov\u00e9 papierov\u00e9 v\u00fdrobky alebo zlep\u0161i\u0165 v\u00fdkon existuj\u00facich materi\u00e1lov.<\/li>\n<\/ul>\n<hr \/>\n<h2><strong>Technick\u00e9 \u0161pecifik\u00e1cie<\/strong><\/h2>\n<table>\n<tbody>\n<tr>\n<td style=\"text-align: center;\" colspan=\"2\" rowspan=\"1\" width=\"381\"><strong>TST-V Vertik\u00e1lny \u0165ahov\u00fd tester<\/strong><\/td>\n<\/tr>\n<tr>\n<td style=\"text-align: center;\" width=\"209\">Rozsah merania<\/td>\n<td style=\"text-align: center;\" width=\"172\">500N alebo pod\u013ea potreby<\/td>\n<\/tr>\n<tr>\n<td style=\"text-align: center;\" width=\"209\">Rozsah pred\u013a\u017eenia<\/td>\n<td style=\"text-align: center;\" width=\"172\">800 mm<\/td>\n<\/tr>\n<tr>\n<td style=\"text-align: center;\" width=\"209\">R\u00fdchlos\u0165 na\u0165ahovania<\/td>\n<td style=\"text-align: center;\" width=\"172\">1 ~ 500 mm\/min<\/td>\n<\/tr>\n<tr>\n<td style=\"text-align: center;\" width=\"209\">Presnos\u0165 testu r\u00fdchlosti<\/td>\n<td style=\"text-align: center;\" width=\"172\">\u00b10,1 mm\/min<\/td>\n<\/tr>\n<tr>\n<td style=\"text-align: center;\" width=\"209\">Presnos\u0165 sily<\/td>\n<td style=\"text-align: center;\" width=\"172\">0,5% F.S.<\/td>\n<\/tr>\n<tr>\n<td style=\"text-align: center;\" width=\"209\">Presnos\u0165 sily<\/td>\n<td style=\"text-align: center;\" width=\"172\">\u00b10.1% (20~100%FS)<\/td>\n<\/tr>\n<tr>\n<td style=\"text-align: center;\" width=\"209\">Rozl\u00ed\u0161enie deform\u00e1cie<\/td>\n<td style=\"text-align: center;\" width=\"172\">\u22640,01 mm<\/td>\n<\/tr>\n<tr>\n<td style=\"text-align: center;\" width=\"209\">Up\u00ednanie vzoriek<\/td>\n<td style=\"text-align: center;\" width=\"172\">Manu\u00e1lne<\/td>\n<\/tr>\n<tr>\n<td style=\"text-align: center;\" width=\"209\">Ve\u013ekos\u0165 vzorky<\/td>\n<td style=\"text-align: center;\" width=\"172\">1-25 mm<\/td>\n<\/tr>\n<tr>\n<td style=\"text-align: center;\" width=\"209\">Rozhranie \u010dlovek-stroj<\/td>\n<td style=\"text-align: center;\" width=\"172\">7 v dotykovej obrazovke<\/td>\n<\/tr>\n<tr>\n<td style=\"text-align: center;\" width=\"209\">Nap\u00e1janie<\/td>\n<td style=\"text-align: center;\" width=\"172\">AC 110~220V 50\/60Hz<\/td>\n<\/tr>\n<tr>\n<td style=\"text-align: center;\" colspan=\"2\" rowspan=\"1\" width=\"381\"><strong>Reza\u010dka vzoriek (volite\u013en\u00e1)<\/strong><\/td>\n<\/tr>\n<tr>\n<td style=\"text-align: center;\" width=\"209\">Ve\u013ekos\u0165 vzorky<\/td>\n<td style=\"text-align: center;\" width=\"172\">15*300 mm<\/td>\n<\/tr>\n<tr>\n<td style=\"text-align: center;\" width=\"209\">Hr\u00fabka vzorky<\/td>\n<td style=\"text-align: center;\" width=\"172\">0,1 ~ 1 mm<\/td>\n<\/tr>\n<tr>\n<td style=\"text-align: center;\" width=\"209\">Strany Paralelnos\u0165<\/td>\n<td style=\"text-align: center;\" width=\"172\">\uff1c0,03 mm<\/td>\n<\/tr>\n<\/tbody>\n<\/table>\n<hr \/>\n<h2><strong>Dodr\u017ean\u00e9 hlavn\u00e9 normy<\/strong><\/h2>\n<p>Str\u00e1nka <strong>TST-V Vertik\u00e1lny \u0165ahov\u00fd tester papiera<\/strong> dodr\u017eiava mno\u017estvo medzin\u00e1rodn\u00fdch noriem, \u010d\u00edm zabezpe\u010duje s\u00falad s priemyseln\u00fdmi normami a zvy\u0161uje spo\u013eahlivos\u0165 v\u00fdsledkov testovania. Medzi tieto normy patria:<\/p>\n<ul>\n<li><strong>ISO 1924-1<\/strong>, <strong>ISO 1924-2<\/strong>, <strong>ISO 1924-3<\/strong> (na sk\u00fa\u0161ku pevnosti papiera a lepenky v \u0165ahu)<\/li>\n<li><strong>ISO 12625-4<\/strong>, <strong>ISO 12625-5<\/strong> (na testovanie hodv\u00e1bneho papiera)<\/li>\n<li><strong>TAPPI T494<\/strong> (americk\u00e1 norma pre testovanie papiera)<\/li>\n<li><strong>GB\/T 12914<\/strong>, <strong>GB\/T 24328<\/strong> (r\u00f4zne \u010dasti) (\u010d\u00ednske normy pre testovanie papiera)<\/li>\n<\/ul>\n<hr \/>\n<h2><strong>Pre\u010do si vybra\u0165 vertik\u00e1lny \u0165ahov\u00fd tester papiera TST-V?<\/strong><\/h2>\n<ul>\n<li><strong>Presnos\u0165 a spo\u013eahlivos\u0165<\/strong>: TST-V zabezpe\u010duje ve\u013emi presn\u00e9 merania \u0165ahov\u00fdch vlastnost\u00ed, ktor\u00e9 s\u00fa nevyhnutn\u00e9 pre kontrolu kvality a v\u00fdvoj v\u00fdrobkov.<\/li>\n<li><strong>V s\u00falade s normou ISO 1924<\/strong>: Je plne v s\u00falade s <strong>ISO 1924<\/strong>, \u010d\u00edm sa zabezpe\u010d\u00ed, \u017ee va\u0161e testy sp\u013a\u0148aj\u00fa glob\u00e1lne priemyseln\u00e9 normy pre testovanie papiera.<\/li>\n<li><strong>Pou\u017e\u00edvate\u013esky pr\u00edvetiv\u00e9 rozhranie<\/strong>: Intuit\u00edvny 7-palcov\u00fd dotykov\u00fd displej u\u013eah\u010duje ovl\u00e1danie a spr\u00e1vu testov.<\/li>\n<li><strong>Prisp\u00f4sobite\u013en\u00fd a v\u0161estrann\u00fd<\/strong>: V\u010faka nastavite\u013en\u00fdm r\u00fdchlostiam testovania, r\u00f4znym pr\u00edpravkom na vzorky a \u010fal\u0161\u00edm mo\u017enostiam zberu \u00fadajov je TST-V dostato\u010dne univerz\u00e1lny na to, aby zvl\u00e1dol cel\u00fd rad papierov\u00fdch v\u00fdrobkov.<\/li>\n<\/ul>\n<hr \/>\n<h2><strong>\u010casto kladen\u00e9 ot\u00e1zky: Zvisl\u00e1 sk\u00fa\u0161a\u010dka \u0165ahu papiera<\/strong><\/h2>\n<ol>\n<li><strong>Ak\u00fd je hlavn\u00fd \u00fa\u010del vertik\u00e1lneho \u0165ahov\u00e9ho testera papiera?<\/strong><br \/>\nTST-V meria pevnos\u0165 v \u0165ahu, pred\u013a\u017eenie pri maxim\u00e1lnej sile a absorpciu energie papiera, kart\u00f3nu a tissue v\u00fdrobkov na pos\u00fadenie ich mechanick\u00fdch vlastnost\u00ed.<\/li>\n<li><strong>Ako s\u00favis\u00ed norma ISO 1924 s testovan\u00edm papiera?<\/strong><br \/>\nNorma ISO 1924 stanovuje medzin\u00e1rodn\u00e9 normy na testovanie \u0165ahov\u00fdch vlastnost\u00ed papiera a lepenky, \u010d\u00edm zabezpe\u010duje, \u017ee v\u00fdsledky s\u00fa konzistentn\u00e9, spo\u013eahliv\u00e9 a porovnate\u013en\u00e9 v r\u00f4znych odvetviach.<\/li>\n<li><strong>Ak\u00e9 typy materi\u00e1lov mo\u017eno testova\u0165 pomocou TST-V?<\/strong><br \/>\nPr\u00edstroj TST-V dok\u00e1\u017ee testova\u0165 r\u00f4zne papierov\u00e9 materi\u00e1ly vr\u00e1tane kart\u00f3nu, tissue papiera a in\u00fdch v\u00fdrobkov na b\u00e1ze papiera na ich pevnos\u0165 v \u0165ahu a pru\u017enos\u0165.<\/li>\n<li><strong>Ak\u00e9 s\u00fa k\u013e\u00fa\u010dov\u00e9 vlastnosti modelu TST-V?<\/strong><br \/>\nTST-V je vybaven\u00fd riaden\u00edm PLC, 7-palcov\u00fdm dotykov\u00fdm displejom, presn\u00fdm gu\u013e\u00f4\u010dkov\u00fdm skrutkovac\u00edm mechanizmom, nastavite\u013en\u00fdmi testovac\u00edmi r\u00fdchlos\u0165ami a kompatibilitou s r\u00f4znymi pr\u00edpravkami.<\/li>\n<li><strong>Ak\u00e9 normy sp\u013a\u0148a TST-V?<\/strong><br \/>\nTST-V je v s\u00falade s <strong>ISO 1924<\/strong>, <strong>ISO 12625<\/strong>, <strong>TAPPI T494<\/strong>a \u010fal\u0161ie medzin\u00e1rodn\u00e9 normy pre testovanie papiera.<\/li>\n<\/ol>","protected":false},"excerpt":{"rendered":"<p>Str\u00e1nka <strong>Vertik\u00e1lny \u0165ahov\u00fd tester papiera<\/strong> (TST-V) je vysoko \u0161pecializovan\u00fd testovac\u00ed pr\u00edstroj ur\u010den\u00fd na hodnotenie mechanick\u00fdch vlastnost\u00ed papierov\u00fdch materi\u00e1lov vr\u00e1tane lepenky, tissue papiera a in\u00fdch v\u00fdrobkov na b\u00e1ze papiera. Zohr\u00e1va rozhoduj\u00facu \u00falohu v papierenskom a obalovom priemysle meran\u00edm k\u013e\u00fa\u010dov\u00fdch vlastnost\u00ed, ako s\u00fa pevnos\u0165 v \u0165ahu, pred\u013a\u017eenie pri maxim\u00e1lnej sile, absorpcia energie v \u0165ahu a tuhos\u0165 v \u0165ahu. Stanoven\u00edm t\u00fdchto vlastnost\u00ed m\u00f4\u017eu v\u00fdrobcovia zabezpe\u010di\u0165, aby ich v\u00fdrobky sp\u013a\u0148ali pr\u00edsne v\u00fdkonnostn\u00e9 a kvalitat\u00edvne normy, najm\u00e4 v baliacich, zdravotn\u00edckych a potravin\u00e1rskych aplik\u00e1ci\u00e1ch.<\/p>","protected":false},"featured_media":6283,"comment_status":"closed","ping_status":"closed","template":"","meta":{"site-sidebar-layout":"default","site-content-layout":"default","ast-global-header-display":"","ast-main-header-display":"","ast-hfb-above-header-display":"","ast-hfb-below-header-display":"","ast-hfb-mobile-header-display":"","site-post-title":"","ast-breadcrumbs-content":"","ast-featured-img":"","footer-sml-layout":"","theme-transparent-header-meta":"default","adv-header-id-meta":"","stick-header-meta":"","header-above-stick-meta":"","header-main-stick-meta":"","header-below-stick-meta":""},"product_cat":[845,953,956,955,1166,1167,1090,1163,1164,1165,954,957,958,952,959,1168,679,44,95],"product_tag":[],"class_list":{"0":"post-5335","1":"product","2":"type-product","3":"status-publish","4":"has-post-thumbnail","6":"product_cat-customization","7":"product_cat-bursting-tester","8":"product_cat-cobb-tester","9":"product_cat-crush-tester","10":"product_cat-iso-12625-4","11":"product_cat-iso-12625-5","12":"product_cat-iso-1924","13":"product_cat-iso-1924-1","14":"product_cat-iso-1924-2","15":"product_cat-iso-1924-3","16":"product_cat-paper-tear-tester","17":"product_cat-plybond-tester","18":"product_cat-puncture-tester","19":"product_cat-rub-tester","20":"product_cat-stiffness-tester","21":"product_cat-tappi-t494","22":"product_cat-tensile-tester","23":"product_cat-paper-and-board-testers","24":"product_cat-products","25":"desktop-align-left","26":"tablet-align-left","27":"mobile-align-left","29":"first","30":"instock","31":"shipping-taxable","32":"product-type-simple"},"_links":{"self":[{"href":"https:\/\/www.qualitester.com\/sk\/wp-json\/wp\/v2\/product\/5335","targetHints":{"allow":["GET"]}}],"collection":[{"href":"https:\/\/www.qualitester.com\/sk\/wp-json\/wp\/v2\/product"}],"about":[{"href":"https:\/\/www.qualitester.com\/sk\/wp-json\/wp\/v2\/types\/product"}],"replies":[{"embeddable":true,"href":"https:\/\/www.qualitester.com\/sk\/wp-json\/wp\/v2\/comments?post=5335"}],"version-history":[{"count":0,"href":"https:\/\/www.qualitester.com\/sk\/wp-json\/wp\/v2\/product\/5335\/revisions"}],"wp:featuredmedia":[{"embeddable":true,"href":"https:\/\/www.qualitester.com\/sk\/wp-json\/wp\/v2\/media\/6283"}],"wp:attachment":[{"href":"https:\/\/www.qualitester.com\/sk\/wp-json\/wp\/v2\/media?parent=5335"}],"wp:term":[{"taxonomy":"product_cat","embeddable":true,"href":"https:\/\/www.qualitester.com\/sk\/wp-json\/wp\/v2\/product_cat?post=5335"},{"taxonomy":"product_tag","embeddable":true,"href":"https:\/\/www.qualitester.com\/sk\/wp-json\/wp\/v2\/product_tag?post=5335"}],"curies":[{"name":"wp","href":"https:\/\/api.w.org\/{rel}","templated":true}]}}