{"id":5329,"date":"2024-11-13T11:44:25","date_gmt":"2024-11-13T03:44:25","guid":{"rendered":"https:\/\/www.qualitester.com\/?post_type=product&#038;p=5329"},"modified":"2024-12-05T11:27:13","modified_gmt":"2024-12-05T03:27:13","slug":"sale-paper-air-permeance-tester","status":"publish","type":"product","link":"https:\/\/www.qualitester.com\/sk\/produkt-2\/sale-paper-air-permeance-tester\/","title":{"rendered":"TQD-01 Tester priepustnosti vzduchu"},"content":{"rendered":"<h2><strong>\u00davod do testera priepustnosti vzduchu pre papier<\/strong><\/h2>\n<p>Str\u00e1nka <strong>Papierov\u00fd tester priepustnosti vzduchu<\/strong> je z\u00e1kladn\u00fdm n\u00e1strojom na ur\u010denie priepustnosti vzduchu pre papier a lepenku, \u010do je ve\u013emi d\u00f4le\u017eit\u00e9 pre odvetvia, ako je balenie, v\u00fdroba papiera a textilu. Tento tester vyu\u017e\u00edva Schopperovu met\u00f3du na meranie prietoku vzduchu cez materi\u00e1ly a poskytuje presn\u00e9 a spo\u013eahliv\u00e9 v\u00fdsledky pre papiere a lepenky s hodnotami priepustnosti vzduchu od 1\u00d710^-2 do 1\u00d710\u00b2 \u00b5m\/(Pa-s). Na str\u00e1nke <strong>papierov\u00fd tester priepustnosti vzduchu<\/strong> je navrhnut\u00fd tak, aby sp\u013a\u0148al medzin\u00e1rodn\u00e9 testovacie normy, ktor\u00e9 zabezpe\u010duj\u00fa, \u017ee materi\u00e1ly sp\u013a\u0148aj\u00fa \u0161pecifick\u00e9 po\u017eiadavky na priepustnos\u0165 vzduchu, \u010do je rozhoduj\u00face pre ich v\u00fdkonnos\u0165 pri balen\u00ed, filtr\u00e1cii a in\u00fdch aplik\u00e1ci\u00e1ch.<\/p>\n<p>Tester je ide\u00e1lny na pou\u017eitie s r\u00f4znymi typmi papiera vr\u00e1tane kop\u00edrovacieho papiera, papiera na cementov\u00e9 vrecia, priemyseln\u00e9ho filtra\u010dn\u00e9ho papiera a papierov\u00fdch vriec. Nie je v\u0161ak vhodn\u00fd pre materi\u00e1ly s drsn\u00fdm povrchom, ako s\u00fa krepov\u00fd alebo vlnit\u00fd papier, ktor\u00e9 nemo\u017eno bezpe\u010dne zovrie\u0165, aby sa zabr\u00e1nilo \u00faniku.<\/p>\n<h2><strong>K\u013e\u00fa\u010dov\u00e9 vlastnosti<\/strong><\/h2>\n<ul>\n<li><strong>Presn\u00e9 meranie<\/strong>: Presne meria priepustnos\u0165 vzduchu papierov\u00fdch a lepenkov\u00fdch materi\u00e1lov.<\/li>\n<li><strong>Schopperova met\u00f3da<\/strong>: Pou\u017e\u00edva \u0161tandardizovan\u00fa Schopperovu met\u00f3du na dosiahnutie konzistentn\u00fdch a opakovate\u013en\u00fdch v\u00fdsledkov.<\/li>\n<li><strong>\u0160irok\u00e1 kompatibilita materi\u00e1lov<\/strong>: Vhodn\u00e9 na testovanie \u0161irokej \u0161k\u00e1ly typov papiera vr\u00e1tane priemyseln\u00e9ho filtra\u010dn\u00e9ho papiera, cementov\u00fdch vriec a kop\u00edrovacieho papiera.<\/li>\n<li><strong>Dodr\u017eiavanie noriem<\/strong>: Sp\u013a\u0148a viacer\u00e9 medzin\u00e1rodn\u00e9 a priemyseln\u00e9 normy pre testovanie priepustnosti vzduchu.<\/li>\n<li><strong>Jednoduchos\u0165 pou\u017e\u00edvania<\/strong>: Jednoduch\u00e9 a intuit\u00edvne ovl\u00e1danie na r\u00fdchle testovanie a zber \u00fadajov.<\/li>\n<\/ul>\n<h2><strong>Ako funguje papierov\u00fd tester priepustnosti vzduchu<\/strong><\/h2>\n<p>Str\u00e1nka <strong>papierov\u00fd tester priepustnosti vzduchu<\/strong> funguje tak, \u017ee sa vzorka papiera alebo lepenky upne medzi dve vzduchotesn\u00e9 kruhov\u00e9 tesnenia. Jedna strana vzorky je vystaven\u00e1 atmosf\u00e9rick\u00e9mu tlaku, zatia\u013e \u010do v testovacej oblasti sa udr\u017eiava mal\u00fd, kontrolovan\u00fd rozdiel tlaku. Tester potom meria prietok vzduchu cez vzorku za t\u00fdchto podmienok a na z\u00e1klade r\u00fdchlosti pr\u00fadenia vzduchu a rozdielu tlakov vypo\u010d\u00edta priepustnos\u0165 vzduchu.<\/p>\n<h3><strong>Testovacia met\u00f3da<\/strong><\/h3>\n<ol>\n<li><strong>Pr\u00edprava vzorky<\/strong>: Vzorka papiera sa pevne upne medzi dve tesnenia, aby sa zabr\u00e1nilo ak\u00e9muko\u013evek \u00faniku.<\/li>\n<li><strong>Kontrola tlaku<\/strong>: Na vzorku sa p\u00f4sob\u00ed mal\u00fdm, ale kon\u0161tantn\u00fdm tlakov\u00fdm rozdielom, aby sa simulovali skuto\u010dn\u00e9 podmienky.<\/li>\n<li><strong>Meranie<\/strong>: Tester meria objem vzduchu pr\u00fadiaceho cez papierov\u00fa vzorku za stanoven\u00fd \u010das a vypo\u010d\u00edtava priepustnos\u0165 vzduchu v mikrometroch na pascal sekundu (\u00b5m\/(Pa-s)).<\/li>\n<\/ol>\n<p>T\u00e1to met\u00f3da zaru\u010duje, \u017ee v\u00fdsledky s\u00fa spo\u013eahliv\u00e9 a reprezentat\u00edvne pre skuto\u010dn\u00fa priepustnos\u0165 vzduchu papiera, v\u010faka \u010domu sa <strong>papierov\u00fd tester priepustnosti vzduchu<\/strong> z\u00e1kladn\u00fd n\u00e1stroj na hodnotenie v\u00fdkonnosti materi\u00e1lu.<\/p>\n<h2><strong>Platn\u00e9 normy pre tester priepustnosti vzduchu pre papier<\/strong><\/h2>\n<p>Str\u00e1nka <strong>papierov\u00fd tester priepustnosti vzduchu<\/strong> dodr\u017eiava nieko\u013eko k\u013e\u00fa\u010dov\u00fdch medzin\u00e1rodn\u00fdch a priemyseln\u00fdch noriem, \u010d\u00edm zabezpe\u010duje, \u017ee v\u00e1\u0161 proces testovania je presn\u00fd a v s\u00falade s najlep\u0161\u00edmi celosvetov\u00fdmi postupmi:<\/p>\n<ul>\n<li><a href=\"https:\/\/www.iso.org\/standard\/11719.html\" target=\"_blank\" rel=\"noopener nofollow\"><strong>ISO 5636-2<\/strong><\/a>: Norma na meranie priepustnosti vzduchu v papieri a lepenke Schopperovou met\u00f3dou.<\/li>\n<li><a href=\"https:\/\/www.iso.org\/standard\/52431.html\" target=\"_blank\" rel=\"noopener nofollow\"><strong>ISO 5636-3<\/strong><\/a>: \u0160pecifikuje met\u00f3dy merania priepustnosti vzduchu v r\u00f4znych papierov\u00fdch a lepenkov\u00fdch materi\u00e1loch.<\/li>\n<li><a href=\"https:\/\/www.iso.org\/standard\/53062.html\" target=\"_blank\" rel=\"noopener nofollow\"><strong>ISO 5636-5<\/strong><\/a>: \u010eal\u0161ie usmernenia na testovanie priepustnosti vzduchu v r\u00f4znych podmienkach prostredia.<\/li>\n<li><strong>GB\/T 458<\/strong>: \u010c\u00ednska n\u00e1rodn\u00e1 norma na stanovenie priepustnosti vzduchu v papieri a lepenke.<\/li>\n<li><strong>QB\/1667<\/strong>: Odvetvov\u00e1 norma na testovanie priepustnosti vzduchu v obalov\u00fdch materi\u00e1loch.<\/li>\n<\/ul>\n<h3><strong>V\u00fdznam dodr\u017eiavania noriem<\/strong><\/h3>\n<p>Dodr\u017eiavan\u00edm t\u00fdchto noriem <strong>papierov\u00fd tester priepustnosti vzduchu<\/strong> zaru\u010duje, \u017ee va\u0161e v\u00fdsledky bud\u00fa konzistentn\u00e9 a celosvetovo uzn\u00e1van\u00e9. To je ve\u013emi d\u00f4le\u017eit\u00e9 pre odvetvia, v ktor\u00fdch s\u00fa dodr\u017eiavanie predpisov a kontrola kvality \u017eivotne d\u00f4le\u017eit\u00e9, ako napr\u00edklad v pr\u00edpade obalov\u00fdch materi\u00e1lov pou\u017e\u00edvan\u00fdch v potravin\u00e1rskom a farmaceutickom sektore.<\/p>\n<h2><strong>Hlavn\u00e9 parametre<\/strong><\/h2>\n<table>\n<tbody>\n<tr>\n<td style=\"text-align: center;\" width=\"224\">Testovac\u00ed rozsah<\/td>\n<td style=\"text-align: center;\" width=\"267\">1\uff5e1000\uff09ml\/min alebo 0~17um\/(Pa.s)<\/td>\n<\/tr>\n<tr>\n<td style=\"text-align: center;\" width=\"224\">Testovacia oblas\u0165<\/td>\n<td style=\"text-align: center;\" width=\"267\">10\u00b10,2cm\u00b2<\/td>\n<\/tr>\n<tr>\n<td style=\"text-align: center;\" width=\"224\">Tlakov\u00fd rozdiel v testovacej oblasti<\/td>\n<td style=\"text-align: center;\" width=\"267\">1\u00b10,01 kpa<\/td>\n<\/tr>\n<tr>\n<td style=\"text-align: center;\" colspan=\"1\" rowspan=\"2\" width=\"224\">Presnos\u0165<\/td>\n<td style=\"text-align: center;\" width=\"267\">&lt;100ml chyba objemu 1ml<\/td>\n<\/tr>\n<tr>\n<td style=\"text-align: center;\" width=\"267\">&gt;100ml chyba objemu 5ml<\/td>\n<\/tr>\n<tr>\n<td style=\"text-align: center;\" width=\"224\">Vn\u00fatorn\u00fd priemer up\u00ednacieho kr\u00fa\u017eku<\/td>\n<td style=\"text-align: center;\" width=\"267\">35,68 \u00b1 0,05 mm<\/td>\n<\/tr>\n<tr>\n<td style=\"text-align: center;\" width=\"224\">Stredov\u00e1 koaxi\u00e1lnos\u0165 up\u00ednac\u00edch kr\u00fa\u017ekov<\/td>\n<td style=\"text-align: center;\" width=\"267\">&lt;0,05 mm<\/td>\n<\/tr>\n<tr>\n<td style=\"text-align: center;\" width=\"224\">Rozmery<\/td>\n<td style=\"text-align: center;\" width=\"267\">400*300*1200 mm<\/td>\n<\/tr>\n<\/tbody>\n<\/table>\n<h2><strong>Aplik\u00e1cie testera priepustnosti vzduchu pre papier<\/strong><\/h2>\n<p>Str\u00e1nka <strong>papierov\u00fd tester priepustnosti vzduchu<\/strong> m\u00e1 \u0161irok\u00fa \u0161k\u00e1lu aplik\u00e1ci\u00ed v r\u00f4znych priemyseln\u00fdch odvetviach, ktor\u00e9 vy\u017eaduj\u00fa presn\u00e9 meranie priepustnosti vzduchu vo v\u00fdrobkoch na b\u00e1ze papiera:<\/p>\n<ul>\n<li><strong>Balenie<\/strong>: Na testovanie materi\u00e1lov, ako s\u00fa papierov\u00e9 vrecia, cementov\u00e9 vrecia a priemyseln\u00fd filtra\u010dn\u00fd papier, \u010d\u00edm sa zabezpe\u010d\u00ed ich vhodnos\u0165 na balenie.<\/li>\n<li><strong>Textil<\/strong>: Meranie priepustnosti vzduchu v papierov\u00fdch materi\u00e1loch pou\u017e\u00edvan\u00fdch v textiln\u00fdch aplik\u00e1ci\u00e1ch, ako s\u00fa papierov\u00e9 filtre.<\/li>\n<li><strong>Potraviny a lie\u010div\u00e1<\/strong>: Zabezpe\u010denie spr\u00e1vnej priepustnosti vzduchu pre papierov\u00e9 obalov\u00e9 materi\u00e1ly pou\u017e\u00edvan\u00e9 v potravin\u00e1rskom a farmaceutickom priemysle s cie\u013eom zaru\u010di\u0165 ochranu a kvalitu v\u00fdrobkov.<\/li>\n<li><strong>Kontrola kvality<\/strong>: Zabezpe\u010denie toho, aby v\u0161etky papierov\u00e9 v\u00fdrobky sp\u013a\u0148ali \u0161pecifick\u00e9 normy priepustnosti vzduchu pre ich zam\u00fd\u0161\u013ean\u00e9 pou\u017eitie.<\/li>\n<\/ul>\n<h2><strong>V\u00fdhody papierov\u00e9ho testera priepustnosti vzduchu<\/strong><\/h2>\n<ul>\n<li><strong>Presnos\u0165 a spr\u00e1vnos\u0165<\/strong>: Na str\u00e1nke <strong>papierov\u00fd tester priepustnosti vzduchu<\/strong> poskytuje spo\u013eahliv\u00e9 a opakovate\u013en\u00e9 v\u00fdsledky, \u010d\u00edm pom\u00e1ha v\u00fdrobcom zabezpe\u010di\u0165 kvalitu a zhodu v\u00fdrobkov.<\/li>\n<li><strong>\u0160irok\u00e1 \u0161k\u00e1la aplik\u00e1ci\u00ed<\/strong>: M\u00f4\u017ee sa pou\u017e\u00edva\u0165 na testovanie r\u00f4znych druhov papiera, od priemyseln\u00fdch filtra\u010dn\u00fdch papierov a\u017e po obalov\u00e9 materi\u00e1ly.<\/li>\n<li><strong>Dodr\u017eiavanie noriem<\/strong>: Sp\u013a\u0148a medzin\u00e1rodn\u00e9 normy pre testovanie priepustnosti vzduchu, \u010d\u00edm zabezpe\u010duje konzistenciu a spo\u013eahlivos\u0165.<\/li>\n<li><strong>Jednoduch\u00e1 obsluha<\/strong>: Jednoduch\u00e9 a pou\u017e\u00edvate\u013esky pr\u00edvetiv\u00e9 rozhranie na r\u00fdchle a efekt\u00edvne testovanie v akomko\u013evek laborat\u00f3riu alebo v\u00fdrobnom prostred\u00ed.<\/li>\n<\/ul>\n<p>Str\u00e1nka <strong>Papierov\u00fd tester priepustnosti vzduchu<\/strong> je nepostr\u00e1date\u013en\u00fdm n\u00e1strojom pre v\u00fdrobcov, laborat\u00f3ri\u00e1 kontroly kvality a v\u00fdskumn\u00e9 in\u0161tit\u00facie, ktor\u00e9 potrebuj\u00fa mera\u0165 priedu\u0161nos\u0165 papiera a lepenky. Pou\u017eit\u00edm Schopperovej met\u00f3dy zabezpe\u010duje presn\u00e9 a konzistentn\u00e9 v\u00fdsledky, ktor\u00e9 sp\u013a\u0148aj\u00fa medzin\u00e1rodn\u00e9 testovacie normy. Bez oh\u013eadu na to, \u010di pracujete v oblasti balenia, textilu, potrav\u00edn alebo farmaceutick\u00fdch v\u00fdrobkov, pr\u00edstroj <strong>papierov\u00fd tester priepustnosti vzduchu<\/strong> pon\u00faka z\u00e1kladn\u00e9 \u00fadaje o v\u00fdkone, ktor\u00e9 zaru\u010duj\u00fa kvalitu a spo\u013eahlivos\u0165 va\u0161ich v\u00fdrobkov na b\u00e1ze papiera.<\/p>\n<p>V\u010faka jednoduch\u00e9mu pou\u017e\u00edvaniu, v\u0161estrannosti a presnosti je tento tester cenn\u00fdm doplnkom ka\u017ed\u00e9ho laborat\u00f3ria alebo procesu kontroly kvality, ktor\u00fd zabezpe\u010d\u00ed, \u017ee va\u0161e materi\u00e1ly bud\u00fa v re\u00e1lnych podmienkach fungova\u0165 tak, ako sa o\u010dak\u00e1va.<\/p>","protected":false},"excerpt":{"rendered":"<p>Str\u00e1nka <strong>Papierov\u00fd tester priepustnosti vzduchu<\/strong> je z\u00e1kladn\u00fdm n\u00e1strojom na ur\u010denie priepustnosti vzduchu pre papier a lepenku, \u010do je ve\u013emi d\u00f4le\u017eit\u00e9 pre odvetvia, ako je balenie, v\u00fdroba papiera a textilu. Tento tester vyu\u017e\u00edva Schopperovu met\u00f3du na meranie prietoku vzduchu cez materi\u00e1ly a poskytuje presn\u00e9 a spo\u013eahliv\u00e9 v\u00fdsledky pre papiere a lepenky s hodnotami priepustnosti vzduchu od 1\u00d710^-2 do 1\u00d710\u00b2 \u00b5m\/(Pa-s). Na str\u00e1nke <strong>papierov\u00fd tester priepustnosti vzduchu<\/strong> je navrhnut\u00fd tak, aby sp\u013a\u0148al medzin\u00e1rodn\u00e9 testovacie normy, ktor\u00e9 zabezpe\u010duj\u00fa, \u017ee materi\u00e1ly sp\u013a\u0148aj\u00fa \u0161pecifick\u00e9 po\u017eiadavky na priepustnos\u0165 vzduchu, \u010do je rozhoduj\u00face pre ich v\u00fdkonnos\u0165 pri balen\u00ed, filtr\u00e1cii a in\u00fdch aplik\u00e1ci\u00e1ch.<\/p>","protected":false},"featured_media":6203,"comment_status":"closed","ping_status":"closed","template":"","meta":{"site-sidebar-layout":"default","site-content-layout":"default","ast-global-header-display":"","ast-main-header-display":"","ast-hfb-above-header-display":"","ast-hfb-below-header-display":"","ast-hfb-mobile-header-display":"","site-post-title":"","ast-breadcrumbs-content":"","ast-featured-img":"","footer-sml-layout":"","theme-transparent-header-meta":"default","adv-header-id-meta":"","stick-header-meta":"","header-above-stick-meta":"","header-main-stick-meta":"","header-below-stick-meta":""},"product_cat":[845,953,956,955,1155,1156,1157,954,957,958,952,959,962,685,44,95],"product_tag":[],"class_list":{"0":"post-5329","1":"product","2":"type-product","3":"status-publish","4":"has-post-thumbnail","6":"product_cat-customization","7":"product_cat-bursting-tester","8":"product_cat-cobb-tester","9":"product_cat-crush-tester","10":"product_cat-iso-5636-2","11":"product_cat-iso-5636-3","12":"product_cat-iso-5636-5","13":"product_cat-paper-tear-tester","14":"product_cat-plybond-tester","15":"product_cat-puncture-tester","16":"product_cat-rub-tester","17":"product_cat-stiffness-tester","18":"product_cat-thickness-gauges","19":"product_cat-thickness-tester","20":"product_cat-paper-and-board-testers","21":"product_cat-products","22":"desktop-align-left","23":"tablet-align-left","24":"mobile-align-left","26":"first","27":"instock","28":"shipping-taxable","29":"product-type-simple"},"_links":{"self":[{"href":"https:\/\/www.qualitester.com\/sk\/wp-json\/wp\/v2\/product\/5329","targetHints":{"allow":["GET"]}}],"collection":[{"href":"https:\/\/www.qualitester.com\/sk\/wp-json\/wp\/v2\/product"}],"about":[{"href":"https:\/\/www.qualitester.com\/sk\/wp-json\/wp\/v2\/types\/product"}],"replies":[{"embeddable":true,"href":"https:\/\/www.qualitester.com\/sk\/wp-json\/wp\/v2\/comments?post=5329"}],"version-history":[{"count":0,"href":"https:\/\/www.qualitester.com\/sk\/wp-json\/wp\/v2\/product\/5329\/revisions"}],"wp:featuredmedia":[{"embeddable":true,"href":"https:\/\/www.qualitester.com\/sk\/wp-json\/wp\/v2\/media\/6203"}],"wp:attachment":[{"href":"https:\/\/www.qualitester.com\/sk\/wp-json\/wp\/v2\/media?parent=5329"}],"wp:term":[{"taxonomy":"product_cat","embeddable":true,"href":"https:\/\/www.qualitester.com\/sk\/wp-json\/wp\/v2\/product_cat?post=5329"},{"taxonomy":"product_tag","embeddable":true,"href":"https:\/\/www.qualitester.com\/sk\/wp-json\/wp\/v2\/product_tag?post=5329"}],"curies":[{"name":"wp","href":"https:\/\/api.w.org\/{rel}","templated":true}]}}