{"id":5304,"date":"2024-11-12T17:08:48","date_gmt":"2024-11-12T09:08:48","guid":{"rendered":"https:\/\/www.qualitester.com\/?post_type=product&#038;p=5304"},"modified":"2024-12-05T11:20:36","modified_gmt":"2024-12-05T03:20:36","slug":"sale-bekk-smoothness-tester-iso-5627","status":"publish","type":"product","link":"https:\/\/www.qualitester.com\/sk\/produkt-2\/sale-bekk-smoothness-tester-iso-5627\/","title":{"rendered":"ST-01 Tester hladkosti"},"content":{"rendered":"<h2><strong>\u00davod do testera hladkosti Bekk<\/strong><\/h2>\n<p>Tester hladkosti Bekk je vysoko presn\u00e9 zariadenie \u0161peci\u00e1lne navrhnut\u00e9 na meranie hladkosti povrchu papiera a lepenky pomocou zn\u00e1mej Bekkovej met\u00f3dy. Tento sofistikovan\u00fd pr\u00edstroj poskytuje d\u00f4le\u017eit\u00e9 \u00fadaje o rovnosti a rovnomernosti povrchu papiera, \u010do s\u00fa k\u013e\u00fa\u010dov\u00e9 vlastnosti ovplyv\u0148uj\u00face kvalitu v aplik\u00e1ci\u00e1ch, ako je tla\u010d, balenie a v\u00fdroba produktov. V\u010faka testeru hladkosti Bekk od spolo\u010dnosti Cell Instruments m\u00f4\u017eu priemyseln\u00e9 odvetvia zabezpe\u010di\u0165, aby ich materi\u00e1ly sp\u013a\u0148ali vysok\u00e9 \u0161tandardy hladkosti, \u010d\u00edm sa zv\u00fd\u0161i kvalita a konzistentnos\u0165 fin\u00e1lnych produktov.<\/p>\n<h2><strong>Pochopenie hladkosti papiera a lepenky<\/strong><\/h2>\n<p>Hladkos\u0165 je kritick\u00fd parameter kvality, ktor\u00fd meria rovnomernos\u0165 povrchu papiera alebo lepenky. Kvantifikuje sa ako \u010das potrebn\u00fd na prechod vzduchu medzi povrchom sk\u00fa\u0161obnej vzorky a kruhov\u00fdm prstencom za kontrolovan\u00fdch tlakov\u00fdch podmienok, meran\u00fd v sekund\u00e1ch (s). Vy\u0161\u0161ie hodnoty rovinnosti, ktor\u00e9 sa vyzna\u010duj\u00fa dlh\u0161\u00edm \u010dasom pr\u00fadenia vzduchu, znamenaj\u00fa rovnej\u0161\u00ed povrch, \u010do sa zvy\u010dajne premieta do lep\u0161ej kvality tla\u010de, lep\u0161ej pri\u013enavosti atramentu a vizu\u00e1lne pr\u00ed\u0165a\u017elivej povrchovej \u00fapravy v\u00fdrobku. Zabezpe\u010den\u00edm vysokej hladkosti povrchu m\u00f4\u017eu v\u00fdrobcovia splni\u0165 pr\u00edsne normy kvality v oblasti balenia a tla\u010de.<\/p>\n<h2><strong>Z\u00e1kladn\u00fd princ\u00edp testovania testera hladkosti Bekk<\/strong><\/h2>\n<p>Bekkov tester hladkosti funguje na z\u00e1kladnom princ\u00edpe Bekkovej met\u00f3dy, ktor\u00e1 na meranie hladkosti povrchu vyu\u017e\u00edva presn\u00e9 meranie posunu vzduchu. Po\u010das testu sa vzorka umiestni na sklenen\u00fa dosku pod kontrolovan\u00fdm tlakom. Vytvor\u00ed sa \u010diasto\u010dn\u00e9 v\u00e1kuum, ktor\u00e9 umo\u017en\u00ed atmosf\u00e9rick\u00e9mu vzduchu pohybova\u0165 sa po povrchu vzorky. Meria sa \u010das potrebn\u00fd na dosiahnutie ur\u010ditej zmeny \u00farovne v\u00e1kua, pri\u010dom dlh\u0161\u00ed \u010das znamen\u00e1 hlad\u0161\u00ed povrch. T\u00e1to met\u00f3da poskytuje spo\u013eahliv\u00e9 a opakovate\u013en\u00e9 v\u00fdsledky, ktor\u00e9 s\u00fa d\u00f4le\u017eit\u00e9 pre zabezpe\u010denie kvality v aplik\u00e1ci\u00e1ch na v\u00fdrobu papiera a lepenky.<\/p>\n<h2><strong>S\u00falad s normou ISO 5627 - Testovanie hladkosti papiera a lepenky<\/strong><\/h2>\n<p>Tester hladkosti Bekk je plne kompatibiln\u00fd s <strong><a href=\"https:\/\/www.iso.org\/standard\/20129.html\" target=\"_blank\" rel=\"noopener nofollow\">ISO 5627<\/a>:1995<\/strong>, medzin\u00e1rodne uzn\u00e1van\u00fd \u0161tandard na ur\u010dovanie hladkosti papiera a lepenky pomocou Bekkovej met\u00f3dy. <a href=\"https:\/\/www.qualitester.com\/sk\/kategoria-produktu\/iso\/iso-5627\/\" target=\"_blank\" rel=\"noopener\">ISO 5627<\/a> stanovuje pr\u00edsne podmienky testovania vr\u00e1tane \u0161pecifikovan\u00fdch tlakov\u00fdch rozdielov, kontaktn\u00e9ho tlaku a trvania merania, ktor\u00e9 tester hladkosti Bekk sp\u013a\u0148a. S\u00falad s normou ISO 5627 zabezpe\u010duje konzistentn\u00e9 a presn\u00e9 testovanie hladkosti, ktor\u00e9 sp\u013a\u0148a glob\u00e1lne krit\u00e9ri\u00e1 kvality, \u010do umo\u017e\u0148uje v\u00fdrobcom dodr\u017eiava\u0165 medzin\u00e1rodn\u00e9 normy a poskytova\u0165 spo\u013eahliv\u00e9 v\u00fdsledky.<\/p>\n<h2><strong>Vlastnosti a v\u00fdhody testera hladkosti Bekk<\/strong><\/h2>\n<ul>\n<li><strong>Vysok\u00e1 presnos\u0165 a spo\u013eahlivos\u0165<\/strong><br \/>\nTester hladkosti Bekk vyu\u017e\u00edva krokov\u00fd motor a vysoko presn\u00fd sn\u00edma\u010d za\u0165a\u017eenia, ktor\u00fd zabezpe\u010duje hladk\u00e9 a rovnomern\u00e9 p\u00f4sobenie tlaku bez po\u0161kodenia vzoriek. Na rozdiel od niektor\u00fdch testerov hladkosti, ktor\u00e9 pou\u017e\u00edvaj\u00fa z\u00e1va\u017eia alebo pru\u017einov\u00e9 mechanizmy, t\u00e1to kon\u0161trukcia zabra\u0148uje n\u00e1razom vzorky a nepresnostiam tlaku a udr\u017eiava vysok\u00fa presnos\u0165 testovania 100 \u00b1 0,5 kPa.<\/li>\n<li><strong>Jednoduchos\u0165 pou\u017e\u00edvania<\/strong><br \/>\nFunkcia testovania jedn\u00fdm tla\u010didlom odstra\u0148uje potrebu manu\u00e1lnych nastaven\u00ed, tak\u017ee je u\u017e\u00edvate\u013esky pr\u00edvetiv\u00e1 pre oper\u00e1torov na akejko\u013evek \u00farovni zru\u010dnost\u00ed. Intuit\u00edvny 7-palcov\u00fd dotykov\u00fd displej zobrazuje \u00fadaje v re\u00e1lnom \u010dase, \u010do umo\u017e\u0148uje efekt\u00edvnu navig\u00e1ciu a monitorovanie testov.<\/li>\n<li><strong>Pokro\u010dil\u00e1 detekcia a riadenie pr\u00fadenia vzduchu<\/strong><br \/>\nPr\u00edstroj je vybaven\u00fd presnou detekciou pr\u00fadenia vzduchu, automaticky identifikuje po\u017eadovan\u00fd rozsah na z\u00e1klade vlastnost\u00ed vzorky a pod\u013ea toho upravuje r\u00fdchlos\u0165 pr\u00fadenia vzduchu. T\u00e1to funkcia zabezpe\u010duje optim\u00e1lne riadenie odvzdu\u0161\u0148ovania a spo\u013eahliv\u00e9 v\u00fdsledky aj pri r\u00f4znych typoch vzoriek.<\/li>\n<li><strong>Bez\u00fadr\u017ebov\u00e1 prev\u00e1dzka<\/strong><br \/>\nTester obsahuje dov\u00e1\u017ean\u00e9 bezolejov\u00e9 v\u00e1kuov\u00e9 \u010derpadlo, ktor\u00e9 je navrhnut\u00e9 tak, aby po\u010das svojej \u017eivotnosti fungovalo bez \u00fadr\u017eby, \u010do zvy\u0161uje spo\u013eahlivos\u0165 a pohodlie testovacieho procesu.<\/li>\n<li><strong>Zabudovan\u00e1 term\u00e1lna tla\u010diare\u0148<\/strong><br \/>\nZabudovan\u00e1 termotla\u010diare\u0148 umo\u017e\u0148uje r\u00fdchlu tla\u010d v\u00fdsledkov testov, \u010d\u00edm sa zjednodu\u0161uj\u00fa pracovn\u00e9 postupy a dokument\u00e1cia pre laborat\u00f3rne z\u00e1znamy.<\/li>\n<\/ul>\n<h2><strong>Zhoda s in\u00fdmi normami<\/strong><\/h2>\n<p>Okrem normy ISO 5627 sp\u013a\u0148a tester hladkosti Bekk nieko\u013eko k\u013e\u00fa\u010dov\u00fdch noriem, v\u010faka \u010domu je univerz\u00e1lny a vhodn\u00fd na celosvetov\u00e9 pou\u017eitie:<\/p>\n<ul>\n<li><strong>GB\/T 456-2002<\/strong> - \u0160pecifikuje Bekkovu met\u00f3du na stanovenie hladkosti papiera a lepenky, ktor\u00e1 sa \u0161iroko pou\u017e\u00edva na \u010d\u00ednskom trhu.<\/li>\n<li><strong>QB\/T1665<\/strong> - T\u00e1to \u010d\u00ednska n\u00e1rodn\u00e1 norma upravuje testovanie hladkosti papiera a lepenky, pri\u010dom met\u00f3dy s\u00fa v \u00fazkom s\u00falade s met\u00f3dou Bekk.<\/li>\n<li><strong>TAPPI T479<\/strong> - Met\u00f3da hladkosti Bekk definovan\u00e1 spolo\u010dnos\u0165ou TAPPI, ktor\u00e1 sa be\u017ene pou\u017e\u00edva na severoamerick\u00fdch trhoch na presn\u00e9 testovanie hladkosti papierov\u00fdch materi\u00e1lov.<\/li>\n<\/ul>\n<h2><strong>Pou\u017eitie testera hladkosti Bekk<\/strong><\/h2>\n<p>Tester hladkosti Bekk je neocenite\u013en\u00fd vo viacer\u00fdch priemyseln\u00fdch odvetviach, v ktor\u00fdch s\u00fa kvalita a v\u00fdkon materi\u00e1lu prvorad\u00e9:<\/p>\n<ul>\n<li><strong>Balenie<\/strong> - Hladk\u00e9 povrchy zabezpe\u010duj\u00fa vynikaj\u00facu povrchov\u00fa \u00fapravu a odolnos\u0165 obalov.<\/li>\n<li><strong>Tla\u010d<\/strong> - Vysok\u00e9 hodnoty hladkosti s\u00fa nevyhnutn\u00e9 pre jasn\u00e9 a \u017eiv\u00e9 v\u00fdsledky tla\u010de.<\/li>\n<li><strong>Agent\u00fary na kontrolu kvality<\/strong> - Testovanie zhody zabezpe\u010duje, \u017ee materi\u00e1ly sp\u013a\u0148aj\u00fa regula\u010dn\u00e9 a spotrebite\u013esk\u00e9 normy.<\/li>\n<li><strong>V\u00fdroba papiera a lepenky<\/strong> - Merania hladkosti zabezpe\u010duj\u00fa konzistentn\u00fa kvalitu v\u00fdrobku vo v\u0161etk\u00fdch v\u00fdrobn\u00fdch s\u00e9ri\u00e1ch.<\/li>\n<li><strong>V\u00fdskum a v\u00fdvoj<\/strong> - Testovanie nov\u00fdch materi\u00e1lov\u00fdch formul\u00e1ci\u00ed z h\u013eadiska kvality povrchu a funk\u010dnosti.<\/li>\n<\/ul>\n<h2><strong>Technick\u00e9 \u0161pecifik\u00e1cie testera hladkosti Bekk<\/strong><\/h2>\n<ul>\n<li><strong>Rozsah merania<\/strong>: Presn\u00e9 meranie hladkosti v r\u00e1mci \u0161pecifikovan\u00fdch tlakov\u00fdch a v\u00e1kuov\u00fdch podmienok.<\/li>\n<li><strong>Kontrola tlaku<\/strong>: Pokro\u010dil\u00e9 riadenie 100 \u00b1 0,5 kPa s krokov\u00fdm motorom a integr\u00e1ciou sn\u00edma\u010da za\u0165a\u017eenia.<\/li>\n<li><strong>Zobrazenie<\/strong>: Ve\u013ek\u00fd 7-palcov\u00fd farebn\u00fd dotykov\u00fd displej na jednoduch\u00e9 ovl\u00e1danie a preh\u013eadnos\u0165 \u00fadajov.<\/li>\n<li><strong>Tla\u010diare\u0148<\/strong>: Zabudovan\u00e1 term\u00e1lna mikrotla\u010diare\u0148 na okam\u017eit\u00fd v\u00fdstup v\u00fdsledkov.<\/li>\n<li><strong>V\u00e1kuov\u00e9 \u010derpadlo<\/strong>: Bezolejov\u00e9, bez\u00fadr\u017ebov\u00e9 v\u00e1kuov\u00e9 \u010derpadlo pre konzistentn\u00fd a spo\u013eahliv\u00fd testovac\u00ed v\u00fdkon.<\/li>\n<\/ul>\n<h2><strong>\u010casto kladen\u00e9 ot\u00e1zky (FAQ)<\/strong><\/h2>\n<ol>\n<li><strong>Ak\u00e9 typy materi\u00e1lov mo\u017eno testova\u0165 pomocou testera hladkosti Bekk?<\/strong><br \/>\nTester hladkosti Bekk je ur\u010den\u00fd pre papier a lepenku, vhodn\u00fd na pou\u017eitie v oblasti balenia, tla\u010de a testovania kvality v\u00fdrobkov.<\/li>\n<li><strong>Ako sa Bekkova met\u00f3da l\u00ed\u0161i od in\u00fdch met\u00f3d testovania hladkosti?<\/strong><br \/>\nMet\u00f3da Bekk meria hladkos\u0165 na z\u00e1klade \u010dasu prechodu vzduchu pri ur\u010ditom tlaku, \u010d\u00edm poskytuje vysoko citliv\u00e9 a presn\u00e9 hodnotenie hladkosti jemn\u00fdch povrchov.<\/li>\n<li><strong>Ak\u00e9 s\u00fa hlavn\u00e9 v\u00fdhody s\u00faladu s normou ISO 5627?<\/strong><br \/>\nZhoda s normou ISO 5627 zaru\u010duje, \u017ee test hladkosti sp\u013a\u0148a medzin\u00e1rodne uzn\u00e1van\u00e9 normy a poskytuje spo\u013eahliv\u00e9 a konzistentn\u00e9 v\u00fdsledky na zabezpe\u010denie kvality.<\/li>\n<li><strong>Ako m\u00e1m interpretova\u0165 v\u00fdsledky testu z h\u013eadiska hladkosti?<\/strong><br \/>\nDlh\u0161ie \u010dasy testovania nazna\u010duj\u00fa vy\u0161\u0161iu hladkos\u0165. Vy\u0161\u0161ia hladkos\u0165 vo v\u0161eobecnosti s\u00favis\u00ed s lep\u0161ou kvalitou tla\u010de a rovnomernos\u0165ou povrchu.<\/li>\n<li><strong>Ak\u00fa \u00fadr\u017ebu vy\u017eaduje tester hladkosti Bekk?<\/strong><br \/>\nTester hladkosti Bekk vy\u017eaduje minim\u00e1lnu \u00fadr\u017ebu v\u010faka bezolejovej v\u00fdveve, ktor\u00e1 je navrhnut\u00e1 na dlhodob\u00fa bez\u00fadr\u017ebov\u00fa prev\u00e1dzku.<\/li>\n<\/ol>","protected":false},"excerpt":{"rendered":"<p>Introduction to the Bekk Smoothness Tester The Bekk Smoothness Tester is a high-precision device specifically designed to measure the surface smoothness of paper and board materials using the renowned Bekk Method. This sophisticated instrument provides vital data on the flatness and evenness of paper surfaces, key characteristics influencing quality in applications like printing, packaging, and &hellip;<\/p>\n<p class=\"read-more\"> <a class=\"\" href=\"https:\/\/www.qualitester.com\/sk\/produkt-2\/sale-bekk-smoothness-tester-iso-5627\/\"> <span class=\"screen-reader-text\">ST-01 Tester hladkosti<\/span> \u010c\u00edtajte viac \"<\/a><\/p>","protected":false},"featured_media":6199,"comment_status":"closed","ping_status":"closed","template":"","meta":{"site-sidebar-layout":"default","site-content-layout":"default","ast-global-header-display":"","ast-main-header-display":"","ast-hfb-above-header-display":"","ast-hfb-below-header-display":"","ast-hfb-mobile-header-display":"","site-post-title":"","ast-breadcrumbs-content":"","ast-featured-img":"","footer-sml-layout":"","theme-transparent-header-meta":"default","adv-header-id-meta":"","stick-header-meta":"","header-above-stick-meta":"","header-main-stick-meta":"","header-below-stick-meta":""},"product_cat":[845,1138,961,44,95],"product_tag":[],"class_list":{"0":"post-5304","1":"product","2":"type-product","3":"status-publish","4":"has-post-thumbnail","6":"product_cat-customization","7":"product_cat-iso-5627","8":"product_cat-smoothness-tester","9":"product_cat-paper-and-board-testers","10":"product_cat-products","11":"desktop-align-left","12":"tablet-align-left","13":"mobile-align-left","15":"first","16":"instock","17":"shipping-taxable","18":"product-type-simple"},"_links":{"self":[{"href":"https:\/\/www.qualitester.com\/sk\/wp-json\/wp\/v2\/product\/5304","targetHints":{"allow":["GET"]}}],"collection":[{"href":"https:\/\/www.qualitester.com\/sk\/wp-json\/wp\/v2\/product"}],"about":[{"href":"https:\/\/www.qualitester.com\/sk\/wp-json\/wp\/v2\/types\/product"}],"replies":[{"embeddable":true,"href":"https:\/\/www.qualitester.com\/sk\/wp-json\/wp\/v2\/comments?post=5304"}],"version-history":[{"count":0,"href":"https:\/\/www.qualitester.com\/sk\/wp-json\/wp\/v2\/product\/5304\/revisions"}],"wp:featuredmedia":[{"embeddable":true,"href":"https:\/\/www.qualitester.com\/sk\/wp-json\/wp\/v2\/media\/6199"}],"wp:attachment":[{"href":"https:\/\/www.qualitester.com\/sk\/wp-json\/wp\/v2\/media?parent=5304"}],"wp:term":[{"taxonomy":"product_cat","embeddable":true,"href":"https:\/\/www.qualitester.com\/sk\/wp-json\/wp\/v2\/product_cat?post=5304"},{"taxonomy":"product_tag","embeddable":true,"href":"https:\/\/www.qualitester.com\/sk\/wp-json\/wp\/v2\/product_tag?post=5304"}],"curies":[{"name":"wp","href":"https:\/\/api.w.org\/{rel}","templated":true}]}}